{"id":166559,"date":"2025-09-27T10:55:22","date_gmt":"2025-09-27T07:55:22","guid":{"rendered":"https:\/\/fashionmuseum.shop\/?post_type=product&#038;p=166559"},"modified":"2025-11-06T11:43:29","modified_gmt":"2025-11-06T09:43:29","slug":"%d0%b6%d0%b5%d0%bd%d1%89%d0%b8%d0%bd%d1%8b-%d0%b2-%d1%81%d1%80%d0%b5%d0%b4%d0%bd%d0%b8%d0%b5-%d0%b2%d0%b5%d0%ba%d0%b0","status":"publish","type":"product","link":"https:\/\/fashionmuseum.shop\/lv\/prece\/%d0%b6%d0%b5%d0%bd%d1%89%d0%b8%d0%bd%d1%8b-%d0%b2-%d1%81%d1%80%d0%b5%d0%b4%d0%bd%d0%b8%d0%b5-%d0%b2%d0%b5%d0%ba%d0%b0\/","title":{"rendered":"\u0416\u0435\u043d\u0449\u0438\u043d\u044b \u0432 \u0421\u0440\u0435\u0434\u043d\u0438\u0435 \u0412\u0435\u043a\u0430"},"content":{"rendered":"<p><strong><em>Izdev\u0113ja gr\u0101matas anot\u0101cija:<\/em><\/strong><\/p>\n<p>\u0414\u043e\u043b\u0433\u0438\u0435 \u0433\u043e\u0434\u044b \u0438\u0441\u0442\u043e\u0440\u0438\u044f \u0421\u0440\u0435\u0434\u043d\u0435\u0432\u0435\u043a\u043e\u0432\u044c\u044f \u0431\u044b\u043b\u0430 \u0438\u0437\u0432\u0435\u0441\u0442\u043d\u0430 \u043d\u0430\u043c \u043f\u0440\u0435\u0438\u043c\u0443\u0449\u0435\u0441\u0442\u0432\u0435\u043d\u043d\u043e \u0441 \u0442\u043e\u0447\u043a\u0438 \u0437\u0440\u0435\u043d\u0438\u044f \u0442\u0440\u0430\u0434\u0438\u0446\u0438\u043e\u043d\u043d\u043e \u043c\u0443\u0436\u0441\u043a\u0438\u0445 \u0441\u0444\u0435\u0440 \u0434\u0435\u044f\u0442\u0435\u043b\u044c\u043d\u043e\u0441\u0442\u0438, \u043f\u0440\u0435\u0434\u0441\u0442\u0430\u0432\u043b\u044f\u044f\u0441\u044c \u0447\u0435\u0440\u0435\u0434\u043e\u0439 \u0441\u0440\u0430\u0436\u0435\u043d\u0438\u0439 \u0437\u0430 \u0432\u043b\u0430\u0441\u0442\u044c \u0438 \u0442\u0435\u0440\u0440\u0438\u0442\u043e\u0440\u0438\u0438. \u041f\u043e\u044d\u0442\u043e\u043c\u0443 \u0436\u0438\u0437\u043d\u044c \u0436\u0435\u043d\u0449\u0438\u043d, \u0440\u0435\u0434\u043a\u043e \u043f\u0440\u0438\u043d\u0438\u043c\u0430\u0432\u0448\u0438\u0445 \u0443\u0447\u0430\u0441\u0442\u0438\u0435 \u0432\u00a0\u043f\u043e\u043b\u0438\u0442\u0438\u0447\u0435\u0441\u043a\u0438\u0445 \u0438 \u0432\u043e\u0435\u043d\u043d\u044b\u0445 \u0441\u043e\u0431\u044b\u0442\u0438\u044f\u0445, \u043f\u043e\u043d\u0435\u0432\u043e\u043b\u0435 \u0442\u0435\u0440\u044f\u043b\u0430\u0441\u044c \u0432\u043e \u043c\u0440\u0430\u043a\u0435 \u00ab\u0442\u0435\u043c\u043d\u044b\u0445 \u0432\u0435\u043a\u043e\u0432\u00bb.<br \/>\n\u0410\u0432\u0442\u043e\u0440\u044b \u043a\u043b\u0430\u0441\u0441\u0438\u0447\u0435\u0441\u043a\u0438\u0445 \u043d\u0430\u0443\u0447\u043d\u043e-\u043f\u043e\u043f\u0443\u043b\u044f\u0440\u043d\u044b\u0445 \u0431\u0435\u0441\u0442\u0441\u0435\u043b\u043b\u0435\u0440\u043e\u0432 \u043e \u0436\u0438\u0437\u043d\u0438 \u0441\u0440\u0435\u0434\u043d\u0435\u0432\u0435\u043a\u043e\u0432\u043e\u0433\u043e \u043c\u0438\u0440\u0430 \u0424\u0440\u044d\u043d\u0441\u0438\u0441 \u0438 \u0414\u0436\u043e\u0437\u0435\u0444 \u0413\u0438\u0441 \u043f\u043e \u043a\u0440\u0443\u043f\u0438\u0446\u0430\u043c \u0432\u043e\u0441\u0441\u0442\u0430\u043d\u0430\u0432\u043b\u0438\u0432\u0430\u044e\u0442 \u044d\u0442\u0443 \u0443\u0442\u0440\u0430\u0447\u0435\u043d\u043d\u0443\u044e \u0438\u0441\u0442\u043e\u0440\u0438\u044e \u0432 \u0443\u0432\u043b\u0435\u043a\u0430\u0442\u0435\u043b\u044c\u043d\u043e\u043c \u0438\u0441\u0442\u043e\u0440\u0438\u0447\u0435\u0441\u043a\u043e\u043c \u043e\u0431\u0437\u043e\u0440\u0435, \u043f\u0440\u043e\u0441\u043b\u0435\u0436\u0438\u0432\u0430\u044f \u044d\u0432\u043e\u043b\u044e\u0446\u0438\u044e \u0440\u043e\u043b\u0438 \u0436\u0435\u043d\u0449\u0438\u043d\u044b \u0432 \u043e\u0431\u0449\u0435\u0441\u0442\u0432\u0435 \u043d\u0430 \u043f\u0440\u043e\u0442\u044f\u0436\u0435\u043d\u0438\u0438 \u0446\u0435\u043b\u043e\u0433\u043e \u0442\u044b\u0441\u044f\u0447\u0435\u043b\u0435\u0442\u0438\u044f. \u0412\u0442\u043e\u0440\u0430\u044f \u0447\u0430\u0441\u0442\u044c \u043a\u043d\u0438\u0433\u0438\u00a0\u043f\u043e\u0441\u0432\u044f\u0449\u0435\u043d\u0430 \u0431\u0438\u043e\u0433\u0440\u0430\u0444\u0438\u044f\u043c \u0432\u043e\u0441\u044c\u043c\u0438 \u0432\u044b\u0434\u0430\u044e\u0449\u0438\u0445\u0441\u044f \u0436\u0435\u043d\u0449\u0438\u043d \u044d\u043f\u043e\u0445\u0438 \u0421\u0440\u0435\u0434\u043d\u0435\u0432\u0435\u043a\u043e\u0432\u044c\u044f, \u0432 \u0447\u0438\u0441\u043b\u0435 \u043a\u043e\u0442\u043e\u0440\u044b\u0445 \u043d\u0430\u0441\u0442\u043e\u044f\u0442\u0435\u043b\u044c\u043d\u0438\u0446\u0430 \u043c\u043e\u043d\u0430\u0441\u0442\u044b\u0440\u044f \u0438\u00a0\u043a\u043e\u043c\u043f\u043e\u0437\u0438\u0442\u043e\u0440, \u0431\u0440\u0438\u0442\u0430\u043d\u0441\u043a\u0430\u044f \u043f\u0440\u0438\u043d\u0446\u0435\u0441\u0441\u0430, \u0442\u0440\u0438 \u0433\u043e\u0434\u0430 \u0441\u043e\u0434\u0435\u0440\u0436\u0430\u0432\u0448\u0430\u044f\u0441\u044f \u0432\u00a0\u043f\u043e\u043b\u0438\u0442\u0438\u0447\u0435\u0441\u043a\u043e\u043c \u0437\u0430\u043a\u043b\u044e\u0447\u0435\u043d\u0438\u0438, \u0441\u0443\u043f\u0440\u0443\u0433\u0438 \u0438\u0442\u0430\u043b\u044c\u044f\u043d\u0441\u043a\u043e\u0433\u043e \u0442\u043e\u0440\u0433\u043e\u0432\u0446\u0430 \u0438 \u043a\u0440\u0435\u0441\u0442\u044c\u044f\u043d\u0438\u043d\u0430. \u0418\u0437\u00a0\u044d\u0442\u0438\u0445 \u044f\u0440\u043a\u0438\u0445 \u0438 \u0445\u0430\u0440\u0430\u043a\u0442\u0435\u0440\u043d\u044b\u0445 \u043f\u0440\u0438\u043c\u0435\u0440\u043e\u0432 \u0441\u043a\u043b\u0430\u0434\u044b\u0432\u0430\u0435\u0442\u0441\u044f \u043a\u0440\u0430\u0441\u043e\u0447\u043d\u0430\u044f \u043c\u043e\u0437\u0430\u0438\u043a\u0430 \u00ab\u0436\u0435\u043d\u0441\u043a\u043e\u0439 \u0447\u0430\u0441\u0442\u0438\u00bb \u043f\u0440\u0438\u0447\u0443\u0434\u043b\u0438\u0432\u043e\u0433\u043e \u0441\u0440\u0435\u0434\u043d\u0435\u0432\u0435\u043a\u043e\u0432\u043e\u0433\u043e \u043c\u0438\u0440\u0430.<br \/>\n\u041e\u0442\u043b\u0438\u0447\u0438\u0442\u0435\u043b\u044c\u043d\u044b\u0435 \u0447\u0435\u0440\u0442\u044b \u0442\u0432\u043e\u0440\u0447\u0435\u0441\u043a\u043e\u0433\u043e \u043c\u0435\u0442\u043e\u0434\u0430 \u0424\u0440\u044d\u043d\u0441\u0438\u0441 \u0438 \u0414\u0436\u043e\u0437\u0435\u0444\u0430 \u0413\u0438\u0441 \u2014 \u0432\u0437\u0432\u0435\u0448\u0435\u043d\u043d\u044b\u0439 \u043f\u043e\u0434\u0445\u043e\u0434 \u043a \u043e\u0442\u0431\u043e\u0440\u0443 \u0444\u0430\u043a\u0442\u043e\u0432 \u0438\u0437 \u0431\u043e\u043b\u044c\u0448\u043e\u0433\u043e \u0447\u0438\u0441\u043b\u0430 \u0438\u0441\u0442\u043e\u0447\u043d\u0438\u043a\u043e\u0432, \u0431\u043b\u0430\u0433\u043e\u0434\u0430\u0440\u044f \u0447\u0435\u043c\u0443 \u0438\u0445 \u0440\u0430\u0431\u043e\u0442\u044b \u043f\u0440\u0435\u0434\u0441\u0442\u0430\u0432\u043b\u044f\u044e\u0442 \u0438\u043d\u0442\u0435\u0440\u0435\u0441 \u0438 \u0434\u043b\u044f \u0448\u0438\u0440\u043e\u043a\u043e\u0439 \u0430\u0443\u0434\u0438\u0442\u043e\u0440\u0438\u0438, \u0438 \u0434\u043b\u044f \u0441\u043f\u0435\u0446\u0438\u0430\u043b\u0438\u0441\u0442\u043e\u0432.<\/p>\n<p>This book is brought by\u00a0<strong><a href=\"\/?pa_publisher=\u0410\u0437\u0431\u0443\u043a\u0430\">\u0410\u0437\u0431\u0443\u043a\u0430<\/a><\/strong>, ISBN 9785389257351<\/p>\n","protected":false},"excerpt":{"rendered":"<p>by\u00a0<a href=\"\/?pa_book-author=\u043c\u0435\u0442\u0443\u0437\u0430\u043b-\u043f\u0435\u0442\u0440-\u043a\u043d\u0438\u0433\u0433\u0435-\u0430\u0434\u043e\u043b\u044c\u0444\"><strong>\u0413\u0438\u0441 \u0414\u0436\u043e\u0437\u0435\u0444,\u0413\u0438\u0441 \u0424\u0440\u044d\u043d\u0441\u0438\u0441<\/strong><\/a><\/p>\n<p><em><strong>K\u0101p\u0113c m\u0113s izv\u0113l\u0113j\u0101mies \u0161o gr\u0101matu:<\/strong><\/em><\/p>\n<p>Gr\u0101matas autori, kas viduslaiku t\u0113mai velt\u012bju\u0161i 30 gadus ilgu p\u0113tniec\u012bbas darbu, atkl\u0101j maz zin\u0101mas deta\u013cas par sievie\u0161u dz\u012bvi viduslaikos, apl\u016bkojot da\u017e\u0101du sabiedr\u012bbas sl\u0101\u0146u dz\u012bvesveidu: no kara\u013cnamu p\u0101rst\u0101v\u0113m l\u012bdz vienk\u0101r\u0161\u0101m, str\u0101d\u0101jo\u0161\u0101m sieviet\u0113m. Aizraujo\u0161i, izzino\u0161i un p\u0101rsteidzo\u0161i \u2013 gr\u0101mata noteikti patiks ikvienam, kur\u0161 interes\u0113jas par v\u0113sturi.<\/p>\n","protected":false},"featured_media":166565,"template":"","meta":{"_coblocks_attr":"","_coblocks_dimensions":"","_coblocks_responsive_height":"","_coblocks_accordion_ie_support":"","_crdt_document":"","jetpack_post_was_ever_published":false,"jetpack_publicize_message":"","jetpack_publicize_feature_enabled":true,"jetpack_social_post_already_shared":true,"jetpack_social_options":{"image_generator_settings":{"template":"highway","default_image_id":0,"font":"","enabled":false},"version":2},"_wpas_customize_per_network":false},"product_brand":[],"product_cat":[1613,2418,1609],"product_tag":[3520,3881,3368],"class_list":{"0":"post-166559","1":"product","2":"type-product","3":"status-publish","4":"has-post-thumbnail","6":"product_cat-gramatas-krievu-valoda","7":"product_cat-gramatas","8":"product_cat-gramatas-par-pasaules-modi-un-tradicijam","9":"product_tag-fashion-lv","10":"product_tag-gift-lv","11":"product_tag-vesture","12":"pa_book-author---lv","14":"pa_language-krievu","15":"pa_publisher--lv","17":"first","18":"outofstock","19":"shipping-taxable","20":"purchasable","21":"product-type-simple"},"yoast_head":"<!-- This site is optimized with the Yoast SEO plugin v27.3 - https:\/\/yoast.com\/product\/yoast-seo-wordpress\/ -->\n<title>\u0416\u0435\u043d\u0449\u0438\u043d\u044b \u0432 \u0421\u0440\u0435\u0434\u043d\u0438\u0435 \u0412\u0435\u043a\u0430 - Fashion Museum Riga Online Store<\/title>\n<meta name=\"robots\" content=\"index, follow, max-snippet:-1, max-image-preview:large, max-video-preview:-1\" \/>\n<link rel=\"canonical\" href=\"https:\/\/fashionmuseum.shop\/lv\/prece\/%d0%b6%d0%b5%d0%bd%d1%89%d0%b8%d0%bd%d1%8b-%d0%b2-%d1%81%d1%80%d0%b5%d0%b4%d0%bd%d0%b8%d0%b5-%d0%b2%d0%b5%d0%ba%d0%b0\/\" \/>\n<meta property=\"og:locale\" content=\"lv_LV\" \/>\n<meta property=\"og:type\" content=\"article\" \/>\n<meta property=\"og:title\" content=\"\u0416\u0435\u043d\u0449\u0438\u043d\u044b \u0432 \u0421\u0440\u0435\u0434\u043d\u0438\u0435 \u0412\u0435\u043a\u0430 - Fashion Museum Riga Online Store\" \/>\n<meta property=\"og:description\" content=\"by\u00a0\u0413\u0438\u0441 \u0414\u0436\u043e\u0437\u0435\u0444,\u0413\u0438\u0441 \u0424\u0440\u044d\u043d\u0441\u0438\u0441  K\u0101p\u0113c m\u0113s izv\u0113l\u0113j\u0101mies \u0161o gr\u0101matu:  Gr\u0101matas autori, kas viduslaiku t\u0113mai velt\u012bju\u0161i 30 gadus ilgu p\u0113tniec\u012bbas darbu, atkl\u0101j maz zin\u0101mas deta\u013cas par sievie\u0161u dz\u012bvi viduslaikos, apl\u016bkojot da\u017e\u0101du sabiedr\u012bbas sl\u0101\u0146u dz\u012bvesveidu: no kara\u013cnamu p\u0101rst\u0101v\u0113m l\u012bdz vienk\u0101r\u0161\u0101m, str\u0101d\u0101jo\u0161\u0101m sieviet\u0113m. Aizraujo\u0161i, izzino\u0161i un p\u0101rsteidzo\u0161i \u2013 gr\u0101mata noteikti patiks ikvienam, kur\u0161 interes\u0113jas par v\u0113sturi.\" \/>\n<meta property=\"og:url\" content=\"https:\/\/fashionmuseum.shop\/lv\/prece\/%d0%b6%d0%b5%d0%bd%d1%89%d0%b8%d0%bd%d1%8b-%d0%b2-%d1%81%d1%80%d0%b5%d0%b4%d0%bd%d0%b8%d0%b5-%d0%b2%d0%b5%d0%ba%d0%b0\/\" \/>\n<meta property=\"og:site_name\" content=\"Fashion Museum Riga Online Store\" \/>\n<meta property=\"article:modified_time\" content=\"2025-11-06T09:43:29+00:00\" \/>\n<meta property=\"og:image\" content=\"https:\/\/fashionmuseum.shop\/wp-content\/uploads\/2025\/09\/56fb0c6d-39e0-4f80-9a66-2762a2144e62.jpg\" \/>\n\t<meta property=\"og:image:width\" content=\"1100\" \/>\n\t<meta property=\"og:image:height\" content=\"1736\" \/>\n\t<meta property=\"og:image:type\" content=\"image\/jpeg\" \/>\n<meta name=\"twitter:card\" content=\"summary_large_image\" \/>\n<script type=\"application\/ld+json\" class=\"yoast-schema-graph\">{\"@context\":\"https:\\\/\\\/schema.org\",\"@graph\":[{\"@type\":\"WebPage\",\"@id\":\"https:\\\/\\\/fashionmuseum.shop\\\/lv\\\/prece\\\/%d0%b6%d0%b5%d0%bd%d1%89%d0%b8%d0%bd%d1%8b-%d0%b2-%d1%81%d1%80%d0%b5%d0%b4%d0%bd%d0%b8%d0%b5-%d0%b2%d0%b5%d0%ba%d0%b0\\\/\",\"url\":\"https:\\\/\\\/fashionmuseum.shop\\\/lv\\\/prece\\\/%d0%b6%d0%b5%d0%bd%d1%89%d0%b8%d0%bd%d1%8b-%d0%b2-%d1%81%d1%80%d0%b5%d0%b4%d0%bd%d0%b8%d0%b5-%d0%b2%d0%b5%d0%ba%d0%b0\\\/\",\"name\":\"\u0416\u0435\u043d\u0449\u0438\u043d\u044b \u0432 \u0421\u0440\u0435\u0434\u043d\u0438\u0435 \u0412\u0435\u043a\u0430 - Fashion Museum Riga Online Store\",\"isPartOf\":{\"@id\":\"https:\\\/\\\/fashionmuseum.shop\\\/lv\\\/#website\"},\"primaryImageOfPage\":{\"@id\":\"https:\\\/\\\/fashionmuseum.shop\\\/lv\\\/prece\\\/%d0%b6%d0%b5%d0%bd%d1%89%d0%b8%d0%bd%d1%8b-%d0%b2-%d1%81%d1%80%d0%b5%d0%b4%d0%bd%d0%b8%d0%b5-%d0%b2%d0%b5%d0%ba%d0%b0\\\/#primaryimage\"},\"image\":{\"@id\":\"https:\\\/\\\/fashionmuseum.shop\\\/lv\\\/prece\\\/%d0%b6%d0%b5%d0%bd%d1%89%d0%b8%d0%bd%d1%8b-%d0%b2-%d1%81%d1%80%d0%b5%d0%b4%d0%bd%d0%b8%d0%b5-%d0%b2%d0%b5%d0%ba%d0%b0\\\/#primaryimage\"},\"thumbnailUrl\":\"https:\\\/\\\/i0.wp.com\\\/fashionmuseum.shop\\\/wp-content\\\/uploads\\\/2025\\\/09\\\/56fb0c6d-39e0-4f80-9a66-2762a2144e62.jpg?fit=1100%2C1736&ssl=1\",\"datePublished\":\"2025-09-27T07:55:22+00:00\",\"dateModified\":\"2025-11-06T09:43:29+00:00\",\"breadcrumb\":{\"@id\":\"https:\\\/\\\/fashionmuseum.shop\\\/lv\\\/prece\\\/%d0%b6%d0%b5%d0%bd%d1%89%d0%b8%d0%bd%d1%8b-%d0%b2-%d1%81%d1%80%d0%b5%d0%b4%d0%bd%d0%b8%d0%b5-%d0%b2%d0%b5%d0%ba%d0%b0\\\/#breadcrumb\"},\"inLanguage\":\"lv-LV\",\"potentialAction\":[{\"@type\":\"ReadAction\",\"target\":[\"https:\\\/\\\/fashionmuseum.shop\\\/lv\\\/prece\\\/%d0%b6%d0%b5%d0%bd%d1%89%d0%b8%d0%bd%d1%8b-%d0%b2-%d1%81%d1%80%d0%b5%d0%b4%d0%bd%d0%b8%d0%b5-%d0%b2%d0%b5%d0%ba%d0%b0\\\/\"]}]},{\"@type\":\"ImageObject\",\"inLanguage\":\"lv-LV\",\"@id\":\"https:\\\/\\\/fashionmuseum.shop\\\/lv\\\/prece\\\/%d0%b6%d0%b5%d0%bd%d1%89%d0%b8%d0%bd%d1%8b-%d0%b2-%d1%81%d1%80%d0%b5%d0%b4%d0%bd%d0%b8%d0%b5-%d0%b2%d0%b5%d0%ba%d0%b0\\\/#primaryimage\",\"url\":\"https:\\\/\\\/i0.wp.com\\\/fashionmuseum.shop\\\/wp-content\\\/uploads\\\/2025\\\/09\\\/56fb0c6d-39e0-4f80-9a66-2762a2144e62.jpg?fit=1100%2C1736&ssl=1\",\"contentUrl\":\"https:\\\/\\\/i0.wp.com\\\/fashionmuseum.shop\\\/wp-content\\\/uploads\\\/2025\\\/09\\\/56fb0c6d-39e0-4f80-9a66-2762a2144e62.jpg?fit=1100%2C1736&ssl=1\",\"width\":1100,\"height\":1736},{\"@type\":\"BreadcrumbList\",\"@id\":\"https:\\\/\\\/fashionmuseum.shop\\\/lv\\\/prece\\\/%d0%b6%d0%b5%d0%bd%d1%89%d0%b8%d0%bd%d1%8b-%d0%b2-%d1%81%d1%80%d0%b5%d0%b4%d0%bd%d0%b8%d0%b5-%d0%b2%d0%b5%d0%ba%d0%b0\\\/#breadcrumb\",\"itemListElement\":[{\"@type\":\"ListItem\",\"position\":1,\"name\":\"Home\",\"item\":\"https:\\\/\\\/fashionmuseum.shop\\\/lv\\\/\"},{\"@type\":\"ListItem\",\"position\":2,\"name\":\"Products\",\"item\":\"https:\\\/\\\/fashionmuseum.shop\\\/lv\\\/shop\\\/\"},{\"@type\":\"ListItem\",\"position\":3,\"name\":\"\u0416\u0435\u043d\u0449\u0438\u043d\u044b \u0432 \u0421\u0440\u0435\u0434\u043d\u0438\u0435 \u0412\u0435\u043a\u0430\"}]},{\"@type\":\"WebSite\",\"@id\":\"https:\\\/\\\/fashionmuseum.shop\\\/lv\\\/#website\",\"url\":\"https:\\\/\\\/fashionmuseum.shop\\\/lv\\\/\",\"name\":\"Fashion Museum Online Store\",\"description\":\"Fashion Museum Riga Online Store provides a wide selection of books about fashion and fashion history.\",\"publisher\":{\"@id\":\"https:\\\/\\\/fashionmuseum.shop\\\/lv\\\/#organization\"},\"potentialAction\":[{\"@type\":\"SearchAction\",\"target\":{\"@type\":\"EntryPoint\",\"urlTemplate\":\"https:\\\/\\\/fashionmuseum.shop\\\/lv\\\/?s={search_term_string}\"},\"query-input\":{\"@type\":\"PropertyValueSpecification\",\"valueRequired\":true,\"valueName\":\"search_term_string\"}}],\"inLanguage\":\"lv-LV\"},{\"@type\":\"Organization\",\"@id\":\"https:\\\/\\\/fashionmuseum.shop\\\/lv\\\/#organization\",\"name\":\"Modes muzejs\",\"url\":\"https:\\\/\\\/fashionmuseum.shop\\\/lv\\\/\",\"logo\":{\"@type\":\"ImageObject\",\"inLanguage\":\"lv-LV\",\"@id\":\"https:\\\/\\\/fashionmuseum.shop\\\/lv\\\/#\\\/schema\\\/logo\\\/image\\\/\",\"url\":\"https:\\\/\\\/i1.wp.com\\\/fashionmuseum.shop\\\/wp-content\\\/uploads\\\/2020\\\/04\\\/apple-touch-icon.png?fit=180%2C180&ssl=1\",\"contentUrl\":\"https:\\\/\\\/i1.wp.com\\\/fashionmuseum.shop\\\/wp-content\\\/uploads\\\/2020\\\/04\\\/apple-touch-icon.png?fit=180%2C180&ssl=1\",\"width\":180,\"height\":180,\"caption\":\"Modes muzejs\"},\"image\":{\"@id\":\"https:\\\/\\\/fashionmuseum.shop\\\/lv\\\/#\\\/schema\\\/logo\\\/image\\\/\"}}]}<\/script>\n<!-- \/ Yoast SEO plugin. -->","yoast_head_json":{"title":"\u0416\u0435\u043d\u0449\u0438\u043d\u044b \u0432 \u0421\u0440\u0435\u0434\u043d\u0438\u0435 \u0412\u0435\u043a\u0430 - Fashion Museum Riga Online Store","robots":{"index":"index","follow":"follow","max-snippet":"max-snippet:-1","max-image-preview":"max-image-preview:large","max-video-preview":"max-video-preview:-1"},"canonical":"https:\/\/fashionmuseum.shop\/lv\/prece\/%d0%b6%d0%b5%d0%bd%d1%89%d0%b8%d0%bd%d1%8b-%d0%b2-%d1%81%d1%80%d0%b5%d0%b4%d0%bd%d0%b8%d0%b5-%d0%b2%d0%b5%d0%ba%d0%b0\/","og_locale":"lv_LV","og_type":"article","og_title":"\u0416\u0435\u043d\u0449\u0438\u043d\u044b \u0432 \u0421\u0440\u0435\u0434\u043d\u0438\u0435 \u0412\u0435\u043a\u0430 - Fashion Museum Riga Online Store","og_description":"by\u00a0\u0413\u0438\u0441 \u0414\u0436\u043e\u0437\u0435\u0444,\u0413\u0438\u0441 \u0424\u0440\u044d\u043d\u0441\u0438\u0441  K\u0101p\u0113c m\u0113s izv\u0113l\u0113j\u0101mies \u0161o gr\u0101matu:  Gr\u0101matas autori, kas viduslaiku t\u0113mai velt\u012bju\u0161i 30 gadus ilgu p\u0113tniec\u012bbas darbu, atkl\u0101j maz zin\u0101mas deta\u013cas par sievie\u0161u dz\u012bvi viduslaikos, apl\u016bkojot da\u017e\u0101du sabiedr\u012bbas sl\u0101\u0146u dz\u012bvesveidu: no kara\u013cnamu p\u0101rst\u0101v\u0113m l\u012bdz vienk\u0101r\u0161\u0101m, str\u0101d\u0101jo\u0161\u0101m sieviet\u0113m. Aizraujo\u0161i, izzino\u0161i un p\u0101rsteidzo\u0161i \u2013 gr\u0101mata noteikti patiks ikvienam, kur\u0161 interes\u0113jas par v\u0113sturi.","og_url":"https:\/\/fashionmuseum.shop\/lv\/prece\/%d0%b6%d0%b5%d0%bd%d1%89%d0%b8%d0%bd%d1%8b-%d0%b2-%d1%81%d1%80%d0%b5%d0%b4%d0%bd%d0%b8%d0%b5-%d0%b2%d0%b5%d0%ba%d0%b0\/","og_site_name":"Fashion Museum Riga Online Store","article_modified_time":"2025-11-06T09:43:29+00:00","og_image":[{"width":1100,"height":1736,"url":"https:\/\/fashionmuseum.shop\/wp-content\/uploads\/2025\/09\/56fb0c6d-39e0-4f80-9a66-2762a2144e62.jpg","type":"image\/jpeg"}],"twitter_card":"summary_large_image","schema":{"@context":"https:\/\/schema.org","@graph":[{"@type":"WebPage","@id":"https:\/\/fashionmuseum.shop\/lv\/prece\/%d0%b6%d0%b5%d0%bd%d1%89%d0%b8%d0%bd%d1%8b-%d0%b2-%d1%81%d1%80%d0%b5%d0%b4%d0%bd%d0%b8%d0%b5-%d0%b2%d0%b5%d0%ba%d0%b0\/","url":"https:\/\/fashionmuseum.shop\/lv\/prece\/%d0%b6%d0%b5%d0%bd%d1%89%d0%b8%d0%bd%d1%8b-%d0%b2-%d1%81%d1%80%d0%b5%d0%b4%d0%bd%d0%b8%d0%b5-%d0%b2%d0%b5%d0%ba%d0%b0\/","name":"\u0416\u0435\u043d\u0449\u0438\u043d\u044b \u0432 \u0421\u0440\u0435\u0434\u043d\u0438\u0435 \u0412\u0435\u043a\u0430 - Fashion Museum Riga Online Store","isPartOf":{"@id":"https:\/\/fashionmuseum.shop\/lv\/#website"},"primaryImageOfPage":{"@id":"https:\/\/fashionmuseum.shop\/lv\/prece\/%d0%b6%d0%b5%d0%bd%d1%89%d0%b8%d0%bd%d1%8b-%d0%b2-%d1%81%d1%80%d0%b5%d0%b4%d0%bd%d0%b8%d0%b5-%d0%b2%d0%b5%d0%ba%d0%b0\/#primaryimage"},"image":{"@id":"https:\/\/fashionmuseum.shop\/lv\/prece\/%d0%b6%d0%b5%d0%bd%d1%89%d0%b8%d0%bd%d1%8b-%d0%b2-%d1%81%d1%80%d0%b5%d0%b4%d0%bd%d0%b8%d0%b5-%d0%b2%d0%b5%d0%ba%d0%b0\/#primaryimage"},"thumbnailUrl":"https:\/\/i0.wp.com\/fashionmuseum.shop\/wp-content\/uploads\/2025\/09\/56fb0c6d-39e0-4f80-9a66-2762a2144e62.jpg?fit=1100%2C1736&ssl=1","datePublished":"2025-09-27T07:55:22+00:00","dateModified":"2025-11-06T09:43:29+00:00","breadcrumb":{"@id":"https:\/\/fashionmuseum.shop\/lv\/prece\/%d0%b6%d0%b5%d0%bd%d1%89%d0%b8%d0%bd%d1%8b-%d0%b2-%d1%81%d1%80%d0%b5%d0%b4%d0%bd%d0%b8%d0%b5-%d0%b2%d0%b5%d0%ba%d0%b0\/#breadcrumb"},"inLanguage":"lv-LV","potentialAction":[{"@type":"ReadAction","target":["https:\/\/fashionmuseum.shop\/lv\/prece\/%d0%b6%d0%b5%d0%bd%d1%89%d0%b8%d0%bd%d1%8b-%d0%b2-%d1%81%d1%80%d0%b5%d0%b4%d0%bd%d0%b8%d0%b5-%d0%b2%d0%b5%d0%ba%d0%b0\/"]}]},{"@type":"ImageObject","inLanguage":"lv-LV","@id":"https:\/\/fashionmuseum.shop\/lv\/prece\/%d0%b6%d0%b5%d0%bd%d1%89%d0%b8%d0%bd%d1%8b-%d0%b2-%d1%81%d1%80%d0%b5%d0%b4%d0%bd%d0%b8%d0%b5-%d0%b2%d0%b5%d0%ba%d0%b0\/#primaryimage","url":"https:\/\/i0.wp.com\/fashionmuseum.shop\/wp-content\/uploads\/2025\/09\/56fb0c6d-39e0-4f80-9a66-2762a2144e62.jpg?fit=1100%2C1736&ssl=1","contentUrl":"https:\/\/i0.wp.com\/fashionmuseum.shop\/wp-content\/uploads\/2025\/09\/56fb0c6d-39e0-4f80-9a66-2762a2144e62.jpg?fit=1100%2C1736&ssl=1","width":1100,"height":1736},{"@type":"BreadcrumbList","@id":"https:\/\/fashionmuseum.shop\/lv\/prece\/%d0%b6%d0%b5%d0%bd%d1%89%d0%b8%d0%bd%d1%8b-%d0%b2-%d1%81%d1%80%d0%b5%d0%b4%d0%bd%d0%b8%d0%b5-%d0%b2%d0%b5%d0%ba%d0%b0\/#breadcrumb","itemListElement":[{"@type":"ListItem","position":1,"name":"Home","item":"https:\/\/fashionmuseum.shop\/lv\/"},{"@type":"ListItem","position":2,"name":"Products","item":"https:\/\/fashionmuseum.shop\/lv\/shop\/"},{"@type":"ListItem","position":3,"name":"\u0416\u0435\u043d\u0449\u0438\u043d\u044b \u0432 \u0421\u0440\u0435\u0434\u043d\u0438\u0435 \u0412\u0435\u043a\u0430"}]},{"@type":"WebSite","@id":"https:\/\/fashionmuseum.shop\/lv\/#website","url":"https:\/\/fashionmuseum.shop\/lv\/","name":"Fashion Museum Online Store","description":"Fashion Museum Riga Online Store provides a wide selection of books about fashion and fashion history.","publisher":{"@id":"https:\/\/fashionmuseum.shop\/lv\/#organization"},"potentialAction":[{"@type":"SearchAction","target":{"@type":"EntryPoint","urlTemplate":"https:\/\/fashionmuseum.shop\/lv\/?s={search_term_string}"},"query-input":{"@type":"PropertyValueSpecification","valueRequired":true,"valueName":"search_term_string"}}],"inLanguage":"lv-LV"},{"@type":"Organization","@id":"https:\/\/fashionmuseum.shop\/lv\/#organization","name":"Modes muzejs","url":"https:\/\/fashionmuseum.shop\/lv\/","logo":{"@type":"ImageObject","inLanguage":"lv-LV","@id":"https:\/\/fashionmuseum.shop\/lv\/#\/schema\/logo\/image\/","url":"https:\/\/i1.wp.com\/fashionmuseum.shop\/wp-content\/uploads\/2020\/04\/apple-touch-icon.png?fit=180%2C180&ssl=1","contentUrl":"https:\/\/i1.wp.com\/fashionmuseum.shop\/wp-content\/uploads\/2020\/04\/apple-touch-icon.png?fit=180%2C180&ssl=1","width":180,"height":180,"caption":"Modes muzejs"},"image":{"@id":"https:\/\/fashionmuseum.shop\/lv\/#\/schema\/logo\/image\/"}}]}},"jetpack_publicize_connections":[],"jetpack_likes_enabled":false,"jetpack_sharing_enabled":true,"amp_enabled":true,"_links":{"self":[{"href":"https:\/\/fashionmuseum.shop\/lv\/wp-json\/wp\/v2\/product\/166559","targetHints":{"allow":["GET"]}}],"collection":[{"href":"https:\/\/fashionmuseum.shop\/lv\/wp-json\/wp\/v2\/product"}],"about":[{"href":"https:\/\/fashionmuseum.shop\/lv\/wp-json\/wp\/v2\/types\/product"}],"wp:featuredmedia":[{"embeddable":true,"href":"https:\/\/fashionmuseum.shop\/lv\/wp-json\/wp\/v2\/media\/166565"}],"wp:attachment":[{"href":"https:\/\/fashionmuseum.shop\/lv\/wp-json\/wp\/v2\/media?parent=166559"}],"wp:term":[{"taxonomy":"product_brand","embeddable":true,"href":"https:\/\/fashionmuseum.shop\/lv\/wp-json\/wp\/v2\/product_brand?post=166559"},{"taxonomy":"product_cat","embeddable":true,"href":"https:\/\/fashionmuseum.shop\/lv\/wp-json\/wp\/v2\/product_cat?post=166559"},{"taxonomy":"product_tag","embeddable":true,"href":"https:\/\/fashionmuseum.shop\/lv\/wp-json\/wp\/v2\/product_tag?post=166559"}],"curies":[{"name":"wp","href":"https:\/\/api.w.org\/{rel}","templated":true}]}}