{"id":167964,"date":"2026-03-31T12:58:28","date_gmt":"2026-03-31T09:58:28","guid":{"rendered":"https:\/\/fashionmuseum.shop\/?post_type=product&#038;p=167964"},"modified":"2026-03-31T14:45:00","modified_gmt":"2026-03-31T11:45:00","slug":"kimono-kyoto-to-catwalk-copy","status":"publish","type":"product","link":"https:\/\/fashionmuseum.shop\/lv\/prece\/kimono-kyoto-to-catwalk-copy\/","title":{"rendered":"Schiaparelli: Fashion Becomes Art"},"content":{"rendered":"<p><em><strong>Izdev\u0113ja gr\u0101matas anot\u0101cija:<\/strong><\/em><\/p>\n<p>Elsa Schiaparelli sent shockwaves through the fashion establishment with her witty, ingenious and provocative designs. Lauded by Crist\u00f3bal Balenciaga as the \u2018only real artist in couture\u2019 she infused her collections with Surrealist influences, and collaborated on pieces with art-world contemporaries including Man Ray, Jean Cocteau, Salvador Dal\u00ed and Alberto Giacometti. She caused a stir at Wimbledon by sending Lil\u00ed \u00c1lvarez to the 1931 tennis tournament in culottes; she clothed Amy Johnson for her first solo flight to Cape Town; and her \u2018lobster\u2019 dress made it into Wallis Simpson\u2019s trousseau.\u200b \u200b<\/p>\n<p>Today, Elsa\u2019s visual vocabulary runs through Daniel Roseberry\u2019s designs for maison Schiaparelli like a shocking pink thread. This lavishly illustrated book explores the origins and legacy of one of fashion\u2019s greatest innovators.\u200b \u200b<\/p>\n<p>\u0160\u012bs gr\u0101matas izdev\u0113js ir\u00a0<a href=\"\/?product_tag=thames-and-hudson\">\u00a0<\/a><a href=\"https:\/\/fashionmuseum.shop\/lv\/publisher\/va-publishing-lv\/\"><strong>V&amp;A Publishing<\/strong><\/a>, ISBN 9781838510619<\/p>\n","protected":false},"excerpt":{"rendered":"<p>by <a href=\"\/?pa_book-author=Sonnet-Stanfill-Lydia-Caston\"><strong>Sonnet Stanfill, Lydia Caston<\/strong><\/a><\/p>\n<p><em><strong>K\u0101p\u0113c m\u0113s\u00a0izv\u0113l\u0113j\u0101mies\u00a0\u0161o gr\u0101matu:<\/strong><\/em><\/p>\n<p>Elzas Skjaparelli devums modes v\u0113stur\u0113 ie\u0146em \u012bpa\u0161u vietu \u2013 vi\u0146a uztv\u0113ra ap\u0123\u0113rba dizainu k\u0101 m\u0101kslu, nevis profesiju, t\u0101p\u0113c vi\u0146as rad\u012btie t\u0113rpi bija p\u0101rsteidzo\u0161i, negaid\u012bti, provokat\u012bvi \u2013 un aktu\u0101li ar\u012b tagad, 90 gadus v\u0113l\u0101k. Viktorijas un Alberta muzeja Skjaparelli velt\u012bt\u0101s izst\u0101des ietvaros izdots ar\u012b iespaid\u012bgs katalogs, kas aptver gan modes nama v\u0113sturi un pa\u0161as dizaineres dz\u012bves svar\u012bg\u0101kos pieturpunktus, gan sniedz ieskatu vi\u0146as slaveno klien\u0161u sarakst\u0101, k\u0101 ar\u012b atkl\u0101j di\u017eos m\u0101ksliniekus, ar kuriem Skjaparelli cie\u0161i sadarboj\u0101s, radot daudzus no saviem slaven\u0101kajiem t\u0113rpiem un aksesu\u0101riem. Nosl\u0113guma da\u013ca velt\u012bta modes nama \u0161\u012bbr\u012b\u017ea darb\u012bbai, kas ir Elzas Skjaparelli ideju caurstr\u0101vota. Must have izdevums visiem, kas nov\u0113rt\u0113 izcilu dizainu, modi un m\u0101kslu!<\/p>\n","protected":false},"featured_media":167967,"template":"","meta":{"_coblocks_attr":"","_coblocks_dimensions":"","_coblocks_responsive_height":"","_coblocks_accordion_ie_support":"","_crdt_document":"","jetpack_publicize_message":"","jetpack_publicize_feature_enabled":true,"jetpack_social_post_already_shared":true,"jetpack_social_options":{"image_generator_settings":{"template":"highway","default_image_id":0,"font":"","enabled":false},"version":2},"_wpas_customize_per_network":false},"product_brand":[],"product_cat":[1611,1603,2418],"product_tag":[2949,3906,3521,3881],"class_list":{"0":"post-167964","1":"product","2":"type-product","3":"status-publish","4":"has-post-thumbnail","6":"product_cat-gramatas-anglu-valoda","7":"product_cat-gramatas-par-modes-dizaineriem","8":"product_cat-gramatas","9":"product_tag-elsa-schiaparelli-lv","10":"product_tag-fashion-designers-lv","11":"product_tag-fashion-history-lv","12":"product_tag-gift-lv","13":"pa_book-author-lydia-caston","14":"pa_book-author-sonnet-stanfill-lv","15":"pa_publisher-va-publishing-lv","17":"first","18":"instock","19":"shipping-taxable","20":"purchasable","21":"product-type-simple"},"yoast_head":"<!-- This site is optimized with the Yoast SEO plugin v27.5 - https:\/\/yoast.com\/product\/yoast-seo-wordpress\/ -->\n<title>Schiaparelli: Fashion Becomes Art - Fashion Museum Riga Online Store<\/title>\n<meta name=\"robots\" content=\"index, follow, max-snippet:-1, max-image-preview:large, max-video-preview:-1\" \/>\n<link rel=\"canonical\" href=\"https:\/\/fashionmuseum.shop\/lv\/prece\/kimono-kyoto-to-catwalk-copy\/\" \/>\n<meta property=\"og:locale\" content=\"lv_LV\" \/>\n<meta property=\"og:type\" content=\"article\" \/>\n<meta property=\"og:title\" content=\"Schiaparelli: Fashion Becomes Art - Fashion Museum Riga Online Store\" \/>\n<meta property=\"og:description\" content=\"by Sonnet Stanfill, Lydia Caston  K\u0101p\u0113c m\u0113s\u00a0izv\u0113l\u0113j\u0101mies\u00a0\u0161o gr\u0101matu:  Elzas Skjaparelli devums modes v\u0113stur\u0113 ie\u0146em \u012bpa\u0161u vietu \u2013 vi\u0146a uztv\u0113ra ap\u0123\u0113rba dizainu k\u0101 m\u0101kslu, nevis profesiju, t\u0101p\u0113c vi\u0146as rad\u012btie t\u0113rpi bija p\u0101rsteidzo\u0161i, negaid\u012bti, provokat\u012bvi \u2013 un aktu\u0101li ar\u012b tagad, 90 gadus v\u0113l\u0101k. Viktorijas un Alberta muzeja Skjaparelli velt\u012bt\u0101s izst\u0101des ietvaros izdots ar\u012b iespaid\u012bgs katalogs, kas aptver gan modes nama v\u0113sturi un pa\u0161as dizaineres dz\u012bves svar\u012bg\u0101kos pieturpunktus, gan sniedz ieskatu vi\u0146as slaveno klien\u0161u sarakst\u0101, k\u0101 ar\u012b atkl\u0101j di\u017eos m\u0101ksliniekus, ar kuriem Skjaparelli cie\u0161i sadarboj\u0101s, radot daudzus no saviem slaven\u0101kajiem t\u0113rpiem un aksesu\u0101riem. Nosl\u0113guma da\u013ca velt\u012bta modes nama \u0161\u012bbr\u012b\u017ea darb\u012bbai, kas ir Elzas Skjaparelli ideju caurstr\u0101vota. Must have izdevums visiem, kas nov\u0113rt\u0113 izcilu dizainu, modi un m\u0101kslu!\" \/>\n<meta property=\"og:url\" content=\"https:\/\/fashionmuseum.shop\/lv\/prece\/kimono-kyoto-to-catwalk-copy\/\" \/>\n<meta property=\"og:site_name\" content=\"Fashion Museum Riga Online Store\" \/>\n<meta property=\"article:modified_time\" content=\"2026-03-31T11:45:00+00:00\" \/>\n<meta property=\"og:image\" content=\"https:\/\/fashionmuseum.shop\/wp-content\/uploads\/2026\/03\/172493-HB-SCHIAPARELLI-EXH-CAT-a.webp\" \/>\n\t<meta property=\"og:image:width\" content=\"520\" \/>\n\t<meta property=\"og:image:height\" content=\"520\" \/>\n\t<meta property=\"og:image:type\" content=\"image\/webp\" \/>\n<meta name=\"twitter:card\" content=\"summary_large_image\" \/>\n<meta name=\"twitter:label1\" content=\"Est. reading time\" \/>\n\t<meta name=\"twitter:data1\" content=\"1 minute\" \/>\n<script type=\"application\/ld+json\" class=\"yoast-schema-graph\">{\"@context\":\"https:\\\/\\\/schema.org\",\"@graph\":[{\"@type\":\"WebPage\",\"@id\":\"https:\\\/\\\/fashionmuseum.shop\\\/lv\\\/prece\\\/kimono-kyoto-to-catwalk-copy\\\/\",\"url\":\"https:\\\/\\\/fashionmuseum.shop\\\/lv\\\/prece\\\/kimono-kyoto-to-catwalk-copy\\\/\",\"name\":\"Schiaparelli: Fashion Becomes Art - Fashion Museum Riga Online Store\",\"isPartOf\":{\"@id\":\"https:\\\/\\\/fashionmuseum.shop\\\/lv\\\/#website\"},\"primaryImageOfPage\":{\"@id\":\"https:\\\/\\\/fashionmuseum.shop\\\/lv\\\/prece\\\/kimono-kyoto-to-catwalk-copy\\\/#primaryimage\"},\"image\":{\"@id\":\"https:\\\/\\\/fashionmuseum.shop\\\/lv\\\/prece\\\/kimono-kyoto-to-catwalk-copy\\\/#primaryimage\"},\"thumbnailUrl\":\"https:\\\/\\\/i0.wp.com\\\/fashionmuseum.shop\\\/wp-content\\\/uploads\\\/2026\\\/03\\\/172493-HB-SCHIAPARELLI-EXH-CAT-a.webp?fit=520%2C520&ssl=1\",\"datePublished\":\"2026-03-31T09:58:28+00:00\",\"dateModified\":\"2026-03-31T11:45:00+00:00\",\"breadcrumb\":{\"@id\":\"https:\\\/\\\/fashionmuseum.shop\\\/lv\\\/prece\\\/kimono-kyoto-to-catwalk-copy\\\/#breadcrumb\"},\"inLanguage\":\"lv-LV\",\"potentialAction\":[{\"@type\":\"ReadAction\",\"target\":[\"https:\\\/\\\/fashionmuseum.shop\\\/lv\\\/prece\\\/kimono-kyoto-to-catwalk-copy\\\/\"]}]},{\"@type\":\"ImageObject\",\"inLanguage\":\"lv-LV\",\"@id\":\"https:\\\/\\\/fashionmuseum.shop\\\/lv\\\/prece\\\/kimono-kyoto-to-catwalk-copy\\\/#primaryimage\",\"url\":\"https:\\\/\\\/i0.wp.com\\\/fashionmuseum.shop\\\/wp-content\\\/uploads\\\/2026\\\/03\\\/172493-HB-SCHIAPARELLI-EXH-CAT-a.webp?fit=520%2C520&ssl=1\",\"contentUrl\":\"https:\\\/\\\/i0.wp.com\\\/fashionmuseum.shop\\\/wp-content\\\/uploads\\\/2026\\\/03\\\/172493-HB-SCHIAPARELLI-EXH-CAT-a.webp?fit=520%2C520&ssl=1\",\"width\":520,\"height\":520},{\"@type\":\"BreadcrumbList\",\"@id\":\"https:\\\/\\\/fashionmuseum.shop\\\/lv\\\/prece\\\/kimono-kyoto-to-catwalk-copy\\\/#breadcrumb\",\"itemListElement\":[{\"@type\":\"ListItem\",\"position\":1,\"name\":\"Home\",\"item\":\"https:\\\/\\\/fashionmuseum.shop\\\/lv\\\/\"},{\"@type\":\"ListItem\",\"position\":2,\"name\":\"Products\",\"item\":\"https:\\\/\\\/fashionmuseum.shop\\\/lv\\\/shop\\\/\"},{\"@type\":\"ListItem\",\"position\":3,\"name\":\"Schiaparelli: Fashion Becomes Art\"}]},{\"@type\":\"WebSite\",\"@id\":\"https:\\\/\\\/fashionmuseum.shop\\\/lv\\\/#website\",\"url\":\"https:\\\/\\\/fashionmuseum.shop\\\/lv\\\/\",\"name\":\"Fashion Museum Online Store\",\"description\":\"Fashion Museum Riga Online Store provides a wide selection of books about fashion and fashion history.\",\"publisher\":{\"@id\":\"https:\\\/\\\/fashionmuseum.shop\\\/lv\\\/#organization\"},\"potentialAction\":[{\"@type\":\"SearchAction\",\"target\":{\"@type\":\"EntryPoint\",\"urlTemplate\":\"https:\\\/\\\/fashionmuseum.shop\\\/lv\\\/?s={search_term_string}\"},\"query-input\":{\"@type\":\"PropertyValueSpecification\",\"valueRequired\":true,\"valueName\":\"search_term_string\"}}],\"inLanguage\":\"lv-LV\"},{\"@type\":\"Organization\",\"@id\":\"https:\\\/\\\/fashionmuseum.shop\\\/lv\\\/#organization\",\"name\":\"Modes muzejs\",\"url\":\"https:\\\/\\\/fashionmuseum.shop\\\/lv\\\/\",\"logo\":{\"@type\":\"ImageObject\",\"inLanguage\":\"lv-LV\",\"@id\":\"https:\\\/\\\/fashionmuseum.shop\\\/lv\\\/#\\\/schema\\\/logo\\\/image\\\/\",\"url\":\"https:\\\/\\\/i1.wp.com\\\/fashionmuseum.shop\\\/wp-content\\\/uploads\\\/2020\\\/04\\\/apple-touch-icon.png?fit=180%2C180&ssl=1\",\"contentUrl\":\"https:\\\/\\\/i1.wp.com\\\/fashionmuseum.shop\\\/wp-content\\\/uploads\\\/2020\\\/04\\\/apple-touch-icon.png?fit=180%2C180&ssl=1\",\"width\":180,\"height\":180,\"caption\":\"Modes muzejs\"},\"image\":{\"@id\":\"https:\\\/\\\/fashionmuseum.shop\\\/lv\\\/#\\\/schema\\\/logo\\\/image\\\/\"}}]}<\/script>\n<!-- \/ Yoast SEO plugin. -->","yoast_head_json":{"title":"Schiaparelli: Fashion Becomes Art - Fashion Museum Riga Online Store","robots":{"index":"index","follow":"follow","max-snippet":"max-snippet:-1","max-image-preview":"max-image-preview:large","max-video-preview":"max-video-preview:-1"},"canonical":"https:\/\/fashionmuseum.shop\/lv\/prece\/kimono-kyoto-to-catwalk-copy\/","og_locale":"lv_LV","og_type":"article","og_title":"Schiaparelli: Fashion Becomes Art - Fashion Museum Riga Online Store","og_description":"by Sonnet Stanfill, Lydia Caston  K\u0101p\u0113c m\u0113s\u00a0izv\u0113l\u0113j\u0101mies\u00a0\u0161o gr\u0101matu:  Elzas Skjaparelli devums modes v\u0113stur\u0113 ie\u0146em \u012bpa\u0161u vietu \u2013 vi\u0146a uztv\u0113ra ap\u0123\u0113rba dizainu k\u0101 m\u0101kslu, nevis profesiju, t\u0101p\u0113c vi\u0146as rad\u012btie t\u0113rpi bija p\u0101rsteidzo\u0161i, negaid\u012bti, provokat\u012bvi \u2013 un aktu\u0101li ar\u012b tagad, 90 gadus v\u0113l\u0101k. Viktorijas un Alberta muzeja Skjaparelli velt\u012bt\u0101s izst\u0101des ietvaros izdots ar\u012b iespaid\u012bgs katalogs, kas aptver gan modes nama v\u0113sturi un pa\u0161as dizaineres dz\u012bves svar\u012bg\u0101kos pieturpunktus, gan sniedz ieskatu vi\u0146as slaveno klien\u0161u sarakst\u0101, k\u0101 ar\u012b atkl\u0101j di\u017eos m\u0101ksliniekus, ar kuriem Skjaparelli cie\u0161i sadarboj\u0101s, radot daudzus no saviem slaven\u0101kajiem t\u0113rpiem un aksesu\u0101riem. Nosl\u0113guma da\u013ca velt\u012bta modes nama \u0161\u012bbr\u012b\u017ea darb\u012bbai, kas ir Elzas Skjaparelli ideju caurstr\u0101vota. Must have izdevums visiem, kas nov\u0113rt\u0113 izcilu dizainu, modi un m\u0101kslu!","og_url":"https:\/\/fashionmuseum.shop\/lv\/prece\/kimono-kyoto-to-catwalk-copy\/","og_site_name":"Fashion Museum Riga Online Store","article_modified_time":"2026-03-31T11:45:00+00:00","og_image":[{"width":520,"height":520,"url":"https:\/\/fashionmuseum.shop\/wp-content\/uploads\/2026\/03\/172493-HB-SCHIAPARELLI-EXH-CAT-a.webp","type":"image\/webp"}],"twitter_card":"summary_large_image","twitter_misc":{"Est. reading time":"1 minute"},"schema":{"@context":"https:\/\/schema.org","@graph":[{"@type":"WebPage","@id":"https:\/\/fashionmuseum.shop\/lv\/prece\/kimono-kyoto-to-catwalk-copy\/","url":"https:\/\/fashionmuseum.shop\/lv\/prece\/kimono-kyoto-to-catwalk-copy\/","name":"Schiaparelli: Fashion Becomes Art - Fashion Museum Riga Online Store","isPartOf":{"@id":"https:\/\/fashionmuseum.shop\/lv\/#website"},"primaryImageOfPage":{"@id":"https:\/\/fashionmuseum.shop\/lv\/prece\/kimono-kyoto-to-catwalk-copy\/#primaryimage"},"image":{"@id":"https:\/\/fashionmuseum.shop\/lv\/prece\/kimono-kyoto-to-catwalk-copy\/#primaryimage"},"thumbnailUrl":"https:\/\/i0.wp.com\/fashionmuseum.shop\/wp-content\/uploads\/2026\/03\/172493-HB-SCHIAPARELLI-EXH-CAT-a.webp?fit=520%2C520&ssl=1","datePublished":"2026-03-31T09:58:28+00:00","dateModified":"2026-03-31T11:45:00+00:00","breadcrumb":{"@id":"https:\/\/fashionmuseum.shop\/lv\/prece\/kimono-kyoto-to-catwalk-copy\/#breadcrumb"},"inLanguage":"lv-LV","potentialAction":[{"@type":"ReadAction","target":["https:\/\/fashionmuseum.shop\/lv\/prece\/kimono-kyoto-to-catwalk-copy\/"]}]},{"@type":"ImageObject","inLanguage":"lv-LV","@id":"https:\/\/fashionmuseum.shop\/lv\/prece\/kimono-kyoto-to-catwalk-copy\/#primaryimage","url":"https:\/\/i0.wp.com\/fashionmuseum.shop\/wp-content\/uploads\/2026\/03\/172493-HB-SCHIAPARELLI-EXH-CAT-a.webp?fit=520%2C520&ssl=1","contentUrl":"https:\/\/i0.wp.com\/fashionmuseum.shop\/wp-content\/uploads\/2026\/03\/172493-HB-SCHIAPARELLI-EXH-CAT-a.webp?fit=520%2C520&ssl=1","width":520,"height":520},{"@type":"BreadcrumbList","@id":"https:\/\/fashionmuseum.shop\/lv\/prece\/kimono-kyoto-to-catwalk-copy\/#breadcrumb","itemListElement":[{"@type":"ListItem","position":1,"name":"Home","item":"https:\/\/fashionmuseum.shop\/lv\/"},{"@type":"ListItem","position":2,"name":"Products","item":"https:\/\/fashionmuseum.shop\/lv\/shop\/"},{"@type":"ListItem","position":3,"name":"Schiaparelli: Fashion Becomes Art"}]},{"@type":"WebSite","@id":"https:\/\/fashionmuseum.shop\/lv\/#website","url":"https:\/\/fashionmuseum.shop\/lv\/","name":"Fashion Museum Online Store","description":"Fashion Museum Riga Online Store provides a wide selection of books about fashion and fashion history.","publisher":{"@id":"https:\/\/fashionmuseum.shop\/lv\/#organization"},"potentialAction":[{"@type":"SearchAction","target":{"@type":"EntryPoint","urlTemplate":"https:\/\/fashionmuseum.shop\/lv\/?s={search_term_string}"},"query-input":{"@type":"PropertyValueSpecification","valueRequired":true,"valueName":"search_term_string"}}],"inLanguage":"lv-LV"},{"@type":"Organization","@id":"https:\/\/fashionmuseum.shop\/lv\/#organization","name":"Modes muzejs","url":"https:\/\/fashionmuseum.shop\/lv\/","logo":{"@type":"ImageObject","inLanguage":"lv-LV","@id":"https:\/\/fashionmuseum.shop\/lv\/#\/schema\/logo\/image\/","url":"https:\/\/i1.wp.com\/fashionmuseum.shop\/wp-content\/uploads\/2020\/04\/apple-touch-icon.png?fit=180%2C180&ssl=1","contentUrl":"https:\/\/i1.wp.com\/fashionmuseum.shop\/wp-content\/uploads\/2020\/04\/apple-touch-icon.png?fit=180%2C180&ssl=1","width":180,"height":180,"caption":"Modes muzejs"},"image":{"@id":"https:\/\/fashionmuseum.shop\/lv\/#\/schema\/logo\/image\/"}}]}},"jetpack_publicize_connections":[],"jetpack_likes_enabled":false,"jetpack_sharing_enabled":true,"amp_enabled":true,"_links":{"self":[{"href":"https:\/\/fashionmuseum.shop\/lv\/wp-json\/wp\/v2\/product\/167964","targetHints":{"allow":["GET"]}}],"collection":[{"href":"https:\/\/fashionmuseum.shop\/lv\/wp-json\/wp\/v2\/product"}],"about":[{"href":"https:\/\/fashionmuseum.shop\/lv\/wp-json\/wp\/v2\/types\/product"}],"wp:featuredmedia":[{"embeddable":true,"href":"https:\/\/fashionmuseum.shop\/lv\/wp-json\/wp\/v2\/media\/167967"}],"wp:attachment":[{"href":"https:\/\/fashionmuseum.shop\/lv\/wp-json\/wp\/v2\/media?parent=167964"}],"wp:term":[{"taxonomy":"product_brand","embeddable":true,"href":"https:\/\/fashionmuseum.shop\/lv\/wp-json\/wp\/v2\/product_brand?post=167964"},{"taxonomy":"product_cat","embeddable":true,"href":"https:\/\/fashionmuseum.shop\/lv\/wp-json\/wp\/v2\/product_cat?post=167964"},{"taxonomy":"product_tag","embeddable":true,"href":"https:\/\/fashionmuseum.shop\/lv\/wp-json\/wp\/v2\/product_tag?post=167964"}],"curies":[{"name":"wp","href":"https:\/\/api.w.org\/{rel}","templated":true}]}}