{"id":1741,"date":"2020-04-09T11:22:29","date_gmt":"2020-04-09T08:22:29","guid":{"rendered":"https:\/\/fashionmuseum.shop\/product\/underwear-fashion-in-detail\/"},"modified":"2024-08-10T23:37:40","modified_gmt":"2024-08-10T20:37:40","slug":"underwear-fashion-in-detail","status":"publish","type":"product","link":"https:\/\/fashionmuseum.shop\/lv\/prece\/underwear-fashion-in-detail\/","title":{"rendered":"Underwear: Fashion in Detail"},"content":{"rendered":"<p><em><strong>Izdev\u0113ja gr\u0101matas anot\u0101cija:<\/strong><\/em><\/p>\n<p>From camisoles to corsets, basques to boudoir caps and girdles to garters, Underwear: Fashion in Detail gets up close to some of the most intimate items in the V&amp;A. The book traces the evolution of underwear, from rare examples dating from the sixteenth century and the exaggerated shapes of eighteenth-century courtly undergarments, to Dior\u2019s curvaceous \u2018New Look\u2019 girdles to contemporary lingerie by Agent Provocateur and Rigby and Peller. Meticulous colour photography shows these fascinating garments in close detail, while intricate line drawings reveal their construction. The book also highlights the work of designers such as Vionnet and Westwood, who have taken influence from underwear for their own outerwear creations.<\/p>\n<p>\u0160\u012bs gr\u0101matas izdev\u0113js ir <span style=\"text-decoration: underline;\"><strong><a href=\"https:\/\/fashionmuseum.shop\/publisher\/abrams-chronicle-books-lv\/?lang=lv\">Abrams &amp; Chronicle Books<\/a><\/strong><\/span> un <span style=\"text-decoration: underline;\"><strong><a href=\"https:\/\/fashionmuseum.shop\/publisher\/va-publishing-lv\/?lang=lv\">V&amp;A Publishing<\/a><\/strong><\/span>, ISBN 9781851777846<\/p>\n","protected":false},"excerpt":{"rendered":"<p><span style=\"text-decoration: underline;\"><strong><a href=\"https:\/\/fashionmuseum.shop\/book-author\/eleri-lynn-lv\/?lang=lv\">Eleri Lynn<\/a><\/strong><\/span><\/p>\n<p><em><strong>K\u0101p\u0113c m\u0113s\u00a0izv\u0113l\u0113j\u0101mies\u00a0\u0161o gr\u0101matu:<\/strong><\/em><\/p>\n<p>Apjom\u012bgs, bag\u0101t\u012bgi ilustr\u0113ts izdevums, kas atkl\u0101j apsl\u0113pto: to, ko sievietes velk un reiz ir vilku\u0161as zem t\u0113rpiem. Ilustr\u0101cij\u0101m izmantotas Viktorijas un Alberta muzeja iespaid\u012bg\u0101s kolekcijas ekspon\u0101tu fotogr\u0101fijas \u2013 t\u0101d\u0101 pietuvin\u0101jum\u0101 \u0161os priek\u0161metus nekad un nekur neredz\u0113sit! \u0160\u012b gr\u0101mata ir br\u012bnumskaists un int\u012bms ieskats sievietes dz\u012bv\u0113 no 17. gadsimta l\u012bdz pat m\u016bsdien\u0101m. Bauda ac\u012bm un br\u012bni\u0161\u0137\u012bgs izzi\u0146as avots vienlaikus!<\/p>\n","protected":false},"featured_media":1618,"template":"","meta":{"_coblocks_attr":"","_coblocks_dimensions":"","_coblocks_responsive_height":"","_coblocks_accordion_ie_support":"","_crdt_document":"","jetpack_publicize_message":"","jetpack_publicize_feature_enabled":true,"jetpack_social_post_already_shared":true,"jetpack_social_options":{"image_generator_settings":{"template":"highway","default_image_id":0,"font":"","enabled":false},"version":2},"_wpas_customize_per_network":false},"product_brand":[],"product_cat":[1611,1610,1605],"product_tag":[1805],"class_list":{"0":"post-1741","1":"product","2":"type-product","3":"status-publish","4":"has-post-thumbnail","6":"product_cat-gramatas-anglu-valoda","7":"product_cat-gramatas-no-victoria-and-albert-muzeja","8":"product_cat-gramatas-par-modes-vesturi","9":"product_tag-apaksvela","10":"pa_book-author-eleri-lynn-lv","11":"pa_language-anglu","12":"pa_publisher-abrams-chronicle-books-lv","13":"pa_publisher-va-publishing-lv","15":"first","16":"instock","17":"shipping-taxable","18":"purchasable","19":"product-type-simple"},"yoast_head":"<!-- This site is optimized with the Yoast SEO plugin v27.5 - https:\/\/yoast.com\/product\/yoast-seo-wordpress\/ -->\n<title>Underwear: Fashion in Detail - Fashion Museum Riga Online Store<\/title>\n<meta name=\"robots\" content=\"index, follow, max-snippet:-1, max-image-preview:large, max-video-preview:-1\" \/>\n<link rel=\"canonical\" href=\"https:\/\/fashionmuseum.shop\/lv\/prece\/underwear-fashion-in-detail\/\" \/>\n<meta property=\"og:locale\" content=\"lv_LV\" \/>\n<meta property=\"og:type\" content=\"article\" \/>\n<meta property=\"og:title\" content=\"Underwear: Fashion in Detail - Fashion Museum Riga Online Store\" \/>\n<meta property=\"og:description\" content=\"Eleri Lynn  K\u0101p\u0113c m\u0113s\u00a0izv\u0113l\u0113j\u0101mies\u00a0\u0161o gr\u0101matu:  Apjom\u012bgs, bag\u0101t\u012bgi ilustr\u0113ts izdevums, kas atkl\u0101j apsl\u0113pto: to, ko sievietes velk un reiz ir vilku\u0161as zem t\u0113rpiem. Ilustr\u0101cij\u0101m izmantotas Viktorijas un Alberta muzeja iespaid\u012bg\u0101s kolekcijas ekspon\u0101tu fotogr\u0101fijas \u2013 t\u0101d\u0101 pietuvin\u0101jum\u0101 \u0161os priek\u0161metus nekad un nekur neredz\u0113sit! \u0160\u012b gr\u0101mata ir br\u012bnumskaists un int\u012bms ieskats sievietes dz\u012bv\u0113 no 17. gadsimta l\u012bdz pat m\u016bsdien\u0101m. Bauda ac\u012bm un br\u012bni\u0161\u0137\u012bgs izzi\u0146as avots vienlaikus!\" \/>\n<meta property=\"og:url\" content=\"https:\/\/fashionmuseum.shop\/lv\/prece\/underwear-fashion-in-detail\/\" \/>\n<meta property=\"og:site_name\" content=\"Fashion Museum Riga Online Store\" \/>\n<meta property=\"article:modified_time\" content=\"2024-08-10T20:37:40+00:00\" \/>\n<meta property=\"og:image\" content=\"https:\/\/i1.wp.com\/fashionmuseum.shop\/wp-content\/uploads\/2020\/03\/Fashon-in-detail-underwear_.jpg?fit=720%2C720&ssl=1\" \/>\n\t<meta property=\"og:image:width\" content=\"720\" \/>\n\t<meta property=\"og:image:height\" content=\"720\" \/>\n\t<meta property=\"og:image:type\" content=\"image\/jpeg\" \/>\n<meta name=\"twitter:card\" content=\"summary_large_image\" \/>\n<meta name=\"twitter:label1\" content=\"Est. reading time\" \/>\n\t<meta name=\"twitter:data1\" content=\"1 minute\" \/>\n<script type=\"application\/ld+json\" class=\"yoast-schema-graph\">{\"@context\":\"https:\\\/\\\/schema.org\",\"@graph\":[{\"@type\":\"WebPage\",\"@id\":\"https:\\\/\\\/fashionmuseum.shop\\\/lv\\\/prece\\\/underwear-fashion-in-detail\\\/\",\"url\":\"https:\\\/\\\/fashionmuseum.shop\\\/lv\\\/prece\\\/underwear-fashion-in-detail\\\/\",\"name\":\"Underwear: Fashion in Detail - Fashion Museum Riga Online Store\",\"isPartOf\":{\"@id\":\"https:\\\/\\\/fashionmuseum.shop\\\/lv\\\/#website\"},\"primaryImageOfPage\":{\"@id\":\"https:\\\/\\\/fashionmuseum.shop\\\/lv\\\/prece\\\/underwear-fashion-in-detail\\\/#primaryimage\"},\"image\":{\"@id\":\"https:\\\/\\\/fashionmuseum.shop\\\/lv\\\/prece\\\/underwear-fashion-in-detail\\\/#primaryimage\"},\"thumbnailUrl\":\"https:\\\/\\\/i0.wp.com\\\/fashionmuseum.shop\\\/wp-content\\\/uploads\\\/2020\\\/03\\\/Fashon-in-detail-underwear_.jpg?fit=720%2C720&ssl=1\",\"datePublished\":\"2020-04-09T08:22:29+00:00\",\"dateModified\":\"2024-08-10T20:37:40+00:00\",\"breadcrumb\":{\"@id\":\"https:\\\/\\\/fashionmuseum.shop\\\/lv\\\/prece\\\/underwear-fashion-in-detail\\\/#breadcrumb\"},\"inLanguage\":\"lv-LV\",\"potentialAction\":[{\"@type\":\"ReadAction\",\"target\":[\"https:\\\/\\\/fashionmuseum.shop\\\/lv\\\/prece\\\/underwear-fashion-in-detail\\\/\"]}]},{\"@type\":\"ImageObject\",\"inLanguage\":\"lv-LV\",\"@id\":\"https:\\\/\\\/fashionmuseum.shop\\\/lv\\\/prece\\\/underwear-fashion-in-detail\\\/#primaryimage\",\"url\":\"https:\\\/\\\/i0.wp.com\\\/fashionmuseum.shop\\\/wp-content\\\/uploads\\\/2020\\\/03\\\/Fashon-in-detail-underwear_.jpg?fit=720%2C720&ssl=1\",\"contentUrl\":\"https:\\\/\\\/i0.wp.com\\\/fashionmuseum.shop\\\/wp-content\\\/uploads\\\/2020\\\/03\\\/Fashon-in-detail-underwear_.jpg?fit=720%2C720&ssl=1\",\"width\":720,\"height\":720},{\"@type\":\"BreadcrumbList\",\"@id\":\"https:\\\/\\\/fashionmuseum.shop\\\/lv\\\/prece\\\/underwear-fashion-in-detail\\\/#breadcrumb\",\"itemListElement\":[{\"@type\":\"ListItem\",\"position\":1,\"name\":\"Home\",\"item\":\"https:\\\/\\\/fashionmuseum.shop\\\/lv\\\/\"},{\"@type\":\"ListItem\",\"position\":2,\"name\":\"Products\",\"item\":\"https:\\\/\\\/fashionmuseum.shop\\\/lv\\\/shop\\\/\"},{\"@type\":\"ListItem\",\"position\":3,\"name\":\"Underwear: Fashion in Detail\"}]},{\"@type\":\"WebSite\",\"@id\":\"https:\\\/\\\/fashionmuseum.shop\\\/lv\\\/#website\",\"url\":\"https:\\\/\\\/fashionmuseum.shop\\\/lv\\\/\",\"name\":\"Fashion Museum Online Store\",\"description\":\"Fashion Museum Riga Online Store provides a wide selection of books about fashion and fashion history.\",\"publisher\":{\"@id\":\"https:\\\/\\\/fashionmuseum.shop\\\/lv\\\/#organization\"},\"potentialAction\":[{\"@type\":\"SearchAction\",\"target\":{\"@type\":\"EntryPoint\",\"urlTemplate\":\"https:\\\/\\\/fashionmuseum.shop\\\/lv\\\/?s={search_term_string}\"},\"query-input\":{\"@type\":\"PropertyValueSpecification\",\"valueRequired\":true,\"valueName\":\"search_term_string\"}}],\"inLanguage\":\"lv-LV\"},{\"@type\":\"Organization\",\"@id\":\"https:\\\/\\\/fashionmuseum.shop\\\/lv\\\/#organization\",\"name\":\"Modes muzejs\",\"url\":\"https:\\\/\\\/fashionmuseum.shop\\\/lv\\\/\",\"logo\":{\"@type\":\"ImageObject\",\"inLanguage\":\"lv-LV\",\"@id\":\"https:\\\/\\\/fashionmuseum.shop\\\/lv\\\/#\\\/schema\\\/logo\\\/image\\\/\",\"url\":\"https:\\\/\\\/i1.wp.com\\\/fashionmuseum.shop\\\/wp-content\\\/uploads\\\/2020\\\/04\\\/apple-touch-icon.png?fit=180%2C180&ssl=1\",\"contentUrl\":\"https:\\\/\\\/i1.wp.com\\\/fashionmuseum.shop\\\/wp-content\\\/uploads\\\/2020\\\/04\\\/apple-touch-icon.png?fit=180%2C180&ssl=1\",\"width\":180,\"height\":180,\"caption\":\"Modes muzejs\"},\"image\":{\"@id\":\"https:\\\/\\\/fashionmuseum.shop\\\/lv\\\/#\\\/schema\\\/logo\\\/image\\\/\"}}]}<\/script>\n<!-- \/ Yoast SEO plugin. -->","yoast_head_json":{"title":"Underwear: Fashion in Detail - Fashion Museum Riga Online Store","robots":{"index":"index","follow":"follow","max-snippet":"max-snippet:-1","max-image-preview":"max-image-preview:large","max-video-preview":"max-video-preview:-1"},"canonical":"https:\/\/fashionmuseum.shop\/lv\/prece\/underwear-fashion-in-detail\/","og_locale":"lv_LV","og_type":"article","og_title":"Underwear: Fashion in Detail - Fashion Museum Riga Online Store","og_description":"Eleri Lynn  K\u0101p\u0113c m\u0113s\u00a0izv\u0113l\u0113j\u0101mies\u00a0\u0161o gr\u0101matu:  Apjom\u012bgs, bag\u0101t\u012bgi ilustr\u0113ts izdevums, kas atkl\u0101j apsl\u0113pto: to, ko sievietes velk un reiz ir vilku\u0161as zem t\u0113rpiem. Ilustr\u0101cij\u0101m izmantotas Viktorijas un Alberta muzeja iespaid\u012bg\u0101s kolekcijas ekspon\u0101tu fotogr\u0101fijas \u2013 t\u0101d\u0101 pietuvin\u0101jum\u0101 \u0161os priek\u0161metus nekad un nekur neredz\u0113sit! \u0160\u012b gr\u0101mata ir br\u012bnumskaists un int\u012bms ieskats sievietes dz\u012bv\u0113 no 17. gadsimta l\u012bdz pat m\u016bsdien\u0101m. Bauda ac\u012bm un br\u012bni\u0161\u0137\u012bgs izzi\u0146as avots vienlaikus!","og_url":"https:\/\/fashionmuseum.shop\/lv\/prece\/underwear-fashion-in-detail\/","og_site_name":"Fashion Museum Riga Online Store","article_modified_time":"2024-08-10T20:37:40+00:00","og_image":[{"width":720,"height":720,"url":"https:\/\/i1.wp.com\/fashionmuseum.shop\/wp-content\/uploads\/2020\/03\/Fashon-in-detail-underwear_.jpg?fit=720%2C720&ssl=1","type":"image\/jpeg"}],"twitter_card":"summary_large_image","twitter_misc":{"Est. reading time":"1 minute"},"schema":{"@context":"https:\/\/schema.org","@graph":[{"@type":"WebPage","@id":"https:\/\/fashionmuseum.shop\/lv\/prece\/underwear-fashion-in-detail\/","url":"https:\/\/fashionmuseum.shop\/lv\/prece\/underwear-fashion-in-detail\/","name":"Underwear: Fashion in Detail - Fashion Museum Riga Online Store","isPartOf":{"@id":"https:\/\/fashionmuseum.shop\/lv\/#website"},"primaryImageOfPage":{"@id":"https:\/\/fashionmuseum.shop\/lv\/prece\/underwear-fashion-in-detail\/#primaryimage"},"image":{"@id":"https:\/\/fashionmuseum.shop\/lv\/prece\/underwear-fashion-in-detail\/#primaryimage"},"thumbnailUrl":"https:\/\/i0.wp.com\/fashionmuseum.shop\/wp-content\/uploads\/2020\/03\/Fashon-in-detail-underwear_.jpg?fit=720%2C720&ssl=1","datePublished":"2020-04-09T08:22:29+00:00","dateModified":"2024-08-10T20:37:40+00:00","breadcrumb":{"@id":"https:\/\/fashionmuseum.shop\/lv\/prece\/underwear-fashion-in-detail\/#breadcrumb"},"inLanguage":"lv-LV","potentialAction":[{"@type":"ReadAction","target":["https:\/\/fashionmuseum.shop\/lv\/prece\/underwear-fashion-in-detail\/"]}]},{"@type":"ImageObject","inLanguage":"lv-LV","@id":"https:\/\/fashionmuseum.shop\/lv\/prece\/underwear-fashion-in-detail\/#primaryimage","url":"https:\/\/i0.wp.com\/fashionmuseum.shop\/wp-content\/uploads\/2020\/03\/Fashon-in-detail-underwear_.jpg?fit=720%2C720&ssl=1","contentUrl":"https:\/\/i0.wp.com\/fashionmuseum.shop\/wp-content\/uploads\/2020\/03\/Fashon-in-detail-underwear_.jpg?fit=720%2C720&ssl=1","width":720,"height":720},{"@type":"BreadcrumbList","@id":"https:\/\/fashionmuseum.shop\/lv\/prece\/underwear-fashion-in-detail\/#breadcrumb","itemListElement":[{"@type":"ListItem","position":1,"name":"Home","item":"https:\/\/fashionmuseum.shop\/lv\/"},{"@type":"ListItem","position":2,"name":"Products","item":"https:\/\/fashionmuseum.shop\/lv\/shop\/"},{"@type":"ListItem","position":3,"name":"Underwear: Fashion in Detail"}]},{"@type":"WebSite","@id":"https:\/\/fashionmuseum.shop\/lv\/#website","url":"https:\/\/fashionmuseum.shop\/lv\/","name":"Fashion Museum Online Store","description":"Fashion Museum Riga Online Store provides a wide selection of books about fashion and fashion history.","publisher":{"@id":"https:\/\/fashionmuseum.shop\/lv\/#organization"},"potentialAction":[{"@type":"SearchAction","target":{"@type":"EntryPoint","urlTemplate":"https:\/\/fashionmuseum.shop\/lv\/?s={search_term_string}"},"query-input":{"@type":"PropertyValueSpecification","valueRequired":true,"valueName":"search_term_string"}}],"inLanguage":"lv-LV"},{"@type":"Organization","@id":"https:\/\/fashionmuseum.shop\/lv\/#organization","name":"Modes muzejs","url":"https:\/\/fashionmuseum.shop\/lv\/","logo":{"@type":"ImageObject","inLanguage":"lv-LV","@id":"https:\/\/fashionmuseum.shop\/lv\/#\/schema\/logo\/image\/","url":"https:\/\/i1.wp.com\/fashionmuseum.shop\/wp-content\/uploads\/2020\/04\/apple-touch-icon.png?fit=180%2C180&ssl=1","contentUrl":"https:\/\/i1.wp.com\/fashionmuseum.shop\/wp-content\/uploads\/2020\/04\/apple-touch-icon.png?fit=180%2C180&ssl=1","width":180,"height":180,"caption":"Modes muzejs"},"image":{"@id":"https:\/\/fashionmuseum.shop\/lv\/#\/schema\/logo\/image\/"}}]}},"jetpack_publicize_connections":[],"jetpack_likes_enabled":false,"jetpack_sharing_enabled":true,"amp_enabled":true,"_links":{"self":[{"href":"https:\/\/fashionmuseum.shop\/lv\/wp-json\/wp\/v2\/product\/1741","targetHints":{"allow":["GET"]}}],"collection":[{"href":"https:\/\/fashionmuseum.shop\/lv\/wp-json\/wp\/v2\/product"}],"about":[{"href":"https:\/\/fashionmuseum.shop\/lv\/wp-json\/wp\/v2\/types\/product"}],"wp:featuredmedia":[{"embeddable":true,"href":"https:\/\/fashionmuseum.shop\/lv\/wp-json\/wp\/v2\/media\/1618"}],"wp:attachment":[{"href":"https:\/\/fashionmuseum.shop\/lv\/wp-json\/wp\/v2\/media?parent=1741"}],"wp:term":[{"taxonomy":"product_brand","embeddable":true,"href":"https:\/\/fashionmuseum.shop\/lv\/wp-json\/wp\/v2\/product_brand?post=1741"},{"taxonomy":"product_cat","embeddable":true,"href":"https:\/\/fashionmuseum.shop\/lv\/wp-json\/wp\/v2\/product_cat?post=1741"},{"taxonomy":"product_tag","embeddable":true,"href":"https:\/\/fashionmuseum.shop\/lv\/wp-json\/wp\/v2\/product_tag?post=1741"}],"curies":[{"name":"wp","href":"https:\/\/api.w.org\/{rel}","templated":true}]}}