{"id":1826,"date":"2020-03-20T09:39:39","date_gmt":"2020-03-20T07:39:39","guid":{"rendered":"https:\/\/fashionmuseum.shop\/product\/bags-a-brief-history\/"},"modified":"2024-01-04T13:53:09","modified_gmt":"2024-01-04T11:53:09","slug":"bags-a-brief-history","status":"publish","type":"product","link":"https:\/\/fashionmuseum.shop\/lv\/prece\/bags-a-brief-history\/","title":{"rendered":"Bags: a Brief History"},"content":{"rendered":"<p><em><strong>Izdev\u0113ja gr\u0101matas anot\u0101cija:<\/strong><\/em><\/p>\n<p>An impeccably researched and beautifully produced concise history of bags through the ages, with examples drawn from the Victoria &amp; Albert Museum&#8217;s remarkable collection<\/p>\n<p>From the hand-stitched embroidered purses of the 16th century, to the \u2018make-do-and-mend\u2019 bags of the war years and the rise of the \u2018It\u2019 bag in the 2000s, bags reflect the needs and desires of their users, as well as the changing attitudes to fashion. Focusing on the V&amp;A\u2019s world-famous collection, Bags tells the story of the bag from the earliest leather pouches through to today\u2019s covetable, luxury pieces.<\/p>\n<p><em><strong>Saturs:<\/strong><\/em><\/p>\n<p>\u2022 Introduction \u2022 Chapter One: Girdle Pouches and Almoners: The 14th and 15th Centuries \u2022 Chapter Two: Pokes, Purses and Swete Bagges: The 16th and 17th Centuries \u2022 Chapter Three: Pockets, Purses and Work-bags: 1700\u201390 \u2022 Chapter Four: Reticules: 1790\u20131830 \u2022 Chapter Five: Bags, Purses and Ch\u00e2telaines: 1830\u201380 \u2022 Chapter Six: The Handbag: 1880\u20131918 \u2022 Chapter Seven: Dance Bags, Clutches and \u2018Make-do-and-Mend\u2019: 1918\u201345 \u2022 Chapter Eight: The New Look, Shoulder Bags and Designer Handbags: 1945\u20132000 \u2022 Chapter Nine: Man Bags, Totes and Mini Bags: 2000s\u2013The Present \u2022 Glossary \u2022 Selected Bibliography \u2022 Major Dress Collections Featuring Bags \u2022 Authors\u2019 Biographies \u2022 Acknowledgments \u2022 Index<\/p>\n<p>\u0160\u012bs gr\u0101matas izdev\u0113js ir<span style=\"text-decoration: underline;\"> <strong><a href=\"https:\/\/fashionmuseum.shop\/publisher\/thames-and-hudson\/?lang=lv\">Thames and Hudson<\/a><\/strong><\/span>\u00a0and\u00a0<span style=\"text-decoration: underline;\"><strong><a href=\"https:\/\/fashionmuseum.shop\/publisher\/va-publishing-lv\/?lang=lv\">V&amp;A Publishing<\/a>,<\/strong><\/span> ISBN 9780500519370<\/p>\n","protected":false},"excerpt":{"rendered":"<p><span style=\"text-decoration: underline;\"><strong><a href=\"https:\/\/fashionmuseum.shop\/book-author\/claire-wilcox-lv\/?lang=lv\">Claire Wilcox<\/a><\/strong><\/span><\/p>\n<p><em><strong>K\u0101p\u0113c m\u0113s\u00a0izv\u0113l\u0113j\u0101mies\u00a0\u0161o gr\u0101matu:<\/strong><\/em><\/p>\n<p>Alla\u017e priec\u0101jamies par gr\u0101mat\u0101m, ko m\u016bsu kol\u0113\u0123i no Viktorijas un Alberta muzeja public\u0113ju\u0161i sadarb\u012bb\u0101 ar \u201cThames &amp; Hudson\u201d. Br\u012bni\u0161\u0137\u012bgs, kompakts izdevums par rokassomi\u0146u v\u0113sturi, kura autore Kl\u0113ra Vilkoksa ir Viktorijas un Alberta muzeja vec\u0101k\u0101 kuratore, k\u0101 ar\u012b Londonas Modes koled\u017eas profesore.<\/p>\n","protected":false},"featured_media":1827,"template":"","meta":{"_coblocks_attr":"","_coblocks_dimensions":"","_coblocks_responsive_height":"","_coblocks_accordion_ie_support":"","_crdt_document":"","jetpack_publicize_message":"","jetpack_publicize_feature_enabled":true,"jetpack_social_post_already_shared":true,"jetpack_social_options":{"image_generator_settings":{"template":"highway","default_image_id":0,"font":"","enabled":false},"version":2},"_wpas_customize_per_network":false},"product_brand":[],"product_cat":[1611,1602],"product_tag":[1818],"class_list":{"0":"post-1826","1":"product","2":"type-product","3":"status-publish","4":"has-post-thumbnail","6":"product_cat-gramatas-anglu-valoda","7":"product_cat-gramatas-par-aksesuariem","8":"product_tag-somas","9":"pa_book-author-claire-wilcox-lv","10":"pa_language-anglu","11":"pa_publisher-thames-and-hudson","12":"pa_publisher-va-publishing-lv","14":"first","15":"instock","16":"shipping-taxable","17":"purchasable","18":"product-type-simple"},"yoast_head":"<!-- This site is optimized with the Yoast SEO plugin v27.4 - https:\/\/yoast.com\/product\/yoast-seo-wordpress\/ -->\n<title>Bags: a Brief History - Fashion Museum Riga Online Store<\/title>\n<meta name=\"robots\" content=\"index, follow, max-snippet:-1, max-image-preview:large, max-video-preview:-1\" \/>\n<link rel=\"canonical\" href=\"https:\/\/fashionmuseum.shop\/lv\/prece\/bags-a-brief-history\/\" \/>\n<meta property=\"og:locale\" content=\"lv_LV\" \/>\n<meta property=\"og:type\" content=\"article\" \/>\n<meta property=\"og:title\" content=\"Bags: a Brief History - Fashion Museum Riga Online Store\" \/>\n<meta property=\"og:description\" content=\"Claire Wilcox  K\u0101p\u0113c m\u0113s\u00a0izv\u0113l\u0113j\u0101mies\u00a0\u0161o gr\u0101matu:  Alla\u017e priec\u0101jamies par gr\u0101mat\u0101m, ko m\u016bsu kol\u0113\u0123i no Viktorijas un Alberta muzeja public\u0113ju\u0161i sadarb\u012bb\u0101 ar \u201cThames &amp; Hudson\u201d. Br\u012bni\u0161\u0137\u012bgs, kompakts izdevums par rokassomi\u0146u v\u0113sturi, kura autore Kl\u0113ra Vilkoksa ir Viktorijas un Alberta muzeja vec\u0101k\u0101 kuratore, k\u0101 ar\u012b Londonas Modes koled\u017eas profesore.\" \/>\n<meta property=\"og:url\" content=\"https:\/\/fashionmuseum.shop\/lv\/prece\/bags-a-brief-history\/\" \/>\n<meta property=\"og:site_name\" content=\"Fashion Museum Riga Online Store\" \/>\n<meta property=\"article:modified_time\" content=\"2024-01-04T11:53:09+00:00\" \/>\n<meta property=\"og:image\" content=\"https:\/\/i1.wp.com\/fashionmuseum.shop\/wp-content\/uploads\/2020\/03\/9780500519370_bags_01.jpg?fit=720%2C720&ssl=1\" \/>\n\t<meta property=\"og:image:width\" content=\"720\" \/>\n\t<meta property=\"og:image:height\" content=\"720\" \/>\n\t<meta property=\"og:image:type\" content=\"image\/jpeg\" \/>\n<meta name=\"twitter:card\" content=\"summary_large_image\" \/>\n<meta name=\"twitter:label1\" content=\"Est. reading time\" \/>\n\t<meta name=\"twitter:data1\" content=\"1 minute\" \/>\n<script type=\"application\/ld+json\" class=\"yoast-schema-graph\">{\"@context\":\"https:\\\/\\\/schema.org\",\"@graph\":[{\"@type\":\"WebPage\",\"@id\":\"https:\\\/\\\/fashionmuseum.shop\\\/lv\\\/prece\\\/bags-a-brief-history\\\/\",\"url\":\"https:\\\/\\\/fashionmuseum.shop\\\/lv\\\/prece\\\/bags-a-brief-history\\\/\",\"name\":\"Bags: a Brief History - Fashion Museum Riga Online Store\",\"isPartOf\":{\"@id\":\"https:\\\/\\\/fashionmuseum.shop\\\/lv\\\/#website\"},\"primaryImageOfPage\":{\"@id\":\"https:\\\/\\\/fashionmuseum.shop\\\/lv\\\/prece\\\/bags-a-brief-history\\\/#primaryimage\"},\"image\":{\"@id\":\"https:\\\/\\\/fashionmuseum.shop\\\/lv\\\/prece\\\/bags-a-brief-history\\\/#primaryimage\"},\"thumbnailUrl\":\"https:\\\/\\\/i0.wp.com\\\/fashionmuseum.shop\\\/wp-content\\\/uploads\\\/2020\\\/03\\\/9780500519370_bags_01.jpg?fit=720%2C720&ssl=1\",\"datePublished\":\"2020-03-20T07:39:39+00:00\",\"dateModified\":\"2024-01-04T11:53:09+00:00\",\"breadcrumb\":{\"@id\":\"https:\\\/\\\/fashionmuseum.shop\\\/lv\\\/prece\\\/bags-a-brief-history\\\/#breadcrumb\"},\"inLanguage\":\"lv-LV\",\"potentialAction\":[{\"@type\":\"ReadAction\",\"target\":[\"https:\\\/\\\/fashionmuseum.shop\\\/lv\\\/prece\\\/bags-a-brief-history\\\/\"]}]},{\"@type\":\"ImageObject\",\"inLanguage\":\"lv-LV\",\"@id\":\"https:\\\/\\\/fashionmuseum.shop\\\/lv\\\/prece\\\/bags-a-brief-history\\\/#primaryimage\",\"url\":\"https:\\\/\\\/i0.wp.com\\\/fashionmuseum.shop\\\/wp-content\\\/uploads\\\/2020\\\/03\\\/9780500519370_bags_01.jpg?fit=720%2C720&ssl=1\",\"contentUrl\":\"https:\\\/\\\/i0.wp.com\\\/fashionmuseum.shop\\\/wp-content\\\/uploads\\\/2020\\\/03\\\/9780500519370_bags_01.jpg?fit=720%2C720&ssl=1\",\"width\":720,\"height\":720,\"caption\":\"bags a brief history book cover\"},{\"@type\":\"BreadcrumbList\",\"@id\":\"https:\\\/\\\/fashionmuseum.shop\\\/lv\\\/prece\\\/bags-a-brief-history\\\/#breadcrumb\",\"itemListElement\":[{\"@type\":\"ListItem\",\"position\":1,\"name\":\"Home\",\"item\":\"https:\\\/\\\/fashionmuseum.shop\\\/lv\\\/\"},{\"@type\":\"ListItem\",\"position\":2,\"name\":\"Products\",\"item\":\"https:\\\/\\\/fashionmuseum.shop\\\/lv\\\/shop\\\/\"},{\"@type\":\"ListItem\",\"position\":3,\"name\":\"Bags: a Brief History\"}]},{\"@type\":\"WebSite\",\"@id\":\"https:\\\/\\\/fashionmuseum.shop\\\/lv\\\/#website\",\"url\":\"https:\\\/\\\/fashionmuseum.shop\\\/lv\\\/\",\"name\":\"Fashion Museum Online Store\",\"description\":\"Fashion Museum Riga Online Store provides a wide selection of books about fashion and fashion history.\",\"publisher\":{\"@id\":\"https:\\\/\\\/fashionmuseum.shop\\\/lv\\\/#organization\"},\"potentialAction\":[{\"@type\":\"SearchAction\",\"target\":{\"@type\":\"EntryPoint\",\"urlTemplate\":\"https:\\\/\\\/fashionmuseum.shop\\\/lv\\\/?s={search_term_string}\"},\"query-input\":{\"@type\":\"PropertyValueSpecification\",\"valueRequired\":true,\"valueName\":\"search_term_string\"}}],\"inLanguage\":\"lv-LV\"},{\"@type\":\"Organization\",\"@id\":\"https:\\\/\\\/fashionmuseum.shop\\\/lv\\\/#organization\",\"name\":\"Modes muzejs\",\"url\":\"https:\\\/\\\/fashionmuseum.shop\\\/lv\\\/\",\"logo\":{\"@type\":\"ImageObject\",\"inLanguage\":\"lv-LV\",\"@id\":\"https:\\\/\\\/fashionmuseum.shop\\\/lv\\\/#\\\/schema\\\/logo\\\/image\\\/\",\"url\":\"https:\\\/\\\/i1.wp.com\\\/fashionmuseum.shop\\\/wp-content\\\/uploads\\\/2020\\\/04\\\/apple-touch-icon.png?fit=180%2C180&ssl=1\",\"contentUrl\":\"https:\\\/\\\/i1.wp.com\\\/fashionmuseum.shop\\\/wp-content\\\/uploads\\\/2020\\\/04\\\/apple-touch-icon.png?fit=180%2C180&ssl=1\",\"width\":180,\"height\":180,\"caption\":\"Modes muzejs\"},\"image\":{\"@id\":\"https:\\\/\\\/fashionmuseum.shop\\\/lv\\\/#\\\/schema\\\/logo\\\/image\\\/\"}}]}<\/script>\n<!-- \/ Yoast SEO plugin. -->","yoast_head_json":{"title":"Bags: a Brief History - Fashion Museum Riga Online Store","robots":{"index":"index","follow":"follow","max-snippet":"max-snippet:-1","max-image-preview":"max-image-preview:large","max-video-preview":"max-video-preview:-1"},"canonical":"https:\/\/fashionmuseum.shop\/lv\/prece\/bags-a-brief-history\/","og_locale":"lv_LV","og_type":"article","og_title":"Bags: a Brief History - Fashion Museum Riga Online Store","og_description":"Claire Wilcox  K\u0101p\u0113c m\u0113s\u00a0izv\u0113l\u0113j\u0101mies\u00a0\u0161o gr\u0101matu:  Alla\u017e priec\u0101jamies par gr\u0101mat\u0101m, ko m\u016bsu kol\u0113\u0123i no Viktorijas un Alberta muzeja public\u0113ju\u0161i sadarb\u012bb\u0101 ar \u201cThames &amp; Hudson\u201d. Br\u012bni\u0161\u0137\u012bgs, kompakts izdevums par rokassomi\u0146u v\u0113sturi, kura autore Kl\u0113ra Vilkoksa ir Viktorijas un Alberta muzeja vec\u0101k\u0101 kuratore, k\u0101 ar\u012b Londonas Modes koled\u017eas profesore.","og_url":"https:\/\/fashionmuseum.shop\/lv\/prece\/bags-a-brief-history\/","og_site_name":"Fashion Museum Riga Online Store","article_modified_time":"2024-01-04T11:53:09+00:00","og_image":[{"width":720,"height":720,"url":"https:\/\/i1.wp.com\/fashionmuseum.shop\/wp-content\/uploads\/2020\/03\/9780500519370_bags_01.jpg?fit=720%2C720&ssl=1","type":"image\/jpeg"}],"twitter_card":"summary_large_image","twitter_misc":{"Est. reading time":"1 minute"},"schema":{"@context":"https:\/\/schema.org","@graph":[{"@type":"WebPage","@id":"https:\/\/fashionmuseum.shop\/lv\/prece\/bags-a-brief-history\/","url":"https:\/\/fashionmuseum.shop\/lv\/prece\/bags-a-brief-history\/","name":"Bags: a Brief History - Fashion Museum Riga Online Store","isPartOf":{"@id":"https:\/\/fashionmuseum.shop\/lv\/#website"},"primaryImageOfPage":{"@id":"https:\/\/fashionmuseum.shop\/lv\/prece\/bags-a-brief-history\/#primaryimage"},"image":{"@id":"https:\/\/fashionmuseum.shop\/lv\/prece\/bags-a-brief-history\/#primaryimage"},"thumbnailUrl":"https:\/\/i0.wp.com\/fashionmuseum.shop\/wp-content\/uploads\/2020\/03\/9780500519370_bags_01.jpg?fit=720%2C720&ssl=1","datePublished":"2020-03-20T07:39:39+00:00","dateModified":"2024-01-04T11:53:09+00:00","breadcrumb":{"@id":"https:\/\/fashionmuseum.shop\/lv\/prece\/bags-a-brief-history\/#breadcrumb"},"inLanguage":"lv-LV","potentialAction":[{"@type":"ReadAction","target":["https:\/\/fashionmuseum.shop\/lv\/prece\/bags-a-brief-history\/"]}]},{"@type":"ImageObject","inLanguage":"lv-LV","@id":"https:\/\/fashionmuseum.shop\/lv\/prece\/bags-a-brief-history\/#primaryimage","url":"https:\/\/i0.wp.com\/fashionmuseum.shop\/wp-content\/uploads\/2020\/03\/9780500519370_bags_01.jpg?fit=720%2C720&ssl=1","contentUrl":"https:\/\/i0.wp.com\/fashionmuseum.shop\/wp-content\/uploads\/2020\/03\/9780500519370_bags_01.jpg?fit=720%2C720&ssl=1","width":720,"height":720,"caption":"bags a brief history book cover"},{"@type":"BreadcrumbList","@id":"https:\/\/fashionmuseum.shop\/lv\/prece\/bags-a-brief-history\/#breadcrumb","itemListElement":[{"@type":"ListItem","position":1,"name":"Home","item":"https:\/\/fashionmuseum.shop\/lv\/"},{"@type":"ListItem","position":2,"name":"Products","item":"https:\/\/fashionmuseum.shop\/lv\/shop\/"},{"@type":"ListItem","position":3,"name":"Bags: a Brief History"}]},{"@type":"WebSite","@id":"https:\/\/fashionmuseum.shop\/lv\/#website","url":"https:\/\/fashionmuseum.shop\/lv\/","name":"Fashion Museum Online Store","description":"Fashion Museum Riga Online Store provides a wide selection of books about fashion and fashion history.","publisher":{"@id":"https:\/\/fashionmuseum.shop\/lv\/#organization"},"potentialAction":[{"@type":"SearchAction","target":{"@type":"EntryPoint","urlTemplate":"https:\/\/fashionmuseum.shop\/lv\/?s={search_term_string}"},"query-input":{"@type":"PropertyValueSpecification","valueRequired":true,"valueName":"search_term_string"}}],"inLanguage":"lv-LV"},{"@type":"Organization","@id":"https:\/\/fashionmuseum.shop\/lv\/#organization","name":"Modes muzejs","url":"https:\/\/fashionmuseum.shop\/lv\/","logo":{"@type":"ImageObject","inLanguage":"lv-LV","@id":"https:\/\/fashionmuseum.shop\/lv\/#\/schema\/logo\/image\/","url":"https:\/\/i1.wp.com\/fashionmuseum.shop\/wp-content\/uploads\/2020\/04\/apple-touch-icon.png?fit=180%2C180&ssl=1","contentUrl":"https:\/\/i1.wp.com\/fashionmuseum.shop\/wp-content\/uploads\/2020\/04\/apple-touch-icon.png?fit=180%2C180&ssl=1","width":180,"height":180,"caption":"Modes muzejs"},"image":{"@id":"https:\/\/fashionmuseum.shop\/lv\/#\/schema\/logo\/image\/"}}]}},"jetpack_publicize_connections":[],"jetpack_likes_enabled":false,"jetpack_sharing_enabled":true,"amp_enabled":true,"_links":{"self":[{"href":"https:\/\/fashionmuseum.shop\/lv\/wp-json\/wp\/v2\/product\/1826","targetHints":{"allow":["GET"]}}],"collection":[{"href":"https:\/\/fashionmuseum.shop\/lv\/wp-json\/wp\/v2\/product"}],"about":[{"href":"https:\/\/fashionmuseum.shop\/lv\/wp-json\/wp\/v2\/types\/product"}],"wp:featuredmedia":[{"embeddable":true,"href":"https:\/\/fashionmuseum.shop\/lv\/wp-json\/wp\/v2\/media\/1827"}],"wp:attachment":[{"href":"https:\/\/fashionmuseum.shop\/lv\/wp-json\/wp\/v2\/media?parent=1826"}],"wp:term":[{"taxonomy":"product_brand","embeddable":true,"href":"https:\/\/fashionmuseum.shop\/lv\/wp-json\/wp\/v2\/product_brand?post=1826"},{"taxonomy":"product_cat","embeddable":true,"href":"https:\/\/fashionmuseum.shop\/lv\/wp-json\/wp\/v2\/product_cat?post=1826"},{"taxonomy":"product_tag","embeddable":true,"href":"https:\/\/fashionmuseum.shop\/lv\/wp-json\/wp\/v2\/product_tag?post=1826"}],"curies":[{"name":"wp","href":"https:\/\/api.w.org\/{rel}","templated":true}]}}