{"id":26012,"date":"2023-05-27T21:54:52","date_gmt":"2023-05-27T18:54:52","guid":{"rendered":"https:\/\/fashionmuseum.shop\/product\/little-book-of-schiaparelli-the-story-of-the-iconic-fashion-designer\/"},"modified":"2023-05-27T22:31:45","modified_gmt":"2023-05-27T19:31:45","slug":"little-book-of-schiaparelli-the-story-of-the-iconic-fashion-designer","status":"publish","type":"product","link":"https:\/\/fashionmuseum.shop\/lv\/prece\/little-book-of-schiaparelli-the-story-of-the-iconic-fashion-designer\/","title":{"rendered":"Little Book of Schiaparelli. The Story of the Iconic Fashion Designer"},"content":{"rendered":"<p><em><strong>Izdev\u0113ja gr\u0101matas anot\u0101cija:<\/strong><\/em><\/p>\n<p><span class=\"a-text-italic\">Little Book of Schiaparelli<\/span>\u00a0chronicles the work of one of history&#8217;s most influential and eccentric couturiers. Endowed with a strikingly imaginative and experimental approach to fashion, Elsa Schiaparelli cultivated a combination of the witty and the surreal, the cutting edge and the elegant, from her garments and jewellery to her collaborations with Salvador Dal\u00ed, Jean Cocteau and Alberto Giacometti.<\/p>\n<p>Exquisitely illustrated and expertly written, the book follows a biographical chronology detailing her life, career and primary creative themes of her work. Images of Schiaparelli&#8217;s finished designs, along with close-up details and illustrations of her personal sketches, showcase the brilliance of her innovative oeuvre, and the legacy that lives on in the House of Schiaparelli to this day.<\/p>\n<p>This book is brought by\u00a0<a href=\"https:\/\/fashionmuseum.shop\/lv\/publisher\/welbeck-publishing\/\"><strong>Welbeck Publishing<\/strong><\/a>, ISBN 9781787398283<\/p>\n","protected":false},"excerpt":{"rendered":"<p><a href=\"https:\/\/fashionmuseum.shop\/lv\/book-author\/emma-baxter-wright\/\"><strong>Emma Baxter-Wright<\/strong><\/a><\/p>\n<p><em><strong>K\u0101p\u0113c m\u0113s izv\u0113l\u0113j\u0101mies \u0161o gr\u0101matu:<\/strong><\/em><\/p>\n<p>\u0160\u012bs kompakt\u0101s, ta\u010du informat\u012bvi un ilustrat\u012bvi bag\u0101t\u012bg\u0101s gr\u0101matas galven\u0101 varone ir Elza Skjaparelli \u2013 viena no inovat\u012bv\u0101kaj\u0101m un spilgt\u0101kaj\u0101m 20. gadsimta modes dizainer\u0113m. Tie\u0161i vi\u0146ai varam teikt paldies ne vien par shocking pink kr\u0101su, bet ar\u012b plecu polsteriem, redzamiem r\u0101v\u0113jsl\u0113dz\u0113jiem, kabat\u0101m sievie\u0161u t\u0113rpos \u2013 un kur tad v\u0113l le\u0123end\u0101r\u0101 sadarb\u012bba ar m\u0101ksliniekiem sirre\u0101listiem\u2026 Lieliska d\u0101vana modes v\u0113stures cien\u012bt\u0101jiem!<\/p>\n","protected":false},"featured_media":26007,"template":"","meta":{"_coblocks_attr":"","_coblocks_dimensions":"","_coblocks_responsive_height":"","_coblocks_accordion_ie_support":"","_crdt_document":"","jetpack_publicize_message":"","jetpack_publicize_feature_enabled":true,"jetpack_social_post_already_shared":true,"jetpack_social_options":{"image_generator_settings":{"template":"highway","default_image_id":0,"font":"","enabled":false},"version":2},"_wpas_customize_per_network":false},"product_brand":[],"product_cat":[1611,1603,1605,2418],"product_tag":[2949,3520],"class_list":{"0":"post-26012","1":"product","2":"type-product","3":"status-publish","4":"has-post-thumbnail","6":"product_cat-gramatas-anglu-valoda","7":"product_cat-gramatas-par-modes-dizaineriem","8":"product_cat-gramatas-par-modes-vesturi","9":"product_cat-gramatas","10":"product_tag-elsa-schiaparelli-lv","11":"product_tag-fashion-lv","12":"pa_book-author-emma-baxter-wright-lv","13":"pa_language-anglu","14":"pa_publisher-welbeck-publishing-lv","16":"first","17":"instock","18":"shipping-taxable","19":"purchasable","20":"product-type-simple"},"yoast_head":"<!-- This site is optimized with the Yoast SEO plugin v27.4 - https:\/\/yoast.com\/product\/yoast-seo-wordpress\/ -->\n<title>Little Book of Schiaparelli. The Story of the Iconic Fashion Designer - Fashion Museum Riga Online Store<\/title>\n<meta name=\"robots\" content=\"index, follow, max-snippet:-1, max-image-preview:large, max-video-preview:-1\" \/>\n<link rel=\"canonical\" href=\"https:\/\/fashionmuseum.shop\/lv\/prece\/little-book-of-schiaparelli-the-story-of-the-iconic-fashion-designer\/\" \/>\n<meta property=\"og:locale\" content=\"lv_LV\" \/>\n<meta property=\"og:type\" content=\"article\" \/>\n<meta property=\"og:title\" content=\"Little Book of Schiaparelli. The Story of the Iconic Fashion Designer - Fashion Museum Riga Online Store\" \/>\n<meta property=\"og:description\" content=\"Emma Baxter-Wright  K\u0101p\u0113c m\u0113s izv\u0113l\u0113j\u0101mies \u0161o gr\u0101matu:  \u0160\u012bs kompakt\u0101s, ta\u010du informat\u012bvi un ilustrat\u012bvi bag\u0101t\u012bg\u0101s gr\u0101matas galven\u0101 varone ir Elza Skjaparelli \u2013 viena no inovat\u012bv\u0101kaj\u0101m un spilgt\u0101kaj\u0101m 20. gadsimta modes dizainer\u0113m. Tie\u0161i vi\u0146ai varam teikt paldies ne vien par shocking pink kr\u0101su, bet ar\u012b plecu polsteriem, redzamiem r\u0101v\u0113jsl\u0113dz\u0113jiem, kabat\u0101m sievie\u0161u t\u0113rpos \u2013 un kur tad v\u0113l le\u0123end\u0101r\u0101 sadarb\u012bba ar m\u0101ksliniekiem sirre\u0101listiem\u2026 Lieliska d\u0101vana modes v\u0113stures cien\u012bt\u0101jiem!\" \/>\n<meta property=\"og:url\" content=\"https:\/\/fashionmuseum.shop\/lv\/prece\/little-book-of-schiaparelli-the-story-of-the-iconic-fashion-designer\/\" \/>\n<meta property=\"og:site_name\" content=\"Fashion Museum Riga Online Store\" \/>\n<meta property=\"article:modified_time\" content=\"2023-05-27T19:31:45+00:00\" \/>\n<meta property=\"og:image\" content=\"https:\/\/fashionmuseum.shop\/wp-content\/uploads\/2023\/05\/Schiaparelli_cover-819x1024.jpg\" \/>\n\t<meta property=\"og:image:width\" content=\"819\" \/>\n\t<meta property=\"og:image:height\" content=\"1024\" \/>\n\t<meta property=\"og:image:type\" content=\"image\/jpeg\" \/>\n<meta name=\"twitter:card\" content=\"summary_large_image\" \/>\n<meta name=\"twitter:label1\" content=\"Est. reading time\" \/>\n\t<meta name=\"twitter:data1\" content=\"1 minute\" \/>\n<script type=\"application\/ld+json\" class=\"yoast-schema-graph\">{\"@context\":\"https:\\\/\\\/schema.org\",\"@graph\":[{\"@type\":\"WebPage\",\"@id\":\"https:\\\/\\\/fashionmuseum.shop\\\/lv\\\/prece\\\/little-book-of-schiaparelli-the-story-of-the-iconic-fashion-designer\\\/\",\"url\":\"https:\\\/\\\/fashionmuseum.shop\\\/lv\\\/prece\\\/little-book-of-schiaparelli-the-story-of-the-iconic-fashion-designer\\\/\",\"name\":\"Little Book of Schiaparelli. The Story of the Iconic Fashion Designer - Fashion Museum Riga Online Store\",\"isPartOf\":{\"@id\":\"https:\\\/\\\/fashionmuseum.shop\\\/lv\\\/#website\"},\"primaryImageOfPage\":{\"@id\":\"https:\\\/\\\/fashionmuseum.shop\\\/lv\\\/prece\\\/little-book-of-schiaparelli-the-story-of-the-iconic-fashion-designer\\\/#primaryimage\"},\"image\":{\"@id\":\"https:\\\/\\\/fashionmuseum.shop\\\/lv\\\/prece\\\/little-book-of-schiaparelli-the-story-of-the-iconic-fashion-designer\\\/#primaryimage\"},\"thumbnailUrl\":\"https:\\\/\\\/i0.wp.com\\\/fashionmuseum.shop\\\/wp-content\\\/uploads\\\/2023\\\/05\\\/Schiaparelli_cover.jpg?fit=2484%2C3105&ssl=1\",\"datePublished\":\"2023-05-27T18:54:52+00:00\",\"dateModified\":\"2023-05-27T19:31:45+00:00\",\"breadcrumb\":{\"@id\":\"https:\\\/\\\/fashionmuseum.shop\\\/lv\\\/prece\\\/little-book-of-schiaparelli-the-story-of-the-iconic-fashion-designer\\\/#breadcrumb\"},\"inLanguage\":\"lv-LV\",\"potentialAction\":[{\"@type\":\"ReadAction\",\"target\":[\"https:\\\/\\\/fashionmuseum.shop\\\/lv\\\/prece\\\/little-book-of-schiaparelli-the-story-of-the-iconic-fashion-designer\\\/\"]}]},{\"@type\":\"ImageObject\",\"inLanguage\":\"lv-LV\",\"@id\":\"https:\\\/\\\/fashionmuseum.shop\\\/lv\\\/prece\\\/little-book-of-schiaparelli-the-story-of-the-iconic-fashion-designer\\\/#primaryimage\",\"url\":\"https:\\\/\\\/i0.wp.com\\\/fashionmuseum.shop\\\/wp-content\\\/uploads\\\/2023\\\/05\\\/Schiaparelli_cover.jpg?fit=2484%2C3105&ssl=1\",\"contentUrl\":\"https:\\\/\\\/i0.wp.com\\\/fashionmuseum.shop\\\/wp-content\\\/uploads\\\/2023\\\/05\\\/Schiaparelli_cover.jpg?fit=2484%2C3105&ssl=1\",\"width\":2484,\"height\":3105,\"caption\":\"SONY DSC\"},{\"@type\":\"BreadcrumbList\",\"@id\":\"https:\\\/\\\/fashionmuseum.shop\\\/lv\\\/prece\\\/little-book-of-schiaparelli-the-story-of-the-iconic-fashion-designer\\\/#breadcrumb\",\"itemListElement\":[{\"@type\":\"ListItem\",\"position\":1,\"name\":\"Home\",\"item\":\"https:\\\/\\\/fashionmuseum.shop\\\/lv\\\/\"},{\"@type\":\"ListItem\",\"position\":2,\"name\":\"Products\",\"item\":\"https:\\\/\\\/fashionmuseum.shop\\\/lv\\\/shop\\\/\"},{\"@type\":\"ListItem\",\"position\":3,\"name\":\"Little Book of Schiaparelli. The Story of the Iconic Fashion Designer\"}]},{\"@type\":\"WebSite\",\"@id\":\"https:\\\/\\\/fashionmuseum.shop\\\/lv\\\/#website\",\"url\":\"https:\\\/\\\/fashionmuseum.shop\\\/lv\\\/\",\"name\":\"Fashion Museum Online Store\",\"description\":\"Fashion Museum Riga Online Store provides a wide selection of books about fashion and fashion history.\",\"publisher\":{\"@id\":\"https:\\\/\\\/fashionmuseum.shop\\\/lv\\\/#organization\"},\"potentialAction\":[{\"@type\":\"SearchAction\",\"target\":{\"@type\":\"EntryPoint\",\"urlTemplate\":\"https:\\\/\\\/fashionmuseum.shop\\\/lv\\\/?s={search_term_string}\"},\"query-input\":{\"@type\":\"PropertyValueSpecification\",\"valueRequired\":true,\"valueName\":\"search_term_string\"}}],\"inLanguage\":\"lv-LV\"},{\"@type\":\"Organization\",\"@id\":\"https:\\\/\\\/fashionmuseum.shop\\\/lv\\\/#organization\",\"name\":\"Modes muzejs\",\"url\":\"https:\\\/\\\/fashionmuseum.shop\\\/lv\\\/\",\"logo\":{\"@type\":\"ImageObject\",\"inLanguage\":\"lv-LV\",\"@id\":\"https:\\\/\\\/fashionmuseum.shop\\\/lv\\\/#\\\/schema\\\/logo\\\/image\\\/\",\"url\":\"https:\\\/\\\/i1.wp.com\\\/fashionmuseum.shop\\\/wp-content\\\/uploads\\\/2020\\\/04\\\/apple-touch-icon.png?fit=180%2C180&ssl=1\",\"contentUrl\":\"https:\\\/\\\/i1.wp.com\\\/fashionmuseum.shop\\\/wp-content\\\/uploads\\\/2020\\\/04\\\/apple-touch-icon.png?fit=180%2C180&ssl=1\",\"width\":180,\"height\":180,\"caption\":\"Modes muzejs\"},\"image\":{\"@id\":\"https:\\\/\\\/fashionmuseum.shop\\\/lv\\\/#\\\/schema\\\/logo\\\/image\\\/\"}}]}<\/script>\n<!-- \/ Yoast SEO plugin. -->","yoast_head_json":{"title":"Little Book of Schiaparelli. The Story of the Iconic Fashion Designer - Fashion Museum Riga Online Store","robots":{"index":"index","follow":"follow","max-snippet":"max-snippet:-1","max-image-preview":"max-image-preview:large","max-video-preview":"max-video-preview:-1"},"canonical":"https:\/\/fashionmuseum.shop\/lv\/prece\/little-book-of-schiaparelli-the-story-of-the-iconic-fashion-designer\/","og_locale":"lv_LV","og_type":"article","og_title":"Little Book of Schiaparelli. The Story of the Iconic Fashion Designer - Fashion Museum Riga Online Store","og_description":"Emma Baxter-Wright  K\u0101p\u0113c m\u0113s izv\u0113l\u0113j\u0101mies \u0161o gr\u0101matu:  \u0160\u012bs kompakt\u0101s, ta\u010du informat\u012bvi un ilustrat\u012bvi bag\u0101t\u012bg\u0101s gr\u0101matas galven\u0101 varone ir Elza Skjaparelli \u2013 viena no inovat\u012bv\u0101kaj\u0101m un spilgt\u0101kaj\u0101m 20. gadsimta modes dizainer\u0113m. Tie\u0161i vi\u0146ai varam teikt paldies ne vien par shocking pink kr\u0101su, bet ar\u012b plecu polsteriem, redzamiem r\u0101v\u0113jsl\u0113dz\u0113jiem, kabat\u0101m sievie\u0161u t\u0113rpos \u2013 un kur tad v\u0113l le\u0123end\u0101r\u0101 sadarb\u012bba ar m\u0101ksliniekiem sirre\u0101listiem\u2026 Lieliska d\u0101vana modes v\u0113stures cien\u012bt\u0101jiem!","og_url":"https:\/\/fashionmuseum.shop\/lv\/prece\/little-book-of-schiaparelli-the-story-of-the-iconic-fashion-designer\/","og_site_name":"Fashion Museum Riga Online Store","article_modified_time":"2023-05-27T19:31:45+00:00","og_image":[{"width":819,"height":1024,"url":"https:\/\/fashionmuseum.shop\/wp-content\/uploads\/2023\/05\/Schiaparelli_cover-819x1024.jpg","type":"image\/jpeg"}],"twitter_card":"summary_large_image","twitter_misc":{"Est. reading time":"1 minute"},"schema":{"@context":"https:\/\/schema.org","@graph":[{"@type":"WebPage","@id":"https:\/\/fashionmuseum.shop\/lv\/prece\/little-book-of-schiaparelli-the-story-of-the-iconic-fashion-designer\/","url":"https:\/\/fashionmuseum.shop\/lv\/prece\/little-book-of-schiaparelli-the-story-of-the-iconic-fashion-designer\/","name":"Little Book of Schiaparelli. The Story of the Iconic Fashion Designer - Fashion Museum Riga Online Store","isPartOf":{"@id":"https:\/\/fashionmuseum.shop\/lv\/#website"},"primaryImageOfPage":{"@id":"https:\/\/fashionmuseum.shop\/lv\/prece\/little-book-of-schiaparelli-the-story-of-the-iconic-fashion-designer\/#primaryimage"},"image":{"@id":"https:\/\/fashionmuseum.shop\/lv\/prece\/little-book-of-schiaparelli-the-story-of-the-iconic-fashion-designer\/#primaryimage"},"thumbnailUrl":"https:\/\/i0.wp.com\/fashionmuseum.shop\/wp-content\/uploads\/2023\/05\/Schiaparelli_cover.jpg?fit=2484%2C3105&ssl=1","datePublished":"2023-05-27T18:54:52+00:00","dateModified":"2023-05-27T19:31:45+00:00","breadcrumb":{"@id":"https:\/\/fashionmuseum.shop\/lv\/prece\/little-book-of-schiaparelli-the-story-of-the-iconic-fashion-designer\/#breadcrumb"},"inLanguage":"lv-LV","potentialAction":[{"@type":"ReadAction","target":["https:\/\/fashionmuseum.shop\/lv\/prece\/little-book-of-schiaparelli-the-story-of-the-iconic-fashion-designer\/"]}]},{"@type":"ImageObject","inLanguage":"lv-LV","@id":"https:\/\/fashionmuseum.shop\/lv\/prece\/little-book-of-schiaparelli-the-story-of-the-iconic-fashion-designer\/#primaryimage","url":"https:\/\/i0.wp.com\/fashionmuseum.shop\/wp-content\/uploads\/2023\/05\/Schiaparelli_cover.jpg?fit=2484%2C3105&ssl=1","contentUrl":"https:\/\/i0.wp.com\/fashionmuseum.shop\/wp-content\/uploads\/2023\/05\/Schiaparelli_cover.jpg?fit=2484%2C3105&ssl=1","width":2484,"height":3105,"caption":"SONY DSC"},{"@type":"BreadcrumbList","@id":"https:\/\/fashionmuseum.shop\/lv\/prece\/little-book-of-schiaparelli-the-story-of-the-iconic-fashion-designer\/#breadcrumb","itemListElement":[{"@type":"ListItem","position":1,"name":"Home","item":"https:\/\/fashionmuseum.shop\/lv\/"},{"@type":"ListItem","position":2,"name":"Products","item":"https:\/\/fashionmuseum.shop\/lv\/shop\/"},{"@type":"ListItem","position":3,"name":"Little Book of Schiaparelli. The Story of the Iconic Fashion Designer"}]},{"@type":"WebSite","@id":"https:\/\/fashionmuseum.shop\/lv\/#website","url":"https:\/\/fashionmuseum.shop\/lv\/","name":"Fashion Museum Online Store","description":"Fashion Museum Riga Online Store provides a wide selection of books about fashion and fashion history.","publisher":{"@id":"https:\/\/fashionmuseum.shop\/lv\/#organization"},"potentialAction":[{"@type":"SearchAction","target":{"@type":"EntryPoint","urlTemplate":"https:\/\/fashionmuseum.shop\/lv\/?s={search_term_string}"},"query-input":{"@type":"PropertyValueSpecification","valueRequired":true,"valueName":"search_term_string"}}],"inLanguage":"lv-LV"},{"@type":"Organization","@id":"https:\/\/fashionmuseum.shop\/lv\/#organization","name":"Modes muzejs","url":"https:\/\/fashionmuseum.shop\/lv\/","logo":{"@type":"ImageObject","inLanguage":"lv-LV","@id":"https:\/\/fashionmuseum.shop\/lv\/#\/schema\/logo\/image\/","url":"https:\/\/i1.wp.com\/fashionmuseum.shop\/wp-content\/uploads\/2020\/04\/apple-touch-icon.png?fit=180%2C180&ssl=1","contentUrl":"https:\/\/i1.wp.com\/fashionmuseum.shop\/wp-content\/uploads\/2020\/04\/apple-touch-icon.png?fit=180%2C180&ssl=1","width":180,"height":180,"caption":"Modes muzejs"},"image":{"@id":"https:\/\/fashionmuseum.shop\/lv\/#\/schema\/logo\/image\/"}}]}},"jetpack_publicize_connections":[],"jetpack_likes_enabled":false,"jetpack_sharing_enabled":true,"amp_enabled":true,"_links":{"self":[{"href":"https:\/\/fashionmuseum.shop\/lv\/wp-json\/wp\/v2\/product\/26012","targetHints":{"allow":["GET"]}}],"collection":[{"href":"https:\/\/fashionmuseum.shop\/lv\/wp-json\/wp\/v2\/product"}],"about":[{"href":"https:\/\/fashionmuseum.shop\/lv\/wp-json\/wp\/v2\/types\/product"}],"wp:featuredmedia":[{"embeddable":true,"href":"https:\/\/fashionmuseum.shop\/lv\/wp-json\/wp\/v2\/media\/26007"}],"wp:attachment":[{"href":"https:\/\/fashionmuseum.shop\/lv\/wp-json\/wp\/v2\/media?parent=26012"}],"wp:term":[{"taxonomy":"product_brand","embeddable":true,"href":"https:\/\/fashionmuseum.shop\/lv\/wp-json\/wp\/v2\/product_brand?post=26012"},{"taxonomy":"product_cat","embeddable":true,"href":"https:\/\/fashionmuseum.shop\/lv\/wp-json\/wp\/v2\/product_cat?post=26012"},{"taxonomy":"product_tag","embeddable":true,"href":"https:\/\/fashionmuseum.shop\/lv\/wp-json\/wp\/v2\/product_tag?post=26012"}],"curies":[{"name":"wp","href":"https:\/\/api.w.org\/{rel}","templated":true}]}}