{"id":26018,"date":"2023-05-29T08:25:13","date_gmt":"2023-05-29T05:25:13","guid":{"rendered":"https:\/\/fashionmuseum.shop\/?post_type=product&#038;p=26018"},"modified":"2023-05-29T08:44:42","modified_gmt":"2023-05-29T05:44:42","slug":"the-little-book-of-valentino-the-story-of-the-iconic-fashion-house","status":"publish","type":"product","link":"https:\/\/fashionmuseum.shop\/lv\/prece\/the-little-book-of-valentino-the-story-of-the-iconic-fashion-house\/","title":{"rendered":"The Little Book of Valentino: The Story of the Iconic Fashion House"},"content":{"rendered":"<p><em><strong>Izdev\u0113ja gr\u0101matas anot\u0101cija:<\/strong><\/em><\/p>\n<p>Since the founding of the House of Valentino in 1950s Rome, Garavani has been celebrated for the desirability of his designs. His stunning gowns in his signature Valentino Red have been sought after by the jet set for over half a century, and still signify the very epitome of red carpet glamour.<\/p>\n<p><span class=\"a-text-italic\">Little Book of Valentino<\/span>\u00a0tells the story of this most elegant of brands. Beginning with Garavani&#8217;s initiation into the world of haute couture in 1950s Paris, progressing through the glittering social scene of 1970s New York and Valentino&#8217;s domination of Hollywood from the 1980s to the present day, images of every dazzling era are beautifully reproduced alongside text exploring the significance of each stunning piece.<\/p>\n<p>This book is brought by\u00a0<a href=\"https:\/\/fashionmuseum.shop\/lv\/publisher\/welbeck-publishing\/\"><strong>Welbeck Publishing<\/strong><\/a>, ISBN 9781802790146<\/p>\n","protected":false},"excerpt":{"rendered":"<p><a href=\"https:\/\/fashionmuseum.shop\/lv\/book-author\/homer-karen\/\"><strong>Homer Karen<\/strong><\/a><\/p>\n<p><em><strong>K\u0101p\u0113c m\u0113s izv\u0113l\u0113j\u0101mies \u0161o gr\u0101matu:<\/strong><\/em><\/p>\n<p>\u0160\u012b kompakt\u0101, ta\u010du informat\u012bvi un ilustrat\u012bvi bag\u0101t\u012bg\u0101 gr\u0101mata velt\u012bta le\u0123end\u0101rajam It\u0101lijas modes namam \u201cValentino\u201d. T\u0101 dibin\u0101t\u0101js Valentino Garavani k\u013cuva par vienu no spilgtajiem it\u0101lie\u0161u modes dizaineriem, kas sevi pieteica 60. gados. Modes nams laika gait\u0101 k\u013cuva slavens ar iespaid\u012bgiem vakart\u0113rpiem un k\u0101zu kleit\u0101m, k\u0101 ar\u012b ikonisko \u201cValentino sarkano\u201d kr\u0101su. Lielisks ieskats elegant\u0101 modes nama v\u0113stur\u0113!<\/p>\n","protected":false},"featured_media":26030,"template":"","meta":{"_coblocks_attr":"","_coblocks_dimensions":"","_coblocks_responsive_height":"","_coblocks_accordion_ie_support":"","_crdt_document":"","jetpack_publicize_message":"","jetpack_publicize_feature_enabled":true,"jetpack_social_post_already_shared":true,"jetpack_social_options":{"image_generator_settings":{"template":"highway","default_image_id":0,"font":"","enabled":false},"version":2},"_wpas_customize_per_network":false},"product_brand":[],"product_cat":[1611,1603,1605,2418],"product_tag":[3520,3482],"class_list":{"0":"post-26018","1":"product","2":"type-product","3":"status-publish","4":"has-post-thumbnail","6":"product_cat-gramatas-anglu-valoda","7":"product_cat-gramatas-par-modes-dizaineriem","8":"product_cat-gramatas-par-modes-vesturi","9":"product_cat-gramatas","10":"product_tag-fashion-lv","11":"product_tag-valentino-lv","12":"pa_book-author-homer-karen-lv","13":"pa_language-anglu","14":"pa_publisher-welbeck-publishing-lv","16":"first","17":"instock","18":"shipping-taxable","19":"purchasable","20":"product-type-simple"},"yoast_head":"<!-- This site is optimized with the Yoast SEO plugin v27.4 - https:\/\/yoast.com\/product\/yoast-seo-wordpress\/ -->\n<title>The Little Book of Valentino: The Story of the Iconic Fashion House - Fashion Museum Riga Online Store<\/title>\n<meta name=\"robots\" content=\"index, follow, max-snippet:-1, max-image-preview:large, max-video-preview:-1\" \/>\n<link rel=\"canonical\" href=\"https:\/\/fashionmuseum.shop\/lv\/prece\/the-little-book-of-valentino-the-story-of-the-iconic-fashion-house\/\" \/>\n<meta property=\"og:locale\" content=\"lv_LV\" \/>\n<meta property=\"og:type\" content=\"article\" \/>\n<meta property=\"og:title\" content=\"The Little Book of Valentino: The Story of the Iconic Fashion House - Fashion Museum Riga Online Store\" \/>\n<meta property=\"og:description\" content=\"Homer Karen  K\u0101p\u0113c m\u0113s izv\u0113l\u0113j\u0101mies \u0161o gr\u0101matu:  \u0160\u012b kompakt\u0101, ta\u010du informat\u012bvi un ilustrat\u012bvi bag\u0101t\u012bg\u0101 gr\u0101mata velt\u012bta le\u0123end\u0101rajam It\u0101lijas modes namam \u201cValentino\u201d. T\u0101 dibin\u0101t\u0101js Valentino Garavani k\u013cuva par vienu no spilgtajiem it\u0101lie\u0161u modes dizaineriem, kas sevi pieteica 60. gados. Modes nams laika gait\u0101 k\u013cuva slavens ar iespaid\u012bgiem vakart\u0113rpiem un k\u0101zu kleit\u0101m, k\u0101 ar\u012b ikonisko \u201cValentino sarkano\u201d kr\u0101su. Lielisks ieskats elegant\u0101 modes nama v\u0113stur\u0113!\" \/>\n<meta property=\"og:url\" content=\"https:\/\/fashionmuseum.shop\/lv\/prece\/the-little-book-of-valentino-the-story-of-the-iconic-fashion-house\/\" \/>\n<meta property=\"og:site_name\" content=\"Fashion Museum Riga Online Store\" \/>\n<meta property=\"article:modified_time\" content=\"2023-05-29T05:44:42+00:00\" \/>\n<meta property=\"og:image\" content=\"https:\/\/fashionmuseum.shop\/wp-content\/uploads\/2023\/05\/Valentino_cover-1024x819.jpg\" \/>\n\t<meta property=\"og:image:width\" content=\"1024\" \/>\n\t<meta property=\"og:image:height\" content=\"819\" \/>\n\t<meta property=\"og:image:type\" content=\"image\/jpeg\" \/>\n<meta name=\"twitter:card\" content=\"summary_large_image\" \/>\n<meta name=\"twitter:label1\" content=\"Est. reading time\" \/>\n\t<meta name=\"twitter:data1\" content=\"1 minute\" \/>\n<script type=\"application\/ld+json\" class=\"yoast-schema-graph\">{\"@context\":\"https:\\\/\\\/schema.org\",\"@graph\":[{\"@type\":\"WebPage\",\"@id\":\"https:\\\/\\\/fashionmuseum.shop\\\/lv\\\/prece\\\/the-little-book-of-valentino-the-story-of-the-iconic-fashion-house\\\/\",\"url\":\"https:\\\/\\\/fashionmuseum.shop\\\/lv\\\/prece\\\/the-little-book-of-valentino-the-story-of-the-iconic-fashion-house\\\/\",\"name\":\"The Little Book of Valentino: The Story of the Iconic Fashion House - Fashion Museum Riga Online Store\",\"isPartOf\":{\"@id\":\"https:\\\/\\\/fashionmuseum.shop\\\/lv\\\/#website\"},\"primaryImageOfPage\":{\"@id\":\"https:\\\/\\\/fashionmuseum.shop\\\/lv\\\/prece\\\/the-little-book-of-valentino-the-story-of-the-iconic-fashion-house\\\/#primaryimage\"},\"image\":{\"@id\":\"https:\\\/\\\/fashionmuseum.shop\\\/lv\\\/prece\\\/the-little-book-of-valentino-the-story-of-the-iconic-fashion-house\\\/#primaryimage\"},\"thumbnailUrl\":\"https:\\\/\\\/i0.wp.com\\\/fashionmuseum.shop\\\/wp-content\\\/uploads\\\/2023\\\/05\\\/Valentino_cover.jpg?fit=2992%2C2394&ssl=1\",\"datePublished\":\"2023-05-29T05:25:13+00:00\",\"dateModified\":\"2023-05-29T05:44:42+00:00\",\"breadcrumb\":{\"@id\":\"https:\\\/\\\/fashionmuseum.shop\\\/lv\\\/prece\\\/the-little-book-of-valentino-the-story-of-the-iconic-fashion-house\\\/#breadcrumb\"},\"inLanguage\":\"lv-LV\",\"potentialAction\":[{\"@type\":\"ReadAction\",\"target\":[\"https:\\\/\\\/fashionmuseum.shop\\\/lv\\\/prece\\\/the-little-book-of-valentino-the-story-of-the-iconic-fashion-house\\\/\"]}]},{\"@type\":\"ImageObject\",\"inLanguage\":\"lv-LV\",\"@id\":\"https:\\\/\\\/fashionmuseum.shop\\\/lv\\\/prece\\\/the-little-book-of-valentino-the-story-of-the-iconic-fashion-house\\\/#primaryimage\",\"url\":\"https:\\\/\\\/i0.wp.com\\\/fashionmuseum.shop\\\/wp-content\\\/uploads\\\/2023\\\/05\\\/Valentino_cover.jpg?fit=2992%2C2394&ssl=1\",\"contentUrl\":\"https:\\\/\\\/i0.wp.com\\\/fashionmuseum.shop\\\/wp-content\\\/uploads\\\/2023\\\/05\\\/Valentino_cover.jpg?fit=2992%2C2394&ssl=1\",\"width\":2992,\"height\":2394,\"caption\":\"SONY DSC\"},{\"@type\":\"BreadcrumbList\",\"@id\":\"https:\\\/\\\/fashionmuseum.shop\\\/lv\\\/prece\\\/the-little-book-of-valentino-the-story-of-the-iconic-fashion-house\\\/#breadcrumb\",\"itemListElement\":[{\"@type\":\"ListItem\",\"position\":1,\"name\":\"Home\",\"item\":\"https:\\\/\\\/fashionmuseum.shop\\\/lv\\\/\"},{\"@type\":\"ListItem\",\"position\":2,\"name\":\"Products\",\"item\":\"https:\\\/\\\/fashionmuseum.shop\\\/lv\\\/shop\\\/\"},{\"@type\":\"ListItem\",\"position\":3,\"name\":\"The Little Book of Valentino: The Story of the Iconic Fashion House\"}]},{\"@type\":\"WebSite\",\"@id\":\"https:\\\/\\\/fashionmuseum.shop\\\/lv\\\/#website\",\"url\":\"https:\\\/\\\/fashionmuseum.shop\\\/lv\\\/\",\"name\":\"Fashion Museum Online Store\",\"description\":\"Fashion Museum Riga Online Store provides a wide selection of books about fashion and fashion history.\",\"publisher\":{\"@id\":\"https:\\\/\\\/fashionmuseum.shop\\\/lv\\\/#organization\"},\"potentialAction\":[{\"@type\":\"SearchAction\",\"target\":{\"@type\":\"EntryPoint\",\"urlTemplate\":\"https:\\\/\\\/fashionmuseum.shop\\\/lv\\\/?s={search_term_string}\"},\"query-input\":{\"@type\":\"PropertyValueSpecification\",\"valueRequired\":true,\"valueName\":\"search_term_string\"}}],\"inLanguage\":\"lv-LV\"},{\"@type\":\"Organization\",\"@id\":\"https:\\\/\\\/fashionmuseum.shop\\\/lv\\\/#organization\",\"name\":\"Modes muzejs\",\"url\":\"https:\\\/\\\/fashionmuseum.shop\\\/lv\\\/\",\"logo\":{\"@type\":\"ImageObject\",\"inLanguage\":\"lv-LV\",\"@id\":\"https:\\\/\\\/fashionmuseum.shop\\\/lv\\\/#\\\/schema\\\/logo\\\/image\\\/\",\"url\":\"https:\\\/\\\/i1.wp.com\\\/fashionmuseum.shop\\\/wp-content\\\/uploads\\\/2020\\\/04\\\/apple-touch-icon.png?fit=180%2C180&ssl=1\",\"contentUrl\":\"https:\\\/\\\/i1.wp.com\\\/fashionmuseum.shop\\\/wp-content\\\/uploads\\\/2020\\\/04\\\/apple-touch-icon.png?fit=180%2C180&ssl=1\",\"width\":180,\"height\":180,\"caption\":\"Modes muzejs\"},\"image\":{\"@id\":\"https:\\\/\\\/fashionmuseum.shop\\\/lv\\\/#\\\/schema\\\/logo\\\/image\\\/\"}}]}<\/script>\n<!-- \/ Yoast SEO plugin. -->","yoast_head_json":{"title":"The Little Book of Valentino: The Story of the Iconic Fashion House - Fashion Museum Riga Online Store","robots":{"index":"index","follow":"follow","max-snippet":"max-snippet:-1","max-image-preview":"max-image-preview:large","max-video-preview":"max-video-preview:-1"},"canonical":"https:\/\/fashionmuseum.shop\/lv\/prece\/the-little-book-of-valentino-the-story-of-the-iconic-fashion-house\/","og_locale":"lv_LV","og_type":"article","og_title":"The Little Book of Valentino: The Story of the Iconic Fashion House - Fashion Museum Riga Online Store","og_description":"Homer Karen  K\u0101p\u0113c m\u0113s izv\u0113l\u0113j\u0101mies \u0161o gr\u0101matu:  \u0160\u012b kompakt\u0101, ta\u010du informat\u012bvi un ilustrat\u012bvi bag\u0101t\u012bg\u0101 gr\u0101mata velt\u012bta le\u0123end\u0101rajam It\u0101lijas modes namam \u201cValentino\u201d. T\u0101 dibin\u0101t\u0101js Valentino Garavani k\u013cuva par vienu no spilgtajiem it\u0101lie\u0161u modes dizaineriem, kas sevi pieteica 60. gados. Modes nams laika gait\u0101 k\u013cuva slavens ar iespaid\u012bgiem vakart\u0113rpiem un k\u0101zu kleit\u0101m, k\u0101 ar\u012b ikonisko \u201cValentino sarkano\u201d kr\u0101su. Lielisks ieskats elegant\u0101 modes nama v\u0113stur\u0113!","og_url":"https:\/\/fashionmuseum.shop\/lv\/prece\/the-little-book-of-valentino-the-story-of-the-iconic-fashion-house\/","og_site_name":"Fashion Museum Riga Online Store","article_modified_time":"2023-05-29T05:44:42+00:00","og_image":[{"width":1024,"height":819,"url":"https:\/\/fashionmuseum.shop\/wp-content\/uploads\/2023\/05\/Valentino_cover-1024x819.jpg","type":"image\/jpeg"}],"twitter_card":"summary_large_image","twitter_misc":{"Est. reading time":"1 minute"},"schema":{"@context":"https:\/\/schema.org","@graph":[{"@type":"WebPage","@id":"https:\/\/fashionmuseum.shop\/lv\/prece\/the-little-book-of-valentino-the-story-of-the-iconic-fashion-house\/","url":"https:\/\/fashionmuseum.shop\/lv\/prece\/the-little-book-of-valentino-the-story-of-the-iconic-fashion-house\/","name":"The Little Book of Valentino: The Story of the Iconic Fashion House - Fashion Museum Riga Online Store","isPartOf":{"@id":"https:\/\/fashionmuseum.shop\/lv\/#website"},"primaryImageOfPage":{"@id":"https:\/\/fashionmuseum.shop\/lv\/prece\/the-little-book-of-valentino-the-story-of-the-iconic-fashion-house\/#primaryimage"},"image":{"@id":"https:\/\/fashionmuseum.shop\/lv\/prece\/the-little-book-of-valentino-the-story-of-the-iconic-fashion-house\/#primaryimage"},"thumbnailUrl":"https:\/\/i0.wp.com\/fashionmuseum.shop\/wp-content\/uploads\/2023\/05\/Valentino_cover.jpg?fit=2992%2C2394&ssl=1","datePublished":"2023-05-29T05:25:13+00:00","dateModified":"2023-05-29T05:44:42+00:00","breadcrumb":{"@id":"https:\/\/fashionmuseum.shop\/lv\/prece\/the-little-book-of-valentino-the-story-of-the-iconic-fashion-house\/#breadcrumb"},"inLanguage":"lv-LV","potentialAction":[{"@type":"ReadAction","target":["https:\/\/fashionmuseum.shop\/lv\/prece\/the-little-book-of-valentino-the-story-of-the-iconic-fashion-house\/"]}]},{"@type":"ImageObject","inLanguage":"lv-LV","@id":"https:\/\/fashionmuseum.shop\/lv\/prece\/the-little-book-of-valentino-the-story-of-the-iconic-fashion-house\/#primaryimage","url":"https:\/\/i0.wp.com\/fashionmuseum.shop\/wp-content\/uploads\/2023\/05\/Valentino_cover.jpg?fit=2992%2C2394&ssl=1","contentUrl":"https:\/\/i0.wp.com\/fashionmuseum.shop\/wp-content\/uploads\/2023\/05\/Valentino_cover.jpg?fit=2992%2C2394&ssl=1","width":2992,"height":2394,"caption":"SONY DSC"},{"@type":"BreadcrumbList","@id":"https:\/\/fashionmuseum.shop\/lv\/prece\/the-little-book-of-valentino-the-story-of-the-iconic-fashion-house\/#breadcrumb","itemListElement":[{"@type":"ListItem","position":1,"name":"Home","item":"https:\/\/fashionmuseum.shop\/lv\/"},{"@type":"ListItem","position":2,"name":"Products","item":"https:\/\/fashionmuseum.shop\/lv\/shop\/"},{"@type":"ListItem","position":3,"name":"The Little Book of Valentino: The Story of the Iconic Fashion House"}]},{"@type":"WebSite","@id":"https:\/\/fashionmuseum.shop\/lv\/#website","url":"https:\/\/fashionmuseum.shop\/lv\/","name":"Fashion Museum Online Store","description":"Fashion Museum Riga Online Store provides a wide selection of books about fashion and fashion history.","publisher":{"@id":"https:\/\/fashionmuseum.shop\/lv\/#organization"},"potentialAction":[{"@type":"SearchAction","target":{"@type":"EntryPoint","urlTemplate":"https:\/\/fashionmuseum.shop\/lv\/?s={search_term_string}"},"query-input":{"@type":"PropertyValueSpecification","valueRequired":true,"valueName":"search_term_string"}}],"inLanguage":"lv-LV"},{"@type":"Organization","@id":"https:\/\/fashionmuseum.shop\/lv\/#organization","name":"Modes muzejs","url":"https:\/\/fashionmuseum.shop\/lv\/","logo":{"@type":"ImageObject","inLanguage":"lv-LV","@id":"https:\/\/fashionmuseum.shop\/lv\/#\/schema\/logo\/image\/","url":"https:\/\/i1.wp.com\/fashionmuseum.shop\/wp-content\/uploads\/2020\/04\/apple-touch-icon.png?fit=180%2C180&ssl=1","contentUrl":"https:\/\/i1.wp.com\/fashionmuseum.shop\/wp-content\/uploads\/2020\/04\/apple-touch-icon.png?fit=180%2C180&ssl=1","width":180,"height":180,"caption":"Modes muzejs"},"image":{"@id":"https:\/\/fashionmuseum.shop\/lv\/#\/schema\/logo\/image\/"}}]}},"jetpack_publicize_connections":[],"jetpack_likes_enabled":false,"jetpack_sharing_enabled":true,"amp_enabled":true,"_links":{"self":[{"href":"https:\/\/fashionmuseum.shop\/lv\/wp-json\/wp\/v2\/product\/26018","targetHints":{"allow":["GET"]}}],"collection":[{"href":"https:\/\/fashionmuseum.shop\/lv\/wp-json\/wp\/v2\/product"}],"about":[{"href":"https:\/\/fashionmuseum.shop\/lv\/wp-json\/wp\/v2\/types\/product"}],"wp:featuredmedia":[{"embeddable":true,"href":"https:\/\/fashionmuseum.shop\/lv\/wp-json\/wp\/v2\/media\/26030"}],"wp:attachment":[{"href":"https:\/\/fashionmuseum.shop\/lv\/wp-json\/wp\/v2\/media?parent=26018"}],"wp:term":[{"taxonomy":"product_brand","embeddable":true,"href":"https:\/\/fashionmuseum.shop\/lv\/wp-json\/wp\/v2\/product_brand?post=26018"},{"taxonomy":"product_cat","embeddable":true,"href":"https:\/\/fashionmuseum.shop\/lv\/wp-json\/wp\/v2\/product_cat?post=26018"},{"taxonomy":"product_tag","embeddable":true,"href":"https:\/\/fashionmuseum.shop\/lv\/wp-json\/wp\/v2\/product_tag?post=26018"}],"curies":[{"name":"wp","href":"https:\/\/api.w.org\/{rel}","templated":true}]}}