{"id":26176,"date":"2023-06-04T11:12:03","date_gmt":"2023-06-04T08:12:03","guid":{"rendered":"https:\/\/fashionmuseum.shop\/?post_type=product&#038;p=26176"},"modified":"2023-06-09T17:30:37","modified_gmt":"2023-06-09T14:30:37","slug":"the-little-book-of-hermes-the-story-of-the-iconic-fashion-designer","status":"publish","type":"product","link":"https:\/\/fashionmuseum.shop\/lv\/prece\/the-little-book-of-hermes-the-story-of-the-iconic-fashion-designer\/","title":{"rendered":"The Little Book of Herm\u00e8s: The Story of the Iconic Fashion House"},"content":{"rendered":"<p><em><strong>Izdev\u0113ja gr\u0101matas anot\u0101cija:<\/strong><\/em><\/p>\n<p>This compact but informative and richly illustrated book is dedicated to Herm\u00e8s, the luxury goods manufacturer founded in the distant 19th century. The company started out as a manufacturer of exclusive harness, adding bags and other leather goods as well as clothing to its range in the early 20th century. A wonderful opportunity to delve into the history of a fashion house rich in tradition!<\/p>\n<p>This book is brought by <a href=\"https:\/\/fashionmuseum.shop\/lv\/publisher\/welbeck-publishing\/\"><strong>Welbeck Publishing<\/strong><\/a>, ISBN 9781802790115<\/p>\n","protected":false},"excerpt":{"rendered":"<p><a href=\"https:\/\/fashionmuseum.shop\/lv\/book-author\/karen-homer\/\"><strong>Karen Homer<\/strong><\/a><\/p>\n<p><em><strong>K\u0101p\u0113c m\u0113s\u00a0izv\u0113l\u0113j\u0101mies\u00a0\u0161o gr\u0101matu:<\/strong><\/em><\/p>\n<p>\u0160\u012b kompakt\u0101, ta\u010du informat\u012bvi un ilustrat\u012bvi bag\u0101t\u012bg\u0101 gr\u0101mata velt\u012bta t\u0101laj\u0101 19. gadsimt\u0101 dibin\u0101tajam luksusa pre\u010du izgatavot\u0101jam \u201cHerm\u00e8s\u201d. Komp\u0101nija savulaik s\u0101ka k\u0101 ekskluz\u012bvu aizj\u016bga piederumu izgatavot\u0101js, 20. gadsimta s\u0101kum\u0101 sortimentam pievienojot somas un citus \u0101das izstr\u0101d\u0101jumus, k\u0101 ar\u012b ap\u0123\u0113rbu. Br\u012bni\u0161\u0137\u012bga iesp\u0113ja iedzi\u013cin\u0101ties trad\u012bcij\u0101m bag\u0101t\u0101 modes nama v\u0113stur\u0113!<\/p>\n","protected":false},"featured_media":26180,"template":"","meta":{"_coblocks_attr":"","_coblocks_dimensions":"","_coblocks_responsive_height":"","_coblocks_accordion_ie_support":"","_crdt_document":"","jetpack_post_was_ever_published":false,"jetpack_publicize_message":"","jetpack_publicize_feature_enabled":true,"jetpack_social_post_already_shared":true,"jetpack_social_options":{"image_generator_settings":{"template":"highway","default_image_id":0,"font":"","enabled":false},"version":2},"_wpas_customize_per_network":false},"product_brand":[],"product_cat":[1611,1603,1605,2418],"product_tag":[3522,3523,3520,3521,3511,3368],"class_list":{"0":"post-26176","1":"product","2":"type-product","3":"status-publish","4":"has-post-thumbnail","6":"product_cat-gramatas-anglu-valoda","7":"product_cat-gramatas-par-modes-dizaineriem","8":"product_cat-gramatas-par-modes-vesturi","9":"product_cat-gramatas","10":"product_tag-designer-lv","11":"product_tag-designers-lv","12":"product_tag-fashion-lv","13":"product_tag-fashion-history-lv","14":"product_tag-hermes-lv","15":"product_tag-vesture","16":"pa_book-author-karen-homer-lv","17":"pa_language-anglu","18":"pa_publisher-welbeck-publishing-lv","20":"first","21":"instock","22":"shipping-taxable","23":"purchasable","24":"product-type-simple"},"yoast_head":"<!-- This site is optimized with the Yoast SEO plugin v27.3 - https:\/\/yoast.com\/product\/yoast-seo-wordpress\/ -->\n<title>The Little Book of Herm\u00e8s: The Story of the Iconic Fashion House - Fashion Museum Riga Online Store<\/title>\n<meta name=\"robots\" content=\"index, follow, max-snippet:-1, max-image-preview:large, max-video-preview:-1\" \/>\n<link rel=\"canonical\" href=\"https:\/\/fashionmuseum.shop\/lv\/prece\/the-little-book-of-hermes-the-story-of-the-iconic-fashion-designer\/\" \/>\n<meta property=\"og:locale\" content=\"lv_LV\" \/>\n<meta property=\"og:type\" content=\"article\" \/>\n<meta property=\"og:title\" content=\"The Little Book of Herm\u00e8s: The Story of the Iconic Fashion House - Fashion Museum Riga Online Store\" \/>\n<meta property=\"og:description\" content=\"Karen Homer  K\u0101p\u0113c m\u0113s\u00a0izv\u0113l\u0113j\u0101mies\u00a0\u0161o gr\u0101matu:  \u0160\u012b kompakt\u0101, ta\u010du informat\u012bvi un ilustrat\u012bvi bag\u0101t\u012bg\u0101 gr\u0101mata velt\u012bta t\u0101laj\u0101 19. gadsimt\u0101 dibin\u0101tajam luksusa pre\u010du izgatavot\u0101jam \u201cHerm\u00e8s\u201d. Komp\u0101nija savulaik s\u0101ka k\u0101 ekskluz\u012bvu aizj\u016bga piederumu izgatavot\u0101js, 20. gadsimta s\u0101kum\u0101 sortimentam pievienojot somas un citus \u0101das izstr\u0101d\u0101jumus, k\u0101 ar\u012b ap\u0123\u0113rbu. Br\u012bni\u0161\u0137\u012bga iesp\u0113ja iedzi\u013cin\u0101ties trad\u012bcij\u0101m bag\u0101t\u0101 modes nama v\u0113stur\u0113!\" \/>\n<meta property=\"og:url\" content=\"https:\/\/fashionmuseum.shop\/lv\/prece\/the-little-book-of-hermes-the-story-of-the-iconic-fashion-designer\/\" \/>\n<meta property=\"og:site_name\" content=\"Fashion Museum Riga Online Store\" \/>\n<meta property=\"article:modified_time\" content=\"2023-06-09T14:30:37+00:00\" \/>\n<meta property=\"og:image\" content=\"https:\/\/fashionmuseum.shop\/wp-content\/uploads\/2023\/06\/Hermes_cover-1024x819.jpg\" \/>\n\t<meta property=\"og:image:width\" content=\"1024\" \/>\n\t<meta property=\"og:image:height\" content=\"819\" \/>\n\t<meta property=\"og:image:type\" content=\"image\/jpeg\" \/>\n<meta name=\"twitter:card\" content=\"summary_large_image\" \/>\n<meta name=\"twitter:label1\" content=\"Est. reading time\" \/>\n\t<meta name=\"twitter:data1\" content=\"1 minute\" \/>\n<script type=\"application\/ld+json\" class=\"yoast-schema-graph\">{\"@context\":\"https:\\\/\\\/schema.org\",\"@graph\":[{\"@type\":\"WebPage\",\"@id\":\"https:\\\/\\\/fashionmuseum.shop\\\/lv\\\/prece\\\/the-little-book-of-hermes-the-story-of-the-iconic-fashion-designer\\\/\",\"url\":\"https:\\\/\\\/fashionmuseum.shop\\\/lv\\\/prece\\\/the-little-book-of-hermes-the-story-of-the-iconic-fashion-designer\\\/\",\"name\":\"The Little Book of Herm\u00e8s: The Story of the Iconic Fashion House - Fashion Museum Riga Online Store\",\"isPartOf\":{\"@id\":\"https:\\\/\\\/fashionmuseum.shop\\\/lv\\\/#website\"},\"primaryImageOfPage\":{\"@id\":\"https:\\\/\\\/fashionmuseum.shop\\\/lv\\\/prece\\\/the-little-book-of-hermes-the-story-of-the-iconic-fashion-designer\\\/#primaryimage\"},\"image\":{\"@id\":\"https:\\\/\\\/fashionmuseum.shop\\\/lv\\\/prece\\\/the-little-book-of-hermes-the-story-of-the-iconic-fashion-designer\\\/#primaryimage\"},\"thumbnailUrl\":\"https:\\\/\\\/i0.wp.com\\\/fashionmuseum.shop\\\/wp-content\\\/uploads\\\/2023\\\/06\\\/Hermes_cover.jpg?fit=3008%2C2406&ssl=1\",\"datePublished\":\"2023-06-04T08:12:03+00:00\",\"dateModified\":\"2023-06-09T14:30:37+00:00\",\"breadcrumb\":{\"@id\":\"https:\\\/\\\/fashionmuseum.shop\\\/lv\\\/prece\\\/the-little-book-of-hermes-the-story-of-the-iconic-fashion-designer\\\/#breadcrumb\"},\"inLanguage\":\"lv-LV\",\"potentialAction\":[{\"@type\":\"ReadAction\",\"target\":[\"https:\\\/\\\/fashionmuseum.shop\\\/lv\\\/prece\\\/the-little-book-of-hermes-the-story-of-the-iconic-fashion-designer\\\/\"]}]},{\"@type\":\"ImageObject\",\"inLanguage\":\"lv-LV\",\"@id\":\"https:\\\/\\\/fashionmuseum.shop\\\/lv\\\/prece\\\/the-little-book-of-hermes-the-story-of-the-iconic-fashion-designer\\\/#primaryimage\",\"url\":\"https:\\\/\\\/i0.wp.com\\\/fashionmuseum.shop\\\/wp-content\\\/uploads\\\/2023\\\/06\\\/Hermes_cover.jpg?fit=3008%2C2406&ssl=1\",\"contentUrl\":\"https:\\\/\\\/i0.wp.com\\\/fashionmuseum.shop\\\/wp-content\\\/uploads\\\/2023\\\/06\\\/Hermes_cover.jpg?fit=3008%2C2406&ssl=1\",\"width\":3008,\"height\":2406,\"caption\":\"Little Book of Herm\u00e8s. The Story of the Iconic Fashion House\"},{\"@type\":\"BreadcrumbList\",\"@id\":\"https:\\\/\\\/fashionmuseum.shop\\\/lv\\\/prece\\\/the-little-book-of-hermes-the-story-of-the-iconic-fashion-designer\\\/#breadcrumb\",\"itemListElement\":[{\"@type\":\"ListItem\",\"position\":1,\"name\":\"Home\",\"item\":\"https:\\\/\\\/fashionmuseum.shop\\\/lv\\\/\"},{\"@type\":\"ListItem\",\"position\":2,\"name\":\"Products\",\"item\":\"https:\\\/\\\/fashionmuseum.shop\\\/lv\\\/shop\\\/\"},{\"@type\":\"ListItem\",\"position\":3,\"name\":\"The Little Book of Herm\u00e8s: The Story of the Iconic Fashion House\"}]},{\"@type\":\"WebSite\",\"@id\":\"https:\\\/\\\/fashionmuseum.shop\\\/lv\\\/#website\",\"url\":\"https:\\\/\\\/fashionmuseum.shop\\\/lv\\\/\",\"name\":\"Fashion Museum Online Store\",\"description\":\"Fashion Museum Riga Online Store provides a wide selection of books about fashion and fashion history.\",\"publisher\":{\"@id\":\"https:\\\/\\\/fashionmuseum.shop\\\/lv\\\/#organization\"},\"potentialAction\":[{\"@type\":\"SearchAction\",\"target\":{\"@type\":\"EntryPoint\",\"urlTemplate\":\"https:\\\/\\\/fashionmuseum.shop\\\/lv\\\/?s={search_term_string}\"},\"query-input\":{\"@type\":\"PropertyValueSpecification\",\"valueRequired\":true,\"valueName\":\"search_term_string\"}}],\"inLanguage\":\"lv-LV\"},{\"@type\":\"Organization\",\"@id\":\"https:\\\/\\\/fashionmuseum.shop\\\/lv\\\/#organization\",\"name\":\"Modes muzejs\",\"url\":\"https:\\\/\\\/fashionmuseum.shop\\\/lv\\\/\",\"logo\":{\"@type\":\"ImageObject\",\"inLanguage\":\"lv-LV\",\"@id\":\"https:\\\/\\\/fashionmuseum.shop\\\/lv\\\/#\\\/schema\\\/logo\\\/image\\\/\",\"url\":\"https:\\\/\\\/i1.wp.com\\\/fashionmuseum.shop\\\/wp-content\\\/uploads\\\/2020\\\/04\\\/apple-touch-icon.png?fit=180%2C180&ssl=1\",\"contentUrl\":\"https:\\\/\\\/i1.wp.com\\\/fashionmuseum.shop\\\/wp-content\\\/uploads\\\/2020\\\/04\\\/apple-touch-icon.png?fit=180%2C180&ssl=1\",\"width\":180,\"height\":180,\"caption\":\"Modes muzejs\"},\"image\":{\"@id\":\"https:\\\/\\\/fashionmuseum.shop\\\/lv\\\/#\\\/schema\\\/logo\\\/image\\\/\"}}]}<\/script>\n<!-- \/ Yoast SEO plugin. -->","yoast_head_json":{"title":"The Little Book of Herm\u00e8s: The Story of the Iconic Fashion House - Fashion Museum Riga Online Store","robots":{"index":"index","follow":"follow","max-snippet":"max-snippet:-1","max-image-preview":"max-image-preview:large","max-video-preview":"max-video-preview:-1"},"canonical":"https:\/\/fashionmuseum.shop\/lv\/prece\/the-little-book-of-hermes-the-story-of-the-iconic-fashion-designer\/","og_locale":"lv_LV","og_type":"article","og_title":"The Little Book of Herm\u00e8s: The Story of the Iconic Fashion House - Fashion Museum Riga Online Store","og_description":"Karen Homer  K\u0101p\u0113c m\u0113s\u00a0izv\u0113l\u0113j\u0101mies\u00a0\u0161o gr\u0101matu:  \u0160\u012b kompakt\u0101, ta\u010du informat\u012bvi un ilustrat\u012bvi bag\u0101t\u012bg\u0101 gr\u0101mata velt\u012bta t\u0101laj\u0101 19. gadsimt\u0101 dibin\u0101tajam luksusa pre\u010du izgatavot\u0101jam \u201cHerm\u00e8s\u201d. Komp\u0101nija savulaik s\u0101ka k\u0101 ekskluz\u012bvu aizj\u016bga piederumu izgatavot\u0101js, 20. gadsimta s\u0101kum\u0101 sortimentam pievienojot somas un citus \u0101das izstr\u0101d\u0101jumus, k\u0101 ar\u012b ap\u0123\u0113rbu. Br\u012bni\u0161\u0137\u012bga iesp\u0113ja iedzi\u013cin\u0101ties trad\u012bcij\u0101m bag\u0101t\u0101 modes nama v\u0113stur\u0113!","og_url":"https:\/\/fashionmuseum.shop\/lv\/prece\/the-little-book-of-hermes-the-story-of-the-iconic-fashion-designer\/","og_site_name":"Fashion Museum Riga Online Store","article_modified_time":"2023-06-09T14:30:37+00:00","og_image":[{"width":1024,"height":819,"url":"https:\/\/fashionmuseum.shop\/wp-content\/uploads\/2023\/06\/Hermes_cover-1024x819.jpg","type":"image\/jpeg"}],"twitter_card":"summary_large_image","twitter_misc":{"Est. reading time":"1 minute"},"schema":{"@context":"https:\/\/schema.org","@graph":[{"@type":"WebPage","@id":"https:\/\/fashionmuseum.shop\/lv\/prece\/the-little-book-of-hermes-the-story-of-the-iconic-fashion-designer\/","url":"https:\/\/fashionmuseum.shop\/lv\/prece\/the-little-book-of-hermes-the-story-of-the-iconic-fashion-designer\/","name":"The Little Book of Herm\u00e8s: The Story of the Iconic Fashion House - Fashion Museum Riga Online Store","isPartOf":{"@id":"https:\/\/fashionmuseum.shop\/lv\/#website"},"primaryImageOfPage":{"@id":"https:\/\/fashionmuseum.shop\/lv\/prece\/the-little-book-of-hermes-the-story-of-the-iconic-fashion-designer\/#primaryimage"},"image":{"@id":"https:\/\/fashionmuseum.shop\/lv\/prece\/the-little-book-of-hermes-the-story-of-the-iconic-fashion-designer\/#primaryimage"},"thumbnailUrl":"https:\/\/i0.wp.com\/fashionmuseum.shop\/wp-content\/uploads\/2023\/06\/Hermes_cover.jpg?fit=3008%2C2406&ssl=1","datePublished":"2023-06-04T08:12:03+00:00","dateModified":"2023-06-09T14:30:37+00:00","breadcrumb":{"@id":"https:\/\/fashionmuseum.shop\/lv\/prece\/the-little-book-of-hermes-the-story-of-the-iconic-fashion-designer\/#breadcrumb"},"inLanguage":"lv-LV","potentialAction":[{"@type":"ReadAction","target":["https:\/\/fashionmuseum.shop\/lv\/prece\/the-little-book-of-hermes-the-story-of-the-iconic-fashion-designer\/"]}]},{"@type":"ImageObject","inLanguage":"lv-LV","@id":"https:\/\/fashionmuseum.shop\/lv\/prece\/the-little-book-of-hermes-the-story-of-the-iconic-fashion-designer\/#primaryimage","url":"https:\/\/i0.wp.com\/fashionmuseum.shop\/wp-content\/uploads\/2023\/06\/Hermes_cover.jpg?fit=3008%2C2406&ssl=1","contentUrl":"https:\/\/i0.wp.com\/fashionmuseum.shop\/wp-content\/uploads\/2023\/06\/Hermes_cover.jpg?fit=3008%2C2406&ssl=1","width":3008,"height":2406,"caption":"Little Book of Herm\u00e8s. The Story of the Iconic Fashion House"},{"@type":"BreadcrumbList","@id":"https:\/\/fashionmuseum.shop\/lv\/prece\/the-little-book-of-hermes-the-story-of-the-iconic-fashion-designer\/#breadcrumb","itemListElement":[{"@type":"ListItem","position":1,"name":"Home","item":"https:\/\/fashionmuseum.shop\/lv\/"},{"@type":"ListItem","position":2,"name":"Products","item":"https:\/\/fashionmuseum.shop\/lv\/shop\/"},{"@type":"ListItem","position":3,"name":"The Little Book of Herm\u00e8s: The Story of the Iconic Fashion House"}]},{"@type":"WebSite","@id":"https:\/\/fashionmuseum.shop\/lv\/#website","url":"https:\/\/fashionmuseum.shop\/lv\/","name":"Fashion Museum Online Store","description":"Fashion Museum Riga Online Store provides a wide selection of books about fashion and fashion history.","publisher":{"@id":"https:\/\/fashionmuseum.shop\/lv\/#organization"},"potentialAction":[{"@type":"SearchAction","target":{"@type":"EntryPoint","urlTemplate":"https:\/\/fashionmuseum.shop\/lv\/?s={search_term_string}"},"query-input":{"@type":"PropertyValueSpecification","valueRequired":true,"valueName":"search_term_string"}}],"inLanguage":"lv-LV"},{"@type":"Organization","@id":"https:\/\/fashionmuseum.shop\/lv\/#organization","name":"Modes muzejs","url":"https:\/\/fashionmuseum.shop\/lv\/","logo":{"@type":"ImageObject","inLanguage":"lv-LV","@id":"https:\/\/fashionmuseum.shop\/lv\/#\/schema\/logo\/image\/","url":"https:\/\/i1.wp.com\/fashionmuseum.shop\/wp-content\/uploads\/2020\/04\/apple-touch-icon.png?fit=180%2C180&ssl=1","contentUrl":"https:\/\/i1.wp.com\/fashionmuseum.shop\/wp-content\/uploads\/2020\/04\/apple-touch-icon.png?fit=180%2C180&ssl=1","width":180,"height":180,"caption":"Modes muzejs"},"image":{"@id":"https:\/\/fashionmuseum.shop\/lv\/#\/schema\/logo\/image\/"}}]}},"jetpack_publicize_connections":[],"jetpack_likes_enabled":false,"jetpack_sharing_enabled":true,"amp_enabled":true,"_links":{"self":[{"href":"https:\/\/fashionmuseum.shop\/lv\/wp-json\/wp\/v2\/product\/26176","targetHints":{"allow":["GET"]}}],"collection":[{"href":"https:\/\/fashionmuseum.shop\/lv\/wp-json\/wp\/v2\/product"}],"about":[{"href":"https:\/\/fashionmuseum.shop\/lv\/wp-json\/wp\/v2\/types\/product"}],"wp:featuredmedia":[{"embeddable":true,"href":"https:\/\/fashionmuseum.shop\/lv\/wp-json\/wp\/v2\/media\/26180"}],"wp:attachment":[{"href":"https:\/\/fashionmuseum.shop\/lv\/wp-json\/wp\/v2\/media?parent=26176"}],"wp:term":[{"taxonomy":"product_brand","embeddable":true,"href":"https:\/\/fashionmuseum.shop\/lv\/wp-json\/wp\/v2\/product_brand?post=26176"},{"taxonomy":"product_cat","embeddable":true,"href":"https:\/\/fashionmuseum.shop\/lv\/wp-json\/wp\/v2\/product_cat?post=26176"},{"taxonomy":"product_tag","embeddable":true,"href":"https:\/\/fashionmuseum.shop\/lv\/wp-json\/wp\/v2\/product_tag?post=26176"}],"curies":[{"name":"wp","href":"https:\/\/api.w.org\/{rel}","templated":true}]}}