{"id":26260,"date":"2023-06-13T17:02:31","date_gmt":"2023-06-13T14:02:31","guid":{"rendered":"https:\/\/fashionmuseum.shop\/product\/little-book-of-louis-vuitton-the-story-of-the-iconic-fashion-house\/"},"modified":"2023-06-14T14:14:12","modified_gmt":"2023-06-14T11:14:12","slug":"little-book-of-louis-vuitton-the-story-of-the-iconic-fashion-house","status":"publish","type":"product","link":"https:\/\/fashionmuseum.shop\/lv\/prece\/little-book-of-louis-vuitton-the-story-of-the-iconic-fashion-house\/","title":{"rendered":"Little Book of Louis Vuitton. The Story of the Iconic Fashion House"},"content":{"rendered":"<p><em><strong>Book Overview from the Publisher:<\/strong><\/em><\/p>\n<p><b>This is the story of Louis Vuitton: the transformation from luggage company to high-fashion label.<\/b><\/p>\n<p><i>Little Book of Louis Vuitton<\/i>&nbsp;is the pocket-sized and fully illustrated story of one of the world&#8217;s most luxurious fashion houses.<\/p>\n<p>Louis Vuitton&#8217;s monogrammed bags have been seen on the arms of celebrities and royals alike for over 150 years. From the young Louis seeking his fortune in Paris through to two world wars, the Great Depression, the Jazz Age and the Swinging Sixties, there is no era in which this most opulent of brands hasn&#8217;t thrived.<\/p>\n<p>Detailing the global expansion of Louis Vuitton in the 1980s, the creation of the powerful fashion conglomerate LVMH, and the appointment in 1997 of Marc Jacobs, this is the story of a transformation from luggage company to high-fashion label. Louis Vuitton&#8217;s continued evolution under the creative direction of Nicolas Ghesquiere and Virgil Abloh is also depicted through fabulous images and captivating text.<\/p>\n<p>This book is brought by <a href=\"https:\/\/fashionmuseum.shop\/publisher\/welbeck-publishing\/\" data-mce-href=\"https:\/\/fashionmuseum.shop\/publisher\/welbeck-publishing\/\"><strong>Welbeck Publishing<\/strong><\/a>, ISBN 9781787397415<\/p>\n","protected":false},"excerpt":{"rendered":"<p><a class=\"\" href=\"https:\/\/fashionmuseum.shop\/lv\/?s=karen+homer&amp;post_type=product&amp;dgwt_wcas=1&amp;lang=en\" data-mh-ea=\"Author name\" data-mce-href=\"https:\/\/fashionmuseum.shop\/lv\/?s=karen+homer&amp;post_type=product&amp;dgwt_wcas=1&amp;lang=en\">Karen Homer<\/a><\/p>\n<p><em><strong>K\u0101p\u0113c m\u0113s izv\u0113l\u0113j\u0101mies \u0161o gr\u0101matu:<\/strong><\/em><\/p>\n<p>\u0160\u012b kompakt\u0101, ta\u010du informat\u012bvi un ilustrat\u012bvi bag\u0101t\u012bg\u0101 gr\u0101mata velt\u012bta vienam no ietekm\u012bg\u0101kajiem luksusa z\u012bmoliem m\u016bsdienu pasaul\u0113 \u2013 Louis Vuitton. Lielisks ieskats uz\u0146\u0113muma pirms\u0101kumos, kas mekl\u0113jami t\u0101laj\u0101 19. gadsimt\u0101, un t\u0101 izaugsm\u0113 l\u012bdz m\u016bsdienu modes industrijam milzim ar atpaz\u012bstamo divu burtu logotipu. Br\u012bni\u0161\u0137\u012bga d\u0101vana modes cien\u012bt\u0101jiem!<\/p>\n","protected":false},"featured_media":26241,"template":"","meta":{"_coblocks_attr":"","_coblocks_dimensions":"","_coblocks_responsive_height":"","_coblocks_accordion_ie_support":"","_crdt_document":"","jetpack_publicize_message":"","jetpack_publicize_feature_enabled":true,"jetpack_social_post_already_shared":true,"jetpack_social_options":{"image_generator_settings":{"template":"highway","default_image_id":0,"font":"","enabled":false},"version":2},"_wpas_customize_per_network":false},"product_brand":[],"product_cat":[1611,1604,1603,1605,2418],"product_tag":[1679,3523,3520,3534,3527,3526],"class_list":{"0":"post-26260","1":"product","2":"type-product","3":"status-publish","4":"has-post-thumbnail","6":"product_cat-gramatas-anglu-valoda","7":"product_cat-gramatas-par-haute-couture","8":"product_cat-gramatas-par-modes-dizaineriem","9":"product_cat-gramatas-par-modes-vesturi","10":"product_cat-gramatas","11":"product_tag-20-gadsimts","12":"product_tag-designers-lv","13":"product_tag-fashion-lv","14":"product_tag-louis-vuitton-lv","15":"product_tag-modes-dizaineri","16":"product_tag-vesture-lv","17":"pa_book-author-karen-homer-lv","18":"pa_language-anglu","19":"pa_publisher-welbeck-publishing-lv","21":"first","22":"instock","23":"shipping-taxable","24":"purchasable","25":"product-type-simple"},"yoast_head":"<!-- This site is optimized with the Yoast SEO plugin v27.4 - https:\/\/yoast.com\/product\/yoast-seo-wordpress\/ -->\n<title>Little Book of Louis Vuitton. The Story of the Iconic Fashion House - Fashion Museum Riga Online Store<\/title>\n<meta name=\"robots\" content=\"index, follow, max-snippet:-1, max-image-preview:large, max-video-preview:-1\" \/>\n<link rel=\"canonical\" href=\"https:\/\/fashionmuseum.shop\/lv\/prece\/little-book-of-louis-vuitton-the-story-of-the-iconic-fashion-house\/\" \/>\n<meta property=\"og:locale\" content=\"lv_LV\" \/>\n<meta property=\"og:type\" content=\"article\" \/>\n<meta property=\"og:title\" content=\"Little Book of Louis Vuitton. The Story of the Iconic Fashion House - Fashion Museum Riga Online Store\" \/>\n<meta property=\"og:description\" content=\"Karen HomerK\u0101p\u0113c m\u0113s izv\u0113l\u0113j\u0101mies \u0161o gr\u0101matu:\u0160\u012b kompakt\u0101, ta\u010du informat\u012bvi un ilustrat\u012bvi bag\u0101t\u012bg\u0101 gr\u0101mata velt\u012bta vienam no ietekm\u012bg\u0101kajiem luksusa z\u012bmoliem m\u016bsdienu pasaul\u0113 \u2013 Louis Vuitton. Lielisks ieskats uz\u0146\u0113muma pirms\u0101kumos, kas mekl\u0113jami t\u0101laj\u0101 19. gadsimt\u0101, un t\u0101 izaugsm\u0113 l\u012bdz m\u016bsdienu modes industrijam milzim ar atpaz\u012bstamo divu burtu logotipu. Br\u012bni\u0161\u0137\u012bga d\u0101vana modes cien\u012bt\u0101jiem!\" \/>\n<meta property=\"og:url\" content=\"https:\/\/fashionmuseum.shop\/lv\/prece\/little-book-of-louis-vuitton-the-story-of-the-iconic-fashion-house\/\" \/>\n<meta property=\"og:site_name\" content=\"Fashion Museum Riga Online Store\" \/>\n<meta property=\"article:modified_time\" content=\"2023-06-14T11:14:12+00:00\" \/>\n<meta property=\"og:image\" content=\"https:\/\/fashionmuseum.shop\/wp-content\/uploads\/2023\/06\/Louis-Vuitton_cover-819x1024.jpg\" \/>\n\t<meta property=\"og:image:width\" content=\"819\" \/>\n\t<meta property=\"og:image:height\" content=\"1024\" \/>\n\t<meta property=\"og:image:type\" content=\"image\/jpeg\" \/>\n<meta name=\"twitter:card\" content=\"summary_large_image\" \/>\n<meta name=\"twitter:label1\" content=\"Est. reading time\" \/>\n\t<meta name=\"twitter:data1\" content=\"1 minute\" \/>\n<script type=\"application\/ld+json\" class=\"yoast-schema-graph\">{\"@context\":\"https:\\\/\\\/schema.org\",\"@graph\":[{\"@type\":\"WebPage\",\"@id\":\"https:\\\/\\\/fashionmuseum.shop\\\/lv\\\/prece\\\/little-book-of-louis-vuitton-the-story-of-the-iconic-fashion-house\\\/\",\"url\":\"https:\\\/\\\/fashionmuseum.shop\\\/lv\\\/prece\\\/little-book-of-louis-vuitton-the-story-of-the-iconic-fashion-house\\\/\",\"name\":\"Little Book of Louis Vuitton. The Story of the Iconic Fashion House - Fashion Museum Riga Online Store\",\"isPartOf\":{\"@id\":\"https:\\\/\\\/fashionmuseum.shop\\\/lv\\\/#website\"},\"primaryImageOfPage\":{\"@id\":\"https:\\\/\\\/fashionmuseum.shop\\\/lv\\\/prece\\\/little-book-of-louis-vuitton-the-story-of-the-iconic-fashion-house\\\/#primaryimage\"},\"image\":{\"@id\":\"https:\\\/\\\/fashionmuseum.shop\\\/lv\\\/prece\\\/little-book-of-louis-vuitton-the-story-of-the-iconic-fashion-house\\\/#primaryimage\"},\"thumbnailUrl\":\"https:\\\/\\\/i0.wp.com\\\/fashionmuseum.shop\\\/wp-content\\\/uploads\\\/2023\\\/06\\\/Louis-Vuitton_cover.jpg?fit=2478%2C3098&ssl=1\",\"datePublished\":\"2023-06-13T14:02:31+00:00\",\"dateModified\":\"2023-06-14T11:14:12+00:00\",\"breadcrumb\":{\"@id\":\"https:\\\/\\\/fashionmuseum.shop\\\/lv\\\/prece\\\/little-book-of-louis-vuitton-the-story-of-the-iconic-fashion-house\\\/#breadcrumb\"},\"inLanguage\":\"lv-LV\",\"potentialAction\":[{\"@type\":\"ReadAction\",\"target\":[\"https:\\\/\\\/fashionmuseum.shop\\\/lv\\\/prece\\\/little-book-of-louis-vuitton-the-story-of-the-iconic-fashion-house\\\/\"]}]},{\"@type\":\"ImageObject\",\"inLanguage\":\"lv-LV\",\"@id\":\"https:\\\/\\\/fashionmuseum.shop\\\/lv\\\/prece\\\/little-book-of-louis-vuitton-the-story-of-the-iconic-fashion-house\\\/#primaryimage\",\"url\":\"https:\\\/\\\/i0.wp.com\\\/fashionmuseum.shop\\\/wp-content\\\/uploads\\\/2023\\\/06\\\/Louis-Vuitton_cover.jpg?fit=2478%2C3098&ssl=1\",\"contentUrl\":\"https:\\\/\\\/i0.wp.com\\\/fashionmuseum.shop\\\/wp-content\\\/uploads\\\/2023\\\/06\\\/Louis-Vuitton_cover.jpg?fit=2478%2C3098&ssl=1\",\"width\":2478,\"height\":3098,\"caption\":\"SONY DSC\"},{\"@type\":\"BreadcrumbList\",\"@id\":\"https:\\\/\\\/fashionmuseum.shop\\\/lv\\\/prece\\\/little-book-of-louis-vuitton-the-story-of-the-iconic-fashion-house\\\/#breadcrumb\",\"itemListElement\":[{\"@type\":\"ListItem\",\"position\":1,\"name\":\"Home\",\"item\":\"https:\\\/\\\/fashionmuseum.shop\\\/lv\\\/\"},{\"@type\":\"ListItem\",\"position\":2,\"name\":\"Products\",\"item\":\"https:\\\/\\\/fashionmuseum.shop\\\/lv\\\/shop\\\/\"},{\"@type\":\"ListItem\",\"position\":3,\"name\":\"Little Book of Louis Vuitton. The Story of the Iconic Fashion House\"}]},{\"@type\":\"WebSite\",\"@id\":\"https:\\\/\\\/fashionmuseum.shop\\\/lv\\\/#website\",\"url\":\"https:\\\/\\\/fashionmuseum.shop\\\/lv\\\/\",\"name\":\"Fashion Museum Online Store\",\"description\":\"Fashion Museum Riga Online Store provides a wide selection of books about fashion and fashion history.\",\"publisher\":{\"@id\":\"https:\\\/\\\/fashionmuseum.shop\\\/lv\\\/#organization\"},\"potentialAction\":[{\"@type\":\"SearchAction\",\"target\":{\"@type\":\"EntryPoint\",\"urlTemplate\":\"https:\\\/\\\/fashionmuseum.shop\\\/lv\\\/?s={search_term_string}\"},\"query-input\":{\"@type\":\"PropertyValueSpecification\",\"valueRequired\":true,\"valueName\":\"search_term_string\"}}],\"inLanguage\":\"lv-LV\"},{\"@type\":\"Organization\",\"@id\":\"https:\\\/\\\/fashionmuseum.shop\\\/lv\\\/#organization\",\"name\":\"Modes muzejs\",\"url\":\"https:\\\/\\\/fashionmuseum.shop\\\/lv\\\/\",\"logo\":{\"@type\":\"ImageObject\",\"inLanguage\":\"lv-LV\",\"@id\":\"https:\\\/\\\/fashionmuseum.shop\\\/lv\\\/#\\\/schema\\\/logo\\\/image\\\/\",\"url\":\"https:\\\/\\\/i1.wp.com\\\/fashionmuseum.shop\\\/wp-content\\\/uploads\\\/2020\\\/04\\\/apple-touch-icon.png?fit=180%2C180&ssl=1\",\"contentUrl\":\"https:\\\/\\\/i1.wp.com\\\/fashionmuseum.shop\\\/wp-content\\\/uploads\\\/2020\\\/04\\\/apple-touch-icon.png?fit=180%2C180&ssl=1\",\"width\":180,\"height\":180,\"caption\":\"Modes muzejs\"},\"image\":{\"@id\":\"https:\\\/\\\/fashionmuseum.shop\\\/lv\\\/#\\\/schema\\\/logo\\\/image\\\/\"}}]}<\/script>\n<!-- \/ Yoast SEO plugin. -->","yoast_head_json":{"title":"Little Book of Louis Vuitton. The Story of the Iconic Fashion House - Fashion Museum Riga Online Store","robots":{"index":"index","follow":"follow","max-snippet":"max-snippet:-1","max-image-preview":"max-image-preview:large","max-video-preview":"max-video-preview:-1"},"canonical":"https:\/\/fashionmuseum.shop\/lv\/prece\/little-book-of-louis-vuitton-the-story-of-the-iconic-fashion-house\/","og_locale":"lv_LV","og_type":"article","og_title":"Little Book of Louis Vuitton. The Story of the Iconic Fashion House - Fashion Museum Riga Online Store","og_description":"Karen HomerK\u0101p\u0113c m\u0113s izv\u0113l\u0113j\u0101mies \u0161o gr\u0101matu:\u0160\u012b kompakt\u0101, ta\u010du informat\u012bvi un ilustrat\u012bvi bag\u0101t\u012bg\u0101 gr\u0101mata velt\u012bta vienam no ietekm\u012bg\u0101kajiem luksusa z\u012bmoliem m\u016bsdienu pasaul\u0113 \u2013 Louis Vuitton. Lielisks ieskats uz\u0146\u0113muma pirms\u0101kumos, kas mekl\u0113jami t\u0101laj\u0101 19. gadsimt\u0101, un t\u0101 izaugsm\u0113 l\u012bdz m\u016bsdienu modes industrijam milzim ar atpaz\u012bstamo divu burtu logotipu. Br\u012bni\u0161\u0137\u012bga d\u0101vana modes cien\u012bt\u0101jiem!","og_url":"https:\/\/fashionmuseum.shop\/lv\/prece\/little-book-of-louis-vuitton-the-story-of-the-iconic-fashion-house\/","og_site_name":"Fashion Museum Riga Online Store","article_modified_time":"2023-06-14T11:14:12+00:00","og_image":[{"width":819,"height":1024,"url":"https:\/\/fashionmuseum.shop\/wp-content\/uploads\/2023\/06\/Louis-Vuitton_cover-819x1024.jpg","type":"image\/jpeg"}],"twitter_card":"summary_large_image","twitter_misc":{"Est. reading time":"1 minute"},"schema":{"@context":"https:\/\/schema.org","@graph":[{"@type":"WebPage","@id":"https:\/\/fashionmuseum.shop\/lv\/prece\/little-book-of-louis-vuitton-the-story-of-the-iconic-fashion-house\/","url":"https:\/\/fashionmuseum.shop\/lv\/prece\/little-book-of-louis-vuitton-the-story-of-the-iconic-fashion-house\/","name":"Little Book of Louis Vuitton. The Story of the Iconic Fashion House - Fashion Museum Riga Online Store","isPartOf":{"@id":"https:\/\/fashionmuseum.shop\/lv\/#website"},"primaryImageOfPage":{"@id":"https:\/\/fashionmuseum.shop\/lv\/prece\/little-book-of-louis-vuitton-the-story-of-the-iconic-fashion-house\/#primaryimage"},"image":{"@id":"https:\/\/fashionmuseum.shop\/lv\/prece\/little-book-of-louis-vuitton-the-story-of-the-iconic-fashion-house\/#primaryimage"},"thumbnailUrl":"https:\/\/i0.wp.com\/fashionmuseum.shop\/wp-content\/uploads\/2023\/06\/Louis-Vuitton_cover.jpg?fit=2478%2C3098&ssl=1","datePublished":"2023-06-13T14:02:31+00:00","dateModified":"2023-06-14T11:14:12+00:00","breadcrumb":{"@id":"https:\/\/fashionmuseum.shop\/lv\/prece\/little-book-of-louis-vuitton-the-story-of-the-iconic-fashion-house\/#breadcrumb"},"inLanguage":"lv-LV","potentialAction":[{"@type":"ReadAction","target":["https:\/\/fashionmuseum.shop\/lv\/prece\/little-book-of-louis-vuitton-the-story-of-the-iconic-fashion-house\/"]}]},{"@type":"ImageObject","inLanguage":"lv-LV","@id":"https:\/\/fashionmuseum.shop\/lv\/prece\/little-book-of-louis-vuitton-the-story-of-the-iconic-fashion-house\/#primaryimage","url":"https:\/\/i0.wp.com\/fashionmuseum.shop\/wp-content\/uploads\/2023\/06\/Louis-Vuitton_cover.jpg?fit=2478%2C3098&ssl=1","contentUrl":"https:\/\/i0.wp.com\/fashionmuseum.shop\/wp-content\/uploads\/2023\/06\/Louis-Vuitton_cover.jpg?fit=2478%2C3098&ssl=1","width":2478,"height":3098,"caption":"SONY DSC"},{"@type":"BreadcrumbList","@id":"https:\/\/fashionmuseum.shop\/lv\/prece\/little-book-of-louis-vuitton-the-story-of-the-iconic-fashion-house\/#breadcrumb","itemListElement":[{"@type":"ListItem","position":1,"name":"Home","item":"https:\/\/fashionmuseum.shop\/lv\/"},{"@type":"ListItem","position":2,"name":"Products","item":"https:\/\/fashionmuseum.shop\/lv\/shop\/"},{"@type":"ListItem","position":3,"name":"Little Book of Louis Vuitton. The Story of the Iconic Fashion House"}]},{"@type":"WebSite","@id":"https:\/\/fashionmuseum.shop\/lv\/#website","url":"https:\/\/fashionmuseum.shop\/lv\/","name":"Fashion Museum Online Store","description":"Fashion Museum Riga Online Store provides a wide selection of books about fashion and fashion history.","publisher":{"@id":"https:\/\/fashionmuseum.shop\/lv\/#organization"},"potentialAction":[{"@type":"SearchAction","target":{"@type":"EntryPoint","urlTemplate":"https:\/\/fashionmuseum.shop\/lv\/?s={search_term_string}"},"query-input":{"@type":"PropertyValueSpecification","valueRequired":true,"valueName":"search_term_string"}}],"inLanguage":"lv-LV"},{"@type":"Organization","@id":"https:\/\/fashionmuseum.shop\/lv\/#organization","name":"Modes muzejs","url":"https:\/\/fashionmuseum.shop\/lv\/","logo":{"@type":"ImageObject","inLanguage":"lv-LV","@id":"https:\/\/fashionmuseum.shop\/lv\/#\/schema\/logo\/image\/","url":"https:\/\/i1.wp.com\/fashionmuseum.shop\/wp-content\/uploads\/2020\/04\/apple-touch-icon.png?fit=180%2C180&ssl=1","contentUrl":"https:\/\/i1.wp.com\/fashionmuseum.shop\/wp-content\/uploads\/2020\/04\/apple-touch-icon.png?fit=180%2C180&ssl=1","width":180,"height":180,"caption":"Modes muzejs"},"image":{"@id":"https:\/\/fashionmuseum.shop\/lv\/#\/schema\/logo\/image\/"}}]}},"jetpack_publicize_connections":[],"jetpack_likes_enabled":false,"jetpack_sharing_enabled":true,"amp_enabled":true,"_links":{"self":[{"href":"https:\/\/fashionmuseum.shop\/lv\/wp-json\/wp\/v2\/product\/26260","targetHints":{"allow":["GET"]}}],"collection":[{"href":"https:\/\/fashionmuseum.shop\/lv\/wp-json\/wp\/v2\/product"}],"about":[{"href":"https:\/\/fashionmuseum.shop\/lv\/wp-json\/wp\/v2\/types\/product"}],"wp:featuredmedia":[{"embeddable":true,"href":"https:\/\/fashionmuseum.shop\/lv\/wp-json\/wp\/v2\/media\/26241"}],"wp:attachment":[{"href":"https:\/\/fashionmuseum.shop\/lv\/wp-json\/wp\/v2\/media?parent=26260"}],"wp:term":[{"taxonomy":"product_brand","embeddable":true,"href":"https:\/\/fashionmuseum.shop\/lv\/wp-json\/wp\/v2\/product_brand?post=26260"},{"taxonomy":"product_cat","embeddable":true,"href":"https:\/\/fashionmuseum.shop\/lv\/wp-json\/wp\/v2\/product_cat?post=26260"},{"taxonomy":"product_tag","embeddable":true,"href":"https:\/\/fashionmuseum.shop\/lv\/wp-json\/wp\/v2\/product_tag?post=26260"}],"curies":[{"name":"wp","href":"https:\/\/api.w.org\/{rel}","templated":true}]}}