{"id":26285,"date":"2023-06-14T15:14:23","date_gmt":"2023-06-14T12:14:23","guid":{"rendered":"https:\/\/fashionmuseum.shop\/?post_type=product&#038;p=26285"},"modified":"2025-12-12T13:26:22","modified_gmt":"2025-12-12T11:26:22","slug":"little-book-of-versace-the-story-of-the-iconic-fashion-house","status":"publish","type":"product","link":"https:\/\/fashionmuseum.shop\/lv\/prece\/little-book-of-versace-the-story-of-the-iconic-fashion-house\/","title":{"rendered":"Little Book of Versace. The Story of the Iconic Fashion House"},"content":{"rendered":"<p><em><strong>Izdev\u0113ja gr\u0101matas anot\u0101cija:<\/strong><\/em><\/p>\n<p><b>An illustrated exploration of the story of the brand, from its creation in 1978 by Gianni Versace to its iconic status today. Featuring images of red-carpet moments, key pieces, and stunning catwalk shows.<\/b><\/p>\n<p>&#8216;Don&#8217;t be into trends. Don&#8217;t make fashion own you, but you decide what you are, what you want to express by the way you dress&#8230;&#8217; &#8211; Gianni Versace<\/p>\n<p>From Elizabeth Hurley&#8217;s safety pin dress to Jennifer Lopez&#8217;s plunging green gown, Versace has always been a brand at the cutting edge of fashion. With a foot firmly placed in pop culture, Versace is beloved by fashionistas and celebrities alike, providing iconic moments like Lil Nas X&#8217;s gold armour at the 2021 Met Gala, many of Elton John&#8217;s eclectic tour outfits and the gown worn by Lady Diana in her posthumous tribute in Harper&#8217;s Bazaar.<\/p>\n<p>Exquisitely illustrated and expertly written, this book explores the story of the brand, from its creation in 1978 by Gianni Versace to its iconic status today. Featuring images of red-carpet moments, key pieces and stunning catwalk shows, this is a fabulous collection of all things Versace.<\/p>\n<p><b>About the Author<\/b><\/p>\n<p>A stylist and journalist specializing in fashion and beauty, Laia Farran Graves has also worked for such publications as\u00a0<i>Vogue, InStyle, Glamour, Marie Claire<\/i>\u00a0and the\u00a0<i>Sunday Times Style<\/i>\u00a0magazine. Laia lives in Brighton, England.<\/p>\n<p>This book is brought by\u00a0<a href=\"https:\/\/fashionmuseum.shop\/publisher\/welbeck-publishing\/\"><strong>Welbeck Publishing<\/strong><\/a>, ISBN 9781802792638<\/p>\n","protected":false},"excerpt":{"rendered":"<p><a href=\"https:\/\/fashionmuseum.shop\/lv\/book-author\/laia-farran-graves\/\"><strong>Laia Farran Graves<\/strong><\/a><\/p>\n<p><em><strong>K\u0101p\u0113c m\u0113s izv\u0113l\u0113j\u0101mies \u0161o gr\u0101matu:<\/strong><\/em><\/p>\n<p>\u0160\u012b kompakt\u0101, ta\u010du informat\u012bvi un ilustrat\u012bvi bag\u0101t\u012bg\u0101 gr\u0101mata velt\u012bta vienam no slaven\u0101kajiem It\u0101lijas modes namiem \u2013 \u201cVersace\u201d. Gr\u0101mat\u0101 apl\u016bkoti gan modes nama dibin\u0101t\u0101ja, izcil\u0101 piegriezuma meistara D\u017eanni Versa\u010des gadi, gan vi\u0146a m\u0101sas Donatellas Versa\u010des periods modes nama vad\u012bb\u0101. Spilgta seksualit\u0101te, It\u0101lijas kult\u016bras ietekmes un ikonisk\u0101kie m\u016bsdienu modes v\u0113stures mirk\u013ci. Br\u012bni\u0161\u0137\u012bgs velt\u012bjums, ko nov\u0113rt\u0113s ikviens modes nama cien\u012bt\u0101js!<\/p>\n","protected":false},"featured_media":26289,"template":"","meta":{"_coblocks_attr":"","_coblocks_dimensions":"","_coblocks_responsive_height":"","_coblocks_accordion_ie_support":"","_crdt_document":"","jetpack_publicize_message":"","jetpack_publicize_feature_enabled":true,"jetpack_social_post_already_shared":true,"jetpack_social_options":{"image_generator_settings":{"template":"highway","default_image_id":0,"font":"","enabled":false},"version":2},"_wpas_customize_per_network":false},"product_brand":[],"product_cat":[1611,1603,1605,2418],"product_tag":[1679,3520,1694,1693,1743,3545],"class_list":{"0":"post-26285","1":"product","2":"type-product","3":"status-publish","4":"has-post-thumbnail","6":"product_cat-gramatas-anglu-valoda","7":"product_cat-gramatas-par-modes-dizaineriem","8":"product_cat-gramatas-par-modes-vesturi","9":"product_cat-gramatas","10":"product_tag-20-gadsimts","11":"product_tag-fashion-lv","12":"product_tag-italijas-mode","13":"product_tag-italu","14":"product_tag-shoes-lv","15":"product_tag-versace-lv","16":"pa_book-author-laia-farran-graves-lv","17":"pa_language-anglu","18":"pa_publisher-welbeck-publishing-lv","20":"first","21":"instock","22":"shipping-taxable","23":"purchasable","24":"product-type-simple"},"yoast_head":"<!-- This site is optimized with the Yoast SEO plugin v27.4 - https:\/\/yoast.com\/product\/yoast-seo-wordpress\/ -->\n<title>Little Book of Versace. The Story of the Iconic Fashion House - Fashion Museum Riga Online Store<\/title>\n<meta name=\"robots\" content=\"index, follow, max-snippet:-1, max-image-preview:large, max-video-preview:-1\" \/>\n<link rel=\"canonical\" href=\"https:\/\/fashionmuseum.shop\/lv\/prece\/little-book-of-versace-the-story-of-the-iconic-fashion-house\/\" \/>\n<meta property=\"og:locale\" content=\"lv_LV\" \/>\n<meta property=\"og:type\" content=\"article\" \/>\n<meta property=\"og:title\" content=\"Little Book of Versace. The Story of the Iconic Fashion House - Fashion Museum Riga Online Store\" \/>\n<meta property=\"og:description\" content=\"Laia Farran Graves  K\u0101p\u0113c m\u0113s izv\u0113l\u0113j\u0101mies \u0161o gr\u0101matu:  \u0160\u012b kompakt\u0101, ta\u010du informat\u012bvi un ilustrat\u012bvi bag\u0101t\u012bg\u0101 gr\u0101mata velt\u012bta vienam no slaven\u0101kajiem It\u0101lijas modes namiem \u2013 \u201cVersace\u201d. Gr\u0101mat\u0101 apl\u016bkoti gan modes nama dibin\u0101t\u0101ja, izcil\u0101 piegriezuma meistara D\u017eanni Versa\u010des gadi, gan vi\u0146a m\u0101sas Donatellas Versa\u010des periods modes nama vad\u012bb\u0101. Spilgta seksualit\u0101te, It\u0101lijas kult\u016bras ietekmes un ikonisk\u0101kie m\u016bsdienu modes v\u0113stures mirk\u013ci. Br\u012bni\u0161\u0137\u012bgs velt\u012bjums, ko nov\u0113rt\u0113s ikviens modes nama cien\u012bt\u0101js!\" \/>\n<meta property=\"og:url\" content=\"https:\/\/fashionmuseum.shop\/lv\/prece\/little-book-of-versace-the-story-of-the-iconic-fashion-house\/\" \/>\n<meta property=\"og:site_name\" content=\"Fashion Museum Riga Online Store\" \/>\n<meta property=\"article:modified_time\" content=\"2025-12-12T11:26:22+00:00\" \/>\n<meta property=\"og:image\" content=\"https:\/\/fashionmuseum.shop\/wp-content\/uploads\/2023\/06\/Versace_cover-819x1024.jpg\" \/>\n\t<meta property=\"og:image:width\" content=\"819\" \/>\n\t<meta property=\"og:image:height\" content=\"1024\" \/>\n\t<meta property=\"og:image:type\" content=\"image\/jpeg\" \/>\n<meta name=\"twitter:card\" content=\"summary_large_image\" \/>\n<meta name=\"twitter:label1\" content=\"Est. reading time\" \/>\n\t<meta name=\"twitter:data1\" content=\"1 minute\" \/>\n<script type=\"application\/ld+json\" class=\"yoast-schema-graph\">{\"@context\":\"https:\\\/\\\/schema.org\",\"@graph\":[{\"@type\":\"WebPage\",\"@id\":\"https:\\\/\\\/fashionmuseum.shop\\\/lv\\\/prece\\\/little-book-of-versace-the-story-of-the-iconic-fashion-house\\\/\",\"url\":\"https:\\\/\\\/fashionmuseum.shop\\\/lv\\\/prece\\\/little-book-of-versace-the-story-of-the-iconic-fashion-house\\\/\",\"name\":\"Little Book of Versace. The Story of the Iconic Fashion House - Fashion Museum Riga Online Store\",\"isPartOf\":{\"@id\":\"https:\\\/\\\/fashionmuseum.shop\\\/lv\\\/#website\"},\"primaryImageOfPage\":{\"@id\":\"https:\\\/\\\/fashionmuseum.shop\\\/lv\\\/prece\\\/little-book-of-versace-the-story-of-the-iconic-fashion-house\\\/#primaryimage\"},\"image\":{\"@id\":\"https:\\\/\\\/fashionmuseum.shop\\\/lv\\\/prece\\\/little-book-of-versace-the-story-of-the-iconic-fashion-house\\\/#primaryimage\"},\"thumbnailUrl\":\"https:\\\/\\\/i0.wp.com\\\/fashionmuseum.shop\\\/wp-content\\\/uploads\\\/2023\\\/06\\\/Versace_cover.jpg?fit=2547%2C3184&ssl=1\",\"datePublished\":\"2023-06-14T12:14:23+00:00\",\"dateModified\":\"2025-12-12T11:26:22+00:00\",\"breadcrumb\":{\"@id\":\"https:\\\/\\\/fashionmuseum.shop\\\/lv\\\/prece\\\/little-book-of-versace-the-story-of-the-iconic-fashion-house\\\/#breadcrumb\"},\"inLanguage\":\"lv-LV\",\"potentialAction\":[{\"@type\":\"ReadAction\",\"target\":[\"https:\\\/\\\/fashionmuseum.shop\\\/lv\\\/prece\\\/little-book-of-versace-the-story-of-the-iconic-fashion-house\\\/\"]}]},{\"@type\":\"ImageObject\",\"inLanguage\":\"lv-LV\",\"@id\":\"https:\\\/\\\/fashionmuseum.shop\\\/lv\\\/prece\\\/little-book-of-versace-the-story-of-the-iconic-fashion-house\\\/#primaryimage\",\"url\":\"https:\\\/\\\/i0.wp.com\\\/fashionmuseum.shop\\\/wp-content\\\/uploads\\\/2023\\\/06\\\/Versace_cover.jpg?fit=2547%2C3184&ssl=1\",\"contentUrl\":\"https:\\\/\\\/i0.wp.com\\\/fashionmuseum.shop\\\/wp-content\\\/uploads\\\/2023\\\/06\\\/Versace_cover.jpg?fit=2547%2C3184&ssl=1\",\"width\":2547,\"height\":3184,\"caption\":\"SONY DSC\"},{\"@type\":\"BreadcrumbList\",\"@id\":\"https:\\\/\\\/fashionmuseum.shop\\\/lv\\\/prece\\\/little-book-of-versace-the-story-of-the-iconic-fashion-house\\\/#breadcrumb\",\"itemListElement\":[{\"@type\":\"ListItem\",\"position\":1,\"name\":\"Home\",\"item\":\"https:\\\/\\\/fashionmuseum.shop\\\/lv\\\/\"},{\"@type\":\"ListItem\",\"position\":2,\"name\":\"Products\",\"item\":\"https:\\\/\\\/fashionmuseum.shop\\\/lv\\\/shop\\\/\"},{\"@type\":\"ListItem\",\"position\":3,\"name\":\"Little Book of Versace. The Story of the Iconic Fashion House\"}]},{\"@type\":\"WebSite\",\"@id\":\"https:\\\/\\\/fashionmuseum.shop\\\/lv\\\/#website\",\"url\":\"https:\\\/\\\/fashionmuseum.shop\\\/lv\\\/\",\"name\":\"Fashion Museum Online Store\",\"description\":\"Fashion Museum Riga Online Store provides a wide selection of books about fashion and fashion history.\",\"publisher\":{\"@id\":\"https:\\\/\\\/fashionmuseum.shop\\\/lv\\\/#organization\"},\"potentialAction\":[{\"@type\":\"SearchAction\",\"target\":{\"@type\":\"EntryPoint\",\"urlTemplate\":\"https:\\\/\\\/fashionmuseum.shop\\\/lv\\\/?s={search_term_string}\"},\"query-input\":{\"@type\":\"PropertyValueSpecification\",\"valueRequired\":true,\"valueName\":\"search_term_string\"}}],\"inLanguage\":\"lv-LV\"},{\"@type\":\"Organization\",\"@id\":\"https:\\\/\\\/fashionmuseum.shop\\\/lv\\\/#organization\",\"name\":\"Modes muzejs\",\"url\":\"https:\\\/\\\/fashionmuseum.shop\\\/lv\\\/\",\"logo\":{\"@type\":\"ImageObject\",\"inLanguage\":\"lv-LV\",\"@id\":\"https:\\\/\\\/fashionmuseum.shop\\\/lv\\\/#\\\/schema\\\/logo\\\/image\\\/\",\"url\":\"https:\\\/\\\/i1.wp.com\\\/fashionmuseum.shop\\\/wp-content\\\/uploads\\\/2020\\\/04\\\/apple-touch-icon.png?fit=180%2C180&ssl=1\",\"contentUrl\":\"https:\\\/\\\/i1.wp.com\\\/fashionmuseum.shop\\\/wp-content\\\/uploads\\\/2020\\\/04\\\/apple-touch-icon.png?fit=180%2C180&ssl=1\",\"width\":180,\"height\":180,\"caption\":\"Modes muzejs\"},\"image\":{\"@id\":\"https:\\\/\\\/fashionmuseum.shop\\\/lv\\\/#\\\/schema\\\/logo\\\/image\\\/\"}}]}<\/script>\n<!-- \/ Yoast SEO plugin. -->","yoast_head_json":{"title":"Little Book of Versace. The Story of the Iconic Fashion House - Fashion Museum Riga Online Store","robots":{"index":"index","follow":"follow","max-snippet":"max-snippet:-1","max-image-preview":"max-image-preview:large","max-video-preview":"max-video-preview:-1"},"canonical":"https:\/\/fashionmuseum.shop\/lv\/prece\/little-book-of-versace-the-story-of-the-iconic-fashion-house\/","og_locale":"lv_LV","og_type":"article","og_title":"Little Book of Versace. The Story of the Iconic Fashion House - Fashion Museum Riga Online Store","og_description":"Laia Farran Graves  K\u0101p\u0113c m\u0113s izv\u0113l\u0113j\u0101mies \u0161o gr\u0101matu:  \u0160\u012b kompakt\u0101, ta\u010du informat\u012bvi un ilustrat\u012bvi bag\u0101t\u012bg\u0101 gr\u0101mata velt\u012bta vienam no slaven\u0101kajiem It\u0101lijas modes namiem \u2013 \u201cVersace\u201d. Gr\u0101mat\u0101 apl\u016bkoti gan modes nama dibin\u0101t\u0101ja, izcil\u0101 piegriezuma meistara D\u017eanni Versa\u010des gadi, gan vi\u0146a m\u0101sas Donatellas Versa\u010des periods modes nama vad\u012bb\u0101. Spilgta seksualit\u0101te, It\u0101lijas kult\u016bras ietekmes un ikonisk\u0101kie m\u016bsdienu modes v\u0113stures mirk\u013ci. Br\u012bni\u0161\u0137\u012bgs velt\u012bjums, ko nov\u0113rt\u0113s ikviens modes nama cien\u012bt\u0101js!","og_url":"https:\/\/fashionmuseum.shop\/lv\/prece\/little-book-of-versace-the-story-of-the-iconic-fashion-house\/","og_site_name":"Fashion Museum Riga Online Store","article_modified_time":"2025-12-12T11:26:22+00:00","og_image":[{"width":819,"height":1024,"url":"https:\/\/fashionmuseum.shop\/wp-content\/uploads\/2023\/06\/Versace_cover-819x1024.jpg","type":"image\/jpeg"}],"twitter_card":"summary_large_image","twitter_misc":{"Est. reading time":"1 minute"},"schema":{"@context":"https:\/\/schema.org","@graph":[{"@type":"WebPage","@id":"https:\/\/fashionmuseum.shop\/lv\/prece\/little-book-of-versace-the-story-of-the-iconic-fashion-house\/","url":"https:\/\/fashionmuseum.shop\/lv\/prece\/little-book-of-versace-the-story-of-the-iconic-fashion-house\/","name":"Little Book of Versace. The Story of the Iconic Fashion House - Fashion Museum Riga Online Store","isPartOf":{"@id":"https:\/\/fashionmuseum.shop\/lv\/#website"},"primaryImageOfPage":{"@id":"https:\/\/fashionmuseum.shop\/lv\/prece\/little-book-of-versace-the-story-of-the-iconic-fashion-house\/#primaryimage"},"image":{"@id":"https:\/\/fashionmuseum.shop\/lv\/prece\/little-book-of-versace-the-story-of-the-iconic-fashion-house\/#primaryimage"},"thumbnailUrl":"https:\/\/i0.wp.com\/fashionmuseum.shop\/wp-content\/uploads\/2023\/06\/Versace_cover.jpg?fit=2547%2C3184&ssl=1","datePublished":"2023-06-14T12:14:23+00:00","dateModified":"2025-12-12T11:26:22+00:00","breadcrumb":{"@id":"https:\/\/fashionmuseum.shop\/lv\/prece\/little-book-of-versace-the-story-of-the-iconic-fashion-house\/#breadcrumb"},"inLanguage":"lv-LV","potentialAction":[{"@type":"ReadAction","target":["https:\/\/fashionmuseum.shop\/lv\/prece\/little-book-of-versace-the-story-of-the-iconic-fashion-house\/"]}]},{"@type":"ImageObject","inLanguage":"lv-LV","@id":"https:\/\/fashionmuseum.shop\/lv\/prece\/little-book-of-versace-the-story-of-the-iconic-fashion-house\/#primaryimage","url":"https:\/\/i0.wp.com\/fashionmuseum.shop\/wp-content\/uploads\/2023\/06\/Versace_cover.jpg?fit=2547%2C3184&ssl=1","contentUrl":"https:\/\/i0.wp.com\/fashionmuseum.shop\/wp-content\/uploads\/2023\/06\/Versace_cover.jpg?fit=2547%2C3184&ssl=1","width":2547,"height":3184,"caption":"SONY DSC"},{"@type":"BreadcrumbList","@id":"https:\/\/fashionmuseum.shop\/lv\/prece\/little-book-of-versace-the-story-of-the-iconic-fashion-house\/#breadcrumb","itemListElement":[{"@type":"ListItem","position":1,"name":"Home","item":"https:\/\/fashionmuseum.shop\/lv\/"},{"@type":"ListItem","position":2,"name":"Products","item":"https:\/\/fashionmuseum.shop\/lv\/shop\/"},{"@type":"ListItem","position":3,"name":"Little Book of Versace. The Story of the Iconic Fashion House"}]},{"@type":"WebSite","@id":"https:\/\/fashionmuseum.shop\/lv\/#website","url":"https:\/\/fashionmuseum.shop\/lv\/","name":"Fashion Museum Online Store","description":"Fashion Museum Riga Online Store provides a wide selection of books about fashion and fashion history.","publisher":{"@id":"https:\/\/fashionmuseum.shop\/lv\/#organization"},"potentialAction":[{"@type":"SearchAction","target":{"@type":"EntryPoint","urlTemplate":"https:\/\/fashionmuseum.shop\/lv\/?s={search_term_string}"},"query-input":{"@type":"PropertyValueSpecification","valueRequired":true,"valueName":"search_term_string"}}],"inLanguage":"lv-LV"},{"@type":"Organization","@id":"https:\/\/fashionmuseum.shop\/lv\/#organization","name":"Modes muzejs","url":"https:\/\/fashionmuseum.shop\/lv\/","logo":{"@type":"ImageObject","inLanguage":"lv-LV","@id":"https:\/\/fashionmuseum.shop\/lv\/#\/schema\/logo\/image\/","url":"https:\/\/i1.wp.com\/fashionmuseum.shop\/wp-content\/uploads\/2020\/04\/apple-touch-icon.png?fit=180%2C180&ssl=1","contentUrl":"https:\/\/i1.wp.com\/fashionmuseum.shop\/wp-content\/uploads\/2020\/04\/apple-touch-icon.png?fit=180%2C180&ssl=1","width":180,"height":180,"caption":"Modes muzejs"},"image":{"@id":"https:\/\/fashionmuseum.shop\/lv\/#\/schema\/logo\/image\/"}}]}},"jetpack_publicize_connections":[],"jetpack_likes_enabled":false,"jetpack_sharing_enabled":true,"amp_enabled":true,"_links":{"self":[{"href":"https:\/\/fashionmuseum.shop\/lv\/wp-json\/wp\/v2\/product\/26285","targetHints":{"allow":["GET"]}}],"collection":[{"href":"https:\/\/fashionmuseum.shop\/lv\/wp-json\/wp\/v2\/product"}],"about":[{"href":"https:\/\/fashionmuseum.shop\/lv\/wp-json\/wp\/v2\/types\/product"}],"wp:featuredmedia":[{"embeddable":true,"href":"https:\/\/fashionmuseum.shop\/lv\/wp-json\/wp\/v2\/media\/26289"}],"wp:attachment":[{"href":"https:\/\/fashionmuseum.shop\/lv\/wp-json\/wp\/v2\/media?parent=26285"}],"wp:term":[{"taxonomy":"product_brand","embeddable":true,"href":"https:\/\/fashionmuseum.shop\/lv\/wp-json\/wp\/v2\/product_brand?post=26285"},{"taxonomy":"product_cat","embeddable":true,"href":"https:\/\/fashionmuseum.shop\/lv\/wp-json\/wp\/v2\/product_cat?post=26285"},{"taxonomy":"product_tag","embeddable":true,"href":"https:\/\/fashionmuseum.shop\/lv\/wp-json\/wp\/v2\/product_tag?post=26285"}],"curies":[{"name":"wp","href":"https:\/\/api.w.org\/{rel}","templated":true}]}}