{"id":26432,"date":"2023-07-13T15:20:25","date_gmt":"2023-07-13T12:20:26","guid":{"rendered":"https:\/\/fashionmuseum.shop\/?post_type=product&#038;p=26432"},"modified":"2023-07-13T16:09:40","modified_gmt":"2023-07-13T13:09:40","slug":"fashion-sourcebook-1920s-fashion","status":"publish","type":"product","link":"https:\/\/fashionmuseum.shop\/lv\/prece\/fashion-sourcebook-1920s-fashion\/","title":{"rendered":"Fashion Sourcebook 1920s Fashion"},"content":{"rendered":"<p><em><strong>Izdev\u0113ja gr\u0101matas anot\u0101cija:<\/strong><\/em><\/p>\n<p>&#8216;There isn&#8217;t a more comprehensive source to Twenties fashion that I can think of &#8230; An absolute must for anyone interested in Twenties fashion or art deco&#8217; -Style High Club<\/p>\n<p>&#8216;A source of all the styles, colours, shapes, and silhouettes of the Golden Twenties&#8217;- Vogue<\/p>\n<p><span class=\"a-text-bold\">From the glitz and glamour of the Roaring Twenties came a fashion revolution.\u00a0<\/span>The 1920s is a decade synonymous with social change, reflected in its groundbreaking fashions: from the daring elegance of the &#8216;New Woman&#8217; to never-before-seen silhouettes, the styles of the Roaring Twenties still capture the imagination a century later.Sumptuously illustrated with over 500 original photographs, sketches and prints, this extensive sourcebook documents the season-by-season fashions of the Jazz Age. Follow the evolving fashion trends and uncover a fascinating analysis of the progression from haute couture to ready-to-wear in this essential handbook for all fashion historians, students and vintage enthusiasts.<span class=\"a-text-bold\">Authored and edited by renowned design historian, Charlotte Fiell, this volume also contains an authoritative introduction by fashion historian Emmanuelle Dirix, as well as the biographies of the key designers and fashion houses of the period.<\/span><\/p>\n<p>This book is brought by\u00a0<a href=\"https:\/\/fashionmuseum.shop\/lv\/publisher\/welbeck-publishing\/\"><strong>Welbeck Publishing<\/strong><\/a>, ISBN 9781787398870<\/p>\n","protected":false},"excerpt":{"rendered":"<p><a href=\"https:\/\/fashionmuseum.shop\/book-author\/charlotte-fiell\/\"><strong>Charlotte Fiell\u00a0<\/strong><\/a><\/p>\n<p><em><strong>K\u0101p\u0113c m\u0113s izv\u0113l\u0113j\u0101mies \u0161o gr\u0101matu:<\/strong><\/em><\/p>\n<p>Apjom\u012bgs vizu\u0101l\u0101s inform\u0101cijas avots ikvienam, kas j\u016bsmo par 20. gadu modi \u2013 un jo \u012bpa\u0161i tiem, kas izstr\u0101d\u0101 kost\u012bmus skatuvei un ekr\u0101nam, k\u0101 ar\u012b \u0161uj vai restaur\u0113 v\u0113sturisku ap\u0123\u0113rbu. Gr\u0101mata sak\u0101rtota vair\u0101k\u0101s noda\u013c\u0101s, piev\u0113r\u0161oties gan dienas ap\u0123\u0113rbam un virsdr\u0113b\u0113m, gan vakarkleit\u0101m un aksesu\u0101riem. Ievad\u0101 \u2013 \u012bss p\u0101rskats par 20. gadu modi. Skaisti un noder\u012bgi!<\/p>\n","protected":false},"featured_media":26923,"template":"","meta":{"_coblocks_attr":"","_coblocks_dimensions":"","_coblocks_responsive_height":"","_coblocks_accordion_ie_support":"","_crdt_document":"","jetpack_publicize_message":"","jetpack_publicize_feature_enabled":true,"jetpack_social_post_already_shared":true,"jetpack_social_options":{"image_generator_settings":{"template":"highway","default_image_id":0,"font":"","enabled":false},"version":2},"_wpas_customize_per_network":false},"product_brand":[],"product_cat":[1611,1605,2418,1609],"product_tag":[1679,3520,3521,1678,3368],"class_list":{"0":"post-26432","1":"product","2":"type-product","3":"status-publish","4":"has-post-thumbnail","6":"product_cat-gramatas-anglu-valoda","7":"product_cat-gramatas-par-modes-vesturi","8":"product_cat-gramatas","9":"product_cat-gramatas-par-pasaules-modi-un-tradicijam","10":"product_tag-20-gadsimts","11":"product_tag-fashion-lv","12":"product_tag-fashion-history-lv","13":"product_tag-modes-vesture","14":"product_tag-vesture","15":"pa_book-author-charlotte-fiell-lv","16":"pa_language-anglu","17":"pa_publisher-welbeck-publishing-lv","19":"first","20":"instock","21":"shipping-taxable","22":"purchasable","23":"product-type-simple"},"yoast_head":"<!-- This site is optimized with the Yoast SEO plugin v27.4 - https:\/\/yoast.com\/product\/yoast-seo-wordpress\/ -->\n<title>Fashion Sourcebook 1920s Fashion - Fashion Museum Riga Online Store<\/title>\n<meta name=\"robots\" content=\"index, follow, max-snippet:-1, max-image-preview:large, max-video-preview:-1\" \/>\n<link rel=\"canonical\" href=\"https:\/\/fashionmuseum.shop\/lv\/prece\/fashion-sourcebook-1920s-fashion\/\" \/>\n<meta property=\"og:locale\" content=\"lv_LV\" \/>\n<meta property=\"og:type\" content=\"article\" \/>\n<meta property=\"og:title\" content=\"Fashion Sourcebook 1920s Fashion - Fashion Museum Riga Online Store\" \/>\n<meta property=\"og:description\" content=\"Charlotte Fiell\u00a0  K\u0101p\u0113c m\u0113s izv\u0113l\u0113j\u0101mies \u0161o gr\u0101matu:  Apjom\u012bgs vizu\u0101l\u0101s inform\u0101cijas avots ikvienam, kas j\u016bsmo par 20. gadu modi \u2013 un jo \u012bpa\u0161i tiem, kas izstr\u0101d\u0101 kost\u012bmus skatuvei un ekr\u0101nam, k\u0101 ar\u012b \u0161uj vai restaur\u0113 v\u0113sturisku ap\u0123\u0113rbu. Gr\u0101mata sak\u0101rtota vair\u0101k\u0101s noda\u013c\u0101s, piev\u0113r\u0161oties gan dienas ap\u0123\u0113rbam un virsdr\u0113b\u0113m, gan vakarkleit\u0101m un aksesu\u0101riem. Ievad\u0101 \u2013 \u012bss p\u0101rskats par 20. gadu modi. Skaisti un noder\u012bgi!\" \/>\n<meta property=\"og:url\" content=\"https:\/\/fashionmuseum.shop\/lv\/prece\/fashion-sourcebook-1920s-fashion\/\" \/>\n<meta property=\"og:site_name\" content=\"Fashion Museum Riga Online Store\" \/>\n<meta property=\"article:modified_time\" content=\"2023-07-13T13:09:40+00:00\" \/>\n<meta property=\"og:image\" content=\"https:\/\/fashionmuseum.shop\/wp-content\/uploads\/2023\/07\/61uew4c60L.jpg\" \/>\n\t<meta property=\"og:image:width\" content=\"1600\" \/>\n\t<meta property=\"og:image:height\" content=\"2050\" \/>\n\t<meta property=\"og:image:type\" content=\"image\/jpeg\" \/>\n<meta name=\"twitter:card\" content=\"summary_large_image\" \/>\n<meta name=\"twitter:label1\" content=\"Est. reading time\" \/>\n\t<meta name=\"twitter:data1\" content=\"1 minute\" \/>\n<script type=\"application\/ld+json\" class=\"yoast-schema-graph\">{\"@context\":\"https:\\\/\\\/schema.org\",\"@graph\":[{\"@type\":\"WebPage\",\"@id\":\"https:\\\/\\\/fashionmuseum.shop\\\/lv\\\/prece\\\/fashion-sourcebook-1920s-fashion\\\/\",\"url\":\"https:\\\/\\\/fashionmuseum.shop\\\/lv\\\/prece\\\/fashion-sourcebook-1920s-fashion\\\/\",\"name\":\"Fashion Sourcebook 1920s Fashion - Fashion Museum Riga Online Store\",\"isPartOf\":{\"@id\":\"https:\\\/\\\/fashionmuseum.shop\\\/lv\\\/#website\"},\"primaryImageOfPage\":{\"@id\":\"https:\\\/\\\/fashionmuseum.shop\\\/lv\\\/prece\\\/fashion-sourcebook-1920s-fashion\\\/#primaryimage\"},\"image\":{\"@id\":\"https:\\\/\\\/fashionmuseum.shop\\\/lv\\\/prece\\\/fashion-sourcebook-1920s-fashion\\\/#primaryimage\"},\"thumbnailUrl\":\"https:\\\/\\\/i0.wp.com\\\/fashionmuseum.shop\\\/wp-content\\\/uploads\\\/2023\\\/07\\\/1920s-Fashion_cover-1.jpg?fit=2694%2C3368&ssl=1\",\"datePublished\":\"2023-07-13T12:20:26+00:00\",\"dateModified\":\"2023-07-13T13:09:40+00:00\",\"breadcrumb\":{\"@id\":\"https:\\\/\\\/fashionmuseum.shop\\\/lv\\\/prece\\\/fashion-sourcebook-1920s-fashion\\\/#breadcrumb\"},\"inLanguage\":\"lv-LV\",\"potentialAction\":[{\"@type\":\"ReadAction\",\"target\":[\"https:\\\/\\\/fashionmuseum.shop\\\/lv\\\/prece\\\/fashion-sourcebook-1920s-fashion\\\/\"]}]},{\"@type\":\"ImageObject\",\"inLanguage\":\"lv-LV\",\"@id\":\"https:\\\/\\\/fashionmuseum.shop\\\/lv\\\/prece\\\/fashion-sourcebook-1920s-fashion\\\/#primaryimage\",\"url\":\"https:\\\/\\\/i0.wp.com\\\/fashionmuseum.shop\\\/wp-content\\\/uploads\\\/2023\\\/07\\\/1920s-Fashion_cover-1.jpg?fit=2694%2C3368&ssl=1\",\"contentUrl\":\"https:\\\/\\\/i0.wp.com\\\/fashionmuseum.shop\\\/wp-content\\\/uploads\\\/2023\\\/07\\\/1920s-Fashion_cover-1.jpg?fit=2694%2C3368&ssl=1\",\"width\":2694,\"height\":3368,\"caption\":\"SONY DSC\"},{\"@type\":\"BreadcrumbList\",\"@id\":\"https:\\\/\\\/fashionmuseum.shop\\\/lv\\\/prece\\\/fashion-sourcebook-1920s-fashion\\\/#breadcrumb\",\"itemListElement\":[{\"@type\":\"ListItem\",\"position\":1,\"name\":\"Home\",\"item\":\"https:\\\/\\\/fashionmuseum.shop\\\/lv\\\/\"},{\"@type\":\"ListItem\",\"position\":2,\"name\":\"Products\",\"item\":\"https:\\\/\\\/fashionmuseum.shop\\\/lv\\\/shop\\\/\"},{\"@type\":\"ListItem\",\"position\":3,\"name\":\"Fashion Sourcebook 1920s Fashion\"}]},{\"@type\":\"WebSite\",\"@id\":\"https:\\\/\\\/fashionmuseum.shop\\\/lv\\\/#website\",\"url\":\"https:\\\/\\\/fashionmuseum.shop\\\/lv\\\/\",\"name\":\"Fashion Museum Online Store\",\"description\":\"Fashion Museum Riga Online Store provides a wide selection of books about fashion and fashion history.\",\"publisher\":{\"@id\":\"https:\\\/\\\/fashionmuseum.shop\\\/lv\\\/#organization\"},\"potentialAction\":[{\"@type\":\"SearchAction\",\"target\":{\"@type\":\"EntryPoint\",\"urlTemplate\":\"https:\\\/\\\/fashionmuseum.shop\\\/lv\\\/?s={search_term_string}\"},\"query-input\":{\"@type\":\"PropertyValueSpecification\",\"valueRequired\":true,\"valueName\":\"search_term_string\"}}],\"inLanguage\":\"lv-LV\"},{\"@type\":\"Organization\",\"@id\":\"https:\\\/\\\/fashionmuseum.shop\\\/lv\\\/#organization\",\"name\":\"Modes muzejs\",\"url\":\"https:\\\/\\\/fashionmuseum.shop\\\/lv\\\/\",\"logo\":{\"@type\":\"ImageObject\",\"inLanguage\":\"lv-LV\",\"@id\":\"https:\\\/\\\/fashionmuseum.shop\\\/lv\\\/#\\\/schema\\\/logo\\\/image\\\/\",\"url\":\"https:\\\/\\\/i1.wp.com\\\/fashionmuseum.shop\\\/wp-content\\\/uploads\\\/2020\\\/04\\\/apple-touch-icon.png?fit=180%2C180&ssl=1\",\"contentUrl\":\"https:\\\/\\\/i1.wp.com\\\/fashionmuseum.shop\\\/wp-content\\\/uploads\\\/2020\\\/04\\\/apple-touch-icon.png?fit=180%2C180&ssl=1\",\"width\":180,\"height\":180,\"caption\":\"Modes muzejs\"},\"image\":{\"@id\":\"https:\\\/\\\/fashionmuseum.shop\\\/lv\\\/#\\\/schema\\\/logo\\\/image\\\/\"}}]}<\/script>\n<!-- \/ Yoast SEO plugin. -->","yoast_head_json":{"title":"Fashion Sourcebook 1920s Fashion - Fashion Museum Riga Online Store","robots":{"index":"index","follow":"follow","max-snippet":"max-snippet:-1","max-image-preview":"max-image-preview:large","max-video-preview":"max-video-preview:-1"},"canonical":"https:\/\/fashionmuseum.shop\/lv\/prece\/fashion-sourcebook-1920s-fashion\/","og_locale":"lv_LV","og_type":"article","og_title":"Fashion Sourcebook 1920s Fashion - Fashion Museum Riga Online Store","og_description":"Charlotte Fiell\u00a0  K\u0101p\u0113c m\u0113s izv\u0113l\u0113j\u0101mies \u0161o gr\u0101matu:  Apjom\u012bgs vizu\u0101l\u0101s inform\u0101cijas avots ikvienam, kas j\u016bsmo par 20. gadu modi \u2013 un jo \u012bpa\u0161i tiem, kas izstr\u0101d\u0101 kost\u012bmus skatuvei un ekr\u0101nam, k\u0101 ar\u012b \u0161uj vai restaur\u0113 v\u0113sturisku ap\u0123\u0113rbu. Gr\u0101mata sak\u0101rtota vair\u0101k\u0101s noda\u013c\u0101s, piev\u0113r\u0161oties gan dienas ap\u0123\u0113rbam un virsdr\u0113b\u0113m, gan vakarkleit\u0101m un aksesu\u0101riem. Ievad\u0101 \u2013 \u012bss p\u0101rskats par 20. gadu modi. Skaisti un noder\u012bgi!","og_url":"https:\/\/fashionmuseum.shop\/lv\/prece\/fashion-sourcebook-1920s-fashion\/","og_site_name":"Fashion Museum Riga Online Store","article_modified_time":"2023-07-13T13:09:40+00:00","og_image":[{"width":1600,"height":2050,"url":"https:\/\/fashionmuseum.shop\/wp-content\/uploads\/2023\/07\/61uew4c60L.jpg","type":"image\/jpeg"}],"twitter_card":"summary_large_image","twitter_misc":{"Est. reading time":"1 minute"},"schema":{"@context":"https:\/\/schema.org","@graph":[{"@type":"WebPage","@id":"https:\/\/fashionmuseum.shop\/lv\/prece\/fashion-sourcebook-1920s-fashion\/","url":"https:\/\/fashionmuseum.shop\/lv\/prece\/fashion-sourcebook-1920s-fashion\/","name":"Fashion Sourcebook 1920s Fashion - Fashion Museum Riga Online Store","isPartOf":{"@id":"https:\/\/fashionmuseum.shop\/lv\/#website"},"primaryImageOfPage":{"@id":"https:\/\/fashionmuseum.shop\/lv\/prece\/fashion-sourcebook-1920s-fashion\/#primaryimage"},"image":{"@id":"https:\/\/fashionmuseum.shop\/lv\/prece\/fashion-sourcebook-1920s-fashion\/#primaryimage"},"thumbnailUrl":"https:\/\/i0.wp.com\/fashionmuseum.shop\/wp-content\/uploads\/2023\/07\/1920s-Fashion_cover-1.jpg?fit=2694%2C3368&ssl=1","datePublished":"2023-07-13T12:20:26+00:00","dateModified":"2023-07-13T13:09:40+00:00","breadcrumb":{"@id":"https:\/\/fashionmuseum.shop\/lv\/prece\/fashion-sourcebook-1920s-fashion\/#breadcrumb"},"inLanguage":"lv-LV","potentialAction":[{"@type":"ReadAction","target":["https:\/\/fashionmuseum.shop\/lv\/prece\/fashion-sourcebook-1920s-fashion\/"]}]},{"@type":"ImageObject","inLanguage":"lv-LV","@id":"https:\/\/fashionmuseum.shop\/lv\/prece\/fashion-sourcebook-1920s-fashion\/#primaryimage","url":"https:\/\/i0.wp.com\/fashionmuseum.shop\/wp-content\/uploads\/2023\/07\/1920s-Fashion_cover-1.jpg?fit=2694%2C3368&ssl=1","contentUrl":"https:\/\/i0.wp.com\/fashionmuseum.shop\/wp-content\/uploads\/2023\/07\/1920s-Fashion_cover-1.jpg?fit=2694%2C3368&ssl=1","width":2694,"height":3368,"caption":"SONY DSC"},{"@type":"BreadcrumbList","@id":"https:\/\/fashionmuseum.shop\/lv\/prece\/fashion-sourcebook-1920s-fashion\/#breadcrumb","itemListElement":[{"@type":"ListItem","position":1,"name":"Home","item":"https:\/\/fashionmuseum.shop\/lv\/"},{"@type":"ListItem","position":2,"name":"Products","item":"https:\/\/fashionmuseum.shop\/lv\/shop\/"},{"@type":"ListItem","position":3,"name":"Fashion Sourcebook 1920s Fashion"}]},{"@type":"WebSite","@id":"https:\/\/fashionmuseum.shop\/lv\/#website","url":"https:\/\/fashionmuseum.shop\/lv\/","name":"Fashion Museum Online Store","description":"Fashion Museum Riga Online Store provides a wide selection of books about fashion and fashion history.","publisher":{"@id":"https:\/\/fashionmuseum.shop\/lv\/#organization"},"potentialAction":[{"@type":"SearchAction","target":{"@type":"EntryPoint","urlTemplate":"https:\/\/fashionmuseum.shop\/lv\/?s={search_term_string}"},"query-input":{"@type":"PropertyValueSpecification","valueRequired":true,"valueName":"search_term_string"}}],"inLanguage":"lv-LV"},{"@type":"Organization","@id":"https:\/\/fashionmuseum.shop\/lv\/#organization","name":"Modes muzejs","url":"https:\/\/fashionmuseum.shop\/lv\/","logo":{"@type":"ImageObject","inLanguage":"lv-LV","@id":"https:\/\/fashionmuseum.shop\/lv\/#\/schema\/logo\/image\/","url":"https:\/\/i1.wp.com\/fashionmuseum.shop\/wp-content\/uploads\/2020\/04\/apple-touch-icon.png?fit=180%2C180&ssl=1","contentUrl":"https:\/\/i1.wp.com\/fashionmuseum.shop\/wp-content\/uploads\/2020\/04\/apple-touch-icon.png?fit=180%2C180&ssl=1","width":180,"height":180,"caption":"Modes muzejs"},"image":{"@id":"https:\/\/fashionmuseum.shop\/lv\/#\/schema\/logo\/image\/"}}]}},"jetpack_publicize_connections":[],"jetpack_likes_enabled":false,"jetpack_sharing_enabled":true,"amp_enabled":true,"_links":{"self":[{"href":"https:\/\/fashionmuseum.shop\/lv\/wp-json\/wp\/v2\/product\/26432","targetHints":{"allow":["GET"]}}],"collection":[{"href":"https:\/\/fashionmuseum.shop\/lv\/wp-json\/wp\/v2\/product"}],"about":[{"href":"https:\/\/fashionmuseum.shop\/lv\/wp-json\/wp\/v2\/types\/product"}],"wp:featuredmedia":[{"embeddable":true,"href":"https:\/\/fashionmuseum.shop\/lv\/wp-json\/wp\/v2\/media\/26923"}],"wp:attachment":[{"href":"https:\/\/fashionmuseum.shop\/lv\/wp-json\/wp\/v2\/media?parent=26432"}],"wp:term":[{"taxonomy":"product_brand","embeddable":true,"href":"https:\/\/fashionmuseum.shop\/lv\/wp-json\/wp\/v2\/product_brand?post=26432"},{"taxonomy":"product_cat","embeddable":true,"href":"https:\/\/fashionmuseum.shop\/lv\/wp-json\/wp\/v2\/product_cat?post=26432"},{"taxonomy":"product_tag","embeddable":true,"href":"https:\/\/fashionmuseum.shop\/lv\/wp-json\/wp\/v2\/product_tag?post=26432"}],"curies":[{"name":"wp","href":"https:\/\/api.w.org\/{rel}","templated":true}]}}