{"id":26565,"date":"2023-07-13T17:33:43","date_gmt":"2023-07-13T14:33:44","guid":{"rendered":"https:\/\/fashionmuseum.shop\/?post_type=product&#038;p=26565"},"modified":"2023-07-13T19:54:34","modified_gmt":"2023-07-13T16:54:34","slug":"vintage-tattoos-a-sourcebook-of-old-school-designs-and-tattoo-artists","status":"publish","type":"product","link":"https:\/\/fashionmuseum.shop\/lv\/prece\/vintage-tattoos-a-sourcebook-of-old-school-designs-and-tattoo-artists\/","title":{"rendered":"Vintage Tattoos. A Sourcebook of Old-School Designs and Tattoo Artists"},"content":{"rendered":"<p><em><strong>Izdev\u0113ja gr\u0101matas anot\u0101cija:<\/strong><\/em><\/p>\n<p>Princes and prisoners, sailors and criminals, showgirls and soldiers \u2013 all have submitted to the tattooist&#8217;s art.<\/p>\n<p><span class=\"a-text-italic\">Vintage Tattoos<\/span>\u00a0features over 500 retro designs of every style and subject matter, including nautical, patriotic, hearts and banners, circus, girls, animals, roses, daggers and symbols. Legendary rock journalist Carol Clerk&#8217;s curation of the most iconic traditional ink designs also includes profiles of history&#8217;s illustrious tattoo artists, as well as interviews with contemporary practitioners.<\/p>\n<p>This book is brought by\u00a0<a href=\"https:\/\/fashionmuseum.shop\/lv\/publisher\/welbeck-publishing\/\"><strong>Welbeck Publishing<\/strong><\/a>, ISBN 9781802792522<\/p>\n","protected":false},"excerpt":{"rendered":"<p><a href=\"https:\/\/fashionmuseum.shop\/book-author\/carol-clerk\/\"><strong>Carol Clerk<\/strong><\/a><\/p>\n<p><em><strong>K\u0101p\u0113c m\u0113s izv\u0113l\u0113j\u0101mies \u0161o gr\u0101matu:<\/strong><\/em><\/p>\n<p>Tetov\u0113jumi jau labu laiku k\u013cuvu\u0161i par b\u016btisku t\u0113la un stila sast\u0101vda\u013cu \u2013 tetov\u0113jas daudzi, un tikpat daudzi par tetov\u0113jumu v\u0113l tikai sap\u0146o, mekl\u0113jot piem\u0113rot\u0101ko mot\u012bvu. \u0160\u012b aizraujo\u0161\u0101, bag\u0101t\u012bgi ilustr\u0113t\u0101 gr\u0101mata \u013caus uzzin\u0101t vair\u0101k par to, k\u0101 tetov\u0113jumi ien\u0101ca Rietumu kult\u016br\u0101, k\u0101 ar\u012b iepaz\u012bt klasiskus tetov\u0113jumu veidus, kas gr\u0101mat\u0101 sagrup\u0113ti tematiski. Tiem, kam jau ir, tiem, kas v\u0113l sap\u0146o, un ar\u012b tiem, kam vienk\u0101r\u0161i pat\u012bk tetov\u0113jumi!<\/p>\n","protected":false},"featured_media":27139,"template":"","meta":{"_coblocks_attr":"","_coblocks_dimensions":"","_coblocks_responsive_height":"","_coblocks_accordion_ie_support":"","_crdt_document":"","jetpack_post_was_ever_published":false,"jetpack_publicize_message":"","jetpack_publicize_feature_enabled":true,"jetpack_social_post_already_shared":true,"jetpack_social_options":{"image_generator_settings":{"template":"highway","default_image_id":0,"font":"","enabled":false},"version":2},"_wpas_customize_per_network":false},"product_brand":[],"product_cat":[1611,2418],"product_tag":[3520,3368],"class_list":{"0":"post-26565","1":"product","2":"type-product","3":"status-publish","4":"has-post-thumbnail","6":"product_cat-gramatas-anglu-valoda","7":"product_cat-gramatas","8":"product_tag-fashion-lv","9":"product_tag-vesture","10":"pa_book-author-carol-clerk-lv","11":"pa_language-anglu","12":"pa_publisher-welbeck-publishing-lv","14":"first","15":"outofstock","16":"shipping-taxable","17":"purchasable","18":"product-type-simple"},"yoast_head":"<!-- This site is optimized with the Yoast SEO plugin v27.3 - https:\/\/yoast.com\/product\/yoast-seo-wordpress\/ -->\n<title>Vintage Tattoos. A Sourcebook of Old-School Designs and Tattoo Artists - Fashion Museum Riga Online Store<\/title>\n<meta name=\"robots\" content=\"index, follow, max-snippet:-1, max-image-preview:large, max-video-preview:-1\" \/>\n<link rel=\"canonical\" href=\"https:\/\/fashionmuseum.shop\/lv\/prece\/vintage-tattoos-a-sourcebook-of-old-school-designs-and-tattoo-artists\/\" \/>\n<meta property=\"og:locale\" content=\"lv_LV\" \/>\n<meta property=\"og:type\" content=\"article\" \/>\n<meta property=\"og:title\" content=\"Vintage Tattoos. A Sourcebook of Old-School Designs and Tattoo Artists - Fashion Museum Riga Online Store\" \/>\n<meta property=\"og:description\" content=\"Carol Clerk  K\u0101p\u0113c m\u0113s izv\u0113l\u0113j\u0101mies \u0161o gr\u0101matu:  Tetov\u0113jumi jau labu laiku k\u013cuvu\u0161i par b\u016btisku t\u0113la un stila sast\u0101vda\u013cu \u2013 tetov\u0113jas daudzi, un tikpat daudzi par tetov\u0113jumu v\u0113l tikai sap\u0146o, mekl\u0113jot piem\u0113rot\u0101ko mot\u012bvu. \u0160\u012b aizraujo\u0161\u0101, bag\u0101t\u012bgi ilustr\u0113t\u0101 gr\u0101mata \u013caus uzzin\u0101t vair\u0101k par to, k\u0101 tetov\u0113jumi ien\u0101ca Rietumu kult\u016br\u0101, k\u0101 ar\u012b iepaz\u012bt klasiskus tetov\u0113jumu veidus, kas gr\u0101mat\u0101 sagrup\u0113ti tematiski. Tiem, kam jau ir, tiem, kas v\u0113l sap\u0146o, un ar\u012b tiem, kam vienk\u0101r\u0161i pat\u012bk tetov\u0113jumi!\" \/>\n<meta property=\"og:url\" content=\"https:\/\/fashionmuseum.shop\/lv\/prece\/vintage-tattoos-a-sourcebook-of-old-school-designs-and-tattoo-artists\/\" \/>\n<meta property=\"og:site_name\" content=\"Fashion Museum Riga Online Store\" \/>\n<meta property=\"article:modified_time\" content=\"2023-07-13T16:54:34+00:00\" \/>\n<meta property=\"og:image\" content=\"https:\/\/fashionmuseum.shop\/wp-content\/uploads\/2023\/07\/71K4YakyddL.jpg\" \/>\n\t<meta property=\"og:image:width\" content=\"1600\" \/>\n\t<meta property=\"og:image:height\" content=\"2423\" \/>\n\t<meta property=\"og:image:type\" content=\"image\/jpeg\" \/>\n<meta name=\"twitter:card\" content=\"summary_large_image\" \/>\n<script type=\"application\/ld+json\" class=\"yoast-schema-graph\">{\"@context\":\"https:\\\/\\\/schema.org\",\"@graph\":[{\"@type\":\"WebPage\",\"@id\":\"https:\\\/\\\/fashionmuseum.shop\\\/lv\\\/prece\\\/vintage-tattoos-a-sourcebook-of-old-school-designs-and-tattoo-artists\\\/\",\"url\":\"https:\\\/\\\/fashionmuseum.shop\\\/lv\\\/prece\\\/vintage-tattoos-a-sourcebook-of-old-school-designs-and-tattoo-artists\\\/\",\"name\":\"Vintage Tattoos. A Sourcebook of Old-School Designs and Tattoo Artists - Fashion Museum Riga Online Store\",\"isPartOf\":{\"@id\":\"https:\\\/\\\/fashionmuseum.shop\\\/lv\\\/#website\"},\"primaryImageOfPage\":{\"@id\":\"https:\\\/\\\/fashionmuseum.shop\\\/lv\\\/prece\\\/vintage-tattoos-a-sourcebook-of-old-school-designs-and-tattoo-artists\\\/#primaryimage\"},\"image\":{\"@id\":\"https:\\\/\\\/fashionmuseum.shop\\\/lv\\\/prece\\\/vintage-tattoos-a-sourcebook-of-old-school-designs-and-tattoo-artists\\\/#primaryimage\"},\"thumbnailUrl\":\"https:\\\/\\\/i0.wp.com\\\/fashionmuseum.shop\\\/wp-content\\\/uploads\\\/2023\\\/07\\\/Vintage-Tattoos_vaaks.jpg?fit=3418%2C2734&ssl=1\",\"datePublished\":\"2023-07-13T14:33:44+00:00\",\"dateModified\":\"2023-07-13T16:54:34+00:00\",\"breadcrumb\":{\"@id\":\"https:\\\/\\\/fashionmuseum.shop\\\/lv\\\/prece\\\/vintage-tattoos-a-sourcebook-of-old-school-designs-and-tattoo-artists\\\/#breadcrumb\"},\"inLanguage\":\"lv-LV\",\"potentialAction\":[{\"@type\":\"ReadAction\",\"target\":[\"https:\\\/\\\/fashionmuseum.shop\\\/lv\\\/prece\\\/vintage-tattoos-a-sourcebook-of-old-school-designs-and-tattoo-artists\\\/\"]}]},{\"@type\":\"ImageObject\",\"inLanguage\":\"lv-LV\",\"@id\":\"https:\\\/\\\/fashionmuseum.shop\\\/lv\\\/prece\\\/vintage-tattoos-a-sourcebook-of-old-school-designs-and-tattoo-artists\\\/#primaryimage\",\"url\":\"https:\\\/\\\/i0.wp.com\\\/fashionmuseum.shop\\\/wp-content\\\/uploads\\\/2023\\\/07\\\/Vintage-Tattoos_vaaks.jpg?fit=3418%2C2734&ssl=1\",\"contentUrl\":\"https:\\\/\\\/i0.wp.com\\\/fashionmuseum.shop\\\/wp-content\\\/uploads\\\/2023\\\/07\\\/Vintage-Tattoos_vaaks.jpg?fit=3418%2C2734&ssl=1\",\"width\":3418,\"height\":2734,\"caption\":\"SONY DSC\"},{\"@type\":\"BreadcrumbList\",\"@id\":\"https:\\\/\\\/fashionmuseum.shop\\\/lv\\\/prece\\\/vintage-tattoos-a-sourcebook-of-old-school-designs-and-tattoo-artists\\\/#breadcrumb\",\"itemListElement\":[{\"@type\":\"ListItem\",\"position\":1,\"name\":\"Home\",\"item\":\"https:\\\/\\\/fashionmuseum.shop\\\/lv\\\/\"},{\"@type\":\"ListItem\",\"position\":2,\"name\":\"Products\",\"item\":\"https:\\\/\\\/fashionmuseum.shop\\\/lv\\\/shop\\\/\"},{\"@type\":\"ListItem\",\"position\":3,\"name\":\"Vintage Tattoos. A Sourcebook of Old-School Designs and Tattoo Artists\"}]},{\"@type\":\"WebSite\",\"@id\":\"https:\\\/\\\/fashionmuseum.shop\\\/lv\\\/#website\",\"url\":\"https:\\\/\\\/fashionmuseum.shop\\\/lv\\\/\",\"name\":\"Fashion Museum Online Store\",\"description\":\"Fashion Museum Riga Online Store provides a wide selection of books about fashion and fashion history.\",\"publisher\":{\"@id\":\"https:\\\/\\\/fashionmuseum.shop\\\/lv\\\/#organization\"},\"potentialAction\":[{\"@type\":\"SearchAction\",\"target\":{\"@type\":\"EntryPoint\",\"urlTemplate\":\"https:\\\/\\\/fashionmuseum.shop\\\/lv\\\/?s={search_term_string}\"},\"query-input\":{\"@type\":\"PropertyValueSpecification\",\"valueRequired\":true,\"valueName\":\"search_term_string\"}}],\"inLanguage\":\"lv-LV\"},{\"@type\":\"Organization\",\"@id\":\"https:\\\/\\\/fashionmuseum.shop\\\/lv\\\/#organization\",\"name\":\"Modes muzejs\",\"url\":\"https:\\\/\\\/fashionmuseum.shop\\\/lv\\\/\",\"logo\":{\"@type\":\"ImageObject\",\"inLanguage\":\"lv-LV\",\"@id\":\"https:\\\/\\\/fashionmuseum.shop\\\/lv\\\/#\\\/schema\\\/logo\\\/image\\\/\",\"url\":\"https:\\\/\\\/i1.wp.com\\\/fashionmuseum.shop\\\/wp-content\\\/uploads\\\/2020\\\/04\\\/apple-touch-icon.png?fit=180%2C180&ssl=1\",\"contentUrl\":\"https:\\\/\\\/i1.wp.com\\\/fashionmuseum.shop\\\/wp-content\\\/uploads\\\/2020\\\/04\\\/apple-touch-icon.png?fit=180%2C180&ssl=1\",\"width\":180,\"height\":180,\"caption\":\"Modes muzejs\"},\"image\":{\"@id\":\"https:\\\/\\\/fashionmuseum.shop\\\/lv\\\/#\\\/schema\\\/logo\\\/image\\\/\"}}]}<\/script>\n<!-- \/ Yoast SEO plugin. -->","yoast_head_json":{"title":"Vintage Tattoos. A Sourcebook of Old-School Designs and Tattoo Artists - Fashion Museum Riga Online Store","robots":{"index":"index","follow":"follow","max-snippet":"max-snippet:-1","max-image-preview":"max-image-preview:large","max-video-preview":"max-video-preview:-1"},"canonical":"https:\/\/fashionmuseum.shop\/lv\/prece\/vintage-tattoos-a-sourcebook-of-old-school-designs-and-tattoo-artists\/","og_locale":"lv_LV","og_type":"article","og_title":"Vintage Tattoos. A Sourcebook of Old-School Designs and Tattoo Artists - Fashion Museum Riga Online Store","og_description":"Carol Clerk  K\u0101p\u0113c m\u0113s izv\u0113l\u0113j\u0101mies \u0161o gr\u0101matu:  Tetov\u0113jumi jau labu laiku k\u013cuvu\u0161i par b\u016btisku t\u0113la un stila sast\u0101vda\u013cu \u2013 tetov\u0113jas daudzi, un tikpat daudzi par tetov\u0113jumu v\u0113l tikai sap\u0146o, mekl\u0113jot piem\u0113rot\u0101ko mot\u012bvu. \u0160\u012b aizraujo\u0161\u0101, bag\u0101t\u012bgi ilustr\u0113t\u0101 gr\u0101mata \u013caus uzzin\u0101t vair\u0101k par to, k\u0101 tetov\u0113jumi ien\u0101ca Rietumu kult\u016br\u0101, k\u0101 ar\u012b iepaz\u012bt klasiskus tetov\u0113jumu veidus, kas gr\u0101mat\u0101 sagrup\u0113ti tematiski. Tiem, kam jau ir, tiem, kas v\u0113l sap\u0146o, un ar\u012b tiem, kam vienk\u0101r\u0161i pat\u012bk tetov\u0113jumi!","og_url":"https:\/\/fashionmuseum.shop\/lv\/prece\/vintage-tattoos-a-sourcebook-of-old-school-designs-and-tattoo-artists\/","og_site_name":"Fashion Museum Riga Online Store","article_modified_time":"2023-07-13T16:54:34+00:00","og_image":[{"width":1600,"height":2423,"url":"https:\/\/fashionmuseum.shop\/wp-content\/uploads\/2023\/07\/71K4YakyddL.jpg","type":"image\/jpeg"}],"twitter_card":"summary_large_image","schema":{"@context":"https:\/\/schema.org","@graph":[{"@type":"WebPage","@id":"https:\/\/fashionmuseum.shop\/lv\/prece\/vintage-tattoos-a-sourcebook-of-old-school-designs-and-tattoo-artists\/","url":"https:\/\/fashionmuseum.shop\/lv\/prece\/vintage-tattoos-a-sourcebook-of-old-school-designs-and-tattoo-artists\/","name":"Vintage Tattoos. A Sourcebook of Old-School Designs and Tattoo Artists - Fashion Museum Riga Online Store","isPartOf":{"@id":"https:\/\/fashionmuseum.shop\/lv\/#website"},"primaryImageOfPage":{"@id":"https:\/\/fashionmuseum.shop\/lv\/prece\/vintage-tattoos-a-sourcebook-of-old-school-designs-and-tattoo-artists\/#primaryimage"},"image":{"@id":"https:\/\/fashionmuseum.shop\/lv\/prece\/vintage-tattoos-a-sourcebook-of-old-school-designs-and-tattoo-artists\/#primaryimage"},"thumbnailUrl":"https:\/\/i0.wp.com\/fashionmuseum.shop\/wp-content\/uploads\/2023\/07\/Vintage-Tattoos_vaaks.jpg?fit=3418%2C2734&ssl=1","datePublished":"2023-07-13T14:33:44+00:00","dateModified":"2023-07-13T16:54:34+00:00","breadcrumb":{"@id":"https:\/\/fashionmuseum.shop\/lv\/prece\/vintage-tattoos-a-sourcebook-of-old-school-designs-and-tattoo-artists\/#breadcrumb"},"inLanguage":"lv-LV","potentialAction":[{"@type":"ReadAction","target":["https:\/\/fashionmuseum.shop\/lv\/prece\/vintage-tattoos-a-sourcebook-of-old-school-designs-and-tattoo-artists\/"]}]},{"@type":"ImageObject","inLanguage":"lv-LV","@id":"https:\/\/fashionmuseum.shop\/lv\/prece\/vintage-tattoos-a-sourcebook-of-old-school-designs-and-tattoo-artists\/#primaryimage","url":"https:\/\/i0.wp.com\/fashionmuseum.shop\/wp-content\/uploads\/2023\/07\/Vintage-Tattoos_vaaks.jpg?fit=3418%2C2734&ssl=1","contentUrl":"https:\/\/i0.wp.com\/fashionmuseum.shop\/wp-content\/uploads\/2023\/07\/Vintage-Tattoos_vaaks.jpg?fit=3418%2C2734&ssl=1","width":3418,"height":2734,"caption":"SONY DSC"},{"@type":"BreadcrumbList","@id":"https:\/\/fashionmuseum.shop\/lv\/prece\/vintage-tattoos-a-sourcebook-of-old-school-designs-and-tattoo-artists\/#breadcrumb","itemListElement":[{"@type":"ListItem","position":1,"name":"Home","item":"https:\/\/fashionmuseum.shop\/lv\/"},{"@type":"ListItem","position":2,"name":"Products","item":"https:\/\/fashionmuseum.shop\/lv\/shop\/"},{"@type":"ListItem","position":3,"name":"Vintage Tattoos. A Sourcebook of Old-School Designs and Tattoo Artists"}]},{"@type":"WebSite","@id":"https:\/\/fashionmuseum.shop\/lv\/#website","url":"https:\/\/fashionmuseum.shop\/lv\/","name":"Fashion Museum Online Store","description":"Fashion Museum Riga Online Store provides a wide selection of books about fashion and fashion history.","publisher":{"@id":"https:\/\/fashionmuseum.shop\/lv\/#organization"},"potentialAction":[{"@type":"SearchAction","target":{"@type":"EntryPoint","urlTemplate":"https:\/\/fashionmuseum.shop\/lv\/?s={search_term_string}"},"query-input":{"@type":"PropertyValueSpecification","valueRequired":true,"valueName":"search_term_string"}}],"inLanguage":"lv-LV"},{"@type":"Organization","@id":"https:\/\/fashionmuseum.shop\/lv\/#organization","name":"Modes muzejs","url":"https:\/\/fashionmuseum.shop\/lv\/","logo":{"@type":"ImageObject","inLanguage":"lv-LV","@id":"https:\/\/fashionmuseum.shop\/lv\/#\/schema\/logo\/image\/","url":"https:\/\/i1.wp.com\/fashionmuseum.shop\/wp-content\/uploads\/2020\/04\/apple-touch-icon.png?fit=180%2C180&ssl=1","contentUrl":"https:\/\/i1.wp.com\/fashionmuseum.shop\/wp-content\/uploads\/2020\/04\/apple-touch-icon.png?fit=180%2C180&ssl=1","width":180,"height":180,"caption":"Modes muzejs"},"image":{"@id":"https:\/\/fashionmuseum.shop\/lv\/#\/schema\/logo\/image\/"}}]}},"jetpack_publicize_connections":[],"jetpack_likes_enabled":false,"jetpack_sharing_enabled":true,"amp_enabled":true,"_links":{"self":[{"href":"https:\/\/fashionmuseum.shop\/lv\/wp-json\/wp\/v2\/product\/26565","targetHints":{"allow":["GET"]}}],"collection":[{"href":"https:\/\/fashionmuseum.shop\/lv\/wp-json\/wp\/v2\/product"}],"about":[{"href":"https:\/\/fashionmuseum.shop\/lv\/wp-json\/wp\/v2\/types\/product"}],"wp:featuredmedia":[{"embeddable":true,"href":"https:\/\/fashionmuseum.shop\/lv\/wp-json\/wp\/v2\/media\/27139"}],"wp:attachment":[{"href":"https:\/\/fashionmuseum.shop\/lv\/wp-json\/wp\/v2\/media?parent=26565"}],"wp:term":[{"taxonomy":"product_brand","embeddable":true,"href":"https:\/\/fashionmuseum.shop\/lv\/wp-json\/wp\/v2\/product_brand?post=26565"},{"taxonomy":"product_cat","embeddable":true,"href":"https:\/\/fashionmuseum.shop\/lv\/wp-json\/wp\/v2\/product_cat?post=26565"},{"taxonomy":"product_tag","embeddable":true,"href":"https:\/\/fashionmuseum.shop\/lv\/wp-json\/wp\/v2\/product_tag?post=26565"}],"curies":[{"name":"wp","href":"https:\/\/api.w.org\/{rel}","templated":true}]}}