{"id":2681,"date":"2020-09-03T18:55:15","date_gmt":"2020-09-03T15:55:15","guid":{"rendered":"https:\/\/fashionmuseum.shop\/product\/jewels-jewellery\/"},"modified":"2020-09-03T18:55:15","modified_gmt":"2020-09-03T15:55:15","slug":"jewels-jewellery","status":"publish","type":"product","link":"https:\/\/fashionmuseum.shop\/lv\/prece\/jewels-jewellery\/","title":{"rendered":"Jewels &#038; Jewellery"},"content":{"rendered":"<p><em><strong>Izdev\u0113ja gr\u0101matas anot\u0101cija:<\/strong><\/em><\/p>\n<p>An impeccably researched and inspiring insight into the evolution of jewellery through the ages, explored through exquisite photography of pieces drawn from the V&amp;A\u2019s outstanding collection.<\/p>\n<p>Jewels and Jewellery surveys splendid early medieval and Renaissance pieces and superb examples of Arts and Crafts, Art Nouveau and 21st-century jewellery. Exquisitely detailed photography reveals both rare and precious stones as well as the elaborate techniques of the jeweller\u2019s craft such as chasing, enamelling and cameo. Among the \u2018star\u2019 pieces are the diamond and sapphire coronet designed by Prince Albert for Queen Victoria, and the Papillon ring by London jeweller G, donated to the Victoria and Albert Museum in 2018 by Beyonc\u00e9, alongside a multitude of dazzling rings, brooches, earrings and tiaras.<\/p>\n<p>Clare Phillips considers the history of Western jewellery in three parts, first exploring the materials used by jewellers, then turning to the development of styles in jewellery from the Middle Ages to today, before examining the ways in which jewellery has been hallmarked, distributed and worn over recent centuries. Showcasing pieces by Cartier, Tiffany and Liberty, this beautiful volume is the ultimate guide to the history of Western jewellery.<\/p>\n<p><em><strong>Saturs:<\/strong><\/em><\/p>\n<p>Introduction \u2022 1.\u00a0Part I: Materials \u2022 Part II: Chronology of Style: The Middle Ages to 1700\u00a0\u2022 The Eighteenth Century \u2022 The Nineteenth Century \u2022 The Twentieth Century \u2022 The Twenty-first Century \u2022\u00a0Part III: Manufacturing and Distribution<\/p>\n<p>\u0160\u012bs gr\u0101matas izdev\u0113js ir <strong><a href=\"https:\/\/fashionmuseum.shop\/lv\/publisher\/thames-and-hudson\/\"><span style=\"text-decoration: underline;\">Thames and Hudson<\/span>\u00a0<\/a><\/strong>a<a href=\"\/?product_tag=thames-and-hudson\">nd\u00a0<\/a><span style=\"text-decoration: underline;\"><a href=\"https:\/\/fashionmuseum.shop\/lv\/publisher\/va-publishing-lv\/\"><strong>V&amp;A Publishing,<\/strong><\/a><\/span> ISBN 9780500480342<\/p>\n","protected":false},"excerpt":{"rendered":"<p><strong><a href=\"https:\/\/fashionmuseum.shop\/lv\/book-author\/clare-phillips-lv\/\">Clare Phillips<\/a><\/strong><\/p>\n<p><em><strong>K\u0101p\u0113c m\u0113s\u00a0izv\u0113l\u0113j\u0101mies\u00a0\u0161o gr\u0101matu:<\/strong><\/em><\/p>\n<p>Kl\u0113ra Filipsa ir kuratore Viktorijas un Alberta muzeja T\u0113lniec\u012bbas, met\u0101lm\u0101kslas, keramikas un stikla departament\u0101. \u0160is iespaid\u012bgais izdevums<span lang=\"LV\">, kura vizu\u0101lo materi\u0101lu veido<\/span><span lang=\"LV\">\u00a0<\/span>izcilas muzeja kolekcijas priek\u0161metu fotogr\u0101fijas, \u013cauj g\u016bt p\u0101rskatu par juvelierm\u0101kslas att\u012bst\u012bbu laika gait\u0101.<\/p>\n","protected":false},"featured_media":2659,"template":"","meta":{"_coblocks_attr":"","_coblocks_dimensions":"","_coblocks_responsive_height":"","_coblocks_accordion_ie_support":"","_crdt_document":"","jetpack_post_was_ever_published":false,"jetpack_publicize_message":"","jetpack_publicize_feature_enabled":true,"jetpack_social_post_already_shared":true,"jetpack_social_options":{"image_generator_settings":{"template":"highway","default_image_id":0,"font":"","enabled":false},"version":2},"_wpas_customize_per_network":false},"product_brand":[],"product_cat":[1381,1396,1375,1397,1412,1377],"product_tag":[],"class_list":{"0":"post-2681","1":"product","2":"type-product","3":"status-publish","4":"has-post-thumbnail","6":"product_cat-booksaboutfashioninenglish","7":"product_cat-books-from-victoria-and-albert-museum","8":"product_cat-booksaboutaccessories","9":"product_cat-books-about-haute-couture","10":"product_cat-books-about-history-of-fashion","11":"product_cat-booksaboutjewelry","12":"pa_book-author-clare-phillips","13":"pa_book-author-2376","14":"pa_language-english","15":"pa_publisher-thamesandhudson","16":"pa_publisher-va-publishing","18":"first","19":"outofstock","20":"shipping-taxable","21":"purchasable","22":"product-type-simple"},"yoast_head":"<!-- This site is optimized with the Yoast SEO plugin v27.3 - https:\/\/yoast.com\/product\/yoast-seo-wordpress\/ -->\n<title>Jewels &amp; Jewellery - Fashion Museum Riga Online Store<\/title>\n<meta name=\"robots\" content=\"index, follow, max-snippet:-1, max-image-preview:large, max-video-preview:-1\" \/>\n<link rel=\"canonical\" href=\"https:\/\/fashionmuseum.shop\/lv\/prece\/jewels-jewellery\/\" \/>\n<meta property=\"og:locale\" content=\"lv_LV\" \/>\n<meta property=\"og:type\" content=\"article\" \/>\n<meta property=\"og:title\" content=\"Jewels &amp; Jewellery - Fashion Museum Riga Online Store\" \/>\n<meta property=\"og:description\" content=\"Clare Phillips  K\u0101p\u0113c m\u0113s\u00a0izv\u0113l\u0113j\u0101mies\u00a0\u0161o gr\u0101matu:  Kl\u0113ra Filipsa ir kuratore Viktorijas un Alberta muzeja T\u0113lniec\u012bbas, met\u0101lm\u0101kslas, keramikas un stikla departament\u0101. \u0160is iespaid\u012bgais izdevums, kura vizu\u0101lo materi\u0101lu veido\u00a0izcilas muzeja kolekcijas priek\u0161metu fotogr\u0101fijas, \u013cauj g\u016bt p\u0101rskatu par juvelierm\u0101kslas att\u012bst\u012bbu laika gait\u0101.\" \/>\n<meta property=\"og:url\" content=\"https:\/\/fashionmuseum.shop\/lv\/prece\/jewels-jewellery\/\" \/>\n<meta property=\"og:site_name\" content=\"Fashion Museum Riga Online Store\" \/>\n<meta property=\"og:image\" content=\"https:\/\/i2.wp.com\/fashionmuseum.shop\/wp-content\/uploads\/2020\/09\/9780500480342_jewels-and-jewellery.jpg?fit=720%2C720&ssl=1\" \/>\n\t<meta property=\"og:image:width\" content=\"720\" \/>\n\t<meta property=\"og:image:height\" content=\"720\" \/>\n\t<meta property=\"og:image:type\" content=\"image\/jpeg\" \/>\n<meta name=\"twitter:card\" content=\"summary_large_image\" \/>\n<meta name=\"twitter:label1\" content=\"Est. reading time\" \/>\n\t<meta name=\"twitter:data1\" content=\"1 minute\" \/>\n<script type=\"application\/ld+json\" class=\"yoast-schema-graph\">{\"@context\":\"https:\\\/\\\/schema.org\",\"@graph\":[{\"@type\":\"WebPage\",\"@id\":\"https:\\\/\\\/fashionmuseum.shop\\\/lv\\\/prece\\\/jewels-jewellery\\\/\",\"url\":\"https:\\\/\\\/fashionmuseum.shop\\\/lv\\\/prece\\\/jewels-jewellery\\\/\",\"name\":\"Jewels & Jewellery - Fashion Museum Riga Online Store\",\"isPartOf\":{\"@id\":\"https:\\\/\\\/fashionmuseum.shop\\\/lv\\\/#website\"},\"primaryImageOfPage\":{\"@id\":\"https:\\\/\\\/fashionmuseum.shop\\\/lv\\\/prece\\\/jewels-jewellery\\\/#primaryimage\"},\"image\":{\"@id\":\"https:\\\/\\\/fashionmuseum.shop\\\/lv\\\/prece\\\/jewels-jewellery\\\/#primaryimage\"},\"thumbnailUrl\":\"https:\\\/\\\/i0.wp.com\\\/fashionmuseum.shop\\\/wp-content\\\/uploads\\\/2020\\\/09\\\/9780500480342_jewels-and-jewellery.jpg?fit=720%2C720&ssl=1\",\"datePublished\":\"2020-09-03T15:55:15+00:00\",\"breadcrumb\":{\"@id\":\"https:\\\/\\\/fashionmuseum.shop\\\/lv\\\/prece\\\/jewels-jewellery\\\/#breadcrumb\"},\"inLanguage\":\"lv-LV\",\"potentialAction\":[{\"@type\":\"ReadAction\",\"target\":[\"https:\\\/\\\/fashionmuseum.shop\\\/lv\\\/prece\\\/jewels-jewellery\\\/\"]}]},{\"@type\":\"ImageObject\",\"inLanguage\":\"lv-LV\",\"@id\":\"https:\\\/\\\/fashionmuseum.shop\\\/lv\\\/prece\\\/jewels-jewellery\\\/#primaryimage\",\"url\":\"https:\\\/\\\/i0.wp.com\\\/fashionmuseum.shop\\\/wp-content\\\/uploads\\\/2020\\\/09\\\/9780500480342_jewels-and-jewellery.jpg?fit=720%2C720&ssl=1\",\"contentUrl\":\"https:\\\/\\\/i0.wp.com\\\/fashionmuseum.shop\\\/wp-content\\\/uploads\\\/2020\\\/09\\\/9780500480342_jewels-and-jewellery.jpg?fit=720%2C720&ssl=1\",\"width\":720,\"height\":720,\"caption\":\"Jewels & Jewellery by Clare Phillips\"},{\"@type\":\"BreadcrumbList\",\"@id\":\"https:\\\/\\\/fashionmuseum.shop\\\/lv\\\/prece\\\/jewels-jewellery\\\/#breadcrumb\",\"itemListElement\":[{\"@type\":\"ListItem\",\"position\":1,\"name\":\"Home\",\"item\":\"https:\\\/\\\/fashionmuseum.shop\\\/lv\\\/\"},{\"@type\":\"ListItem\",\"position\":2,\"name\":\"Products\",\"item\":\"https:\\\/\\\/fashionmuseum.shop\\\/lv\\\/shop\\\/\"},{\"@type\":\"ListItem\",\"position\":3,\"name\":\"Jewels &#038; Jewellery\"}]},{\"@type\":\"WebSite\",\"@id\":\"https:\\\/\\\/fashionmuseum.shop\\\/lv\\\/#website\",\"url\":\"https:\\\/\\\/fashionmuseum.shop\\\/lv\\\/\",\"name\":\"Fashion Museum Online Store\",\"description\":\"Fashion Museum Riga Online Store provides a wide selection of books about fashion and fashion history.\",\"publisher\":{\"@id\":\"https:\\\/\\\/fashionmuseum.shop\\\/lv\\\/#organization\"},\"potentialAction\":[{\"@type\":\"SearchAction\",\"target\":{\"@type\":\"EntryPoint\",\"urlTemplate\":\"https:\\\/\\\/fashionmuseum.shop\\\/lv\\\/?s={search_term_string}\"},\"query-input\":{\"@type\":\"PropertyValueSpecification\",\"valueRequired\":true,\"valueName\":\"search_term_string\"}}],\"inLanguage\":\"lv-LV\"},{\"@type\":\"Organization\",\"@id\":\"https:\\\/\\\/fashionmuseum.shop\\\/lv\\\/#organization\",\"name\":\"Modes muzejs\",\"url\":\"https:\\\/\\\/fashionmuseum.shop\\\/lv\\\/\",\"logo\":{\"@type\":\"ImageObject\",\"inLanguage\":\"lv-LV\",\"@id\":\"https:\\\/\\\/fashionmuseum.shop\\\/lv\\\/#\\\/schema\\\/logo\\\/image\\\/\",\"url\":\"https:\\\/\\\/i1.wp.com\\\/fashionmuseum.shop\\\/wp-content\\\/uploads\\\/2020\\\/04\\\/apple-touch-icon.png?fit=180%2C180&ssl=1\",\"contentUrl\":\"https:\\\/\\\/i1.wp.com\\\/fashionmuseum.shop\\\/wp-content\\\/uploads\\\/2020\\\/04\\\/apple-touch-icon.png?fit=180%2C180&ssl=1\",\"width\":180,\"height\":180,\"caption\":\"Modes muzejs\"},\"image\":{\"@id\":\"https:\\\/\\\/fashionmuseum.shop\\\/lv\\\/#\\\/schema\\\/logo\\\/image\\\/\"}}]}<\/script>\n<!-- \/ Yoast SEO plugin. -->","yoast_head_json":{"title":"Jewels & Jewellery - Fashion Museum Riga Online Store","robots":{"index":"index","follow":"follow","max-snippet":"max-snippet:-1","max-image-preview":"max-image-preview:large","max-video-preview":"max-video-preview:-1"},"canonical":"https:\/\/fashionmuseum.shop\/lv\/prece\/jewels-jewellery\/","og_locale":"lv_LV","og_type":"article","og_title":"Jewels & Jewellery - Fashion Museum Riga Online Store","og_description":"Clare Phillips  K\u0101p\u0113c m\u0113s\u00a0izv\u0113l\u0113j\u0101mies\u00a0\u0161o gr\u0101matu:  Kl\u0113ra Filipsa ir kuratore Viktorijas un Alberta muzeja T\u0113lniec\u012bbas, met\u0101lm\u0101kslas, keramikas un stikla departament\u0101. \u0160is iespaid\u012bgais izdevums, kura vizu\u0101lo materi\u0101lu veido\u00a0izcilas muzeja kolekcijas priek\u0161metu fotogr\u0101fijas, \u013cauj g\u016bt p\u0101rskatu par juvelierm\u0101kslas att\u012bst\u012bbu laika gait\u0101.","og_url":"https:\/\/fashionmuseum.shop\/lv\/prece\/jewels-jewellery\/","og_site_name":"Fashion Museum Riga Online Store","og_image":[{"width":720,"height":720,"url":"https:\/\/i2.wp.com\/fashionmuseum.shop\/wp-content\/uploads\/2020\/09\/9780500480342_jewels-and-jewellery.jpg?fit=720%2C720&ssl=1","type":"image\/jpeg"}],"twitter_card":"summary_large_image","twitter_misc":{"Est. reading time":"1 minute"},"schema":{"@context":"https:\/\/schema.org","@graph":[{"@type":"WebPage","@id":"https:\/\/fashionmuseum.shop\/lv\/prece\/jewels-jewellery\/","url":"https:\/\/fashionmuseum.shop\/lv\/prece\/jewels-jewellery\/","name":"Jewels & Jewellery - Fashion Museum Riga Online Store","isPartOf":{"@id":"https:\/\/fashionmuseum.shop\/lv\/#website"},"primaryImageOfPage":{"@id":"https:\/\/fashionmuseum.shop\/lv\/prece\/jewels-jewellery\/#primaryimage"},"image":{"@id":"https:\/\/fashionmuseum.shop\/lv\/prece\/jewels-jewellery\/#primaryimage"},"thumbnailUrl":"https:\/\/i0.wp.com\/fashionmuseum.shop\/wp-content\/uploads\/2020\/09\/9780500480342_jewels-and-jewellery.jpg?fit=720%2C720&ssl=1","datePublished":"2020-09-03T15:55:15+00:00","breadcrumb":{"@id":"https:\/\/fashionmuseum.shop\/lv\/prece\/jewels-jewellery\/#breadcrumb"},"inLanguage":"lv-LV","potentialAction":[{"@type":"ReadAction","target":["https:\/\/fashionmuseum.shop\/lv\/prece\/jewels-jewellery\/"]}]},{"@type":"ImageObject","inLanguage":"lv-LV","@id":"https:\/\/fashionmuseum.shop\/lv\/prece\/jewels-jewellery\/#primaryimage","url":"https:\/\/i0.wp.com\/fashionmuseum.shop\/wp-content\/uploads\/2020\/09\/9780500480342_jewels-and-jewellery.jpg?fit=720%2C720&ssl=1","contentUrl":"https:\/\/i0.wp.com\/fashionmuseum.shop\/wp-content\/uploads\/2020\/09\/9780500480342_jewels-and-jewellery.jpg?fit=720%2C720&ssl=1","width":720,"height":720,"caption":"Jewels & Jewellery by Clare Phillips"},{"@type":"BreadcrumbList","@id":"https:\/\/fashionmuseum.shop\/lv\/prece\/jewels-jewellery\/#breadcrumb","itemListElement":[{"@type":"ListItem","position":1,"name":"Home","item":"https:\/\/fashionmuseum.shop\/lv\/"},{"@type":"ListItem","position":2,"name":"Products","item":"https:\/\/fashionmuseum.shop\/lv\/shop\/"},{"@type":"ListItem","position":3,"name":"Jewels &#038; Jewellery"}]},{"@type":"WebSite","@id":"https:\/\/fashionmuseum.shop\/lv\/#website","url":"https:\/\/fashionmuseum.shop\/lv\/","name":"Fashion Museum Online Store","description":"Fashion Museum Riga Online Store provides a wide selection of books about fashion and fashion history.","publisher":{"@id":"https:\/\/fashionmuseum.shop\/lv\/#organization"},"potentialAction":[{"@type":"SearchAction","target":{"@type":"EntryPoint","urlTemplate":"https:\/\/fashionmuseum.shop\/lv\/?s={search_term_string}"},"query-input":{"@type":"PropertyValueSpecification","valueRequired":true,"valueName":"search_term_string"}}],"inLanguage":"lv-LV"},{"@type":"Organization","@id":"https:\/\/fashionmuseum.shop\/lv\/#organization","name":"Modes muzejs","url":"https:\/\/fashionmuseum.shop\/lv\/","logo":{"@type":"ImageObject","inLanguage":"lv-LV","@id":"https:\/\/fashionmuseum.shop\/lv\/#\/schema\/logo\/image\/","url":"https:\/\/i1.wp.com\/fashionmuseum.shop\/wp-content\/uploads\/2020\/04\/apple-touch-icon.png?fit=180%2C180&ssl=1","contentUrl":"https:\/\/i1.wp.com\/fashionmuseum.shop\/wp-content\/uploads\/2020\/04\/apple-touch-icon.png?fit=180%2C180&ssl=1","width":180,"height":180,"caption":"Modes muzejs"},"image":{"@id":"https:\/\/fashionmuseum.shop\/lv\/#\/schema\/logo\/image\/"}}]}},"jetpack_publicize_connections":[],"jetpack_likes_enabled":false,"jetpack_sharing_enabled":true,"amp_enabled":true,"_links":{"self":[{"href":"https:\/\/fashionmuseum.shop\/lv\/wp-json\/wp\/v2\/product\/2681","targetHints":{"allow":["GET"]}}],"collection":[{"href":"https:\/\/fashionmuseum.shop\/lv\/wp-json\/wp\/v2\/product"}],"about":[{"href":"https:\/\/fashionmuseum.shop\/lv\/wp-json\/wp\/v2\/types\/product"}],"wp:featuredmedia":[{"embeddable":true,"href":"https:\/\/fashionmuseum.shop\/lv\/wp-json\/wp\/v2\/media\/2659"}],"wp:attachment":[{"href":"https:\/\/fashionmuseum.shop\/lv\/wp-json\/wp\/v2\/media?parent=2681"}],"wp:term":[{"taxonomy":"product_brand","embeddable":true,"href":"https:\/\/fashionmuseum.shop\/lv\/wp-json\/wp\/v2\/product_brand?post=2681"},{"taxonomy":"product_cat","embeddable":true,"href":"https:\/\/fashionmuseum.shop\/lv\/wp-json\/wp\/v2\/product_cat?post=2681"},{"taxonomy":"product_tag","embeddable":true,"href":"https:\/\/fashionmuseum.shop\/lv\/wp-json\/wp\/v2\/product_tag?post=2681"}],"curies":[{"name":"wp","href":"https:\/\/api.w.org\/{rel}","templated":true}]}}