{"id":26893,"date":"2023-07-14T20:22:23","date_gmt":"2023-07-14T17:22:23","guid":{"rendered":"https:\/\/fashionmuseum.shop\/product\/vintage-shoes-collecting-and-wearing-vintage-classics\/"},"modified":"2023-07-14T20:22:23","modified_gmt":"2023-07-14T17:22:23","slug":"vintage-shoes-collecting-and-wearing-vintage-classics","status":"publish","type":"product","link":"https:\/\/fashionmuseum.shop\/lv\/prece\/vintage-shoes-collecting-and-wearing-vintage-classics\/","title":{"rendered":"Vintage Shoes. Collecting and Wearing Vintage Classics"},"content":{"rendered":"<p><em><strong>Izdev\u0113ja gr\u0101matas anot\u0101cija:<\/strong><\/em><\/p>\n<p>Recounts a century of shoe history, accompanied by archived images, stunning fashion photography and specially commissioned photographs of rare pieces.<\/p>\n<p>This book is brought by\u00a0<a href=\"https:\/\/fashionmuseum.shop\/lv\/publisher\/welbeck-publishing\/\"><strong>Welbeck Publishing<\/strong><\/a>, ISBN 9781802790948<\/p>\n","protected":false},"excerpt":{"rendered":"<p><a href=\"https:\/\/fashionmuseum.shop\/lv\/book-author\/caroline-cox\/\"><strong>Caroline Cox\u00a0<\/strong><\/a><\/p>\n<p><em><strong>K\u0101p\u0113c m\u0113s izv\u0113l\u0113j\u0101mies \u0161o gr\u0101matu:<\/strong><\/em><\/p>\n<p>\u0160\u012b gr\u0101mata \u012bpa\u0161i patiks tiem, kas j\u016bsmo par apavu dizainu un vintage apaviem \u2013 izdevum\u0101 tematisk\u0101s noda\u013c\u0101s var iepaz\u012bt visu 20. gadsimtu l\u012bdz pat 2000. gadiem. Daudz\u0101s ilustr\u0101cijas, k\u0101 ar\u012b izsme\u013co\u0161ais teksts sniedz priek\u0161statu par ietekm\u012bg\u0101kajiem dizaineriem un stilistiskaj\u0101m iez\u012bm\u0113m, k\u0101 ar\u012b v\u0113sturisko fonu. Netr\u016bkst ar\u012b prakstisku padomu. Kurpju faniem \u0161\u012b gr\u0101mata ir \u012bsts must have!<\/p>\n","protected":false},"featured_media":26727,"template":"","meta":{"_coblocks_attr":"","_coblocks_dimensions":"","_coblocks_responsive_height":"","_coblocks_accordion_ie_support":"","_crdt_document":"","jetpack_publicize_message":"","jetpack_publicize_feature_enabled":true,"jetpack_social_post_already_shared":true,"jetpack_social_options":{"image_generator_settings":{"template":"highway","default_image_id":0,"font":"","enabled":false},"version":2},"_wpas_customize_per_network":false},"product_brand":[],"product_cat":[1611,1608,2761,1605,2418],"product_tag":[3520,1743,3368],"class_list":{"0":"post-26893","1":"product","2":"type-product","3":"status-publish","4":"has-post-thumbnail","6":"product_cat-gramatas-anglu-valoda","7":"product_cat-gramatas-par-apaviem","8":"product_cat-gramatas-par-dizaina-vesturi","9":"product_cat-gramatas-par-modes-vesturi","10":"product_cat-gramatas","11":"product_tag-fashion-lv","12":"product_tag-shoes-lv","13":"product_tag-vesture","14":"pa_book-author-caroline-cox-lv","15":"pa_language-anglu","16":"pa_publisher-welbeck-publishing-lv","18":"first","19":"instock","20":"shipping-taxable","21":"purchasable","22":"product-type-simple"},"yoast_head":"<!-- This site is optimized with the Yoast SEO plugin v27.4 - https:\/\/yoast.com\/product\/yoast-seo-wordpress\/ -->\n<title>Vintage Shoes. Collecting and Wearing Vintage Classics - Fashion Museum Riga Online Store<\/title>\n<meta name=\"robots\" content=\"index, follow, max-snippet:-1, max-image-preview:large, max-video-preview:-1\" \/>\n<link rel=\"canonical\" href=\"https:\/\/fashionmuseum.shop\/lv\/prece\/vintage-shoes-collecting-and-wearing-vintage-classics\/\" \/>\n<meta property=\"og:locale\" content=\"lv_LV\" \/>\n<meta property=\"og:type\" content=\"article\" \/>\n<meta property=\"og:title\" content=\"Vintage Shoes. Collecting and Wearing Vintage Classics - Fashion Museum Riga Online Store\" \/>\n<meta property=\"og:description\" content=\"Caroline Cox\u00a0  K\u0101p\u0113c m\u0113s izv\u0113l\u0113j\u0101mies \u0161o gr\u0101matu:  \u0160\u012b gr\u0101mata \u012bpa\u0161i patiks tiem, kas j\u016bsmo par apavu dizainu un vintage apaviem \u2013 izdevum\u0101 tematisk\u0101s noda\u013c\u0101s var iepaz\u012bt visu 20. gadsimtu l\u012bdz pat 2000. gadiem. Daudz\u0101s ilustr\u0101cijas, k\u0101 ar\u012b izsme\u013co\u0161ais teksts sniedz priek\u0161statu par ietekm\u012bg\u0101kajiem dizaineriem un stilistiskaj\u0101m iez\u012bm\u0113m, k\u0101 ar\u012b v\u0113sturisko fonu. Netr\u016bkst ar\u012b prakstisku padomu. Kurpju faniem \u0161\u012b gr\u0101mata ir \u012bsts must have!\" \/>\n<meta property=\"og:url\" content=\"https:\/\/fashionmuseum.shop\/lv\/prece\/vintage-shoes-collecting-and-wearing-vintage-classics\/\" \/>\n<meta property=\"og:site_name\" content=\"Fashion Museum Riga Online Store\" \/>\n<meta property=\"og:image\" content=\"https:\/\/fashionmuseum.shop\/wp-content\/uploads\/2023\/07\/61vYBa8yFcL.jpg\" \/>\n\t<meta property=\"og:image:width\" content=\"779\" \/>\n\t<meta property=\"og:image:height\" content=\"1000\" \/>\n\t<meta property=\"og:image:type\" content=\"image\/jpeg\" \/>\n<meta name=\"twitter:card\" content=\"summary_large_image\" \/>\n<script type=\"application\/ld+json\" class=\"yoast-schema-graph\">{\"@context\":\"https:\\\/\\\/schema.org\",\"@graph\":[{\"@type\":\"WebPage\",\"@id\":\"https:\\\/\\\/fashionmuseum.shop\\\/lv\\\/prece\\\/vintage-shoes-collecting-and-wearing-vintage-classics\\\/\",\"url\":\"https:\\\/\\\/fashionmuseum.shop\\\/lv\\\/prece\\\/vintage-shoes-collecting-and-wearing-vintage-classics\\\/\",\"name\":\"Vintage Shoes. Collecting and Wearing Vintage Classics - Fashion Museum Riga Online Store\",\"isPartOf\":{\"@id\":\"https:\\\/\\\/fashionmuseum.shop\\\/lv\\\/#website\"},\"primaryImageOfPage\":{\"@id\":\"https:\\\/\\\/fashionmuseum.shop\\\/lv\\\/prece\\\/vintage-shoes-collecting-and-wearing-vintage-classics\\\/#primaryimage\"},\"image\":{\"@id\":\"https:\\\/\\\/fashionmuseum.shop\\\/lv\\\/prece\\\/vintage-shoes-collecting-and-wearing-vintage-classics\\\/#primaryimage\"},\"thumbnailUrl\":\"https:\\\/\\\/i0.wp.com\\\/fashionmuseum.shop\\\/wp-content\\\/uploads\\\/2023\\\/07\\\/61vYBa8yFcL.jpg?fit=779%2C1000&ssl=1\",\"datePublished\":\"2023-07-14T17:22:23+00:00\",\"breadcrumb\":{\"@id\":\"https:\\\/\\\/fashionmuseum.shop\\\/lv\\\/prece\\\/vintage-shoes-collecting-and-wearing-vintage-classics\\\/#breadcrumb\"},\"inLanguage\":\"lv-LV\",\"potentialAction\":[{\"@type\":\"ReadAction\",\"target\":[\"https:\\\/\\\/fashionmuseum.shop\\\/lv\\\/prece\\\/vintage-shoes-collecting-and-wearing-vintage-classics\\\/\"]}]},{\"@type\":\"ImageObject\",\"inLanguage\":\"lv-LV\",\"@id\":\"https:\\\/\\\/fashionmuseum.shop\\\/lv\\\/prece\\\/vintage-shoes-collecting-and-wearing-vintage-classics\\\/#primaryimage\",\"url\":\"https:\\\/\\\/i0.wp.com\\\/fashionmuseum.shop\\\/wp-content\\\/uploads\\\/2023\\\/07\\\/61vYBa8yFcL.jpg?fit=779%2C1000&ssl=1\",\"contentUrl\":\"https:\\\/\\\/i0.wp.com\\\/fashionmuseum.shop\\\/wp-content\\\/uploads\\\/2023\\\/07\\\/61vYBa8yFcL.jpg?fit=779%2C1000&ssl=1\",\"width\":779,\"height\":1000,\"caption\":\"Vintage Shoes. Collecting and Wearing Vintage Classics\"},{\"@type\":\"BreadcrumbList\",\"@id\":\"https:\\\/\\\/fashionmuseum.shop\\\/lv\\\/prece\\\/vintage-shoes-collecting-and-wearing-vintage-classics\\\/#breadcrumb\",\"itemListElement\":[{\"@type\":\"ListItem\",\"position\":1,\"name\":\"Home\",\"item\":\"https:\\\/\\\/fashionmuseum.shop\\\/lv\\\/\"},{\"@type\":\"ListItem\",\"position\":2,\"name\":\"Products\",\"item\":\"https:\\\/\\\/fashionmuseum.shop\\\/lv\\\/shop\\\/\"},{\"@type\":\"ListItem\",\"position\":3,\"name\":\"Vintage Shoes. Collecting and Wearing Vintage Classics\"}]},{\"@type\":\"WebSite\",\"@id\":\"https:\\\/\\\/fashionmuseum.shop\\\/lv\\\/#website\",\"url\":\"https:\\\/\\\/fashionmuseum.shop\\\/lv\\\/\",\"name\":\"Fashion Museum Online Store\",\"description\":\"Fashion Museum Riga Online Store provides a wide selection of books about fashion and fashion history.\",\"publisher\":{\"@id\":\"https:\\\/\\\/fashionmuseum.shop\\\/lv\\\/#organization\"},\"potentialAction\":[{\"@type\":\"SearchAction\",\"target\":{\"@type\":\"EntryPoint\",\"urlTemplate\":\"https:\\\/\\\/fashionmuseum.shop\\\/lv\\\/?s={search_term_string}\"},\"query-input\":{\"@type\":\"PropertyValueSpecification\",\"valueRequired\":true,\"valueName\":\"search_term_string\"}}],\"inLanguage\":\"lv-LV\"},{\"@type\":\"Organization\",\"@id\":\"https:\\\/\\\/fashionmuseum.shop\\\/lv\\\/#organization\",\"name\":\"Modes muzejs\",\"url\":\"https:\\\/\\\/fashionmuseum.shop\\\/lv\\\/\",\"logo\":{\"@type\":\"ImageObject\",\"inLanguage\":\"lv-LV\",\"@id\":\"https:\\\/\\\/fashionmuseum.shop\\\/lv\\\/#\\\/schema\\\/logo\\\/image\\\/\",\"url\":\"https:\\\/\\\/i1.wp.com\\\/fashionmuseum.shop\\\/wp-content\\\/uploads\\\/2020\\\/04\\\/apple-touch-icon.png?fit=180%2C180&ssl=1\",\"contentUrl\":\"https:\\\/\\\/i1.wp.com\\\/fashionmuseum.shop\\\/wp-content\\\/uploads\\\/2020\\\/04\\\/apple-touch-icon.png?fit=180%2C180&ssl=1\",\"width\":180,\"height\":180,\"caption\":\"Modes muzejs\"},\"image\":{\"@id\":\"https:\\\/\\\/fashionmuseum.shop\\\/lv\\\/#\\\/schema\\\/logo\\\/image\\\/\"}}]}<\/script>\n<!-- \/ Yoast SEO plugin. -->","yoast_head_json":{"title":"Vintage Shoes. Collecting and Wearing Vintage Classics - Fashion Museum Riga Online Store","robots":{"index":"index","follow":"follow","max-snippet":"max-snippet:-1","max-image-preview":"max-image-preview:large","max-video-preview":"max-video-preview:-1"},"canonical":"https:\/\/fashionmuseum.shop\/lv\/prece\/vintage-shoes-collecting-and-wearing-vintage-classics\/","og_locale":"lv_LV","og_type":"article","og_title":"Vintage Shoes. Collecting and Wearing Vintage Classics - Fashion Museum Riga Online Store","og_description":"Caroline Cox\u00a0  K\u0101p\u0113c m\u0113s izv\u0113l\u0113j\u0101mies \u0161o gr\u0101matu:  \u0160\u012b gr\u0101mata \u012bpa\u0161i patiks tiem, kas j\u016bsmo par apavu dizainu un vintage apaviem \u2013 izdevum\u0101 tematisk\u0101s noda\u013c\u0101s var iepaz\u012bt visu 20. gadsimtu l\u012bdz pat 2000. gadiem. Daudz\u0101s ilustr\u0101cijas, k\u0101 ar\u012b izsme\u013co\u0161ais teksts sniedz priek\u0161statu par ietekm\u012bg\u0101kajiem dizaineriem un stilistiskaj\u0101m iez\u012bm\u0113m, k\u0101 ar\u012b v\u0113sturisko fonu. Netr\u016bkst ar\u012b prakstisku padomu. Kurpju faniem \u0161\u012b gr\u0101mata ir \u012bsts must have!","og_url":"https:\/\/fashionmuseum.shop\/lv\/prece\/vintage-shoes-collecting-and-wearing-vintage-classics\/","og_site_name":"Fashion Museum Riga Online Store","og_image":[{"width":779,"height":1000,"url":"https:\/\/fashionmuseum.shop\/wp-content\/uploads\/2023\/07\/61vYBa8yFcL.jpg","type":"image\/jpeg"}],"twitter_card":"summary_large_image","schema":{"@context":"https:\/\/schema.org","@graph":[{"@type":"WebPage","@id":"https:\/\/fashionmuseum.shop\/lv\/prece\/vintage-shoes-collecting-and-wearing-vintage-classics\/","url":"https:\/\/fashionmuseum.shop\/lv\/prece\/vintage-shoes-collecting-and-wearing-vintage-classics\/","name":"Vintage Shoes. Collecting and Wearing Vintage Classics - Fashion Museum Riga Online Store","isPartOf":{"@id":"https:\/\/fashionmuseum.shop\/lv\/#website"},"primaryImageOfPage":{"@id":"https:\/\/fashionmuseum.shop\/lv\/prece\/vintage-shoes-collecting-and-wearing-vintage-classics\/#primaryimage"},"image":{"@id":"https:\/\/fashionmuseum.shop\/lv\/prece\/vintage-shoes-collecting-and-wearing-vintage-classics\/#primaryimage"},"thumbnailUrl":"https:\/\/i0.wp.com\/fashionmuseum.shop\/wp-content\/uploads\/2023\/07\/61vYBa8yFcL.jpg?fit=779%2C1000&ssl=1","datePublished":"2023-07-14T17:22:23+00:00","breadcrumb":{"@id":"https:\/\/fashionmuseum.shop\/lv\/prece\/vintage-shoes-collecting-and-wearing-vintage-classics\/#breadcrumb"},"inLanguage":"lv-LV","potentialAction":[{"@type":"ReadAction","target":["https:\/\/fashionmuseum.shop\/lv\/prece\/vintage-shoes-collecting-and-wearing-vintage-classics\/"]}]},{"@type":"ImageObject","inLanguage":"lv-LV","@id":"https:\/\/fashionmuseum.shop\/lv\/prece\/vintage-shoes-collecting-and-wearing-vintage-classics\/#primaryimage","url":"https:\/\/i0.wp.com\/fashionmuseum.shop\/wp-content\/uploads\/2023\/07\/61vYBa8yFcL.jpg?fit=779%2C1000&ssl=1","contentUrl":"https:\/\/i0.wp.com\/fashionmuseum.shop\/wp-content\/uploads\/2023\/07\/61vYBa8yFcL.jpg?fit=779%2C1000&ssl=1","width":779,"height":1000,"caption":"Vintage Shoes. Collecting and Wearing Vintage Classics"},{"@type":"BreadcrumbList","@id":"https:\/\/fashionmuseum.shop\/lv\/prece\/vintage-shoes-collecting-and-wearing-vintage-classics\/#breadcrumb","itemListElement":[{"@type":"ListItem","position":1,"name":"Home","item":"https:\/\/fashionmuseum.shop\/lv\/"},{"@type":"ListItem","position":2,"name":"Products","item":"https:\/\/fashionmuseum.shop\/lv\/shop\/"},{"@type":"ListItem","position":3,"name":"Vintage Shoes. Collecting and Wearing Vintage Classics"}]},{"@type":"WebSite","@id":"https:\/\/fashionmuseum.shop\/lv\/#website","url":"https:\/\/fashionmuseum.shop\/lv\/","name":"Fashion Museum Online Store","description":"Fashion Museum Riga Online Store provides a wide selection of books about fashion and fashion history.","publisher":{"@id":"https:\/\/fashionmuseum.shop\/lv\/#organization"},"potentialAction":[{"@type":"SearchAction","target":{"@type":"EntryPoint","urlTemplate":"https:\/\/fashionmuseum.shop\/lv\/?s={search_term_string}"},"query-input":{"@type":"PropertyValueSpecification","valueRequired":true,"valueName":"search_term_string"}}],"inLanguage":"lv-LV"},{"@type":"Organization","@id":"https:\/\/fashionmuseum.shop\/lv\/#organization","name":"Modes muzejs","url":"https:\/\/fashionmuseum.shop\/lv\/","logo":{"@type":"ImageObject","inLanguage":"lv-LV","@id":"https:\/\/fashionmuseum.shop\/lv\/#\/schema\/logo\/image\/","url":"https:\/\/i1.wp.com\/fashionmuseum.shop\/wp-content\/uploads\/2020\/04\/apple-touch-icon.png?fit=180%2C180&ssl=1","contentUrl":"https:\/\/i1.wp.com\/fashionmuseum.shop\/wp-content\/uploads\/2020\/04\/apple-touch-icon.png?fit=180%2C180&ssl=1","width":180,"height":180,"caption":"Modes muzejs"},"image":{"@id":"https:\/\/fashionmuseum.shop\/lv\/#\/schema\/logo\/image\/"}}]}},"jetpack_publicize_connections":[],"jetpack_likes_enabled":false,"jetpack_sharing_enabled":true,"amp_enabled":true,"_links":{"self":[{"href":"https:\/\/fashionmuseum.shop\/lv\/wp-json\/wp\/v2\/product\/26893","targetHints":{"allow":["GET"]}}],"collection":[{"href":"https:\/\/fashionmuseum.shop\/lv\/wp-json\/wp\/v2\/product"}],"about":[{"href":"https:\/\/fashionmuseum.shop\/lv\/wp-json\/wp\/v2\/types\/product"}],"wp:featuredmedia":[{"embeddable":true,"href":"https:\/\/fashionmuseum.shop\/lv\/wp-json\/wp\/v2\/media\/26727"}],"wp:attachment":[{"href":"https:\/\/fashionmuseum.shop\/lv\/wp-json\/wp\/v2\/media?parent=26893"}],"wp:term":[{"taxonomy":"product_brand","embeddable":true,"href":"https:\/\/fashionmuseum.shop\/lv\/wp-json\/wp\/v2\/product_brand?post=26893"},{"taxonomy":"product_cat","embeddable":true,"href":"https:\/\/fashionmuseum.shop\/lv\/wp-json\/wp\/v2\/product_cat?post=26893"},{"taxonomy":"product_tag","embeddable":true,"href":"https:\/\/fashionmuseum.shop\/lv\/wp-json\/wp\/v2\/product_tag?post=26893"}],"curies":[{"name":"wp","href":"https:\/\/api.w.org\/{rel}","templated":true}]}}