{"id":27161,"date":"2023-07-21T17:02:19","date_gmt":"2023-07-21T14:02:19","guid":{"rendered":"https:\/\/fashionmuseum.shop\/?post_type=product&#038;p=27161"},"modified":"2023-08-10T15:26:39","modified_gmt":"2023-08-10T12:26:39","slug":"autumn-reading","status":"publish","type":"product","link":"https:\/\/fashionmuseum.shop\/lv\/prece\/autumn-reading\/","title":{"rendered":"Autumn Reading"},"content":{"rendered":"","protected":false},"excerpt":{"rendered":"<p>Tuvojoties ziemai, ir nepiecie\u0161ams silt\u0101ks ap\u0123\u0113rbs, un \u0161\u012bs stil\u012bg\u0101s sievietes uz 1915. gada 1. novembra \u017eurn\u0101la &#8220;Winter Fashions&#8221; v\u0101ka, ko ilustr\u0113jis D\u017eord\u017es Volfs Planks, pl\u0101no b\u016bt labi tai sagatavoju\u0161\u0101s. &#8220;\u0160is \u017eurn\u0101la numurs neapst\u0101jas pie t\u0101, lai sagatavotu j\u016bs pirmaj\u0101m ziemas dien\u0101m,&#8221; raksta redaktori, &#8220;ies\u0101kum\u0101 noteicis modi pirmaj\u0101m cepur\u0113m, uzvalkiem un kleit\u0101m, tas nesteidz\u012bgi \u0137eras pie ieteikumiem n\u0101kamajai l\u012bnijai &#8211; maz\u0101k\u0101m ap\u0123\u0113rba deta\u013c\u0101m un aksesu\u0101riem.&#8221;\u00a0 V\u0101ka z\u012bm\u0113juma autors: D\u017eord\u017es Volfs Planks, Vogue, public\u0113ts 1915. gada 1. novembr\u012b.<\/p>\n<p>1000 gabali\u0146u puzle<br \/>\nPabeigtas puzles izm\u0113rs: 48,9\u00d767,6 cm \/ 19,25\u2033x26,625\u2033<br \/>\nLina stila apdare, atsp\u012bdumu samazin\u0101\u0161anai.<br \/>\nRa\u017eots ASV<br \/>\nIeteicamais vecums: 13+ gadi<\/p>\n","protected":false},"featured_media":27168,"template":"","meta":{"_coblocks_attr":"","_coblocks_dimensions":"","_coblocks_responsive_height":"","_coblocks_accordion_ie_support":"","_crdt_document":"","jetpack_publicize_message":"","jetpack_publicize_feature_enabled":true,"jetpack_social_post_already_shared":true,"jetpack_social_options":{"image_generator_settings":{"template":"highway","default_image_id":0,"font":"","enabled":false},"version":2},"_wpas_customize_per_network":false},"product_brand":[],"product_cat":[3211],"product_tag":[3593,3594,1698],"class_list":{"0":"post-27161","1":"product","2":"type-product","3":"status-publish","4":"has-post-thumbnail","6":"product_cat-puzles","7":"product_tag-puzzle-lv","8":"product_tag-puzzles-lv","9":"product_tag-vogue-lv","11":"first","12":"instock","13":"shipping-taxable","14":"purchasable","15":"product-type-simple"},"yoast_head":"<!-- This site is optimized with the Yoast SEO plugin v27.5 - https:\/\/yoast.com\/product\/yoast-seo-wordpress\/ -->\n<title>Autumn Reading - Fashion Museum Riga Online Store<\/title>\n<meta name=\"robots\" content=\"index, follow, max-snippet:-1, max-image-preview:large, max-video-preview:-1\" \/>\n<link rel=\"canonical\" href=\"https:\/\/fashionmuseum.shop\/lv\/prece\/autumn-reading\/\" \/>\n<meta property=\"og:locale\" content=\"lv_LV\" \/>\n<meta property=\"og:type\" content=\"article\" \/>\n<meta property=\"og:title\" content=\"Autumn Reading - Fashion Museum Riga Online Store\" \/>\n<meta property=\"og:description\" content=\"Tuvojoties ziemai, ir nepiecie\u0161ams silt\u0101ks ap\u0123\u0113rbs, un \u0161\u012bs stil\u012bg\u0101s sievietes uz 1915. gada 1. novembra \u017eurn\u0101la &quot;Winter Fashions&quot; v\u0101ka, ko ilustr\u0113jis D\u017eord\u017es Volfs Planks, pl\u0101no b\u016bt labi tai sagatavoju\u0161\u0101s. &quot;\u0160is \u017eurn\u0101la numurs neapst\u0101jas pie t\u0101, lai sagatavotu j\u016bs pirmaj\u0101m ziemas dien\u0101m,&quot; raksta redaktori, &quot;ies\u0101kum\u0101 noteicis modi pirmaj\u0101m cepur\u0113m, uzvalkiem un kleit\u0101m, tas nesteidz\u012bgi \u0137eras pie ieteikumiem n\u0101kamajai l\u012bnijai - maz\u0101k\u0101m ap\u0123\u0113rba deta\u013c\u0101m un aksesu\u0101riem.&quot;\u00a0 V\u0101ka z\u012bm\u0113juma autors: D\u017eord\u017es Volfs Planks, Vogue, public\u0113ts 1915. gada 1. novembr\u012b.  1000 gabali\u0146u puzle Pabeigtas puzles izm\u0113rs: 48,9\u00d767,6 cm \/ 19,25\u2033x26,625\u2033 Lina stila apdare, atsp\u012bdumu samazin\u0101\u0161anai. Ra\u017eots ASV Ieteicamais vecums: 13+ gadi\" \/>\n<meta property=\"og:url\" content=\"https:\/\/fashionmuseum.shop\/lv\/prece\/autumn-reading\/\" \/>\n<meta property=\"og:site_name\" content=\"Fashion Museum Riga Online Store\" \/>\n<meta property=\"article:modified_time\" content=\"2023-08-10T12:26:39+00:00\" \/>\n<meta property=\"og:image\" content=\"https:\/\/fashionmuseum.shop\/wp-content\/uploads\/2023\/07\/NPZVG2280_IMG1_L_1800x1800.webp\" \/>\n\t<meta property=\"og:image:width\" content=\"849\" \/>\n\t<meta property=\"og:image:height\" content=\"1024\" \/>\n\t<meta property=\"og:image:type\" content=\"image\/webp\" \/>\n<meta name=\"twitter:card\" content=\"summary_large_image\" \/>\n<script type=\"application\/ld+json\" class=\"yoast-schema-graph\">{\"@context\":\"https:\\\/\\\/schema.org\",\"@graph\":[{\"@type\":\"WebPage\",\"@id\":\"https:\\\/\\\/fashionmuseum.shop\\\/lv\\\/prece\\\/autumn-reading\\\/\",\"url\":\"https:\\\/\\\/fashionmuseum.shop\\\/lv\\\/prece\\\/autumn-reading\\\/\",\"name\":\"Autumn Reading - Fashion Museum Riga Online Store\",\"isPartOf\":{\"@id\":\"https:\\\/\\\/fashionmuseum.shop\\\/lv\\\/#website\"},\"primaryImageOfPage\":{\"@id\":\"https:\\\/\\\/fashionmuseum.shop\\\/lv\\\/prece\\\/autumn-reading\\\/#primaryimage\"},\"image\":{\"@id\":\"https:\\\/\\\/fashionmuseum.shop\\\/lv\\\/prece\\\/autumn-reading\\\/#primaryimage\"},\"thumbnailUrl\":\"https:\\\/\\\/i0.wp.com\\\/fashionmuseum.shop\\\/wp-content\\\/uploads\\\/2023\\\/07\\\/NPZVG2280_IMG1_L_1800x1800.webp?fit=849%2C1024&ssl=1\",\"datePublished\":\"2023-07-21T14:02:19+00:00\",\"dateModified\":\"2023-08-10T12:26:39+00:00\",\"breadcrumb\":{\"@id\":\"https:\\\/\\\/fashionmuseum.shop\\\/lv\\\/prece\\\/autumn-reading\\\/#breadcrumb\"},\"inLanguage\":\"lv-LV\",\"potentialAction\":[{\"@type\":\"ReadAction\",\"target\":[\"https:\\\/\\\/fashionmuseum.shop\\\/lv\\\/prece\\\/autumn-reading\\\/\"]}]},{\"@type\":\"ImageObject\",\"inLanguage\":\"lv-LV\",\"@id\":\"https:\\\/\\\/fashionmuseum.shop\\\/lv\\\/prece\\\/autumn-reading\\\/#primaryimage\",\"url\":\"https:\\\/\\\/i0.wp.com\\\/fashionmuseum.shop\\\/wp-content\\\/uploads\\\/2023\\\/07\\\/NPZVG2280_IMG1_L_1800x1800.webp?fit=849%2C1024&ssl=1\",\"contentUrl\":\"https:\\\/\\\/i0.wp.com\\\/fashionmuseum.shop\\\/wp-content\\\/uploads\\\/2023\\\/07\\\/NPZVG2280_IMG1_L_1800x1800.webp?fit=849%2C1024&ssl=1\",\"width\":849,\"height\":1024},{\"@type\":\"BreadcrumbList\",\"@id\":\"https:\\\/\\\/fashionmuseum.shop\\\/lv\\\/prece\\\/autumn-reading\\\/#breadcrumb\",\"itemListElement\":[{\"@type\":\"ListItem\",\"position\":1,\"name\":\"Home\",\"item\":\"https:\\\/\\\/fashionmuseum.shop\\\/lv\\\/\"},{\"@type\":\"ListItem\",\"position\":2,\"name\":\"Products\",\"item\":\"https:\\\/\\\/fashionmuseum.shop\\\/lv\\\/shop\\\/\"},{\"@type\":\"ListItem\",\"position\":3,\"name\":\"Autumn Reading\"}]},{\"@type\":\"WebSite\",\"@id\":\"https:\\\/\\\/fashionmuseum.shop\\\/lv\\\/#website\",\"url\":\"https:\\\/\\\/fashionmuseum.shop\\\/lv\\\/\",\"name\":\"Fashion Museum Online Store\",\"description\":\"Fashion Museum Riga Online Store provides a wide selection of books about fashion and fashion history.\",\"publisher\":{\"@id\":\"https:\\\/\\\/fashionmuseum.shop\\\/lv\\\/#organization\"},\"potentialAction\":[{\"@type\":\"SearchAction\",\"target\":{\"@type\":\"EntryPoint\",\"urlTemplate\":\"https:\\\/\\\/fashionmuseum.shop\\\/lv\\\/?s={search_term_string}\"},\"query-input\":{\"@type\":\"PropertyValueSpecification\",\"valueRequired\":true,\"valueName\":\"search_term_string\"}}],\"inLanguage\":\"lv-LV\"},{\"@type\":\"Organization\",\"@id\":\"https:\\\/\\\/fashionmuseum.shop\\\/lv\\\/#organization\",\"name\":\"Modes muzejs\",\"url\":\"https:\\\/\\\/fashionmuseum.shop\\\/lv\\\/\",\"logo\":{\"@type\":\"ImageObject\",\"inLanguage\":\"lv-LV\",\"@id\":\"https:\\\/\\\/fashionmuseum.shop\\\/lv\\\/#\\\/schema\\\/logo\\\/image\\\/\",\"url\":\"https:\\\/\\\/i1.wp.com\\\/fashionmuseum.shop\\\/wp-content\\\/uploads\\\/2020\\\/04\\\/apple-touch-icon.png?fit=180%2C180&ssl=1\",\"contentUrl\":\"https:\\\/\\\/i1.wp.com\\\/fashionmuseum.shop\\\/wp-content\\\/uploads\\\/2020\\\/04\\\/apple-touch-icon.png?fit=180%2C180&ssl=1\",\"width\":180,\"height\":180,\"caption\":\"Modes muzejs\"},\"image\":{\"@id\":\"https:\\\/\\\/fashionmuseum.shop\\\/lv\\\/#\\\/schema\\\/logo\\\/image\\\/\"}}]}<\/script>\n<!-- \/ Yoast SEO plugin. -->","yoast_head_json":{"title":"Autumn Reading - Fashion Museum Riga Online Store","robots":{"index":"index","follow":"follow","max-snippet":"max-snippet:-1","max-image-preview":"max-image-preview:large","max-video-preview":"max-video-preview:-1"},"canonical":"https:\/\/fashionmuseum.shop\/lv\/prece\/autumn-reading\/","og_locale":"lv_LV","og_type":"article","og_title":"Autumn Reading - Fashion Museum Riga Online Store","og_description":"Tuvojoties ziemai, ir nepiecie\u0161ams silt\u0101ks ap\u0123\u0113rbs, un \u0161\u012bs stil\u012bg\u0101s sievietes uz 1915. gada 1. novembra \u017eurn\u0101la \"Winter Fashions\" v\u0101ka, ko ilustr\u0113jis D\u017eord\u017es Volfs Planks, pl\u0101no b\u016bt labi tai sagatavoju\u0161\u0101s. \"\u0160is \u017eurn\u0101la numurs neapst\u0101jas pie t\u0101, lai sagatavotu j\u016bs pirmaj\u0101m ziemas dien\u0101m,\" raksta redaktori, \"ies\u0101kum\u0101 noteicis modi pirmaj\u0101m cepur\u0113m, uzvalkiem un kleit\u0101m, tas nesteidz\u012bgi \u0137eras pie ieteikumiem n\u0101kamajai l\u012bnijai - maz\u0101k\u0101m ap\u0123\u0113rba deta\u013c\u0101m un aksesu\u0101riem.\"\u00a0 V\u0101ka z\u012bm\u0113juma autors: D\u017eord\u017es Volfs Planks, Vogue, public\u0113ts 1915. gada 1. novembr\u012b.  1000 gabali\u0146u puzle Pabeigtas puzles izm\u0113rs: 48,9\u00d767,6 cm \/ 19,25\u2033x26,625\u2033 Lina stila apdare, atsp\u012bdumu samazin\u0101\u0161anai. Ra\u017eots ASV Ieteicamais vecums: 13+ gadi","og_url":"https:\/\/fashionmuseum.shop\/lv\/prece\/autumn-reading\/","og_site_name":"Fashion Museum Riga Online Store","article_modified_time":"2023-08-10T12:26:39+00:00","og_image":[{"width":849,"height":1024,"url":"https:\/\/fashionmuseum.shop\/wp-content\/uploads\/2023\/07\/NPZVG2280_IMG1_L_1800x1800.webp","type":"image\/webp"}],"twitter_card":"summary_large_image","schema":{"@context":"https:\/\/schema.org","@graph":[{"@type":"WebPage","@id":"https:\/\/fashionmuseum.shop\/lv\/prece\/autumn-reading\/","url":"https:\/\/fashionmuseum.shop\/lv\/prece\/autumn-reading\/","name":"Autumn Reading - Fashion Museum Riga Online Store","isPartOf":{"@id":"https:\/\/fashionmuseum.shop\/lv\/#website"},"primaryImageOfPage":{"@id":"https:\/\/fashionmuseum.shop\/lv\/prece\/autumn-reading\/#primaryimage"},"image":{"@id":"https:\/\/fashionmuseum.shop\/lv\/prece\/autumn-reading\/#primaryimage"},"thumbnailUrl":"https:\/\/i0.wp.com\/fashionmuseum.shop\/wp-content\/uploads\/2023\/07\/NPZVG2280_IMG1_L_1800x1800.webp?fit=849%2C1024&ssl=1","datePublished":"2023-07-21T14:02:19+00:00","dateModified":"2023-08-10T12:26:39+00:00","breadcrumb":{"@id":"https:\/\/fashionmuseum.shop\/lv\/prece\/autumn-reading\/#breadcrumb"},"inLanguage":"lv-LV","potentialAction":[{"@type":"ReadAction","target":["https:\/\/fashionmuseum.shop\/lv\/prece\/autumn-reading\/"]}]},{"@type":"ImageObject","inLanguage":"lv-LV","@id":"https:\/\/fashionmuseum.shop\/lv\/prece\/autumn-reading\/#primaryimage","url":"https:\/\/i0.wp.com\/fashionmuseum.shop\/wp-content\/uploads\/2023\/07\/NPZVG2280_IMG1_L_1800x1800.webp?fit=849%2C1024&ssl=1","contentUrl":"https:\/\/i0.wp.com\/fashionmuseum.shop\/wp-content\/uploads\/2023\/07\/NPZVG2280_IMG1_L_1800x1800.webp?fit=849%2C1024&ssl=1","width":849,"height":1024},{"@type":"BreadcrumbList","@id":"https:\/\/fashionmuseum.shop\/lv\/prece\/autumn-reading\/#breadcrumb","itemListElement":[{"@type":"ListItem","position":1,"name":"Home","item":"https:\/\/fashionmuseum.shop\/lv\/"},{"@type":"ListItem","position":2,"name":"Products","item":"https:\/\/fashionmuseum.shop\/lv\/shop\/"},{"@type":"ListItem","position":3,"name":"Autumn Reading"}]},{"@type":"WebSite","@id":"https:\/\/fashionmuseum.shop\/lv\/#website","url":"https:\/\/fashionmuseum.shop\/lv\/","name":"Fashion Museum Online Store","description":"Fashion Museum Riga Online Store provides a wide selection of books about fashion and fashion history.","publisher":{"@id":"https:\/\/fashionmuseum.shop\/lv\/#organization"},"potentialAction":[{"@type":"SearchAction","target":{"@type":"EntryPoint","urlTemplate":"https:\/\/fashionmuseum.shop\/lv\/?s={search_term_string}"},"query-input":{"@type":"PropertyValueSpecification","valueRequired":true,"valueName":"search_term_string"}}],"inLanguage":"lv-LV"},{"@type":"Organization","@id":"https:\/\/fashionmuseum.shop\/lv\/#organization","name":"Modes muzejs","url":"https:\/\/fashionmuseum.shop\/lv\/","logo":{"@type":"ImageObject","inLanguage":"lv-LV","@id":"https:\/\/fashionmuseum.shop\/lv\/#\/schema\/logo\/image\/","url":"https:\/\/i1.wp.com\/fashionmuseum.shop\/wp-content\/uploads\/2020\/04\/apple-touch-icon.png?fit=180%2C180&ssl=1","contentUrl":"https:\/\/i1.wp.com\/fashionmuseum.shop\/wp-content\/uploads\/2020\/04\/apple-touch-icon.png?fit=180%2C180&ssl=1","width":180,"height":180,"caption":"Modes muzejs"},"image":{"@id":"https:\/\/fashionmuseum.shop\/lv\/#\/schema\/logo\/image\/"}}]}},"jetpack_publicize_connections":[],"jetpack_likes_enabled":false,"jetpack_sharing_enabled":true,"amp_enabled":true,"_links":{"self":[{"href":"https:\/\/fashionmuseum.shop\/lv\/wp-json\/wp\/v2\/product\/27161","targetHints":{"allow":["GET"]}}],"collection":[{"href":"https:\/\/fashionmuseum.shop\/lv\/wp-json\/wp\/v2\/product"}],"about":[{"href":"https:\/\/fashionmuseum.shop\/lv\/wp-json\/wp\/v2\/types\/product"}],"wp:featuredmedia":[{"embeddable":true,"href":"https:\/\/fashionmuseum.shop\/lv\/wp-json\/wp\/v2\/media\/27168"}],"wp:attachment":[{"href":"https:\/\/fashionmuseum.shop\/lv\/wp-json\/wp\/v2\/media?parent=27161"}],"wp:term":[{"taxonomy":"product_brand","embeddable":true,"href":"https:\/\/fashionmuseum.shop\/lv\/wp-json\/wp\/v2\/product_brand?post=27161"},{"taxonomy":"product_cat","embeddable":true,"href":"https:\/\/fashionmuseum.shop\/lv\/wp-json\/wp\/v2\/product_cat?post=27161"},{"taxonomy":"product_tag","embeddable":true,"href":"https:\/\/fashionmuseum.shop\/lv\/wp-json\/wp\/v2\/product_tag?post=27161"}],"curies":[{"name":"wp","href":"https:\/\/api.w.org\/{rel}","templated":true}]}}