{"id":27180,"date":"2023-07-22T19:05:52","date_gmt":"2023-07-22T16:05:53","guid":{"rendered":"https:\/\/fashionmuseum.shop\/?post_type=product&#038;p=27180"},"modified":"2023-07-22T19:46:19","modified_gmt":"2023-07-22T16:46:19","slug":"beaus-and-bows","status":"publish","type":"product","link":"https:\/\/fashionmuseum.shop\/lv\/prece\/beaus-and-bows\/","title":{"rendered":"Beaus and Bows"},"content":{"rendered":"","protected":false},"excerpt":{"rendered":"<p>Mode var b\u016bt savaldzin\u0101\u0161anas veids, k\u0101 liecina 1923. gada 15. apr\u012b\u013ca Par\u012bzes modes \u017eurn\u0101la v\u0101ka numurs. D\u017eord\u017es Volfs Planks zina, kas liks las\u012bt\u0101ju sird\u012bm pukst\u0113t strauj\u0101k, un tas nav piekl\u0101j\u012bgais skaistulis labaj\u0101 pus\u0113, bet gan kleita ar vienu no tiem &#8221; labv\u0113l\u012bgajiem lokiem, kas n\u0101ca pal\u012bg\u0101 d\u0101m\u0101m 1880. gad\u0101&#8221;. Stils, raksta \u017eurn\u0101ls, seko l\u012bdzi sieviet\u0113m, kuras noteica modi, to izjaucot. &#8220;Kad t\u0101da nop\u0113rk, ir iest\u0101jusies \u0161\u012b mode pusnakts stunda, kariete p\u0101rv\u0113r\u0161as par \u0137irbi, un &#8211; bet Pelnru\u0161\u0137\u012bte nekad netiek pie\u0137erta.&#8221;<\/p>\n<p>Vogue v\u0101ka autors &#8211; m\u0101kslinieks D\u017eord\u017es Volfs Planks, s\u0101kotn\u0113ji public\u0113ts 1919. gada oktobr\u012b.<br \/>\n500 gabali\u0146u puzle<br \/>\nPabeigtas puzles izm\u0113rs: 45,7&#215;61 cm \/ 18 &#8220;x24&#8221;<br \/>\nLina stila apdare, lai samazin\u0101tu atsp\u012bdumus<br \/>\nRa\u017eots ASV<br \/>\nIeteicamais vecums: 10+ gadi<\/p>\n","protected":false},"featured_media":27183,"template":"","meta":{"_coblocks_attr":"","_coblocks_dimensions":"","_coblocks_responsive_height":"","_coblocks_accordion_ie_support":"","_crdt_document":"","jetpack_publicize_message":"","jetpack_publicize_feature_enabled":true,"jetpack_social_post_already_shared":true,"jetpack_social_options":{"image_generator_settings":{"template":"highway","default_image_id":0,"font":"","enabled":false},"version":2},"_wpas_customize_per_network":false},"product_brand":[],"product_cat":[3211],"product_tag":[3593,3594,1698],"class_list":{"0":"post-27180","1":"product","2":"type-product","3":"status-publish","4":"has-post-thumbnail","6":"product_cat-puzles","7":"product_tag-puzzle-lv","8":"product_tag-puzzles-lv","9":"product_tag-vogue-lv","11":"first","12":"instock","13":"shipping-taxable","14":"purchasable","15":"product-type-simple"},"yoast_head":"<!-- This site is optimized with the Yoast SEO plugin v27.5 - https:\/\/yoast.com\/product\/yoast-seo-wordpress\/ -->\n<title>Beaus and Bows - Fashion Museum Riga Online Store<\/title>\n<meta name=\"robots\" content=\"index, follow, max-snippet:-1, max-image-preview:large, max-video-preview:-1\" \/>\n<link rel=\"canonical\" href=\"https:\/\/fashionmuseum.shop\/lv\/prece\/beaus-and-bows\/\" \/>\n<meta property=\"og:locale\" content=\"lv_LV\" \/>\n<meta property=\"og:type\" content=\"article\" \/>\n<meta property=\"og:title\" content=\"Beaus and Bows - Fashion Museum Riga Online Store\" \/>\n<meta property=\"og:description\" content=\"Mode var b\u016bt savaldzin\u0101\u0161anas veids, k\u0101 liecina 1923. gada 15. apr\u012b\u013ca Par\u012bzes modes \u017eurn\u0101la v\u0101ka numurs. D\u017eord\u017es Volfs Planks zina, kas liks las\u012bt\u0101ju sird\u012bm pukst\u0113t strauj\u0101k, un tas nav piekl\u0101j\u012bgais skaistulis labaj\u0101 pus\u0113, bet gan kleita ar vienu no tiem &quot; labv\u0113l\u012bgajiem lokiem, kas n\u0101ca pal\u012bg\u0101 d\u0101m\u0101m 1880. gad\u0101&quot;. Stils, raksta \u017eurn\u0101ls, seko l\u012bdzi sieviet\u0113m, kuras noteica modi, to izjaucot. &quot;Kad t\u0101da nop\u0113rk, ir iest\u0101jusies \u0161\u012b mode pusnakts stunda, kariete p\u0101rv\u0113r\u0161as par \u0137irbi, un - bet Pelnru\u0161\u0137\u012bte nekad netiek pie\u0137erta.&quot;  Vogue v\u0101ka autors - m\u0101kslinieks D\u017eord\u017es Volfs Planks, s\u0101kotn\u0113ji public\u0113ts 1919. gada oktobr\u012b. 500 gabali\u0146u puzle Pabeigtas puzles izm\u0113rs: 45,7x61 cm \/ 18 &quot;x24&quot; Lina stila apdare, lai samazin\u0101tu atsp\u012bdumus Ra\u017eots ASV Ieteicamais vecums: 10+ gadi\" \/>\n<meta property=\"og:url\" content=\"https:\/\/fashionmuseum.shop\/lv\/prece\/beaus-and-bows\/\" \/>\n<meta property=\"og:site_name\" content=\"Fashion Museum Riga Online Store\" \/>\n<meta property=\"article:modified_time\" content=\"2023-07-22T16:46:19+00:00\" \/>\n<meta property=\"og:image\" content=\"https:\/\/fashionmuseum.shop\/wp-content\/uploads\/2023\/07\/NPZVG2303_IMG1_L1.jpg\" \/>\n\t<meta property=\"og:image:width\" content=\"849\" \/>\n\t<meta property=\"og:image:height\" content=\"1024\" \/>\n\t<meta property=\"og:image:type\" content=\"image\/jpeg\" \/>\n<meta name=\"twitter:card\" content=\"summary_large_image\" \/>\n<script type=\"application\/ld+json\" class=\"yoast-schema-graph\">{\"@context\":\"https:\\\/\\\/schema.org\",\"@graph\":[{\"@type\":\"WebPage\",\"@id\":\"https:\\\/\\\/fashionmuseum.shop\\\/lv\\\/prece\\\/beaus-and-bows\\\/\",\"url\":\"https:\\\/\\\/fashionmuseum.shop\\\/lv\\\/prece\\\/beaus-and-bows\\\/\",\"name\":\"Beaus and Bows - Fashion Museum Riga Online Store\",\"isPartOf\":{\"@id\":\"https:\\\/\\\/fashionmuseum.shop\\\/lv\\\/#website\"},\"primaryImageOfPage\":{\"@id\":\"https:\\\/\\\/fashionmuseum.shop\\\/lv\\\/prece\\\/beaus-and-bows\\\/#primaryimage\"},\"image\":{\"@id\":\"https:\\\/\\\/fashionmuseum.shop\\\/lv\\\/prece\\\/beaus-and-bows\\\/#primaryimage\"},\"thumbnailUrl\":\"https:\\\/\\\/i0.wp.com\\\/fashionmuseum.shop\\\/wp-content\\\/uploads\\\/2023\\\/07\\\/NPZVG2303_IMG1_L1.jpg?fit=849%2C1024&ssl=1\",\"datePublished\":\"2023-07-22T16:05:53+00:00\",\"dateModified\":\"2023-07-22T16:46:19+00:00\",\"breadcrumb\":{\"@id\":\"https:\\\/\\\/fashionmuseum.shop\\\/lv\\\/prece\\\/beaus-and-bows\\\/#breadcrumb\"},\"inLanguage\":\"lv-LV\",\"potentialAction\":[{\"@type\":\"ReadAction\",\"target\":[\"https:\\\/\\\/fashionmuseum.shop\\\/lv\\\/prece\\\/beaus-and-bows\\\/\"]}]},{\"@type\":\"ImageObject\",\"inLanguage\":\"lv-LV\",\"@id\":\"https:\\\/\\\/fashionmuseum.shop\\\/lv\\\/prece\\\/beaus-and-bows\\\/#primaryimage\",\"url\":\"https:\\\/\\\/i0.wp.com\\\/fashionmuseum.shop\\\/wp-content\\\/uploads\\\/2023\\\/07\\\/NPZVG2303_IMG1_L1.jpg?fit=849%2C1024&ssl=1\",\"contentUrl\":\"https:\\\/\\\/i0.wp.com\\\/fashionmuseum.shop\\\/wp-content\\\/uploads\\\/2023\\\/07\\\/NPZVG2303_IMG1_L1.jpg?fit=849%2C1024&ssl=1\",\"width\":849,\"height\":1024,\"caption\":\"Beaus and Bows\"},{\"@type\":\"BreadcrumbList\",\"@id\":\"https:\\\/\\\/fashionmuseum.shop\\\/lv\\\/prece\\\/beaus-and-bows\\\/#breadcrumb\",\"itemListElement\":[{\"@type\":\"ListItem\",\"position\":1,\"name\":\"Home\",\"item\":\"https:\\\/\\\/fashionmuseum.shop\\\/lv\\\/\"},{\"@type\":\"ListItem\",\"position\":2,\"name\":\"Products\",\"item\":\"https:\\\/\\\/fashionmuseum.shop\\\/lv\\\/shop\\\/\"},{\"@type\":\"ListItem\",\"position\":3,\"name\":\"Beaus and Bows\"}]},{\"@type\":\"WebSite\",\"@id\":\"https:\\\/\\\/fashionmuseum.shop\\\/lv\\\/#website\",\"url\":\"https:\\\/\\\/fashionmuseum.shop\\\/lv\\\/\",\"name\":\"Fashion Museum Online Store\",\"description\":\"Fashion Museum Riga Online Store provides a wide selection of books about fashion and fashion history.\",\"publisher\":{\"@id\":\"https:\\\/\\\/fashionmuseum.shop\\\/lv\\\/#organization\"},\"potentialAction\":[{\"@type\":\"SearchAction\",\"target\":{\"@type\":\"EntryPoint\",\"urlTemplate\":\"https:\\\/\\\/fashionmuseum.shop\\\/lv\\\/?s={search_term_string}\"},\"query-input\":{\"@type\":\"PropertyValueSpecification\",\"valueRequired\":true,\"valueName\":\"search_term_string\"}}],\"inLanguage\":\"lv-LV\"},{\"@type\":\"Organization\",\"@id\":\"https:\\\/\\\/fashionmuseum.shop\\\/lv\\\/#organization\",\"name\":\"Modes muzejs\",\"url\":\"https:\\\/\\\/fashionmuseum.shop\\\/lv\\\/\",\"logo\":{\"@type\":\"ImageObject\",\"inLanguage\":\"lv-LV\",\"@id\":\"https:\\\/\\\/fashionmuseum.shop\\\/lv\\\/#\\\/schema\\\/logo\\\/image\\\/\",\"url\":\"https:\\\/\\\/i1.wp.com\\\/fashionmuseum.shop\\\/wp-content\\\/uploads\\\/2020\\\/04\\\/apple-touch-icon.png?fit=180%2C180&ssl=1\",\"contentUrl\":\"https:\\\/\\\/i1.wp.com\\\/fashionmuseum.shop\\\/wp-content\\\/uploads\\\/2020\\\/04\\\/apple-touch-icon.png?fit=180%2C180&ssl=1\",\"width\":180,\"height\":180,\"caption\":\"Modes muzejs\"},\"image\":{\"@id\":\"https:\\\/\\\/fashionmuseum.shop\\\/lv\\\/#\\\/schema\\\/logo\\\/image\\\/\"}}]}<\/script>\n<!-- \/ Yoast SEO plugin. -->","yoast_head_json":{"title":"Beaus and Bows - Fashion Museum Riga Online Store","robots":{"index":"index","follow":"follow","max-snippet":"max-snippet:-1","max-image-preview":"max-image-preview:large","max-video-preview":"max-video-preview:-1"},"canonical":"https:\/\/fashionmuseum.shop\/lv\/prece\/beaus-and-bows\/","og_locale":"lv_LV","og_type":"article","og_title":"Beaus and Bows - Fashion Museum Riga Online Store","og_description":"Mode var b\u016bt savaldzin\u0101\u0161anas veids, k\u0101 liecina 1923. gada 15. apr\u012b\u013ca Par\u012bzes modes \u017eurn\u0101la v\u0101ka numurs. D\u017eord\u017es Volfs Planks zina, kas liks las\u012bt\u0101ju sird\u012bm pukst\u0113t strauj\u0101k, un tas nav piekl\u0101j\u012bgais skaistulis labaj\u0101 pus\u0113, bet gan kleita ar vienu no tiem \" labv\u0113l\u012bgajiem lokiem, kas n\u0101ca pal\u012bg\u0101 d\u0101m\u0101m 1880. gad\u0101\". Stils, raksta \u017eurn\u0101ls, seko l\u012bdzi sieviet\u0113m, kuras noteica modi, to izjaucot. \"Kad t\u0101da nop\u0113rk, ir iest\u0101jusies \u0161\u012b mode pusnakts stunda, kariete p\u0101rv\u0113r\u0161as par \u0137irbi, un - bet Pelnru\u0161\u0137\u012bte nekad netiek pie\u0137erta.\"  Vogue v\u0101ka autors - m\u0101kslinieks D\u017eord\u017es Volfs Planks, s\u0101kotn\u0113ji public\u0113ts 1919. gada oktobr\u012b. 500 gabali\u0146u puzle Pabeigtas puzles izm\u0113rs: 45,7x61 cm \/ 18 \"x24\" Lina stila apdare, lai samazin\u0101tu atsp\u012bdumus Ra\u017eots ASV Ieteicamais vecums: 10+ gadi","og_url":"https:\/\/fashionmuseum.shop\/lv\/prece\/beaus-and-bows\/","og_site_name":"Fashion Museum Riga Online Store","article_modified_time":"2023-07-22T16:46:19+00:00","og_image":[{"width":849,"height":1024,"url":"https:\/\/fashionmuseum.shop\/wp-content\/uploads\/2023\/07\/NPZVG2303_IMG1_L1.jpg","type":"image\/jpeg"}],"twitter_card":"summary_large_image","schema":{"@context":"https:\/\/schema.org","@graph":[{"@type":"WebPage","@id":"https:\/\/fashionmuseum.shop\/lv\/prece\/beaus-and-bows\/","url":"https:\/\/fashionmuseum.shop\/lv\/prece\/beaus-and-bows\/","name":"Beaus and Bows - Fashion Museum Riga Online Store","isPartOf":{"@id":"https:\/\/fashionmuseum.shop\/lv\/#website"},"primaryImageOfPage":{"@id":"https:\/\/fashionmuseum.shop\/lv\/prece\/beaus-and-bows\/#primaryimage"},"image":{"@id":"https:\/\/fashionmuseum.shop\/lv\/prece\/beaus-and-bows\/#primaryimage"},"thumbnailUrl":"https:\/\/i0.wp.com\/fashionmuseum.shop\/wp-content\/uploads\/2023\/07\/NPZVG2303_IMG1_L1.jpg?fit=849%2C1024&ssl=1","datePublished":"2023-07-22T16:05:53+00:00","dateModified":"2023-07-22T16:46:19+00:00","breadcrumb":{"@id":"https:\/\/fashionmuseum.shop\/lv\/prece\/beaus-and-bows\/#breadcrumb"},"inLanguage":"lv-LV","potentialAction":[{"@type":"ReadAction","target":["https:\/\/fashionmuseum.shop\/lv\/prece\/beaus-and-bows\/"]}]},{"@type":"ImageObject","inLanguage":"lv-LV","@id":"https:\/\/fashionmuseum.shop\/lv\/prece\/beaus-and-bows\/#primaryimage","url":"https:\/\/i0.wp.com\/fashionmuseum.shop\/wp-content\/uploads\/2023\/07\/NPZVG2303_IMG1_L1.jpg?fit=849%2C1024&ssl=1","contentUrl":"https:\/\/i0.wp.com\/fashionmuseum.shop\/wp-content\/uploads\/2023\/07\/NPZVG2303_IMG1_L1.jpg?fit=849%2C1024&ssl=1","width":849,"height":1024,"caption":"Beaus and Bows"},{"@type":"BreadcrumbList","@id":"https:\/\/fashionmuseum.shop\/lv\/prece\/beaus-and-bows\/#breadcrumb","itemListElement":[{"@type":"ListItem","position":1,"name":"Home","item":"https:\/\/fashionmuseum.shop\/lv\/"},{"@type":"ListItem","position":2,"name":"Products","item":"https:\/\/fashionmuseum.shop\/lv\/shop\/"},{"@type":"ListItem","position":3,"name":"Beaus and Bows"}]},{"@type":"WebSite","@id":"https:\/\/fashionmuseum.shop\/lv\/#website","url":"https:\/\/fashionmuseum.shop\/lv\/","name":"Fashion Museum Online Store","description":"Fashion Museum Riga Online Store provides a wide selection of books about fashion and fashion history.","publisher":{"@id":"https:\/\/fashionmuseum.shop\/lv\/#organization"},"potentialAction":[{"@type":"SearchAction","target":{"@type":"EntryPoint","urlTemplate":"https:\/\/fashionmuseum.shop\/lv\/?s={search_term_string}"},"query-input":{"@type":"PropertyValueSpecification","valueRequired":true,"valueName":"search_term_string"}}],"inLanguage":"lv-LV"},{"@type":"Organization","@id":"https:\/\/fashionmuseum.shop\/lv\/#organization","name":"Modes muzejs","url":"https:\/\/fashionmuseum.shop\/lv\/","logo":{"@type":"ImageObject","inLanguage":"lv-LV","@id":"https:\/\/fashionmuseum.shop\/lv\/#\/schema\/logo\/image\/","url":"https:\/\/i1.wp.com\/fashionmuseum.shop\/wp-content\/uploads\/2020\/04\/apple-touch-icon.png?fit=180%2C180&ssl=1","contentUrl":"https:\/\/i1.wp.com\/fashionmuseum.shop\/wp-content\/uploads\/2020\/04\/apple-touch-icon.png?fit=180%2C180&ssl=1","width":180,"height":180,"caption":"Modes muzejs"},"image":{"@id":"https:\/\/fashionmuseum.shop\/lv\/#\/schema\/logo\/image\/"}}]}},"jetpack_publicize_connections":[],"jetpack_likes_enabled":false,"jetpack_sharing_enabled":true,"amp_enabled":true,"_links":{"self":[{"href":"https:\/\/fashionmuseum.shop\/lv\/wp-json\/wp\/v2\/product\/27180","targetHints":{"allow":["GET"]}}],"collection":[{"href":"https:\/\/fashionmuseum.shop\/lv\/wp-json\/wp\/v2\/product"}],"about":[{"href":"https:\/\/fashionmuseum.shop\/lv\/wp-json\/wp\/v2\/types\/product"}],"wp:featuredmedia":[{"embeddable":true,"href":"https:\/\/fashionmuseum.shop\/lv\/wp-json\/wp\/v2\/media\/27183"}],"wp:attachment":[{"href":"https:\/\/fashionmuseum.shop\/lv\/wp-json\/wp\/v2\/media?parent=27180"}],"wp:term":[{"taxonomy":"product_brand","embeddable":true,"href":"https:\/\/fashionmuseum.shop\/lv\/wp-json\/wp\/v2\/product_brand?post=27180"},{"taxonomy":"product_cat","embeddable":true,"href":"https:\/\/fashionmuseum.shop\/lv\/wp-json\/wp\/v2\/product_cat?post=27180"},{"taxonomy":"product_tag","embeddable":true,"href":"https:\/\/fashionmuseum.shop\/lv\/wp-json\/wp\/v2\/product_tag?post=27180"}],"curies":[{"name":"wp","href":"https:\/\/api.w.org\/{rel}","templated":true}]}}