{"id":27192,"date":"2023-07-22T19:11:26","date_gmt":"2023-07-22T16:11:26","guid":{"rendered":"https:\/\/fashionmuseum.shop\/?post_type=product&#038;p=27192"},"modified":"2023-07-22T19:50:22","modified_gmt":"2023-07-22T16:50:22","slug":"the-bird-of-decoration","status":"publish","type":"product","link":"https:\/\/fashionmuseum.shop\/lv\/prece\/the-bird-of-decoration\/","title":{"rendered":"The Bird of Decoration"},"content":{"rendered":"","protected":false},"excerpt":{"rendered":"<p>Divos 1914. gada decembra izdevumos Vogue redaktori pied\u0101v\u0101ja vair\u0101k nek\u0101 1100 ieteikumus, ko d\u0101vin\u0101t sv\u0113tku laik\u0101. \u0160aj\u0101 skait\u0101 nav iek\u013cauta d\u0101vana no 1. decembra v\u0101ka, kas, \u0161\u0137iet, ir iedvesmojusies no numura t\u0113mas &#8211; Ziemassv\u0113tku d\u0101vanas, k\u0101 ar\u012b no taj\u0101 ietvert\u0101 st\u0101sta par dekorat\u012bvajiem putniem. M\u0101kslinieks ir rad\u012bjis fantastisku b\u016btni, kas ir da\u013c\u0113ji sieviete, da\u013c\u0113ji p\u0101vs un da\u013c\u0113ji Ziemassv\u0113tku egl\u012bte. \u0160\u012b &#8220;putna&#8221; rok\u0101 ir p\u016bkaina b\u016btne; uz vi\u0146as k\u0101tiem, t\u0101pat k\u0101 \u017eurn\u0101la lappus\u0113s, ir &#8220;d\u0101vanu ieteikumu kr\u0101tuve&#8221;.<\/p>\n<p>Vogue v\u0101ks<br \/>\n500 gabali\u0146u puzle<br \/>\nPabeigtas puzles izm\u0113rs: 45,7&#215;61 cm \/ 18 &#8220;x24&#8221;<br \/>\nLina stila apdare, lai samazin\u0101tu atsp\u012bdumus<br \/>\nRa\u017eots ASV<br \/>\nIeteicamais vecums: 10+ gadi<\/p>\n","protected":false},"featured_media":27195,"template":"","meta":{"_coblocks_attr":"","_coblocks_dimensions":"","_coblocks_responsive_height":"","_coblocks_accordion_ie_support":"","_crdt_document":"","jetpack_post_was_ever_published":false,"jetpack_publicize_message":"","jetpack_publicize_feature_enabled":true,"jetpack_social_post_already_shared":true,"jetpack_social_options":{"image_generator_settings":{"template":"highway","default_image_id":0,"font":"","enabled":false},"version":2},"_wpas_customize_per_network":false},"product_brand":[],"product_cat":[3211],"product_tag":[3593,3594,1698],"class_list":{"0":"post-27192","1":"product","2":"type-product","3":"status-publish","4":"has-post-thumbnail","6":"product_cat-puzles","7":"product_tag-puzzle-lv","8":"product_tag-puzzles-lv","9":"product_tag-vogue-lv","11":"first","12":"outofstock","13":"shipping-taxable","14":"purchasable","15":"product-type-simple"},"yoast_head":"<!-- This site is optimized with the Yoast SEO plugin v27.3 - https:\/\/yoast.com\/product\/yoast-seo-wordpress\/ -->\n<title>The Bird of Decoration - Fashion Museum Riga Online Store<\/title>\n<meta name=\"robots\" content=\"index, follow, max-snippet:-1, max-image-preview:large, max-video-preview:-1\" \/>\n<link rel=\"canonical\" href=\"https:\/\/fashionmuseum.shop\/lv\/prece\/the-bird-of-decoration\/\" \/>\n<meta property=\"og:locale\" content=\"lv_LV\" \/>\n<meta property=\"og:type\" content=\"article\" \/>\n<meta property=\"og:title\" content=\"The Bird of Decoration - Fashion Museum Riga Online Store\" \/>\n<meta property=\"og:description\" content=\"Divos 1914. gada decembra izdevumos Vogue redaktori pied\u0101v\u0101ja vair\u0101k nek\u0101 1100 ieteikumus, ko d\u0101vin\u0101t sv\u0113tku laik\u0101. \u0160aj\u0101 skait\u0101 nav iek\u013cauta d\u0101vana no 1. decembra v\u0101ka, kas, \u0161\u0137iet, ir iedvesmojusies no numura t\u0113mas - Ziemassv\u0113tku d\u0101vanas, k\u0101 ar\u012b no taj\u0101 ietvert\u0101 st\u0101sta par dekorat\u012bvajiem putniem. M\u0101kslinieks ir rad\u012bjis fantastisku b\u016btni, kas ir da\u013c\u0113ji sieviete, da\u013c\u0113ji p\u0101vs un da\u013c\u0113ji Ziemassv\u0113tku egl\u012bte. \u0160\u012b &quot;putna&quot; rok\u0101 ir p\u016bkaina b\u016btne; uz vi\u0146as k\u0101tiem, t\u0101pat k\u0101 \u017eurn\u0101la lappus\u0113s, ir &quot;d\u0101vanu ieteikumu kr\u0101tuve&quot;.  Vogue v\u0101ks 500 gabali\u0146u puzle Pabeigtas puzles izm\u0113rs: 45,7x61 cm \/ 18 &quot;x24&quot; Lina stila apdare, lai samazin\u0101tu atsp\u012bdumus Ra\u017eots ASV Ieteicamais vecums: 10+ gadi\" \/>\n<meta property=\"og:url\" content=\"https:\/\/fashionmuseum.shop\/lv\/prece\/the-bird-of-decoration\/\" \/>\n<meta property=\"og:site_name\" content=\"Fashion Museum Riga Online Store\" \/>\n<meta property=\"article:modified_time\" content=\"2023-07-22T16:50:22+00:00\" \/>\n<meta property=\"og:image\" content=\"https:\/\/fashionmuseum.shop\/wp-content\/uploads\/2023\/07\/NPZVG2119_IMG1_L1.jpg\" \/>\n\t<meta property=\"og:image:width\" content=\"849\" \/>\n\t<meta property=\"og:image:height\" content=\"1024\" \/>\n\t<meta property=\"og:image:type\" content=\"image\/jpeg\" \/>\n<meta name=\"twitter:card\" content=\"summary_large_image\" \/>\n<script type=\"application\/ld+json\" class=\"yoast-schema-graph\">{\"@context\":\"https:\\\/\\\/schema.org\",\"@graph\":[{\"@type\":\"WebPage\",\"@id\":\"https:\\\/\\\/fashionmuseum.shop\\\/lv\\\/prece\\\/the-bird-of-decoration\\\/\",\"url\":\"https:\\\/\\\/fashionmuseum.shop\\\/lv\\\/prece\\\/the-bird-of-decoration\\\/\",\"name\":\"The Bird of Decoration - Fashion Museum Riga Online Store\",\"isPartOf\":{\"@id\":\"https:\\\/\\\/fashionmuseum.shop\\\/lv\\\/#website\"},\"primaryImageOfPage\":{\"@id\":\"https:\\\/\\\/fashionmuseum.shop\\\/lv\\\/prece\\\/the-bird-of-decoration\\\/#primaryimage\"},\"image\":{\"@id\":\"https:\\\/\\\/fashionmuseum.shop\\\/lv\\\/prece\\\/the-bird-of-decoration\\\/#primaryimage\"},\"thumbnailUrl\":\"https:\\\/\\\/i0.wp.com\\\/fashionmuseum.shop\\\/wp-content\\\/uploads\\\/2023\\\/07\\\/NPZVG2119_IMG1_L1.jpg?fit=849%2C1024&ssl=1\",\"datePublished\":\"2023-07-22T16:11:26+00:00\",\"dateModified\":\"2023-07-22T16:50:22+00:00\",\"breadcrumb\":{\"@id\":\"https:\\\/\\\/fashionmuseum.shop\\\/lv\\\/prece\\\/the-bird-of-decoration\\\/#breadcrumb\"},\"inLanguage\":\"lv-LV\",\"potentialAction\":[{\"@type\":\"ReadAction\",\"target\":[\"https:\\\/\\\/fashionmuseum.shop\\\/lv\\\/prece\\\/the-bird-of-decoration\\\/\"]}]},{\"@type\":\"ImageObject\",\"inLanguage\":\"lv-LV\",\"@id\":\"https:\\\/\\\/fashionmuseum.shop\\\/lv\\\/prece\\\/the-bird-of-decoration\\\/#primaryimage\",\"url\":\"https:\\\/\\\/i0.wp.com\\\/fashionmuseum.shop\\\/wp-content\\\/uploads\\\/2023\\\/07\\\/NPZVG2119_IMG1_L1.jpg?fit=849%2C1024&ssl=1\",\"contentUrl\":\"https:\\\/\\\/i0.wp.com\\\/fashionmuseum.shop\\\/wp-content\\\/uploads\\\/2023\\\/07\\\/NPZVG2119_IMG1_L1.jpg?fit=849%2C1024&ssl=1\",\"width\":849,\"height\":1024,\"caption\":\"THE BIRD OF DECORATION\"},{\"@type\":\"BreadcrumbList\",\"@id\":\"https:\\\/\\\/fashionmuseum.shop\\\/lv\\\/prece\\\/the-bird-of-decoration\\\/#breadcrumb\",\"itemListElement\":[{\"@type\":\"ListItem\",\"position\":1,\"name\":\"Home\",\"item\":\"https:\\\/\\\/fashionmuseum.shop\\\/lv\\\/\"},{\"@type\":\"ListItem\",\"position\":2,\"name\":\"Products\",\"item\":\"https:\\\/\\\/fashionmuseum.shop\\\/lv\\\/shop\\\/\"},{\"@type\":\"ListItem\",\"position\":3,\"name\":\"The Bird of Decoration\"}]},{\"@type\":\"WebSite\",\"@id\":\"https:\\\/\\\/fashionmuseum.shop\\\/lv\\\/#website\",\"url\":\"https:\\\/\\\/fashionmuseum.shop\\\/lv\\\/\",\"name\":\"Fashion Museum Online Store\",\"description\":\"Fashion Museum Riga Online Store provides a wide selection of books about fashion and fashion history.\",\"publisher\":{\"@id\":\"https:\\\/\\\/fashionmuseum.shop\\\/lv\\\/#organization\"},\"potentialAction\":[{\"@type\":\"SearchAction\",\"target\":{\"@type\":\"EntryPoint\",\"urlTemplate\":\"https:\\\/\\\/fashionmuseum.shop\\\/lv\\\/?s={search_term_string}\"},\"query-input\":{\"@type\":\"PropertyValueSpecification\",\"valueRequired\":true,\"valueName\":\"search_term_string\"}}],\"inLanguage\":\"lv-LV\"},{\"@type\":\"Organization\",\"@id\":\"https:\\\/\\\/fashionmuseum.shop\\\/lv\\\/#organization\",\"name\":\"Modes muzejs\",\"url\":\"https:\\\/\\\/fashionmuseum.shop\\\/lv\\\/\",\"logo\":{\"@type\":\"ImageObject\",\"inLanguage\":\"lv-LV\",\"@id\":\"https:\\\/\\\/fashionmuseum.shop\\\/lv\\\/#\\\/schema\\\/logo\\\/image\\\/\",\"url\":\"https:\\\/\\\/i1.wp.com\\\/fashionmuseum.shop\\\/wp-content\\\/uploads\\\/2020\\\/04\\\/apple-touch-icon.png?fit=180%2C180&ssl=1\",\"contentUrl\":\"https:\\\/\\\/i1.wp.com\\\/fashionmuseum.shop\\\/wp-content\\\/uploads\\\/2020\\\/04\\\/apple-touch-icon.png?fit=180%2C180&ssl=1\",\"width\":180,\"height\":180,\"caption\":\"Modes muzejs\"},\"image\":{\"@id\":\"https:\\\/\\\/fashionmuseum.shop\\\/lv\\\/#\\\/schema\\\/logo\\\/image\\\/\"}}]}<\/script>\n<!-- \/ Yoast SEO plugin. -->","yoast_head_json":{"title":"The Bird of Decoration - Fashion Museum Riga Online Store","robots":{"index":"index","follow":"follow","max-snippet":"max-snippet:-1","max-image-preview":"max-image-preview:large","max-video-preview":"max-video-preview:-1"},"canonical":"https:\/\/fashionmuseum.shop\/lv\/prece\/the-bird-of-decoration\/","og_locale":"lv_LV","og_type":"article","og_title":"The Bird of Decoration - Fashion Museum Riga Online Store","og_description":"Divos 1914. gada decembra izdevumos Vogue redaktori pied\u0101v\u0101ja vair\u0101k nek\u0101 1100 ieteikumus, ko d\u0101vin\u0101t sv\u0113tku laik\u0101. \u0160aj\u0101 skait\u0101 nav iek\u013cauta d\u0101vana no 1. decembra v\u0101ka, kas, \u0161\u0137iet, ir iedvesmojusies no numura t\u0113mas - Ziemassv\u0113tku d\u0101vanas, k\u0101 ar\u012b no taj\u0101 ietvert\u0101 st\u0101sta par dekorat\u012bvajiem putniem. M\u0101kslinieks ir rad\u012bjis fantastisku b\u016btni, kas ir da\u013c\u0113ji sieviete, da\u013c\u0113ji p\u0101vs un da\u013c\u0113ji Ziemassv\u0113tku egl\u012bte. \u0160\u012b \"putna\" rok\u0101 ir p\u016bkaina b\u016btne; uz vi\u0146as k\u0101tiem, t\u0101pat k\u0101 \u017eurn\u0101la lappus\u0113s, ir \"d\u0101vanu ieteikumu kr\u0101tuve\".  Vogue v\u0101ks 500 gabali\u0146u puzle Pabeigtas puzles izm\u0113rs: 45,7x61 cm \/ 18 \"x24\" Lina stila apdare, lai samazin\u0101tu atsp\u012bdumus Ra\u017eots ASV Ieteicamais vecums: 10+ gadi","og_url":"https:\/\/fashionmuseum.shop\/lv\/prece\/the-bird-of-decoration\/","og_site_name":"Fashion Museum Riga Online Store","article_modified_time":"2023-07-22T16:50:22+00:00","og_image":[{"width":849,"height":1024,"url":"https:\/\/fashionmuseum.shop\/wp-content\/uploads\/2023\/07\/NPZVG2119_IMG1_L1.jpg","type":"image\/jpeg"}],"twitter_card":"summary_large_image","schema":{"@context":"https:\/\/schema.org","@graph":[{"@type":"WebPage","@id":"https:\/\/fashionmuseum.shop\/lv\/prece\/the-bird-of-decoration\/","url":"https:\/\/fashionmuseum.shop\/lv\/prece\/the-bird-of-decoration\/","name":"The Bird of Decoration - Fashion Museum Riga Online Store","isPartOf":{"@id":"https:\/\/fashionmuseum.shop\/lv\/#website"},"primaryImageOfPage":{"@id":"https:\/\/fashionmuseum.shop\/lv\/prece\/the-bird-of-decoration\/#primaryimage"},"image":{"@id":"https:\/\/fashionmuseum.shop\/lv\/prece\/the-bird-of-decoration\/#primaryimage"},"thumbnailUrl":"https:\/\/i0.wp.com\/fashionmuseum.shop\/wp-content\/uploads\/2023\/07\/NPZVG2119_IMG1_L1.jpg?fit=849%2C1024&ssl=1","datePublished":"2023-07-22T16:11:26+00:00","dateModified":"2023-07-22T16:50:22+00:00","breadcrumb":{"@id":"https:\/\/fashionmuseum.shop\/lv\/prece\/the-bird-of-decoration\/#breadcrumb"},"inLanguage":"lv-LV","potentialAction":[{"@type":"ReadAction","target":["https:\/\/fashionmuseum.shop\/lv\/prece\/the-bird-of-decoration\/"]}]},{"@type":"ImageObject","inLanguage":"lv-LV","@id":"https:\/\/fashionmuseum.shop\/lv\/prece\/the-bird-of-decoration\/#primaryimage","url":"https:\/\/i0.wp.com\/fashionmuseum.shop\/wp-content\/uploads\/2023\/07\/NPZVG2119_IMG1_L1.jpg?fit=849%2C1024&ssl=1","contentUrl":"https:\/\/i0.wp.com\/fashionmuseum.shop\/wp-content\/uploads\/2023\/07\/NPZVG2119_IMG1_L1.jpg?fit=849%2C1024&ssl=1","width":849,"height":1024,"caption":"THE BIRD OF DECORATION"},{"@type":"BreadcrumbList","@id":"https:\/\/fashionmuseum.shop\/lv\/prece\/the-bird-of-decoration\/#breadcrumb","itemListElement":[{"@type":"ListItem","position":1,"name":"Home","item":"https:\/\/fashionmuseum.shop\/lv\/"},{"@type":"ListItem","position":2,"name":"Products","item":"https:\/\/fashionmuseum.shop\/lv\/shop\/"},{"@type":"ListItem","position":3,"name":"The Bird of Decoration"}]},{"@type":"WebSite","@id":"https:\/\/fashionmuseum.shop\/lv\/#website","url":"https:\/\/fashionmuseum.shop\/lv\/","name":"Fashion Museum Online Store","description":"Fashion Museum Riga Online Store provides a wide selection of books about fashion and fashion history.","publisher":{"@id":"https:\/\/fashionmuseum.shop\/lv\/#organization"},"potentialAction":[{"@type":"SearchAction","target":{"@type":"EntryPoint","urlTemplate":"https:\/\/fashionmuseum.shop\/lv\/?s={search_term_string}"},"query-input":{"@type":"PropertyValueSpecification","valueRequired":true,"valueName":"search_term_string"}}],"inLanguage":"lv-LV"},{"@type":"Organization","@id":"https:\/\/fashionmuseum.shop\/lv\/#organization","name":"Modes muzejs","url":"https:\/\/fashionmuseum.shop\/lv\/","logo":{"@type":"ImageObject","inLanguage":"lv-LV","@id":"https:\/\/fashionmuseum.shop\/lv\/#\/schema\/logo\/image\/","url":"https:\/\/i1.wp.com\/fashionmuseum.shop\/wp-content\/uploads\/2020\/04\/apple-touch-icon.png?fit=180%2C180&ssl=1","contentUrl":"https:\/\/i1.wp.com\/fashionmuseum.shop\/wp-content\/uploads\/2020\/04\/apple-touch-icon.png?fit=180%2C180&ssl=1","width":180,"height":180,"caption":"Modes muzejs"},"image":{"@id":"https:\/\/fashionmuseum.shop\/lv\/#\/schema\/logo\/image\/"}}]}},"jetpack_publicize_connections":[],"jetpack_likes_enabled":false,"jetpack_sharing_enabled":true,"amp_enabled":true,"_links":{"self":[{"href":"https:\/\/fashionmuseum.shop\/lv\/wp-json\/wp\/v2\/product\/27192","targetHints":{"allow":["GET"]}}],"collection":[{"href":"https:\/\/fashionmuseum.shop\/lv\/wp-json\/wp\/v2\/product"}],"about":[{"href":"https:\/\/fashionmuseum.shop\/lv\/wp-json\/wp\/v2\/types\/product"}],"wp:featuredmedia":[{"embeddable":true,"href":"https:\/\/fashionmuseum.shop\/lv\/wp-json\/wp\/v2\/media\/27195"}],"wp:attachment":[{"href":"https:\/\/fashionmuseum.shop\/lv\/wp-json\/wp\/v2\/media?parent=27192"}],"wp:term":[{"taxonomy":"product_brand","embeddable":true,"href":"https:\/\/fashionmuseum.shop\/lv\/wp-json\/wp\/v2\/product_brand?post=27192"},{"taxonomy":"product_cat","embeddable":true,"href":"https:\/\/fashionmuseum.shop\/lv\/wp-json\/wp\/v2\/product_cat?post=27192"},{"taxonomy":"product_tag","embeddable":true,"href":"https:\/\/fashionmuseum.shop\/lv\/wp-json\/wp\/v2\/product_tag?post=27192"}],"curies":[{"name":"wp","href":"https:\/\/api.w.org\/{rel}","templated":true}]}}