{"id":27671,"date":"2023-08-26T11:27:58","date_gmt":"2023-08-26T08:27:59","guid":{"rendered":"https:\/\/fashionmuseum.shop\/?post_type=product&#038;p=27671"},"modified":"2023-08-26T12:15:06","modified_gmt":"2023-08-26T09:15:06","slug":"leciens-nakotne-60-gadu-mode","status":"publish","type":"product","link":"https:\/\/fashionmuseum.shop\/lv\/prece\/leciens-nakotne-60-gadu-mode\/","title":{"rendered":"L\u0113ciens n\u0101kotn\u0113. 60. gadu mode"},"content":{"rendered":"<p><em><strong>Izdev\u0113ja gr\u0101matas anot\u0101cija:<\/strong><\/em><\/p>\n<p>Izst\u0101de \u201cL\u0113ciens n\u0101kotn\u0113. 60. gadu mode\u201d pied\u0101v\u0101 daudzpus\u012bgu ieskatu \u0161\u012bs desmitgades svar\u012bg\u0101kaj\u0101s modes tendenc\u0113s \u2013 no \u201ckosmosa modes\u201d l\u012bdz hipijiem, no jaunekl\u012bg\u0101m minikleit\u0101m l\u012bdz grezniem vakart\u0113rpiem. Katalog\u0101 iek\u013cauti spilgti un rakstur\u012bgi 20. gs. 60. gadu t\u0113rpi un aksesu\u0101ri, kuru autori ir ietekm\u012bgi fran\u010du, britu, sp\u0101\u0146u, it\u0101\u013cu un amerik\u0101\u0146u dizaineri \u2013 Kristobals Balensjaga, \u012avs Senlor\u0101ns, Pj\u0113rs Kard\u0113ns, M\u0113rija Kvanta, Andr\u0113 Kur\u0113\u017es, Emilio Pu\u010di, Pako Rabane. Fotogr\u0101fijas papildina inform\u0101cija par dizaineriem un vi\u0146u iedvesmas avotiem, k\u0101 ar\u012b b\u016btiskaj\u0101m p\u0101rmai\u0146\u0101m, kas \u0161ai desmitgad\u0113 notika mod\u0113 un sabiedr\u012bb\u0101. T\u0101pat katalogs \u013cauj g\u016bt priek\u0161statu par dek\u0101des rakstur\u012bg\u0101kajiem siluetiem, kr\u0101s\u0101m un apdruku rakstiem, kur attur\u012bgs minim\u0101lisms sadz\u012bvo ar ko\u0161u psihed\u0113liju un modern\u0101s m\u0101kslas ietekm\u0113m.<\/p>\n<p>This book is brought by\u00a0<a href=\"https:\/\/fashionmuseum.shop\/lv\/publisher\/rigas-modes-muzejs\/\"><b>R\u012bgas Modes Muzejs<\/b><\/a>, ISBN 9789934918704<\/p>\n","protected":false},"excerpt":{"rendered":"<p><a href=\"https:\/\/fashionmuseum.shop\/lv\/book-author\/agrita-grinvalde\/\"><strong>Agrita Gr\u012bnvalde<\/strong><\/a><\/p>\n<p><em><strong>K\u0101p\u0113c m\u0113s izv\u0113l\u0113j\u0101mies \u0161o gr\u0101matu:<\/strong><\/em><\/p>\n<p>Modes muzeja izst\u0101des \u201cL\u0113ciens n\u0101kotn\u0113. 60. gadu mode\u201d katalogs ir spilgta liec\u012bba par \u0161\u012bs daudzveid\u012bg\u0101s un p\u0101rmai\u0146u piln\u0101s desmitgades modi, kas labi zin\u0101ma k\u0101 mini un hipiju modes s\u0101kums. Augst\u0101 mode tolaik past\u0101v\u0113ja l\u012bdz\u0101s jaunie\u0161u dump\u012bgajam ap\u0123\u0113rbam, d\u0101rgs z\u012bds \u2013 l\u012bdz\u0101s d\u017einsaudumam un kosmosa izp\u0113tes iedvesmotiem sint\u0113tiskiem materi\u0101liem. Lielisks ieskats 60. gadu mod\u0113!<\/p>\n","protected":false},"featured_media":27674,"template":"","meta":{"_coblocks_attr":"","_coblocks_dimensions":"","_coblocks_responsive_height":"","_coblocks_accordion_ie_support":"","_crdt_document":"","jetpack_publicize_message":"","jetpack_publicize_feature_enabled":true,"jetpack_social_post_already_shared":true,"jetpack_social_options":{"image_generator_settings":{"template":"highway","default_image_id":0,"font":"","enabled":false},"version":2},"_wpas_customize_per_network":false},"product_brand":[],"product_cat":[1611,1612,1603,1605,2418],"product_tag":[1679,3520],"class_list":{"0":"post-27671","1":"product","2":"type-product","3":"status-publish","4":"has-post-thumbnail","6":"product_cat-gramatas-anglu-valoda","7":"product_cat-gramatas-latviesu-valoda","8":"product_cat-gramatas-par-modes-dizaineriem","9":"product_cat-gramatas-par-modes-vesturi","10":"product_cat-gramatas","11":"product_tag-20-gadsimts","12":"product_tag-fashion-lv","13":"pa_book-author-agrita-grinvalde-lv","14":"pa_book-author-natalia-muzychkina-lv","15":"pa_language-latviesu","16":"pa_publisher-rigas-modes-muzejs-lv","18":"first","19":"instock","20":"shipping-taxable","21":"purchasable","22":"product-type-simple"},"yoast_head":"<!-- This site is optimized with the Yoast SEO plugin v27.5 - https:\/\/yoast.com\/product\/yoast-seo-wordpress\/ -->\n<title>L\u0113ciens n\u0101kotn\u0113. 60. gadu mode - Fashion Museum Riga Online Store<\/title>\n<meta name=\"robots\" content=\"index, follow, max-snippet:-1, max-image-preview:large, max-video-preview:-1\" \/>\n<link rel=\"canonical\" href=\"https:\/\/fashionmuseum.shop\/lv\/prece\/leciens-nakotne-60-gadu-mode\/\" \/>\n<meta property=\"og:locale\" content=\"lv_LV\" \/>\n<meta property=\"og:type\" content=\"article\" \/>\n<meta property=\"og:title\" content=\"L\u0113ciens n\u0101kotn\u0113. 60. gadu mode - Fashion Museum Riga Online Store\" \/>\n<meta property=\"og:description\" content=\"Agrita Gr\u012bnvalde  K\u0101p\u0113c m\u0113s izv\u0113l\u0113j\u0101mies \u0161o gr\u0101matu:  Modes muzeja izst\u0101des \u201cL\u0113ciens n\u0101kotn\u0113. 60. gadu mode\u201d katalogs ir spilgta liec\u012bba par \u0161\u012bs daudzveid\u012bg\u0101s un p\u0101rmai\u0146u piln\u0101s desmitgades modi, kas labi zin\u0101ma k\u0101 mini un hipiju modes s\u0101kums. Augst\u0101 mode tolaik past\u0101v\u0113ja l\u012bdz\u0101s jaunie\u0161u dump\u012bgajam ap\u0123\u0113rbam, d\u0101rgs z\u012bds \u2013 l\u012bdz\u0101s d\u017einsaudumam un kosmosa izp\u0113tes iedvesmotiem sint\u0113tiskiem materi\u0101liem. Lielisks ieskats 60. gadu mod\u0113!\" \/>\n<meta property=\"og:url\" content=\"https:\/\/fashionmuseum.shop\/lv\/prece\/leciens-nakotne-60-gadu-mode\/\" \/>\n<meta property=\"og:site_name\" content=\"Fashion Museum Riga Online Store\" \/>\n<meta property=\"article:modified_time\" content=\"2023-08-26T09:15:06+00:00\" \/>\n<meta property=\"og:image\" content=\"https:\/\/fashionmuseum.shop\/wp-content\/uploads\/2023\/08\/latvian-catalogue-cover-2@0.5x.jpg\" \/>\n\t<meta property=\"og:image:width\" content=\"900\" \/>\n\t<meta property=\"og:image:height\" content=\"900\" \/>\n\t<meta property=\"og:image:type\" content=\"image\/jpeg\" \/>\n<meta name=\"twitter:card\" content=\"summary_large_image\" \/>\n<meta name=\"twitter:label1\" content=\"Est. reading time\" \/>\n\t<meta name=\"twitter:data1\" content=\"1 minute\" \/>\n<script type=\"application\/ld+json\" class=\"yoast-schema-graph\">{\"@context\":\"https:\\\/\\\/schema.org\",\"@graph\":[{\"@type\":\"WebPage\",\"@id\":\"https:\\\/\\\/fashionmuseum.shop\\\/lv\\\/prece\\\/leciens-nakotne-60-gadu-mode\\\/\",\"url\":\"https:\\\/\\\/fashionmuseum.shop\\\/lv\\\/prece\\\/leciens-nakotne-60-gadu-mode\\\/\",\"name\":\"L\u0113ciens n\u0101kotn\u0113. 60. gadu mode - Fashion Museum Riga Online Store\",\"isPartOf\":{\"@id\":\"https:\\\/\\\/fashionmuseum.shop\\\/lv\\\/#website\"},\"primaryImageOfPage\":{\"@id\":\"https:\\\/\\\/fashionmuseum.shop\\\/lv\\\/prece\\\/leciens-nakotne-60-gadu-mode\\\/#primaryimage\"},\"image\":{\"@id\":\"https:\\\/\\\/fashionmuseum.shop\\\/lv\\\/prece\\\/leciens-nakotne-60-gadu-mode\\\/#primaryimage\"},\"thumbnailUrl\":\"https:\\\/\\\/i0.wp.com\\\/fashionmuseum.shop\\\/wp-content\\\/uploads\\\/2023\\\/08\\\/latvian-catalogue-cover-2%400.5x.jpg?fit=900%2C900&ssl=1\",\"datePublished\":\"2023-08-26T08:27:59+00:00\",\"dateModified\":\"2023-08-26T09:15:06+00:00\",\"breadcrumb\":{\"@id\":\"https:\\\/\\\/fashionmuseum.shop\\\/lv\\\/prece\\\/leciens-nakotne-60-gadu-mode\\\/#breadcrumb\"},\"inLanguage\":\"lv-LV\",\"potentialAction\":[{\"@type\":\"ReadAction\",\"target\":[\"https:\\\/\\\/fashionmuseum.shop\\\/lv\\\/prece\\\/leciens-nakotne-60-gadu-mode\\\/\"]}]},{\"@type\":\"ImageObject\",\"inLanguage\":\"lv-LV\",\"@id\":\"https:\\\/\\\/fashionmuseum.shop\\\/lv\\\/prece\\\/leciens-nakotne-60-gadu-mode\\\/#primaryimage\",\"url\":\"https:\\\/\\\/i0.wp.com\\\/fashionmuseum.shop\\\/wp-content\\\/uploads\\\/2023\\\/08\\\/latvian-catalogue-cover-2%400.5x.jpg?fit=900%2C900&ssl=1\",\"contentUrl\":\"https:\\\/\\\/i0.wp.com\\\/fashionmuseum.shop\\\/wp-content\\\/uploads\\\/2023\\\/08\\\/latvian-catalogue-cover-2%400.5x.jpg?fit=900%2C900&ssl=1\",\"width\":900,\"height\":900},{\"@type\":\"BreadcrumbList\",\"@id\":\"https:\\\/\\\/fashionmuseum.shop\\\/lv\\\/prece\\\/leciens-nakotne-60-gadu-mode\\\/#breadcrumb\",\"itemListElement\":[{\"@type\":\"ListItem\",\"position\":1,\"name\":\"Home\",\"item\":\"https:\\\/\\\/fashionmuseum.shop\\\/lv\\\/\"},{\"@type\":\"ListItem\",\"position\":2,\"name\":\"Products\",\"item\":\"https:\\\/\\\/fashionmuseum.shop\\\/lv\\\/shop\\\/\"},{\"@type\":\"ListItem\",\"position\":3,\"name\":\"L\u0113ciens n\u0101kotn\u0113. 60. gadu mode\"}]},{\"@type\":\"WebSite\",\"@id\":\"https:\\\/\\\/fashionmuseum.shop\\\/lv\\\/#website\",\"url\":\"https:\\\/\\\/fashionmuseum.shop\\\/lv\\\/\",\"name\":\"Fashion Museum Online Store\",\"description\":\"Fashion Museum Riga Online Store provides a wide selection of books about fashion and fashion history.\",\"publisher\":{\"@id\":\"https:\\\/\\\/fashionmuseum.shop\\\/lv\\\/#organization\"},\"potentialAction\":[{\"@type\":\"SearchAction\",\"target\":{\"@type\":\"EntryPoint\",\"urlTemplate\":\"https:\\\/\\\/fashionmuseum.shop\\\/lv\\\/?s={search_term_string}\"},\"query-input\":{\"@type\":\"PropertyValueSpecification\",\"valueRequired\":true,\"valueName\":\"search_term_string\"}}],\"inLanguage\":\"lv-LV\"},{\"@type\":\"Organization\",\"@id\":\"https:\\\/\\\/fashionmuseum.shop\\\/lv\\\/#organization\",\"name\":\"Modes muzejs\",\"url\":\"https:\\\/\\\/fashionmuseum.shop\\\/lv\\\/\",\"logo\":{\"@type\":\"ImageObject\",\"inLanguage\":\"lv-LV\",\"@id\":\"https:\\\/\\\/fashionmuseum.shop\\\/lv\\\/#\\\/schema\\\/logo\\\/image\\\/\",\"url\":\"https:\\\/\\\/i1.wp.com\\\/fashionmuseum.shop\\\/wp-content\\\/uploads\\\/2020\\\/04\\\/apple-touch-icon.png?fit=180%2C180&ssl=1\",\"contentUrl\":\"https:\\\/\\\/i1.wp.com\\\/fashionmuseum.shop\\\/wp-content\\\/uploads\\\/2020\\\/04\\\/apple-touch-icon.png?fit=180%2C180&ssl=1\",\"width\":180,\"height\":180,\"caption\":\"Modes muzejs\"},\"image\":{\"@id\":\"https:\\\/\\\/fashionmuseum.shop\\\/lv\\\/#\\\/schema\\\/logo\\\/image\\\/\"}}]}<\/script>\n<!-- \/ Yoast SEO plugin. -->","yoast_head_json":{"title":"L\u0113ciens n\u0101kotn\u0113. 60. gadu mode - Fashion Museum Riga Online Store","robots":{"index":"index","follow":"follow","max-snippet":"max-snippet:-1","max-image-preview":"max-image-preview:large","max-video-preview":"max-video-preview:-1"},"canonical":"https:\/\/fashionmuseum.shop\/lv\/prece\/leciens-nakotne-60-gadu-mode\/","og_locale":"lv_LV","og_type":"article","og_title":"L\u0113ciens n\u0101kotn\u0113. 60. gadu mode - Fashion Museum Riga Online Store","og_description":"Agrita Gr\u012bnvalde  K\u0101p\u0113c m\u0113s izv\u0113l\u0113j\u0101mies \u0161o gr\u0101matu:  Modes muzeja izst\u0101des \u201cL\u0113ciens n\u0101kotn\u0113. 60. gadu mode\u201d katalogs ir spilgta liec\u012bba par \u0161\u012bs daudzveid\u012bg\u0101s un p\u0101rmai\u0146u piln\u0101s desmitgades modi, kas labi zin\u0101ma k\u0101 mini un hipiju modes s\u0101kums. Augst\u0101 mode tolaik past\u0101v\u0113ja l\u012bdz\u0101s jaunie\u0161u dump\u012bgajam ap\u0123\u0113rbam, d\u0101rgs z\u012bds \u2013 l\u012bdz\u0101s d\u017einsaudumam un kosmosa izp\u0113tes iedvesmotiem sint\u0113tiskiem materi\u0101liem. Lielisks ieskats 60. gadu mod\u0113!","og_url":"https:\/\/fashionmuseum.shop\/lv\/prece\/leciens-nakotne-60-gadu-mode\/","og_site_name":"Fashion Museum Riga Online Store","article_modified_time":"2023-08-26T09:15:06+00:00","og_image":[{"width":900,"height":900,"url":"https:\/\/fashionmuseum.shop\/wp-content\/uploads\/2023\/08\/latvian-catalogue-cover-2@0.5x.jpg","type":"image\/jpeg"}],"twitter_card":"summary_large_image","twitter_misc":{"Est. reading time":"1 minute"},"schema":{"@context":"https:\/\/schema.org","@graph":[{"@type":"WebPage","@id":"https:\/\/fashionmuseum.shop\/lv\/prece\/leciens-nakotne-60-gadu-mode\/","url":"https:\/\/fashionmuseum.shop\/lv\/prece\/leciens-nakotne-60-gadu-mode\/","name":"L\u0113ciens n\u0101kotn\u0113. 60. gadu mode - Fashion Museum Riga Online Store","isPartOf":{"@id":"https:\/\/fashionmuseum.shop\/lv\/#website"},"primaryImageOfPage":{"@id":"https:\/\/fashionmuseum.shop\/lv\/prece\/leciens-nakotne-60-gadu-mode\/#primaryimage"},"image":{"@id":"https:\/\/fashionmuseum.shop\/lv\/prece\/leciens-nakotne-60-gadu-mode\/#primaryimage"},"thumbnailUrl":"https:\/\/i0.wp.com\/fashionmuseum.shop\/wp-content\/uploads\/2023\/08\/latvian-catalogue-cover-2%400.5x.jpg?fit=900%2C900&ssl=1","datePublished":"2023-08-26T08:27:59+00:00","dateModified":"2023-08-26T09:15:06+00:00","breadcrumb":{"@id":"https:\/\/fashionmuseum.shop\/lv\/prece\/leciens-nakotne-60-gadu-mode\/#breadcrumb"},"inLanguage":"lv-LV","potentialAction":[{"@type":"ReadAction","target":["https:\/\/fashionmuseum.shop\/lv\/prece\/leciens-nakotne-60-gadu-mode\/"]}]},{"@type":"ImageObject","inLanguage":"lv-LV","@id":"https:\/\/fashionmuseum.shop\/lv\/prece\/leciens-nakotne-60-gadu-mode\/#primaryimage","url":"https:\/\/i0.wp.com\/fashionmuseum.shop\/wp-content\/uploads\/2023\/08\/latvian-catalogue-cover-2%400.5x.jpg?fit=900%2C900&ssl=1","contentUrl":"https:\/\/i0.wp.com\/fashionmuseum.shop\/wp-content\/uploads\/2023\/08\/latvian-catalogue-cover-2%400.5x.jpg?fit=900%2C900&ssl=1","width":900,"height":900},{"@type":"BreadcrumbList","@id":"https:\/\/fashionmuseum.shop\/lv\/prece\/leciens-nakotne-60-gadu-mode\/#breadcrumb","itemListElement":[{"@type":"ListItem","position":1,"name":"Home","item":"https:\/\/fashionmuseum.shop\/lv\/"},{"@type":"ListItem","position":2,"name":"Products","item":"https:\/\/fashionmuseum.shop\/lv\/shop\/"},{"@type":"ListItem","position":3,"name":"L\u0113ciens n\u0101kotn\u0113. 60. gadu mode"}]},{"@type":"WebSite","@id":"https:\/\/fashionmuseum.shop\/lv\/#website","url":"https:\/\/fashionmuseum.shop\/lv\/","name":"Fashion Museum Online Store","description":"Fashion Museum Riga Online Store provides a wide selection of books about fashion and fashion history.","publisher":{"@id":"https:\/\/fashionmuseum.shop\/lv\/#organization"},"potentialAction":[{"@type":"SearchAction","target":{"@type":"EntryPoint","urlTemplate":"https:\/\/fashionmuseum.shop\/lv\/?s={search_term_string}"},"query-input":{"@type":"PropertyValueSpecification","valueRequired":true,"valueName":"search_term_string"}}],"inLanguage":"lv-LV"},{"@type":"Organization","@id":"https:\/\/fashionmuseum.shop\/lv\/#organization","name":"Modes muzejs","url":"https:\/\/fashionmuseum.shop\/lv\/","logo":{"@type":"ImageObject","inLanguage":"lv-LV","@id":"https:\/\/fashionmuseum.shop\/lv\/#\/schema\/logo\/image\/","url":"https:\/\/i1.wp.com\/fashionmuseum.shop\/wp-content\/uploads\/2020\/04\/apple-touch-icon.png?fit=180%2C180&ssl=1","contentUrl":"https:\/\/i1.wp.com\/fashionmuseum.shop\/wp-content\/uploads\/2020\/04\/apple-touch-icon.png?fit=180%2C180&ssl=1","width":180,"height":180,"caption":"Modes muzejs"},"image":{"@id":"https:\/\/fashionmuseum.shop\/lv\/#\/schema\/logo\/image\/"}}]}},"jetpack_publicize_connections":[],"jetpack_likes_enabled":false,"jetpack_sharing_enabled":true,"amp_enabled":true,"_links":{"self":[{"href":"https:\/\/fashionmuseum.shop\/lv\/wp-json\/wp\/v2\/product\/27671","targetHints":{"allow":["GET"]}}],"collection":[{"href":"https:\/\/fashionmuseum.shop\/lv\/wp-json\/wp\/v2\/product"}],"about":[{"href":"https:\/\/fashionmuseum.shop\/lv\/wp-json\/wp\/v2\/types\/product"}],"wp:featuredmedia":[{"embeddable":true,"href":"https:\/\/fashionmuseum.shop\/lv\/wp-json\/wp\/v2\/media\/27674"}],"wp:attachment":[{"href":"https:\/\/fashionmuseum.shop\/lv\/wp-json\/wp\/v2\/media?parent=27671"}],"wp:term":[{"taxonomy":"product_brand","embeddable":true,"href":"https:\/\/fashionmuseum.shop\/lv\/wp-json\/wp\/v2\/product_brand?post=27671"},{"taxonomy":"product_cat","embeddable":true,"href":"https:\/\/fashionmuseum.shop\/lv\/wp-json\/wp\/v2\/product_cat?post=27671"},{"taxonomy":"product_tag","embeddable":true,"href":"https:\/\/fashionmuseum.shop\/lv\/wp-json\/wp\/v2\/product_tag?post=27671"}],"curies":[{"name":"wp","href":"https:\/\/api.w.org\/{rel}","templated":true}]}}