{"id":27729,"date":"2023-08-29T15:18:02","date_gmt":"2023-08-29T12:18:02","guid":{"rendered":"https:\/\/fashionmuseum.shop\/?post_type=product&#038;p=27729"},"modified":"2023-08-29T15:43:16","modified_gmt":"2023-08-29T12:43:16","slug":"little-book-of-chanel","status":"publish","type":"product","link":"https:\/\/fashionmuseum.shop\/lv\/prece\/little-book-of-chanel\/","title":{"rendered":"Little Book of Chanel"},"content":{"rendered":"<p><em><strong>Izdev\u0113ja gr\u0101matas anot\u0101cija:<\/strong><\/em><\/p>\n<p><b><i>Little Book of Chanel<\/i>\u00a0is the pocket-sized and beautifully illustrated story of the most celebrated fashion designer in history.<\/b><\/p>\n<p>Chronicling the life and legacy of Coco Chanel, one of fashion&#8217;s most influential couturiers, this gorgeous book offers a fascinating account of Chanel&#8217;s evolution and innovation. From her early days of millinery, through her revolutionary inventions in sportswear and jersey fashions for women, to the classics that made her name, such as the Chanel cardigan jacket, little black dress and exquisite perfumes.<\/p>\n<p>Detailed photographs and sketches of Chanel&#8217;s designs, along with fashion photography and catwalk shots, pay tribute to one of the world&#8217;s most highly regarded fashion houses and the woman behind it, making a striking gift for any lover of fashion.<\/p>\n<p>This book is brought by\u00a0<a href=\"https:\/\/fashionmuseum.shop\/publisher\/welbeck-publishing\/\"><strong>Welbeck Publishing<\/strong><\/a>, ISBN 9781780979021<\/p>\n","protected":false},"excerpt":{"rendered":"<p><a href=\"https:\/\/fashionmuseum.shop\/lv\/book-author\"><strong>Emma Baxter-Wright<\/strong><\/a><\/p>\n<p><em><strong>K\u0101p\u0113c m\u0113s izv\u0113l\u0113j\u0101mies \u0161o gr\u0101matu:<\/strong><\/em><\/p>\n<p>Kompakt\u0101, ta\u010du bag\u0101t\u012bgi ilustr\u0113t\u0101 gr\u0101mata ar eleganto v\u0101ku velt\u012bta vienam no slaven\u0101kajiem modes namiem pasaul\u0113. \u201cChanel\u201d st\u0101sts nesaraujami saist\u012bts ar modes nama dibin\u0101t\u0101jas Gabrielas jeb Koko \u0160aneles dz\u012bvesst\u0101stu. Tie\u0161i \u0160anele savulaik izveidoja modern\u0101s sievietes garderobi, par kuras ikonisk\u0101ko priek\u0161metu k\u013cuvusi maz\u0101, meln\u0101 kleti\u0146a. Gr\u0101mata \u013cauj g\u016bt ieskatu gan dizaineres, gan modes nama st\u0101st\u0101, nov\u0113rt\u0113jot \u201cChanel\u201d milz\u012bgo ietekmi uz modi. Ikvienam modes klasikas cien\u012bt\u0101jam!<\/p>\n","protected":false},"featured_media":27732,"template":"","meta":{"_coblocks_attr":"","_coblocks_dimensions":"","_coblocks_responsive_height":"","_coblocks_accordion_ie_support":"","_crdt_document":"","jetpack_publicize_message":"","jetpack_publicize_feature_enabled":true,"jetpack_social_post_already_shared":true,"jetpack_social_options":{"image_generator_settings":{"template":"highway","default_image_id":0,"font":"","enabled":false},"version":2},"_wpas_customize_per_network":false},"product_brand":[],"product_cat":[1611,1604,1603,1605,2418],"product_tag":[1679,3523,1682,3520,3527,3526],"class_list":{"0":"post-27729","1":"product","2":"type-product","3":"status-publish","4":"has-post-thumbnail","6":"product_cat-gramatas-anglu-valoda","7":"product_cat-gramatas-par-haute-couture","8":"product_cat-gramatas-par-modes-dizaineriem","9":"product_cat-gramatas-par-modes-vesturi","10":"product_cat-gramatas","11":"product_tag-20-gadsimts","12":"product_tag-designers-lv","13":"product_tag-dior-lv","14":"product_tag-fashion-lv","15":"product_tag-modes-dizaineri","16":"product_tag-vesture-lv","17":"pa_book-author-emma-baxter-wright-lv","18":"pa_language-anglu","19":"pa_publisher-welbeck-publishing-lv","21":"first","22":"instock","23":"shipping-taxable","24":"purchasable","25":"product-type-simple"},"yoast_head":"<!-- This site is optimized with the Yoast SEO plugin v27.4 - https:\/\/yoast.com\/product\/yoast-seo-wordpress\/ -->\n<title>Little Book of Chanel - Fashion Museum Riga Online Store<\/title>\n<meta name=\"robots\" content=\"index, follow, max-snippet:-1, max-image-preview:large, max-video-preview:-1\" \/>\n<link rel=\"canonical\" href=\"https:\/\/fashionmuseum.shop\/lv\/prece\/little-book-of-chanel\/\" \/>\n<meta property=\"og:locale\" content=\"lv_LV\" \/>\n<meta property=\"og:type\" content=\"article\" \/>\n<meta property=\"og:title\" content=\"Little Book of Chanel - Fashion Museum Riga Online Store\" \/>\n<meta property=\"og:description\" content=\"Emma Baxter-Wright  K\u0101p\u0113c m\u0113s izv\u0113l\u0113j\u0101mies \u0161o gr\u0101matu:  Kompakt\u0101, ta\u010du bag\u0101t\u012bgi ilustr\u0113t\u0101 gr\u0101mata ar eleganto v\u0101ku velt\u012bta vienam no slaven\u0101kajiem modes namiem pasaul\u0113. \u201cChanel\u201d st\u0101sts nesaraujami saist\u012bts ar modes nama dibin\u0101t\u0101jas Gabrielas jeb Koko \u0160aneles dz\u012bvesst\u0101stu. Tie\u0161i \u0160anele savulaik izveidoja modern\u0101s sievietes garderobi, par kuras ikonisk\u0101ko priek\u0161metu k\u013cuvusi maz\u0101, meln\u0101 kleti\u0146a. Gr\u0101mata \u013cauj g\u016bt ieskatu gan dizaineres, gan modes nama st\u0101st\u0101, nov\u0113rt\u0113jot \u201cChanel\u201d milz\u012bgo ietekmi uz modi. Ikvienam modes klasikas cien\u012bt\u0101jam!\" \/>\n<meta property=\"og:url\" content=\"https:\/\/fashionmuseum.shop\/lv\/prece\/little-book-of-chanel\/\" \/>\n<meta property=\"og:site_name\" content=\"Fashion Museum Riga Online Store\" \/>\n<meta property=\"article:modified_time\" content=\"2023-08-29T12:43:16+00:00\" \/>\n<meta property=\"og:image\" content=\"https:\/\/fashionmuseum.shop\/wp-content\/uploads\/2023\/08\/fwJNBLps.jpeg\" \/>\n\t<meta property=\"og:image:width\" content=\"2324\" \/>\n\t<meta property=\"og:image:height\" content=\"2905\" \/>\n\t<meta property=\"og:image:type\" content=\"image\/jpeg\" \/>\n<meta name=\"twitter:card\" content=\"summary_large_image\" \/>\n<meta name=\"twitter:label1\" content=\"Est. reading time\" \/>\n\t<meta name=\"twitter:data1\" content=\"1 minute\" \/>\n<script type=\"application\/ld+json\" class=\"yoast-schema-graph\">{\"@context\":\"https:\\\/\\\/schema.org\",\"@graph\":[{\"@type\":\"WebPage\",\"@id\":\"https:\\\/\\\/fashionmuseum.shop\\\/lv\\\/prece\\\/little-book-of-chanel\\\/\",\"url\":\"https:\\\/\\\/fashionmuseum.shop\\\/lv\\\/prece\\\/little-book-of-chanel\\\/\",\"name\":\"Little Book of Chanel - Fashion Museum Riga Online Store\",\"isPartOf\":{\"@id\":\"https:\\\/\\\/fashionmuseum.shop\\\/lv\\\/#website\"},\"primaryImageOfPage\":{\"@id\":\"https:\\\/\\\/fashionmuseum.shop\\\/lv\\\/prece\\\/little-book-of-chanel\\\/#primaryimage\"},\"image\":{\"@id\":\"https:\\\/\\\/fashionmuseum.shop\\\/lv\\\/prece\\\/little-book-of-chanel\\\/#primaryimage\"},\"thumbnailUrl\":\"https:\\\/\\\/i0.wp.com\\\/fashionmuseum.shop\\\/wp-content\\\/uploads\\\/2023\\\/08\\\/fwJNBLps.jpeg?fit=2324%2C2905&ssl=1\",\"datePublished\":\"2023-08-29T12:18:02+00:00\",\"dateModified\":\"2023-08-29T12:43:16+00:00\",\"breadcrumb\":{\"@id\":\"https:\\\/\\\/fashionmuseum.shop\\\/lv\\\/prece\\\/little-book-of-chanel\\\/#breadcrumb\"},\"inLanguage\":\"lv-LV\",\"potentialAction\":[{\"@type\":\"ReadAction\",\"target\":[\"https:\\\/\\\/fashionmuseum.shop\\\/lv\\\/prece\\\/little-book-of-chanel\\\/\"]}]},{\"@type\":\"ImageObject\",\"inLanguage\":\"lv-LV\",\"@id\":\"https:\\\/\\\/fashionmuseum.shop\\\/lv\\\/prece\\\/little-book-of-chanel\\\/#primaryimage\",\"url\":\"https:\\\/\\\/i0.wp.com\\\/fashionmuseum.shop\\\/wp-content\\\/uploads\\\/2023\\\/08\\\/fwJNBLps.jpeg?fit=2324%2C2905&ssl=1\",\"contentUrl\":\"https:\\\/\\\/i0.wp.com\\\/fashionmuseum.shop\\\/wp-content\\\/uploads\\\/2023\\\/08\\\/fwJNBLps.jpeg?fit=2324%2C2905&ssl=1\",\"width\":2324,\"height\":2905},{\"@type\":\"BreadcrumbList\",\"@id\":\"https:\\\/\\\/fashionmuseum.shop\\\/lv\\\/prece\\\/little-book-of-chanel\\\/#breadcrumb\",\"itemListElement\":[{\"@type\":\"ListItem\",\"position\":1,\"name\":\"Home\",\"item\":\"https:\\\/\\\/fashionmuseum.shop\\\/lv\\\/\"},{\"@type\":\"ListItem\",\"position\":2,\"name\":\"Products\",\"item\":\"https:\\\/\\\/fashionmuseum.shop\\\/lv\\\/shop\\\/\"},{\"@type\":\"ListItem\",\"position\":3,\"name\":\"Little Book of Chanel\"}]},{\"@type\":\"WebSite\",\"@id\":\"https:\\\/\\\/fashionmuseum.shop\\\/lv\\\/#website\",\"url\":\"https:\\\/\\\/fashionmuseum.shop\\\/lv\\\/\",\"name\":\"Fashion Museum Online Store\",\"description\":\"Fashion Museum Riga Online Store provides a wide selection of books about fashion and fashion history.\",\"publisher\":{\"@id\":\"https:\\\/\\\/fashionmuseum.shop\\\/lv\\\/#organization\"},\"potentialAction\":[{\"@type\":\"SearchAction\",\"target\":{\"@type\":\"EntryPoint\",\"urlTemplate\":\"https:\\\/\\\/fashionmuseum.shop\\\/lv\\\/?s={search_term_string}\"},\"query-input\":{\"@type\":\"PropertyValueSpecification\",\"valueRequired\":true,\"valueName\":\"search_term_string\"}}],\"inLanguage\":\"lv-LV\"},{\"@type\":\"Organization\",\"@id\":\"https:\\\/\\\/fashionmuseum.shop\\\/lv\\\/#organization\",\"name\":\"Modes muzejs\",\"url\":\"https:\\\/\\\/fashionmuseum.shop\\\/lv\\\/\",\"logo\":{\"@type\":\"ImageObject\",\"inLanguage\":\"lv-LV\",\"@id\":\"https:\\\/\\\/fashionmuseum.shop\\\/lv\\\/#\\\/schema\\\/logo\\\/image\\\/\",\"url\":\"https:\\\/\\\/i1.wp.com\\\/fashionmuseum.shop\\\/wp-content\\\/uploads\\\/2020\\\/04\\\/apple-touch-icon.png?fit=180%2C180&ssl=1\",\"contentUrl\":\"https:\\\/\\\/i1.wp.com\\\/fashionmuseum.shop\\\/wp-content\\\/uploads\\\/2020\\\/04\\\/apple-touch-icon.png?fit=180%2C180&ssl=1\",\"width\":180,\"height\":180,\"caption\":\"Modes muzejs\"},\"image\":{\"@id\":\"https:\\\/\\\/fashionmuseum.shop\\\/lv\\\/#\\\/schema\\\/logo\\\/image\\\/\"}}]}<\/script>\n<!-- \/ Yoast SEO plugin. -->","yoast_head_json":{"title":"Little Book of Chanel - Fashion Museum Riga Online Store","robots":{"index":"index","follow":"follow","max-snippet":"max-snippet:-1","max-image-preview":"max-image-preview:large","max-video-preview":"max-video-preview:-1"},"canonical":"https:\/\/fashionmuseum.shop\/lv\/prece\/little-book-of-chanel\/","og_locale":"lv_LV","og_type":"article","og_title":"Little Book of Chanel - Fashion Museum Riga Online Store","og_description":"Emma Baxter-Wright  K\u0101p\u0113c m\u0113s izv\u0113l\u0113j\u0101mies \u0161o gr\u0101matu:  Kompakt\u0101, ta\u010du bag\u0101t\u012bgi ilustr\u0113t\u0101 gr\u0101mata ar eleganto v\u0101ku velt\u012bta vienam no slaven\u0101kajiem modes namiem pasaul\u0113. \u201cChanel\u201d st\u0101sts nesaraujami saist\u012bts ar modes nama dibin\u0101t\u0101jas Gabrielas jeb Koko \u0160aneles dz\u012bvesst\u0101stu. Tie\u0161i \u0160anele savulaik izveidoja modern\u0101s sievietes garderobi, par kuras ikonisk\u0101ko priek\u0161metu k\u013cuvusi maz\u0101, meln\u0101 kleti\u0146a. Gr\u0101mata \u013cauj g\u016bt ieskatu gan dizaineres, gan modes nama st\u0101st\u0101, nov\u0113rt\u0113jot \u201cChanel\u201d milz\u012bgo ietekmi uz modi. Ikvienam modes klasikas cien\u012bt\u0101jam!","og_url":"https:\/\/fashionmuseum.shop\/lv\/prece\/little-book-of-chanel\/","og_site_name":"Fashion Museum Riga Online Store","article_modified_time":"2023-08-29T12:43:16+00:00","og_image":[{"width":2324,"height":2905,"url":"https:\/\/fashionmuseum.shop\/wp-content\/uploads\/2023\/08\/fwJNBLps.jpeg","type":"image\/jpeg"}],"twitter_card":"summary_large_image","twitter_misc":{"Est. reading time":"1 minute"},"schema":{"@context":"https:\/\/schema.org","@graph":[{"@type":"WebPage","@id":"https:\/\/fashionmuseum.shop\/lv\/prece\/little-book-of-chanel\/","url":"https:\/\/fashionmuseum.shop\/lv\/prece\/little-book-of-chanel\/","name":"Little Book of Chanel - Fashion Museum Riga Online Store","isPartOf":{"@id":"https:\/\/fashionmuseum.shop\/lv\/#website"},"primaryImageOfPage":{"@id":"https:\/\/fashionmuseum.shop\/lv\/prece\/little-book-of-chanel\/#primaryimage"},"image":{"@id":"https:\/\/fashionmuseum.shop\/lv\/prece\/little-book-of-chanel\/#primaryimage"},"thumbnailUrl":"https:\/\/i0.wp.com\/fashionmuseum.shop\/wp-content\/uploads\/2023\/08\/fwJNBLps.jpeg?fit=2324%2C2905&ssl=1","datePublished":"2023-08-29T12:18:02+00:00","dateModified":"2023-08-29T12:43:16+00:00","breadcrumb":{"@id":"https:\/\/fashionmuseum.shop\/lv\/prece\/little-book-of-chanel\/#breadcrumb"},"inLanguage":"lv-LV","potentialAction":[{"@type":"ReadAction","target":["https:\/\/fashionmuseum.shop\/lv\/prece\/little-book-of-chanel\/"]}]},{"@type":"ImageObject","inLanguage":"lv-LV","@id":"https:\/\/fashionmuseum.shop\/lv\/prece\/little-book-of-chanel\/#primaryimage","url":"https:\/\/i0.wp.com\/fashionmuseum.shop\/wp-content\/uploads\/2023\/08\/fwJNBLps.jpeg?fit=2324%2C2905&ssl=1","contentUrl":"https:\/\/i0.wp.com\/fashionmuseum.shop\/wp-content\/uploads\/2023\/08\/fwJNBLps.jpeg?fit=2324%2C2905&ssl=1","width":2324,"height":2905},{"@type":"BreadcrumbList","@id":"https:\/\/fashionmuseum.shop\/lv\/prece\/little-book-of-chanel\/#breadcrumb","itemListElement":[{"@type":"ListItem","position":1,"name":"Home","item":"https:\/\/fashionmuseum.shop\/lv\/"},{"@type":"ListItem","position":2,"name":"Products","item":"https:\/\/fashionmuseum.shop\/lv\/shop\/"},{"@type":"ListItem","position":3,"name":"Little Book of Chanel"}]},{"@type":"WebSite","@id":"https:\/\/fashionmuseum.shop\/lv\/#website","url":"https:\/\/fashionmuseum.shop\/lv\/","name":"Fashion Museum Online Store","description":"Fashion Museum Riga Online Store provides a wide selection of books about fashion and fashion history.","publisher":{"@id":"https:\/\/fashionmuseum.shop\/lv\/#organization"},"potentialAction":[{"@type":"SearchAction","target":{"@type":"EntryPoint","urlTemplate":"https:\/\/fashionmuseum.shop\/lv\/?s={search_term_string}"},"query-input":{"@type":"PropertyValueSpecification","valueRequired":true,"valueName":"search_term_string"}}],"inLanguage":"lv-LV"},{"@type":"Organization","@id":"https:\/\/fashionmuseum.shop\/lv\/#organization","name":"Modes muzejs","url":"https:\/\/fashionmuseum.shop\/lv\/","logo":{"@type":"ImageObject","inLanguage":"lv-LV","@id":"https:\/\/fashionmuseum.shop\/lv\/#\/schema\/logo\/image\/","url":"https:\/\/i1.wp.com\/fashionmuseum.shop\/wp-content\/uploads\/2020\/04\/apple-touch-icon.png?fit=180%2C180&ssl=1","contentUrl":"https:\/\/i1.wp.com\/fashionmuseum.shop\/wp-content\/uploads\/2020\/04\/apple-touch-icon.png?fit=180%2C180&ssl=1","width":180,"height":180,"caption":"Modes muzejs"},"image":{"@id":"https:\/\/fashionmuseum.shop\/lv\/#\/schema\/logo\/image\/"}}]}},"jetpack_publicize_connections":[],"jetpack_likes_enabled":false,"jetpack_sharing_enabled":true,"amp_enabled":true,"_links":{"self":[{"href":"https:\/\/fashionmuseum.shop\/lv\/wp-json\/wp\/v2\/product\/27729","targetHints":{"allow":["GET"]}}],"collection":[{"href":"https:\/\/fashionmuseum.shop\/lv\/wp-json\/wp\/v2\/product"}],"about":[{"href":"https:\/\/fashionmuseum.shop\/lv\/wp-json\/wp\/v2\/types\/product"}],"wp:featuredmedia":[{"embeddable":true,"href":"https:\/\/fashionmuseum.shop\/lv\/wp-json\/wp\/v2\/media\/27732"}],"wp:attachment":[{"href":"https:\/\/fashionmuseum.shop\/lv\/wp-json\/wp\/v2\/media?parent=27729"}],"wp:term":[{"taxonomy":"product_brand","embeddable":true,"href":"https:\/\/fashionmuseum.shop\/lv\/wp-json\/wp\/v2\/product_brand?post=27729"},{"taxonomy":"product_cat","embeddable":true,"href":"https:\/\/fashionmuseum.shop\/lv\/wp-json\/wp\/v2\/product_cat?post=27729"},{"taxonomy":"product_tag","embeddable":true,"href":"https:\/\/fashionmuseum.shop\/lv\/wp-json\/wp\/v2\/product_tag?post=27729"}],"curies":[{"name":"wp","href":"https:\/\/api.w.org\/{rel}","templated":true}]}}