{"id":27762,"date":"2023-08-29T17:22:55","date_gmt":"2023-08-29T14:22:55","guid":{"rendered":"https:\/\/fashionmuseum.shop\/?post_type=product&#038;p=27762"},"modified":"2023-08-29T17:34:58","modified_gmt":"2023-08-29T14:34:58","slug":"little-book-of-prada","status":"publish","type":"product","link":"https:\/\/fashionmuseum.shop\/lv\/prece\/little-book-of-prada\/","title":{"rendered":"Little Book of Prada"},"content":{"rendered":"<p><em><strong>Izdev\u0113ja gr\u0101matas anot\u0101cija:<\/strong><\/em><\/p>\n<p><b><i>Little Book of Prada<\/i>\u00a0is the pocket-sized and beautifully illustrated story of the legendary fashion house.<\/b><\/p>\n<p>Understated elegance and luxury, technologically advanced fabrics and sublime originality of design are all hallmarks of the House of Prada. In this miniature monograph, Laia Farran Graves documents the history and heritage of the brand, from the company&#8217;s origins as a leather-goods manufacturer to the global fashion empire created by Miuccia Prada.<\/p>\n<p><i>Little Book of Prada<\/i>\u00a0explores the evolutions and innovations of the brand, as well as a design ethos informed by an interest in minimalism and contemporary art. Images of individual garments, catwalk shots and fashion photography pay tribute to one of the world&#8217;s most influential fashion houses and the woman behind it, in a perfectly designed and stylish format that makes a perfect gift for any lover of fashion.<\/p>\n<p><a href=\"https:\/\/fashionmuseum.shop\/lv\/publisher\/welbeck-publishing\/\"><strong>Welbeck Publishing<\/strong><\/a>, 9781787394599<\/p>\n","protected":false},"excerpt":{"rendered":"<p><a href=\"https:\/\/fashionmuseum.shop\/lv\/book-author\"><strong>Laia Farran Graves<\/strong><\/a><\/p>\n<p><em><strong>K\u0101p\u0113c m\u0113s izv\u0113l\u0113j\u0101mies \u0161o gr\u0101matu:<\/strong><\/em><\/p>\n<p>Neliel\u0101, ta\u010du bag\u0101t\u012bgi ilustr\u0113t\u0101 gr\u0101mata ar eleganto v\u0101ku velt\u012bta vienam no sen\u0101kajiem It\u0101lijas modes namiem, kura atpaz\u012bstamais trijst\u016brveida logo k\u013cuvis par It\u0101lijas modes izcil\u012bbas z\u012bmi. Izdevums \u013caus g\u016bt ieskatu \u201cPrada\u201d bag\u0101t\u012bgaj\u0101 mantojum\u0101, k\u0101 ar\u012b milz\u012bgaj\u0101s transform\u0101cij\u0101s, kas \u0161im modes namam \u013c\u0101vu\u0161as k\u013c\u016bt par vienu no ietekm\u012bg\u0101kajiem pasaul\u0113. Lieliska gr\u0101mata it\u0101\u013cu modes cien\u012bt\u0101jiem!<\/p>\n","protected":false},"featured_media":27766,"template":"","meta":{"_coblocks_attr":"","_coblocks_dimensions":"","_coblocks_responsive_height":"","_coblocks_accordion_ie_support":"","_crdt_document":"","jetpack_publicize_message":"","jetpack_publicize_feature_enabled":true,"jetpack_social_post_already_shared":true,"jetpack_social_options":{"image_generator_settings":{"template":"highway","default_image_id":0,"font":"","enabled":false},"version":2},"_wpas_customize_per_network":false},"product_brand":[],"product_cat":[1611,1604,1603,1605,2418],"product_tag":[1679,3523,1682,3520,3527,3526],"class_list":{"0":"post-27762","1":"product","2":"type-product","3":"status-publish","4":"has-post-thumbnail","6":"product_cat-gramatas-anglu-valoda","7":"product_cat-gramatas-par-haute-couture","8":"product_cat-gramatas-par-modes-dizaineriem","9":"product_cat-gramatas-par-modes-vesturi","10":"product_cat-gramatas","11":"product_tag-20-gadsimts","12":"product_tag-designers-lv","13":"product_tag-dior-lv","14":"product_tag-fashion-lv","15":"product_tag-modes-dizaineri","16":"product_tag-vesture-lv","17":"pa_book-author-laia-farran-graves-lv","18":"pa_language-anglu","19":"pa_publisher-welbeck-publishing-lv","21":"first","22":"instock","23":"shipping-taxable","24":"purchasable","25":"product-type-simple"},"yoast_head":"<!-- This site is optimized with the Yoast SEO plugin v27.4 - https:\/\/yoast.com\/product\/yoast-seo-wordpress\/ -->\n<title>Little Book of Prada - Fashion Museum Riga Online Store<\/title>\n<meta name=\"robots\" content=\"index, follow, max-snippet:-1, max-image-preview:large, max-video-preview:-1\" \/>\n<link rel=\"canonical\" href=\"https:\/\/fashionmuseum.shop\/lv\/prece\/little-book-of-prada\/\" \/>\n<meta property=\"og:locale\" content=\"lv_LV\" \/>\n<meta property=\"og:type\" content=\"article\" \/>\n<meta property=\"og:title\" content=\"Little Book of Prada - Fashion Museum Riga Online Store\" \/>\n<meta property=\"og:description\" content=\"Laia Farran Graves  K\u0101p\u0113c m\u0113s izv\u0113l\u0113j\u0101mies \u0161o gr\u0101matu:  Neliel\u0101, ta\u010du bag\u0101t\u012bgi ilustr\u0113t\u0101 gr\u0101mata ar eleganto v\u0101ku velt\u012bta vienam no sen\u0101kajiem It\u0101lijas modes namiem, kura atpaz\u012bstamais trijst\u016brveida logo k\u013cuvis par It\u0101lijas modes izcil\u012bbas z\u012bmi. Izdevums \u013caus g\u016bt ieskatu \u201cPrada\u201d bag\u0101t\u012bgaj\u0101 mantojum\u0101, k\u0101 ar\u012b milz\u012bgaj\u0101s transform\u0101cij\u0101s, kas \u0161im modes namam \u013c\u0101vu\u0161as k\u013c\u016bt par vienu no ietekm\u012bg\u0101kajiem pasaul\u0113. Lieliska gr\u0101mata it\u0101\u013cu modes cien\u012bt\u0101jiem!\" \/>\n<meta property=\"og:url\" content=\"https:\/\/fashionmuseum.shop\/lv\/prece\/little-book-of-prada\/\" \/>\n<meta property=\"og:site_name\" content=\"Fashion Museum Riga Online Store\" \/>\n<meta property=\"article:modified_time\" content=\"2023-08-29T14:34:58+00:00\" \/>\n<meta property=\"og:image\" content=\"https:\/\/fashionmuseum.shop\/wp-content\/uploads\/2023\/08\/2tlxBx6A.jpeg\" \/>\n\t<meta property=\"og:image:width\" content=\"2365\" \/>\n\t<meta property=\"og:image:height\" content=\"2956\" \/>\n\t<meta property=\"og:image:type\" content=\"image\/jpeg\" \/>\n<meta name=\"twitter:card\" content=\"summary_large_image\" \/>\n<meta name=\"twitter:label1\" content=\"Est. reading time\" \/>\n\t<meta name=\"twitter:data1\" content=\"1 minute\" \/>\n<script type=\"application\/ld+json\" class=\"yoast-schema-graph\">{\"@context\":\"https:\\\/\\\/schema.org\",\"@graph\":[{\"@type\":\"WebPage\",\"@id\":\"https:\\\/\\\/fashionmuseum.shop\\\/lv\\\/prece\\\/little-book-of-prada\\\/\",\"url\":\"https:\\\/\\\/fashionmuseum.shop\\\/lv\\\/prece\\\/little-book-of-prada\\\/\",\"name\":\"Little Book of Prada - Fashion Museum Riga Online Store\",\"isPartOf\":{\"@id\":\"https:\\\/\\\/fashionmuseum.shop\\\/lv\\\/#website\"},\"primaryImageOfPage\":{\"@id\":\"https:\\\/\\\/fashionmuseum.shop\\\/lv\\\/prece\\\/little-book-of-prada\\\/#primaryimage\"},\"image\":{\"@id\":\"https:\\\/\\\/fashionmuseum.shop\\\/lv\\\/prece\\\/little-book-of-prada\\\/#primaryimage\"},\"thumbnailUrl\":\"https:\\\/\\\/i0.wp.com\\\/fashionmuseum.shop\\\/wp-content\\\/uploads\\\/2023\\\/08\\\/2tlxBx6A.jpeg?fit=2365%2C2956&ssl=1\",\"datePublished\":\"2023-08-29T14:22:55+00:00\",\"dateModified\":\"2023-08-29T14:34:58+00:00\",\"breadcrumb\":{\"@id\":\"https:\\\/\\\/fashionmuseum.shop\\\/lv\\\/prece\\\/little-book-of-prada\\\/#breadcrumb\"},\"inLanguage\":\"lv-LV\",\"potentialAction\":[{\"@type\":\"ReadAction\",\"target\":[\"https:\\\/\\\/fashionmuseum.shop\\\/lv\\\/prece\\\/little-book-of-prada\\\/\"]}]},{\"@type\":\"ImageObject\",\"inLanguage\":\"lv-LV\",\"@id\":\"https:\\\/\\\/fashionmuseum.shop\\\/lv\\\/prece\\\/little-book-of-prada\\\/#primaryimage\",\"url\":\"https:\\\/\\\/i0.wp.com\\\/fashionmuseum.shop\\\/wp-content\\\/uploads\\\/2023\\\/08\\\/2tlxBx6A.jpeg?fit=2365%2C2956&ssl=1\",\"contentUrl\":\"https:\\\/\\\/i0.wp.com\\\/fashionmuseum.shop\\\/wp-content\\\/uploads\\\/2023\\\/08\\\/2tlxBx6A.jpeg?fit=2365%2C2956&ssl=1\",\"width\":2365,\"height\":2956},{\"@type\":\"BreadcrumbList\",\"@id\":\"https:\\\/\\\/fashionmuseum.shop\\\/lv\\\/prece\\\/little-book-of-prada\\\/#breadcrumb\",\"itemListElement\":[{\"@type\":\"ListItem\",\"position\":1,\"name\":\"Home\",\"item\":\"https:\\\/\\\/fashionmuseum.shop\\\/lv\\\/\"},{\"@type\":\"ListItem\",\"position\":2,\"name\":\"Products\",\"item\":\"https:\\\/\\\/fashionmuseum.shop\\\/lv\\\/shop\\\/\"},{\"@type\":\"ListItem\",\"position\":3,\"name\":\"Little Book of Prada\"}]},{\"@type\":\"WebSite\",\"@id\":\"https:\\\/\\\/fashionmuseum.shop\\\/lv\\\/#website\",\"url\":\"https:\\\/\\\/fashionmuseum.shop\\\/lv\\\/\",\"name\":\"Fashion Museum Online Store\",\"description\":\"Fashion Museum Riga Online Store provides a wide selection of books about fashion and fashion history.\",\"publisher\":{\"@id\":\"https:\\\/\\\/fashionmuseum.shop\\\/lv\\\/#organization\"},\"potentialAction\":[{\"@type\":\"SearchAction\",\"target\":{\"@type\":\"EntryPoint\",\"urlTemplate\":\"https:\\\/\\\/fashionmuseum.shop\\\/lv\\\/?s={search_term_string}\"},\"query-input\":{\"@type\":\"PropertyValueSpecification\",\"valueRequired\":true,\"valueName\":\"search_term_string\"}}],\"inLanguage\":\"lv-LV\"},{\"@type\":\"Organization\",\"@id\":\"https:\\\/\\\/fashionmuseum.shop\\\/lv\\\/#organization\",\"name\":\"Modes muzejs\",\"url\":\"https:\\\/\\\/fashionmuseum.shop\\\/lv\\\/\",\"logo\":{\"@type\":\"ImageObject\",\"inLanguage\":\"lv-LV\",\"@id\":\"https:\\\/\\\/fashionmuseum.shop\\\/lv\\\/#\\\/schema\\\/logo\\\/image\\\/\",\"url\":\"https:\\\/\\\/i1.wp.com\\\/fashionmuseum.shop\\\/wp-content\\\/uploads\\\/2020\\\/04\\\/apple-touch-icon.png?fit=180%2C180&ssl=1\",\"contentUrl\":\"https:\\\/\\\/i1.wp.com\\\/fashionmuseum.shop\\\/wp-content\\\/uploads\\\/2020\\\/04\\\/apple-touch-icon.png?fit=180%2C180&ssl=1\",\"width\":180,\"height\":180,\"caption\":\"Modes muzejs\"},\"image\":{\"@id\":\"https:\\\/\\\/fashionmuseum.shop\\\/lv\\\/#\\\/schema\\\/logo\\\/image\\\/\"}}]}<\/script>\n<!-- \/ Yoast SEO plugin. -->","yoast_head_json":{"title":"Little Book of Prada - Fashion Museum Riga Online Store","robots":{"index":"index","follow":"follow","max-snippet":"max-snippet:-1","max-image-preview":"max-image-preview:large","max-video-preview":"max-video-preview:-1"},"canonical":"https:\/\/fashionmuseum.shop\/lv\/prece\/little-book-of-prada\/","og_locale":"lv_LV","og_type":"article","og_title":"Little Book of Prada - Fashion Museum Riga Online Store","og_description":"Laia Farran Graves  K\u0101p\u0113c m\u0113s izv\u0113l\u0113j\u0101mies \u0161o gr\u0101matu:  Neliel\u0101, ta\u010du bag\u0101t\u012bgi ilustr\u0113t\u0101 gr\u0101mata ar eleganto v\u0101ku velt\u012bta vienam no sen\u0101kajiem It\u0101lijas modes namiem, kura atpaz\u012bstamais trijst\u016brveida logo k\u013cuvis par It\u0101lijas modes izcil\u012bbas z\u012bmi. Izdevums \u013caus g\u016bt ieskatu \u201cPrada\u201d bag\u0101t\u012bgaj\u0101 mantojum\u0101, k\u0101 ar\u012b milz\u012bgaj\u0101s transform\u0101cij\u0101s, kas \u0161im modes namam \u013c\u0101vu\u0161as k\u013c\u016bt par vienu no ietekm\u012bg\u0101kajiem pasaul\u0113. Lieliska gr\u0101mata it\u0101\u013cu modes cien\u012bt\u0101jiem!","og_url":"https:\/\/fashionmuseum.shop\/lv\/prece\/little-book-of-prada\/","og_site_name":"Fashion Museum Riga Online Store","article_modified_time":"2023-08-29T14:34:58+00:00","og_image":[{"width":2365,"height":2956,"url":"https:\/\/fashionmuseum.shop\/wp-content\/uploads\/2023\/08\/2tlxBx6A.jpeg","type":"image\/jpeg"}],"twitter_card":"summary_large_image","twitter_misc":{"Est. reading time":"1 minute"},"schema":{"@context":"https:\/\/schema.org","@graph":[{"@type":"WebPage","@id":"https:\/\/fashionmuseum.shop\/lv\/prece\/little-book-of-prada\/","url":"https:\/\/fashionmuseum.shop\/lv\/prece\/little-book-of-prada\/","name":"Little Book of Prada - Fashion Museum Riga Online Store","isPartOf":{"@id":"https:\/\/fashionmuseum.shop\/lv\/#website"},"primaryImageOfPage":{"@id":"https:\/\/fashionmuseum.shop\/lv\/prece\/little-book-of-prada\/#primaryimage"},"image":{"@id":"https:\/\/fashionmuseum.shop\/lv\/prece\/little-book-of-prada\/#primaryimage"},"thumbnailUrl":"https:\/\/i0.wp.com\/fashionmuseum.shop\/wp-content\/uploads\/2023\/08\/2tlxBx6A.jpeg?fit=2365%2C2956&ssl=1","datePublished":"2023-08-29T14:22:55+00:00","dateModified":"2023-08-29T14:34:58+00:00","breadcrumb":{"@id":"https:\/\/fashionmuseum.shop\/lv\/prece\/little-book-of-prada\/#breadcrumb"},"inLanguage":"lv-LV","potentialAction":[{"@type":"ReadAction","target":["https:\/\/fashionmuseum.shop\/lv\/prece\/little-book-of-prada\/"]}]},{"@type":"ImageObject","inLanguage":"lv-LV","@id":"https:\/\/fashionmuseum.shop\/lv\/prece\/little-book-of-prada\/#primaryimage","url":"https:\/\/i0.wp.com\/fashionmuseum.shop\/wp-content\/uploads\/2023\/08\/2tlxBx6A.jpeg?fit=2365%2C2956&ssl=1","contentUrl":"https:\/\/i0.wp.com\/fashionmuseum.shop\/wp-content\/uploads\/2023\/08\/2tlxBx6A.jpeg?fit=2365%2C2956&ssl=1","width":2365,"height":2956},{"@type":"BreadcrumbList","@id":"https:\/\/fashionmuseum.shop\/lv\/prece\/little-book-of-prada\/#breadcrumb","itemListElement":[{"@type":"ListItem","position":1,"name":"Home","item":"https:\/\/fashionmuseum.shop\/lv\/"},{"@type":"ListItem","position":2,"name":"Products","item":"https:\/\/fashionmuseum.shop\/lv\/shop\/"},{"@type":"ListItem","position":3,"name":"Little Book of Prada"}]},{"@type":"WebSite","@id":"https:\/\/fashionmuseum.shop\/lv\/#website","url":"https:\/\/fashionmuseum.shop\/lv\/","name":"Fashion Museum Online Store","description":"Fashion Museum Riga Online Store provides a wide selection of books about fashion and fashion history.","publisher":{"@id":"https:\/\/fashionmuseum.shop\/lv\/#organization"},"potentialAction":[{"@type":"SearchAction","target":{"@type":"EntryPoint","urlTemplate":"https:\/\/fashionmuseum.shop\/lv\/?s={search_term_string}"},"query-input":{"@type":"PropertyValueSpecification","valueRequired":true,"valueName":"search_term_string"}}],"inLanguage":"lv-LV"},{"@type":"Organization","@id":"https:\/\/fashionmuseum.shop\/lv\/#organization","name":"Modes muzejs","url":"https:\/\/fashionmuseum.shop\/lv\/","logo":{"@type":"ImageObject","inLanguage":"lv-LV","@id":"https:\/\/fashionmuseum.shop\/lv\/#\/schema\/logo\/image\/","url":"https:\/\/i1.wp.com\/fashionmuseum.shop\/wp-content\/uploads\/2020\/04\/apple-touch-icon.png?fit=180%2C180&ssl=1","contentUrl":"https:\/\/i1.wp.com\/fashionmuseum.shop\/wp-content\/uploads\/2020\/04\/apple-touch-icon.png?fit=180%2C180&ssl=1","width":180,"height":180,"caption":"Modes muzejs"},"image":{"@id":"https:\/\/fashionmuseum.shop\/lv\/#\/schema\/logo\/image\/"}}]}},"jetpack_publicize_connections":[],"jetpack_likes_enabled":false,"jetpack_sharing_enabled":true,"amp_enabled":true,"_links":{"self":[{"href":"https:\/\/fashionmuseum.shop\/lv\/wp-json\/wp\/v2\/product\/27762","targetHints":{"allow":["GET"]}}],"collection":[{"href":"https:\/\/fashionmuseum.shop\/lv\/wp-json\/wp\/v2\/product"}],"about":[{"href":"https:\/\/fashionmuseum.shop\/lv\/wp-json\/wp\/v2\/types\/product"}],"wp:featuredmedia":[{"embeddable":true,"href":"https:\/\/fashionmuseum.shop\/lv\/wp-json\/wp\/v2\/media\/27766"}],"wp:attachment":[{"href":"https:\/\/fashionmuseum.shop\/lv\/wp-json\/wp\/v2\/media?parent=27762"}],"wp:term":[{"taxonomy":"product_brand","embeddable":true,"href":"https:\/\/fashionmuseum.shop\/lv\/wp-json\/wp\/v2\/product_brand?post=27762"},{"taxonomy":"product_cat","embeddable":true,"href":"https:\/\/fashionmuseum.shop\/lv\/wp-json\/wp\/v2\/product_cat?post=27762"},{"taxonomy":"product_tag","embeddable":true,"href":"https:\/\/fashionmuseum.shop\/lv\/wp-json\/wp\/v2\/product_tag?post=27762"}],"curies":[{"name":"wp","href":"https:\/\/api.w.org\/{rel}","templated":true}]}}