{"id":27984,"date":"2023-11-23T12:48:06","date_gmt":"2023-11-23T10:48:06","guid":{"rendered":"https:\/\/fashionmuseum.shop\/?post_type=product&#038;p=27984"},"modified":"2026-03-02T06:49:48","modified_gmt":"2026-03-02T04:49:48","slug":"soma-kirsten-nangala-egan-water-dreaming-blue","status":"publish","type":"product","link":"https:\/\/fashionmuseum.shop\/lv\/prece\/soma-kirsten-nangala-egan-water-dreaming-blue\/","title":{"rendered":"Soma KIRSTEN NANGALA EGAN Water Dreaming Blue"},"content":{"rendered":"","protected":false},"excerpt":{"rendered":"<p>LOQI daudzreiz lietojam\u0101 iepirkumu soma<br \/>\nSvars 56 g<br \/>\nIztur\u0113s svaru l\u012bdz pat 20 kg<br \/>\nIzm\u0113rs 50\u00d742 cm<br \/>\nKabata ar r\u0101v\u0113jsl\u0113dz\u0113ju 11\u00d711,5 cm<br \/>\nRokturis 27 cm<br \/>\n\u016adensiztur\u012bga<br \/>\n100% p\u0101rstr\u0101d\u0101ta tafta ar GREEN CIRCLE\u00ae sertifik\u0101tu.<br \/>\nSertific\u0113ta saska\u0146\u0101 ar OEKO-TEX\u00ae STANDARD 100<\/p>\n","protected":false},"featured_media":27987,"template":"","meta":{"_coblocks_attr":"","_coblocks_dimensions":"","_coblocks_responsive_height":"","_coblocks_accordion_ie_support":"","_crdt_document":"","jetpack_publicize_message":"","jetpack_publicize_feature_enabled":true,"jetpack_social_post_already_shared":true,"jetpack_social_options":{"image_generator_settings":{"template":"highway","default_image_id":0,"font":"","enabled":false},"version":2},"_wpas_customize_per_network":false},"product_brand":[],"product_cat":[2514,3327],"product_tag":[3679,3678,3677,2863,3235,1818],"class_list":{"0":"post-27984","1":"product","2":"type-product","3":"status-publish","4":"has-post-thumbnail","6":"product_cat-loqi-somas-un-maskas","7":"product_cat-somas","8":"product_tag-aboriginal-lv","9":"product_tag-australian-art-lv","10":"product_tag-kirsten-nangala-egan-lv","11":"product_tag-maksla","12":"product_tag-soma","13":"product_tag-somas","15":"first","16":"instock","17":"shipping-taxable","18":"purchasable","19":"product-type-simple"},"yoast_head":"<!-- This site is optimized with the Yoast SEO plugin v27.5 - https:\/\/yoast.com\/product\/yoast-seo-wordpress\/ -->\n<title>Soma KIRSTEN NANGALA EGAN Water Dreaming Blue - Fashion Museum Riga Online Store<\/title>\n<meta name=\"robots\" content=\"index, follow, max-snippet:-1, max-image-preview:large, max-video-preview:-1\" \/>\n<link rel=\"canonical\" href=\"https:\/\/fashionmuseum.shop\/lv\/prece\/soma-kirsten-nangala-egan-water-dreaming-blue\/\" \/>\n<meta property=\"og:locale\" content=\"lv_LV\" \/>\n<meta property=\"og:type\" content=\"article\" \/>\n<meta property=\"og:title\" content=\"Soma KIRSTEN NANGALA EGAN Water Dreaming Blue - Fashion Museum Riga Online Store\" \/>\n<meta property=\"og:description\" content=\"LOQI daudzreiz lietojam\u0101 iepirkumu soma Svars 56 g Iztur\u0113s svaru l\u012bdz pat 20 kg Izm\u0113rs 50\u00d742 cm Kabata ar r\u0101v\u0113jsl\u0113dz\u0113ju 11\u00d711,5 cm Rokturis 27 cm \u016adensiztur\u012bga 100% p\u0101rstr\u0101d\u0101ta tafta ar GREEN CIRCLE\u00ae sertifik\u0101tu. Sertific\u0113ta saska\u0146\u0101 ar OEKO-TEX\u00ae STANDARD 100\" \/>\n<meta property=\"og:url\" content=\"https:\/\/fashionmuseum.shop\/lv\/prece\/soma-kirsten-nangala-egan-water-dreaming-blue\/\" \/>\n<meta property=\"og:site_name\" content=\"Fashion Museum Riga Online Store\" \/>\n<meta property=\"article:modified_time\" content=\"2026-03-02T04:49:48+00:00\" \/>\n<meta property=\"og:image\" content=\"https:\/\/fashionmuseum.shop\/wp-content\/uploads\/2023\/11\/KE.WD-LOQI-kristen-nagala-egan-water-dreaming-bag-RGB_2048x.webp\" \/>\n\t<meta property=\"og:image:width\" content=\"2000\" \/>\n\t<meta property=\"og:image:height\" content=\"2000\" \/>\n\t<meta property=\"og:image:type\" content=\"image\/webp\" \/>\n<meta name=\"twitter:card\" content=\"summary_large_image\" \/>\n<script type=\"application\/ld+json\" class=\"yoast-schema-graph\">{\"@context\":\"https:\\\/\\\/schema.org\",\"@graph\":[{\"@type\":\"WebPage\",\"@id\":\"https:\\\/\\\/fashionmuseum.shop\\\/lv\\\/prece\\\/soma-kirsten-nangala-egan-water-dreaming-blue\\\/\",\"url\":\"https:\\\/\\\/fashionmuseum.shop\\\/lv\\\/prece\\\/soma-kirsten-nangala-egan-water-dreaming-blue\\\/\",\"name\":\"Soma KIRSTEN NANGALA EGAN Water Dreaming Blue - Fashion Museum Riga Online Store\",\"isPartOf\":{\"@id\":\"https:\\\/\\\/fashionmuseum.shop\\\/lv\\\/#website\"},\"primaryImageOfPage\":{\"@id\":\"https:\\\/\\\/fashionmuseum.shop\\\/lv\\\/prece\\\/soma-kirsten-nangala-egan-water-dreaming-blue\\\/#primaryimage\"},\"image\":{\"@id\":\"https:\\\/\\\/fashionmuseum.shop\\\/lv\\\/prece\\\/soma-kirsten-nangala-egan-water-dreaming-blue\\\/#primaryimage\"},\"thumbnailUrl\":\"https:\\\/\\\/i0.wp.com\\\/fashionmuseum.shop\\\/wp-content\\\/uploads\\\/2023\\\/11\\\/KE.WD-LOQI-kristen-nagala-egan-water-dreaming-bag-RGB_2048x.webp?fit=2000%2C2000&ssl=1\",\"datePublished\":\"2023-11-23T10:48:06+00:00\",\"dateModified\":\"2026-03-02T04:49:48+00:00\",\"breadcrumb\":{\"@id\":\"https:\\\/\\\/fashionmuseum.shop\\\/lv\\\/prece\\\/soma-kirsten-nangala-egan-water-dreaming-blue\\\/#breadcrumb\"},\"inLanguage\":\"lv-LV\",\"potentialAction\":[{\"@type\":\"ReadAction\",\"target\":[\"https:\\\/\\\/fashionmuseum.shop\\\/lv\\\/prece\\\/soma-kirsten-nangala-egan-water-dreaming-blue\\\/\"]}]},{\"@type\":\"ImageObject\",\"inLanguage\":\"lv-LV\",\"@id\":\"https:\\\/\\\/fashionmuseum.shop\\\/lv\\\/prece\\\/soma-kirsten-nangala-egan-water-dreaming-blue\\\/#primaryimage\",\"url\":\"https:\\\/\\\/i0.wp.com\\\/fashionmuseum.shop\\\/wp-content\\\/uploads\\\/2023\\\/11\\\/KE.WD-LOQI-kristen-nagala-egan-water-dreaming-bag-RGB_2048x.webp?fit=2000%2C2000&ssl=1\",\"contentUrl\":\"https:\\\/\\\/i0.wp.com\\\/fashionmuseum.shop\\\/wp-content\\\/uploads\\\/2023\\\/11\\\/KE.WD-LOQI-kristen-nagala-egan-water-dreaming-bag-RGB_2048x.webp?fit=2000%2C2000&ssl=1\",\"width\":2000,\"height\":2000},{\"@type\":\"BreadcrumbList\",\"@id\":\"https:\\\/\\\/fashionmuseum.shop\\\/lv\\\/prece\\\/soma-kirsten-nangala-egan-water-dreaming-blue\\\/#breadcrumb\",\"itemListElement\":[{\"@type\":\"ListItem\",\"position\":1,\"name\":\"Home\",\"item\":\"https:\\\/\\\/fashionmuseum.shop\\\/lv\\\/\"},{\"@type\":\"ListItem\",\"position\":2,\"name\":\"Products\",\"item\":\"https:\\\/\\\/fashionmuseum.shop\\\/lv\\\/shop\\\/\"},{\"@type\":\"ListItem\",\"position\":3,\"name\":\"Soma KIRSTEN NANGALA EGAN Water Dreaming Blue\"}]},{\"@type\":\"WebSite\",\"@id\":\"https:\\\/\\\/fashionmuseum.shop\\\/lv\\\/#website\",\"url\":\"https:\\\/\\\/fashionmuseum.shop\\\/lv\\\/\",\"name\":\"Fashion Museum Online Store\",\"description\":\"Fashion Museum Riga Online Store provides a wide selection of books about fashion and fashion history.\",\"publisher\":{\"@id\":\"https:\\\/\\\/fashionmuseum.shop\\\/lv\\\/#organization\"},\"potentialAction\":[{\"@type\":\"SearchAction\",\"target\":{\"@type\":\"EntryPoint\",\"urlTemplate\":\"https:\\\/\\\/fashionmuseum.shop\\\/lv\\\/?s={search_term_string}\"},\"query-input\":{\"@type\":\"PropertyValueSpecification\",\"valueRequired\":true,\"valueName\":\"search_term_string\"}}],\"inLanguage\":\"lv-LV\"},{\"@type\":\"Organization\",\"@id\":\"https:\\\/\\\/fashionmuseum.shop\\\/lv\\\/#organization\",\"name\":\"Modes muzejs\",\"url\":\"https:\\\/\\\/fashionmuseum.shop\\\/lv\\\/\",\"logo\":{\"@type\":\"ImageObject\",\"inLanguage\":\"lv-LV\",\"@id\":\"https:\\\/\\\/fashionmuseum.shop\\\/lv\\\/#\\\/schema\\\/logo\\\/image\\\/\",\"url\":\"https:\\\/\\\/i1.wp.com\\\/fashionmuseum.shop\\\/wp-content\\\/uploads\\\/2020\\\/04\\\/apple-touch-icon.png?fit=180%2C180&ssl=1\",\"contentUrl\":\"https:\\\/\\\/i1.wp.com\\\/fashionmuseum.shop\\\/wp-content\\\/uploads\\\/2020\\\/04\\\/apple-touch-icon.png?fit=180%2C180&ssl=1\",\"width\":180,\"height\":180,\"caption\":\"Modes muzejs\"},\"image\":{\"@id\":\"https:\\\/\\\/fashionmuseum.shop\\\/lv\\\/#\\\/schema\\\/logo\\\/image\\\/\"}}]}<\/script>\n<!-- \/ Yoast SEO plugin. -->","yoast_head_json":{"title":"Soma KIRSTEN NANGALA EGAN Water Dreaming Blue - Fashion Museum Riga Online Store","robots":{"index":"index","follow":"follow","max-snippet":"max-snippet:-1","max-image-preview":"max-image-preview:large","max-video-preview":"max-video-preview:-1"},"canonical":"https:\/\/fashionmuseum.shop\/lv\/prece\/soma-kirsten-nangala-egan-water-dreaming-blue\/","og_locale":"lv_LV","og_type":"article","og_title":"Soma KIRSTEN NANGALA EGAN Water Dreaming Blue - Fashion Museum Riga Online Store","og_description":"LOQI daudzreiz lietojam\u0101 iepirkumu soma Svars 56 g Iztur\u0113s svaru l\u012bdz pat 20 kg Izm\u0113rs 50\u00d742 cm Kabata ar r\u0101v\u0113jsl\u0113dz\u0113ju 11\u00d711,5 cm Rokturis 27 cm \u016adensiztur\u012bga 100% p\u0101rstr\u0101d\u0101ta tafta ar GREEN CIRCLE\u00ae sertifik\u0101tu. Sertific\u0113ta saska\u0146\u0101 ar OEKO-TEX\u00ae STANDARD 100","og_url":"https:\/\/fashionmuseum.shop\/lv\/prece\/soma-kirsten-nangala-egan-water-dreaming-blue\/","og_site_name":"Fashion Museum Riga Online Store","article_modified_time":"2026-03-02T04:49:48+00:00","og_image":[{"width":2000,"height":2000,"url":"https:\/\/fashionmuseum.shop\/wp-content\/uploads\/2023\/11\/KE.WD-LOQI-kristen-nagala-egan-water-dreaming-bag-RGB_2048x.webp","type":"image\/webp"}],"twitter_card":"summary_large_image","schema":{"@context":"https:\/\/schema.org","@graph":[{"@type":"WebPage","@id":"https:\/\/fashionmuseum.shop\/lv\/prece\/soma-kirsten-nangala-egan-water-dreaming-blue\/","url":"https:\/\/fashionmuseum.shop\/lv\/prece\/soma-kirsten-nangala-egan-water-dreaming-blue\/","name":"Soma KIRSTEN NANGALA EGAN Water Dreaming Blue - Fashion Museum Riga Online Store","isPartOf":{"@id":"https:\/\/fashionmuseum.shop\/lv\/#website"},"primaryImageOfPage":{"@id":"https:\/\/fashionmuseum.shop\/lv\/prece\/soma-kirsten-nangala-egan-water-dreaming-blue\/#primaryimage"},"image":{"@id":"https:\/\/fashionmuseum.shop\/lv\/prece\/soma-kirsten-nangala-egan-water-dreaming-blue\/#primaryimage"},"thumbnailUrl":"https:\/\/i0.wp.com\/fashionmuseum.shop\/wp-content\/uploads\/2023\/11\/KE.WD-LOQI-kristen-nagala-egan-water-dreaming-bag-RGB_2048x.webp?fit=2000%2C2000&ssl=1","datePublished":"2023-11-23T10:48:06+00:00","dateModified":"2026-03-02T04:49:48+00:00","breadcrumb":{"@id":"https:\/\/fashionmuseum.shop\/lv\/prece\/soma-kirsten-nangala-egan-water-dreaming-blue\/#breadcrumb"},"inLanguage":"lv-LV","potentialAction":[{"@type":"ReadAction","target":["https:\/\/fashionmuseum.shop\/lv\/prece\/soma-kirsten-nangala-egan-water-dreaming-blue\/"]}]},{"@type":"ImageObject","inLanguage":"lv-LV","@id":"https:\/\/fashionmuseum.shop\/lv\/prece\/soma-kirsten-nangala-egan-water-dreaming-blue\/#primaryimage","url":"https:\/\/i0.wp.com\/fashionmuseum.shop\/wp-content\/uploads\/2023\/11\/KE.WD-LOQI-kristen-nagala-egan-water-dreaming-bag-RGB_2048x.webp?fit=2000%2C2000&ssl=1","contentUrl":"https:\/\/i0.wp.com\/fashionmuseum.shop\/wp-content\/uploads\/2023\/11\/KE.WD-LOQI-kristen-nagala-egan-water-dreaming-bag-RGB_2048x.webp?fit=2000%2C2000&ssl=1","width":2000,"height":2000},{"@type":"BreadcrumbList","@id":"https:\/\/fashionmuseum.shop\/lv\/prece\/soma-kirsten-nangala-egan-water-dreaming-blue\/#breadcrumb","itemListElement":[{"@type":"ListItem","position":1,"name":"Home","item":"https:\/\/fashionmuseum.shop\/lv\/"},{"@type":"ListItem","position":2,"name":"Products","item":"https:\/\/fashionmuseum.shop\/lv\/shop\/"},{"@type":"ListItem","position":3,"name":"Soma KIRSTEN NANGALA EGAN Water Dreaming Blue"}]},{"@type":"WebSite","@id":"https:\/\/fashionmuseum.shop\/lv\/#website","url":"https:\/\/fashionmuseum.shop\/lv\/","name":"Fashion Museum Online Store","description":"Fashion Museum Riga Online Store provides a wide selection of books about fashion and fashion history.","publisher":{"@id":"https:\/\/fashionmuseum.shop\/lv\/#organization"},"potentialAction":[{"@type":"SearchAction","target":{"@type":"EntryPoint","urlTemplate":"https:\/\/fashionmuseum.shop\/lv\/?s={search_term_string}"},"query-input":{"@type":"PropertyValueSpecification","valueRequired":true,"valueName":"search_term_string"}}],"inLanguage":"lv-LV"},{"@type":"Organization","@id":"https:\/\/fashionmuseum.shop\/lv\/#organization","name":"Modes muzejs","url":"https:\/\/fashionmuseum.shop\/lv\/","logo":{"@type":"ImageObject","inLanguage":"lv-LV","@id":"https:\/\/fashionmuseum.shop\/lv\/#\/schema\/logo\/image\/","url":"https:\/\/i1.wp.com\/fashionmuseum.shop\/wp-content\/uploads\/2020\/04\/apple-touch-icon.png?fit=180%2C180&ssl=1","contentUrl":"https:\/\/i1.wp.com\/fashionmuseum.shop\/wp-content\/uploads\/2020\/04\/apple-touch-icon.png?fit=180%2C180&ssl=1","width":180,"height":180,"caption":"Modes muzejs"},"image":{"@id":"https:\/\/fashionmuseum.shop\/lv\/#\/schema\/logo\/image\/"}}]}},"jetpack_publicize_connections":[],"jetpack_likes_enabled":false,"jetpack_sharing_enabled":true,"amp_enabled":true,"_links":{"self":[{"href":"https:\/\/fashionmuseum.shop\/lv\/wp-json\/wp\/v2\/product\/27984","targetHints":{"allow":["GET"]}}],"collection":[{"href":"https:\/\/fashionmuseum.shop\/lv\/wp-json\/wp\/v2\/product"}],"about":[{"href":"https:\/\/fashionmuseum.shop\/lv\/wp-json\/wp\/v2\/types\/product"}],"wp:featuredmedia":[{"embeddable":true,"href":"https:\/\/fashionmuseum.shop\/lv\/wp-json\/wp\/v2\/media\/27987"}],"wp:attachment":[{"href":"https:\/\/fashionmuseum.shop\/lv\/wp-json\/wp\/v2\/media?parent=27984"}],"wp:term":[{"taxonomy":"product_brand","embeddable":true,"href":"https:\/\/fashionmuseum.shop\/lv\/wp-json\/wp\/v2\/product_brand?post=27984"},{"taxonomy":"product_cat","embeddable":true,"href":"https:\/\/fashionmuseum.shop\/lv\/wp-json\/wp\/v2\/product_cat?post=27984"},{"taxonomy":"product_tag","embeddable":true,"href":"https:\/\/fashionmuseum.shop\/lv\/wp-json\/wp\/v2\/product_tag?post=27984"}],"curies":[{"name":"wp","href":"https:\/\/api.w.org\/{rel}","templated":true}]}}