{"id":28237,"date":"2023-11-24T14:16:21","date_gmt":"2023-11-24T12:16:21","guid":{"rendered":"https:\/\/fashionmuseum.shop\/?post_type=product&#038;p=28237"},"modified":"2023-11-26T17:48:44","modified_gmt":"2023-11-26T15:48:44","slug":"futurliberty-copy-copy-2","status":"publish","type":"product","link":"https:\/\/fashionmuseum.shop\/lv\/prece\/futurliberty-copy-copy-2\/","title":{"rendered":"Voysey&#8217;s Birds and Animals"},"content":{"rendered":"<p><em><strong>Izdev\u0113ja gr\u0101matas anot\u0101cija:<\/strong><\/em><\/p>\n<p>Charles Francis Annesley (better known by his initials C. F. A.) Voysey (1857\u20131941) is, with William Morris, one of the best-known and most enduringly popular designers of the Arts &amp; Crafts Movement. A practising architect, Voysey also designed a broad range of applied arts objects, from furniture, ceramics and metalwork to wallpaper, carpets, tiles and fabrics. His two-dimensional designs, created from the 1880s to the early 1930s, are among his best-known works today. His wallpaper and textile designs in particular are characterized by simple, stylized, rhythmic repeat patterns that rely for their motifs on forms found in the natural world. Plants abound, but so too do animals and birds, represented as silhouettes or in soft, pastel shades.<\/p>\n<div data-role=\"bva-reveal\">\n<p>This beautifully designed, accessibly priced gift book offers a wealth of designs by Voysey in which animals and birds are the principal motifs. With a text by Karen Livingstone, a published expert on Voysey and the Arts &amp; Crafts Movement, and around 110 colour illustrations from the extensive collections of the Victoria and Albert Museum, this book brings together not only completed patterns but also working drawings in pencil and watercolour.<\/p>\n<\/div>\n<p>\u0160\u012bs gr\u0101matas izdev\u0113js ir <span style=\"text-decoration: underline\"><strong><a href=\"https:\/\/fashionmuseum.shop\/lv\/publisher\/thames-and-hudson\/\">Thames and Hudson\u00a0<\/a><\/strong><\/span>, ISBN 9780500026717<\/p>\n","protected":false},"excerpt":{"rendered":"<p><strong> by <a href=\"https:\/\/fashionmuseum.shop\/lv\/book-author\/karen-livingstone\/\">Karen Livingstone<\/a><\/strong><\/p>\n<p><em><strong>K\u0101p\u0113c m\u0113s\u00a0izv\u0113l\u0113j\u0101mies\u00a0\u0161o gr\u0101matu:<\/strong><\/em><\/p>\n<p>\u010c\u0101rlzs Fr\u0101nsiss Enslijs Voisijs l\u012bdz\u0101s Viljamam Morisam bija viens no ietekm\u012bg\u0101kajiem ang\u013cu \u201cArts and Crafts\u201d kust\u012bbas dizaineriem. Iedvesmodamies no dabas, Voisijs rad\u012bja kr\u0101sainus, mazliet vienk\u0101r\u0161otus rakstus audumiem, tapet\u0113m un citiem priek\u0161metiem. \u0160is bag\u0101t\u012bgi ilustr\u0113tais izdevums iedvesmos un \u013caus nov\u0113rt\u0113t dizaina klasiku, kas aktu\u0101la v\u0113l aizvien.<\/p>\n","protected":false},"featured_media":28242,"template":"","meta":{"_coblocks_attr":"","_coblocks_dimensions":"","_coblocks_responsive_height":"","_coblocks_accordion_ie_support":"","_crdt_document":"","jetpack_publicize_message":"","jetpack_publicize_feature_enabled":true,"jetpack_social_post_already_shared":true,"jetpack_social_options":{"image_generator_settings":{"template":"highway","default_image_id":0,"font":"","enabled":false},"version":2},"_wpas_customize_per_network":false},"product_brand":[],"product_cat":[1611,1603,1605,2418],"product_tag":[3735,2865,3521,3288,1678,2863,3736,2864],"class_list":{"0":"post-28237","1":"product","2":"type-product","3":"status-publish","4":"has-post-thumbnail","6":"product_cat-gramatas-anglu-valoda","7":"product_cat-gramatas-par-modes-dizaineriem","8":"product_cat-gramatas-par-modes-vesturi","9":"product_cat-gramatas","10":"product_tag-decorative-arts-lv","11":"product_tag-dzivnieki","12":"product_tag-fashion-history-lv","13":"product_tag-gramatas","14":"product_tag-modes-vesture","15":"product_tag-maksla","16":"product_tag-nature-in-art-lv","17":"product_tag-putni","18":"pa_language-anglu","19":"pa_publisher-thames-and-hudson","21":"first","22":"instock","23":"featured","24":"shipping-taxable","25":"purchasable","26":"product-type-simple"},"yoast_head":"<!-- This site is optimized with the Yoast SEO plugin v27.5 - https:\/\/yoast.com\/product\/yoast-seo-wordpress\/ -->\n<title>Voysey&#039;s Birds and Animals - Fashion Museum Riga Online Store<\/title>\n<meta name=\"robots\" content=\"index, follow, max-snippet:-1, max-image-preview:large, max-video-preview:-1\" \/>\n<link rel=\"canonical\" href=\"https:\/\/fashionmuseum.shop\/lv\/prece\/futurliberty-copy-copy-2\/\" \/>\n<meta property=\"og:locale\" content=\"lv_LV\" \/>\n<meta property=\"og:type\" content=\"article\" \/>\n<meta property=\"og:title\" content=\"Voysey&#039;s Birds and Animals - Fashion Museum Riga Online Store\" \/>\n<meta property=\"og:description\" content=\"by Karen Livingstone  K\u0101p\u0113c m\u0113s\u00a0izv\u0113l\u0113j\u0101mies\u00a0\u0161o gr\u0101matu:  \u010c\u0101rlzs Fr\u0101nsiss Enslijs Voisijs l\u012bdz\u0101s Viljamam Morisam bija viens no ietekm\u012bg\u0101kajiem ang\u013cu \u201cArts and Crafts\u201d kust\u012bbas dizaineriem. Iedvesmodamies no dabas, Voisijs rad\u012bja kr\u0101sainus, mazliet vienk\u0101r\u0161otus rakstus audumiem, tapet\u0113m un citiem priek\u0161metiem. \u0160is bag\u0101t\u012bgi ilustr\u0113tais izdevums iedvesmos un \u013caus nov\u0113rt\u0113t dizaina klasiku, kas aktu\u0101la v\u0113l aizvien.\" \/>\n<meta property=\"og:url\" content=\"https:\/\/fashionmuseum.shop\/lv\/prece\/futurliberty-copy-copy-2\/\" \/>\n<meta property=\"og:site_name\" content=\"Fashion Museum Riga Online Store\" \/>\n<meta property=\"article:modified_time\" content=\"2023-11-26T15:48:44+00:00\" \/>\n<meta property=\"og:image\" content=\"https:\/\/fashionmuseum.shop\/wp-content\/uploads\/2023\/11\/9780500480601_voyseys-birds-and-animals.webp\" \/>\n\t<meta property=\"og:image:width\" content=\"720\" \/>\n\t<meta property=\"og:image:height\" content=\"720\" \/>\n\t<meta property=\"og:image:type\" content=\"image\/webp\" \/>\n<meta name=\"twitter:card\" content=\"summary_large_image\" \/>\n<meta name=\"twitter:label1\" content=\"Est. reading time\" \/>\n\t<meta name=\"twitter:data1\" content=\"1 minute\" \/>\n<script type=\"application\/ld+json\" class=\"yoast-schema-graph\">{\"@context\":\"https:\\\/\\\/schema.org\",\"@graph\":[{\"@type\":\"WebPage\",\"@id\":\"https:\\\/\\\/fashionmuseum.shop\\\/lv\\\/prece\\\/futurliberty-copy-copy-2\\\/\",\"url\":\"https:\\\/\\\/fashionmuseum.shop\\\/lv\\\/prece\\\/futurliberty-copy-copy-2\\\/\",\"name\":\"Voysey's Birds and Animals - Fashion Museum Riga Online Store\",\"isPartOf\":{\"@id\":\"https:\\\/\\\/fashionmuseum.shop\\\/lv\\\/#website\"},\"primaryImageOfPage\":{\"@id\":\"https:\\\/\\\/fashionmuseum.shop\\\/lv\\\/prece\\\/futurliberty-copy-copy-2\\\/#primaryimage\"},\"image\":{\"@id\":\"https:\\\/\\\/fashionmuseum.shop\\\/lv\\\/prece\\\/futurliberty-copy-copy-2\\\/#primaryimage\"},\"thumbnailUrl\":\"https:\\\/\\\/i0.wp.com\\\/fashionmuseum.shop\\\/wp-content\\\/uploads\\\/2023\\\/11\\\/9780500480601_voyseys-birds-and-animals.webp?fit=720%2C720&ssl=1\",\"datePublished\":\"2023-11-24T12:16:21+00:00\",\"dateModified\":\"2023-11-26T15:48:44+00:00\",\"breadcrumb\":{\"@id\":\"https:\\\/\\\/fashionmuseum.shop\\\/lv\\\/prece\\\/futurliberty-copy-copy-2\\\/#breadcrumb\"},\"inLanguage\":\"lv-LV\",\"potentialAction\":[{\"@type\":\"ReadAction\",\"target\":[\"https:\\\/\\\/fashionmuseum.shop\\\/lv\\\/prece\\\/futurliberty-copy-copy-2\\\/\"]}]},{\"@type\":\"ImageObject\",\"inLanguage\":\"lv-LV\",\"@id\":\"https:\\\/\\\/fashionmuseum.shop\\\/lv\\\/prece\\\/futurliberty-copy-copy-2\\\/#primaryimage\",\"url\":\"https:\\\/\\\/i0.wp.com\\\/fashionmuseum.shop\\\/wp-content\\\/uploads\\\/2023\\\/11\\\/9780500480601_voyseys-birds-and-animals.webp?fit=720%2C720&ssl=1\",\"contentUrl\":\"https:\\\/\\\/i0.wp.com\\\/fashionmuseum.shop\\\/wp-content\\\/uploads\\\/2023\\\/11\\\/9780500480601_voyseys-birds-and-animals.webp?fit=720%2C720&ssl=1\",\"width\":720,\"height\":720},{\"@type\":\"BreadcrumbList\",\"@id\":\"https:\\\/\\\/fashionmuseum.shop\\\/lv\\\/prece\\\/futurliberty-copy-copy-2\\\/#breadcrumb\",\"itemListElement\":[{\"@type\":\"ListItem\",\"position\":1,\"name\":\"Home\",\"item\":\"https:\\\/\\\/fashionmuseum.shop\\\/lv\\\/\"},{\"@type\":\"ListItem\",\"position\":2,\"name\":\"Products\",\"item\":\"https:\\\/\\\/fashionmuseum.shop\\\/lv\\\/shop\\\/\"},{\"@type\":\"ListItem\",\"position\":3,\"name\":\"Voysey&#8217;s Birds and Animals\"}]},{\"@type\":\"WebSite\",\"@id\":\"https:\\\/\\\/fashionmuseum.shop\\\/lv\\\/#website\",\"url\":\"https:\\\/\\\/fashionmuseum.shop\\\/lv\\\/\",\"name\":\"Fashion Museum Online Store\",\"description\":\"Fashion Museum Riga Online Store provides a wide selection of books about fashion and fashion history.\",\"publisher\":{\"@id\":\"https:\\\/\\\/fashionmuseum.shop\\\/lv\\\/#organization\"},\"potentialAction\":[{\"@type\":\"SearchAction\",\"target\":{\"@type\":\"EntryPoint\",\"urlTemplate\":\"https:\\\/\\\/fashionmuseum.shop\\\/lv\\\/?s={search_term_string}\"},\"query-input\":{\"@type\":\"PropertyValueSpecification\",\"valueRequired\":true,\"valueName\":\"search_term_string\"}}],\"inLanguage\":\"lv-LV\"},{\"@type\":\"Organization\",\"@id\":\"https:\\\/\\\/fashionmuseum.shop\\\/lv\\\/#organization\",\"name\":\"Modes muzejs\",\"url\":\"https:\\\/\\\/fashionmuseum.shop\\\/lv\\\/\",\"logo\":{\"@type\":\"ImageObject\",\"inLanguage\":\"lv-LV\",\"@id\":\"https:\\\/\\\/fashionmuseum.shop\\\/lv\\\/#\\\/schema\\\/logo\\\/image\\\/\",\"url\":\"https:\\\/\\\/i1.wp.com\\\/fashionmuseum.shop\\\/wp-content\\\/uploads\\\/2020\\\/04\\\/apple-touch-icon.png?fit=180%2C180&ssl=1\",\"contentUrl\":\"https:\\\/\\\/i1.wp.com\\\/fashionmuseum.shop\\\/wp-content\\\/uploads\\\/2020\\\/04\\\/apple-touch-icon.png?fit=180%2C180&ssl=1\",\"width\":180,\"height\":180,\"caption\":\"Modes muzejs\"},\"image\":{\"@id\":\"https:\\\/\\\/fashionmuseum.shop\\\/lv\\\/#\\\/schema\\\/logo\\\/image\\\/\"}}]}<\/script>\n<!-- \/ Yoast SEO plugin. -->","yoast_head_json":{"title":"Voysey's Birds and Animals - Fashion Museum Riga Online Store","robots":{"index":"index","follow":"follow","max-snippet":"max-snippet:-1","max-image-preview":"max-image-preview:large","max-video-preview":"max-video-preview:-1"},"canonical":"https:\/\/fashionmuseum.shop\/lv\/prece\/futurliberty-copy-copy-2\/","og_locale":"lv_LV","og_type":"article","og_title":"Voysey's Birds and Animals - Fashion Museum Riga Online Store","og_description":"by Karen Livingstone  K\u0101p\u0113c m\u0113s\u00a0izv\u0113l\u0113j\u0101mies\u00a0\u0161o gr\u0101matu:  \u010c\u0101rlzs Fr\u0101nsiss Enslijs Voisijs l\u012bdz\u0101s Viljamam Morisam bija viens no ietekm\u012bg\u0101kajiem ang\u013cu \u201cArts and Crafts\u201d kust\u012bbas dizaineriem. Iedvesmodamies no dabas, Voisijs rad\u012bja kr\u0101sainus, mazliet vienk\u0101r\u0161otus rakstus audumiem, tapet\u0113m un citiem priek\u0161metiem. \u0160is bag\u0101t\u012bgi ilustr\u0113tais izdevums iedvesmos un \u013caus nov\u0113rt\u0113t dizaina klasiku, kas aktu\u0101la v\u0113l aizvien.","og_url":"https:\/\/fashionmuseum.shop\/lv\/prece\/futurliberty-copy-copy-2\/","og_site_name":"Fashion Museum Riga Online Store","article_modified_time":"2023-11-26T15:48:44+00:00","og_image":[{"width":720,"height":720,"url":"https:\/\/fashionmuseum.shop\/wp-content\/uploads\/2023\/11\/9780500480601_voyseys-birds-and-animals.webp","type":"image\/webp"}],"twitter_card":"summary_large_image","twitter_misc":{"Est. reading time":"1 minute"},"schema":{"@context":"https:\/\/schema.org","@graph":[{"@type":"WebPage","@id":"https:\/\/fashionmuseum.shop\/lv\/prece\/futurliberty-copy-copy-2\/","url":"https:\/\/fashionmuseum.shop\/lv\/prece\/futurliberty-copy-copy-2\/","name":"Voysey's Birds and Animals - Fashion Museum Riga Online Store","isPartOf":{"@id":"https:\/\/fashionmuseum.shop\/lv\/#website"},"primaryImageOfPage":{"@id":"https:\/\/fashionmuseum.shop\/lv\/prece\/futurliberty-copy-copy-2\/#primaryimage"},"image":{"@id":"https:\/\/fashionmuseum.shop\/lv\/prece\/futurliberty-copy-copy-2\/#primaryimage"},"thumbnailUrl":"https:\/\/i0.wp.com\/fashionmuseum.shop\/wp-content\/uploads\/2023\/11\/9780500480601_voyseys-birds-and-animals.webp?fit=720%2C720&ssl=1","datePublished":"2023-11-24T12:16:21+00:00","dateModified":"2023-11-26T15:48:44+00:00","breadcrumb":{"@id":"https:\/\/fashionmuseum.shop\/lv\/prece\/futurliberty-copy-copy-2\/#breadcrumb"},"inLanguage":"lv-LV","potentialAction":[{"@type":"ReadAction","target":["https:\/\/fashionmuseum.shop\/lv\/prece\/futurliberty-copy-copy-2\/"]}]},{"@type":"ImageObject","inLanguage":"lv-LV","@id":"https:\/\/fashionmuseum.shop\/lv\/prece\/futurliberty-copy-copy-2\/#primaryimage","url":"https:\/\/i0.wp.com\/fashionmuseum.shop\/wp-content\/uploads\/2023\/11\/9780500480601_voyseys-birds-and-animals.webp?fit=720%2C720&ssl=1","contentUrl":"https:\/\/i0.wp.com\/fashionmuseum.shop\/wp-content\/uploads\/2023\/11\/9780500480601_voyseys-birds-and-animals.webp?fit=720%2C720&ssl=1","width":720,"height":720},{"@type":"BreadcrumbList","@id":"https:\/\/fashionmuseum.shop\/lv\/prece\/futurliberty-copy-copy-2\/#breadcrumb","itemListElement":[{"@type":"ListItem","position":1,"name":"Home","item":"https:\/\/fashionmuseum.shop\/lv\/"},{"@type":"ListItem","position":2,"name":"Products","item":"https:\/\/fashionmuseum.shop\/lv\/shop\/"},{"@type":"ListItem","position":3,"name":"Voysey&#8217;s Birds and Animals"}]},{"@type":"WebSite","@id":"https:\/\/fashionmuseum.shop\/lv\/#website","url":"https:\/\/fashionmuseum.shop\/lv\/","name":"Fashion Museum Online Store","description":"Fashion Museum Riga Online Store provides a wide selection of books about fashion and fashion history.","publisher":{"@id":"https:\/\/fashionmuseum.shop\/lv\/#organization"},"potentialAction":[{"@type":"SearchAction","target":{"@type":"EntryPoint","urlTemplate":"https:\/\/fashionmuseum.shop\/lv\/?s={search_term_string}"},"query-input":{"@type":"PropertyValueSpecification","valueRequired":true,"valueName":"search_term_string"}}],"inLanguage":"lv-LV"},{"@type":"Organization","@id":"https:\/\/fashionmuseum.shop\/lv\/#organization","name":"Modes muzejs","url":"https:\/\/fashionmuseum.shop\/lv\/","logo":{"@type":"ImageObject","inLanguage":"lv-LV","@id":"https:\/\/fashionmuseum.shop\/lv\/#\/schema\/logo\/image\/","url":"https:\/\/i1.wp.com\/fashionmuseum.shop\/wp-content\/uploads\/2020\/04\/apple-touch-icon.png?fit=180%2C180&ssl=1","contentUrl":"https:\/\/i1.wp.com\/fashionmuseum.shop\/wp-content\/uploads\/2020\/04\/apple-touch-icon.png?fit=180%2C180&ssl=1","width":180,"height":180,"caption":"Modes muzejs"},"image":{"@id":"https:\/\/fashionmuseum.shop\/lv\/#\/schema\/logo\/image\/"}}]}},"jetpack_publicize_connections":[],"jetpack_likes_enabled":false,"jetpack_sharing_enabled":true,"amp_enabled":true,"_links":{"self":[{"href":"https:\/\/fashionmuseum.shop\/lv\/wp-json\/wp\/v2\/product\/28237","targetHints":{"allow":["GET"]}}],"collection":[{"href":"https:\/\/fashionmuseum.shop\/lv\/wp-json\/wp\/v2\/product"}],"about":[{"href":"https:\/\/fashionmuseum.shop\/lv\/wp-json\/wp\/v2\/types\/product"}],"wp:featuredmedia":[{"embeddable":true,"href":"https:\/\/fashionmuseum.shop\/lv\/wp-json\/wp\/v2\/media\/28242"}],"wp:attachment":[{"href":"https:\/\/fashionmuseum.shop\/lv\/wp-json\/wp\/v2\/media?parent=28237"}],"wp:term":[{"taxonomy":"product_brand","embeddable":true,"href":"https:\/\/fashionmuseum.shop\/lv\/wp-json\/wp\/v2\/product_brand?post=28237"},{"taxonomy":"product_cat","embeddable":true,"href":"https:\/\/fashionmuseum.shop\/lv\/wp-json\/wp\/v2\/product_cat?post=28237"},{"taxonomy":"product_tag","embeddable":true,"href":"https:\/\/fashionmuseum.shop\/lv\/wp-json\/wp\/v2\/product_tag?post=28237"}],"curies":[{"name":"wp","href":"https:\/\/api.w.org\/{rel}","templated":true}]}}