{"id":28263,"date":"2023-11-24T14:42:39","date_gmt":"2023-11-24T12:42:40","guid":{"rendered":"https:\/\/fashionmuseum.shop\/?post_type=product&#038;p=28263"},"modified":"2024-05-07T23:22:50","modified_gmt":"2024-05-07T20:22:50","slug":"futurliberty-copy-copy-copy-2","status":"publish","type":"product","link":"https:\/\/fashionmuseum.shop\/lv\/prece\/futurliberty-copy-copy-copy-2\/","title":{"rendered":"William Morris&#8217;s Flowers"},"content":{"rendered":"<p><em><strong>Izdev\u0113ja gr\u0101matas anot\u0101cija:<\/strong><\/em><\/p>\n<p>A passionate advocate of craftsmanship over mass-production, William Morris (1834\u2013 1896) designed a huge variety of objects, but it is his highly original carpet, fabric and wallpaper patterns that have continued to capture the imagination and exert their influence on the decorative arts. Around 600 such designs are attributed to Morris, of which the vast majority are based on natural forms, including trees, plants and flowers.<\/p>\n<div data-role=\"bva-reveal\">\n<p>This beautifully designed, accessibly priced gift book offers a wealth of designs by Morris in which flowers are the principal motif, bringing together not only completed patterns but also working drawings in pen and watercolour, and examples of his pearwood, floral-pattern printing blocks. It also explores examples of the sources that inspired Morris\u2019s flower-based designs: his own gardens at the Red House in Kent, Kelmscott Manor in Oxfordshire and elsewhere; 16th- and 17th-century herbals; illuminated medieval manuscripts; late medieval and Renaissance tapestries; and a range of decorated objects, particularly from the Islamic world, that Morris studied at the South Kensington Museum (now the V&amp;A). Authored by Rowan Bain, curator at the William Morris Gallery in Walthamstow, north London, and lavishly illustrated with almost 100 colour illustrations, this exquisite book will both inform and delight.<\/p>\n<\/div>\n<p>\u0160\u012bs gr\u0101matas izdev\u0113js ir <span style=\"text-decoration: underline\"><strong><a href=\"https:\/\/fashionmuseum.shop\/lv\/publisher\/thames-and-hudson\/\">Thames and Hudson\u00a0<\/a><\/strong><\/span>, ISBN 9780500480458<\/p>\n","protected":false},"excerpt":{"rendered":"<p><strong> by <a href=\"https:\/\/fashionmuseum.shop\/lv\/book-author\/rowan-bain\/\">Rowan Bain<\/a><\/strong><\/p>\n<p><em><strong>K\u0101p\u0113c m\u0113s\u00a0izv\u0113l\u0113j\u0101mies\u00a0\u0161o gr\u0101matu:<\/strong><\/em><\/p>\n<p>Ietekm\u012bg\u0101s britu Arts and Crafts kust\u012bbas l\u012bderis, Viljams Moriss r\u016bpniecisk\u0101s ra\u017eo\u0161anas bezpersoniskumu aicin\u0101ja aizst\u0101t ar labi zin\u0101mo \u2013 amatniec\u012bbu, roku darbu, labu dizainu. Vi\u0146a raksti slaveni ar vij\u012bgajiem ziedu mot\u012bviem, kas apkopoti \u0161ai bag\u0101t\u012bgi ilustr\u0113taj\u0101 izdevum\u0101. Dizaina klasika iedvesmai un izzi\u0146ai, kas atg\u0101dina \u2013 skaistums ir mums l\u012bdz\u0101s, to tikai j\u0101prot saskat\u012bt.<\/p>\n","protected":false},"featured_media":28266,"template":"","meta":{"_coblocks_attr":"","_coblocks_dimensions":"","_coblocks_responsive_height":"","_coblocks_accordion_ie_support":"","_crdt_document":"","jetpack_publicize_message":"","jetpack_publicize_feature_enabled":true,"jetpack_social_post_already_shared":true,"jetpack_social_options":{"image_generator_settings":{"template":"highway","default_image_id":0,"font":"","enabled":false},"version":2},"_wpas_customize_per_network":false},"product_brand":[],"product_cat":[1611,1603,1605,2418],"product_tag":[3735,3288,3621,2863,3736,3737,3610],"class_list":{"0":"post-28263","1":"product","2":"type-product","3":"status-publish","4":"has-post-thumbnail","6":"product_cat-gramatas-anglu-valoda","7":"product_cat-gramatas-par-modes-dizaineriem","8":"product_cat-gramatas-par-modes-vesturi","9":"product_cat-gramatas","10":"product_tag-decorative-arts-lv","11":"product_tag-gramatas","12":"product_tag-morris-lv","13":"product_tag-maksla","14":"product_tag-nature-in-art-lv","15":"product_tag-prints-lv","16":"product_tag-william-morris-lv","17":"pa_book-author-rowan-bain-lv","18":"pa_language-anglu","19":"pa_publisher-thames-and-hudson","21":"first","22":"instock","23":"featured","24":"shipping-taxable","25":"purchasable","26":"product-type-simple"},"yoast_head":"<!-- This site is optimized with the Yoast SEO plugin v27.4 - https:\/\/yoast.com\/product\/yoast-seo-wordpress\/ -->\n<title>William Morris&#039;s Flowers - Fashion Museum Riga Online Store<\/title>\n<meta name=\"robots\" content=\"index, follow, max-snippet:-1, max-image-preview:large, max-video-preview:-1\" \/>\n<link rel=\"canonical\" href=\"https:\/\/fashionmuseum.shop\/lv\/prece\/futurliberty-copy-copy-copy-2\/\" \/>\n<meta property=\"og:locale\" content=\"lv_LV\" \/>\n<meta property=\"og:type\" content=\"article\" \/>\n<meta property=\"og:title\" content=\"William Morris&#039;s Flowers - Fashion Museum Riga Online Store\" \/>\n<meta property=\"og:description\" content=\"by Rowan Bain  K\u0101p\u0113c m\u0113s\u00a0izv\u0113l\u0113j\u0101mies\u00a0\u0161o gr\u0101matu:  Ietekm\u012bg\u0101s britu Arts and Crafts kust\u012bbas l\u012bderis, Viljams Moriss r\u016bpniecisk\u0101s ra\u017eo\u0161anas bezpersoniskumu aicin\u0101ja aizst\u0101t ar labi zin\u0101mo \u2013 amatniec\u012bbu, roku darbu, labu dizainu. Vi\u0146a raksti slaveni ar vij\u012bgajiem ziedu mot\u012bviem, kas apkopoti \u0161ai bag\u0101t\u012bgi ilustr\u0113taj\u0101 izdevum\u0101. Dizaina klasika iedvesmai un izzi\u0146ai, kas atg\u0101dina \u2013 skaistums ir mums l\u012bdz\u0101s, to tikai j\u0101prot saskat\u012bt.\" \/>\n<meta property=\"og:url\" content=\"https:\/\/fashionmuseum.shop\/lv\/prece\/futurliberty-copy-copy-copy-2\/\" \/>\n<meta property=\"og:site_name\" content=\"Fashion Museum Riga Online Store\" \/>\n<meta property=\"article:modified_time\" content=\"2024-05-07T20:22:50+00:00\" \/>\n<meta property=\"og:image\" content=\"https:\/\/fashionmuseum.shop\/wp-content\/uploads\/2023\/11\/9780500480458_william-morriss-flowers.webp\" \/>\n\t<meta property=\"og:image:width\" content=\"720\" \/>\n\t<meta property=\"og:image:height\" content=\"720\" \/>\n\t<meta property=\"og:image:type\" content=\"image\/webp\" \/>\n<meta name=\"twitter:card\" content=\"summary_large_image\" \/>\n<meta name=\"twitter:label1\" content=\"Est. reading time\" \/>\n\t<meta name=\"twitter:data1\" content=\"1 minute\" \/>\n<script type=\"application\/ld+json\" class=\"yoast-schema-graph\">{\"@context\":\"https:\\\/\\\/schema.org\",\"@graph\":[{\"@type\":\"WebPage\",\"@id\":\"https:\\\/\\\/fashionmuseum.shop\\\/lv\\\/prece\\\/futurliberty-copy-copy-copy-2\\\/\",\"url\":\"https:\\\/\\\/fashionmuseum.shop\\\/lv\\\/prece\\\/futurliberty-copy-copy-copy-2\\\/\",\"name\":\"William Morris's Flowers - Fashion Museum Riga Online Store\",\"isPartOf\":{\"@id\":\"https:\\\/\\\/fashionmuseum.shop\\\/lv\\\/#website\"},\"primaryImageOfPage\":{\"@id\":\"https:\\\/\\\/fashionmuseum.shop\\\/lv\\\/prece\\\/futurliberty-copy-copy-copy-2\\\/#primaryimage\"},\"image\":{\"@id\":\"https:\\\/\\\/fashionmuseum.shop\\\/lv\\\/prece\\\/futurliberty-copy-copy-copy-2\\\/#primaryimage\"},\"thumbnailUrl\":\"https:\\\/\\\/i0.wp.com\\\/fashionmuseum.shop\\\/wp-content\\\/uploads\\\/2023\\\/11\\\/9780500480458_william-morriss-flowers.webp?fit=720%2C720&ssl=1\",\"datePublished\":\"2023-11-24T12:42:40+00:00\",\"dateModified\":\"2024-05-07T20:22:50+00:00\",\"breadcrumb\":{\"@id\":\"https:\\\/\\\/fashionmuseum.shop\\\/lv\\\/prece\\\/futurliberty-copy-copy-copy-2\\\/#breadcrumb\"},\"inLanguage\":\"lv-LV\",\"potentialAction\":[{\"@type\":\"ReadAction\",\"target\":[\"https:\\\/\\\/fashionmuseum.shop\\\/lv\\\/prece\\\/futurliberty-copy-copy-copy-2\\\/\"]}]},{\"@type\":\"ImageObject\",\"inLanguage\":\"lv-LV\",\"@id\":\"https:\\\/\\\/fashionmuseum.shop\\\/lv\\\/prece\\\/futurliberty-copy-copy-copy-2\\\/#primaryimage\",\"url\":\"https:\\\/\\\/i0.wp.com\\\/fashionmuseum.shop\\\/wp-content\\\/uploads\\\/2023\\\/11\\\/9780500480458_william-morriss-flowers.webp?fit=720%2C720&ssl=1\",\"contentUrl\":\"https:\\\/\\\/i0.wp.com\\\/fashionmuseum.shop\\\/wp-content\\\/uploads\\\/2023\\\/11\\\/9780500480458_william-morriss-flowers.webp?fit=720%2C720&ssl=1\",\"width\":720,\"height\":720},{\"@type\":\"BreadcrumbList\",\"@id\":\"https:\\\/\\\/fashionmuseum.shop\\\/lv\\\/prece\\\/futurliberty-copy-copy-copy-2\\\/#breadcrumb\",\"itemListElement\":[{\"@type\":\"ListItem\",\"position\":1,\"name\":\"Home\",\"item\":\"https:\\\/\\\/fashionmuseum.shop\\\/lv\\\/\"},{\"@type\":\"ListItem\",\"position\":2,\"name\":\"Products\",\"item\":\"https:\\\/\\\/fashionmuseum.shop\\\/lv\\\/shop\\\/\"},{\"@type\":\"ListItem\",\"position\":3,\"name\":\"William Morris&#8217;s Flowers\"}]},{\"@type\":\"WebSite\",\"@id\":\"https:\\\/\\\/fashionmuseum.shop\\\/lv\\\/#website\",\"url\":\"https:\\\/\\\/fashionmuseum.shop\\\/lv\\\/\",\"name\":\"Fashion Museum Online Store\",\"description\":\"Fashion Museum Riga Online Store provides a wide selection of books about fashion and fashion history.\",\"publisher\":{\"@id\":\"https:\\\/\\\/fashionmuseum.shop\\\/lv\\\/#organization\"},\"potentialAction\":[{\"@type\":\"SearchAction\",\"target\":{\"@type\":\"EntryPoint\",\"urlTemplate\":\"https:\\\/\\\/fashionmuseum.shop\\\/lv\\\/?s={search_term_string}\"},\"query-input\":{\"@type\":\"PropertyValueSpecification\",\"valueRequired\":true,\"valueName\":\"search_term_string\"}}],\"inLanguage\":\"lv-LV\"},{\"@type\":\"Organization\",\"@id\":\"https:\\\/\\\/fashionmuseum.shop\\\/lv\\\/#organization\",\"name\":\"Modes muzejs\",\"url\":\"https:\\\/\\\/fashionmuseum.shop\\\/lv\\\/\",\"logo\":{\"@type\":\"ImageObject\",\"inLanguage\":\"lv-LV\",\"@id\":\"https:\\\/\\\/fashionmuseum.shop\\\/lv\\\/#\\\/schema\\\/logo\\\/image\\\/\",\"url\":\"https:\\\/\\\/i1.wp.com\\\/fashionmuseum.shop\\\/wp-content\\\/uploads\\\/2020\\\/04\\\/apple-touch-icon.png?fit=180%2C180&ssl=1\",\"contentUrl\":\"https:\\\/\\\/i1.wp.com\\\/fashionmuseum.shop\\\/wp-content\\\/uploads\\\/2020\\\/04\\\/apple-touch-icon.png?fit=180%2C180&ssl=1\",\"width\":180,\"height\":180,\"caption\":\"Modes muzejs\"},\"image\":{\"@id\":\"https:\\\/\\\/fashionmuseum.shop\\\/lv\\\/#\\\/schema\\\/logo\\\/image\\\/\"}}]}<\/script>\n<!-- \/ Yoast SEO plugin. -->","yoast_head_json":{"title":"William Morris's Flowers - Fashion Museum Riga Online Store","robots":{"index":"index","follow":"follow","max-snippet":"max-snippet:-1","max-image-preview":"max-image-preview:large","max-video-preview":"max-video-preview:-1"},"canonical":"https:\/\/fashionmuseum.shop\/lv\/prece\/futurliberty-copy-copy-copy-2\/","og_locale":"lv_LV","og_type":"article","og_title":"William Morris's Flowers - Fashion Museum Riga Online Store","og_description":"by Rowan Bain  K\u0101p\u0113c m\u0113s\u00a0izv\u0113l\u0113j\u0101mies\u00a0\u0161o gr\u0101matu:  Ietekm\u012bg\u0101s britu Arts and Crafts kust\u012bbas l\u012bderis, Viljams Moriss r\u016bpniecisk\u0101s ra\u017eo\u0161anas bezpersoniskumu aicin\u0101ja aizst\u0101t ar labi zin\u0101mo \u2013 amatniec\u012bbu, roku darbu, labu dizainu. Vi\u0146a raksti slaveni ar vij\u012bgajiem ziedu mot\u012bviem, kas apkopoti \u0161ai bag\u0101t\u012bgi ilustr\u0113taj\u0101 izdevum\u0101. Dizaina klasika iedvesmai un izzi\u0146ai, kas atg\u0101dina \u2013 skaistums ir mums l\u012bdz\u0101s, to tikai j\u0101prot saskat\u012bt.","og_url":"https:\/\/fashionmuseum.shop\/lv\/prece\/futurliberty-copy-copy-copy-2\/","og_site_name":"Fashion Museum Riga Online Store","article_modified_time":"2024-05-07T20:22:50+00:00","og_image":[{"width":720,"height":720,"url":"https:\/\/fashionmuseum.shop\/wp-content\/uploads\/2023\/11\/9780500480458_william-morriss-flowers.webp","type":"image\/webp"}],"twitter_card":"summary_large_image","twitter_misc":{"Est. reading time":"1 minute"},"schema":{"@context":"https:\/\/schema.org","@graph":[{"@type":"WebPage","@id":"https:\/\/fashionmuseum.shop\/lv\/prece\/futurliberty-copy-copy-copy-2\/","url":"https:\/\/fashionmuseum.shop\/lv\/prece\/futurliberty-copy-copy-copy-2\/","name":"William Morris's Flowers - Fashion Museum Riga Online Store","isPartOf":{"@id":"https:\/\/fashionmuseum.shop\/lv\/#website"},"primaryImageOfPage":{"@id":"https:\/\/fashionmuseum.shop\/lv\/prece\/futurliberty-copy-copy-copy-2\/#primaryimage"},"image":{"@id":"https:\/\/fashionmuseum.shop\/lv\/prece\/futurliberty-copy-copy-copy-2\/#primaryimage"},"thumbnailUrl":"https:\/\/i0.wp.com\/fashionmuseum.shop\/wp-content\/uploads\/2023\/11\/9780500480458_william-morriss-flowers.webp?fit=720%2C720&ssl=1","datePublished":"2023-11-24T12:42:40+00:00","dateModified":"2024-05-07T20:22:50+00:00","breadcrumb":{"@id":"https:\/\/fashionmuseum.shop\/lv\/prece\/futurliberty-copy-copy-copy-2\/#breadcrumb"},"inLanguage":"lv-LV","potentialAction":[{"@type":"ReadAction","target":["https:\/\/fashionmuseum.shop\/lv\/prece\/futurliberty-copy-copy-copy-2\/"]}]},{"@type":"ImageObject","inLanguage":"lv-LV","@id":"https:\/\/fashionmuseum.shop\/lv\/prece\/futurliberty-copy-copy-copy-2\/#primaryimage","url":"https:\/\/i0.wp.com\/fashionmuseum.shop\/wp-content\/uploads\/2023\/11\/9780500480458_william-morriss-flowers.webp?fit=720%2C720&ssl=1","contentUrl":"https:\/\/i0.wp.com\/fashionmuseum.shop\/wp-content\/uploads\/2023\/11\/9780500480458_william-morriss-flowers.webp?fit=720%2C720&ssl=1","width":720,"height":720},{"@type":"BreadcrumbList","@id":"https:\/\/fashionmuseum.shop\/lv\/prece\/futurliberty-copy-copy-copy-2\/#breadcrumb","itemListElement":[{"@type":"ListItem","position":1,"name":"Home","item":"https:\/\/fashionmuseum.shop\/lv\/"},{"@type":"ListItem","position":2,"name":"Products","item":"https:\/\/fashionmuseum.shop\/lv\/shop\/"},{"@type":"ListItem","position":3,"name":"William Morris&#8217;s Flowers"}]},{"@type":"WebSite","@id":"https:\/\/fashionmuseum.shop\/lv\/#website","url":"https:\/\/fashionmuseum.shop\/lv\/","name":"Fashion Museum Online Store","description":"Fashion Museum Riga Online Store provides a wide selection of books about fashion and fashion history.","publisher":{"@id":"https:\/\/fashionmuseum.shop\/lv\/#organization"},"potentialAction":[{"@type":"SearchAction","target":{"@type":"EntryPoint","urlTemplate":"https:\/\/fashionmuseum.shop\/lv\/?s={search_term_string}"},"query-input":{"@type":"PropertyValueSpecification","valueRequired":true,"valueName":"search_term_string"}}],"inLanguage":"lv-LV"},{"@type":"Organization","@id":"https:\/\/fashionmuseum.shop\/lv\/#organization","name":"Modes muzejs","url":"https:\/\/fashionmuseum.shop\/lv\/","logo":{"@type":"ImageObject","inLanguage":"lv-LV","@id":"https:\/\/fashionmuseum.shop\/lv\/#\/schema\/logo\/image\/","url":"https:\/\/i1.wp.com\/fashionmuseum.shop\/wp-content\/uploads\/2020\/04\/apple-touch-icon.png?fit=180%2C180&ssl=1","contentUrl":"https:\/\/i1.wp.com\/fashionmuseum.shop\/wp-content\/uploads\/2020\/04\/apple-touch-icon.png?fit=180%2C180&ssl=1","width":180,"height":180,"caption":"Modes muzejs"},"image":{"@id":"https:\/\/fashionmuseum.shop\/lv\/#\/schema\/logo\/image\/"}}]}},"jetpack_publicize_connections":[],"jetpack_likes_enabled":false,"jetpack_sharing_enabled":true,"amp_enabled":true,"_links":{"self":[{"href":"https:\/\/fashionmuseum.shop\/lv\/wp-json\/wp\/v2\/product\/28263","targetHints":{"allow":["GET"]}}],"collection":[{"href":"https:\/\/fashionmuseum.shop\/lv\/wp-json\/wp\/v2\/product"}],"about":[{"href":"https:\/\/fashionmuseum.shop\/lv\/wp-json\/wp\/v2\/types\/product"}],"wp:featuredmedia":[{"embeddable":true,"href":"https:\/\/fashionmuseum.shop\/lv\/wp-json\/wp\/v2\/media\/28266"}],"wp:attachment":[{"href":"https:\/\/fashionmuseum.shop\/lv\/wp-json\/wp\/v2\/media?parent=28263"}],"wp:term":[{"taxonomy":"product_brand","embeddable":true,"href":"https:\/\/fashionmuseum.shop\/lv\/wp-json\/wp\/v2\/product_brand?post=28263"},{"taxonomy":"product_cat","embeddable":true,"href":"https:\/\/fashionmuseum.shop\/lv\/wp-json\/wp\/v2\/product_cat?post=28263"},{"taxonomy":"product_tag","embeddable":true,"href":"https:\/\/fashionmuseum.shop\/lv\/wp-json\/wp\/v2\/product_tag?post=28263"}],"curies":[{"name":"wp","href":"https:\/\/api.w.org\/{rel}","templated":true}]}}