{"id":28305,"date":"2023-11-24T16:03:41","date_gmt":"2023-11-24T14:03:41","guid":{"rendered":"https:\/\/fashionmuseum.shop\/?post_type=product&#038;p=28305"},"modified":"2023-11-26T17:45:02","modified_gmt":"2023-11-26T15:45:02","slug":"futurliberty-copy-copy-copy-copy-2","status":"publish","type":"product","link":"https:\/\/fashionmuseum.shop\/lv\/prece\/futurliberty-copy-copy-copy-copy-2\/","title":{"rendered":"The Wit &amp; Widsom of Karl and Coco"},"content":{"rendered":"<p><em><strong>Izdev\u0113ja gr\u0101matas anot\u0101cija:<\/strong><\/em><\/p>\n<p>Chic, sharp and always on point, Coco Chanel and Karl Lagerfeld continue to captivate young generations of fashion fans. Chanel was fierce and uncompromising in her opinions on fashion, women and life, while Lagerfeld\u2019s famously controversial pronouncements were seized upon by fashionistas, acolytes and sages around the world. Cultivated, surprising and sometimes shocking, their \u2018bons mots\u2019 are always impossible to ignore.<\/p>\n<div data-role=\"bva-reveal\">\n<p>This elegant box set contains two slim volumes of their pithiest, wittiest and most provocative quotations, and will be required reading for us all today as we negotiate the trickiest curves of modern life.<\/p>\n<p>\u2018Fashion changes, but style endures\u2019\u00a0<b>Coco Chanel<\/b><\/p>\n<p>\u2018People who tell all appal me\u2019\u00a0<b>Karl Lagerfeld<\/b><\/p>\n<p>\u2018The best things in life are free. The second-best are very expensive\u2019\u00a0<b>Coco Chanel<\/b><\/p>\n<p>\u2018You must never be afraid of progress. Otherwise you are damned\u2019\u00a0<b>Karl Lagerfeld<\/b><\/p>\n<\/div>\n<p>\u0160\u012bs gr\u0101matas izdev\u0113js ir <span style=\"text-decoration: underline\"><strong><a href=\"https:\/\/fashionmuseum.shop\/lv\/publisher\/thames-and-hudson\/\">Thames and Hudson\u00a0<\/a><\/strong><\/span>, ISBN 9780500027820<\/p>\n","protected":false},"excerpt":{"rendered":"<p><strong> by <a href=\"https:\/\/fashionmuseum.shop\/lv\/book-author\/jean-christophe-napias\/\">Jean-Christophe Napias<\/a><\/strong><\/p>\n<p><em><strong>K\u0101p\u0113c m\u0113s\u00a0izv\u0113l\u0113j\u0101mies\u00a0\u0161o gr\u0101matu:<\/strong><\/em><\/p>\n<p>Elegant\u0101 komplekt\u0101 apvienotas divas popul\u0101r\u0101s \u201cThe World According to\u2026\u201d gr\u0101matas: viena no t\u0101m velt\u012bta dz\u0113l\u012bgajai un aspr\u0101t\u012bgajai Koko \u0160anelei, savuk\u0101rt otra \u2013 ne maz\u0101k aspr\u0101t\u012bgajam un dz\u0113l\u012bgajam Karlam L\u0101gerfeldam, kur\u0161 turpin\u0101ja vi\u0146as ies\u0101kto darbu modes nam\u0101 \u201cChanel\u201d. Meln\u0101 audum\u0101 iesietas un apvienotas elegant\u0101 kast\u012bt\u0113, \u0161\u012bs gr\u0101matas iepriecin\u0101s ikvienu, kuru fascin\u0113 abu modes di\u017egaru sp\u0113ja sajust laikmeta garu un ietekm\u0113t modi paaudz\u0113m ilgi. Perfekta d\u0101vana!<\/p>\n","protected":false},"featured_media":28309,"template":"","meta":{"_coblocks_attr":"","_coblocks_dimensions":"","_coblocks_responsive_height":"","_coblocks_accordion_ie_support":"","_crdt_document":"","jetpack_publicize_message":"","jetpack_publicize_feature_enabled":true,"jetpack_social_post_already_shared":true,"jetpack_social_options":{"image_generator_settings":{"template":"highway","default_image_id":0,"font":"","enabled":false},"version":2},"_wpas_customize_per_network":false},"product_brand":[],"product_cat":[1611,1603,1605,2418],"product_tag":[1769,1809,3730,3522,3523,3288,3729,3728,3527,2863],"class_list":{"0":"post-28305","1":"product","2":"type-product","3":"status-publish","4":"has-post-thumbnail","6":"product_cat-gramatas-anglu-valoda","7":"product_cat-gramatas-par-modes-dizaineriem","8":"product_cat-gramatas-par-modes-vesturi","9":"product_cat-gramatas","10":"product_tag-chanel-lv","11":"product_tag-coco-lv","12":"product_tag-coco-chanel-lv","13":"product_tag-designer-lv","14":"product_tag-designers-lv","15":"product_tag-gramatas","16":"product_tag-karl-lagerfeld-lv","17":"product_tag-lagerfeld-lv","18":"product_tag-modes-dizaineri","19":"product_tag-maksla","20":"pa_book-author-jean-christophe-napias-lv","21":"pa_language-anglu","22":"pa_publisher-thames-and-hudson","24":"first","25":"instock","26":"featured","27":"shipping-taxable","28":"purchasable","29":"product-type-simple"},"yoast_head":"<!-- This site is optimized with the Yoast SEO plugin v27.5 - https:\/\/yoast.com\/product\/yoast-seo-wordpress\/ -->\n<title>The Wit &amp; Widsom of Karl and Coco - Fashion Museum Riga Online Store<\/title>\n<meta name=\"robots\" content=\"index, follow, max-snippet:-1, max-image-preview:large, max-video-preview:-1\" \/>\n<link rel=\"canonical\" href=\"https:\/\/fashionmuseum.shop\/lv\/prece\/futurliberty-copy-copy-copy-copy-2\/\" \/>\n<meta property=\"og:locale\" content=\"lv_LV\" \/>\n<meta property=\"og:type\" content=\"article\" \/>\n<meta property=\"og:title\" content=\"The Wit &amp; Widsom of Karl and Coco - Fashion Museum Riga Online Store\" \/>\n<meta property=\"og:description\" content=\"by Jean-Christophe Napias  K\u0101p\u0113c m\u0113s\u00a0izv\u0113l\u0113j\u0101mies\u00a0\u0161o gr\u0101matu:  Elegant\u0101 komplekt\u0101 apvienotas divas popul\u0101r\u0101s \u201cThe World According to\u2026\u201d gr\u0101matas: viena no t\u0101m velt\u012bta dz\u0113l\u012bgajai un aspr\u0101t\u012bgajai Koko \u0160anelei, savuk\u0101rt otra \u2013 ne maz\u0101k aspr\u0101t\u012bgajam un dz\u0113l\u012bgajam Karlam L\u0101gerfeldam, kur\u0161 turpin\u0101ja vi\u0146as ies\u0101kto darbu modes nam\u0101 \u201cChanel\u201d. Meln\u0101 audum\u0101 iesietas un apvienotas elegant\u0101 kast\u012bt\u0113, \u0161\u012bs gr\u0101matas iepriecin\u0101s ikvienu, kuru fascin\u0113 abu modes di\u017egaru sp\u0113ja sajust laikmeta garu un ietekm\u0113t modi paaudz\u0113m ilgi. Perfekta d\u0101vana!\" \/>\n<meta property=\"og:url\" content=\"https:\/\/fashionmuseum.shop\/lv\/prece\/futurliberty-copy-copy-copy-copy-2\/\" \/>\n<meta property=\"og:site_name\" content=\"Fashion Museum Riga Online Store\" \/>\n<meta property=\"article:modified_time\" content=\"2023-11-26T15:45:02+00:00\" \/>\n<meta property=\"og:image\" content=\"https:\/\/fashionmuseum.shop\/wp-content\/uploads\/2023\/11\/9780500027820_wit-and-wisdom-of-coco-andkarl_coco_packshot1.webp\" \/>\n\t<meta property=\"og:image:width\" content=\"720\" \/>\n\t<meta property=\"og:image:height\" content=\"720\" \/>\n\t<meta property=\"og:image:type\" content=\"image\/webp\" \/>\n<meta name=\"twitter:card\" content=\"summary_large_image\" \/>\n<meta name=\"twitter:label1\" content=\"Est. reading time\" \/>\n\t<meta name=\"twitter:data1\" content=\"1 minute\" \/>\n<script type=\"application\/ld+json\" class=\"yoast-schema-graph\">{\"@context\":\"https:\\\/\\\/schema.org\",\"@graph\":[{\"@type\":\"WebPage\",\"@id\":\"https:\\\/\\\/fashionmuseum.shop\\\/lv\\\/prece\\\/futurliberty-copy-copy-copy-copy-2\\\/\",\"url\":\"https:\\\/\\\/fashionmuseum.shop\\\/lv\\\/prece\\\/futurliberty-copy-copy-copy-copy-2\\\/\",\"name\":\"The Wit &amp; Widsom of Karl and Coco - Fashion Museum Riga Online Store\",\"isPartOf\":{\"@id\":\"https:\\\/\\\/fashionmuseum.shop\\\/lv\\\/#website\"},\"primaryImageOfPage\":{\"@id\":\"https:\\\/\\\/fashionmuseum.shop\\\/lv\\\/prece\\\/futurliberty-copy-copy-copy-copy-2\\\/#primaryimage\"},\"image\":{\"@id\":\"https:\\\/\\\/fashionmuseum.shop\\\/lv\\\/prece\\\/futurliberty-copy-copy-copy-copy-2\\\/#primaryimage\"},\"thumbnailUrl\":\"https:\\\/\\\/i0.wp.com\\\/fashionmuseum.shop\\\/wp-content\\\/uploads\\\/2023\\\/11\\\/9780500027820_wit-and-wisdom-of-coco-andkarl_coco_packshot1.webp?fit=720%2C720&ssl=1\",\"datePublished\":\"2023-11-24T14:03:41+00:00\",\"dateModified\":\"2023-11-26T15:45:02+00:00\",\"breadcrumb\":{\"@id\":\"https:\\\/\\\/fashionmuseum.shop\\\/lv\\\/prece\\\/futurliberty-copy-copy-copy-copy-2\\\/#breadcrumb\"},\"inLanguage\":\"lv-LV\",\"potentialAction\":[{\"@type\":\"ReadAction\",\"target\":[\"https:\\\/\\\/fashionmuseum.shop\\\/lv\\\/prece\\\/futurliberty-copy-copy-copy-copy-2\\\/\"]}]},{\"@type\":\"ImageObject\",\"inLanguage\":\"lv-LV\",\"@id\":\"https:\\\/\\\/fashionmuseum.shop\\\/lv\\\/prece\\\/futurliberty-copy-copy-copy-copy-2\\\/#primaryimage\",\"url\":\"https:\\\/\\\/i0.wp.com\\\/fashionmuseum.shop\\\/wp-content\\\/uploads\\\/2023\\\/11\\\/9780500027820_wit-and-wisdom-of-coco-andkarl_coco_packshot1.webp?fit=720%2C720&ssl=1\",\"contentUrl\":\"https:\\\/\\\/i0.wp.com\\\/fashionmuseum.shop\\\/wp-content\\\/uploads\\\/2023\\\/11\\\/9780500027820_wit-and-wisdom-of-coco-andkarl_coco_packshot1.webp?fit=720%2C720&ssl=1\",\"width\":720,\"height\":720},{\"@type\":\"BreadcrumbList\",\"@id\":\"https:\\\/\\\/fashionmuseum.shop\\\/lv\\\/prece\\\/futurliberty-copy-copy-copy-copy-2\\\/#breadcrumb\",\"itemListElement\":[{\"@type\":\"ListItem\",\"position\":1,\"name\":\"Home\",\"item\":\"https:\\\/\\\/fashionmuseum.shop\\\/lv\\\/\"},{\"@type\":\"ListItem\",\"position\":2,\"name\":\"Products\",\"item\":\"https:\\\/\\\/fashionmuseum.shop\\\/lv\\\/shop\\\/\"},{\"@type\":\"ListItem\",\"position\":3,\"name\":\"The Wit &amp; Widsom of Karl and Coco\"}]},{\"@type\":\"WebSite\",\"@id\":\"https:\\\/\\\/fashionmuseum.shop\\\/lv\\\/#website\",\"url\":\"https:\\\/\\\/fashionmuseum.shop\\\/lv\\\/\",\"name\":\"Fashion Museum Online Store\",\"description\":\"Fashion Museum Riga Online Store provides a wide selection of books about fashion and fashion history.\",\"publisher\":{\"@id\":\"https:\\\/\\\/fashionmuseum.shop\\\/lv\\\/#organization\"},\"potentialAction\":[{\"@type\":\"SearchAction\",\"target\":{\"@type\":\"EntryPoint\",\"urlTemplate\":\"https:\\\/\\\/fashionmuseum.shop\\\/lv\\\/?s={search_term_string}\"},\"query-input\":{\"@type\":\"PropertyValueSpecification\",\"valueRequired\":true,\"valueName\":\"search_term_string\"}}],\"inLanguage\":\"lv-LV\"},{\"@type\":\"Organization\",\"@id\":\"https:\\\/\\\/fashionmuseum.shop\\\/lv\\\/#organization\",\"name\":\"Modes muzejs\",\"url\":\"https:\\\/\\\/fashionmuseum.shop\\\/lv\\\/\",\"logo\":{\"@type\":\"ImageObject\",\"inLanguage\":\"lv-LV\",\"@id\":\"https:\\\/\\\/fashionmuseum.shop\\\/lv\\\/#\\\/schema\\\/logo\\\/image\\\/\",\"url\":\"https:\\\/\\\/i1.wp.com\\\/fashionmuseum.shop\\\/wp-content\\\/uploads\\\/2020\\\/04\\\/apple-touch-icon.png?fit=180%2C180&ssl=1\",\"contentUrl\":\"https:\\\/\\\/i1.wp.com\\\/fashionmuseum.shop\\\/wp-content\\\/uploads\\\/2020\\\/04\\\/apple-touch-icon.png?fit=180%2C180&ssl=1\",\"width\":180,\"height\":180,\"caption\":\"Modes muzejs\"},\"image\":{\"@id\":\"https:\\\/\\\/fashionmuseum.shop\\\/lv\\\/#\\\/schema\\\/logo\\\/image\\\/\"}}]}<\/script>\n<!-- \/ Yoast SEO plugin. -->","yoast_head_json":{"title":"The Wit &amp; Widsom of Karl and Coco - Fashion Museum Riga Online Store","robots":{"index":"index","follow":"follow","max-snippet":"max-snippet:-1","max-image-preview":"max-image-preview:large","max-video-preview":"max-video-preview:-1"},"canonical":"https:\/\/fashionmuseum.shop\/lv\/prece\/futurliberty-copy-copy-copy-copy-2\/","og_locale":"lv_LV","og_type":"article","og_title":"The Wit &amp; Widsom of Karl and Coco - Fashion Museum Riga Online Store","og_description":"by Jean-Christophe Napias  K\u0101p\u0113c m\u0113s\u00a0izv\u0113l\u0113j\u0101mies\u00a0\u0161o gr\u0101matu:  Elegant\u0101 komplekt\u0101 apvienotas divas popul\u0101r\u0101s \u201cThe World According to\u2026\u201d gr\u0101matas: viena no t\u0101m velt\u012bta dz\u0113l\u012bgajai un aspr\u0101t\u012bgajai Koko \u0160anelei, savuk\u0101rt otra \u2013 ne maz\u0101k aspr\u0101t\u012bgajam un dz\u0113l\u012bgajam Karlam L\u0101gerfeldam, kur\u0161 turpin\u0101ja vi\u0146as ies\u0101kto darbu modes nam\u0101 \u201cChanel\u201d. Meln\u0101 audum\u0101 iesietas un apvienotas elegant\u0101 kast\u012bt\u0113, \u0161\u012bs gr\u0101matas iepriecin\u0101s ikvienu, kuru fascin\u0113 abu modes di\u017egaru sp\u0113ja sajust laikmeta garu un ietekm\u0113t modi paaudz\u0113m ilgi. Perfekta d\u0101vana!","og_url":"https:\/\/fashionmuseum.shop\/lv\/prece\/futurliberty-copy-copy-copy-copy-2\/","og_site_name":"Fashion Museum Riga Online Store","article_modified_time":"2023-11-26T15:45:02+00:00","og_image":[{"width":720,"height":720,"url":"https:\/\/fashionmuseum.shop\/wp-content\/uploads\/2023\/11\/9780500027820_wit-and-wisdom-of-coco-andkarl_coco_packshot1.webp","type":"image\/webp"}],"twitter_card":"summary_large_image","twitter_misc":{"Est. reading time":"1 minute"},"schema":{"@context":"https:\/\/schema.org","@graph":[{"@type":"WebPage","@id":"https:\/\/fashionmuseum.shop\/lv\/prece\/futurliberty-copy-copy-copy-copy-2\/","url":"https:\/\/fashionmuseum.shop\/lv\/prece\/futurliberty-copy-copy-copy-copy-2\/","name":"The Wit &amp; Widsom of Karl and Coco - Fashion Museum Riga Online Store","isPartOf":{"@id":"https:\/\/fashionmuseum.shop\/lv\/#website"},"primaryImageOfPage":{"@id":"https:\/\/fashionmuseum.shop\/lv\/prece\/futurliberty-copy-copy-copy-copy-2\/#primaryimage"},"image":{"@id":"https:\/\/fashionmuseum.shop\/lv\/prece\/futurliberty-copy-copy-copy-copy-2\/#primaryimage"},"thumbnailUrl":"https:\/\/i0.wp.com\/fashionmuseum.shop\/wp-content\/uploads\/2023\/11\/9780500027820_wit-and-wisdom-of-coco-andkarl_coco_packshot1.webp?fit=720%2C720&ssl=1","datePublished":"2023-11-24T14:03:41+00:00","dateModified":"2023-11-26T15:45:02+00:00","breadcrumb":{"@id":"https:\/\/fashionmuseum.shop\/lv\/prece\/futurliberty-copy-copy-copy-copy-2\/#breadcrumb"},"inLanguage":"lv-LV","potentialAction":[{"@type":"ReadAction","target":["https:\/\/fashionmuseum.shop\/lv\/prece\/futurliberty-copy-copy-copy-copy-2\/"]}]},{"@type":"ImageObject","inLanguage":"lv-LV","@id":"https:\/\/fashionmuseum.shop\/lv\/prece\/futurliberty-copy-copy-copy-copy-2\/#primaryimage","url":"https:\/\/i0.wp.com\/fashionmuseum.shop\/wp-content\/uploads\/2023\/11\/9780500027820_wit-and-wisdom-of-coco-andkarl_coco_packshot1.webp?fit=720%2C720&ssl=1","contentUrl":"https:\/\/i0.wp.com\/fashionmuseum.shop\/wp-content\/uploads\/2023\/11\/9780500027820_wit-and-wisdom-of-coco-andkarl_coco_packshot1.webp?fit=720%2C720&ssl=1","width":720,"height":720},{"@type":"BreadcrumbList","@id":"https:\/\/fashionmuseum.shop\/lv\/prece\/futurliberty-copy-copy-copy-copy-2\/#breadcrumb","itemListElement":[{"@type":"ListItem","position":1,"name":"Home","item":"https:\/\/fashionmuseum.shop\/lv\/"},{"@type":"ListItem","position":2,"name":"Products","item":"https:\/\/fashionmuseum.shop\/lv\/shop\/"},{"@type":"ListItem","position":3,"name":"The Wit &amp; Widsom of Karl and Coco"}]},{"@type":"WebSite","@id":"https:\/\/fashionmuseum.shop\/lv\/#website","url":"https:\/\/fashionmuseum.shop\/lv\/","name":"Fashion Museum Online Store","description":"Fashion Museum Riga Online Store provides a wide selection of books about fashion and fashion history.","publisher":{"@id":"https:\/\/fashionmuseum.shop\/lv\/#organization"},"potentialAction":[{"@type":"SearchAction","target":{"@type":"EntryPoint","urlTemplate":"https:\/\/fashionmuseum.shop\/lv\/?s={search_term_string}"},"query-input":{"@type":"PropertyValueSpecification","valueRequired":true,"valueName":"search_term_string"}}],"inLanguage":"lv-LV"},{"@type":"Organization","@id":"https:\/\/fashionmuseum.shop\/lv\/#organization","name":"Modes muzejs","url":"https:\/\/fashionmuseum.shop\/lv\/","logo":{"@type":"ImageObject","inLanguage":"lv-LV","@id":"https:\/\/fashionmuseum.shop\/lv\/#\/schema\/logo\/image\/","url":"https:\/\/i1.wp.com\/fashionmuseum.shop\/wp-content\/uploads\/2020\/04\/apple-touch-icon.png?fit=180%2C180&ssl=1","contentUrl":"https:\/\/i1.wp.com\/fashionmuseum.shop\/wp-content\/uploads\/2020\/04\/apple-touch-icon.png?fit=180%2C180&ssl=1","width":180,"height":180,"caption":"Modes muzejs"},"image":{"@id":"https:\/\/fashionmuseum.shop\/lv\/#\/schema\/logo\/image\/"}}]}},"jetpack_publicize_connections":[],"jetpack_likes_enabled":false,"jetpack_sharing_enabled":true,"amp_enabled":true,"_links":{"self":[{"href":"https:\/\/fashionmuseum.shop\/lv\/wp-json\/wp\/v2\/product\/28305","targetHints":{"allow":["GET"]}}],"collection":[{"href":"https:\/\/fashionmuseum.shop\/lv\/wp-json\/wp\/v2\/product"}],"about":[{"href":"https:\/\/fashionmuseum.shop\/lv\/wp-json\/wp\/v2\/types\/product"}],"wp:featuredmedia":[{"embeddable":true,"href":"https:\/\/fashionmuseum.shop\/lv\/wp-json\/wp\/v2\/media\/28309"}],"wp:attachment":[{"href":"https:\/\/fashionmuseum.shop\/lv\/wp-json\/wp\/v2\/media?parent=28305"}],"wp:term":[{"taxonomy":"product_brand","embeddable":true,"href":"https:\/\/fashionmuseum.shop\/lv\/wp-json\/wp\/v2\/product_brand?post=28305"},{"taxonomy":"product_cat","embeddable":true,"href":"https:\/\/fashionmuseum.shop\/lv\/wp-json\/wp\/v2\/product_cat?post=28305"},{"taxonomy":"product_tag","embeddable":true,"href":"https:\/\/fashionmuseum.shop\/lv\/wp-json\/wp\/v2\/product_tag?post=28305"}],"curies":[{"name":"wp","href":"https:\/\/api.w.org\/{rel}","templated":true}]}}