{"id":28325,"date":"2023-11-24T16:27:26","date_gmt":"2023-11-24T14:27:27","guid":{"rendered":"https:\/\/fashionmuseum.shop\/?post_type=product&#038;p=28325"},"modified":"2023-11-29T11:07:07","modified_gmt":"2023-11-29T09:07:07","slug":"futurliberty-copy-copy-copy-copy-copy","status":"publish","type":"product","link":"https:\/\/fashionmuseum.shop\/lv\/prece\/futurliberty-copy-copy-copy-copy-copy\/","title":{"rendered":"Henry Poole &amp; Co.: The First Tailor of Savile Row"},"content":{"rendered":"<p><em><strong>Izdev\u0113ja gr\u0101matas anot\u0101cija:<\/strong><\/em><\/p>\n<p>In the gilded age of emperors, maharajas, courtesans and kings, Henry Poole &amp; Co. dressed them all. For well over two centuries, Savile Row\u2019s founding father was a Mecca for the men and women who made history. Presidents, prime ministers, generals and Russian grand dukes recognized Poole\u2019s as the apex of elegance. The firm has endured wars, revolutions and financial crises to emerge as the tailor for the tech giants and hedge fund billionaires who rule the world in the 21st century.<\/p>\n<div data-role=\"bva-reveal\">\n<p>Henry Poole &amp; Co. celebrates the great names in Poole\u2019s history and tells the story of this exceptional British tailoring firm still owned by the founding family.<\/p>\n<\/div>\n<p>\u0160\u012bs gr\u0101matas izdev\u0113js ir <span style=\"text-decoration: underline\"><strong><a href=\"https:\/\/fashionmuseum.shop\/lv\/publisher\/thames-and-hudson\/\">Thames and Hudson\u00a0<\/a><\/strong><\/span>, ISBN 9780500021958<\/p>\n","protected":false},"excerpt":{"rendered":"<p><strong> by <a href=\"https:\/\/fashionmuseum.shop\/lv\/book-author\/james-sherwood-andy-barnham\/\">James Sherwood, Andy Barnham<\/a><\/strong><\/p>\n<p><em><strong>K\u0101p\u0113c m\u0113s\u00a0izv\u0113l\u0113j\u0101mies\u00a0\u0161o gr\u0101matu:<\/strong><\/em><\/p>\n<p>Londonas Sevilrova slavena ar izcil\u0101kaj\u0101m dr\u0113bniec\u012bbas trad\u012bcij\u0101m \u2013 turkl\u0101t t\u0101s dz\u012bvas v\u0113l m\u016bsdien\u0101s. \u0160is iespaid\u012bg\u0101 apjoma izdevums velt\u012bts Henry Poole &amp; Co dr\u0113bniekiem un 60 vi\u0146u visu laiku slaven\u0101kajiem un ietekm\u012bg\u0101kajiem klientiem \u2013 no valdniekiem un miljon\u0101riem l\u012bdz da\u017e\u0101du jomu m\u0101ksliniekiem. Gr\u0101mata atkl\u0101s dr\u0113bniec\u012bbas nosl\u0113pumus, laikmeta garu, k\u0101 ar\u012b aizraujo\u0161as dz\u012bvesst\u0101stu deta\u013cas. Izcils izdevums, kas velt\u012bts v\u012brie\u0161u modei!<\/p>\n","protected":false},"featured_media":28329,"template":"","meta":{"_coblocks_attr":"","_coblocks_dimensions":"","_coblocks_responsive_height":"","_coblocks_accordion_ie_support":"","_crdt_document":"","jetpack_publicize_message":"","jetpack_publicize_feature_enabled":true,"jetpack_social_post_already_shared":true,"jetpack_social_options":{"image_generator_settings":{"template":"highway","default_image_id":0,"font":"","enabled":false},"version":2},"_wpas_customize_per_network":false},"product_brand":[],"product_cat":[1611,1603,1605,2418,2664],"product_tag":[3723,3521,3288,3721,1678,2863,3722,3720,3368,1727],"class_list":{"0":"post-28325","1":"product","2":"type-product","3":"status-publish","4":"has-post-thumbnail","6":"product_cat-gramatas-anglu-valoda","7":"product_cat-gramatas-par-modes-dizaineriem","8":"product_cat-gramatas-par-modes-vesturi","9":"product_cat-gramatas","10":"product_cat-gramatas-par-viriesu-modi","11":"product_tag-british-tailoring-lv","12":"product_tag-fashion-history-lv","13":"product_tag-gramatas","14":"product_tag-henry-poole-lv","15":"product_tag-modes-vesture","16":"product_tag-maksla","17":"product_tag-savile-row-lv","18":"product_tag-tailors-lv","19":"product_tag-vesture","20":"product_tag-viriesu-mode","21":"pa_book-author-james-sherwood-andy-barnham-lv","22":"pa_language-anglu","23":"pa_publisher-thames-and-hudson","25":"first","26":"instock","27":"featured","28":"shipping-taxable","29":"purchasable","30":"product-type-simple"},"yoast_head":"<!-- This site is optimized with the Yoast SEO plugin v27.4 - https:\/\/yoast.com\/product\/yoast-seo-wordpress\/ -->\n<title>Henry Poole &amp; Co.: The First Tailor of Savile Row - Fashion Museum Riga Online Store<\/title>\n<meta name=\"robots\" content=\"index, follow, max-snippet:-1, max-image-preview:large, max-video-preview:-1\" \/>\n<link rel=\"canonical\" href=\"https:\/\/fashionmuseum.shop\/lv\/prece\/futurliberty-copy-copy-copy-copy-copy\/\" \/>\n<meta property=\"og:locale\" content=\"lv_LV\" \/>\n<meta property=\"og:type\" content=\"article\" \/>\n<meta property=\"og:title\" content=\"Henry Poole &amp; Co.: The First Tailor of Savile Row - Fashion Museum Riga Online Store\" \/>\n<meta property=\"og:description\" content=\"by James Sherwood, Andy Barnham  K\u0101p\u0113c m\u0113s\u00a0izv\u0113l\u0113j\u0101mies\u00a0\u0161o gr\u0101matu:  Londonas Sevilrova slavena ar izcil\u0101kaj\u0101m dr\u0113bniec\u012bbas trad\u012bcij\u0101m \u2013 turkl\u0101t t\u0101s dz\u012bvas v\u0113l m\u016bsdien\u0101s. \u0160is iespaid\u012bg\u0101 apjoma izdevums velt\u012bts Henry Poole &amp; Co dr\u0113bniekiem un 60 vi\u0146u visu laiku slaven\u0101kajiem un ietekm\u012bg\u0101kajiem klientiem \u2013 no valdniekiem un miljon\u0101riem l\u012bdz da\u017e\u0101du jomu m\u0101ksliniekiem. Gr\u0101mata atkl\u0101s dr\u0113bniec\u012bbas nosl\u0113pumus, laikmeta garu, k\u0101 ar\u012b aizraujo\u0161as dz\u012bvesst\u0101stu deta\u013cas. Izcils izdevums, kas velt\u012bts v\u012brie\u0161u modei!\" \/>\n<meta property=\"og:url\" content=\"https:\/\/fashionmuseum.shop\/lv\/prece\/futurliberty-copy-copy-copy-copy-copy\/\" \/>\n<meta property=\"og:site_name\" content=\"Fashion Museum Riga Online Store\" \/>\n<meta property=\"article:modified_time\" content=\"2023-11-29T09:07:07+00:00\" \/>\n<meta property=\"og:image\" content=\"https:\/\/fashionmuseum.shop\/wp-content\/uploads\/2023\/11\/9780500021958_henry-poole-and-co.webp\" \/>\n\t<meta property=\"og:image:width\" content=\"720\" \/>\n\t<meta property=\"og:image:height\" content=\"720\" \/>\n\t<meta property=\"og:image:type\" content=\"image\/webp\" \/>\n<meta name=\"twitter:card\" content=\"summary_large_image\" \/>\n<meta name=\"twitter:label1\" content=\"Est. reading time\" \/>\n\t<meta name=\"twitter:data1\" content=\"1 minute\" \/>\n<script type=\"application\/ld+json\" class=\"yoast-schema-graph\">{\"@context\":\"https:\\\/\\\/schema.org\",\"@graph\":[{\"@type\":\"WebPage\",\"@id\":\"https:\\\/\\\/fashionmuseum.shop\\\/lv\\\/prece\\\/futurliberty-copy-copy-copy-copy-copy\\\/\",\"url\":\"https:\\\/\\\/fashionmuseum.shop\\\/lv\\\/prece\\\/futurliberty-copy-copy-copy-copy-copy\\\/\",\"name\":\"Henry Poole &amp; Co.: The First Tailor of Savile Row - Fashion Museum Riga Online Store\",\"isPartOf\":{\"@id\":\"https:\\\/\\\/fashionmuseum.shop\\\/lv\\\/#website\"},\"primaryImageOfPage\":{\"@id\":\"https:\\\/\\\/fashionmuseum.shop\\\/lv\\\/prece\\\/futurliberty-copy-copy-copy-copy-copy\\\/#primaryimage\"},\"image\":{\"@id\":\"https:\\\/\\\/fashionmuseum.shop\\\/lv\\\/prece\\\/futurliberty-copy-copy-copy-copy-copy\\\/#primaryimage\"},\"thumbnailUrl\":\"https:\\\/\\\/i0.wp.com\\\/fashionmuseum.shop\\\/wp-content\\\/uploads\\\/2023\\\/11\\\/9780500021958_henry-poole-and-co.webp?fit=720%2C720&ssl=1\",\"datePublished\":\"2023-11-24T14:27:27+00:00\",\"dateModified\":\"2023-11-29T09:07:07+00:00\",\"breadcrumb\":{\"@id\":\"https:\\\/\\\/fashionmuseum.shop\\\/lv\\\/prece\\\/futurliberty-copy-copy-copy-copy-copy\\\/#breadcrumb\"},\"inLanguage\":\"lv-LV\",\"potentialAction\":[{\"@type\":\"ReadAction\",\"target\":[\"https:\\\/\\\/fashionmuseum.shop\\\/lv\\\/prece\\\/futurliberty-copy-copy-copy-copy-copy\\\/\"]}]},{\"@type\":\"ImageObject\",\"inLanguage\":\"lv-LV\",\"@id\":\"https:\\\/\\\/fashionmuseum.shop\\\/lv\\\/prece\\\/futurliberty-copy-copy-copy-copy-copy\\\/#primaryimage\",\"url\":\"https:\\\/\\\/i0.wp.com\\\/fashionmuseum.shop\\\/wp-content\\\/uploads\\\/2023\\\/11\\\/9780500021958_henry-poole-and-co.webp?fit=720%2C720&ssl=1\",\"contentUrl\":\"https:\\\/\\\/i0.wp.com\\\/fashionmuseum.shop\\\/wp-content\\\/uploads\\\/2023\\\/11\\\/9780500021958_henry-poole-and-co.webp?fit=720%2C720&ssl=1\",\"width\":720,\"height\":720},{\"@type\":\"BreadcrumbList\",\"@id\":\"https:\\\/\\\/fashionmuseum.shop\\\/lv\\\/prece\\\/futurliberty-copy-copy-copy-copy-copy\\\/#breadcrumb\",\"itemListElement\":[{\"@type\":\"ListItem\",\"position\":1,\"name\":\"Home\",\"item\":\"https:\\\/\\\/fashionmuseum.shop\\\/lv\\\/\"},{\"@type\":\"ListItem\",\"position\":2,\"name\":\"Products\",\"item\":\"https:\\\/\\\/fashionmuseum.shop\\\/lv\\\/shop\\\/\"},{\"@type\":\"ListItem\",\"position\":3,\"name\":\"Henry Poole &amp; Co.: The First Tailor of Savile Row\"}]},{\"@type\":\"WebSite\",\"@id\":\"https:\\\/\\\/fashionmuseum.shop\\\/lv\\\/#website\",\"url\":\"https:\\\/\\\/fashionmuseum.shop\\\/lv\\\/\",\"name\":\"Fashion Museum Online Store\",\"description\":\"Fashion Museum Riga Online Store provides a wide selection of books about fashion and fashion history.\",\"publisher\":{\"@id\":\"https:\\\/\\\/fashionmuseum.shop\\\/lv\\\/#organization\"},\"potentialAction\":[{\"@type\":\"SearchAction\",\"target\":{\"@type\":\"EntryPoint\",\"urlTemplate\":\"https:\\\/\\\/fashionmuseum.shop\\\/lv\\\/?s={search_term_string}\"},\"query-input\":{\"@type\":\"PropertyValueSpecification\",\"valueRequired\":true,\"valueName\":\"search_term_string\"}}],\"inLanguage\":\"lv-LV\"},{\"@type\":\"Organization\",\"@id\":\"https:\\\/\\\/fashionmuseum.shop\\\/lv\\\/#organization\",\"name\":\"Modes muzejs\",\"url\":\"https:\\\/\\\/fashionmuseum.shop\\\/lv\\\/\",\"logo\":{\"@type\":\"ImageObject\",\"inLanguage\":\"lv-LV\",\"@id\":\"https:\\\/\\\/fashionmuseum.shop\\\/lv\\\/#\\\/schema\\\/logo\\\/image\\\/\",\"url\":\"https:\\\/\\\/i1.wp.com\\\/fashionmuseum.shop\\\/wp-content\\\/uploads\\\/2020\\\/04\\\/apple-touch-icon.png?fit=180%2C180&ssl=1\",\"contentUrl\":\"https:\\\/\\\/i1.wp.com\\\/fashionmuseum.shop\\\/wp-content\\\/uploads\\\/2020\\\/04\\\/apple-touch-icon.png?fit=180%2C180&ssl=1\",\"width\":180,\"height\":180,\"caption\":\"Modes muzejs\"},\"image\":{\"@id\":\"https:\\\/\\\/fashionmuseum.shop\\\/lv\\\/#\\\/schema\\\/logo\\\/image\\\/\"}}]}<\/script>\n<!-- \/ Yoast SEO plugin. -->","yoast_head_json":{"title":"Henry Poole &amp; Co.: The First Tailor of Savile Row - Fashion Museum Riga Online Store","robots":{"index":"index","follow":"follow","max-snippet":"max-snippet:-1","max-image-preview":"max-image-preview:large","max-video-preview":"max-video-preview:-1"},"canonical":"https:\/\/fashionmuseum.shop\/lv\/prece\/futurliberty-copy-copy-copy-copy-copy\/","og_locale":"lv_LV","og_type":"article","og_title":"Henry Poole &amp; Co.: The First Tailor of Savile Row - Fashion Museum Riga Online Store","og_description":"by James Sherwood, Andy Barnham  K\u0101p\u0113c m\u0113s\u00a0izv\u0113l\u0113j\u0101mies\u00a0\u0161o gr\u0101matu:  Londonas Sevilrova slavena ar izcil\u0101kaj\u0101m dr\u0113bniec\u012bbas trad\u012bcij\u0101m \u2013 turkl\u0101t t\u0101s dz\u012bvas v\u0113l m\u016bsdien\u0101s. \u0160is iespaid\u012bg\u0101 apjoma izdevums velt\u012bts Henry Poole &amp; Co dr\u0113bniekiem un 60 vi\u0146u visu laiku slaven\u0101kajiem un ietekm\u012bg\u0101kajiem klientiem \u2013 no valdniekiem un miljon\u0101riem l\u012bdz da\u017e\u0101du jomu m\u0101ksliniekiem. Gr\u0101mata atkl\u0101s dr\u0113bniec\u012bbas nosl\u0113pumus, laikmeta garu, k\u0101 ar\u012b aizraujo\u0161as dz\u012bvesst\u0101stu deta\u013cas. Izcils izdevums, kas velt\u012bts v\u012brie\u0161u modei!","og_url":"https:\/\/fashionmuseum.shop\/lv\/prece\/futurliberty-copy-copy-copy-copy-copy\/","og_site_name":"Fashion Museum Riga Online Store","article_modified_time":"2023-11-29T09:07:07+00:00","og_image":[{"width":720,"height":720,"url":"https:\/\/fashionmuseum.shop\/wp-content\/uploads\/2023\/11\/9780500021958_henry-poole-and-co.webp","type":"image\/webp"}],"twitter_card":"summary_large_image","twitter_misc":{"Est. reading time":"1 minute"},"schema":{"@context":"https:\/\/schema.org","@graph":[{"@type":"WebPage","@id":"https:\/\/fashionmuseum.shop\/lv\/prece\/futurliberty-copy-copy-copy-copy-copy\/","url":"https:\/\/fashionmuseum.shop\/lv\/prece\/futurliberty-copy-copy-copy-copy-copy\/","name":"Henry Poole &amp; Co.: The First Tailor of Savile Row - Fashion Museum Riga Online Store","isPartOf":{"@id":"https:\/\/fashionmuseum.shop\/lv\/#website"},"primaryImageOfPage":{"@id":"https:\/\/fashionmuseum.shop\/lv\/prece\/futurliberty-copy-copy-copy-copy-copy\/#primaryimage"},"image":{"@id":"https:\/\/fashionmuseum.shop\/lv\/prece\/futurliberty-copy-copy-copy-copy-copy\/#primaryimage"},"thumbnailUrl":"https:\/\/i0.wp.com\/fashionmuseum.shop\/wp-content\/uploads\/2023\/11\/9780500021958_henry-poole-and-co.webp?fit=720%2C720&ssl=1","datePublished":"2023-11-24T14:27:27+00:00","dateModified":"2023-11-29T09:07:07+00:00","breadcrumb":{"@id":"https:\/\/fashionmuseum.shop\/lv\/prece\/futurliberty-copy-copy-copy-copy-copy\/#breadcrumb"},"inLanguage":"lv-LV","potentialAction":[{"@type":"ReadAction","target":["https:\/\/fashionmuseum.shop\/lv\/prece\/futurliberty-copy-copy-copy-copy-copy\/"]}]},{"@type":"ImageObject","inLanguage":"lv-LV","@id":"https:\/\/fashionmuseum.shop\/lv\/prece\/futurliberty-copy-copy-copy-copy-copy\/#primaryimage","url":"https:\/\/i0.wp.com\/fashionmuseum.shop\/wp-content\/uploads\/2023\/11\/9780500021958_henry-poole-and-co.webp?fit=720%2C720&ssl=1","contentUrl":"https:\/\/i0.wp.com\/fashionmuseum.shop\/wp-content\/uploads\/2023\/11\/9780500021958_henry-poole-and-co.webp?fit=720%2C720&ssl=1","width":720,"height":720},{"@type":"BreadcrumbList","@id":"https:\/\/fashionmuseum.shop\/lv\/prece\/futurliberty-copy-copy-copy-copy-copy\/#breadcrumb","itemListElement":[{"@type":"ListItem","position":1,"name":"Home","item":"https:\/\/fashionmuseum.shop\/lv\/"},{"@type":"ListItem","position":2,"name":"Products","item":"https:\/\/fashionmuseum.shop\/lv\/shop\/"},{"@type":"ListItem","position":3,"name":"Henry Poole &amp; Co.: The First Tailor of Savile Row"}]},{"@type":"WebSite","@id":"https:\/\/fashionmuseum.shop\/lv\/#website","url":"https:\/\/fashionmuseum.shop\/lv\/","name":"Fashion Museum Online Store","description":"Fashion Museum Riga Online Store provides a wide selection of books about fashion and fashion history.","publisher":{"@id":"https:\/\/fashionmuseum.shop\/lv\/#organization"},"potentialAction":[{"@type":"SearchAction","target":{"@type":"EntryPoint","urlTemplate":"https:\/\/fashionmuseum.shop\/lv\/?s={search_term_string}"},"query-input":{"@type":"PropertyValueSpecification","valueRequired":true,"valueName":"search_term_string"}}],"inLanguage":"lv-LV"},{"@type":"Organization","@id":"https:\/\/fashionmuseum.shop\/lv\/#organization","name":"Modes muzejs","url":"https:\/\/fashionmuseum.shop\/lv\/","logo":{"@type":"ImageObject","inLanguage":"lv-LV","@id":"https:\/\/fashionmuseum.shop\/lv\/#\/schema\/logo\/image\/","url":"https:\/\/i1.wp.com\/fashionmuseum.shop\/wp-content\/uploads\/2020\/04\/apple-touch-icon.png?fit=180%2C180&ssl=1","contentUrl":"https:\/\/i1.wp.com\/fashionmuseum.shop\/wp-content\/uploads\/2020\/04\/apple-touch-icon.png?fit=180%2C180&ssl=1","width":180,"height":180,"caption":"Modes muzejs"},"image":{"@id":"https:\/\/fashionmuseum.shop\/lv\/#\/schema\/logo\/image\/"}}]}},"jetpack_publicize_connections":[],"jetpack_likes_enabled":false,"jetpack_sharing_enabled":true,"amp_enabled":true,"_links":{"self":[{"href":"https:\/\/fashionmuseum.shop\/lv\/wp-json\/wp\/v2\/product\/28325","targetHints":{"allow":["GET"]}}],"collection":[{"href":"https:\/\/fashionmuseum.shop\/lv\/wp-json\/wp\/v2\/product"}],"about":[{"href":"https:\/\/fashionmuseum.shop\/lv\/wp-json\/wp\/v2\/types\/product"}],"wp:featuredmedia":[{"embeddable":true,"href":"https:\/\/fashionmuseum.shop\/lv\/wp-json\/wp\/v2\/media\/28329"}],"wp:attachment":[{"href":"https:\/\/fashionmuseum.shop\/lv\/wp-json\/wp\/v2\/media?parent=28325"}],"wp:term":[{"taxonomy":"product_brand","embeddable":true,"href":"https:\/\/fashionmuseum.shop\/lv\/wp-json\/wp\/v2\/product_brand?post=28325"},{"taxonomy":"product_cat","embeddable":true,"href":"https:\/\/fashionmuseum.shop\/lv\/wp-json\/wp\/v2\/product_cat?post=28325"},{"taxonomy":"product_tag","embeddable":true,"href":"https:\/\/fashionmuseum.shop\/lv\/wp-json\/wp\/v2\/product_tag?post=28325"}],"curies":[{"name":"wp","href":"https:\/\/api.w.org\/{rel}","templated":true}]}}