{"id":28994,"date":"2023-12-03T15:14:35","date_gmt":"2023-12-03T13:14:35","guid":{"rendered":"https:\/\/fashionmuseum.shop\/?post_type=product&#038;p=28994"},"modified":"2023-12-03T15:25:53","modified_gmt":"2023-12-03T13:25:53","slug":"%d0%b1%d0%b5%d0%bb%d1%8b%d0%b9-%d0%b8%d1%81%d1%82%d0%be%d1%80%d0%b8%d1%8f-%d1%86%d0%b2%d0%b5%d1%82%d0%b0","status":"publish","type":"product","link":"https:\/\/fashionmuseum.shop\/lv\/prece\/%d0%b1%d0%b5%d0%bb%d1%8b%d0%b9-%d0%b8%d1%81%d1%82%d0%be%d1%80%d0%b8%d1%8f-%d1%86%d0%b2%d0%b5%d1%82%d0%b0\/","title":{"rendered":"\u0411\u0435\u043b\u044b\u0439. \u0418\u0441\u0442\u043e\u0440\u0438\u044f \u0446\u0432\u0435\u0442\u0430"},"content":{"rendered":"<p><em><strong>Izdev\u0113ja gr\u0101matas anot\u0101cija:<\/strong><\/em><\/p>\n<p>\u00ab\u0411\u0435\u043b\u044b\u0439\u00bb \u2014 \u043e\u0447\u0435\u0440\u0435\u0434\u043d\u043e\u0439 \u0442\u043e\u043c \u041c. \u041f\u0430\u0441\u0442\u0443\u0440\u043e, \u0434\u043e\u043f\u043e\u043b\u043d\u044f\u044e\u0449\u0438\u0439 \u0435\u0433\u043e \u043f\u0440\u0435\u0434\u044b\u0434\u0443\u0449\u0438\u0435 \u0438\u0441\u0441\u043b\u0435\u0434\u043e\u0432\u0430\u043d\u0438\u044f \u043e\u0431 \u0438\u0441\u0442\u043e\u0440\u0438\u0438 \u0446\u0432\u0435\u0442\u0430 \u0432 \u0417\u0430\u043f\u0430\u0434\u043d\u043e\u0439 \u0415\u0432\u0440\u043e\u043f\u0435 \u043d\u0430 \u043f\u0440\u043e\u0442\u044f\u0436\u0435\u043d\u0438\u0438 \u0432\u0435\u043a\u043e\u0432. \u041e\u0442\u0434\u0430\u0432\u0430\u044f \u0434\u043e\u043b\u0436\u043d\u043e\u0435 \u0434\u0435\u0431\u0430\u0442\u0430\u043c \u043e \u0442\u043e\u043c, \u044f\u0432\u043b\u044f\u0435\u0442\u0441\u044f \u043b\u0438 \u0431\u0435\u043b\u044b\u0439 \u2014 \u0446\u0432\u0435\u0442\u043e\u043c, \u0430\u0432\u0442\u043e\u0440 \u043f\u0440\u0435\u0434\u043b\u0430\u0433\u0430\u0435\u0442 \u043d\u0430\u043c \u043f\u0440\u0438 \u043f\u0440\u043e\u0432\u0435\u0434\u0435\u043d\u0438\u0438 \u0438\u0441\u0442\u043e\u0440\u0438\u0447\u0435\u0441\u043a\u043e\u0433\u043e \u0430\u043d\u0430\u043b\u0438\u0437\u0430 \u0443\u0447\u0438\u0442\u044b\u0432\u0430\u0442\u044c \u0435\u0433\u043e \u043f\u043e\u043b\u043d\u043e\u0446\u0435\u043d\u043d\u044b\u0439 \u0445\u0440\u043e\u043c\u0430\u0442\u0438\u0447\u0435\u0441\u043a\u0438\u0439 \u0441\u0442\u0430\u0442\u0443\u0441. \u041d\u0430 \u044d\u0442\u043e\u0442 \u0440\u0430\u0437 \u0444\u0440\u0430\u043d\u0446\u0443\u0437\u0441\u043a\u0438\u0439 \u043c\u0435\u0434\u0438\u0435\u0432\u0438\u0441\u0442 \u0437\u0430\u0434\u0430\u0435\u0442\u0441\u044f \u0432\u043e\u043f\u0440\u043e\u0441\u043e\u043c, \u043a\u0430\u043a \u0432 \u0440\u0430\u0437\u043d\u043e\u0435 \u0432\u0440\u0435\u043c\u044f \u0432\u043e\u0441\u043f\u0440\u0438\u043d\u0438\u043c\u0430\u043b\u0441\u044f \u0431\u0435\u043b\u044b\u0439: \u0431\u044b\u043b \u043b\u0438 \u043e\u043d \u0441\u0438\u043d\u043e\u043d\u0438\u043c\u043e\u043c \u0431\u0435\u0441\u0446\u0432\u0435\u0442\u043d\u043e\u0441\u0442\u0438? \u041e\u0431\u043b\u0430\u0434\u0430\u043b \u043b\u0438 \u043e\u0434\u043d\u043e\u0437\u043d\u0430\u0447\u043d\u043e \u043f\u043e\u043b\u043e\u0436\u0438\u0442\u0435\u043b\u044c\u043d\u043e\u0439 \u043a\u043e\u043d\u043d\u043e\u0442\u0430\u0446\u0438\u0435\u0439? \u0412 \u043a\u043d\u0438\u0433\u0435 \u0440\u0430\u0441\u0441\u043c\u0430\u0442\u0440\u0438\u0432\u0430\u044e\u0442\u0441\u044f \u0440\u0430\u0437\u043d\u044b\u0435 \u0433\u0440\u0430\u043d\u0438 \u0431\u0435\u043b\u043e\u0433\u043e, \u0435\u0433\u043e \u044d\u0432\u043e\u043b\u044e\u0446\u0438\u044f \u043e\u0442 \u0446\u0432\u0435\u0442\u0430 \u0440\u0435\u043b\u0438\u0433\u0438\u043e\u0437\u043d\u043e\u0433\u043e \u043a\u0443\u043b\u044c\u0442\u0430 (\u0430\u043d\u0430\u043b\u043e\u0433\u0430 \u0441\u0430\u043a\u0440\u0430\u043b\u044c\u043d\u043e\u0433\u043e) \u0438 \u043c\u043e\u043d\u0430\u0440\u0445\u0438\u0438 \u0434\u043e \u0430\u043a\u0442\u0438\u0432\u043d\u043e\u0433\u043e \u0432\u043d\u0435\u0434\u0440\u0435\u043d\u0438\u044f \u0431\u0435\u043b\u043e\u0433\u043e \u0432 \u0441\u043f\u043e\u0440\u0442\u0438\u0432\u043d\u0443\u044e \u0438 \u043c\u0435\u0434\u0438\u0446\u0438\u043d\u0441\u043a\u0443\u044e \u0441\u0444\u0435\u0440\u044b \u0432 \u043d\u043e\u0432\u0435\u0439\u0448\u0435\u0439 \u0438\u0441\u0442\u043e\u0440\u0438\u0438, \u0430 \u0442\u0430\u043a\u0436\u0435 \u0432 \u043f\u0440\u0435\u0434\u0441\u0442\u0430\u0432\u043b\u0435\u043d\u0438\u044f \u043e \u0433\u0438\u0433\u0438\u0435\u043d\u0435 \u043d\u0430 \u0441\u0435\u0433\u043e\u0434\u043d\u044f\u0448\u043d\u0438\u0439 \u0434\u0435\u043d\u044c. \u041f\u0430\u0441\u0442\u0443\u0440\u043e \u0443\u0434\u0435\u043b\u044f\u0435\u0442 \u043e\u0441\u043e\u0431\u043e\u0435 \u0432\u043d\u0438\u043c\u0430\u043d\u0438\u0435 \u0434\u0443\u0430\u043b\u0438\u0437\u043c\u0443 \u0438 \u0441\u0432\u044f\u0437\u043a\u0435 \u0431\u0435\u043b\u044b\u0439-\u0447\u0435\u0440\u043d\u044b\u0439 \u0438 \u0431\u0435\u043b\u044b\u0439-\u043a\u0440\u0430\u0441\u043d\u044b\u0439, \u0433\u0434\u0435 \u044d\u0442\u0438 \u0446\u0432\u0435\u0442\u0430 \u0441\u0442\u0430\u043d\u043e\u0432\u044f\u0442\u0441\u044f \u0430\u043d\u0442\u0438\u043f\u043e\u0434\u0430\u043c\u0438 \u0434\u0440\u0443\u0433 \u0434\u0440\u0443\u0433\u0430. \u0414\u0430\u043d\u043d\u043e\u0435 \u0438\u0441\u0441\u043b\u0435\u0434\u043e\u0432\u0430\u043d\u0438\u0435 \u043f\u0440\u043e\u043b\u0438\u0432\u0430\u0435\u0442 \u0441\u0432\u0435\u0442 \u043d\u0430 \u043f\u043e\u0434\u0432\u0438\u0436\u043d\u0443\u044e \u0441\u0438\u043c\u0432\u043e\u043b\u0438\u043a\u0443 \u0431\u0435\u043b\u043e\u0433\u043e \u0438 \u043d\u0430 \u0435\u0433\u043e \u0440\u043e\u043b\u044c \u0432 \u0440\u0430\u0437\u043d\u044b\u0445 \u0438\u0441\u0442\u043e\u0440\u0438\u0447\u0435\u0441\u043a\u0438\u0445 \u043a\u043e\u043d\u0442\u0435\u043a\u0441\u0442\u0430\u0445 \u043e\u0442 \u0434\u0440\u0435\u0432\u043d\u0438\u0445 \u0432\u0440\u0435\u043c\u0435\u043d \u0434\u043e \u043d\u0430\u0448\u0438\u0445 \u0434\u043d\u0435\u0439. \u041c\u0438\u0448\u0435\u043b\u044c \u041f\u0430\u0441\u0442\u0443\u0440\u043e \u2014 \u0438\u0441\u0442\u043e\u0440\u0438\u043a-\u043c\u0435\u0434\u0438\u0435\u0432\u0438\u0441\u0442, \u043f\u0440\u043e\u0444\u0435\u0441\u0441\u043e\u0440 \u041f\u0440\u0430\u043a\u0442\u0438\u0447\u0435\u0441\u043a\u043e\u0439 \u0448\u043a\u043e\u043b\u044b \u0432\u044b\u0441\u0448\u0438\u0445 \u0438\u0441\u0441\u043b\u0435\u0434\u043e\u0432\u0430\u043d\u0438\u0439 \u0432 \u041f\u0430\u0440\u0438\u0436\u0435, \u0430\u0432\u0442\u043e\u0440 \u043a\u043d\u0438\u0433 \u00ab\u0427\u0435\u0440\u043d\u044b\u0439\u00bb, \u00ab\u0421\u0438\u043d\u0438\u0439\u00bb, \u00ab\u0417\u0435\u043b\u0435\u043d\u044b\u0439\u00bb, \u00ab\u041a\u0440\u0430\u0441\u043d\u044b\u0439\u00bb, \u00ab\u0416\u0435\u043b\u0442\u044b\u0439\u00bb \u0438 \u00ab\u0414\u044c\u044f\u0432\u043e\u043b\u044c\u0441\u043a\u0430\u044f \u043c\u0430\u0442\u0435\u0440\u0438\u044f. \u0418\u0441\u0442\u043e\u0440\u0438\u044f \u043f\u043e\u043b\u043e\u0441\u043e\u043a \u0438 \u043f\u043e\u043b\u043e\u0441\u0430\u0442\u044b\u0445 \u0442\u043a\u0430\u043d\u0435\u0439\u00bb, \u0432\u044b\u0448\u0435\u0434\u0448\u0438\u0445 \u0432 \u0438\u0437\u0434\u0430\u0442\u0435\u043b\u044c\u0441\u0442\u0432\u0435 \u00ab\u041d\u041b\u041e\u00bb.<\/p>\n<p>This book is brought by\u00a0<strong><a href=\"https:\/\/fashionmuseum.shop\/publisher\/%D0%BD%D0%BE%D0%B2%D0%BE%D0%B5-%D0%BB%D0%B8%D1%82%D0%B5%D1%80%D0%B0%D1%82%D1%83%D1%80%D0%BD%D0%BE%D0%B5-%D0%BE%D0%B1%D0%BE%D0%B7%D1%80%D0%B5%D0%BD%D0%B8%D0%B5\/\">\u041d\u043e\u0432\u043e\u0435 \u043b\u0438\u0442\u0435\u0440\u0430\u0442\u0443\u0440\u043d\u043e\u0435 \u043e\u0431\u043e\u0437\u0440\u0435\u043d\u0438\u0435<\/a><\/strong>, ISBN 9785444821633<\/p>\n","protected":false},"excerpt":{"rendered":"<p><strong><a href=\"https:\/\/fashionmuseum.shop\/lv\/book-author\/\u043c\u0438\u0448\u0435\u043b\u044c-\u043f\u0430\u0441\u0442\u0443\u0440\u043e-lv\/\">\u041c\u0438\u0448\u0435\u043b\u044c \u041f\u0430\u0441\u0442\u0443\u0440\u043e<\/a><\/strong><\/p>\n<p><em><strong>K\u0101p\u0113c m\u0113s\u00a0izv\u0113l\u0113j\u0101mies\u00a0\u0161o gr\u0101matu:<\/strong><\/em><\/p>\n<p>Viduslaiku v\u0113stures un Rietumu simbolikas p\u0113tnieka Mi\u0161ela Pasturo gr\u0101mata velt\u012bta balt\u0101s kr\u0101sas v\u0113sturei un semantikai. Jau pa\u0161\u0101 s\u0101kum\u0101 t\u0101 uzdod \u0137ecer\u012bgu jaut\u0101jumu \u2013 vai balt\u0101 visp\u0101r ir kr\u0101sa? \u2013 Ir, turkl\u0101t ar fascin\u0113jo\u0161u v\u0113sturi, dzi\u013cu, senu simboliku, kas atspogu\u013cojas ar\u012b m\u016bsdien\u0101s. Gr\u0101mat\u0101 autors piev\u0113r\u0161as ar\u012b balt\u0101s un meln\u0101s, k\u0101 ar\u012b balt\u0101s un sarkan\u0101s kr\u0101sas pretrun\u012bgaj\u0101m attiec\u012bb\u0101m. Izdevums patiks ikvienam, kuru interes\u0113 kr\u0101sas, to semantika, v\u0113sture un noz\u012bme.<\/p>\n","protected":false},"featured_media":28999,"template":"","meta":{"_coblocks_attr":"","_coblocks_dimensions":"","_coblocks_responsive_height":"","_coblocks_accordion_ie_support":"","_crdt_document":"","jetpack_publicize_message":"","jetpack_publicize_feature_enabled":true,"jetpack_social_post_already_shared":true,"jetpack_social_options":{"image_generator_settings":{"template":"highway","default_image_id":0,"font":"","enabled":false},"version":2},"_wpas_customize_per_network":false},"product_brand":[],"product_cat":[1613,2691,1605,2418],"product_tag":[3099,3900,3650,3881,3368],"class_list":{"0":"post-28994","1":"product","2":"type-product","3":"status-publish","4":"has-post-thumbnail","6":"product_cat-gramatas-krievu-valoda","7":"product_cat-gramatas-par-krasu-vesturi","8":"product_cat-gramatas-par-modes-vesturi","9":"product_cat-gramatas","10":"product_tag-balts","11":"product_tag-colour-lv","12":"product_tag-colours-lv","13":"product_tag-gift-lv","14":"product_tag-vesture","15":"pa_book-author---lv","16":"pa_language-krievu","17":"pa_publisher----lv","19":"first","20":"instock","21":"shipping-taxable","22":"purchasable","23":"product-type-simple"},"yoast_head":"<!-- This site is optimized with the Yoast SEO plugin v27.4 - https:\/\/yoast.com\/product\/yoast-seo-wordpress\/ -->\n<title>\u0411\u0435\u043b\u044b\u0439. \u0418\u0441\u0442\u043e\u0440\u0438\u044f \u0446\u0432\u0435\u0442\u0430 - Fashion Museum Riga Online Store<\/title>\n<meta name=\"robots\" content=\"index, follow, max-snippet:-1, max-image-preview:large, max-video-preview:-1\" \/>\n<link rel=\"canonical\" href=\"https:\/\/fashionmuseum.shop\/lv\/prece\/%d0%b1%d0%b5%d0%bb%d1%8b%d0%b9-%d0%b8%d1%81%d1%82%d0%be%d1%80%d0%b8%d1%8f-%d1%86%d0%b2%d0%b5%d1%82%d0%b0\/\" \/>\n<meta property=\"og:locale\" content=\"lv_LV\" \/>\n<meta property=\"og:type\" content=\"article\" \/>\n<meta property=\"og:title\" content=\"\u0411\u0435\u043b\u044b\u0439. \u0418\u0441\u0442\u043e\u0440\u0438\u044f \u0446\u0432\u0435\u0442\u0430 - Fashion Museum Riga Online Store\" \/>\n<meta property=\"og:description\" content=\"\u041c\u0438\u0448\u0435\u043b\u044c \u041f\u0430\u0441\u0442\u0443\u0440\u043e  K\u0101p\u0113c m\u0113s\u00a0izv\u0113l\u0113j\u0101mies\u00a0\u0161o gr\u0101matu:  Viduslaiku v\u0113stures un Rietumu simbolikas p\u0113tnieka Mi\u0161ela Pasturo gr\u0101mata velt\u012bta balt\u0101s kr\u0101sas v\u0113sturei un semantikai. Jau pa\u0161\u0101 s\u0101kum\u0101 t\u0101 uzdod \u0137ecer\u012bgu jaut\u0101jumu \u2013 vai balt\u0101 visp\u0101r ir kr\u0101sa? \u2013 Ir, turkl\u0101t ar fascin\u0113jo\u0161u v\u0113sturi, dzi\u013cu, senu simboliku, kas atspogu\u013cojas ar\u012b m\u016bsdien\u0101s. Gr\u0101mat\u0101 autors piev\u0113r\u0161as ar\u012b balt\u0101s un meln\u0101s, k\u0101 ar\u012b balt\u0101s un sarkan\u0101s kr\u0101sas pretrun\u012bgaj\u0101m attiec\u012bb\u0101m. Izdevums patiks ikvienam, kuru interes\u0113 kr\u0101sas, to semantika, v\u0113sture un noz\u012bme.\" \/>\n<meta property=\"og:url\" content=\"https:\/\/fashionmuseum.shop\/lv\/prece\/%d0%b1%d0%b5%d0%bb%d1%8b%d0%b9-%d0%b8%d1%81%d1%82%d0%be%d1%80%d0%b8%d1%8f-%d1%86%d0%b2%d0%b5%d1%82%d0%b0\/\" \/>\n<meta property=\"og:site_name\" content=\"Fashion Museum Riga Online Store\" \/>\n<meta property=\"article:modified_time\" content=\"2023-12-03T13:25:53+00:00\" \/>\n<meta property=\"og:image\" content=\"https:\/\/fashionmuseum.shop\/wp-content\/uploads\/2023\/12\/Pastoureau_Blanc_cover.jpg\" \/>\n\t<meta property=\"og:image:width\" content=\"1003\" \/>\n\t<meta property=\"og:image:height\" content=\"1451\" \/>\n\t<meta property=\"og:image:type\" content=\"image\/jpeg\" \/>\n<meta name=\"twitter:card\" content=\"summary_large_image\" \/>\n<script type=\"application\/ld+json\" class=\"yoast-schema-graph\">{\"@context\":\"https:\\\/\\\/schema.org\",\"@graph\":[{\"@type\":\"WebPage\",\"@id\":\"https:\\\/\\\/fashionmuseum.shop\\\/lv\\\/prece\\\/%d0%b1%d0%b5%d0%bb%d1%8b%d0%b9-%d0%b8%d1%81%d1%82%d0%be%d1%80%d0%b8%d1%8f-%d1%86%d0%b2%d0%b5%d1%82%d0%b0\\\/\",\"url\":\"https:\\\/\\\/fashionmuseum.shop\\\/lv\\\/prece\\\/%d0%b1%d0%b5%d0%bb%d1%8b%d0%b9-%d0%b8%d1%81%d1%82%d0%be%d1%80%d0%b8%d1%8f-%d1%86%d0%b2%d0%b5%d1%82%d0%b0\\\/\",\"name\":\"\u0411\u0435\u043b\u044b\u0439. \u0418\u0441\u0442\u043e\u0440\u0438\u044f \u0446\u0432\u0435\u0442\u0430 - Fashion Museum Riga Online Store\",\"isPartOf\":{\"@id\":\"https:\\\/\\\/fashionmuseum.shop\\\/lv\\\/#website\"},\"primaryImageOfPage\":{\"@id\":\"https:\\\/\\\/fashionmuseum.shop\\\/lv\\\/prece\\\/%d0%b1%d0%b5%d0%bb%d1%8b%d0%b9-%d0%b8%d1%81%d1%82%d0%be%d1%80%d0%b8%d1%8f-%d1%86%d0%b2%d0%b5%d1%82%d0%b0\\\/#primaryimage\"},\"image\":{\"@id\":\"https:\\\/\\\/fashionmuseum.shop\\\/lv\\\/prece\\\/%d0%b1%d0%b5%d0%bb%d1%8b%d0%b9-%d0%b8%d1%81%d1%82%d0%be%d1%80%d0%b8%d1%8f-%d1%86%d0%b2%d0%b5%d1%82%d0%b0\\\/#primaryimage\"},\"thumbnailUrl\":\"https:\\\/\\\/i0.wp.com\\\/fashionmuseum.shop\\\/wp-content\\\/uploads\\\/2023\\\/12\\\/Pastoureau_Blanc_cover.jpg?fit=1003%2C1451&ssl=1\",\"datePublished\":\"2023-12-03T13:14:35+00:00\",\"dateModified\":\"2023-12-03T13:25:53+00:00\",\"breadcrumb\":{\"@id\":\"https:\\\/\\\/fashionmuseum.shop\\\/lv\\\/prece\\\/%d0%b1%d0%b5%d0%bb%d1%8b%d0%b9-%d0%b8%d1%81%d1%82%d0%be%d1%80%d0%b8%d1%8f-%d1%86%d0%b2%d0%b5%d1%82%d0%b0\\\/#breadcrumb\"},\"inLanguage\":\"lv-LV\",\"potentialAction\":[{\"@type\":\"ReadAction\",\"target\":[\"https:\\\/\\\/fashionmuseum.shop\\\/lv\\\/prece\\\/%d0%b1%d0%b5%d0%bb%d1%8b%d0%b9-%d0%b8%d1%81%d1%82%d0%be%d1%80%d0%b8%d1%8f-%d1%86%d0%b2%d0%b5%d1%82%d0%b0\\\/\"]}]},{\"@type\":\"ImageObject\",\"inLanguage\":\"lv-LV\",\"@id\":\"https:\\\/\\\/fashionmuseum.shop\\\/lv\\\/prece\\\/%d0%b1%d0%b5%d0%bb%d1%8b%d0%b9-%d0%b8%d1%81%d1%82%d0%be%d1%80%d0%b8%d1%8f-%d1%86%d0%b2%d0%b5%d1%82%d0%b0\\\/#primaryimage\",\"url\":\"https:\\\/\\\/i0.wp.com\\\/fashionmuseum.shop\\\/wp-content\\\/uploads\\\/2023\\\/12\\\/Pastoureau_Blanc_cover.jpg?fit=1003%2C1451&ssl=1\",\"contentUrl\":\"https:\\\/\\\/i0.wp.com\\\/fashionmuseum.shop\\\/wp-content\\\/uploads\\\/2023\\\/12\\\/Pastoureau_Blanc_cover.jpg?fit=1003%2C1451&ssl=1\",\"width\":1003,\"height\":1451},{\"@type\":\"BreadcrumbList\",\"@id\":\"https:\\\/\\\/fashionmuseum.shop\\\/lv\\\/prece\\\/%d0%b1%d0%b5%d0%bb%d1%8b%d0%b9-%d0%b8%d1%81%d1%82%d0%be%d1%80%d0%b8%d1%8f-%d1%86%d0%b2%d0%b5%d1%82%d0%b0\\\/#breadcrumb\",\"itemListElement\":[{\"@type\":\"ListItem\",\"position\":1,\"name\":\"Home\",\"item\":\"https:\\\/\\\/fashionmuseum.shop\\\/lv\\\/\"},{\"@type\":\"ListItem\",\"position\":2,\"name\":\"Products\",\"item\":\"https:\\\/\\\/fashionmuseum.shop\\\/lv\\\/shop\\\/\"},{\"@type\":\"ListItem\",\"position\":3,\"name\":\"\u0411\u0435\u043b\u044b\u0439. \u0418\u0441\u0442\u043e\u0440\u0438\u044f \u0446\u0432\u0435\u0442\u0430\"}]},{\"@type\":\"WebSite\",\"@id\":\"https:\\\/\\\/fashionmuseum.shop\\\/lv\\\/#website\",\"url\":\"https:\\\/\\\/fashionmuseum.shop\\\/lv\\\/\",\"name\":\"Fashion Museum Online Store\",\"description\":\"Fashion Museum Riga Online Store provides a wide selection of books about fashion and fashion history.\",\"publisher\":{\"@id\":\"https:\\\/\\\/fashionmuseum.shop\\\/lv\\\/#organization\"},\"potentialAction\":[{\"@type\":\"SearchAction\",\"target\":{\"@type\":\"EntryPoint\",\"urlTemplate\":\"https:\\\/\\\/fashionmuseum.shop\\\/lv\\\/?s={search_term_string}\"},\"query-input\":{\"@type\":\"PropertyValueSpecification\",\"valueRequired\":true,\"valueName\":\"search_term_string\"}}],\"inLanguage\":\"lv-LV\"},{\"@type\":\"Organization\",\"@id\":\"https:\\\/\\\/fashionmuseum.shop\\\/lv\\\/#organization\",\"name\":\"Modes muzejs\",\"url\":\"https:\\\/\\\/fashionmuseum.shop\\\/lv\\\/\",\"logo\":{\"@type\":\"ImageObject\",\"inLanguage\":\"lv-LV\",\"@id\":\"https:\\\/\\\/fashionmuseum.shop\\\/lv\\\/#\\\/schema\\\/logo\\\/image\\\/\",\"url\":\"https:\\\/\\\/i1.wp.com\\\/fashionmuseum.shop\\\/wp-content\\\/uploads\\\/2020\\\/04\\\/apple-touch-icon.png?fit=180%2C180&ssl=1\",\"contentUrl\":\"https:\\\/\\\/i1.wp.com\\\/fashionmuseum.shop\\\/wp-content\\\/uploads\\\/2020\\\/04\\\/apple-touch-icon.png?fit=180%2C180&ssl=1\",\"width\":180,\"height\":180,\"caption\":\"Modes muzejs\"},\"image\":{\"@id\":\"https:\\\/\\\/fashionmuseum.shop\\\/lv\\\/#\\\/schema\\\/logo\\\/image\\\/\"}}]}<\/script>\n<!-- \/ Yoast SEO plugin. -->","yoast_head_json":{"title":"\u0411\u0435\u043b\u044b\u0439. \u0418\u0441\u0442\u043e\u0440\u0438\u044f \u0446\u0432\u0435\u0442\u0430 - Fashion Museum Riga Online Store","robots":{"index":"index","follow":"follow","max-snippet":"max-snippet:-1","max-image-preview":"max-image-preview:large","max-video-preview":"max-video-preview:-1"},"canonical":"https:\/\/fashionmuseum.shop\/lv\/prece\/%d0%b1%d0%b5%d0%bb%d1%8b%d0%b9-%d0%b8%d1%81%d1%82%d0%be%d1%80%d0%b8%d1%8f-%d1%86%d0%b2%d0%b5%d1%82%d0%b0\/","og_locale":"lv_LV","og_type":"article","og_title":"\u0411\u0435\u043b\u044b\u0439. \u0418\u0441\u0442\u043e\u0440\u0438\u044f \u0446\u0432\u0435\u0442\u0430 - Fashion Museum Riga Online Store","og_description":"\u041c\u0438\u0448\u0435\u043b\u044c \u041f\u0430\u0441\u0442\u0443\u0440\u043e  K\u0101p\u0113c m\u0113s\u00a0izv\u0113l\u0113j\u0101mies\u00a0\u0161o gr\u0101matu:  Viduslaiku v\u0113stures un Rietumu simbolikas p\u0113tnieka Mi\u0161ela Pasturo gr\u0101mata velt\u012bta balt\u0101s kr\u0101sas v\u0113sturei un semantikai. Jau pa\u0161\u0101 s\u0101kum\u0101 t\u0101 uzdod \u0137ecer\u012bgu jaut\u0101jumu \u2013 vai balt\u0101 visp\u0101r ir kr\u0101sa? \u2013 Ir, turkl\u0101t ar fascin\u0113jo\u0161u v\u0113sturi, dzi\u013cu, senu simboliku, kas atspogu\u013cojas ar\u012b m\u016bsdien\u0101s. Gr\u0101mat\u0101 autors piev\u0113r\u0161as ar\u012b balt\u0101s un meln\u0101s, k\u0101 ar\u012b balt\u0101s un sarkan\u0101s kr\u0101sas pretrun\u012bgaj\u0101m attiec\u012bb\u0101m. Izdevums patiks ikvienam, kuru interes\u0113 kr\u0101sas, to semantika, v\u0113sture un noz\u012bme.","og_url":"https:\/\/fashionmuseum.shop\/lv\/prece\/%d0%b1%d0%b5%d0%bb%d1%8b%d0%b9-%d0%b8%d1%81%d1%82%d0%be%d1%80%d0%b8%d1%8f-%d1%86%d0%b2%d0%b5%d1%82%d0%b0\/","og_site_name":"Fashion Museum Riga Online Store","article_modified_time":"2023-12-03T13:25:53+00:00","og_image":[{"width":1003,"height":1451,"url":"https:\/\/fashionmuseum.shop\/wp-content\/uploads\/2023\/12\/Pastoureau_Blanc_cover.jpg","type":"image\/jpeg"}],"twitter_card":"summary_large_image","schema":{"@context":"https:\/\/schema.org","@graph":[{"@type":"WebPage","@id":"https:\/\/fashionmuseum.shop\/lv\/prece\/%d0%b1%d0%b5%d0%bb%d1%8b%d0%b9-%d0%b8%d1%81%d1%82%d0%be%d1%80%d0%b8%d1%8f-%d1%86%d0%b2%d0%b5%d1%82%d0%b0\/","url":"https:\/\/fashionmuseum.shop\/lv\/prece\/%d0%b1%d0%b5%d0%bb%d1%8b%d0%b9-%d0%b8%d1%81%d1%82%d0%be%d1%80%d0%b8%d1%8f-%d1%86%d0%b2%d0%b5%d1%82%d0%b0\/","name":"\u0411\u0435\u043b\u044b\u0439. \u0418\u0441\u0442\u043e\u0440\u0438\u044f \u0446\u0432\u0435\u0442\u0430 - Fashion Museum Riga Online Store","isPartOf":{"@id":"https:\/\/fashionmuseum.shop\/lv\/#website"},"primaryImageOfPage":{"@id":"https:\/\/fashionmuseum.shop\/lv\/prece\/%d0%b1%d0%b5%d0%bb%d1%8b%d0%b9-%d0%b8%d1%81%d1%82%d0%be%d1%80%d0%b8%d1%8f-%d1%86%d0%b2%d0%b5%d1%82%d0%b0\/#primaryimage"},"image":{"@id":"https:\/\/fashionmuseum.shop\/lv\/prece\/%d0%b1%d0%b5%d0%bb%d1%8b%d0%b9-%d0%b8%d1%81%d1%82%d0%be%d1%80%d0%b8%d1%8f-%d1%86%d0%b2%d0%b5%d1%82%d0%b0\/#primaryimage"},"thumbnailUrl":"https:\/\/i0.wp.com\/fashionmuseum.shop\/wp-content\/uploads\/2023\/12\/Pastoureau_Blanc_cover.jpg?fit=1003%2C1451&ssl=1","datePublished":"2023-12-03T13:14:35+00:00","dateModified":"2023-12-03T13:25:53+00:00","breadcrumb":{"@id":"https:\/\/fashionmuseum.shop\/lv\/prece\/%d0%b1%d0%b5%d0%bb%d1%8b%d0%b9-%d0%b8%d1%81%d1%82%d0%be%d1%80%d0%b8%d1%8f-%d1%86%d0%b2%d0%b5%d1%82%d0%b0\/#breadcrumb"},"inLanguage":"lv-LV","potentialAction":[{"@type":"ReadAction","target":["https:\/\/fashionmuseum.shop\/lv\/prece\/%d0%b1%d0%b5%d0%bb%d1%8b%d0%b9-%d0%b8%d1%81%d1%82%d0%be%d1%80%d0%b8%d1%8f-%d1%86%d0%b2%d0%b5%d1%82%d0%b0\/"]}]},{"@type":"ImageObject","inLanguage":"lv-LV","@id":"https:\/\/fashionmuseum.shop\/lv\/prece\/%d0%b1%d0%b5%d0%bb%d1%8b%d0%b9-%d0%b8%d1%81%d1%82%d0%be%d1%80%d0%b8%d1%8f-%d1%86%d0%b2%d0%b5%d1%82%d0%b0\/#primaryimage","url":"https:\/\/i0.wp.com\/fashionmuseum.shop\/wp-content\/uploads\/2023\/12\/Pastoureau_Blanc_cover.jpg?fit=1003%2C1451&ssl=1","contentUrl":"https:\/\/i0.wp.com\/fashionmuseum.shop\/wp-content\/uploads\/2023\/12\/Pastoureau_Blanc_cover.jpg?fit=1003%2C1451&ssl=1","width":1003,"height":1451},{"@type":"BreadcrumbList","@id":"https:\/\/fashionmuseum.shop\/lv\/prece\/%d0%b1%d0%b5%d0%bb%d1%8b%d0%b9-%d0%b8%d1%81%d1%82%d0%be%d1%80%d0%b8%d1%8f-%d1%86%d0%b2%d0%b5%d1%82%d0%b0\/#breadcrumb","itemListElement":[{"@type":"ListItem","position":1,"name":"Home","item":"https:\/\/fashionmuseum.shop\/lv\/"},{"@type":"ListItem","position":2,"name":"Products","item":"https:\/\/fashionmuseum.shop\/lv\/shop\/"},{"@type":"ListItem","position":3,"name":"\u0411\u0435\u043b\u044b\u0439. \u0418\u0441\u0442\u043e\u0440\u0438\u044f \u0446\u0432\u0435\u0442\u0430"}]},{"@type":"WebSite","@id":"https:\/\/fashionmuseum.shop\/lv\/#website","url":"https:\/\/fashionmuseum.shop\/lv\/","name":"Fashion Museum Online Store","description":"Fashion Museum Riga Online Store provides a wide selection of books about fashion and fashion history.","publisher":{"@id":"https:\/\/fashionmuseum.shop\/lv\/#organization"},"potentialAction":[{"@type":"SearchAction","target":{"@type":"EntryPoint","urlTemplate":"https:\/\/fashionmuseum.shop\/lv\/?s={search_term_string}"},"query-input":{"@type":"PropertyValueSpecification","valueRequired":true,"valueName":"search_term_string"}}],"inLanguage":"lv-LV"},{"@type":"Organization","@id":"https:\/\/fashionmuseum.shop\/lv\/#organization","name":"Modes muzejs","url":"https:\/\/fashionmuseum.shop\/lv\/","logo":{"@type":"ImageObject","inLanguage":"lv-LV","@id":"https:\/\/fashionmuseum.shop\/lv\/#\/schema\/logo\/image\/","url":"https:\/\/i1.wp.com\/fashionmuseum.shop\/wp-content\/uploads\/2020\/04\/apple-touch-icon.png?fit=180%2C180&ssl=1","contentUrl":"https:\/\/i1.wp.com\/fashionmuseum.shop\/wp-content\/uploads\/2020\/04\/apple-touch-icon.png?fit=180%2C180&ssl=1","width":180,"height":180,"caption":"Modes muzejs"},"image":{"@id":"https:\/\/fashionmuseum.shop\/lv\/#\/schema\/logo\/image\/"}}]}},"jetpack_publicize_connections":[],"jetpack_likes_enabled":false,"jetpack_sharing_enabled":true,"amp_enabled":true,"_links":{"self":[{"href":"https:\/\/fashionmuseum.shop\/lv\/wp-json\/wp\/v2\/product\/28994","targetHints":{"allow":["GET"]}}],"collection":[{"href":"https:\/\/fashionmuseum.shop\/lv\/wp-json\/wp\/v2\/product"}],"about":[{"href":"https:\/\/fashionmuseum.shop\/lv\/wp-json\/wp\/v2\/types\/product"}],"wp:featuredmedia":[{"embeddable":true,"href":"https:\/\/fashionmuseum.shop\/lv\/wp-json\/wp\/v2\/media\/28999"}],"wp:attachment":[{"href":"https:\/\/fashionmuseum.shop\/lv\/wp-json\/wp\/v2\/media?parent=28994"}],"wp:term":[{"taxonomy":"product_brand","embeddable":true,"href":"https:\/\/fashionmuseum.shop\/lv\/wp-json\/wp\/v2\/product_brand?post=28994"},{"taxonomy":"product_cat","embeddable":true,"href":"https:\/\/fashionmuseum.shop\/lv\/wp-json\/wp\/v2\/product_cat?post=28994"},{"taxonomy":"product_tag","embeddable":true,"href":"https:\/\/fashionmuseum.shop\/lv\/wp-json\/wp\/v2\/product_tag?post=28994"}],"curies":[{"name":"wp","href":"https:\/\/api.w.org\/{rel}","templated":true}]}}