{"id":2901,"date":"2020-09-10T16:46:50","date_gmt":"2020-09-10T13:46:50","guid":{"rendered":"https:\/\/fashionmuseum.shop\/product\/world-dress-fashion-in-detail\/"},"modified":"2020-09-10T16:46:50","modified_gmt":"2020-09-10T13:46:50","slug":"world-dress-fashion-in-detail","status":"publish","type":"product","link":"https:\/\/fashionmuseum.shop\/lv\/prece\/world-dress-fashion-in-detail\/","title":{"rendered":"World Dress Fashion in Detail"},"content":{"rendered":"<p><em><strong>Izdev\u0113ja gr\u0101matas anot\u0101cija:<\/strong><\/em><\/p>\n<p>From the mountains of Montenegro to the shores of South-East Asia and beyond, the V&amp;A\u2019s renowned world dress collection is highlighted in \u201cWorld Dress Fashion in Detail\u201d. The book, part of the \u201cV&amp;A Fashion in Detail\u201d series, explores cut work and silk embroidery from Indonesia, applied metal braid and cord fastenings from Albania, as well as elaborate patchwork from Tibet, India, Korea and Iran. Specially commissioned photographs, authoritative text and line drawings showcase the breathtaking richness of detail that will delight and inspire anyone interested in dress. This title was previously available as \u201cDress in Detail from Around the World\u201d.<\/p>\n<p><em><strong>Saturs:<\/strong><\/em><\/p>\n<p>Introduction \u2022 Necklines \u2022 Fastenings \u2022 Cuffs, Edgings and Seams \u2022 Contrasting Fabrics \u2022 Pleats and Gathers \u2022 Applied Decoration \u2022 Glossary \u2022 Further Reading \u2022 Map \u2022 Index of People and Places<\/p>\n<p>\u0160\u012bs gr\u0101matas izdev\u0113js ir <strong><a href=\"https:\/\/fashionmuseum.shop\/lv\/publisher\/abrams-chronicle-books-lv\/\">Abrams &amp; Chronicle Books<\/a><\/strong>\u00a0and\u00a0<strong><a href=\"https:\/\/fashionmuseum.shop\/lv\/publisher\/va-publishing-lv\/\">V&amp;A Publishing<\/a><\/strong>, ISBN 9781851775682<\/p>\n","protected":false},"excerpt":{"rendered":"<p><span style=\"text-decoration: underline;\"><strong><a href=\"https:\/\/fashionmuseum.shop\/lv\/book-author\/rosemary-crill-lv\/\">Rosemary Crill<\/a><\/strong><\/span>, <a href=\"https:\/\/fashionmuseum.shop\/lv\/book-author\/jennifer-wearden-lv\/\"><span style=\"text-decoration: underline;\"><strong>J<\/strong><strong>ennifer Wearden<\/strong><\/span><\/a> and <span style=\"text-decoration: underline;\"><strong><a href=\"https:\/\/fashionmuseum.shop\/lv\/book-author\/verity-wilson-lv\/\">Verity Wilson<\/a><\/strong><\/span><\/p>\n<p><em><strong>K\u0101p\u0113c m\u0113s\u00a0izv\u0113l\u0113j\u0101mies\u00a0\u0161o gr\u0101matu:<\/strong><\/em><\/p>\n<p>Bag\u0101t\u012bgaj\u0101 Viktorijas un Alberta muzeja kolekcij\u0101 balst\u012btais izdevums ir vizu\u0101li iespaid\u012bgs velt\u012bjums da\u017e\u0101du tautu un re\u0123ionu tradicion\u0101lajam ap\u0123\u0113rbam, koncentr\u0113jot uzman\u012bbu tie\u0161i uz deta\u013c\u0101m. Spilgtas kr\u0101sas, fantastiski raksti un rot\u0101jumi, vissmalk\u0101kais roku darbs \u2013 ikvienam, kur\u0161 mekl\u0113 iedvesmu un atelpu cilv\u0113ka rad\u012bt\u0101 skaistum\u0101.<\/p>\n","protected":false},"featured_media":2750,"template":"","meta":{"_coblocks_attr":"","_coblocks_dimensions":"","_coblocks_responsive_height":"","_coblocks_accordion_ie_support":"","_crdt_document":"","jetpack_post_was_ever_published":false,"jetpack_publicize_message":"","jetpack_publicize_feature_enabled":true,"jetpack_social_post_already_shared":true,"jetpack_social_options":{"image_generator_settings":{"template":"highway","default_image_id":0,"font":"","enabled":false},"version":2},"_wpas_customize_per_network":false},"product_brand":[],"product_cat":[1381,1396,1401],"product_tag":[],"class_list":{"0":"post-2901","1":"product","2":"type-product","3":"status-publish","4":"has-post-thumbnail","6":"product_cat-booksaboutfashioninenglish","7":"product_cat-books-from-victoria-and-albert-museum","8":"product_cat-books-about-world-fashion-and-traditions","9":"pa_book-author-jennifer-wearden","10":"pa_book-author-rosemary-crill","11":"pa_book-author-verity-wilson","12":"pa_language-english","13":"pa_publisher-abrams-chronicle-books","14":"pa_publisher-va-publishing","16":"first","17":"outofstock","18":"shipping-taxable","19":"purchasable","20":"product-type-simple"},"yoast_head":"<!-- This site is optimized with the Yoast SEO plugin v27.3 - https:\/\/yoast.com\/product\/yoast-seo-wordpress\/ -->\n<title>World Dress Fashion in Detail - Fashion Museum Riga Online Store<\/title>\n<meta name=\"robots\" content=\"index, follow, max-snippet:-1, max-image-preview:large, max-video-preview:-1\" \/>\n<link rel=\"canonical\" href=\"https:\/\/fashionmuseum.shop\/lv\/prece\/world-dress-fashion-in-detail\/\" \/>\n<meta property=\"og:locale\" content=\"lv_LV\" \/>\n<meta property=\"og:type\" content=\"article\" \/>\n<meta property=\"og:title\" content=\"World Dress Fashion in Detail - Fashion Museum Riga Online Store\" \/>\n<meta property=\"og:description\" content=\"Rosemary Crill, Jennifer Wearden and Verity Wilson  K\u0101p\u0113c m\u0113s\u00a0izv\u0113l\u0113j\u0101mies\u00a0\u0161o gr\u0101matu:  Bag\u0101t\u012bgaj\u0101 Viktorijas un Alberta muzeja kolekcij\u0101 balst\u012btais izdevums ir vizu\u0101li iespaid\u012bgs velt\u012bjums da\u017e\u0101du tautu un re\u0123ionu tradicion\u0101lajam ap\u0123\u0113rbam, koncentr\u0113jot uzman\u012bbu tie\u0161i uz deta\u013c\u0101m. Spilgtas kr\u0101sas, fantastiski raksti un rot\u0101jumi, vissmalk\u0101kais roku darbs \u2013 ikvienam, kur\u0161 mekl\u0113 iedvesmu un atelpu cilv\u0113ka rad\u012bt\u0101 skaistum\u0101.\" \/>\n<meta property=\"og:url\" content=\"https:\/\/fashionmuseum.shop\/lv\/prece\/world-dress-fashion-in-detail\/\" \/>\n<meta property=\"og:site_name\" content=\"Fashion Museum Riga Online Store\" \/>\n<meta property=\"og:image\" content=\"https:\/\/i0.wp.com\/fashionmuseum.shop\/wp-content\/uploads\/2020\/09\/60218.jpg?fit=720%2C720&ssl=1\" \/>\n\t<meta property=\"og:image:width\" content=\"720\" \/>\n\t<meta property=\"og:image:height\" content=\"720\" \/>\n\t<meta property=\"og:image:type\" content=\"image\/jpeg\" \/>\n<meta name=\"twitter:card\" content=\"summary_large_image\" \/>\n<meta name=\"twitter:label1\" content=\"Est. reading time\" \/>\n\t<meta name=\"twitter:data1\" content=\"1 minute\" \/>\n<script type=\"application\/ld+json\" class=\"yoast-schema-graph\">{\"@context\":\"https:\\\/\\\/schema.org\",\"@graph\":[{\"@type\":\"WebPage\",\"@id\":\"https:\\\/\\\/fashionmuseum.shop\\\/lv\\\/prece\\\/world-dress-fashion-in-detail\\\/\",\"url\":\"https:\\\/\\\/fashionmuseum.shop\\\/lv\\\/prece\\\/world-dress-fashion-in-detail\\\/\",\"name\":\"World Dress Fashion in Detail - Fashion Museum Riga Online Store\",\"isPartOf\":{\"@id\":\"https:\\\/\\\/fashionmuseum.shop\\\/lv\\\/#website\"},\"primaryImageOfPage\":{\"@id\":\"https:\\\/\\\/fashionmuseum.shop\\\/lv\\\/prece\\\/world-dress-fashion-in-detail\\\/#primaryimage\"},\"image\":{\"@id\":\"https:\\\/\\\/fashionmuseum.shop\\\/lv\\\/prece\\\/world-dress-fashion-in-detail\\\/#primaryimage\"},\"thumbnailUrl\":\"https:\\\/\\\/i0.wp.com\\\/fashionmuseum.shop\\\/wp-content\\\/uploads\\\/2020\\\/09\\\/60218.jpg?fit=720%2C720&ssl=1\",\"datePublished\":\"2020-09-10T13:46:50+00:00\",\"breadcrumb\":{\"@id\":\"https:\\\/\\\/fashionmuseum.shop\\\/lv\\\/prece\\\/world-dress-fashion-in-detail\\\/#breadcrumb\"},\"inLanguage\":\"lv-LV\",\"potentialAction\":[{\"@type\":\"ReadAction\",\"target\":[\"https:\\\/\\\/fashionmuseum.shop\\\/lv\\\/prece\\\/world-dress-fashion-in-detail\\\/\"]}]},{\"@type\":\"ImageObject\",\"inLanguage\":\"lv-LV\",\"@id\":\"https:\\\/\\\/fashionmuseum.shop\\\/lv\\\/prece\\\/world-dress-fashion-in-detail\\\/#primaryimage\",\"url\":\"https:\\\/\\\/i0.wp.com\\\/fashionmuseum.shop\\\/wp-content\\\/uploads\\\/2020\\\/09\\\/60218.jpg?fit=720%2C720&ssl=1\",\"contentUrl\":\"https:\\\/\\\/i0.wp.com\\\/fashionmuseum.shop\\\/wp-content\\\/uploads\\\/2020\\\/09\\\/60218.jpg?fit=720%2C720&ssl=1\",\"width\":720,\"height\":720,\"caption\":\"World Dress Fashion in Detail by Rosemary Crill, Jennifer Wearden, Verity Wilson\"},{\"@type\":\"BreadcrumbList\",\"@id\":\"https:\\\/\\\/fashionmuseum.shop\\\/lv\\\/prece\\\/world-dress-fashion-in-detail\\\/#breadcrumb\",\"itemListElement\":[{\"@type\":\"ListItem\",\"position\":1,\"name\":\"Home\",\"item\":\"https:\\\/\\\/fashionmuseum.shop\\\/lv\\\/\"},{\"@type\":\"ListItem\",\"position\":2,\"name\":\"Products\",\"item\":\"https:\\\/\\\/fashionmuseum.shop\\\/lv\\\/shop\\\/\"},{\"@type\":\"ListItem\",\"position\":3,\"name\":\"World Dress Fashion in Detail\"}]},{\"@type\":\"WebSite\",\"@id\":\"https:\\\/\\\/fashionmuseum.shop\\\/lv\\\/#website\",\"url\":\"https:\\\/\\\/fashionmuseum.shop\\\/lv\\\/\",\"name\":\"Fashion Museum Online Store\",\"description\":\"Fashion Museum Riga Online Store provides a wide selection of books about fashion and fashion history.\",\"publisher\":{\"@id\":\"https:\\\/\\\/fashionmuseum.shop\\\/lv\\\/#organization\"},\"potentialAction\":[{\"@type\":\"SearchAction\",\"target\":{\"@type\":\"EntryPoint\",\"urlTemplate\":\"https:\\\/\\\/fashionmuseum.shop\\\/lv\\\/?s={search_term_string}\"},\"query-input\":{\"@type\":\"PropertyValueSpecification\",\"valueRequired\":true,\"valueName\":\"search_term_string\"}}],\"inLanguage\":\"lv-LV\"},{\"@type\":\"Organization\",\"@id\":\"https:\\\/\\\/fashionmuseum.shop\\\/lv\\\/#organization\",\"name\":\"Modes muzejs\",\"url\":\"https:\\\/\\\/fashionmuseum.shop\\\/lv\\\/\",\"logo\":{\"@type\":\"ImageObject\",\"inLanguage\":\"lv-LV\",\"@id\":\"https:\\\/\\\/fashionmuseum.shop\\\/lv\\\/#\\\/schema\\\/logo\\\/image\\\/\",\"url\":\"https:\\\/\\\/i1.wp.com\\\/fashionmuseum.shop\\\/wp-content\\\/uploads\\\/2020\\\/04\\\/apple-touch-icon.png?fit=180%2C180&ssl=1\",\"contentUrl\":\"https:\\\/\\\/i1.wp.com\\\/fashionmuseum.shop\\\/wp-content\\\/uploads\\\/2020\\\/04\\\/apple-touch-icon.png?fit=180%2C180&ssl=1\",\"width\":180,\"height\":180,\"caption\":\"Modes muzejs\"},\"image\":{\"@id\":\"https:\\\/\\\/fashionmuseum.shop\\\/lv\\\/#\\\/schema\\\/logo\\\/image\\\/\"}}]}<\/script>\n<!-- \/ Yoast SEO plugin. -->","yoast_head_json":{"title":"World Dress Fashion in Detail - Fashion Museum Riga Online Store","robots":{"index":"index","follow":"follow","max-snippet":"max-snippet:-1","max-image-preview":"max-image-preview:large","max-video-preview":"max-video-preview:-1"},"canonical":"https:\/\/fashionmuseum.shop\/lv\/prece\/world-dress-fashion-in-detail\/","og_locale":"lv_LV","og_type":"article","og_title":"World Dress Fashion in Detail - Fashion Museum Riga Online Store","og_description":"Rosemary Crill, Jennifer Wearden and Verity Wilson  K\u0101p\u0113c m\u0113s\u00a0izv\u0113l\u0113j\u0101mies\u00a0\u0161o gr\u0101matu:  Bag\u0101t\u012bgaj\u0101 Viktorijas un Alberta muzeja kolekcij\u0101 balst\u012btais izdevums ir vizu\u0101li iespaid\u012bgs velt\u012bjums da\u017e\u0101du tautu un re\u0123ionu tradicion\u0101lajam ap\u0123\u0113rbam, koncentr\u0113jot uzman\u012bbu tie\u0161i uz deta\u013c\u0101m. Spilgtas kr\u0101sas, fantastiski raksti un rot\u0101jumi, vissmalk\u0101kais roku darbs \u2013 ikvienam, kur\u0161 mekl\u0113 iedvesmu un atelpu cilv\u0113ka rad\u012bt\u0101 skaistum\u0101.","og_url":"https:\/\/fashionmuseum.shop\/lv\/prece\/world-dress-fashion-in-detail\/","og_site_name":"Fashion Museum Riga Online Store","og_image":[{"width":720,"height":720,"url":"https:\/\/i0.wp.com\/fashionmuseum.shop\/wp-content\/uploads\/2020\/09\/60218.jpg?fit=720%2C720&ssl=1","type":"image\/jpeg"}],"twitter_card":"summary_large_image","twitter_misc":{"Est. reading time":"1 minute"},"schema":{"@context":"https:\/\/schema.org","@graph":[{"@type":"WebPage","@id":"https:\/\/fashionmuseum.shop\/lv\/prece\/world-dress-fashion-in-detail\/","url":"https:\/\/fashionmuseum.shop\/lv\/prece\/world-dress-fashion-in-detail\/","name":"World Dress Fashion in Detail - Fashion Museum Riga Online Store","isPartOf":{"@id":"https:\/\/fashionmuseum.shop\/lv\/#website"},"primaryImageOfPage":{"@id":"https:\/\/fashionmuseum.shop\/lv\/prece\/world-dress-fashion-in-detail\/#primaryimage"},"image":{"@id":"https:\/\/fashionmuseum.shop\/lv\/prece\/world-dress-fashion-in-detail\/#primaryimage"},"thumbnailUrl":"https:\/\/i0.wp.com\/fashionmuseum.shop\/wp-content\/uploads\/2020\/09\/60218.jpg?fit=720%2C720&ssl=1","datePublished":"2020-09-10T13:46:50+00:00","breadcrumb":{"@id":"https:\/\/fashionmuseum.shop\/lv\/prece\/world-dress-fashion-in-detail\/#breadcrumb"},"inLanguage":"lv-LV","potentialAction":[{"@type":"ReadAction","target":["https:\/\/fashionmuseum.shop\/lv\/prece\/world-dress-fashion-in-detail\/"]}]},{"@type":"ImageObject","inLanguage":"lv-LV","@id":"https:\/\/fashionmuseum.shop\/lv\/prece\/world-dress-fashion-in-detail\/#primaryimage","url":"https:\/\/i0.wp.com\/fashionmuseum.shop\/wp-content\/uploads\/2020\/09\/60218.jpg?fit=720%2C720&ssl=1","contentUrl":"https:\/\/i0.wp.com\/fashionmuseum.shop\/wp-content\/uploads\/2020\/09\/60218.jpg?fit=720%2C720&ssl=1","width":720,"height":720,"caption":"World Dress Fashion in Detail by Rosemary Crill, Jennifer Wearden, Verity Wilson"},{"@type":"BreadcrumbList","@id":"https:\/\/fashionmuseum.shop\/lv\/prece\/world-dress-fashion-in-detail\/#breadcrumb","itemListElement":[{"@type":"ListItem","position":1,"name":"Home","item":"https:\/\/fashionmuseum.shop\/lv\/"},{"@type":"ListItem","position":2,"name":"Products","item":"https:\/\/fashionmuseum.shop\/lv\/shop\/"},{"@type":"ListItem","position":3,"name":"World Dress Fashion in Detail"}]},{"@type":"WebSite","@id":"https:\/\/fashionmuseum.shop\/lv\/#website","url":"https:\/\/fashionmuseum.shop\/lv\/","name":"Fashion Museum Online Store","description":"Fashion Museum Riga Online Store provides a wide selection of books about fashion and fashion history.","publisher":{"@id":"https:\/\/fashionmuseum.shop\/lv\/#organization"},"potentialAction":[{"@type":"SearchAction","target":{"@type":"EntryPoint","urlTemplate":"https:\/\/fashionmuseum.shop\/lv\/?s={search_term_string}"},"query-input":{"@type":"PropertyValueSpecification","valueRequired":true,"valueName":"search_term_string"}}],"inLanguage":"lv-LV"},{"@type":"Organization","@id":"https:\/\/fashionmuseum.shop\/lv\/#organization","name":"Modes muzejs","url":"https:\/\/fashionmuseum.shop\/lv\/","logo":{"@type":"ImageObject","inLanguage":"lv-LV","@id":"https:\/\/fashionmuseum.shop\/lv\/#\/schema\/logo\/image\/","url":"https:\/\/i1.wp.com\/fashionmuseum.shop\/wp-content\/uploads\/2020\/04\/apple-touch-icon.png?fit=180%2C180&ssl=1","contentUrl":"https:\/\/i1.wp.com\/fashionmuseum.shop\/wp-content\/uploads\/2020\/04\/apple-touch-icon.png?fit=180%2C180&ssl=1","width":180,"height":180,"caption":"Modes muzejs"},"image":{"@id":"https:\/\/fashionmuseum.shop\/lv\/#\/schema\/logo\/image\/"}}]}},"jetpack_publicize_connections":[],"jetpack_likes_enabled":false,"jetpack_sharing_enabled":true,"amp_enabled":true,"_links":{"self":[{"href":"https:\/\/fashionmuseum.shop\/lv\/wp-json\/wp\/v2\/product\/2901","targetHints":{"allow":["GET"]}}],"collection":[{"href":"https:\/\/fashionmuseum.shop\/lv\/wp-json\/wp\/v2\/product"}],"about":[{"href":"https:\/\/fashionmuseum.shop\/lv\/wp-json\/wp\/v2\/types\/product"}],"wp:featuredmedia":[{"embeddable":true,"href":"https:\/\/fashionmuseum.shop\/lv\/wp-json\/wp\/v2\/media\/2750"}],"wp:attachment":[{"href":"https:\/\/fashionmuseum.shop\/lv\/wp-json\/wp\/v2\/media?parent=2901"}],"wp:term":[{"taxonomy":"product_brand","embeddable":true,"href":"https:\/\/fashionmuseum.shop\/lv\/wp-json\/wp\/v2\/product_brand?post=2901"},{"taxonomy":"product_cat","embeddable":true,"href":"https:\/\/fashionmuseum.shop\/lv\/wp-json\/wp\/v2\/product_cat?post=2901"},{"taxonomy":"product_tag","embeddable":true,"href":"https:\/\/fashionmuseum.shop\/lv\/wp-json\/wp\/v2\/product_tag?post=2901"}],"curies":[{"name":"wp","href":"https:\/\/api.w.org\/{rel}","templated":true}]}}