{"id":29075,"date":"2023-12-05T11:23:46","date_gmt":"2023-12-05T09:23:46","guid":{"rendered":"https:\/\/fashionmuseum.shop\/?post_type=product&#038;p=29075"},"modified":"2025-12-09T19:21:47","modified_gmt":"2025-12-09T17:21:47","slug":"the-world-according-to-yves-saint-laurent","status":"publish","type":"product","link":"https:\/\/fashionmuseum.shop\/lv\/prece\/the-world-according-to-yves-saint-laurent\/","title":{"rendered":"The World According to Yves Saint Laurent"},"content":{"rendered":"<p><em><strong>Izdev\u0113ja gr\u0101matas anot\u0101cija:<\/strong><\/em><\/p>\n<div data-role=\"bva-reveal\">\n<p>Founded by Yves Saint Laurent and Pierre Berg\u00e9 in 1962, shortly after the young couturier left his post at the helm of Christian Dior, Yves Saint Laurent would soon become one of the most successful and influential haute couture houses in Paris. Introducing\u00a0<i>Le Smoking<\/i>, the first tuxedo suit for women, in 1966, Saint Laurent also presented iconic art-inspired creations, from Mondrian dresses to precious Van Gogh embroidery and the famous Ballets Russes collection.<\/p>\n<div data-role=\"bva-reveal\">\n<p>The designer put the women who wore his clothes first (\u2018What\u2019s most important in couture is the body we dress, the woman we dress, more so than the ideas we might have\u2019) and was determined to change attitudes of the era (\u2018Fashion\u2019s purpose was not only to make a woman look beautiful, but also to reassure them and to give them confidence\u2019). He could be critical of the fashion industry (\u2018I adore clothes but I hate fashion\u2019) and saw himself as a craftsman who perfectly understood his customer (\u2018I think there are three kinds of designers. The big ones, the real ones, and those who know how to strike a chord with a woman just by making a very simple dress, or a very simple suit\u2019).<\/p>\n<p>Presented in a beautiful package and accessible format,\u00a0<i>The World According to Yves Saint Laurent<\/i>\u00a0is the perfect gift for fashion fans, capturing the essence of a true visionary.<\/p>\n<\/div>\n<\/div>\n<p>\u0160\u012bs gr\u0101matas izdev\u0113js ir <span style=\"text-decoration: underline\"><strong><a href=\"https:\/\/fashionmuseum.shop\/lv\/publisher\/thames-and-hudson\/\">Thames and Hudson\u00a0<\/a><\/strong><\/span>, ISBN 9780500026182<\/p>\n","protected":false},"excerpt":{"rendered":"<p>by <a href=\"https:\/\/fashionmuseum.shop\/lv\/book-author\/louise-rytter\/\"><strong><a href=\"https:\/\/fashionmuseum.shop\/lv\/book-author\/jean-christophe-napias-patrick-mauries\/\">Jean-Christophe Napias, Patrick Mauri\u00e8s<\/a><\/strong><\/a><\/p>\n<p><em><strong>K\u0101p\u0113c m\u0113s\u00a0izv\u0113l\u0113j\u0101mies\u00a0\u0161o gr\u0101matu:<\/strong><\/em><\/p>\n<p>Neliel\u0101, roz\u0101 audum\u0101 eleganti iesiet\u0101 gr\u0101mata sniedz ieskatu izcil\u0101 modes dizainera \u012ava Senlor\u0101na uzskatos par modi, skaistumu un stilu. Viens no ietekm\u012bg\u0101kajiem 20. gadsimta modes dizaineriem, Senlor\u0101ns k\u0101 galveno alla\u017e redz\u0113ja sievieti, t\u0113rpa valk\u0101t\u0101ju, nevis pa\u0161u t\u0113rpu, un rad\u012bja ap\u0123\u0113rbu, kas pie\u0161\u0137ir sp\u0113ku, pa\u0161p\u0101rliecin\u0101t\u012bbu un seksap\u012blu. Lieliska iesp\u0113ja iepaz\u012bt \u012avu Senlor\u0101nu vi\u0146a pa\u0161a v\u0101rdos!<\/p>\n","protected":false},"featured_media":29078,"template":"","meta":{"_coblocks_attr":"","_coblocks_dimensions":"","_coblocks_responsive_height":"","_coblocks_accordion_ie_support":"","_crdt_document":"","jetpack_publicize_message":"","jetpack_publicize_feature_enabled":true,"jetpack_social_post_already_shared":true,"jetpack_social_options":{"image_generator_settings":{"template":"highway","default_image_id":0,"font":"","enabled":false},"version":2},"_wpas_customize_per_network":false},"product_brand":[],"product_cat":[1611,1603,1605,2418],"product_tag":[3522,3520,3906,1741,1690],"class_list":{"0":"post-29075","1":"product","2":"type-product","3":"status-publish","4":"has-post-thumbnail","6":"product_cat-gramatas-anglu-valoda","7":"product_cat-gramatas-par-modes-dizaineriem","8":"product_cat-gramatas-par-modes-vesturi","9":"product_cat-gramatas","10":"product_tag-designer-lv","11":"product_tag-fashion-lv","12":"product_tag-fashion-designers-lv","13":"product_tag-ysl-lv","14":"product_tag-yves-saint-laurent-lv","15":"pa_book-author-jean-christophe-napias-patrick-mauries-lv","16":"pa_language-anglu","17":"pa_publisher-thames-and-hudson","19":"first","20":"instock","21":"featured","22":"shipping-taxable","23":"purchasable","24":"product-type-simple"},"yoast_head":"<!-- This site is optimized with the Yoast SEO plugin v27.4 - https:\/\/yoast.com\/product\/yoast-seo-wordpress\/ -->\n<title>The World According to Yves Saint Laurent - Fashion Museum Riga Online Store<\/title>\n<meta name=\"robots\" content=\"index, follow, max-snippet:-1, max-image-preview:large, max-video-preview:-1\" \/>\n<link rel=\"canonical\" href=\"https:\/\/fashionmuseum.shop\/lv\/prece\/the-world-according-to-yves-saint-laurent\/\" \/>\n<meta property=\"og:locale\" content=\"lv_LV\" \/>\n<meta property=\"og:type\" content=\"article\" \/>\n<meta property=\"og:title\" content=\"The World According to Yves Saint Laurent - Fashion Museum Riga Online Store\" \/>\n<meta property=\"og:description\" content=\"by Jean-Christophe Napias, Patrick Mauri\u00e8s  K\u0101p\u0113c m\u0113s\u00a0izv\u0113l\u0113j\u0101mies\u00a0\u0161o gr\u0101matu:  Neliel\u0101, roz\u0101 audum\u0101 eleganti iesiet\u0101 gr\u0101mata sniedz ieskatu izcil\u0101 modes dizainera \u012ava Senlor\u0101na uzskatos par modi, skaistumu un stilu. Viens no ietekm\u012bg\u0101kajiem 20. gadsimta modes dizaineriem, Senlor\u0101ns k\u0101 galveno alla\u017e redz\u0113ja sievieti, t\u0113rpa valk\u0101t\u0101ju, nevis pa\u0161u t\u0113rpu, un rad\u012bja ap\u0123\u0113rbu, kas pie\u0161\u0137ir sp\u0113ku, pa\u0161p\u0101rliecin\u0101t\u012bbu un seksap\u012blu. Lieliska iesp\u0113ja iepaz\u012bt \u012avu Senlor\u0101nu vi\u0146a pa\u0161a v\u0101rdos!\" \/>\n<meta property=\"og:url\" content=\"https:\/\/fashionmuseum.shop\/lv\/prece\/the-world-according-to-yves-saint-laurent\/\" \/>\n<meta property=\"og:site_name\" content=\"Fashion Museum Riga Online Store\" \/>\n<meta property=\"article:modified_time\" content=\"2025-12-09T17:21:47+00:00\" \/>\n<meta property=\"og:image\" content=\"https:\/\/fashionmuseum.shop\/wp-content\/uploads\/2023\/12\/9780500026182_the-world-according-to-yves-saint-laurent_packshot4.webp\" \/>\n\t<meta property=\"og:image:width\" content=\"1360\" \/>\n\t<meta property=\"og:image:height\" content=\"1020\" \/>\n\t<meta property=\"og:image:type\" content=\"image\/webp\" \/>\n<meta name=\"twitter:card\" content=\"summary_large_image\" \/>\n<meta name=\"twitter:label1\" content=\"Est. reading time\" \/>\n\t<meta name=\"twitter:data1\" content=\"1 minute\" \/>\n<script type=\"application\/ld+json\" class=\"yoast-schema-graph\">{\"@context\":\"https:\\\/\\\/schema.org\",\"@graph\":[{\"@type\":\"WebPage\",\"@id\":\"https:\\\/\\\/fashionmuseum.shop\\\/lv\\\/prece\\\/the-world-according-to-yves-saint-laurent\\\/\",\"url\":\"https:\\\/\\\/fashionmuseum.shop\\\/lv\\\/prece\\\/the-world-according-to-yves-saint-laurent\\\/\",\"name\":\"The World According to Yves Saint Laurent - Fashion Museum Riga Online Store\",\"isPartOf\":{\"@id\":\"https:\\\/\\\/fashionmuseum.shop\\\/lv\\\/#website\"},\"primaryImageOfPage\":{\"@id\":\"https:\\\/\\\/fashionmuseum.shop\\\/lv\\\/prece\\\/the-world-according-to-yves-saint-laurent\\\/#primaryimage\"},\"image\":{\"@id\":\"https:\\\/\\\/fashionmuseum.shop\\\/lv\\\/prece\\\/the-world-according-to-yves-saint-laurent\\\/#primaryimage\"},\"thumbnailUrl\":\"https:\\\/\\\/i0.wp.com\\\/fashionmuseum.shop\\\/wp-content\\\/uploads\\\/2023\\\/12\\\/9780500026182_the-world-according-to-yves-saint-laurent_packshot4.webp?fit=1360%2C1020&ssl=1\",\"datePublished\":\"2023-12-05T09:23:46+00:00\",\"dateModified\":\"2025-12-09T17:21:47+00:00\",\"breadcrumb\":{\"@id\":\"https:\\\/\\\/fashionmuseum.shop\\\/lv\\\/prece\\\/the-world-according-to-yves-saint-laurent\\\/#breadcrumb\"},\"inLanguage\":\"lv-LV\",\"potentialAction\":[{\"@type\":\"ReadAction\",\"target\":[\"https:\\\/\\\/fashionmuseum.shop\\\/lv\\\/prece\\\/the-world-according-to-yves-saint-laurent\\\/\"]}]},{\"@type\":\"ImageObject\",\"inLanguage\":\"lv-LV\",\"@id\":\"https:\\\/\\\/fashionmuseum.shop\\\/lv\\\/prece\\\/the-world-according-to-yves-saint-laurent\\\/#primaryimage\",\"url\":\"https:\\\/\\\/i0.wp.com\\\/fashionmuseum.shop\\\/wp-content\\\/uploads\\\/2023\\\/12\\\/9780500026182_the-world-according-to-yves-saint-laurent_packshot4.webp?fit=1360%2C1020&ssl=1\",\"contentUrl\":\"https:\\\/\\\/i0.wp.com\\\/fashionmuseum.shop\\\/wp-content\\\/uploads\\\/2023\\\/12\\\/9780500026182_the-world-according-to-yves-saint-laurent_packshot4.webp?fit=1360%2C1020&ssl=1\",\"width\":1360,\"height\":1020},{\"@type\":\"BreadcrumbList\",\"@id\":\"https:\\\/\\\/fashionmuseum.shop\\\/lv\\\/prece\\\/the-world-according-to-yves-saint-laurent\\\/#breadcrumb\",\"itemListElement\":[{\"@type\":\"ListItem\",\"position\":1,\"name\":\"Home\",\"item\":\"https:\\\/\\\/fashionmuseum.shop\\\/lv\\\/\"},{\"@type\":\"ListItem\",\"position\":2,\"name\":\"Products\",\"item\":\"https:\\\/\\\/fashionmuseum.shop\\\/lv\\\/shop\\\/\"},{\"@type\":\"ListItem\",\"position\":3,\"name\":\"The World According to Yves Saint Laurent\"}]},{\"@type\":\"WebSite\",\"@id\":\"https:\\\/\\\/fashionmuseum.shop\\\/lv\\\/#website\",\"url\":\"https:\\\/\\\/fashionmuseum.shop\\\/lv\\\/\",\"name\":\"Fashion Museum Online Store\",\"description\":\"Fashion Museum Riga Online Store provides a wide selection of books about fashion and fashion history.\",\"publisher\":{\"@id\":\"https:\\\/\\\/fashionmuseum.shop\\\/lv\\\/#organization\"},\"potentialAction\":[{\"@type\":\"SearchAction\",\"target\":{\"@type\":\"EntryPoint\",\"urlTemplate\":\"https:\\\/\\\/fashionmuseum.shop\\\/lv\\\/?s={search_term_string}\"},\"query-input\":{\"@type\":\"PropertyValueSpecification\",\"valueRequired\":true,\"valueName\":\"search_term_string\"}}],\"inLanguage\":\"lv-LV\"},{\"@type\":\"Organization\",\"@id\":\"https:\\\/\\\/fashionmuseum.shop\\\/lv\\\/#organization\",\"name\":\"Modes muzejs\",\"url\":\"https:\\\/\\\/fashionmuseum.shop\\\/lv\\\/\",\"logo\":{\"@type\":\"ImageObject\",\"inLanguage\":\"lv-LV\",\"@id\":\"https:\\\/\\\/fashionmuseum.shop\\\/lv\\\/#\\\/schema\\\/logo\\\/image\\\/\",\"url\":\"https:\\\/\\\/i1.wp.com\\\/fashionmuseum.shop\\\/wp-content\\\/uploads\\\/2020\\\/04\\\/apple-touch-icon.png?fit=180%2C180&ssl=1\",\"contentUrl\":\"https:\\\/\\\/i1.wp.com\\\/fashionmuseum.shop\\\/wp-content\\\/uploads\\\/2020\\\/04\\\/apple-touch-icon.png?fit=180%2C180&ssl=1\",\"width\":180,\"height\":180,\"caption\":\"Modes muzejs\"},\"image\":{\"@id\":\"https:\\\/\\\/fashionmuseum.shop\\\/lv\\\/#\\\/schema\\\/logo\\\/image\\\/\"}}]}<\/script>\n<!-- \/ Yoast SEO plugin. -->","yoast_head_json":{"title":"The World According to Yves Saint Laurent - Fashion Museum Riga Online Store","robots":{"index":"index","follow":"follow","max-snippet":"max-snippet:-1","max-image-preview":"max-image-preview:large","max-video-preview":"max-video-preview:-1"},"canonical":"https:\/\/fashionmuseum.shop\/lv\/prece\/the-world-according-to-yves-saint-laurent\/","og_locale":"lv_LV","og_type":"article","og_title":"The World According to Yves Saint Laurent - Fashion Museum Riga Online Store","og_description":"by Jean-Christophe Napias, Patrick Mauri\u00e8s  K\u0101p\u0113c m\u0113s\u00a0izv\u0113l\u0113j\u0101mies\u00a0\u0161o gr\u0101matu:  Neliel\u0101, roz\u0101 audum\u0101 eleganti iesiet\u0101 gr\u0101mata sniedz ieskatu izcil\u0101 modes dizainera \u012ava Senlor\u0101na uzskatos par modi, skaistumu un stilu. Viens no ietekm\u012bg\u0101kajiem 20. gadsimta modes dizaineriem, Senlor\u0101ns k\u0101 galveno alla\u017e redz\u0113ja sievieti, t\u0113rpa valk\u0101t\u0101ju, nevis pa\u0161u t\u0113rpu, un rad\u012bja ap\u0123\u0113rbu, kas pie\u0161\u0137ir sp\u0113ku, pa\u0161p\u0101rliecin\u0101t\u012bbu un seksap\u012blu. Lieliska iesp\u0113ja iepaz\u012bt \u012avu Senlor\u0101nu vi\u0146a pa\u0161a v\u0101rdos!","og_url":"https:\/\/fashionmuseum.shop\/lv\/prece\/the-world-according-to-yves-saint-laurent\/","og_site_name":"Fashion Museum Riga Online Store","article_modified_time":"2025-12-09T17:21:47+00:00","og_image":[{"width":1360,"height":1020,"url":"https:\/\/fashionmuseum.shop\/wp-content\/uploads\/2023\/12\/9780500026182_the-world-according-to-yves-saint-laurent_packshot4.webp","type":"image\/webp"}],"twitter_card":"summary_large_image","twitter_misc":{"Est. reading time":"1 minute"},"schema":{"@context":"https:\/\/schema.org","@graph":[{"@type":"WebPage","@id":"https:\/\/fashionmuseum.shop\/lv\/prece\/the-world-according-to-yves-saint-laurent\/","url":"https:\/\/fashionmuseum.shop\/lv\/prece\/the-world-according-to-yves-saint-laurent\/","name":"The World According to Yves Saint Laurent - Fashion Museum Riga Online Store","isPartOf":{"@id":"https:\/\/fashionmuseum.shop\/lv\/#website"},"primaryImageOfPage":{"@id":"https:\/\/fashionmuseum.shop\/lv\/prece\/the-world-according-to-yves-saint-laurent\/#primaryimage"},"image":{"@id":"https:\/\/fashionmuseum.shop\/lv\/prece\/the-world-according-to-yves-saint-laurent\/#primaryimage"},"thumbnailUrl":"https:\/\/i0.wp.com\/fashionmuseum.shop\/wp-content\/uploads\/2023\/12\/9780500026182_the-world-according-to-yves-saint-laurent_packshot4.webp?fit=1360%2C1020&ssl=1","datePublished":"2023-12-05T09:23:46+00:00","dateModified":"2025-12-09T17:21:47+00:00","breadcrumb":{"@id":"https:\/\/fashionmuseum.shop\/lv\/prece\/the-world-according-to-yves-saint-laurent\/#breadcrumb"},"inLanguage":"lv-LV","potentialAction":[{"@type":"ReadAction","target":["https:\/\/fashionmuseum.shop\/lv\/prece\/the-world-according-to-yves-saint-laurent\/"]}]},{"@type":"ImageObject","inLanguage":"lv-LV","@id":"https:\/\/fashionmuseum.shop\/lv\/prece\/the-world-according-to-yves-saint-laurent\/#primaryimage","url":"https:\/\/i0.wp.com\/fashionmuseum.shop\/wp-content\/uploads\/2023\/12\/9780500026182_the-world-according-to-yves-saint-laurent_packshot4.webp?fit=1360%2C1020&ssl=1","contentUrl":"https:\/\/i0.wp.com\/fashionmuseum.shop\/wp-content\/uploads\/2023\/12\/9780500026182_the-world-according-to-yves-saint-laurent_packshot4.webp?fit=1360%2C1020&ssl=1","width":1360,"height":1020},{"@type":"BreadcrumbList","@id":"https:\/\/fashionmuseum.shop\/lv\/prece\/the-world-according-to-yves-saint-laurent\/#breadcrumb","itemListElement":[{"@type":"ListItem","position":1,"name":"Home","item":"https:\/\/fashionmuseum.shop\/lv\/"},{"@type":"ListItem","position":2,"name":"Products","item":"https:\/\/fashionmuseum.shop\/lv\/shop\/"},{"@type":"ListItem","position":3,"name":"The World According to Yves Saint Laurent"}]},{"@type":"WebSite","@id":"https:\/\/fashionmuseum.shop\/lv\/#website","url":"https:\/\/fashionmuseum.shop\/lv\/","name":"Fashion Museum Online Store","description":"Fashion Museum Riga Online Store provides a wide selection of books about fashion and fashion history.","publisher":{"@id":"https:\/\/fashionmuseum.shop\/lv\/#organization"},"potentialAction":[{"@type":"SearchAction","target":{"@type":"EntryPoint","urlTemplate":"https:\/\/fashionmuseum.shop\/lv\/?s={search_term_string}"},"query-input":{"@type":"PropertyValueSpecification","valueRequired":true,"valueName":"search_term_string"}}],"inLanguage":"lv-LV"},{"@type":"Organization","@id":"https:\/\/fashionmuseum.shop\/lv\/#organization","name":"Modes muzejs","url":"https:\/\/fashionmuseum.shop\/lv\/","logo":{"@type":"ImageObject","inLanguage":"lv-LV","@id":"https:\/\/fashionmuseum.shop\/lv\/#\/schema\/logo\/image\/","url":"https:\/\/i1.wp.com\/fashionmuseum.shop\/wp-content\/uploads\/2020\/04\/apple-touch-icon.png?fit=180%2C180&ssl=1","contentUrl":"https:\/\/i1.wp.com\/fashionmuseum.shop\/wp-content\/uploads\/2020\/04\/apple-touch-icon.png?fit=180%2C180&ssl=1","width":180,"height":180,"caption":"Modes muzejs"},"image":{"@id":"https:\/\/fashionmuseum.shop\/lv\/#\/schema\/logo\/image\/"}}]}},"jetpack_publicize_connections":[],"jetpack_likes_enabled":false,"jetpack_sharing_enabled":true,"amp_enabled":true,"_links":{"self":[{"href":"https:\/\/fashionmuseum.shop\/lv\/wp-json\/wp\/v2\/product\/29075","targetHints":{"allow":["GET"]}}],"collection":[{"href":"https:\/\/fashionmuseum.shop\/lv\/wp-json\/wp\/v2\/product"}],"about":[{"href":"https:\/\/fashionmuseum.shop\/lv\/wp-json\/wp\/v2\/types\/product"}],"wp:featuredmedia":[{"embeddable":true,"href":"https:\/\/fashionmuseum.shop\/lv\/wp-json\/wp\/v2\/media\/29078"}],"wp:attachment":[{"href":"https:\/\/fashionmuseum.shop\/lv\/wp-json\/wp\/v2\/media?parent=29075"}],"wp:term":[{"taxonomy":"product_brand","embeddable":true,"href":"https:\/\/fashionmuseum.shop\/lv\/wp-json\/wp\/v2\/product_brand?post=29075"},{"taxonomy":"product_cat","embeddable":true,"href":"https:\/\/fashionmuseum.shop\/lv\/wp-json\/wp\/v2\/product_cat?post=29075"},{"taxonomy":"product_tag","embeddable":true,"href":"https:\/\/fashionmuseum.shop\/lv\/wp-json\/wp\/v2\/product_tag?post=29075"}],"curies":[{"name":"wp","href":"https:\/\/api.w.org\/{rel}","templated":true}]}}