{"id":2979,"date":"2020-09-18T17:21:42","date_gmt":"2020-09-18T14:21:42","guid":{"rendered":"https:\/\/fashionmuseum.shop\/product\/seventeenth-century-womens-dress-patterns-book-one\/"},"modified":"2020-09-18T17:21:42","modified_gmt":"2020-09-18T14:21:42","slug":"seventeenth-century-womens-dress-patterns-book-one","status":"publish","type":"product","link":"https:\/\/fashionmuseum.shop\/lv\/prece\/seventeenth-century-womens-dress-patterns-book-one\/","title":{"rendered":"Seventeenth Century Women\u2019s Dress Patterns: Book One"},"content":{"rendered":"<p><em><strong>Izdev\u0113ja gr\u0101matas anot\u0101cija:<\/strong><\/em><\/p>\n<p>This breathtakingly detailed book presents dress patterns, construction details, embroidery and making instructions for fifteen garments and accessories from a seventeenth-century woman\u2019s wardrobe. Full step-by-step drawings of the construction sequence are given for each garment alongside photographs of the objects and the groundbreaking use of x-ray photography revealing the hidden elements of the clothes, the precise number of layers and the stitches used inside.<\/p>\n<p><em><strong>Saturs:<\/strong><\/em><\/p>\n<div dir=\"auto\">Introduction and acknowledgements \u2022\u00a0 The tools and techniques of the tailor and seamstress \u2022 Embroidery tools and techniques \u2022 Knitting stitches \u2022 Sewing stitches \u2022 Embroidery Stitches \u2022\u00a0 How tom use this book<\/div>\n<div dir=\"auto\">\n<div dir=\"auto\">\u00a0<\/div>\n<div dir=\"auto\">THE PATTERNS\u00a0 Margaret Layton&#8217;s waistcoat, 1610-15 | \u00a0Claire Thornton \u2022 Pink silk waistcoat, 1610-20 | Jenny Tiramani \u2022\u00a0Blackwork waistcoat, 1620-25 | Luca Costigliolo \u2022 Fustian waistcoat 1630s | Jenny Tiramani | Slashed satin bodice, 1630s Luca Costigliolo \u2022 Knitted silk waistcoat,\u00a0 1630 -1700 | Susan North \u2022\u00a0 Embroidered linen mantle, 1590 -1610 I\u00a0 Claire Thornton \u2022 Linen smock, 1620-40 | Armelle Lucas \u2022 Linen hood, 1600-1640 | Armelle Lucas \u2022 Embroidered coif and forehead cloth, 1600-1650 | Armelle Lucas \u2022 Linen band and cuffs, 1630-35 | Jenny Tiramani \u2022 Embroidered partlet and sleeve panels, 1615-25 | Jenny Tiramani \u2022\u00a0 Linen kerchief, 1600s I Susan North \u2022\u00a0 Embroidered linen gloves, 1600-1625 | Claire Thornton \u2022 Embroidered kid gloves, 1610-30 | Jenny Tiramani \u2022 Bibliography<\/div>\n<\/div>\n<div dir=\"auto\">\u00a0<\/div>\n<div dir=\"auto\">\u0160\u012bs gr\u0101matas izdev\u0113js ir <a href=\"https:\/\/fashionmuseum.shop\/lv\/publisher\/va-publishing-lv\/\"><strong>V&amp;A Publishing<\/strong><\/a>, ISBN 9781851776313<\/div>\n<div dir=\"auto\">\u00a0<\/div>\n","protected":false},"excerpt":{"rendered":"<p><strong><a href=\"https:\/\/fashionmuseum.shop\/lv\/book-author\/susan-north-lv\/\">Susan North<\/a><\/strong>, <strong><a href=\"https:\/\/fashionmuseum.shop\/lv\/book-author\/jenny-tiramani-lv\/\">Jenny Tiramani<\/a><\/strong><\/p>\n<p><em><strong>K\u0101p\u0113c m\u0113s\u00a0izv\u0113l\u0113j\u0101mies\u00a0\u0161o gr\u0101matu:<\/strong><\/em><\/p>\n<p>Unik\u0101ls izdevums! S\u0113rijas pirmaj\u0101 gr\u0101mat\u0101, balstoties Viktorijas un Alberta muzeja iespaid\u012bgaj\u0101 kolekcij\u0101, pied\u0101v\u0101tas detaliz\u0113tas instrukcijas piecpadsmit 17. gadsimta sievie\u0161u t\u0113rpu un garderobes priek\u0161metu prec\u012bzai atveidei, detaliz\u0113ti un vizu\u0101li uzskat\u0101mi soli pa solim atkl\u0101jot konstru\u0113\u0161anas, \u0161\u016b\u0161anas un dekor\u0113\u0161anas nianses.<\/p>\n","protected":false},"featured_media":2962,"template":"","meta":{"_coblocks_attr":"","_coblocks_dimensions":"","_coblocks_responsive_height":"","_coblocks_accordion_ie_support":"","_crdt_document":"","jetpack_publicize_message":"","jetpack_publicize_feature_enabled":true,"jetpack_social_post_already_shared":true,"jetpack_social_options":{"image_generator_settings":{"template":"highway","default_image_id":0,"font":"","enabled":false},"version":2},"_wpas_customize_per_network":false},"product_brand":[],"product_cat":[1611,1610,1605],"product_tag":[],"class_list":{"0":"post-2979","1":"product","2":"type-product","3":"status-publish","4":"has-post-thumbnail","6":"product_cat-gramatas-anglu-valoda","7":"product_cat-gramatas-no-victoria-and-albert-muzeja","8":"product_cat-gramatas-par-modes-vesturi","9":"pa_book-author-jenny-tiramani-lv","10":"pa_book-author-susan-north-lv","11":"pa_language-anglu","12":"pa_publisher-va-publishing-lv","14":"first","15":"instock","16":"shipping-taxable","17":"purchasable","18":"product-type-simple"},"yoast_head":"<!-- This site is optimized with the Yoast SEO plugin v27.5 - https:\/\/yoast.com\/product\/yoast-seo-wordpress\/ -->\n<title>Seventeenth Century Women\u2019s Dress Patterns: Book One - Fashion Museum Riga Online Store<\/title>\n<meta name=\"robots\" content=\"index, follow, max-snippet:-1, max-image-preview:large, max-video-preview:-1\" \/>\n<link rel=\"canonical\" href=\"https:\/\/fashionmuseum.shop\/lv\/prece\/seventeenth-century-womens-dress-patterns-book-one\/\" \/>\n<meta property=\"og:locale\" content=\"lv_LV\" \/>\n<meta property=\"og:type\" content=\"article\" \/>\n<meta property=\"og:title\" content=\"Seventeenth Century Women\u2019s Dress Patterns: Book One - Fashion Museum Riga Online Store\" \/>\n<meta property=\"og:description\" content=\"Susan North, Jenny Tiramani K\u0101p\u0113c m\u0113s\u00a0izv\u0113l\u0113j\u0101mies\u00a0\u0161o gr\u0101matu: Unik\u0101ls izdevums! S\u0113rijas pirmaj\u0101 gr\u0101mat\u0101, balstoties Viktorijas un Alberta muzeja iespaid\u012bgaj\u0101 kolekcij\u0101, pied\u0101v\u0101tas detaliz\u0113tas instrukcijas piecpadsmit 17. gadsimta sievie\u0161u t\u0113rpu un garderobes priek\u0161metu prec\u012bzai atveidei, detaliz\u0113ti un vizu\u0101li uzskat\u0101mi soli pa solim atkl\u0101jot konstru\u0113\u0161anas, \u0161\u016b\u0161anas un dekor\u0113\u0161anas nianses.\" \/>\n<meta property=\"og:url\" content=\"https:\/\/fashionmuseum.shop\/lv\/prece\/seventeenth-century-womens-dress-patterns-book-one\/\" \/>\n<meta property=\"og:site_name\" content=\"Fashion Museum Riga Online Store\" \/>\n<meta property=\"og:image\" content=\"https:\/\/i0.wp.com\/fashionmuseum.shop\/wp-content\/uploads\/2020\/09\/book1.jpg?fit=720%2C720&ssl=1\" \/>\n\t<meta property=\"og:image:width\" content=\"720\" \/>\n\t<meta property=\"og:image:height\" content=\"720\" \/>\n\t<meta property=\"og:image:type\" content=\"image\/jpeg\" \/>\n<meta name=\"twitter:card\" content=\"summary_large_image\" \/>\n<meta name=\"twitter:label1\" content=\"Est. reading time\" \/>\n\t<meta name=\"twitter:data1\" content=\"1 minute\" \/>\n<script type=\"application\/ld+json\" class=\"yoast-schema-graph\">{\"@context\":\"https:\\\/\\\/schema.org\",\"@graph\":[{\"@type\":\"WebPage\",\"@id\":\"https:\\\/\\\/fashionmuseum.shop\\\/lv\\\/prece\\\/seventeenth-century-womens-dress-patterns-book-one\\\/\",\"url\":\"https:\\\/\\\/fashionmuseum.shop\\\/lv\\\/prece\\\/seventeenth-century-womens-dress-patterns-book-one\\\/\",\"name\":\"Seventeenth Century Women\u2019s Dress Patterns: Book One - Fashion Museum Riga Online Store\",\"isPartOf\":{\"@id\":\"https:\\\/\\\/fashionmuseum.shop\\\/lv\\\/#website\"},\"primaryImageOfPage\":{\"@id\":\"https:\\\/\\\/fashionmuseum.shop\\\/lv\\\/prece\\\/seventeenth-century-womens-dress-patterns-book-one\\\/#primaryimage\"},\"image\":{\"@id\":\"https:\\\/\\\/fashionmuseum.shop\\\/lv\\\/prece\\\/seventeenth-century-womens-dress-patterns-book-one\\\/#primaryimage\"},\"thumbnailUrl\":\"https:\\\/\\\/i0.wp.com\\\/fashionmuseum.shop\\\/wp-content\\\/uploads\\\/2020\\\/09\\\/book1.jpg?fit=720%2C720&ssl=1\",\"datePublished\":\"2020-09-18T14:21:42+00:00\",\"breadcrumb\":{\"@id\":\"https:\\\/\\\/fashionmuseum.shop\\\/lv\\\/prece\\\/seventeenth-century-womens-dress-patterns-book-one\\\/#breadcrumb\"},\"inLanguage\":\"lv-LV\",\"potentialAction\":[{\"@type\":\"ReadAction\",\"target\":[\"https:\\\/\\\/fashionmuseum.shop\\\/lv\\\/prece\\\/seventeenth-century-womens-dress-patterns-book-one\\\/\"]}]},{\"@type\":\"ImageObject\",\"inLanguage\":\"lv-LV\",\"@id\":\"https:\\\/\\\/fashionmuseum.shop\\\/lv\\\/prece\\\/seventeenth-century-womens-dress-patterns-book-one\\\/#primaryimage\",\"url\":\"https:\\\/\\\/i0.wp.com\\\/fashionmuseum.shop\\\/wp-content\\\/uploads\\\/2020\\\/09\\\/book1.jpg?fit=720%2C720&ssl=1\",\"contentUrl\":\"https:\\\/\\\/i0.wp.com\\\/fashionmuseum.shop\\\/wp-content\\\/uploads\\\/2020\\\/09\\\/book1.jpg?fit=720%2C720&ssl=1\",\"width\":720,\"height\":720,\"caption\":\"Seventeenth Century Women\u2019s Dress Patterns: Book One\"},{\"@type\":\"BreadcrumbList\",\"@id\":\"https:\\\/\\\/fashionmuseum.shop\\\/lv\\\/prece\\\/seventeenth-century-womens-dress-patterns-book-one\\\/#breadcrumb\",\"itemListElement\":[{\"@type\":\"ListItem\",\"position\":1,\"name\":\"Home\",\"item\":\"https:\\\/\\\/fashionmuseum.shop\\\/lv\\\/\"},{\"@type\":\"ListItem\",\"position\":2,\"name\":\"Products\",\"item\":\"https:\\\/\\\/fashionmuseum.shop\\\/lv\\\/shop\\\/\"},{\"@type\":\"ListItem\",\"position\":3,\"name\":\"Seventeenth Century Women\u2019s Dress Patterns: Book One\"}]},{\"@type\":\"WebSite\",\"@id\":\"https:\\\/\\\/fashionmuseum.shop\\\/lv\\\/#website\",\"url\":\"https:\\\/\\\/fashionmuseum.shop\\\/lv\\\/\",\"name\":\"Fashion Museum Online Store\",\"description\":\"Fashion Museum Riga Online Store provides a wide selection of books about fashion and fashion history.\",\"publisher\":{\"@id\":\"https:\\\/\\\/fashionmuseum.shop\\\/lv\\\/#organization\"},\"potentialAction\":[{\"@type\":\"SearchAction\",\"target\":{\"@type\":\"EntryPoint\",\"urlTemplate\":\"https:\\\/\\\/fashionmuseum.shop\\\/lv\\\/?s={search_term_string}\"},\"query-input\":{\"@type\":\"PropertyValueSpecification\",\"valueRequired\":true,\"valueName\":\"search_term_string\"}}],\"inLanguage\":\"lv-LV\"},{\"@type\":\"Organization\",\"@id\":\"https:\\\/\\\/fashionmuseum.shop\\\/lv\\\/#organization\",\"name\":\"Modes muzejs\",\"url\":\"https:\\\/\\\/fashionmuseum.shop\\\/lv\\\/\",\"logo\":{\"@type\":\"ImageObject\",\"inLanguage\":\"lv-LV\",\"@id\":\"https:\\\/\\\/fashionmuseum.shop\\\/lv\\\/#\\\/schema\\\/logo\\\/image\\\/\",\"url\":\"https:\\\/\\\/i1.wp.com\\\/fashionmuseum.shop\\\/wp-content\\\/uploads\\\/2020\\\/04\\\/apple-touch-icon.png?fit=180%2C180&ssl=1\",\"contentUrl\":\"https:\\\/\\\/i1.wp.com\\\/fashionmuseum.shop\\\/wp-content\\\/uploads\\\/2020\\\/04\\\/apple-touch-icon.png?fit=180%2C180&ssl=1\",\"width\":180,\"height\":180,\"caption\":\"Modes muzejs\"},\"image\":{\"@id\":\"https:\\\/\\\/fashionmuseum.shop\\\/lv\\\/#\\\/schema\\\/logo\\\/image\\\/\"}}]}<\/script>\n<!-- \/ Yoast SEO plugin. -->","yoast_head_json":{"title":"Seventeenth Century Women\u2019s Dress Patterns: Book One - Fashion Museum Riga Online Store","robots":{"index":"index","follow":"follow","max-snippet":"max-snippet:-1","max-image-preview":"max-image-preview:large","max-video-preview":"max-video-preview:-1"},"canonical":"https:\/\/fashionmuseum.shop\/lv\/prece\/seventeenth-century-womens-dress-patterns-book-one\/","og_locale":"lv_LV","og_type":"article","og_title":"Seventeenth Century Women\u2019s Dress Patterns: Book One - Fashion Museum Riga Online Store","og_description":"Susan North, Jenny Tiramani K\u0101p\u0113c m\u0113s\u00a0izv\u0113l\u0113j\u0101mies\u00a0\u0161o gr\u0101matu: Unik\u0101ls izdevums! S\u0113rijas pirmaj\u0101 gr\u0101mat\u0101, balstoties Viktorijas un Alberta muzeja iespaid\u012bgaj\u0101 kolekcij\u0101, pied\u0101v\u0101tas detaliz\u0113tas instrukcijas piecpadsmit 17. gadsimta sievie\u0161u t\u0113rpu un garderobes priek\u0161metu prec\u012bzai atveidei, detaliz\u0113ti un vizu\u0101li uzskat\u0101mi soli pa solim atkl\u0101jot konstru\u0113\u0161anas, \u0161\u016b\u0161anas un dekor\u0113\u0161anas nianses.","og_url":"https:\/\/fashionmuseum.shop\/lv\/prece\/seventeenth-century-womens-dress-patterns-book-one\/","og_site_name":"Fashion Museum Riga Online Store","og_image":[{"width":720,"height":720,"url":"https:\/\/i0.wp.com\/fashionmuseum.shop\/wp-content\/uploads\/2020\/09\/book1.jpg?fit=720%2C720&ssl=1","type":"image\/jpeg"}],"twitter_card":"summary_large_image","twitter_misc":{"Est. reading time":"1 minute"},"schema":{"@context":"https:\/\/schema.org","@graph":[{"@type":"WebPage","@id":"https:\/\/fashionmuseum.shop\/lv\/prece\/seventeenth-century-womens-dress-patterns-book-one\/","url":"https:\/\/fashionmuseum.shop\/lv\/prece\/seventeenth-century-womens-dress-patterns-book-one\/","name":"Seventeenth Century Women\u2019s Dress Patterns: Book One - Fashion Museum Riga Online Store","isPartOf":{"@id":"https:\/\/fashionmuseum.shop\/lv\/#website"},"primaryImageOfPage":{"@id":"https:\/\/fashionmuseum.shop\/lv\/prece\/seventeenth-century-womens-dress-patterns-book-one\/#primaryimage"},"image":{"@id":"https:\/\/fashionmuseum.shop\/lv\/prece\/seventeenth-century-womens-dress-patterns-book-one\/#primaryimage"},"thumbnailUrl":"https:\/\/i0.wp.com\/fashionmuseum.shop\/wp-content\/uploads\/2020\/09\/book1.jpg?fit=720%2C720&ssl=1","datePublished":"2020-09-18T14:21:42+00:00","breadcrumb":{"@id":"https:\/\/fashionmuseum.shop\/lv\/prece\/seventeenth-century-womens-dress-patterns-book-one\/#breadcrumb"},"inLanguage":"lv-LV","potentialAction":[{"@type":"ReadAction","target":["https:\/\/fashionmuseum.shop\/lv\/prece\/seventeenth-century-womens-dress-patterns-book-one\/"]}]},{"@type":"ImageObject","inLanguage":"lv-LV","@id":"https:\/\/fashionmuseum.shop\/lv\/prece\/seventeenth-century-womens-dress-patterns-book-one\/#primaryimage","url":"https:\/\/i0.wp.com\/fashionmuseum.shop\/wp-content\/uploads\/2020\/09\/book1.jpg?fit=720%2C720&ssl=1","contentUrl":"https:\/\/i0.wp.com\/fashionmuseum.shop\/wp-content\/uploads\/2020\/09\/book1.jpg?fit=720%2C720&ssl=1","width":720,"height":720,"caption":"Seventeenth Century Women\u2019s Dress Patterns: Book One"},{"@type":"BreadcrumbList","@id":"https:\/\/fashionmuseum.shop\/lv\/prece\/seventeenth-century-womens-dress-patterns-book-one\/#breadcrumb","itemListElement":[{"@type":"ListItem","position":1,"name":"Home","item":"https:\/\/fashionmuseum.shop\/lv\/"},{"@type":"ListItem","position":2,"name":"Products","item":"https:\/\/fashionmuseum.shop\/lv\/shop\/"},{"@type":"ListItem","position":3,"name":"Seventeenth Century Women\u2019s Dress Patterns: Book One"}]},{"@type":"WebSite","@id":"https:\/\/fashionmuseum.shop\/lv\/#website","url":"https:\/\/fashionmuseum.shop\/lv\/","name":"Fashion Museum Online Store","description":"Fashion Museum Riga Online Store provides a wide selection of books about fashion and fashion history.","publisher":{"@id":"https:\/\/fashionmuseum.shop\/lv\/#organization"},"potentialAction":[{"@type":"SearchAction","target":{"@type":"EntryPoint","urlTemplate":"https:\/\/fashionmuseum.shop\/lv\/?s={search_term_string}"},"query-input":{"@type":"PropertyValueSpecification","valueRequired":true,"valueName":"search_term_string"}}],"inLanguage":"lv-LV"},{"@type":"Organization","@id":"https:\/\/fashionmuseum.shop\/lv\/#organization","name":"Modes muzejs","url":"https:\/\/fashionmuseum.shop\/lv\/","logo":{"@type":"ImageObject","inLanguage":"lv-LV","@id":"https:\/\/fashionmuseum.shop\/lv\/#\/schema\/logo\/image\/","url":"https:\/\/i1.wp.com\/fashionmuseum.shop\/wp-content\/uploads\/2020\/04\/apple-touch-icon.png?fit=180%2C180&ssl=1","contentUrl":"https:\/\/i1.wp.com\/fashionmuseum.shop\/wp-content\/uploads\/2020\/04\/apple-touch-icon.png?fit=180%2C180&ssl=1","width":180,"height":180,"caption":"Modes muzejs"},"image":{"@id":"https:\/\/fashionmuseum.shop\/lv\/#\/schema\/logo\/image\/"}}]}},"jetpack_publicize_connections":[],"jetpack_likes_enabled":false,"jetpack_sharing_enabled":true,"amp_enabled":true,"_links":{"self":[{"href":"https:\/\/fashionmuseum.shop\/lv\/wp-json\/wp\/v2\/product\/2979","targetHints":{"allow":["GET"]}}],"collection":[{"href":"https:\/\/fashionmuseum.shop\/lv\/wp-json\/wp\/v2\/product"}],"about":[{"href":"https:\/\/fashionmuseum.shop\/lv\/wp-json\/wp\/v2\/types\/product"}],"wp:featuredmedia":[{"embeddable":true,"href":"https:\/\/fashionmuseum.shop\/lv\/wp-json\/wp\/v2\/media\/2962"}],"wp:attachment":[{"href":"https:\/\/fashionmuseum.shop\/lv\/wp-json\/wp\/v2\/media?parent=2979"}],"wp:term":[{"taxonomy":"product_brand","embeddable":true,"href":"https:\/\/fashionmuseum.shop\/lv\/wp-json\/wp\/v2\/product_brand?post=2979"},{"taxonomy":"product_cat","embeddable":true,"href":"https:\/\/fashionmuseum.shop\/lv\/wp-json\/wp\/v2\/product_cat?post=2979"},{"taxonomy":"product_tag","embeddable":true,"href":"https:\/\/fashionmuseum.shop\/lv\/wp-json\/wp\/v2\/product_tag?post=2979"}],"curies":[{"name":"wp","href":"https:\/\/api.w.org\/{rel}","templated":true}]}}