{"id":3494,"date":"2020-11-04T15:36:57","date_gmt":"2020-11-04T13:36:57","guid":{"rendered":"https:\/\/fashionmuseum.shop\/product\/modes-muzeja-ipasa-jasminu-zala-teja\/"},"modified":"2026-01-14T20:15:43","modified_gmt":"2026-01-14T18:15:43","slug":"modes-muzeja-ipasa-jasminu-zala-teja","status":"publish","type":"product","link":"https:\/\/fashionmuseum.shop\/lv\/prece\/modes-muzeja-ipasa-jasminu-zala-teja\/","title":{"rendered":"Modes muzeja \u012bpa\u0161\u0101 jasm\u012bnu za\u013c\u0101 t\u0113ja"},"content":{"rendered":"","protected":false},"excerpt":{"rendered":"<p>Izcila jasm\u012bnu t\u0113ja no \u0136\u012bnas Fudzja\u0146as provinces. \u0160\u012b<br \/>ir eleganta za\u013c\u0101 t\u0113ja ar r\u016bp\u012bgi apstr\u0101d\u0101t\u0101m lap\u0101m un<br \/>pumpuriem. Pat\u012bkamo jasm\u012bnu arom\u0101tu un gar\u0161u<br \/>rada jasm\u012bnu pumpuri, kas tiek pievienoti t\u0113jas lap\u0101m<br \/>un tur\u0113ti kop\u0101 vair\u0101kas diennaktis, \u013caujot t\u0113jas lap\u0101m<br \/>dabiski uzs\u016bkt jasm\u012bnam tik rakstur\u012bgo arom\u0101tu un<br \/>pat\u012bkami vieglo gar\u0161u. V\u0113l\u0101k jasm\u012bnu pumpuri tiek atdal\u012bti<br \/>no t\u0113jas, atst\u0101jot vien da\u017eus gardai t\u0113jas tas\u012btei.<br \/>Sast\u0101vs: \u0136\u012bnas za\u013c\u0101 t\u0113ja ar jasm\u012bna ziediem.<\/p>\n","protected":false},"featured_media":3488,"template":"","meta":{"_coblocks_attr":"","_coblocks_dimensions":"","_coblocks_responsive_height":"","_coblocks_accordion_ie_support":"","_crdt_document":"","jetpack_publicize_message":"","jetpack_publicize_feature_enabled":true,"jetpack_social_post_already_shared":true,"jetpack_social_options":{"image_generator_settings":{"template":"highway","default_image_id":0,"font":"","enabled":false},"version":2},"_wpas_customize_per_network":false},"product_brand":[],"product_cat":[2423,2434,2422],"product_tag":[],"class_list":{"0":"post-3494","1":"product","2":"type-product","3":"status-publish","4":"has-post-thumbnail","6":"product_cat-kafija-un-teja","7":"product_cat-modes-muzeja-suveniri","8":"product_cat-suveniri","10":"first","11":"instock","12":"shipping-taxable","13":"purchasable","14":"product-type-simple"},"yoast_head":"<!-- This site is optimized with the Yoast SEO plugin v27.5 - https:\/\/yoast.com\/product\/yoast-seo-wordpress\/ -->\n<title>Modes muzeja \u012bpa\u0161\u0101 jasm\u012bnu za\u013c\u0101 t\u0113ja - Fashion Museum Riga Online Store<\/title>\n<meta name=\"robots\" content=\"index, follow, max-snippet:-1, max-image-preview:large, max-video-preview:-1\" \/>\n<link rel=\"canonical\" href=\"https:\/\/fashionmuseum.shop\/lv\/prece\/modes-muzeja-ipasa-jasminu-zala-teja\/\" \/>\n<meta property=\"og:locale\" content=\"lv_LV\" \/>\n<meta property=\"og:type\" content=\"article\" \/>\n<meta property=\"og:title\" content=\"Modes muzeja \u012bpa\u0161\u0101 jasm\u012bnu za\u013c\u0101 t\u0113ja - Fashion Museum Riga Online Store\" \/>\n<meta property=\"og:description\" content=\"Izcila jasm\u012bnu t\u0113ja no \u0136\u012bnas Fudzja\u0146as provinces. \u0160\u012bir eleganta za\u013c\u0101 t\u0113ja ar r\u016bp\u012bgi apstr\u0101d\u0101t\u0101m lap\u0101m unpumpuriem. Pat\u012bkamo jasm\u012bnu arom\u0101tu un gar\u0161urada jasm\u012bnu pumpuri, kas tiek pievienoti t\u0113jas lap\u0101mun tur\u0113ti kop\u0101 vair\u0101kas diennaktis, \u013caujot t\u0113jas lap\u0101mdabiski uzs\u016bkt jasm\u012bnam tik rakstur\u012bgo arom\u0101tu unpat\u012bkami vieglo gar\u0161u. V\u0113l\u0101k jasm\u012bnu pumpuri tiek atdal\u012btino t\u0113jas, atst\u0101jot vien da\u017eus gardai t\u0113jas tas\u012btei.Sast\u0101vs: \u0136\u012bnas za\u013c\u0101 t\u0113ja ar jasm\u012bna ziediem.\" \/>\n<meta property=\"og:url\" content=\"https:\/\/fashionmuseum.shop\/lv\/prece\/modes-muzeja-ipasa-jasminu-zala-teja\/\" \/>\n<meta property=\"og:site_name\" content=\"Fashion Museum Riga Online Store\" \/>\n<meta property=\"article:modified_time\" content=\"2026-01-14T18:15:43+00:00\" \/>\n<meta property=\"og:image\" content=\"https:\/\/fashionmuseum.shop\/wp-content\/uploads\/2020\/11\/tea-take-2-4-1024x1024.png\" \/>\n\t<meta property=\"og:image:width\" content=\"1024\" \/>\n\t<meta property=\"og:image:height\" content=\"1024\" \/>\n\t<meta property=\"og:image:type\" content=\"image\/png\" \/>\n<meta name=\"twitter:card\" content=\"summary_large_image\" \/>\n<script type=\"application\/ld+json\" class=\"yoast-schema-graph\">{\"@context\":\"https:\\\/\\\/schema.org\",\"@graph\":[{\"@type\":\"WebPage\",\"@id\":\"https:\\\/\\\/fashionmuseum.shop\\\/lv\\\/prece\\\/modes-muzeja-ipasa-jasminu-zala-teja\\\/\",\"url\":\"https:\\\/\\\/fashionmuseum.shop\\\/lv\\\/prece\\\/modes-muzeja-ipasa-jasminu-zala-teja\\\/\",\"name\":\"Modes muzeja \u012bpa\u0161\u0101 jasm\u012bnu za\u013c\u0101 t\u0113ja - Fashion Museum Riga Online Store\",\"isPartOf\":{\"@id\":\"https:\\\/\\\/fashionmuseum.shop\\\/lv\\\/#website\"},\"primaryImageOfPage\":{\"@id\":\"https:\\\/\\\/fashionmuseum.shop\\\/lv\\\/prece\\\/modes-muzeja-ipasa-jasminu-zala-teja\\\/#primaryimage\"},\"image\":{\"@id\":\"https:\\\/\\\/fashionmuseum.shop\\\/lv\\\/prece\\\/modes-muzeja-ipasa-jasminu-zala-teja\\\/#primaryimage\"},\"thumbnailUrl\":\"https:\\\/\\\/i0.wp.com\\\/fashionmuseum.shop\\\/wp-content\\\/uploads\\\/2020\\\/11\\\/tea-take-2-4.png?fit=2310%2C2310&ssl=1\",\"datePublished\":\"2020-11-04T13:36:57+00:00\",\"dateModified\":\"2026-01-14T18:15:43+00:00\",\"breadcrumb\":{\"@id\":\"https:\\\/\\\/fashionmuseum.shop\\\/lv\\\/prece\\\/modes-muzeja-ipasa-jasminu-zala-teja\\\/#breadcrumb\"},\"inLanguage\":\"lv-LV\",\"potentialAction\":[{\"@type\":\"ReadAction\",\"target\":[\"https:\\\/\\\/fashionmuseum.shop\\\/lv\\\/prece\\\/modes-muzeja-ipasa-jasminu-zala-teja\\\/\"]}]},{\"@type\":\"ImageObject\",\"inLanguage\":\"lv-LV\",\"@id\":\"https:\\\/\\\/fashionmuseum.shop\\\/lv\\\/prece\\\/modes-muzeja-ipasa-jasminu-zala-teja\\\/#primaryimage\",\"url\":\"https:\\\/\\\/i0.wp.com\\\/fashionmuseum.shop\\\/wp-content\\\/uploads\\\/2020\\\/11\\\/tea-take-2-4.png?fit=2310%2C2310&ssl=1\",\"contentUrl\":\"https:\\\/\\\/i0.wp.com\\\/fashionmuseum.shop\\\/wp-content\\\/uploads\\\/2020\\\/11\\\/tea-take-2-4.png?fit=2310%2C2310&ssl=1\",\"width\":2310,\"height\":2310,\"caption\":\"Fashion Museum Jasmine Tea\"},{\"@type\":\"BreadcrumbList\",\"@id\":\"https:\\\/\\\/fashionmuseum.shop\\\/lv\\\/prece\\\/modes-muzeja-ipasa-jasminu-zala-teja\\\/#breadcrumb\",\"itemListElement\":[{\"@type\":\"ListItem\",\"position\":1,\"name\":\"Home\",\"item\":\"https:\\\/\\\/fashionmuseum.shop\\\/lv\\\/\"},{\"@type\":\"ListItem\",\"position\":2,\"name\":\"Products\",\"item\":\"https:\\\/\\\/fashionmuseum.shop\\\/lv\\\/shop\\\/\"},{\"@type\":\"ListItem\",\"position\":3,\"name\":\"Modes muzeja \u012bpa\u0161\u0101 jasm\u012bnu za\u013c\u0101 t\u0113ja\"}]},{\"@type\":\"WebSite\",\"@id\":\"https:\\\/\\\/fashionmuseum.shop\\\/lv\\\/#website\",\"url\":\"https:\\\/\\\/fashionmuseum.shop\\\/lv\\\/\",\"name\":\"Fashion Museum Online Store\",\"description\":\"Fashion Museum Riga Online Store provides a wide selection of books about fashion and fashion history.\",\"publisher\":{\"@id\":\"https:\\\/\\\/fashionmuseum.shop\\\/lv\\\/#organization\"},\"potentialAction\":[{\"@type\":\"SearchAction\",\"target\":{\"@type\":\"EntryPoint\",\"urlTemplate\":\"https:\\\/\\\/fashionmuseum.shop\\\/lv\\\/?s={search_term_string}\"},\"query-input\":{\"@type\":\"PropertyValueSpecification\",\"valueRequired\":true,\"valueName\":\"search_term_string\"}}],\"inLanguage\":\"lv-LV\"},{\"@type\":\"Organization\",\"@id\":\"https:\\\/\\\/fashionmuseum.shop\\\/lv\\\/#organization\",\"name\":\"Modes muzejs\",\"url\":\"https:\\\/\\\/fashionmuseum.shop\\\/lv\\\/\",\"logo\":{\"@type\":\"ImageObject\",\"inLanguage\":\"lv-LV\",\"@id\":\"https:\\\/\\\/fashionmuseum.shop\\\/lv\\\/#\\\/schema\\\/logo\\\/image\\\/\",\"url\":\"https:\\\/\\\/i1.wp.com\\\/fashionmuseum.shop\\\/wp-content\\\/uploads\\\/2020\\\/04\\\/apple-touch-icon.png?fit=180%2C180&ssl=1\",\"contentUrl\":\"https:\\\/\\\/i1.wp.com\\\/fashionmuseum.shop\\\/wp-content\\\/uploads\\\/2020\\\/04\\\/apple-touch-icon.png?fit=180%2C180&ssl=1\",\"width\":180,\"height\":180,\"caption\":\"Modes muzejs\"},\"image\":{\"@id\":\"https:\\\/\\\/fashionmuseum.shop\\\/lv\\\/#\\\/schema\\\/logo\\\/image\\\/\"}}]}<\/script>\n<!-- \/ Yoast SEO plugin. -->","yoast_head_json":{"title":"Modes muzeja \u012bpa\u0161\u0101 jasm\u012bnu za\u013c\u0101 t\u0113ja - Fashion Museum Riga Online Store","robots":{"index":"index","follow":"follow","max-snippet":"max-snippet:-1","max-image-preview":"max-image-preview:large","max-video-preview":"max-video-preview:-1"},"canonical":"https:\/\/fashionmuseum.shop\/lv\/prece\/modes-muzeja-ipasa-jasminu-zala-teja\/","og_locale":"lv_LV","og_type":"article","og_title":"Modes muzeja \u012bpa\u0161\u0101 jasm\u012bnu za\u013c\u0101 t\u0113ja - Fashion Museum Riga Online Store","og_description":"Izcila jasm\u012bnu t\u0113ja no \u0136\u012bnas Fudzja\u0146as provinces. \u0160\u012bir eleganta za\u013c\u0101 t\u0113ja ar r\u016bp\u012bgi apstr\u0101d\u0101t\u0101m lap\u0101m unpumpuriem. Pat\u012bkamo jasm\u012bnu arom\u0101tu un gar\u0161urada jasm\u012bnu pumpuri, kas tiek pievienoti t\u0113jas lap\u0101mun tur\u0113ti kop\u0101 vair\u0101kas diennaktis, \u013caujot t\u0113jas lap\u0101mdabiski uzs\u016bkt jasm\u012bnam tik rakstur\u012bgo arom\u0101tu unpat\u012bkami vieglo gar\u0161u. V\u0113l\u0101k jasm\u012bnu pumpuri tiek atdal\u012btino t\u0113jas, atst\u0101jot vien da\u017eus gardai t\u0113jas tas\u012btei.Sast\u0101vs: \u0136\u012bnas za\u013c\u0101 t\u0113ja ar jasm\u012bna ziediem.","og_url":"https:\/\/fashionmuseum.shop\/lv\/prece\/modes-muzeja-ipasa-jasminu-zala-teja\/","og_site_name":"Fashion Museum Riga Online Store","article_modified_time":"2026-01-14T18:15:43+00:00","og_image":[{"width":1024,"height":1024,"url":"https:\/\/fashionmuseum.shop\/wp-content\/uploads\/2020\/11\/tea-take-2-4-1024x1024.png","type":"image\/png"}],"twitter_card":"summary_large_image","schema":{"@context":"https:\/\/schema.org","@graph":[{"@type":"WebPage","@id":"https:\/\/fashionmuseum.shop\/lv\/prece\/modes-muzeja-ipasa-jasminu-zala-teja\/","url":"https:\/\/fashionmuseum.shop\/lv\/prece\/modes-muzeja-ipasa-jasminu-zala-teja\/","name":"Modes muzeja \u012bpa\u0161\u0101 jasm\u012bnu za\u013c\u0101 t\u0113ja - Fashion Museum Riga Online Store","isPartOf":{"@id":"https:\/\/fashionmuseum.shop\/lv\/#website"},"primaryImageOfPage":{"@id":"https:\/\/fashionmuseum.shop\/lv\/prece\/modes-muzeja-ipasa-jasminu-zala-teja\/#primaryimage"},"image":{"@id":"https:\/\/fashionmuseum.shop\/lv\/prece\/modes-muzeja-ipasa-jasminu-zala-teja\/#primaryimage"},"thumbnailUrl":"https:\/\/i0.wp.com\/fashionmuseum.shop\/wp-content\/uploads\/2020\/11\/tea-take-2-4.png?fit=2310%2C2310&ssl=1","datePublished":"2020-11-04T13:36:57+00:00","dateModified":"2026-01-14T18:15:43+00:00","breadcrumb":{"@id":"https:\/\/fashionmuseum.shop\/lv\/prece\/modes-muzeja-ipasa-jasminu-zala-teja\/#breadcrumb"},"inLanguage":"lv-LV","potentialAction":[{"@type":"ReadAction","target":["https:\/\/fashionmuseum.shop\/lv\/prece\/modes-muzeja-ipasa-jasminu-zala-teja\/"]}]},{"@type":"ImageObject","inLanguage":"lv-LV","@id":"https:\/\/fashionmuseum.shop\/lv\/prece\/modes-muzeja-ipasa-jasminu-zala-teja\/#primaryimage","url":"https:\/\/i0.wp.com\/fashionmuseum.shop\/wp-content\/uploads\/2020\/11\/tea-take-2-4.png?fit=2310%2C2310&ssl=1","contentUrl":"https:\/\/i0.wp.com\/fashionmuseum.shop\/wp-content\/uploads\/2020\/11\/tea-take-2-4.png?fit=2310%2C2310&ssl=1","width":2310,"height":2310,"caption":"Fashion Museum Jasmine Tea"},{"@type":"BreadcrumbList","@id":"https:\/\/fashionmuseum.shop\/lv\/prece\/modes-muzeja-ipasa-jasminu-zala-teja\/#breadcrumb","itemListElement":[{"@type":"ListItem","position":1,"name":"Home","item":"https:\/\/fashionmuseum.shop\/lv\/"},{"@type":"ListItem","position":2,"name":"Products","item":"https:\/\/fashionmuseum.shop\/lv\/shop\/"},{"@type":"ListItem","position":3,"name":"Modes muzeja \u012bpa\u0161\u0101 jasm\u012bnu za\u013c\u0101 t\u0113ja"}]},{"@type":"WebSite","@id":"https:\/\/fashionmuseum.shop\/lv\/#website","url":"https:\/\/fashionmuseum.shop\/lv\/","name":"Fashion Museum Online Store","description":"Fashion Museum Riga Online Store provides a wide selection of books about fashion and fashion history.","publisher":{"@id":"https:\/\/fashionmuseum.shop\/lv\/#organization"},"potentialAction":[{"@type":"SearchAction","target":{"@type":"EntryPoint","urlTemplate":"https:\/\/fashionmuseum.shop\/lv\/?s={search_term_string}"},"query-input":{"@type":"PropertyValueSpecification","valueRequired":true,"valueName":"search_term_string"}}],"inLanguage":"lv-LV"},{"@type":"Organization","@id":"https:\/\/fashionmuseum.shop\/lv\/#organization","name":"Modes muzejs","url":"https:\/\/fashionmuseum.shop\/lv\/","logo":{"@type":"ImageObject","inLanguage":"lv-LV","@id":"https:\/\/fashionmuseum.shop\/lv\/#\/schema\/logo\/image\/","url":"https:\/\/i1.wp.com\/fashionmuseum.shop\/wp-content\/uploads\/2020\/04\/apple-touch-icon.png?fit=180%2C180&ssl=1","contentUrl":"https:\/\/i1.wp.com\/fashionmuseum.shop\/wp-content\/uploads\/2020\/04\/apple-touch-icon.png?fit=180%2C180&ssl=1","width":180,"height":180,"caption":"Modes muzejs"},"image":{"@id":"https:\/\/fashionmuseum.shop\/lv\/#\/schema\/logo\/image\/"}}]}},"jetpack_publicize_connections":[],"jetpack_likes_enabled":false,"jetpack_sharing_enabled":true,"amp_enabled":true,"_links":{"self":[{"href":"https:\/\/fashionmuseum.shop\/lv\/wp-json\/wp\/v2\/product\/3494","targetHints":{"allow":["GET"]}}],"collection":[{"href":"https:\/\/fashionmuseum.shop\/lv\/wp-json\/wp\/v2\/product"}],"about":[{"href":"https:\/\/fashionmuseum.shop\/lv\/wp-json\/wp\/v2\/types\/product"}],"wp:featuredmedia":[{"embeddable":true,"href":"https:\/\/fashionmuseum.shop\/lv\/wp-json\/wp\/v2\/media\/3488"}],"wp:attachment":[{"href":"https:\/\/fashionmuseum.shop\/lv\/wp-json\/wp\/v2\/media?parent=3494"}],"wp:term":[{"taxonomy":"product_brand","embeddable":true,"href":"https:\/\/fashionmuseum.shop\/lv\/wp-json\/wp\/v2\/product_brand?post=3494"},{"taxonomy":"product_cat","embeddable":true,"href":"https:\/\/fashionmuseum.shop\/lv\/wp-json\/wp\/v2\/product_cat?post=3494"},{"taxonomy":"product_tag","embeddable":true,"href":"https:\/\/fashionmuseum.shop\/lv\/wp-json\/wp\/v2\/product_tag?post=3494"}],"curies":[{"name":"wp","href":"https:\/\/api.w.org\/{rel}","templated":true}]}}