{"id":3790,"date":"2020-11-13T17:13:44","date_gmt":"2020-11-13T15:13:44","guid":{"rendered":"https:\/\/fashionmuseum.shop\/product\/pastkarte-johans-kristofs-broce-cilveki-rigas-ielas\/"},"modified":"2020-11-13T17:13:44","modified_gmt":"2020-11-13T15:13:44","slug":"pastkarte-johans-kristofs-broce-cilveki-rigas-ielas","status":"publish","type":"product","link":"https:\/\/fashionmuseum.shop\/lv\/prece\/pastkarte-johans-kristofs-broce-cilveki-rigas-ielas\/","title":{"rendered":"Pastkarte Johans Kristofs Broce. Cilv\u0113ki R\u012bgas iel\u0101s"},"content":{"rendered":"","protected":false},"excerpt":{"rendered":"<p>Pastkarte Johans Kristofs Broce. Cilv\u0113ki R\u012bgas iel\u0101s:<br \/>\nv\u0101cu sieviete tirgo klin\u0123erus maiznieka uzdevum\u0101; v\u0101cu kalpone; ebreju sieviete.<\/p>\n","protected":false},"featured_media":3666,"template":"","meta":{"_coblocks_attr":"","_coblocks_dimensions":"","_coblocks_responsive_height":"","_coblocks_accordion_ie_support":"","_crdt_document":"","jetpack_publicize_message":"","jetpack_publicize_feature_enabled":true,"jetpack_social_post_already_shared":true,"jetpack_social_options":{"image_generator_settings":{"template":"highway","default_image_id":0,"font":"","enabled":false},"version":2},"_wpas_customize_per_network":false},"product_brand":[],"product_cat":[2438,2434,2438,2422],"product_tag":[],"class_list":{"0":"post-3790","1":"product","2":"type-product","3":"status-publish","4":"has-post-thumbnail","6":"product_cat-pastkartes","7":"product_cat-modes-muzeja-suveniri","9":"product_cat-suveniri","11":"first","12":"instock","13":"shipping-taxable","14":"purchasable","15":"product-type-simple"},"yoast_head":"<!-- This site is optimized with the Yoast SEO plugin v27.4 - https:\/\/yoast.com\/product\/yoast-seo-wordpress\/ -->\n<title>Pastkarte Johans Kristofs Broce. Cilv\u0113ki R\u012bgas iel\u0101s - Fashion Museum Riga Online Store<\/title>\n<meta name=\"robots\" content=\"index, follow, max-snippet:-1, max-image-preview:large, max-video-preview:-1\" \/>\n<link rel=\"canonical\" href=\"https:\/\/fashionmuseum.shop\/lv\/prece\/pastkarte-johans-kristofs-broce-cilveki-rigas-ielas\/\" \/>\n<meta property=\"og:locale\" content=\"lv_LV\" \/>\n<meta property=\"og:type\" content=\"article\" \/>\n<meta property=\"og:title\" content=\"Pastkarte Johans Kristofs Broce. Cilv\u0113ki R\u012bgas iel\u0101s - Fashion Museum Riga Online Store\" \/>\n<meta property=\"og:description\" content=\"Pastkarte Johans Kristofs Broce. Cilv\u0113ki R\u012bgas iel\u0101s: v\u0101cu sieviete tirgo klin\u0123erus maiznieka uzdevum\u0101; v\u0101cu kalpone; ebreju sieviete.\" \/>\n<meta property=\"og:url\" content=\"https:\/\/fashionmuseum.shop\/lv\/prece\/pastkarte-johans-kristofs-broce-cilveki-rigas-ielas\/\" \/>\n<meta property=\"og:site_name\" content=\"Fashion Museum Riga Online Store\" \/>\n<meta property=\"og:image\" content=\"https:\/\/i0.wp.com\/fashionmuseum.shop\/wp-content\/uploads\/2020\/11\/postcards-9.jpg?fit=2975%2C2975&ssl=1\" \/>\n\t<meta property=\"og:image:width\" content=\"2975\" \/>\n\t<meta property=\"og:image:height\" content=\"2975\" \/>\n\t<meta property=\"og:image:type\" content=\"image\/jpeg\" \/>\n<meta name=\"twitter:card\" content=\"summary_large_image\" \/>\n<script type=\"application\/ld+json\" class=\"yoast-schema-graph\">{\"@context\":\"https:\\\/\\\/schema.org\",\"@graph\":[{\"@type\":\"WebPage\",\"@id\":\"https:\\\/\\\/fashionmuseum.shop\\\/lv\\\/prece\\\/pastkarte-johans-kristofs-broce-cilveki-rigas-ielas\\\/\",\"url\":\"https:\\\/\\\/fashionmuseum.shop\\\/lv\\\/prece\\\/pastkarte-johans-kristofs-broce-cilveki-rigas-ielas\\\/\",\"name\":\"Pastkarte Johans Kristofs Broce. Cilv\u0113ki R\u012bgas iel\u0101s - Fashion Museum Riga Online Store\",\"isPartOf\":{\"@id\":\"https:\\\/\\\/fashionmuseum.shop\\\/lv\\\/#website\"},\"primaryImageOfPage\":{\"@id\":\"https:\\\/\\\/fashionmuseum.shop\\\/lv\\\/prece\\\/pastkarte-johans-kristofs-broce-cilveki-rigas-ielas\\\/#primaryimage\"},\"image\":{\"@id\":\"https:\\\/\\\/fashionmuseum.shop\\\/lv\\\/prece\\\/pastkarte-johans-kristofs-broce-cilveki-rigas-ielas\\\/#primaryimage\"},\"thumbnailUrl\":\"https:\\\/\\\/i0.wp.com\\\/fashionmuseum.shop\\\/wp-content\\\/uploads\\\/2020\\\/11\\\/postcards-9.jpg?fit=2975%2C2975&ssl=1\",\"datePublished\":\"2020-11-13T15:13:44+00:00\",\"breadcrumb\":{\"@id\":\"https:\\\/\\\/fashionmuseum.shop\\\/lv\\\/prece\\\/pastkarte-johans-kristofs-broce-cilveki-rigas-ielas\\\/#breadcrumb\"},\"inLanguage\":\"lv-LV\",\"potentialAction\":[{\"@type\":\"ReadAction\",\"target\":[\"https:\\\/\\\/fashionmuseum.shop\\\/lv\\\/prece\\\/pastkarte-johans-kristofs-broce-cilveki-rigas-ielas\\\/\"]}]},{\"@type\":\"ImageObject\",\"inLanguage\":\"lv-LV\",\"@id\":\"https:\\\/\\\/fashionmuseum.shop\\\/lv\\\/prece\\\/pastkarte-johans-kristofs-broce-cilveki-rigas-ielas\\\/#primaryimage\",\"url\":\"https:\\\/\\\/i0.wp.com\\\/fashionmuseum.shop\\\/wp-content\\\/uploads\\\/2020\\\/11\\\/postcards-9.jpg?fit=2975%2C2975&ssl=1\",\"contentUrl\":\"https:\\\/\\\/i0.wp.com\\\/fashionmuseum.shop\\\/wp-content\\\/uploads\\\/2020\\\/11\\\/postcards-9.jpg?fit=2975%2C2975&ssl=1\",\"width\":2975,\"height\":2975,\"caption\":\"Pastkarte Johans Kristofs Broce. Cilv\u0113ki R\u012bgas iel\u0101s\"},{\"@type\":\"BreadcrumbList\",\"@id\":\"https:\\\/\\\/fashionmuseum.shop\\\/lv\\\/prece\\\/pastkarte-johans-kristofs-broce-cilveki-rigas-ielas\\\/#breadcrumb\",\"itemListElement\":[{\"@type\":\"ListItem\",\"position\":1,\"name\":\"Home\",\"item\":\"https:\\\/\\\/fashionmuseum.shop\\\/lv\\\/\"},{\"@type\":\"ListItem\",\"position\":2,\"name\":\"Products\",\"item\":\"https:\\\/\\\/fashionmuseum.shop\\\/lv\\\/shop\\\/\"},{\"@type\":\"ListItem\",\"position\":3,\"name\":\"Pastkarte Johans Kristofs Broce. Cilv\u0113ki R\u012bgas iel\u0101s\"}]},{\"@type\":\"WebSite\",\"@id\":\"https:\\\/\\\/fashionmuseum.shop\\\/lv\\\/#website\",\"url\":\"https:\\\/\\\/fashionmuseum.shop\\\/lv\\\/\",\"name\":\"Fashion Museum Online Store\",\"description\":\"Fashion Museum Riga Online Store provides a wide selection of books about fashion and fashion history.\",\"publisher\":{\"@id\":\"https:\\\/\\\/fashionmuseum.shop\\\/lv\\\/#organization\"},\"potentialAction\":[{\"@type\":\"SearchAction\",\"target\":{\"@type\":\"EntryPoint\",\"urlTemplate\":\"https:\\\/\\\/fashionmuseum.shop\\\/lv\\\/?s={search_term_string}\"},\"query-input\":{\"@type\":\"PropertyValueSpecification\",\"valueRequired\":true,\"valueName\":\"search_term_string\"}}],\"inLanguage\":\"lv-LV\"},{\"@type\":\"Organization\",\"@id\":\"https:\\\/\\\/fashionmuseum.shop\\\/lv\\\/#organization\",\"name\":\"Modes muzejs\",\"url\":\"https:\\\/\\\/fashionmuseum.shop\\\/lv\\\/\",\"logo\":{\"@type\":\"ImageObject\",\"inLanguage\":\"lv-LV\",\"@id\":\"https:\\\/\\\/fashionmuseum.shop\\\/lv\\\/#\\\/schema\\\/logo\\\/image\\\/\",\"url\":\"https:\\\/\\\/i1.wp.com\\\/fashionmuseum.shop\\\/wp-content\\\/uploads\\\/2020\\\/04\\\/apple-touch-icon.png?fit=180%2C180&ssl=1\",\"contentUrl\":\"https:\\\/\\\/i1.wp.com\\\/fashionmuseum.shop\\\/wp-content\\\/uploads\\\/2020\\\/04\\\/apple-touch-icon.png?fit=180%2C180&ssl=1\",\"width\":180,\"height\":180,\"caption\":\"Modes muzejs\"},\"image\":{\"@id\":\"https:\\\/\\\/fashionmuseum.shop\\\/lv\\\/#\\\/schema\\\/logo\\\/image\\\/\"}}]}<\/script>\n<!-- \/ Yoast SEO plugin. -->","yoast_head_json":{"title":"Pastkarte Johans Kristofs Broce. Cilv\u0113ki R\u012bgas iel\u0101s - Fashion Museum Riga Online Store","robots":{"index":"index","follow":"follow","max-snippet":"max-snippet:-1","max-image-preview":"max-image-preview:large","max-video-preview":"max-video-preview:-1"},"canonical":"https:\/\/fashionmuseum.shop\/lv\/prece\/pastkarte-johans-kristofs-broce-cilveki-rigas-ielas\/","og_locale":"lv_LV","og_type":"article","og_title":"Pastkarte Johans Kristofs Broce. Cilv\u0113ki R\u012bgas iel\u0101s - Fashion Museum Riga Online Store","og_description":"Pastkarte Johans Kristofs Broce. Cilv\u0113ki R\u012bgas iel\u0101s: v\u0101cu sieviete tirgo klin\u0123erus maiznieka uzdevum\u0101; v\u0101cu kalpone; ebreju sieviete.","og_url":"https:\/\/fashionmuseum.shop\/lv\/prece\/pastkarte-johans-kristofs-broce-cilveki-rigas-ielas\/","og_site_name":"Fashion Museum Riga Online Store","og_image":[{"width":2975,"height":2975,"url":"https:\/\/i0.wp.com\/fashionmuseum.shop\/wp-content\/uploads\/2020\/11\/postcards-9.jpg?fit=2975%2C2975&ssl=1","type":"image\/jpeg"}],"twitter_card":"summary_large_image","schema":{"@context":"https:\/\/schema.org","@graph":[{"@type":"WebPage","@id":"https:\/\/fashionmuseum.shop\/lv\/prece\/pastkarte-johans-kristofs-broce-cilveki-rigas-ielas\/","url":"https:\/\/fashionmuseum.shop\/lv\/prece\/pastkarte-johans-kristofs-broce-cilveki-rigas-ielas\/","name":"Pastkarte Johans Kristofs Broce. Cilv\u0113ki R\u012bgas iel\u0101s - Fashion Museum Riga Online Store","isPartOf":{"@id":"https:\/\/fashionmuseum.shop\/lv\/#website"},"primaryImageOfPage":{"@id":"https:\/\/fashionmuseum.shop\/lv\/prece\/pastkarte-johans-kristofs-broce-cilveki-rigas-ielas\/#primaryimage"},"image":{"@id":"https:\/\/fashionmuseum.shop\/lv\/prece\/pastkarte-johans-kristofs-broce-cilveki-rigas-ielas\/#primaryimage"},"thumbnailUrl":"https:\/\/i0.wp.com\/fashionmuseum.shop\/wp-content\/uploads\/2020\/11\/postcards-9.jpg?fit=2975%2C2975&ssl=1","datePublished":"2020-11-13T15:13:44+00:00","breadcrumb":{"@id":"https:\/\/fashionmuseum.shop\/lv\/prece\/pastkarte-johans-kristofs-broce-cilveki-rigas-ielas\/#breadcrumb"},"inLanguage":"lv-LV","potentialAction":[{"@type":"ReadAction","target":["https:\/\/fashionmuseum.shop\/lv\/prece\/pastkarte-johans-kristofs-broce-cilveki-rigas-ielas\/"]}]},{"@type":"ImageObject","inLanguage":"lv-LV","@id":"https:\/\/fashionmuseum.shop\/lv\/prece\/pastkarte-johans-kristofs-broce-cilveki-rigas-ielas\/#primaryimage","url":"https:\/\/i0.wp.com\/fashionmuseum.shop\/wp-content\/uploads\/2020\/11\/postcards-9.jpg?fit=2975%2C2975&ssl=1","contentUrl":"https:\/\/i0.wp.com\/fashionmuseum.shop\/wp-content\/uploads\/2020\/11\/postcards-9.jpg?fit=2975%2C2975&ssl=1","width":2975,"height":2975,"caption":"Pastkarte Johans Kristofs Broce. Cilv\u0113ki R\u012bgas iel\u0101s"},{"@type":"BreadcrumbList","@id":"https:\/\/fashionmuseum.shop\/lv\/prece\/pastkarte-johans-kristofs-broce-cilveki-rigas-ielas\/#breadcrumb","itemListElement":[{"@type":"ListItem","position":1,"name":"Home","item":"https:\/\/fashionmuseum.shop\/lv\/"},{"@type":"ListItem","position":2,"name":"Products","item":"https:\/\/fashionmuseum.shop\/lv\/shop\/"},{"@type":"ListItem","position":3,"name":"Pastkarte Johans Kristofs Broce. Cilv\u0113ki R\u012bgas iel\u0101s"}]},{"@type":"WebSite","@id":"https:\/\/fashionmuseum.shop\/lv\/#website","url":"https:\/\/fashionmuseum.shop\/lv\/","name":"Fashion Museum Online Store","description":"Fashion Museum Riga Online Store provides a wide selection of books about fashion and fashion history.","publisher":{"@id":"https:\/\/fashionmuseum.shop\/lv\/#organization"},"potentialAction":[{"@type":"SearchAction","target":{"@type":"EntryPoint","urlTemplate":"https:\/\/fashionmuseum.shop\/lv\/?s={search_term_string}"},"query-input":{"@type":"PropertyValueSpecification","valueRequired":true,"valueName":"search_term_string"}}],"inLanguage":"lv-LV"},{"@type":"Organization","@id":"https:\/\/fashionmuseum.shop\/lv\/#organization","name":"Modes muzejs","url":"https:\/\/fashionmuseum.shop\/lv\/","logo":{"@type":"ImageObject","inLanguage":"lv-LV","@id":"https:\/\/fashionmuseum.shop\/lv\/#\/schema\/logo\/image\/","url":"https:\/\/i1.wp.com\/fashionmuseum.shop\/wp-content\/uploads\/2020\/04\/apple-touch-icon.png?fit=180%2C180&ssl=1","contentUrl":"https:\/\/i1.wp.com\/fashionmuseum.shop\/wp-content\/uploads\/2020\/04\/apple-touch-icon.png?fit=180%2C180&ssl=1","width":180,"height":180,"caption":"Modes muzejs"},"image":{"@id":"https:\/\/fashionmuseum.shop\/lv\/#\/schema\/logo\/image\/"}}]}},"jetpack_publicize_connections":[],"jetpack_likes_enabled":false,"jetpack_sharing_enabled":true,"amp_enabled":true,"_links":{"self":[{"href":"https:\/\/fashionmuseum.shop\/lv\/wp-json\/wp\/v2\/product\/3790","targetHints":{"allow":["GET"]}}],"collection":[{"href":"https:\/\/fashionmuseum.shop\/lv\/wp-json\/wp\/v2\/product"}],"about":[{"href":"https:\/\/fashionmuseum.shop\/lv\/wp-json\/wp\/v2\/types\/product"}],"wp:featuredmedia":[{"embeddable":true,"href":"https:\/\/fashionmuseum.shop\/lv\/wp-json\/wp\/v2\/media\/3666"}],"wp:attachment":[{"href":"https:\/\/fashionmuseum.shop\/lv\/wp-json\/wp\/v2\/media?parent=3790"}],"wp:term":[{"taxonomy":"product_brand","embeddable":true,"href":"https:\/\/fashionmuseum.shop\/lv\/wp-json\/wp\/v2\/product_brand?post=3790"},{"taxonomy":"product_cat","embeddable":true,"href":"https:\/\/fashionmuseum.shop\/lv\/wp-json\/wp\/v2\/product_cat?post=3790"},{"taxonomy":"product_tag","embeddable":true,"href":"https:\/\/fashionmuseum.shop\/lv\/wp-json\/wp\/v2\/product_tag?post=3790"}],"curies":[{"name":"wp","href":"https:\/\/api.w.org\/{rel}","templated":true}]}}