{"id":4335,"date":"2020-12-08T17:40:37","date_gmt":"2020-12-08T15:40:37","guid":{"rendered":"https:\/\/fashionmuseum.shop\/product\/maska-katushika-hokusai-fuji-from-gotenyama\/"},"modified":"2021-10-21T15:33:15","modified_gmt":"2021-10-21T12:33:15","slug":"maska-katushika-hokusai-fuji-from-gotenyama","status":"publish","type":"product","link":"https:\/\/fashionmuseum.shop\/lv\/prece\/maska-katushika-hokusai-fuji-from-gotenyama\/","title":{"rendered":"Maska Katushika Hokusai, Fuji from Gotenyama"},"content":{"rendered":"","protected":false},"excerpt":{"rendered":"<div>Svars 7 g<\/div>\n<div>Platums 25 cm<\/div>\n<div>Augstums vid\u016b 13,5 cm<\/div>\n<div>Augstums s\u0101n\u0101 5,5 cm<\/div>\n<div>Gumijas 16 cm<\/div>\n<div>\u016adensiztur\u012bga<\/div>\n<div>\u0100rpuse no poliestera<\/div>\n<div>Iek\u0161puse no kokvilnas<\/div>\n<div>Mazg\u0101jama 60\u00b0C<\/div>\n<div>Divsl\u0101\u0146u<\/div>\n","protected":false},"featured_media":4208,"template":"","meta":{"_coblocks_attr":"","_coblocks_dimensions":"","_coblocks_responsive_height":"","_coblocks_accordion_ie_support":"","_crdt_document":"","jetpack_publicize_message":"","jetpack_publicize_feature_enabled":true,"jetpack_social_post_already_shared":true,"jetpack_social_options":{"image_generator_settings":{"template":"highway","default_image_id":0,"font":"","enabled":false},"version":2},"_wpas_customize_per_network":false},"product_brand":[],"product_cat":[2514,3328],"product_tag":[3281,1812],"class_list":{"0":"post-4335","1":"product","2":"type-product","3":"status-publish","4":"has-post-thumbnail","6":"product_cat-loqi-somas-un-maskas","7":"product_cat-maskas","8":"product_tag-gleznas","9":"product_tag-japanu","11":"first","12":"instock","13":"sale","14":"shipping-taxable","15":"purchasable","16":"product-type-simple"},"yoast_head":"<!-- This site is optimized with the Yoast SEO plugin v27.4 - https:\/\/yoast.com\/product\/yoast-seo-wordpress\/ -->\n<title>Maska Katushika Hokusai, Fuji from Gotenyama - Fashion Museum Riga Online Store<\/title>\n<meta name=\"robots\" content=\"index, follow, max-snippet:-1, max-image-preview:large, max-video-preview:-1\" \/>\n<link rel=\"canonical\" href=\"https:\/\/fashionmuseum.shop\/lv\/prece\/maska-katushika-hokusai-fuji-from-gotenyama\/\" \/>\n<meta property=\"og:locale\" content=\"lv_LV\" \/>\n<meta property=\"og:type\" content=\"article\" \/>\n<meta property=\"og:title\" content=\"Maska Katushika Hokusai, Fuji from Gotenyama - Fashion Museum Riga Online Store\" \/>\n<meta property=\"og:description\" content=\"Svars 7 g Platums 25 cm Augstums vid\u016b 13,5 cm Augstums s\u0101n\u0101 5,5 cm Gumijas 16 cm \u016adensiztur\u012bga \u0100rpuse no poliestera Iek\u0161puse no kokvilnas Mazg\u0101jama 60\u00b0C Divsl\u0101\u0146u\" \/>\n<meta property=\"og:url\" content=\"https:\/\/fashionmuseum.shop\/lv\/prece\/maska-katushika-hokusai-fuji-from-gotenyama\/\" \/>\n<meta property=\"og:site_name\" content=\"Fashion Museum Riga Online Store\" \/>\n<meta property=\"article:modified_time\" content=\"2021-10-21T12:33:15+00:00\" \/>\n<meta property=\"og:image\" content=\"https:\/\/i1.wp.com\/fashionmuseum.shop\/wp-content\/uploads\/2020\/12\/MA.HO_.FU-LOQI-hokusai-fuji-from-gotenyama-mask-RGB_5000x.jpg?fit=2000%2C2000&ssl=1\" \/>\n\t<meta property=\"og:image:width\" content=\"2000\" \/>\n\t<meta property=\"og:image:height\" content=\"2000\" \/>\n\t<meta property=\"og:image:type\" content=\"image\/jpeg\" \/>\n<meta name=\"twitter:card\" content=\"summary_large_image\" \/>\n<script type=\"application\/ld+json\" class=\"yoast-schema-graph\">{\"@context\":\"https:\\\/\\\/schema.org\",\"@graph\":[{\"@type\":\"WebPage\",\"@id\":\"https:\\\/\\\/fashionmuseum.shop\\\/lv\\\/prece\\\/maska-katushika-hokusai-fuji-from-gotenyama\\\/\",\"url\":\"https:\\\/\\\/fashionmuseum.shop\\\/lv\\\/prece\\\/maska-katushika-hokusai-fuji-from-gotenyama\\\/\",\"name\":\"Maska Katushika Hokusai, Fuji from Gotenyama - Fashion Museum Riga Online Store\",\"isPartOf\":{\"@id\":\"https:\\\/\\\/fashionmuseum.shop\\\/lv\\\/#website\"},\"primaryImageOfPage\":{\"@id\":\"https:\\\/\\\/fashionmuseum.shop\\\/lv\\\/prece\\\/maska-katushika-hokusai-fuji-from-gotenyama\\\/#primaryimage\"},\"image\":{\"@id\":\"https:\\\/\\\/fashionmuseum.shop\\\/lv\\\/prece\\\/maska-katushika-hokusai-fuji-from-gotenyama\\\/#primaryimage\"},\"thumbnailUrl\":\"https:\\\/\\\/i0.wp.com\\\/fashionmuseum.shop\\\/wp-content\\\/uploads\\\/2020\\\/12\\\/MA.HO_.FU-LOQI-hokusai-fuji-from-gotenyama-mask-RGB_5000x.jpg?fit=2000%2C2000&ssl=1\",\"datePublished\":\"2020-12-08T15:40:37+00:00\",\"dateModified\":\"2021-10-21T12:33:15+00:00\",\"breadcrumb\":{\"@id\":\"https:\\\/\\\/fashionmuseum.shop\\\/lv\\\/prece\\\/maska-katushika-hokusai-fuji-from-gotenyama\\\/#breadcrumb\"},\"inLanguage\":\"lv-LV\",\"potentialAction\":[{\"@type\":\"ReadAction\",\"target\":[\"https:\\\/\\\/fashionmuseum.shop\\\/lv\\\/prece\\\/maska-katushika-hokusai-fuji-from-gotenyama\\\/\"]}]},{\"@type\":\"ImageObject\",\"inLanguage\":\"lv-LV\",\"@id\":\"https:\\\/\\\/fashionmuseum.shop\\\/lv\\\/prece\\\/maska-katushika-hokusai-fuji-from-gotenyama\\\/#primaryimage\",\"url\":\"https:\\\/\\\/i0.wp.com\\\/fashionmuseum.shop\\\/wp-content\\\/uploads\\\/2020\\\/12\\\/MA.HO_.FU-LOQI-hokusai-fuji-from-gotenyama-mask-RGB_5000x.jpg?fit=2000%2C2000&ssl=1\",\"contentUrl\":\"https:\\\/\\\/i0.wp.com\\\/fashionmuseum.shop\\\/wp-content\\\/uploads\\\/2020\\\/12\\\/MA.HO_.FU-LOQI-hokusai-fuji-from-gotenyama-mask-RGB_5000x.jpg?fit=2000%2C2000&ssl=1\",\"width\":2000,\"height\":2000,\"caption\":\"Katushika Hokusai, Fuji from Gotenyama Mask\"},{\"@type\":\"BreadcrumbList\",\"@id\":\"https:\\\/\\\/fashionmuseum.shop\\\/lv\\\/prece\\\/maska-katushika-hokusai-fuji-from-gotenyama\\\/#breadcrumb\",\"itemListElement\":[{\"@type\":\"ListItem\",\"position\":1,\"name\":\"Home\",\"item\":\"https:\\\/\\\/fashionmuseum.shop\\\/lv\\\/\"},{\"@type\":\"ListItem\",\"position\":2,\"name\":\"Products\",\"item\":\"https:\\\/\\\/fashionmuseum.shop\\\/lv\\\/shop\\\/\"},{\"@type\":\"ListItem\",\"position\":3,\"name\":\"Maska Katushika Hokusai, Fuji from Gotenyama\"}]},{\"@type\":\"WebSite\",\"@id\":\"https:\\\/\\\/fashionmuseum.shop\\\/lv\\\/#website\",\"url\":\"https:\\\/\\\/fashionmuseum.shop\\\/lv\\\/\",\"name\":\"Fashion Museum Online Store\",\"description\":\"Fashion Museum Riga Online Store provides a wide selection of books about fashion and fashion history.\",\"publisher\":{\"@id\":\"https:\\\/\\\/fashionmuseum.shop\\\/lv\\\/#organization\"},\"potentialAction\":[{\"@type\":\"SearchAction\",\"target\":{\"@type\":\"EntryPoint\",\"urlTemplate\":\"https:\\\/\\\/fashionmuseum.shop\\\/lv\\\/?s={search_term_string}\"},\"query-input\":{\"@type\":\"PropertyValueSpecification\",\"valueRequired\":true,\"valueName\":\"search_term_string\"}}],\"inLanguage\":\"lv-LV\"},{\"@type\":\"Organization\",\"@id\":\"https:\\\/\\\/fashionmuseum.shop\\\/lv\\\/#organization\",\"name\":\"Modes muzejs\",\"url\":\"https:\\\/\\\/fashionmuseum.shop\\\/lv\\\/\",\"logo\":{\"@type\":\"ImageObject\",\"inLanguage\":\"lv-LV\",\"@id\":\"https:\\\/\\\/fashionmuseum.shop\\\/lv\\\/#\\\/schema\\\/logo\\\/image\\\/\",\"url\":\"https:\\\/\\\/i1.wp.com\\\/fashionmuseum.shop\\\/wp-content\\\/uploads\\\/2020\\\/04\\\/apple-touch-icon.png?fit=180%2C180&ssl=1\",\"contentUrl\":\"https:\\\/\\\/i1.wp.com\\\/fashionmuseum.shop\\\/wp-content\\\/uploads\\\/2020\\\/04\\\/apple-touch-icon.png?fit=180%2C180&ssl=1\",\"width\":180,\"height\":180,\"caption\":\"Modes muzejs\"},\"image\":{\"@id\":\"https:\\\/\\\/fashionmuseum.shop\\\/lv\\\/#\\\/schema\\\/logo\\\/image\\\/\"}}]}<\/script>\n<!-- \/ Yoast SEO plugin. -->","yoast_head_json":{"title":"Maska Katushika Hokusai, Fuji from Gotenyama - Fashion Museum Riga Online Store","robots":{"index":"index","follow":"follow","max-snippet":"max-snippet:-1","max-image-preview":"max-image-preview:large","max-video-preview":"max-video-preview:-1"},"canonical":"https:\/\/fashionmuseum.shop\/lv\/prece\/maska-katushika-hokusai-fuji-from-gotenyama\/","og_locale":"lv_LV","og_type":"article","og_title":"Maska Katushika Hokusai, Fuji from Gotenyama - Fashion Museum Riga Online Store","og_description":"Svars 7 g Platums 25 cm Augstums vid\u016b 13,5 cm Augstums s\u0101n\u0101 5,5 cm Gumijas 16 cm \u016adensiztur\u012bga \u0100rpuse no poliestera Iek\u0161puse no kokvilnas Mazg\u0101jama 60\u00b0C Divsl\u0101\u0146u","og_url":"https:\/\/fashionmuseum.shop\/lv\/prece\/maska-katushika-hokusai-fuji-from-gotenyama\/","og_site_name":"Fashion Museum Riga Online Store","article_modified_time":"2021-10-21T12:33:15+00:00","og_image":[{"width":2000,"height":2000,"url":"https:\/\/i1.wp.com\/fashionmuseum.shop\/wp-content\/uploads\/2020\/12\/MA.HO_.FU-LOQI-hokusai-fuji-from-gotenyama-mask-RGB_5000x.jpg?fit=2000%2C2000&ssl=1","type":"image\/jpeg"}],"twitter_card":"summary_large_image","schema":{"@context":"https:\/\/schema.org","@graph":[{"@type":"WebPage","@id":"https:\/\/fashionmuseum.shop\/lv\/prece\/maska-katushika-hokusai-fuji-from-gotenyama\/","url":"https:\/\/fashionmuseum.shop\/lv\/prece\/maska-katushika-hokusai-fuji-from-gotenyama\/","name":"Maska Katushika Hokusai, Fuji from Gotenyama - Fashion Museum Riga Online Store","isPartOf":{"@id":"https:\/\/fashionmuseum.shop\/lv\/#website"},"primaryImageOfPage":{"@id":"https:\/\/fashionmuseum.shop\/lv\/prece\/maska-katushika-hokusai-fuji-from-gotenyama\/#primaryimage"},"image":{"@id":"https:\/\/fashionmuseum.shop\/lv\/prece\/maska-katushika-hokusai-fuji-from-gotenyama\/#primaryimage"},"thumbnailUrl":"https:\/\/i0.wp.com\/fashionmuseum.shop\/wp-content\/uploads\/2020\/12\/MA.HO_.FU-LOQI-hokusai-fuji-from-gotenyama-mask-RGB_5000x.jpg?fit=2000%2C2000&ssl=1","datePublished":"2020-12-08T15:40:37+00:00","dateModified":"2021-10-21T12:33:15+00:00","breadcrumb":{"@id":"https:\/\/fashionmuseum.shop\/lv\/prece\/maska-katushika-hokusai-fuji-from-gotenyama\/#breadcrumb"},"inLanguage":"lv-LV","potentialAction":[{"@type":"ReadAction","target":["https:\/\/fashionmuseum.shop\/lv\/prece\/maska-katushika-hokusai-fuji-from-gotenyama\/"]}]},{"@type":"ImageObject","inLanguage":"lv-LV","@id":"https:\/\/fashionmuseum.shop\/lv\/prece\/maska-katushika-hokusai-fuji-from-gotenyama\/#primaryimage","url":"https:\/\/i0.wp.com\/fashionmuseum.shop\/wp-content\/uploads\/2020\/12\/MA.HO_.FU-LOQI-hokusai-fuji-from-gotenyama-mask-RGB_5000x.jpg?fit=2000%2C2000&ssl=1","contentUrl":"https:\/\/i0.wp.com\/fashionmuseum.shop\/wp-content\/uploads\/2020\/12\/MA.HO_.FU-LOQI-hokusai-fuji-from-gotenyama-mask-RGB_5000x.jpg?fit=2000%2C2000&ssl=1","width":2000,"height":2000,"caption":"Katushika Hokusai, Fuji from Gotenyama Mask"},{"@type":"BreadcrumbList","@id":"https:\/\/fashionmuseum.shop\/lv\/prece\/maska-katushika-hokusai-fuji-from-gotenyama\/#breadcrumb","itemListElement":[{"@type":"ListItem","position":1,"name":"Home","item":"https:\/\/fashionmuseum.shop\/lv\/"},{"@type":"ListItem","position":2,"name":"Products","item":"https:\/\/fashionmuseum.shop\/lv\/shop\/"},{"@type":"ListItem","position":3,"name":"Maska Katushika Hokusai, Fuji from Gotenyama"}]},{"@type":"WebSite","@id":"https:\/\/fashionmuseum.shop\/lv\/#website","url":"https:\/\/fashionmuseum.shop\/lv\/","name":"Fashion Museum Online Store","description":"Fashion Museum Riga Online Store provides a wide selection of books about fashion and fashion history.","publisher":{"@id":"https:\/\/fashionmuseum.shop\/lv\/#organization"},"potentialAction":[{"@type":"SearchAction","target":{"@type":"EntryPoint","urlTemplate":"https:\/\/fashionmuseum.shop\/lv\/?s={search_term_string}"},"query-input":{"@type":"PropertyValueSpecification","valueRequired":true,"valueName":"search_term_string"}}],"inLanguage":"lv-LV"},{"@type":"Organization","@id":"https:\/\/fashionmuseum.shop\/lv\/#organization","name":"Modes muzejs","url":"https:\/\/fashionmuseum.shop\/lv\/","logo":{"@type":"ImageObject","inLanguage":"lv-LV","@id":"https:\/\/fashionmuseum.shop\/lv\/#\/schema\/logo\/image\/","url":"https:\/\/i1.wp.com\/fashionmuseum.shop\/wp-content\/uploads\/2020\/04\/apple-touch-icon.png?fit=180%2C180&ssl=1","contentUrl":"https:\/\/i1.wp.com\/fashionmuseum.shop\/wp-content\/uploads\/2020\/04\/apple-touch-icon.png?fit=180%2C180&ssl=1","width":180,"height":180,"caption":"Modes muzejs"},"image":{"@id":"https:\/\/fashionmuseum.shop\/lv\/#\/schema\/logo\/image\/"}}]}},"jetpack_publicize_connections":[],"jetpack_likes_enabled":false,"jetpack_sharing_enabled":true,"amp_enabled":true,"_links":{"self":[{"href":"https:\/\/fashionmuseum.shop\/lv\/wp-json\/wp\/v2\/product\/4335","targetHints":{"allow":["GET"]}}],"collection":[{"href":"https:\/\/fashionmuseum.shop\/lv\/wp-json\/wp\/v2\/product"}],"about":[{"href":"https:\/\/fashionmuseum.shop\/lv\/wp-json\/wp\/v2\/types\/product"}],"wp:featuredmedia":[{"embeddable":true,"href":"https:\/\/fashionmuseum.shop\/lv\/wp-json\/wp\/v2\/media\/4208"}],"wp:attachment":[{"href":"https:\/\/fashionmuseum.shop\/lv\/wp-json\/wp\/v2\/media?parent=4335"}],"wp:term":[{"taxonomy":"product_brand","embeddable":true,"href":"https:\/\/fashionmuseum.shop\/lv\/wp-json\/wp\/v2\/product_brand?post=4335"},{"taxonomy":"product_cat","embeddable":true,"href":"https:\/\/fashionmuseum.shop\/lv\/wp-json\/wp\/v2\/product_cat?post=4335"},{"taxonomy":"product_tag","embeddable":true,"href":"https:\/\/fashionmuseum.shop\/lv\/wp-json\/wp\/v2\/product_tag?post=4335"}],"curies":[{"name":"wp","href":"https:\/\/api.w.org\/{rel}","templated":true}]}}