{"id":4351,"date":"2020-12-08T17:40:38","date_gmt":"2020-12-08T15:40:38","guid":{"rendered":"https:\/\/fashionmuseum.shop\/product\/soma-vincent-van-gogh-almond-blossom\/"},"modified":"2022-08-12T17:05:40","modified_gmt":"2022-08-12T14:05:40","slug":"soma-vincent-van-gogh-almond-blossom","status":"publish","type":"product","link":"https:\/\/fashionmuseum.shop\/lv\/prece\/soma-vincent-van-gogh-almond-blossom\/","title":{"rendered":"Soma Vincent Van Gogh, Almond Blossom"},"content":{"rendered":"","protected":false},"excerpt":{"rendered":"<p>LOQI daudzreiz lietojam\u0101 iepirkumu soma<br \/>\nSvars 55 g<br \/>\nIztur\u0113s svaru l\u012bdz pat 20 kg<br \/>\nIzm\u0113rs 50&#215;42 cm<br \/>\nKabata ar r\u0101v\u0113jsl\u0113dz\u0113ju 11&#215;11,5 cm<br \/>\nRokturis 27 cm<br \/>\n\u016adensiztur\u012bga<br \/>\nNo poliestera<br \/>\nSertific\u0113ta saska\u0146\u0101 ar OEKO-TEX\u00ae STANDARD 100<\/p>\n","protected":false},"featured_media":4148,"template":"","meta":{"_coblocks_attr":"","_coblocks_dimensions":"","_coblocks_responsive_height":"","_coblocks_accordion_ie_support":"","_crdt_document":"","jetpack_publicize_message":"","jetpack_publicize_feature_enabled":true,"jetpack_social_post_already_shared":true,"jetpack_social_options":{"image_generator_settings":{"template":"highway","default_image_id":0,"font":"","enabled":false},"version":2},"_wpas_customize_per_network":false},"product_brand":[],"product_cat":[2514,3327],"product_tag":[3281,2861],"class_list":{"0":"post-4351","1":"product","2":"type-product","3":"status-publish","4":"has-post-thumbnail","6":"product_cat-loqi-somas-un-maskas","7":"product_cat-somas","8":"product_tag-gleznas","9":"product_tag-van-gogs","11":"first","12":"instock","13":"shipping-taxable","14":"purchasable","15":"product-type-simple"},"yoast_head":"<!-- This site is optimized with the Yoast SEO plugin v27.5 - https:\/\/yoast.com\/product\/yoast-seo-wordpress\/ -->\n<title>Soma Vincent Van Gogh, Almond Blossom - Fashion Museum Riga Online Store<\/title>\n<meta name=\"robots\" content=\"index, follow, max-snippet:-1, max-image-preview:large, max-video-preview:-1\" \/>\n<link rel=\"canonical\" href=\"https:\/\/fashionmuseum.shop\/lv\/prece\/soma-vincent-van-gogh-almond-blossom\/\" \/>\n<meta property=\"og:locale\" content=\"lv_LV\" \/>\n<meta property=\"og:type\" content=\"article\" \/>\n<meta property=\"og:title\" content=\"Soma Vincent Van Gogh, Almond Blossom - Fashion Museum Riga Online Store\" \/>\n<meta property=\"og:description\" content=\"LOQI daudzreiz lietojam\u0101 iepirkumu soma Svars 55 g Iztur\u0113s svaru l\u012bdz pat 20 kg Izm\u0113rs 50x42 cm Kabata ar r\u0101v\u0113jsl\u0113dz\u0113ju 11x11,5 cm Rokturis 27 cm \u016adensiztur\u012bga No poliestera Sertific\u0113ta saska\u0146\u0101 ar OEKO-TEX\u00ae STANDARD 100\" \/>\n<meta property=\"og:url\" content=\"https:\/\/fashionmuseum.shop\/lv\/prece\/soma-vincent-van-gogh-almond-blossom\/\" \/>\n<meta property=\"og:site_name\" content=\"Fashion Museum Riga Online Store\" \/>\n<meta property=\"article:modified_time\" content=\"2022-08-12T14:05:40+00:00\" \/>\n<meta property=\"og:image\" content=\"https:\/\/fashionmuseum.shop\/wp-content\/uploads\/2020\/12\/VG.AB-LOQI-van-gogh-almond-blossom-bag-with-zip-pocket-front-RGB_5000x.jpg\" \/>\n\t<meta property=\"og:image:width\" content=\"2000\" \/>\n\t<meta property=\"og:image:height\" content=\"2000\" \/>\n\t<meta property=\"og:image:type\" content=\"image\/jpeg\" \/>\n<meta name=\"twitter:card\" content=\"summary_large_image\" \/>\n<script type=\"application\/ld+json\" class=\"yoast-schema-graph\">{\"@context\":\"https:\\\/\\\/schema.org\",\"@graph\":[{\"@type\":\"WebPage\",\"@id\":\"https:\\\/\\\/fashionmuseum.shop\\\/lv\\\/prece\\\/soma-vincent-van-gogh-almond-blossom\\\/\",\"url\":\"https:\\\/\\\/fashionmuseum.shop\\\/lv\\\/prece\\\/soma-vincent-van-gogh-almond-blossom\\\/\",\"name\":\"Soma Vincent Van Gogh, Almond Blossom - Fashion Museum Riga Online Store\",\"isPartOf\":{\"@id\":\"https:\\\/\\\/fashionmuseum.shop\\\/lv\\\/#website\"},\"primaryImageOfPage\":{\"@id\":\"https:\\\/\\\/fashionmuseum.shop\\\/lv\\\/prece\\\/soma-vincent-van-gogh-almond-blossom\\\/#primaryimage\"},\"image\":{\"@id\":\"https:\\\/\\\/fashionmuseum.shop\\\/lv\\\/prece\\\/soma-vincent-van-gogh-almond-blossom\\\/#primaryimage\"},\"thumbnailUrl\":\"https:\\\/\\\/i0.wp.com\\\/fashionmuseum.shop\\\/wp-content\\\/uploads\\\/2020\\\/12\\\/VG.AB-LOQI-van-gogh-almond-blossom-bag-with-zip-pocket-front-RGB_5000x.jpg?fit=2000%2C2000&ssl=1\",\"datePublished\":\"2020-12-08T15:40:38+00:00\",\"dateModified\":\"2022-08-12T14:05:40+00:00\",\"breadcrumb\":{\"@id\":\"https:\\\/\\\/fashionmuseum.shop\\\/lv\\\/prece\\\/soma-vincent-van-gogh-almond-blossom\\\/#breadcrumb\"},\"inLanguage\":\"lv-LV\",\"potentialAction\":[{\"@type\":\"ReadAction\",\"target\":[\"https:\\\/\\\/fashionmuseum.shop\\\/lv\\\/prece\\\/soma-vincent-van-gogh-almond-blossom\\\/\"]}]},{\"@type\":\"ImageObject\",\"inLanguage\":\"lv-LV\",\"@id\":\"https:\\\/\\\/fashionmuseum.shop\\\/lv\\\/prece\\\/soma-vincent-van-gogh-almond-blossom\\\/#primaryimage\",\"url\":\"https:\\\/\\\/i0.wp.com\\\/fashionmuseum.shop\\\/wp-content\\\/uploads\\\/2020\\\/12\\\/VG.AB-LOQI-van-gogh-almond-blossom-bag-with-zip-pocket-front-RGB_5000x.jpg?fit=2000%2C2000&ssl=1\",\"contentUrl\":\"https:\\\/\\\/i0.wp.com\\\/fashionmuseum.shop\\\/wp-content\\\/uploads\\\/2020\\\/12\\\/VG.AB-LOQI-van-gogh-almond-blossom-bag-with-zip-pocket-front-RGB_5000x.jpg?fit=2000%2C2000&ssl=1\",\"width\":2000,\"height\":2000,\"caption\":\"Vincent Van Gogh, Almond Blossom\"},{\"@type\":\"BreadcrumbList\",\"@id\":\"https:\\\/\\\/fashionmuseum.shop\\\/lv\\\/prece\\\/soma-vincent-van-gogh-almond-blossom\\\/#breadcrumb\",\"itemListElement\":[{\"@type\":\"ListItem\",\"position\":1,\"name\":\"Home\",\"item\":\"https:\\\/\\\/fashionmuseum.shop\\\/lv\\\/\"},{\"@type\":\"ListItem\",\"position\":2,\"name\":\"Products\",\"item\":\"https:\\\/\\\/fashionmuseum.shop\\\/lv\\\/shop\\\/\"},{\"@type\":\"ListItem\",\"position\":3,\"name\":\"Soma Vincent Van Gogh, Almond Blossom\"}]},{\"@type\":\"WebSite\",\"@id\":\"https:\\\/\\\/fashionmuseum.shop\\\/lv\\\/#website\",\"url\":\"https:\\\/\\\/fashionmuseum.shop\\\/lv\\\/\",\"name\":\"Fashion Museum Online Store\",\"description\":\"Fashion Museum Riga Online Store provides a wide selection of books about fashion and fashion history.\",\"publisher\":{\"@id\":\"https:\\\/\\\/fashionmuseum.shop\\\/lv\\\/#organization\"},\"potentialAction\":[{\"@type\":\"SearchAction\",\"target\":{\"@type\":\"EntryPoint\",\"urlTemplate\":\"https:\\\/\\\/fashionmuseum.shop\\\/lv\\\/?s={search_term_string}\"},\"query-input\":{\"@type\":\"PropertyValueSpecification\",\"valueRequired\":true,\"valueName\":\"search_term_string\"}}],\"inLanguage\":\"lv-LV\"},{\"@type\":\"Organization\",\"@id\":\"https:\\\/\\\/fashionmuseum.shop\\\/lv\\\/#organization\",\"name\":\"Modes muzejs\",\"url\":\"https:\\\/\\\/fashionmuseum.shop\\\/lv\\\/\",\"logo\":{\"@type\":\"ImageObject\",\"inLanguage\":\"lv-LV\",\"@id\":\"https:\\\/\\\/fashionmuseum.shop\\\/lv\\\/#\\\/schema\\\/logo\\\/image\\\/\",\"url\":\"https:\\\/\\\/i1.wp.com\\\/fashionmuseum.shop\\\/wp-content\\\/uploads\\\/2020\\\/04\\\/apple-touch-icon.png?fit=180%2C180&ssl=1\",\"contentUrl\":\"https:\\\/\\\/i1.wp.com\\\/fashionmuseum.shop\\\/wp-content\\\/uploads\\\/2020\\\/04\\\/apple-touch-icon.png?fit=180%2C180&ssl=1\",\"width\":180,\"height\":180,\"caption\":\"Modes muzejs\"},\"image\":{\"@id\":\"https:\\\/\\\/fashionmuseum.shop\\\/lv\\\/#\\\/schema\\\/logo\\\/image\\\/\"}}]}<\/script>\n<!-- \/ Yoast SEO plugin. -->","yoast_head_json":{"title":"Soma Vincent Van Gogh, Almond Blossom - Fashion Museum Riga Online Store","robots":{"index":"index","follow":"follow","max-snippet":"max-snippet:-1","max-image-preview":"max-image-preview:large","max-video-preview":"max-video-preview:-1"},"canonical":"https:\/\/fashionmuseum.shop\/lv\/prece\/soma-vincent-van-gogh-almond-blossom\/","og_locale":"lv_LV","og_type":"article","og_title":"Soma Vincent Van Gogh, Almond Blossom - Fashion Museum Riga Online Store","og_description":"LOQI daudzreiz lietojam\u0101 iepirkumu soma Svars 55 g Iztur\u0113s svaru l\u012bdz pat 20 kg Izm\u0113rs 50x42 cm Kabata ar r\u0101v\u0113jsl\u0113dz\u0113ju 11x11,5 cm Rokturis 27 cm \u016adensiztur\u012bga No poliestera Sertific\u0113ta saska\u0146\u0101 ar OEKO-TEX\u00ae STANDARD 100","og_url":"https:\/\/fashionmuseum.shop\/lv\/prece\/soma-vincent-van-gogh-almond-blossom\/","og_site_name":"Fashion Museum Riga Online Store","article_modified_time":"2022-08-12T14:05:40+00:00","og_image":[{"width":2000,"height":2000,"url":"https:\/\/fashionmuseum.shop\/wp-content\/uploads\/2020\/12\/VG.AB-LOQI-van-gogh-almond-blossom-bag-with-zip-pocket-front-RGB_5000x.jpg","type":"image\/jpeg"}],"twitter_card":"summary_large_image","schema":{"@context":"https:\/\/schema.org","@graph":[{"@type":"WebPage","@id":"https:\/\/fashionmuseum.shop\/lv\/prece\/soma-vincent-van-gogh-almond-blossom\/","url":"https:\/\/fashionmuseum.shop\/lv\/prece\/soma-vincent-van-gogh-almond-blossom\/","name":"Soma Vincent Van Gogh, Almond Blossom - Fashion Museum Riga Online Store","isPartOf":{"@id":"https:\/\/fashionmuseum.shop\/lv\/#website"},"primaryImageOfPage":{"@id":"https:\/\/fashionmuseum.shop\/lv\/prece\/soma-vincent-van-gogh-almond-blossom\/#primaryimage"},"image":{"@id":"https:\/\/fashionmuseum.shop\/lv\/prece\/soma-vincent-van-gogh-almond-blossom\/#primaryimage"},"thumbnailUrl":"https:\/\/i0.wp.com\/fashionmuseum.shop\/wp-content\/uploads\/2020\/12\/VG.AB-LOQI-van-gogh-almond-blossom-bag-with-zip-pocket-front-RGB_5000x.jpg?fit=2000%2C2000&ssl=1","datePublished":"2020-12-08T15:40:38+00:00","dateModified":"2022-08-12T14:05:40+00:00","breadcrumb":{"@id":"https:\/\/fashionmuseum.shop\/lv\/prece\/soma-vincent-van-gogh-almond-blossom\/#breadcrumb"},"inLanguage":"lv-LV","potentialAction":[{"@type":"ReadAction","target":["https:\/\/fashionmuseum.shop\/lv\/prece\/soma-vincent-van-gogh-almond-blossom\/"]}]},{"@type":"ImageObject","inLanguage":"lv-LV","@id":"https:\/\/fashionmuseum.shop\/lv\/prece\/soma-vincent-van-gogh-almond-blossom\/#primaryimage","url":"https:\/\/i0.wp.com\/fashionmuseum.shop\/wp-content\/uploads\/2020\/12\/VG.AB-LOQI-van-gogh-almond-blossom-bag-with-zip-pocket-front-RGB_5000x.jpg?fit=2000%2C2000&ssl=1","contentUrl":"https:\/\/i0.wp.com\/fashionmuseum.shop\/wp-content\/uploads\/2020\/12\/VG.AB-LOQI-van-gogh-almond-blossom-bag-with-zip-pocket-front-RGB_5000x.jpg?fit=2000%2C2000&ssl=1","width":2000,"height":2000,"caption":"Vincent Van Gogh, Almond Blossom"},{"@type":"BreadcrumbList","@id":"https:\/\/fashionmuseum.shop\/lv\/prece\/soma-vincent-van-gogh-almond-blossom\/#breadcrumb","itemListElement":[{"@type":"ListItem","position":1,"name":"Home","item":"https:\/\/fashionmuseum.shop\/lv\/"},{"@type":"ListItem","position":2,"name":"Products","item":"https:\/\/fashionmuseum.shop\/lv\/shop\/"},{"@type":"ListItem","position":3,"name":"Soma Vincent Van Gogh, Almond Blossom"}]},{"@type":"WebSite","@id":"https:\/\/fashionmuseum.shop\/lv\/#website","url":"https:\/\/fashionmuseum.shop\/lv\/","name":"Fashion Museum Online Store","description":"Fashion Museum Riga Online Store provides a wide selection of books about fashion and fashion history.","publisher":{"@id":"https:\/\/fashionmuseum.shop\/lv\/#organization"},"potentialAction":[{"@type":"SearchAction","target":{"@type":"EntryPoint","urlTemplate":"https:\/\/fashionmuseum.shop\/lv\/?s={search_term_string}"},"query-input":{"@type":"PropertyValueSpecification","valueRequired":true,"valueName":"search_term_string"}}],"inLanguage":"lv-LV"},{"@type":"Organization","@id":"https:\/\/fashionmuseum.shop\/lv\/#organization","name":"Modes muzejs","url":"https:\/\/fashionmuseum.shop\/lv\/","logo":{"@type":"ImageObject","inLanguage":"lv-LV","@id":"https:\/\/fashionmuseum.shop\/lv\/#\/schema\/logo\/image\/","url":"https:\/\/i1.wp.com\/fashionmuseum.shop\/wp-content\/uploads\/2020\/04\/apple-touch-icon.png?fit=180%2C180&ssl=1","contentUrl":"https:\/\/i1.wp.com\/fashionmuseum.shop\/wp-content\/uploads\/2020\/04\/apple-touch-icon.png?fit=180%2C180&ssl=1","width":180,"height":180,"caption":"Modes muzejs"},"image":{"@id":"https:\/\/fashionmuseum.shop\/lv\/#\/schema\/logo\/image\/"}}]}},"jetpack_publicize_connections":[],"jetpack_likes_enabled":false,"jetpack_sharing_enabled":true,"amp_enabled":true,"_links":{"self":[{"href":"https:\/\/fashionmuseum.shop\/lv\/wp-json\/wp\/v2\/product\/4351","targetHints":{"allow":["GET"]}}],"collection":[{"href":"https:\/\/fashionmuseum.shop\/lv\/wp-json\/wp\/v2\/product"}],"about":[{"href":"https:\/\/fashionmuseum.shop\/lv\/wp-json\/wp\/v2\/types\/product"}],"wp:featuredmedia":[{"embeddable":true,"href":"https:\/\/fashionmuseum.shop\/lv\/wp-json\/wp\/v2\/media\/4148"}],"wp:attachment":[{"href":"https:\/\/fashionmuseum.shop\/lv\/wp-json\/wp\/v2\/media?parent=4351"}],"wp:term":[{"taxonomy":"product_brand","embeddable":true,"href":"https:\/\/fashionmuseum.shop\/lv\/wp-json\/wp\/v2\/product_brand?post=4351"},{"taxonomy":"product_cat","embeddable":true,"href":"https:\/\/fashionmuseum.shop\/lv\/wp-json\/wp\/v2\/product_cat?post=4351"},{"taxonomy":"product_tag","embeddable":true,"href":"https:\/\/fashionmuseum.shop\/lv\/wp-json\/wp\/v2\/product_tag?post=4351"}],"curies":[{"name":"wp","href":"https:\/\/api.w.org\/{rel}","templated":true}]}}