{"id":4739,"date":"2020-12-10T16:27:02","date_gmt":"2020-12-10T14:27:02","guid":{"rendered":"https:\/\/fashionmuseum.shop\/product\/gabrielle-chanel-fashion-manifesto\/"},"modified":"2021-07-11T01:41:13","modified_gmt":"2021-07-10T22:41:13","slug":"gabrielle-chanel-fashion-manifesto","status":"publish","type":"product","link":"https:\/\/fashionmuseum.shop\/lv\/prece\/gabrielle-chanel-fashion-manifesto\/","title":{"rendered":"Gabrielle Chanel: Fashion Manifesto"},"content":{"rendered":"<p><em><strong>Izdev\u0113ja gr\u0101matas anot\u0101cija:<\/strong><\/em><\/p>\n<p>Gabrielle \u2018Coco\u2019 Chanel is an icon of fashion, and can lay claim to having invented the look of the 20th century. At the height of the Belle \u00c9poque, she stripped women of their corsets and feathers, bobbed their hair, put them in bathing suits and sent them out to get tanned in the sun. She introduced the little black dress; trousers for women; costume jewelry; the exquisitely comfortable suit that became her trademark. Early in the Roaring Twenties, Chanel made the first ever couture perfume \u2013 No. 5 \u2013 presenting it in the famous little square-cut flagon that, inspired by Picasso and Cubism, became the arch symbol of the Art Deco style. No. 5 remains the most popular scent ever created.<\/p>\n<p>This volume, published to accompany a landmark exhibition in Paris, traces the birth and evolution of Chanel\u2019s timeless style. Specially commissioned photographs by Julien T. Hamon showcase the clothing, while essays by fashion historians illuminate a period, an event or a theme. Rare archival documents, including portraits of Gabrielle Chanel herself, round out the book.<\/p>\n<p><strong><em>Saturs:<\/em><\/strong><\/p>\n<p>Foreword by Miren Arzalluz \u2022\u00a0<i>The Many Chanels<\/i>\u00a0by Olivier Saillard \u2022\u00a0<i>The Early Days of the \u2018Artist of the Rue Gambon\u2019<\/i>\u00a0by Sophie Grossiord \u2022\u00a0<i>Freedom and Elegance on the Basque Coast<\/i>\u00a0by Miren Arzalluz \u2022\u00a0<i>Sem and Chanel: Building an Identity<\/i>\u00a0by Laurent Cotta \u2022\u00a0<i>The Dragonfly and the Bull<\/i>\u00a0by Claude Arnaud \u2022\u00a0<i>Fashioning Flowers<\/i>\u00a0by Amy de la Haye \u2022\u00a0<i>A Holistic Vision of Beauty<\/i>\u00a0by Julie Deydier \u2022\u00a0<i>Chanel: The New Woman as Dandy<\/i>\u00a0by Caroline Evans \u2022\u00a0<i>\u2018Bijoux des Diamants\u2019: The Glittering Triumph of Gabrielle Chanel<\/i>\u00a0by Marie-Laure Gutton \u2022\u00a0<i>The Chanel Suit: The Shape of Freedom<\/i>\u00a0by V\u00e9ronique Belloir \u2022\u00a0<i>Chanel Accessories: The Building Blocks of Style<\/i>\u00a0by Marie-Laure Gutton \u2022\u00a0<i>Chanel: The American Way<\/i>\u00a0by Alexandra Palmer \u2022\u00a0<i>Gabrielle Chanel and Her Doubles<\/i>\u00a0by Sylvie L\u00e9callier \u2022\u00a0<i>Chanel and the Cinema: The Rules of the Game<\/i>\u00a0by Marion Langlois and R\u00e9gis Robert \u2022\u00a0<i>Chanel\u2019s Interiors<\/i>\u00a0by Laurent Cotta \u2022 A Chronology of Gabrielle Chanel \u2022 List of Exhibited Works<\/p>\n<p>\u0160\u012bs gr\u0101matas izdev\u0113js ir\u00a0<strong><a href=\"https:\/\/fashionmuseum.shop\/lv\/publisher\/thames-and-hudson\/\">Thames and Hudson<\/a><\/strong>, ISBN 9780500023464<\/p>\n","protected":false},"excerpt":{"rendered":"<p><strong><a href=\"https:\/\/fashionmuseum.shop\/lv\/book-author\/miren-arzalluz-lv\/\">Miren Arzalluz<\/a><\/strong><\/p>\n<p><em><strong>K\u0101p\u0113c m\u0113s\u00a0izv\u0113l\u0113j\u0101mies\u00a0\u0161o gr\u0101matu:<\/strong><\/em><\/p>\n<p>\u0160is kr\u0101\u0161\u0146ais izdevums, kas velt\u012bts Gabrielas \u201cKoko\u201d \u0160aneles milz\u012bgajai ietekmei uz modi, sievie\u0161u dz\u012bvesveidu un pa\u0161apzi\u0146u, izn\u0101cis Par\u012bzes Palais Galliera v\u0113rien\u012bg\u0101s izst\u0101des ietvaros. Gr\u0101mata pied\u0101v\u0101 ieskatu dizaineres dz\u012bv\u0113 no dzim\u0161anas l\u012bdz pat modes ikonas statusam satrieco\u0161i skaist\u0101s, \u012bpa\u0161i \u0161im izdevumam veidot\u0101s fotogr\u0101fij\u0101s, modes v\u0113sturnieku esej\u0101s un retos arh\u012bva dokumentos. Izcili!<\/p>\n","protected":false},"featured_media":4656,"template":"","meta":{"_coblocks_attr":"","_coblocks_dimensions":"","_coblocks_responsive_height":"","_coblocks_accordion_ie_support":"","_crdt_document":"","jetpack_publicize_message":"","jetpack_publicize_feature_enabled":true,"jetpack_social_post_already_shared":true,"jetpack_social_options":{"image_generator_settings":{"template":"highway","default_image_id":0,"font":"","enabled":false},"version":2},"_wpas_customize_per_network":false},"product_brand":[],"product_cat":[1611,1603,2418],"product_tag":[],"class_list":{"0":"post-4739","1":"product","2":"type-product","3":"status-publish","4":"has-post-thumbnail","6":"product_cat-gramatas-anglu-valoda","7":"product_cat-gramatas-par-modes-dizaineriem","8":"product_cat-gramatas","9":"pa_book-author-miren-arzalluz-lv","10":"pa_language-anglu","11":"pa_publisher-thames-and-hudson","13":"first","14":"instock","15":"shipping-taxable","16":"purchasable","17":"product-type-simple"},"yoast_head":"<!-- This site is optimized with the Yoast SEO plugin v27.5 - https:\/\/yoast.com\/product\/yoast-seo-wordpress\/ -->\n<title>Gabrielle Chanel: Fashion Manifesto - Fashion Museum Riga Online Store<\/title>\n<meta name=\"robots\" content=\"index, follow, max-snippet:-1, max-image-preview:large, max-video-preview:-1\" \/>\n<link rel=\"canonical\" href=\"https:\/\/fashionmuseum.shop\/lv\/prece\/gabrielle-chanel-fashion-manifesto\/\" \/>\n<meta property=\"og:locale\" content=\"lv_LV\" \/>\n<meta property=\"og:type\" content=\"article\" \/>\n<meta property=\"og:title\" content=\"Gabrielle Chanel: Fashion Manifesto - Fashion Museum Riga Online Store\" \/>\n<meta property=\"og:description\" content=\"Miren Arzalluz  K\u0101p\u0113c m\u0113s\u00a0izv\u0113l\u0113j\u0101mies\u00a0\u0161o gr\u0101matu:  \u0160is kr\u0101\u0161\u0146ais izdevums, kas velt\u012bts Gabrielas \u201cKoko\u201d \u0160aneles milz\u012bgajai ietekmei uz modi, sievie\u0161u dz\u012bvesveidu un pa\u0161apzi\u0146u, izn\u0101cis Par\u012bzes Palais Galliera v\u0113rien\u012bg\u0101s izst\u0101des ietvaros. Gr\u0101mata pied\u0101v\u0101 ieskatu dizaineres dz\u012bv\u0113 no dzim\u0161anas l\u012bdz pat modes ikonas statusam satrieco\u0161i skaist\u0101s, \u012bpa\u0161i \u0161im izdevumam veidot\u0101s fotogr\u0101fij\u0101s, modes v\u0113sturnieku esej\u0101s un retos arh\u012bva dokumentos. Izcili!\" \/>\n<meta property=\"og:url\" content=\"https:\/\/fashionmuseum.shop\/lv\/prece\/gabrielle-chanel-fashion-manifesto\/\" \/>\n<meta property=\"og:site_name\" content=\"Fashion Museum Riga Online Store\" \/>\n<meta property=\"article:modified_time\" content=\"2021-07-10T22:41:13+00:00\" \/>\n<meta property=\"og:image\" content=\"https:\/\/fashionmuseum.shop\/wp-content\/uploads\/2020\/12\/130570680_3590508011032992_6194267010262035994_n.jpg\" \/>\n\t<meta property=\"og:image:width\" content=\"2048\" \/>\n\t<meta property=\"og:image:height\" content=\"2048\" \/>\n\t<meta property=\"og:image:type\" content=\"image\/jpeg\" \/>\n<meta name=\"twitter:card\" content=\"summary_large_image\" \/>\n<meta name=\"twitter:label1\" content=\"Est. reading time\" \/>\n\t<meta name=\"twitter:data1\" content=\"2 minutes\" \/>\n<script type=\"application\/ld+json\" class=\"yoast-schema-graph\">{\"@context\":\"https:\\\/\\\/schema.org\",\"@graph\":[{\"@type\":\"WebPage\",\"@id\":\"https:\\\/\\\/fashionmuseum.shop\\\/lv\\\/prece\\\/gabrielle-chanel-fashion-manifesto\\\/\",\"url\":\"https:\\\/\\\/fashionmuseum.shop\\\/lv\\\/prece\\\/gabrielle-chanel-fashion-manifesto\\\/\",\"name\":\"Gabrielle Chanel: Fashion Manifesto - Fashion Museum Riga Online Store\",\"isPartOf\":{\"@id\":\"https:\\\/\\\/fashionmuseum.shop\\\/lv\\\/#website\"},\"primaryImageOfPage\":{\"@id\":\"https:\\\/\\\/fashionmuseum.shop\\\/lv\\\/prece\\\/gabrielle-chanel-fashion-manifesto\\\/#primaryimage\"},\"image\":{\"@id\":\"https:\\\/\\\/fashionmuseum.shop\\\/lv\\\/prece\\\/gabrielle-chanel-fashion-manifesto\\\/#primaryimage\"},\"thumbnailUrl\":\"https:\\\/\\\/i0.wp.com\\\/fashionmuseum.shop\\\/wp-content\\\/uploads\\\/2020\\\/12\\\/130570680_3590508011032992_6194267010262035994_n.jpg?fit=2048%2C2048&ssl=1\",\"datePublished\":\"2020-12-10T14:27:02+00:00\",\"dateModified\":\"2021-07-10T22:41:13+00:00\",\"breadcrumb\":{\"@id\":\"https:\\\/\\\/fashionmuseum.shop\\\/lv\\\/prece\\\/gabrielle-chanel-fashion-manifesto\\\/#breadcrumb\"},\"inLanguage\":\"lv-LV\",\"potentialAction\":[{\"@type\":\"ReadAction\",\"target\":[\"https:\\\/\\\/fashionmuseum.shop\\\/lv\\\/prece\\\/gabrielle-chanel-fashion-manifesto\\\/\"]}]},{\"@type\":\"ImageObject\",\"inLanguage\":\"lv-LV\",\"@id\":\"https:\\\/\\\/fashionmuseum.shop\\\/lv\\\/prece\\\/gabrielle-chanel-fashion-manifesto\\\/#primaryimage\",\"url\":\"https:\\\/\\\/i0.wp.com\\\/fashionmuseum.shop\\\/wp-content\\\/uploads\\\/2020\\\/12\\\/130570680_3590508011032992_6194267010262035994_n.jpg?fit=2048%2C2048&ssl=1\",\"contentUrl\":\"https:\\\/\\\/i0.wp.com\\\/fashionmuseum.shop\\\/wp-content\\\/uploads\\\/2020\\\/12\\\/130570680_3590508011032992_6194267010262035994_n.jpg?fit=2048%2C2048&ssl=1\",\"width\":2048,\"height\":2048,\"caption\":\"Book cover Gabrielle Chanel: Fashion Manifesto\"},{\"@type\":\"BreadcrumbList\",\"@id\":\"https:\\\/\\\/fashionmuseum.shop\\\/lv\\\/prece\\\/gabrielle-chanel-fashion-manifesto\\\/#breadcrumb\",\"itemListElement\":[{\"@type\":\"ListItem\",\"position\":1,\"name\":\"Home\",\"item\":\"https:\\\/\\\/fashionmuseum.shop\\\/lv\\\/\"},{\"@type\":\"ListItem\",\"position\":2,\"name\":\"Products\",\"item\":\"https:\\\/\\\/fashionmuseum.shop\\\/lv\\\/shop\\\/\"},{\"@type\":\"ListItem\",\"position\":3,\"name\":\"Gabrielle Chanel: Fashion Manifesto\"}]},{\"@type\":\"WebSite\",\"@id\":\"https:\\\/\\\/fashionmuseum.shop\\\/lv\\\/#website\",\"url\":\"https:\\\/\\\/fashionmuseum.shop\\\/lv\\\/\",\"name\":\"Fashion Museum Online Store\",\"description\":\"Fashion Museum Riga Online Store provides a wide selection of books about fashion and fashion history.\",\"publisher\":{\"@id\":\"https:\\\/\\\/fashionmuseum.shop\\\/lv\\\/#organization\"},\"potentialAction\":[{\"@type\":\"SearchAction\",\"target\":{\"@type\":\"EntryPoint\",\"urlTemplate\":\"https:\\\/\\\/fashionmuseum.shop\\\/lv\\\/?s={search_term_string}\"},\"query-input\":{\"@type\":\"PropertyValueSpecification\",\"valueRequired\":true,\"valueName\":\"search_term_string\"}}],\"inLanguage\":\"lv-LV\"},{\"@type\":\"Organization\",\"@id\":\"https:\\\/\\\/fashionmuseum.shop\\\/lv\\\/#organization\",\"name\":\"Modes muzejs\",\"url\":\"https:\\\/\\\/fashionmuseum.shop\\\/lv\\\/\",\"logo\":{\"@type\":\"ImageObject\",\"inLanguage\":\"lv-LV\",\"@id\":\"https:\\\/\\\/fashionmuseum.shop\\\/lv\\\/#\\\/schema\\\/logo\\\/image\\\/\",\"url\":\"https:\\\/\\\/i1.wp.com\\\/fashionmuseum.shop\\\/wp-content\\\/uploads\\\/2020\\\/04\\\/apple-touch-icon.png?fit=180%2C180&ssl=1\",\"contentUrl\":\"https:\\\/\\\/i1.wp.com\\\/fashionmuseum.shop\\\/wp-content\\\/uploads\\\/2020\\\/04\\\/apple-touch-icon.png?fit=180%2C180&ssl=1\",\"width\":180,\"height\":180,\"caption\":\"Modes muzejs\"},\"image\":{\"@id\":\"https:\\\/\\\/fashionmuseum.shop\\\/lv\\\/#\\\/schema\\\/logo\\\/image\\\/\"}}]}<\/script>\n<!-- \/ Yoast SEO plugin. -->","yoast_head_json":{"title":"Gabrielle Chanel: Fashion Manifesto - Fashion Museum Riga Online Store","robots":{"index":"index","follow":"follow","max-snippet":"max-snippet:-1","max-image-preview":"max-image-preview:large","max-video-preview":"max-video-preview:-1"},"canonical":"https:\/\/fashionmuseum.shop\/lv\/prece\/gabrielle-chanel-fashion-manifesto\/","og_locale":"lv_LV","og_type":"article","og_title":"Gabrielle Chanel: Fashion Manifesto - Fashion Museum Riga Online Store","og_description":"Miren Arzalluz  K\u0101p\u0113c m\u0113s\u00a0izv\u0113l\u0113j\u0101mies\u00a0\u0161o gr\u0101matu:  \u0160is kr\u0101\u0161\u0146ais izdevums, kas velt\u012bts Gabrielas \u201cKoko\u201d \u0160aneles milz\u012bgajai ietekmei uz modi, sievie\u0161u dz\u012bvesveidu un pa\u0161apzi\u0146u, izn\u0101cis Par\u012bzes Palais Galliera v\u0113rien\u012bg\u0101s izst\u0101des ietvaros. Gr\u0101mata pied\u0101v\u0101 ieskatu dizaineres dz\u012bv\u0113 no dzim\u0161anas l\u012bdz pat modes ikonas statusam satrieco\u0161i skaist\u0101s, \u012bpa\u0161i \u0161im izdevumam veidot\u0101s fotogr\u0101fij\u0101s, modes v\u0113sturnieku esej\u0101s un retos arh\u012bva dokumentos. Izcili!","og_url":"https:\/\/fashionmuseum.shop\/lv\/prece\/gabrielle-chanel-fashion-manifesto\/","og_site_name":"Fashion Museum Riga Online Store","article_modified_time":"2021-07-10T22:41:13+00:00","og_image":[{"width":2048,"height":2048,"url":"https:\/\/fashionmuseum.shop\/wp-content\/uploads\/2020\/12\/130570680_3590508011032992_6194267010262035994_n.jpg","type":"image\/jpeg"}],"twitter_card":"summary_large_image","twitter_misc":{"Est. reading time":"2 minutes"},"schema":{"@context":"https:\/\/schema.org","@graph":[{"@type":"WebPage","@id":"https:\/\/fashionmuseum.shop\/lv\/prece\/gabrielle-chanel-fashion-manifesto\/","url":"https:\/\/fashionmuseum.shop\/lv\/prece\/gabrielle-chanel-fashion-manifesto\/","name":"Gabrielle Chanel: Fashion Manifesto - Fashion Museum Riga Online Store","isPartOf":{"@id":"https:\/\/fashionmuseum.shop\/lv\/#website"},"primaryImageOfPage":{"@id":"https:\/\/fashionmuseum.shop\/lv\/prece\/gabrielle-chanel-fashion-manifesto\/#primaryimage"},"image":{"@id":"https:\/\/fashionmuseum.shop\/lv\/prece\/gabrielle-chanel-fashion-manifesto\/#primaryimage"},"thumbnailUrl":"https:\/\/i0.wp.com\/fashionmuseum.shop\/wp-content\/uploads\/2020\/12\/130570680_3590508011032992_6194267010262035994_n.jpg?fit=2048%2C2048&ssl=1","datePublished":"2020-12-10T14:27:02+00:00","dateModified":"2021-07-10T22:41:13+00:00","breadcrumb":{"@id":"https:\/\/fashionmuseum.shop\/lv\/prece\/gabrielle-chanel-fashion-manifesto\/#breadcrumb"},"inLanguage":"lv-LV","potentialAction":[{"@type":"ReadAction","target":["https:\/\/fashionmuseum.shop\/lv\/prece\/gabrielle-chanel-fashion-manifesto\/"]}]},{"@type":"ImageObject","inLanguage":"lv-LV","@id":"https:\/\/fashionmuseum.shop\/lv\/prece\/gabrielle-chanel-fashion-manifesto\/#primaryimage","url":"https:\/\/i0.wp.com\/fashionmuseum.shop\/wp-content\/uploads\/2020\/12\/130570680_3590508011032992_6194267010262035994_n.jpg?fit=2048%2C2048&ssl=1","contentUrl":"https:\/\/i0.wp.com\/fashionmuseum.shop\/wp-content\/uploads\/2020\/12\/130570680_3590508011032992_6194267010262035994_n.jpg?fit=2048%2C2048&ssl=1","width":2048,"height":2048,"caption":"Book cover Gabrielle Chanel: Fashion Manifesto"},{"@type":"BreadcrumbList","@id":"https:\/\/fashionmuseum.shop\/lv\/prece\/gabrielle-chanel-fashion-manifesto\/#breadcrumb","itemListElement":[{"@type":"ListItem","position":1,"name":"Home","item":"https:\/\/fashionmuseum.shop\/lv\/"},{"@type":"ListItem","position":2,"name":"Products","item":"https:\/\/fashionmuseum.shop\/lv\/shop\/"},{"@type":"ListItem","position":3,"name":"Gabrielle Chanel: Fashion Manifesto"}]},{"@type":"WebSite","@id":"https:\/\/fashionmuseum.shop\/lv\/#website","url":"https:\/\/fashionmuseum.shop\/lv\/","name":"Fashion Museum Online Store","description":"Fashion Museum Riga Online Store provides a wide selection of books about fashion and fashion history.","publisher":{"@id":"https:\/\/fashionmuseum.shop\/lv\/#organization"},"potentialAction":[{"@type":"SearchAction","target":{"@type":"EntryPoint","urlTemplate":"https:\/\/fashionmuseum.shop\/lv\/?s={search_term_string}"},"query-input":{"@type":"PropertyValueSpecification","valueRequired":true,"valueName":"search_term_string"}}],"inLanguage":"lv-LV"},{"@type":"Organization","@id":"https:\/\/fashionmuseum.shop\/lv\/#organization","name":"Modes muzejs","url":"https:\/\/fashionmuseum.shop\/lv\/","logo":{"@type":"ImageObject","inLanguage":"lv-LV","@id":"https:\/\/fashionmuseum.shop\/lv\/#\/schema\/logo\/image\/","url":"https:\/\/i1.wp.com\/fashionmuseum.shop\/wp-content\/uploads\/2020\/04\/apple-touch-icon.png?fit=180%2C180&ssl=1","contentUrl":"https:\/\/i1.wp.com\/fashionmuseum.shop\/wp-content\/uploads\/2020\/04\/apple-touch-icon.png?fit=180%2C180&ssl=1","width":180,"height":180,"caption":"Modes muzejs"},"image":{"@id":"https:\/\/fashionmuseum.shop\/lv\/#\/schema\/logo\/image\/"}}]}},"jetpack_publicize_connections":[],"jetpack_likes_enabled":false,"jetpack_sharing_enabled":true,"amp_enabled":true,"_links":{"self":[{"href":"https:\/\/fashionmuseum.shop\/lv\/wp-json\/wp\/v2\/product\/4739","targetHints":{"allow":["GET"]}}],"collection":[{"href":"https:\/\/fashionmuseum.shop\/lv\/wp-json\/wp\/v2\/product"}],"about":[{"href":"https:\/\/fashionmuseum.shop\/lv\/wp-json\/wp\/v2\/types\/product"}],"wp:featuredmedia":[{"embeddable":true,"href":"https:\/\/fashionmuseum.shop\/lv\/wp-json\/wp\/v2\/media\/4656"}],"wp:attachment":[{"href":"https:\/\/fashionmuseum.shop\/lv\/wp-json\/wp\/v2\/media?parent=4739"}],"wp:term":[{"taxonomy":"product_brand","embeddable":true,"href":"https:\/\/fashionmuseum.shop\/lv\/wp-json\/wp\/v2\/product_brand?post=4739"},{"taxonomy":"product_cat","embeddable":true,"href":"https:\/\/fashionmuseum.shop\/lv\/wp-json\/wp\/v2\/product_cat?post=4739"},{"taxonomy":"product_tag","embeddable":true,"href":"https:\/\/fashionmuseum.shop\/lv\/wp-json\/wp\/v2\/product_tag?post=4739"}],"curies":[{"name":"wp","href":"https:\/\/api.w.org\/{rel}","templated":true}]}}