{"id":5336,"date":"2021-01-21T13:29:42","date_gmt":"2021-01-21T11:29:42","guid":{"rendered":"https:\/\/fashionmuseum.shop\/product\/bulgari-serpenti-collection\/"},"modified":"2021-01-29T15:45:14","modified_gmt":"2021-01-29T13:45:14","slug":"bulgari-serpenti-collection","status":"publish","type":"product","link":"https:\/\/fashionmuseum.shop\/lv\/prece\/bulgari-serpenti-collection\/","title":{"rendered":"BULGARI: Serpenti Collection"},"content":{"rendered":"<p><strong>Izdev\u0113ja gr\u0101matas anot\u0101cija:<\/strong><\/p>\n<p>Since the 1940s, with the creation of bracelet-watches in the form of a snake, the serpent has been one of Bulgari\u2019s most emblematic and eternal symbols. Representing everything from birth, rebirth, beauty, sex appeal, and wisdom in Greek mythology and Roman civilization, the snake motif also alludes to founder Sotirio Bulgari\u2019s Greek heritage and adopted home of Rome. This new addition to Assouline\u2019s bestselling M\u00e9moire series explores the Serpenti collection\u2019s rich heritage, distinguished elegance, and status as one of the Roman jewelry house\u2019s contemporary icons. Featuring imagery of Elizabeth Taylor, who famously sported a serpent-shaped watch while filming Cleopatra in 1962; Marisa Berenson; and Diana Vreeland, who, in one of her legendary Vogue memos, declared her fascination for the snake motif, this book speaks to the timelessness, sensuality, and beauty of Bulgari\u2019s Serpenti collection.<\/p>\n<p>\u0160\u012bs gr\u0101matas izdev\u0113js ir <a href=\"https:\/\/fashionmuseum.shop\/publisher\/assouline\/\"><strong>Assouline<\/strong><\/a>, ISBN 9781614280903<\/p>\n","protected":false},"excerpt":{"rendered":"<p><a href=\"https:\/\/fashionmuseum.shop\/lv\/book-author\/marion-fasel-lv\/\" rel=\"tag\">Marion Fasel<\/a><\/p>\n<p><strong>K\u0101p\u0113c m\u0113s izv\u0113l\u0113j\u0101mies \u0161o gr\u0101matu:<\/strong><\/p>\n<p>T\u0101laj\u0101 1884. gad\u0101 Rom\u0101 dibin\u0101tais d\u0101rglietu nams \u201cBulgari\u201d alla\u017e izc\u0113lies ar satrieco\u0161i izteiksm\u012bgu dizainu. Par vienu no \u201cBulgari\u201d simboliem k\u013cuvusi \u010d\u016bska \u2013 t\u0101 ir atsauce gan uz ant\u012bko mitolo\u0123iju, gan uz \u201cBulgari\u201d dibin\u0101t\u0101ja Sotirio Boulgari grie\u0137isko izcelsmi. Greznais \u201cAssouline\u201d izdevums velt\u012bts \u201cSerpenti\u201d kolekcijas apjom\u012bgajam kult\u016bras mantojumam un elegancei, k\u0101 ar\u012b stila ikon\u0101m, tostarp Elizabetei Teilorei, kas savulaik apj\u016bsmoju\u0161as izteiksm\u012bg\u0101s \u201cBulgari\u201d \u201c\u010d\u016bskas\u201d.<\/p>\n","protected":false},"featured_media":5027,"template":"","meta":{"_coblocks_attr":"","_coblocks_dimensions":"","_coblocks_responsive_height":"","_coblocks_accordion_ie_support":"","_crdt_document":"","jetpack_post_was_ever_published":false,"jetpack_publicize_message":"","jetpack_publicize_feature_enabled":true,"jetpack_social_post_already_shared":true,"jetpack_social_options":{"image_generator_settings":{"template":"highway","default_image_id":0,"font":"","enabled":false},"version":2},"_wpas_customize_per_network":false},"product_brand":[],"product_cat":[1381,2417,1377],"product_tag":[],"class_list":{"0":"post-5336","1":"product","2":"type-product","3":"status-publish","4":"has-post-thumbnail","6":"product_cat-booksaboutfashioninenglish","7":"product_cat-books","8":"product_cat-booksaboutjewelry","9":"pa_book-author-marion-fasel-lv","10":"pa_language-english","11":"pa_publisher-assouline","13":"first","14":"outofstock","15":"shipping-taxable","16":"purchasable","17":"product-type-simple"},"yoast_head":"<!-- This site is optimized with the Yoast SEO plugin v27.3 - https:\/\/yoast.com\/product\/yoast-seo-wordpress\/ -->\n<title>BULGARI: Serpenti Collection - Fashion Museum Riga Online Store<\/title>\n<meta name=\"robots\" content=\"index, follow, max-snippet:-1, max-image-preview:large, max-video-preview:-1\" \/>\n<link rel=\"canonical\" href=\"https:\/\/fashionmuseum.shop\/lv\/prece\/bulgari-serpenti-collection\/\" \/>\n<meta property=\"og:locale\" content=\"lv_LV\" \/>\n<meta property=\"og:type\" content=\"article\" \/>\n<meta property=\"og:title\" content=\"BULGARI: Serpenti Collection - Fashion Museum Riga Online Store\" \/>\n<meta property=\"og:description\" content=\"Marion Fasel  K\u0101p\u0113c m\u0113s izv\u0113l\u0113j\u0101mies \u0161o gr\u0101matu:  T\u0101laj\u0101 1884. gad\u0101 Rom\u0101 dibin\u0101tais d\u0101rglietu nams \u201cBulgari\u201d alla\u017e izc\u0113lies ar satrieco\u0161i izteiksm\u012bgu dizainu. Par vienu no \u201cBulgari\u201d simboliem k\u013cuvusi \u010d\u016bska \u2013 t\u0101 ir atsauce gan uz ant\u012bko mitolo\u0123iju, gan uz \u201cBulgari\u201d dibin\u0101t\u0101ja Sotirio Boulgari grie\u0137isko izcelsmi. Greznais \u201cAssouline\u201d izdevums velt\u012bts \u201cSerpenti\u201d kolekcijas apjom\u012bgajam kult\u016bras mantojumam un elegancei, k\u0101 ar\u012b stila ikon\u0101m, tostarp Elizabetei Teilorei, kas savulaik apj\u016bsmoju\u0161as izteiksm\u012bg\u0101s \u201cBulgari\u201d \u201c\u010d\u016bskas\u201d.\" \/>\n<meta property=\"og:url\" content=\"https:\/\/fashionmuseum.shop\/lv\/prece\/bulgari-serpenti-collection\/\" \/>\n<meta property=\"og:site_name\" content=\"Fashion Museum Riga Online Store\" \/>\n<meta property=\"article:modified_time\" content=\"2021-01-29T13:45:14+00:00\" \/>\n<meta property=\"og:image\" content=\"https:\/\/i1.wp.com\/fashionmuseum.shop\/wp-content\/uploads\/2021\/01\/Screenshot_5.jpg?fit=440%2C440&ssl=1\" \/>\n\t<meta property=\"og:image:width\" content=\"440\" \/>\n\t<meta property=\"og:image:height\" content=\"440\" \/>\n\t<meta property=\"og:image:type\" content=\"image\/jpeg\" \/>\n<meta name=\"twitter:card\" content=\"summary_large_image\" \/>\n<meta name=\"twitter:label1\" content=\"Est. reading time\" \/>\n\t<meta name=\"twitter:data1\" content=\"1 minute\" \/>\n<script type=\"application\/ld+json\" class=\"yoast-schema-graph\">{\"@context\":\"https:\\\/\\\/schema.org\",\"@graph\":[{\"@type\":\"WebPage\",\"@id\":\"https:\\\/\\\/fashionmuseum.shop\\\/lv\\\/prece\\\/bulgari-serpenti-collection\\\/\",\"url\":\"https:\\\/\\\/fashionmuseum.shop\\\/lv\\\/prece\\\/bulgari-serpenti-collection\\\/\",\"name\":\"BULGARI: Serpenti Collection - Fashion Museum Riga Online Store\",\"isPartOf\":{\"@id\":\"https:\\\/\\\/fashionmuseum.shop\\\/lv\\\/#website\"},\"primaryImageOfPage\":{\"@id\":\"https:\\\/\\\/fashionmuseum.shop\\\/lv\\\/prece\\\/bulgari-serpenti-collection\\\/#primaryimage\"},\"image\":{\"@id\":\"https:\\\/\\\/fashionmuseum.shop\\\/lv\\\/prece\\\/bulgari-serpenti-collection\\\/#primaryimage\"},\"thumbnailUrl\":\"https:\\\/\\\/i0.wp.com\\\/fashionmuseum.shop\\\/wp-content\\\/uploads\\\/2021\\\/01\\\/Screenshot_5.jpg?fit=440%2C440&ssl=1\",\"datePublished\":\"2021-01-21T11:29:42+00:00\",\"dateModified\":\"2021-01-29T13:45:14+00:00\",\"breadcrumb\":{\"@id\":\"https:\\\/\\\/fashionmuseum.shop\\\/lv\\\/prece\\\/bulgari-serpenti-collection\\\/#breadcrumb\"},\"inLanguage\":\"lv-LV\",\"potentialAction\":[{\"@type\":\"ReadAction\",\"target\":[\"https:\\\/\\\/fashionmuseum.shop\\\/lv\\\/prece\\\/bulgari-serpenti-collection\\\/\"]}]},{\"@type\":\"ImageObject\",\"inLanguage\":\"lv-LV\",\"@id\":\"https:\\\/\\\/fashionmuseum.shop\\\/lv\\\/prece\\\/bulgari-serpenti-collection\\\/#primaryimage\",\"url\":\"https:\\\/\\\/i0.wp.com\\\/fashionmuseum.shop\\\/wp-content\\\/uploads\\\/2021\\\/01\\\/Screenshot_5.jpg?fit=440%2C440&ssl=1\",\"contentUrl\":\"https:\\\/\\\/i0.wp.com\\\/fashionmuseum.shop\\\/wp-content\\\/uploads\\\/2021\\\/01\\\/Screenshot_5.jpg?fit=440%2C440&ssl=1\",\"width\":440,\"height\":440,\"caption\":\"Book cover BULGARI: Serpenti Collection\"},{\"@type\":\"BreadcrumbList\",\"@id\":\"https:\\\/\\\/fashionmuseum.shop\\\/lv\\\/prece\\\/bulgari-serpenti-collection\\\/#breadcrumb\",\"itemListElement\":[{\"@type\":\"ListItem\",\"position\":1,\"name\":\"Home\",\"item\":\"https:\\\/\\\/fashionmuseum.shop\\\/lv\\\/\"},{\"@type\":\"ListItem\",\"position\":2,\"name\":\"Products\",\"item\":\"https:\\\/\\\/fashionmuseum.shop\\\/lv\\\/shop\\\/\"},{\"@type\":\"ListItem\",\"position\":3,\"name\":\"BULGARI: Serpenti Collection\"}]},{\"@type\":\"WebSite\",\"@id\":\"https:\\\/\\\/fashionmuseum.shop\\\/lv\\\/#website\",\"url\":\"https:\\\/\\\/fashionmuseum.shop\\\/lv\\\/\",\"name\":\"Fashion Museum Online Store\",\"description\":\"Fashion Museum Riga Online Store provides a wide selection of books about fashion and fashion history.\",\"publisher\":{\"@id\":\"https:\\\/\\\/fashionmuseum.shop\\\/lv\\\/#organization\"},\"potentialAction\":[{\"@type\":\"SearchAction\",\"target\":{\"@type\":\"EntryPoint\",\"urlTemplate\":\"https:\\\/\\\/fashionmuseum.shop\\\/lv\\\/?s={search_term_string}\"},\"query-input\":{\"@type\":\"PropertyValueSpecification\",\"valueRequired\":true,\"valueName\":\"search_term_string\"}}],\"inLanguage\":\"lv-LV\"},{\"@type\":\"Organization\",\"@id\":\"https:\\\/\\\/fashionmuseum.shop\\\/lv\\\/#organization\",\"name\":\"Modes muzejs\",\"url\":\"https:\\\/\\\/fashionmuseum.shop\\\/lv\\\/\",\"logo\":{\"@type\":\"ImageObject\",\"inLanguage\":\"lv-LV\",\"@id\":\"https:\\\/\\\/fashionmuseum.shop\\\/lv\\\/#\\\/schema\\\/logo\\\/image\\\/\",\"url\":\"https:\\\/\\\/i1.wp.com\\\/fashionmuseum.shop\\\/wp-content\\\/uploads\\\/2020\\\/04\\\/apple-touch-icon.png?fit=180%2C180&ssl=1\",\"contentUrl\":\"https:\\\/\\\/i1.wp.com\\\/fashionmuseum.shop\\\/wp-content\\\/uploads\\\/2020\\\/04\\\/apple-touch-icon.png?fit=180%2C180&ssl=1\",\"width\":180,\"height\":180,\"caption\":\"Modes muzejs\"},\"image\":{\"@id\":\"https:\\\/\\\/fashionmuseum.shop\\\/lv\\\/#\\\/schema\\\/logo\\\/image\\\/\"}}]}<\/script>\n<!-- \/ Yoast SEO plugin. -->","yoast_head_json":{"title":"BULGARI: Serpenti Collection - Fashion Museum Riga Online Store","robots":{"index":"index","follow":"follow","max-snippet":"max-snippet:-1","max-image-preview":"max-image-preview:large","max-video-preview":"max-video-preview:-1"},"canonical":"https:\/\/fashionmuseum.shop\/lv\/prece\/bulgari-serpenti-collection\/","og_locale":"lv_LV","og_type":"article","og_title":"BULGARI: Serpenti Collection - Fashion Museum Riga Online Store","og_description":"Marion Fasel  K\u0101p\u0113c m\u0113s izv\u0113l\u0113j\u0101mies \u0161o gr\u0101matu:  T\u0101laj\u0101 1884. gad\u0101 Rom\u0101 dibin\u0101tais d\u0101rglietu nams \u201cBulgari\u201d alla\u017e izc\u0113lies ar satrieco\u0161i izteiksm\u012bgu dizainu. Par vienu no \u201cBulgari\u201d simboliem k\u013cuvusi \u010d\u016bska \u2013 t\u0101 ir atsauce gan uz ant\u012bko mitolo\u0123iju, gan uz \u201cBulgari\u201d dibin\u0101t\u0101ja Sotirio Boulgari grie\u0137isko izcelsmi. Greznais \u201cAssouline\u201d izdevums velt\u012bts \u201cSerpenti\u201d kolekcijas apjom\u012bgajam kult\u016bras mantojumam un elegancei, k\u0101 ar\u012b stila ikon\u0101m, tostarp Elizabetei Teilorei, kas savulaik apj\u016bsmoju\u0161as izteiksm\u012bg\u0101s \u201cBulgari\u201d \u201c\u010d\u016bskas\u201d.","og_url":"https:\/\/fashionmuseum.shop\/lv\/prece\/bulgari-serpenti-collection\/","og_site_name":"Fashion Museum Riga Online Store","article_modified_time":"2021-01-29T13:45:14+00:00","og_image":[{"width":440,"height":440,"url":"https:\/\/i1.wp.com\/fashionmuseum.shop\/wp-content\/uploads\/2021\/01\/Screenshot_5.jpg?fit=440%2C440&ssl=1","type":"image\/jpeg"}],"twitter_card":"summary_large_image","twitter_misc":{"Est. reading time":"1 minute"},"schema":{"@context":"https:\/\/schema.org","@graph":[{"@type":"WebPage","@id":"https:\/\/fashionmuseum.shop\/lv\/prece\/bulgari-serpenti-collection\/","url":"https:\/\/fashionmuseum.shop\/lv\/prece\/bulgari-serpenti-collection\/","name":"BULGARI: Serpenti Collection - Fashion Museum Riga Online Store","isPartOf":{"@id":"https:\/\/fashionmuseum.shop\/lv\/#website"},"primaryImageOfPage":{"@id":"https:\/\/fashionmuseum.shop\/lv\/prece\/bulgari-serpenti-collection\/#primaryimage"},"image":{"@id":"https:\/\/fashionmuseum.shop\/lv\/prece\/bulgari-serpenti-collection\/#primaryimage"},"thumbnailUrl":"https:\/\/i0.wp.com\/fashionmuseum.shop\/wp-content\/uploads\/2021\/01\/Screenshot_5.jpg?fit=440%2C440&ssl=1","datePublished":"2021-01-21T11:29:42+00:00","dateModified":"2021-01-29T13:45:14+00:00","breadcrumb":{"@id":"https:\/\/fashionmuseum.shop\/lv\/prece\/bulgari-serpenti-collection\/#breadcrumb"},"inLanguage":"lv-LV","potentialAction":[{"@type":"ReadAction","target":["https:\/\/fashionmuseum.shop\/lv\/prece\/bulgari-serpenti-collection\/"]}]},{"@type":"ImageObject","inLanguage":"lv-LV","@id":"https:\/\/fashionmuseum.shop\/lv\/prece\/bulgari-serpenti-collection\/#primaryimage","url":"https:\/\/i0.wp.com\/fashionmuseum.shop\/wp-content\/uploads\/2021\/01\/Screenshot_5.jpg?fit=440%2C440&ssl=1","contentUrl":"https:\/\/i0.wp.com\/fashionmuseum.shop\/wp-content\/uploads\/2021\/01\/Screenshot_5.jpg?fit=440%2C440&ssl=1","width":440,"height":440,"caption":"Book cover BULGARI: Serpenti Collection"},{"@type":"BreadcrumbList","@id":"https:\/\/fashionmuseum.shop\/lv\/prece\/bulgari-serpenti-collection\/#breadcrumb","itemListElement":[{"@type":"ListItem","position":1,"name":"Home","item":"https:\/\/fashionmuseum.shop\/lv\/"},{"@type":"ListItem","position":2,"name":"Products","item":"https:\/\/fashionmuseum.shop\/lv\/shop\/"},{"@type":"ListItem","position":3,"name":"BULGARI: Serpenti Collection"}]},{"@type":"WebSite","@id":"https:\/\/fashionmuseum.shop\/lv\/#website","url":"https:\/\/fashionmuseum.shop\/lv\/","name":"Fashion Museum Online Store","description":"Fashion Museum Riga Online Store provides a wide selection of books about fashion and fashion history.","publisher":{"@id":"https:\/\/fashionmuseum.shop\/lv\/#organization"},"potentialAction":[{"@type":"SearchAction","target":{"@type":"EntryPoint","urlTemplate":"https:\/\/fashionmuseum.shop\/lv\/?s={search_term_string}"},"query-input":{"@type":"PropertyValueSpecification","valueRequired":true,"valueName":"search_term_string"}}],"inLanguage":"lv-LV"},{"@type":"Organization","@id":"https:\/\/fashionmuseum.shop\/lv\/#organization","name":"Modes muzejs","url":"https:\/\/fashionmuseum.shop\/lv\/","logo":{"@type":"ImageObject","inLanguage":"lv-LV","@id":"https:\/\/fashionmuseum.shop\/lv\/#\/schema\/logo\/image\/","url":"https:\/\/i1.wp.com\/fashionmuseum.shop\/wp-content\/uploads\/2020\/04\/apple-touch-icon.png?fit=180%2C180&ssl=1","contentUrl":"https:\/\/i1.wp.com\/fashionmuseum.shop\/wp-content\/uploads\/2020\/04\/apple-touch-icon.png?fit=180%2C180&ssl=1","width":180,"height":180,"caption":"Modes muzejs"},"image":{"@id":"https:\/\/fashionmuseum.shop\/lv\/#\/schema\/logo\/image\/"}}]}},"jetpack_publicize_connections":[],"jetpack_likes_enabled":false,"jetpack_sharing_enabled":true,"amp_enabled":true,"_links":{"self":[{"href":"https:\/\/fashionmuseum.shop\/lv\/wp-json\/wp\/v2\/product\/5336","targetHints":{"allow":["GET"]}}],"collection":[{"href":"https:\/\/fashionmuseum.shop\/lv\/wp-json\/wp\/v2\/product"}],"about":[{"href":"https:\/\/fashionmuseum.shop\/lv\/wp-json\/wp\/v2\/types\/product"}],"wp:featuredmedia":[{"embeddable":true,"href":"https:\/\/fashionmuseum.shop\/lv\/wp-json\/wp\/v2\/media\/5027"}],"wp:attachment":[{"href":"https:\/\/fashionmuseum.shop\/lv\/wp-json\/wp\/v2\/media?parent=5336"}],"wp:term":[{"taxonomy":"product_brand","embeddable":true,"href":"https:\/\/fashionmuseum.shop\/lv\/wp-json\/wp\/v2\/product_brand?post=5336"},{"taxonomy":"product_cat","embeddable":true,"href":"https:\/\/fashionmuseum.shop\/lv\/wp-json\/wp\/v2\/product_cat?post=5336"},{"taxonomy":"product_tag","embeddable":true,"href":"https:\/\/fashionmuseum.shop\/lv\/wp-json\/wp\/v2\/product_tag?post=5336"}],"curies":[{"name":"wp","href":"https:\/\/api.w.org\/{rel}","templated":true}]}}