{"id":5342,"date":"2021-01-21T13:29:41","date_gmt":"2021-01-21T11:29:41","guid":{"rendered":"https:\/\/fashionmuseum.shop\/product\/transform-60-makeup-looks-by-toni-malt\/"},"modified":"2021-01-29T15:54:10","modified_gmt":"2021-01-29T13:54:10","slug":"transform-60-makeup-looks-by-toni-malt","status":"publish","type":"product","link":"https:\/\/fashionmuseum.shop\/lv\/prece\/transform-60-makeup-looks-by-toni-malt\/","title":{"rendered":"Transform: 60 Makeup looks by Toni Malt"},"content":{"rendered":"<p><strong>Izdev\u0113ja gr\u0101matas anot\u0101cija:<\/strong><\/p>\n<p>Transform is a peek into the fantastic imagination of an editorial makeup artist. With a single model as her palette for these sixty stunning looks, Toni Malt works utter magic. While she details her inspiration and application process and reveals the encyclopedic product knowledge that goes into creating each winning character, the spellbinding photos are the real proof of her mastery of color, technique, and balance. Making use of such accessories as stencils, Swarovski crystals, temporary tattoos, and glitter and employing tools sourced from the arts and crafts shop or hardware store instead of just the makeup counter, Malt\u2019s looks range among soft and ethereal, impossibly chic, flamboyantly colorful, and truly otherworldly. Whether the focus is on the eyes, lips, or entire face, these makeup transformations are anything but ordinary.<\/p>\n<p>\u0160\u012bs gr\u0101matas izdev\u0113js ir <a href=\"https:\/\/fashionmuseum.shop\/publisher\/assouline\/\"><strong>Assouline<\/strong><\/a>, ISBN 9781614286608<\/p>\n","protected":false},"excerpt":{"rendered":"<p><a href=\"https:\/\/fashionmuseum.shop\/lv\/book-author\/toni-malt-lv\/\" rel=\"tag\">Toni Malt<\/a><\/p>\n<p><strong>K\u0101p\u0113c m\u0113s izv\u0113l\u0113j\u0101mies \u0161o gr\u0101matu:<\/strong><\/p>\n<p>Viena modele \u2013 un 60 da\u017e\u0101di grima varianti! Izcil\u0101 meikapa m\u0101ksliniece Tonija Malta patiesi sp\u0113j rad\u012bt br\u012bnumus\u2026 Skaistais \u201cAssouline\u201d izdevums pied\u0101v\u0101 iesp\u0113ju uzzin\u0101t, kas kalpojis par vi\u0146as iedvesmu, k\u0101dus produktus un pal\u012bgl\u012bdzek\u013cus vi\u0146a izmanto, lai ieg\u016btu tik iespaid\u012bgu gala rezult\u0101tu. Iedvesmai, kr\u0101\u0161\u0146\u0101kai ikdienai un profesion\u0101lai izaugsmei!<\/p>\n","protected":false},"featured_media":5089,"template":"","meta":{"_coblocks_attr":"","_coblocks_dimensions":"","_coblocks_responsive_height":"","_coblocks_accordion_ie_support":"","_crdt_document":"","jetpack_post_was_ever_published":false,"jetpack_publicize_message":"","jetpack_publicize_feature_enabled":true,"jetpack_social_post_already_shared":true,"jetpack_social_options":{"image_generator_settings":{"template":"highway","default_image_id":0,"font":"","enabled":false},"version":2},"_wpas_customize_per_network":false},"product_brand":[],"product_cat":[1381,1375,2417],"product_tag":[],"class_list":{"0":"post-5342","1":"product","2":"type-product","3":"status-publish","4":"has-post-thumbnail","6":"product_cat-booksaboutfashioninenglish","7":"product_cat-booksaboutaccessories","8":"product_cat-books","9":"pa_book-author-toni-malt","10":"pa_language-english","11":"pa_publisher-assouline","13":"first","14":"outofstock","15":"shipping-taxable","16":"purchasable","17":"product-type-simple"},"yoast_head":"<!-- This site is optimized with the Yoast SEO plugin v27.3 - https:\/\/yoast.com\/product\/yoast-seo-wordpress\/ -->\n<title>Transform: 60 Makeup looks by Toni Malt - Fashion Museum Riga Online Store<\/title>\n<meta name=\"robots\" content=\"index, follow, max-snippet:-1, max-image-preview:large, max-video-preview:-1\" \/>\n<link rel=\"canonical\" href=\"https:\/\/fashionmuseum.shop\/lv\/prece\/transform-60-makeup-looks-by-toni-malt\/\" \/>\n<meta property=\"og:locale\" content=\"lv_LV\" \/>\n<meta property=\"og:type\" content=\"article\" \/>\n<meta property=\"og:title\" content=\"Transform: 60 Makeup looks by Toni Malt - Fashion Museum Riga Online Store\" \/>\n<meta property=\"og:description\" content=\"Toni Malt  K\u0101p\u0113c m\u0113s izv\u0113l\u0113j\u0101mies \u0161o gr\u0101matu:  Viena modele \u2013 un 60 da\u017e\u0101di grima varianti! Izcil\u0101 meikapa m\u0101ksliniece Tonija Malta patiesi sp\u0113j rad\u012bt br\u012bnumus\u2026 Skaistais \u201cAssouline\u201d izdevums pied\u0101v\u0101 iesp\u0113ju uzzin\u0101t, kas kalpojis par vi\u0146as iedvesmu, k\u0101dus produktus un pal\u012bgl\u012bdzek\u013cus vi\u0146a izmanto, lai ieg\u016btu tik iespaid\u012bgu gala rezult\u0101tu. Iedvesmai, kr\u0101\u0161\u0146\u0101kai ikdienai un profesion\u0101lai izaugsmei!\" \/>\n<meta property=\"og:url\" content=\"https:\/\/fashionmuseum.shop\/lv\/prece\/transform-60-makeup-looks-by-toni-malt\/\" \/>\n<meta property=\"og:site_name\" content=\"Fashion Museum Riga Online Store\" \/>\n<meta property=\"article:modified_time\" content=\"2021-01-29T13:54:10+00:00\" \/>\n<meta property=\"og:image\" content=\"https:\/\/i2.wp.com\/fashionmuseum.shop\/wp-content\/uploads\/2021\/01\/Screenshot_3-3.jpg?fit=446%2C446&ssl=1\" \/>\n\t<meta property=\"og:image:width\" content=\"446\" \/>\n\t<meta property=\"og:image:height\" content=\"446\" \/>\n\t<meta property=\"og:image:type\" content=\"image\/jpeg\" \/>\n<meta name=\"twitter:card\" content=\"summary_large_image\" \/>\n<meta name=\"twitter:label1\" content=\"Est. reading time\" \/>\n\t<meta name=\"twitter:data1\" content=\"1 minute\" \/>\n<script type=\"application\/ld+json\" class=\"yoast-schema-graph\">{\"@context\":\"https:\\\/\\\/schema.org\",\"@graph\":[{\"@type\":\"WebPage\",\"@id\":\"https:\\\/\\\/fashionmuseum.shop\\\/lv\\\/prece\\\/transform-60-makeup-looks-by-toni-malt\\\/\",\"url\":\"https:\\\/\\\/fashionmuseum.shop\\\/lv\\\/prece\\\/transform-60-makeup-looks-by-toni-malt\\\/\",\"name\":\"Transform: 60 Makeup looks by Toni Malt - Fashion Museum Riga Online Store\",\"isPartOf\":{\"@id\":\"https:\\\/\\\/fashionmuseum.shop\\\/lv\\\/#website\"},\"primaryImageOfPage\":{\"@id\":\"https:\\\/\\\/fashionmuseum.shop\\\/lv\\\/prece\\\/transform-60-makeup-looks-by-toni-malt\\\/#primaryimage\"},\"image\":{\"@id\":\"https:\\\/\\\/fashionmuseum.shop\\\/lv\\\/prece\\\/transform-60-makeup-looks-by-toni-malt\\\/#primaryimage\"},\"thumbnailUrl\":\"https:\\\/\\\/i0.wp.com\\\/fashionmuseum.shop\\\/wp-content\\\/uploads\\\/2021\\\/01\\\/Screenshot_3-3.jpg?fit=446%2C446&ssl=1\",\"datePublished\":\"2021-01-21T11:29:41+00:00\",\"dateModified\":\"2021-01-29T13:54:10+00:00\",\"breadcrumb\":{\"@id\":\"https:\\\/\\\/fashionmuseum.shop\\\/lv\\\/prece\\\/transform-60-makeup-looks-by-toni-malt\\\/#breadcrumb\"},\"inLanguage\":\"lv-LV\",\"potentialAction\":[{\"@type\":\"ReadAction\",\"target\":[\"https:\\\/\\\/fashionmuseum.shop\\\/lv\\\/prece\\\/transform-60-makeup-looks-by-toni-malt\\\/\"]}]},{\"@type\":\"ImageObject\",\"inLanguage\":\"lv-LV\",\"@id\":\"https:\\\/\\\/fashionmuseum.shop\\\/lv\\\/prece\\\/transform-60-makeup-looks-by-toni-malt\\\/#primaryimage\",\"url\":\"https:\\\/\\\/i0.wp.com\\\/fashionmuseum.shop\\\/wp-content\\\/uploads\\\/2021\\\/01\\\/Screenshot_3-3.jpg?fit=446%2C446&ssl=1\",\"contentUrl\":\"https:\\\/\\\/i0.wp.com\\\/fashionmuseum.shop\\\/wp-content\\\/uploads\\\/2021\\\/01\\\/Screenshot_3-3.jpg?fit=446%2C446&ssl=1\",\"width\":446,\"height\":446,\"caption\":\"Book cover Transform 60 Makeup looks\"},{\"@type\":\"BreadcrumbList\",\"@id\":\"https:\\\/\\\/fashionmuseum.shop\\\/lv\\\/prece\\\/transform-60-makeup-looks-by-toni-malt\\\/#breadcrumb\",\"itemListElement\":[{\"@type\":\"ListItem\",\"position\":1,\"name\":\"Home\",\"item\":\"https:\\\/\\\/fashionmuseum.shop\\\/lv\\\/\"},{\"@type\":\"ListItem\",\"position\":2,\"name\":\"Products\",\"item\":\"https:\\\/\\\/fashionmuseum.shop\\\/lv\\\/shop\\\/\"},{\"@type\":\"ListItem\",\"position\":3,\"name\":\"Transform: 60 Makeup looks by Toni Malt\"}]},{\"@type\":\"WebSite\",\"@id\":\"https:\\\/\\\/fashionmuseum.shop\\\/lv\\\/#website\",\"url\":\"https:\\\/\\\/fashionmuseum.shop\\\/lv\\\/\",\"name\":\"Fashion Museum Online Store\",\"description\":\"Fashion Museum Riga Online Store provides a wide selection of books about fashion and fashion history.\",\"publisher\":{\"@id\":\"https:\\\/\\\/fashionmuseum.shop\\\/lv\\\/#organization\"},\"potentialAction\":[{\"@type\":\"SearchAction\",\"target\":{\"@type\":\"EntryPoint\",\"urlTemplate\":\"https:\\\/\\\/fashionmuseum.shop\\\/lv\\\/?s={search_term_string}\"},\"query-input\":{\"@type\":\"PropertyValueSpecification\",\"valueRequired\":true,\"valueName\":\"search_term_string\"}}],\"inLanguage\":\"lv-LV\"},{\"@type\":\"Organization\",\"@id\":\"https:\\\/\\\/fashionmuseum.shop\\\/lv\\\/#organization\",\"name\":\"Modes muzejs\",\"url\":\"https:\\\/\\\/fashionmuseum.shop\\\/lv\\\/\",\"logo\":{\"@type\":\"ImageObject\",\"inLanguage\":\"lv-LV\",\"@id\":\"https:\\\/\\\/fashionmuseum.shop\\\/lv\\\/#\\\/schema\\\/logo\\\/image\\\/\",\"url\":\"https:\\\/\\\/i1.wp.com\\\/fashionmuseum.shop\\\/wp-content\\\/uploads\\\/2020\\\/04\\\/apple-touch-icon.png?fit=180%2C180&ssl=1\",\"contentUrl\":\"https:\\\/\\\/i1.wp.com\\\/fashionmuseum.shop\\\/wp-content\\\/uploads\\\/2020\\\/04\\\/apple-touch-icon.png?fit=180%2C180&ssl=1\",\"width\":180,\"height\":180,\"caption\":\"Modes muzejs\"},\"image\":{\"@id\":\"https:\\\/\\\/fashionmuseum.shop\\\/lv\\\/#\\\/schema\\\/logo\\\/image\\\/\"}}]}<\/script>\n<!-- \/ Yoast SEO plugin. -->","yoast_head_json":{"title":"Transform: 60 Makeup looks by Toni Malt - Fashion Museum Riga Online Store","robots":{"index":"index","follow":"follow","max-snippet":"max-snippet:-1","max-image-preview":"max-image-preview:large","max-video-preview":"max-video-preview:-1"},"canonical":"https:\/\/fashionmuseum.shop\/lv\/prece\/transform-60-makeup-looks-by-toni-malt\/","og_locale":"lv_LV","og_type":"article","og_title":"Transform: 60 Makeup looks by Toni Malt - Fashion Museum Riga Online Store","og_description":"Toni Malt  K\u0101p\u0113c m\u0113s izv\u0113l\u0113j\u0101mies \u0161o gr\u0101matu:  Viena modele \u2013 un 60 da\u017e\u0101di grima varianti! Izcil\u0101 meikapa m\u0101ksliniece Tonija Malta patiesi sp\u0113j rad\u012bt br\u012bnumus\u2026 Skaistais \u201cAssouline\u201d izdevums pied\u0101v\u0101 iesp\u0113ju uzzin\u0101t, kas kalpojis par vi\u0146as iedvesmu, k\u0101dus produktus un pal\u012bgl\u012bdzek\u013cus vi\u0146a izmanto, lai ieg\u016btu tik iespaid\u012bgu gala rezult\u0101tu. Iedvesmai, kr\u0101\u0161\u0146\u0101kai ikdienai un profesion\u0101lai izaugsmei!","og_url":"https:\/\/fashionmuseum.shop\/lv\/prece\/transform-60-makeup-looks-by-toni-malt\/","og_site_name":"Fashion Museum Riga Online Store","article_modified_time":"2021-01-29T13:54:10+00:00","og_image":[{"width":446,"height":446,"url":"https:\/\/i2.wp.com\/fashionmuseum.shop\/wp-content\/uploads\/2021\/01\/Screenshot_3-3.jpg?fit=446%2C446&ssl=1","type":"image\/jpeg"}],"twitter_card":"summary_large_image","twitter_misc":{"Est. reading time":"1 minute"},"schema":{"@context":"https:\/\/schema.org","@graph":[{"@type":"WebPage","@id":"https:\/\/fashionmuseum.shop\/lv\/prece\/transform-60-makeup-looks-by-toni-malt\/","url":"https:\/\/fashionmuseum.shop\/lv\/prece\/transform-60-makeup-looks-by-toni-malt\/","name":"Transform: 60 Makeup looks by Toni Malt - Fashion Museum Riga Online Store","isPartOf":{"@id":"https:\/\/fashionmuseum.shop\/lv\/#website"},"primaryImageOfPage":{"@id":"https:\/\/fashionmuseum.shop\/lv\/prece\/transform-60-makeup-looks-by-toni-malt\/#primaryimage"},"image":{"@id":"https:\/\/fashionmuseum.shop\/lv\/prece\/transform-60-makeup-looks-by-toni-malt\/#primaryimage"},"thumbnailUrl":"https:\/\/i0.wp.com\/fashionmuseum.shop\/wp-content\/uploads\/2021\/01\/Screenshot_3-3.jpg?fit=446%2C446&ssl=1","datePublished":"2021-01-21T11:29:41+00:00","dateModified":"2021-01-29T13:54:10+00:00","breadcrumb":{"@id":"https:\/\/fashionmuseum.shop\/lv\/prece\/transform-60-makeup-looks-by-toni-malt\/#breadcrumb"},"inLanguage":"lv-LV","potentialAction":[{"@type":"ReadAction","target":["https:\/\/fashionmuseum.shop\/lv\/prece\/transform-60-makeup-looks-by-toni-malt\/"]}]},{"@type":"ImageObject","inLanguage":"lv-LV","@id":"https:\/\/fashionmuseum.shop\/lv\/prece\/transform-60-makeup-looks-by-toni-malt\/#primaryimage","url":"https:\/\/i0.wp.com\/fashionmuseum.shop\/wp-content\/uploads\/2021\/01\/Screenshot_3-3.jpg?fit=446%2C446&ssl=1","contentUrl":"https:\/\/i0.wp.com\/fashionmuseum.shop\/wp-content\/uploads\/2021\/01\/Screenshot_3-3.jpg?fit=446%2C446&ssl=1","width":446,"height":446,"caption":"Book cover Transform 60 Makeup looks"},{"@type":"BreadcrumbList","@id":"https:\/\/fashionmuseum.shop\/lv\/prece\/transform-60-makeup-looks-by-toni-malt\/#breadcrumb","itemListElement":[{"@type":"ListItem","position":1,"name":"Home","item":"https:\/\/fashionmuseum.shop\/lv\/"},{"@type":"ListItem","position":2,"name":"Products","item":"https:\/\/fashionmuseum.shop\/lv\/shop\/"},{"@type":"ListItem","position":3,"name":"Transform: 60 Makeup looks by Toni Malt"}]},{"@type":"WebSite","@id":"https:\/\/fashionmuseum.shop\/lv\/#website","url":"https:\/\/fashionmuseum.shop\/lv\/","name":"Fashion Museum Online Store","description":"Fashion Museum Riga Online Store provides a wide selection of books about fashion and fashion history.","publisher":{"@id":"https:\/\/fashionmuseum.shop\/lv\/#organization"},"potentialAction":[{"@type":"SearchAction","target":{"@type":"EntryPoint","urlTemplate":"https:\/\/fashionmuseum.shop\/lv\/?s={search_term_string}"},"query-input":{"@type":"PropertyValueSpecification","valueRequired":true,"valueName":"search_term_string"}}],"inLanguage":"lv-LV"},{"@type":"Organization","@id":"https:\/\/fashionmuseum.shop\/lv\/#organization","name":"Modes muzejs","url":"https:\/\/fashionmuseum.shop\/lv\/","logo":{"@type":"ImageObject","inLanguage":"lv-LV","@id":"https:\/\/fashionmuseum.shop\/lv\/#\/schema\/logo\/image\/","url":"https:\/\/i1.wp.com\/fashionmuseum.shop\/wp-content\/uploads\/2020\/04\/apple-touch-icon.png?fit=180%2C180&ssl=1","contentUrl":"https:\/\/i1.wp.com\/fashionmuseum.shop\/wp-content\/uploads\/2020\/04\/apple-touch-icon.png?fit=180%2C180&ssl=1","width":180,"height":180,"caption":"Modes muzejs"},"image":{"@id":"https:\/\/fashionmuseum.shop\/lv\/#\/schema\/logo\/image\/"}}]}},"jetpack_publicize_connections":[],"jetpack_likes_enabled":false,"jetpack_sharing_enabled":true,"amp_enabled":true,"_links":{"self":[{"href":"https:\/\/fashionmuseum.shop\/lv\/wp-json\/wp\/v2\/product\/5342","targetHints":{"allow":["GET"]}}],"collection":[{"href":"https:\/\/fashionmuseum.shop\/lv\/wp-json\/wp\/v2\/product"}],"about":[{"href":"https:\/\/fashionmuseum.shop\/lv\/wp-json\/wp\/v2\/types\/product"}],"wp:featuredmedia":[{"embeddable":true,"href":"https:\/\/fashionmuseum.shop\/lv\/wp-json\/wp\/v2\/media\/5089"}],"wp:attachment":[{"href":"https:\/\/fashionmuseum.shop\/lv\/wp-json\/wp\/v2\/media?parent=5342"}],"wp:term":[{"taxonomy":"product_brand","embeddable":true,"href":"https:\/\/fashionmuseum.shop\/lv\/wp-json\/wp\/v2\/product_brand?post=5342"},{"taxonomy":"product_cat","embeddable":true,"href":"https:\/\/fashionmuseum.shop\/lv\/wp-json\/wp\/v2\/product_cat?post=5342"},{"taxonomy":"product_tag","embeddable":true,"href":"https:\/\/fashionmuseum.shop\/lv\/wp-json\/wp\/v2\/product_tag?post=5342"}],"curies":[{"name":"wp","href":"https:\/\/api.w.org\/{rel}","templated":true}]}}