{"id":5348,"date":"2021-01-21T13:29:41","date_gmt":"2021-01-21T11:29:41","guid":{"rendered":"https:\/\/fashionmuseum.shop\/product\/watches-a-guide-by-hodinkee\/"},"modified":"2021-01-21T13:29:41","modified_gmt":"2021-01-21T11:29:41","slug":"watches-a-guide-by-hodinkee","status":"publish","type":"product","link":"https:\/\/fashionmuseum.shop\/lv\/prece\/watches-a-guide-by-hodinkee\/","title":{"rendered":"Watches: A Guide by Hodinkee"},"content":{"rendered":"<p><strong>Izdev\u0113ja gr\u0101matas anot\u0101cija:<\/strong><\/p>\n<p>Over a short ten-year time-span, Hodinkee has positioned itself as the preeminent and most distinguished destination for modern and vintage wristwatch enthusiasts. Exiting a career in finance, Ben Clymer decided to fuse his horological and writing passions in order to start a blog discussing everything from new products to vintage wristwatch auctions. Titling his endeavor after the Czech word hodinky, which means \u2018little watch,\u2019 Clymer sought to create a platform that was casual and accessible to all levels of enthusiasts\u2014within a few years\u00a0<em>The New York Times<\/em>\u00a0dubbed him the \u201cHigh Priest of Horology.\u201d<\/p>\n<p>What started as a humble blog quickly transformed into a full-fledged magazine and e-comm hub for some of the world\u2019s leading watch brands. Celebrating the decade milestone since Hodinkee\u2019s founding, this book captures the storied expertise of the world\u2019s leading experts on time. With chapters breaking down chronographs, dive watches, high design, and horological icons, this book is a connoisseur\u2019s compendium for the timepiece veterans and novices alike.<\/p>\n<p>\u0160\u012bs gr\u0101matas izdev\u0113js ir <a href=\"https:\/\/fashionmuseum.shop\/publisher\/assouline\/\"><strong>Assouline<\/strong><\/a>, ISBN 9781614288657<\/p>\n","protected":false},"excerpt":{"rendered":"<p><strong>K\u0101p\u0113c m\u0113s izv\u0113l\u0113j\u0101mies \u0161o gr\u0101matu:<\/strong><\/p>\n<p>S\u0101cis ar pulkste\u0146iem velt\u012btu blogu, ko nod\u0113v\u0113jis p\u0113c \u010dehu v\u0101rda hodinky, kas noz\u012bm\u0113 \u201cMazs pulkstenis\u201d, Bens Klaimers nu k\u013cuvis par vienu no zin\u0101m\u0101kajiem pulkste\u0146u ekspertiem un apskatniekiem. \u0160is elegantais izdevums, kura tap\u0161an\u0101 roku pieliku\u0161i zino\u0161\u0101kie laikr\u0101\u017eu eksperti, velt\u012bts izcil\u0101kajiem un ikonisk\u0101kajiem pulkste\u0146iem. Izdevums iepriecin\u0101s gan tos, kuri jau iedzi\u013cin\u0101ju\u0161ies horolo\u0123ijas aizraujo\u0161aj\u0101 pasaul\u0113, gan tos, kuri taj\u0101 sper pirmos so\u013cus. Br\u012bni\u0161\u0137\u012bgs izdevums!<\/p>\n","protected":false},"featured_media":5127,"template":"","meta":{"_coblocks_attr":"","_coblocks_dimensions":"","_coblocks_responsive_height":"","_coblocks_accordion_ie_support":"","_crdt_document":"","jetpack_post_was_ever_published":false,"jetpack_publicize_message":"","jetpack_publicize_feature_enabled":true,"jetpack_social_post_already_shared":true,"jetpack_social_options":{"image_generator_settings":{"template":"highway","default_image_id":0,"font":"","enabled":false},"version":2},"_wpas_customize_per_network":false},"product_brand":[],"product_cat":[1381,1375,2417],"product_tag":[],"class_list":{"0":"post-5348","1":"product","2":"type-product","3":"status-publish","4":"has-post-thumbnail","6":"product_cat-booksaboutfashioninenglish","7":"product_cat-booksaboutaccessories","8":"product_cat-books","9":"pa_language-english","10":"pa_publisher-assouline","12":"first","13":"outofstock","14":"shipping-taxable","15":"purchasable","16":"product-type-simple"},"yoast_head":"<!-- This site is optimized with the Yoast SEO plugin v27.3 - https:\/\/yoast.com\/product\/yoast-seo-wordpress\/ -->\n<title>Watches: A Guide by Hodinkee - Fashion Museum Riga Online Store<\/title>\n<meta name=\"robots\" content=\"index, follow, max-snippet:-1, max-image-preview:large, max-video-preview:-1\" \/>\n<link rel=\"canonical\" href=\"https:\/\/fashionmuseum.shop\/lv\/prece\/watches-a-guide-by-hodinkee\/\" \/>\n<meta property=\"og:locale\" content=\"lv_LV\" \/>\n<meta property=\"og:type\" content=\"article\" \/>\n<meta property=\"og:title\" content=\"Watches: A Guide by Hodinkee - Fashion Museum Riga Online Store\" \/>\n<meta property=\"og:description\" content=\"K\u0101p\u0113c m\u0113s izv\u0113l\u0113j\u0101mies \u0161o gr\u0101matu:  S\u0101cis ar pulkste\u0146iem velt\u012btu blogu, ko nod\u0113v\u0113jis p\u0113c \u010dehu v\u0101rda hodinky, kas noz\u012bm\u0113 \u201cMazs pulkstenis\u201d, Bens Klaimers nu k\u013cuvis par vienu no zin\u0101m\u0101kajiem pulkste\u0146u ekspertiem un apskatniekiem. \u0160is elegantais izdevums, kura tap\u0161an\u0101 roku pieliku\u0161i zino\u0161\u0101kie laikr\u0101\u017eu eksperti, velt\u012bts izcil\u0101kajiem un ikonisk\u0101kajiem pulkste\u0146iem. Izdevums iepriecin\u0101s gan tos, kuri jau iedzi\u013cin\u0101ju\u0161ies horolo\u0123ijas aizraujo\u0161aj\u0101 pasaul\u0113, gan tos, kuri taj\u0101 sper pirmos so\u013cus. Br\u012bni\u0161\u0137\u012bgs izdevums!\" \/>\n<meta property=\"og:url\" content=\"https:\/\/fashionmuseum.shop\/lv\/prece\/watches-a-guide-by-hodinkee\/\" \/>\n<meta property=\"og:site_name\" content=\"Fashion Museum Riga Online Store\" \/>\n<meta property=\"og:image\" content=\"https:\/\/i1.wp.com\/fashionmuseum.shop\/wp-content\/uploads\/2021\/01\/Screenshot_5-1.jpg?fit=442%2C442&ssl=1\" \/>\n\t<meta property=\"og:image:width\" content=\"442\" \/>\n\t<meta property=\"og:image:height\" content=\"442\" \/>\n\t<meta property=\"og:image:type\" content=\"image\/jpeg\" \/>\n<meta name=\"twitter:card\" content=\"summary_large_image\" \/>\n<meta name=\"twitter:label1\" content=\"Est. reading time\" \/>\n\t<meta name=\"twitter:data1\" content=\"1 minute\" \/>\n<script type=\"application\/ld+json\" class=\"yoast-schema-graph\">{\"@context\":\"https:\\\/\\\/schema.org\",\"@graph\":[{\"@type\":\"WebPage\",\"@id\":\"https:\\\/\\\/fashionmuseum.shop\\\/lv\\\/prece\\\/watches-a-guide-by-hodinkee\\\/\",\"url\":\"https:\\\/\\\/fashionmuseum.shop\\\/lv\\\/prece\\\/watches-a-guide-by-hodinkee\\\/\",\"name\":\"Watches: A Guide by Hodinkee - Fashion Museum Riga Online Store\",\"isPartOf\":{\"@id\":\"https:\\\/\\\/fashionmuseum.shop\\\/lv\\\/#website\"},\"primaryImageOfPage\":{\"@id\":\"https:\\\/\\\/fashionmuseum.shop\\\/lv\\\/prece\\\/watches-a-guide-by-hodinkee\\\/#primaryimage\"},\"image\":{\"@id\":\"https:\\\/\\\/fashionmuseum.shop\\\/lv\\\/prece\\\/watches-a-guide-by-hodinkee\\\/#primaryimage\"},\"thumbnailUrl\":\"https:\\\/\\\/i0.wp.com\\\/fashionmuseum.shop\\\/wp-content\\\/uploads\\\/2021\\\/01\\\/Screenshot_5-1.jpg?fit=442%2C442&ssl=1\",\"datePublished\":\"2021-01-21T11:29:41+00:00\",\"breadcrumb\":{\"@id\":\"https:\\\/\\\/fashionmuseum.shop\\\/lv\\\/prece\\\/watches-a-guide-by-hodinkee\\\/#breadcrumb\"},\"inLanguage\":\"lv-LV\",\"potentialAction\":[{\"@type\":\"ReadAction\",\"target\":[\"https:\\\/\\\/fashionmuseum.shop\\\/lv\\\/prece\\\/watches-a-guide-by-hodinkee\\\/\"]}]},{\"@type\":\"ImageObject\",\"inLanguage\":\"lv-LV\",\"@id\":\"https:\\\/\\\/fashionmuseum.shop\\\/lv\\\/prece\\\/watches-a-guide-by-hodinkee\\\/#primaryimage\",\"url\":\"https:\\\/\\\/i0.wp.com\\\/fashionmuseum.shop\\\/wp-content\\\/uploads\\\/2021\\\/01\\\/Screenshot_5-1.jpg?fit=442%2C442&ssl=1\",\"contentUrl\":\"https:\\\/\\\/i0.wp.com\\\/fashionmuseum.shop\\\/wp-content\\\/uploads\\\/2021\\\/01\\\/Screenshot_5-1.jpg?fit=442%2C442&ssl=1\",\"width\":442,\"height\":442,\"caption\":\"Book cover Watches: A Guide by Hodinkee\"},{\"@type\":\"BreadcrumbList\",\"@id\":\"https:\\\/\\\/fashionmuseum.shop\\\/lv\\\/prece\\\/watches-a-guide-by-hodinkee\\\/#breadcrumb\",\"itemListElement\":[{\"@type\":\"ListItem\",\"position\":1,\"name\":\"Home\",\"item\":\"https:\\\/\\\/fashionmuseum.shop\\\/lv\\\/\"},{\"@type\":\"ListItem\",\"position\":2,\"name\":\"Products\",\"item\":\"https:\\\/\\\/fashionmuseum.shop\\\/lv\\\/shop\\\/\"},{\"@type\":\"ListItem\",\"position\":3,\"name\":\"Watches: A Guide by Hodinkee\"}]},{\"@type\":\"WebSite\",\"@id\":\"https:\\\/\\\/fashionmuseum.shop\\\/lv\\\/#website\",\"url\":\"https:\\\/\\\/fashionmuseum.shop\\\/lv\\\/\",\"name\":\"Fashion Museum Online Store\",\"description\":\"Fashion Museum Riga Online Store provides a wide selection of books about fashion and fashion history.\",\"publisher\":{\"@id\":\"https:\\\/\\\/fashionmuseum.shop\\\/lv\\\/#organization\"},\"potentialAction\":[{\"@type\":\"SearchAction\",\"target\":{\"@type\":\"EntryPoint\",\"urlTemplate\":\"https:\\\/\\\/fashionmuseum.shop\\\/lv\\\/?s={search_term_string}\"},\"query-input\":{\"@type\":\"PropertyValueSpecification\",\"valueRequired\":true,\"valueName\":\"search_term_string\"}}],\"inLanguage\":\"lv-LV\"},{\"@type\":\"Organization\",\"@id\":\"https:\\\/\\\/fashionmuseum.shop\\\/lv\\\/#organization\",\"name\":\"Modes muzejs\",\"url\":\"https:\\\/\\\/fashionmuseum.shop\\\/lv\\\/\",\"logo\":{\"@type\":\"ImageObject\",\"inLanguage\":\"lv-LV\",\"@id\":\"https:\\\/\\\/fashionmuseum.shop\\\/lv\\\/#\\\/schema\\\/logo\\\/image\\\/\",\"url\":\"https:\\\/\\\/i1.wp.com\\\/fashionmuseum.shop\\\/wp-content\\\/uploads\\\/2020\\\/04\\\/apple-touch-icon.png?fit=180%2C180&ssl=1\",\"contentUrl\":\"https:\\\/\\\/i1.wp.com\\\/fashionmuseum.shop\\\/wp-content\\\/uploads\\\/2020\\\/04\\\/apple-touch-icon.png?fit=180%2C180&ssl=1\",\"width\":180,\"height\":180,\"caption\":\"Modes muzejs\"},\"image\":{\"@id\":\"https:\\\/\\\/fashionmuseum.shop\\\/lv\\\/#\\\/schema\\\/logo\\\/image\\\/\"}}]}<\/script>\n<!-- \/ Yoast SEO plugin. -->","yoast_head_json":{"title":"Watches: A Guide by Hodinkee - Fashion Museum Riga Online Store","robots":{"index":"index","follow":"follow","max-snippet":"max-snippet:-1","max-image-preview":"max-image-preview:large","max-video-preview":"max-video-preview:-1"},"canonical":"https:\/\/fashionmuseum.shop\/lv\/prece\/watches-a-guide-by-hodinkee\/","og_locale":"lv_LV","og_type":"article","og_title":"Watches: A Guide by Hodinkee - Fashion Museum Riga Online Store","og_description":"K\u0101p\u0113c m\u0113s izv\u0113l\u0113j\u0101mies \u0161o gr\u0101matu:  S\u0101cis ar pulkste\u0146iem velt\u012btu blogu, ko nod\u0113v\u0113jis p\u0113c \u010dehu v\u0101rda hodinky, kas noz\u012bm\u0113 \u201cMazs pulkstenis\u201d, Bens Klaimers nu k\u013cuvis par vienu no zin\u0101m\u0101kajiem pulkste\u0146u ekspertiem un apskatniekiem. \u0160is elegantais izdevums, kura tap\u0161an\u0101 roku pieliku\u0161i zino\u0161\u0101kie laikr\u0101\u017eu eksperti, velt\u012bts izcil\u0101kajiem un ikonisk\u0101kajiem pulkste\u0146iem. Izdevums iepriecin\u0101s gan tos, kuri jau iedzi\u013cin\u0101ju\u0161ies horolo\u0123ijas aizraujo\u0161aj\u0101 pasaul\u0113, gan tos, kuri taj\u0101 sper pirmos so\u013cus. Br\u012bni\u0161\u0137\u012bgs izdevums!","og_url":"https:\/\/fashionmuseum.shop\/lv\/prece\/watches-a-guide-by-hodinkee\/","og_site_name":"Fashion Museum Riga Online Store","og_image":[{"width":442,"height":442,"url":"https:\/\/i1.wp.com\/fashionmuseum.shop\/wp-content\/uploads\/2021\/01\/Screenshot_5-1.jpg?fit=442%2C442&ssl=1","type":"image\/jpeg"}],"twitter_card":"summary_large_image","twitter_misc":{"Est. reading time":"1 minute"},"schema":{"@context":"https:\/\/schema.org","@graph":[{"@type":"WebPage","@id":"https:\/\/fashionmuseum.shop\/lv\/prece\/watches-a-guide-by-hodinkee\/","url":"https:\/\/fashionmuseum.shop\/lv\/prece\/watches-a-guide-by-hodinkee\/","name":"Watches: A Guide by Hodinkee - Fashion Museum Riga Online Store","isPartOf":{"@id":"https:\/\/fashionmuseum.shop\/lv\/#website"},"primaryImageOfPage":{"@id":"https:\/\/fashionmuseum.shop\/lv\/prece\/watches-a-guide-by-hodinkee\/#primaryimage"},"image":{"@id":"https:\/\/fashionmuseum.shop\/lv\/prece\/watches-a-guide-by-hodinkee\/#primaryimage"},"thumbnailUrl":"https:\/\/i0.wp.com\/fashionmuseum.shop\/wp-content\/uploads\/2021\/01\/Screenshot_5-1.jpg?fit=442%2C442&ssl=1","datePublished":"2021-01-21T11:29:41+00:00","breadcrumb":{"@id":"https:\/\/fashionmuseum.shop\/lv\/prece\/watches-a-guide-by-hodinkee\/#breadcrumb"},"inLanguage":"lv-LV","potentialAction":[{"@type":"ReadAction","target":["https:\/\/fashionmuseum.shop\/lv\/prece\/watches-a-guide-by-hodinkee\/"]}]},{"@type":"ImageObject","inLanguage":"lv-LV","@id":"https:\/\/fashionmuseum.shop\/lv\/prece\/watches-a-guide-by-hodinkee\/#primaryimage","url":"https:\/\/i0.wp.com\/fashionmuseum.shop\/wp-content\/uploads\/2021\/01\/Screenshot_5-1.jpg?fit=442%2C442&ssl=1","contentUrl":"https:\/\/i0.wp.com\/fashionmuseum.shop\/wp-content\/uploads\/2021\/01\/Screenshot_5-1.jpg?fit=442%2C442&ssl=1","width":442,"height":442,"caption":"Book cover Watches: A Guide by Hodinkee"},{"@type":"BreadcrumbList","@id":"https:\/\/fashionmuseum.shop\/lv\/prece\/watches-a-guide-by-hodinkee\/#breadcrumb","itemListElement":[{"@type":"ListItem","position":1,"name":"Home","item":"https:\/\/fashionmuseum.shop\/lv\/"},{"@type":"ListItem","position":2,"name":"Products","item":"https:\/\/fashionmuseum.shop\/lv\/shop\/"},{"@type":"ListItem","position":3,"name":"Watches: A Guide by Hodinkee"}]},{"@type":"WebSite","@id":"https:\/\/fashionmuseum.shop\/lv\/#website","url":"https:\/\/fashionmuseum.shop\/lv\/","name":"Fashion Museum Online Store","description":"Fashion Museum Riga Online Store provides a wide selection of books about fashion and fashion history.","publisher":{"@id":"https:\/\/fashionmuseum.shop\/lv\/#organization"},"potentialAction":[{"@type":"SearchAction","target":{"@type":"EntryPoint","urlTemplate":"https:\/\/fashionmuseum.shop\/lv\/?s={search_term_string}"},"query-input":{"@type":"PropertyValueSpecification","valueRequired":true,"valueName":"search_term_string"}}],"inLanguage":"lv-LV"},{"@type":"Organization","@id":"https:\/\/fashionmuseum.shop\/lv\/#organization","name":"Modes muzejs","url":"https:\/\/fashionmuseum.shop\/lv\/","logo":{"@type":"ImageObject","inLanguage":"lv-LV","@id":"https:\/\/fashionmuseum.shop\/lv\/#\/schema\/logo\/image\/","url":"https:\/\/i1.wp.com\/fashionmuseum.shop\/wp-content\/uploads\/2020\/04\/apple-touch-icon.png?fit=180%2C180&ssl=1","contentUrl":"https:\/\/i1.wp.com\/fashionmuseum.shop\/wp-content\/uploads\/2020\/04\/apple-touch-icon.png?fit=180%2C180&ssl=1","width":180,"height":180,"caption":"Modes muzejs"},"image":{"@id":"https:\/\/fashionmuseum.shop\/lv\/#\/schema\/logo\/image\/"}}]}},"jetpack_publicize_connections":[],"jetpack_likes_enabled":false,"jetpack_sharing_enabled":true,"amp_enabled":true,"_links":{"self":[{"href":"https:\/\/fashionmuseum.shop\/lv\/wp-json\/wp\/v2\/product\/5348","targetHints":{"allow":["GET"]}}],"collection":[{"href":"https:\/\/fashionmuseum.shop\/lv\/wp-json\/wp\/v2\/product"}],"about":[{"href":"https:\/\/fashionmuseum.shop\/lv\/wp-json\/wp\/v2\/types\/product"}],"wp:featuredmedia":[{"embeddable":true,"href":"https:\/\/fashionmuseum.shop\/lv\/wp-json\/wp\/v2\/media\/5127"}],"wp:attachment":[{"href":"https:\/\/fashionmuseum.shop\/lv\/wp-json\/wp\/v2\/media?parent=5348"}],"wp:term":[{"taxonomy":"product_brand","embeddable":true,"href":"https:\/\/fashionmuseum.shop\/lv\/wp-json\/wp\/v2\/product_brand?post=5348"},{"taxonomy":"product_cat","embeddable":true,"href":"https:\/\/fashionmuseum.shop\/lv\/wp-json\/wp\/v2\/product_cat?post=5348"},{"taxonomy":"product_tag","embeddable":true,"href":"https:\/\/fashionmuseum.shop\/lv\/wp-json\/wp\/v2\/product_tag?post=5348"}],"curies":[{"name":"wp","href":"https:\/\/api.w.org\/{rel}","templated":true}]}}