{"id":5349,"date":"2021-01-21T13:29:40","date_gmt":"2021-01-21T11:29:40","guid":{"rendered":"https:\/\/fashionmuseum.shop\/product\/dior-by-christian-dior\/"},"modified":"2021-11-04T07:13:22","modified_gmt":"2021-11-04T05:13:22","slug":"dior-by-christian-dior","status":"publish","type":"product","link":"https:\/\/fashionmuseum.shop\/lv\/prece\/dior-by-christian-dior\/","title":{"rendered":"Dior by Christian Dior"},"content":{"rendered":"<p><strong>Izdev\u0113ja gr\u0101matas anot\u0101cija:<\/strong><\/p>\n<p>In celebration of the seventieth anniversary of the founding of the house of Dior comes the first volume in a series devoted to each designer of the couture house.\u00a0<em>Dior by Christian Dior<\/em>\u00a0is the ultimate compendium of the most iconic haute couture designs conceived by Christian Dior. Carefully conserved in the world\u2019s great museums and institutions, these fashion treasures have been photographed and exclusively compiled for this indispensable collection.<\/p>\n<p>\u0160\u012bs gr\u0101matas izdev\u0113js ir <a href=\"https:\/\/fashionmuseum.shop\/publisher\/assouline\/\"><strong>Assouline<\/strong><\/a>, ISBN 9781614285489<\/p>\n","protected":false},"excerpt":{"rendered":"<p><a href=\"https:\/\/fashionmuseum.shop\/lv\/book-author\/olivier-saillard-lv\/\" rel=\"tag\">Olivier Saillard<\/a><\/p>\n<p><strong>K\u0101p\u0113c m\u0113s izv\u0113l\u0113j\u0101mies \u0161o gr\u0101matu:<\/strong><\/p>\n<p>K\u0101 velt\u012bjumu di\u017e\u0101 modes nama 70 gadu jubilejai luksusa klases gr\u0101matu izdev\u0113ji \u201cAssouline\u201d ap\u0146\u0113mu\u0161ies izdot vienu gr\u0101matu par katru dizaineru, kur\u0161 str\u0101d\u0101jis \u201cDior\u201d. Pirmais, protams, ir pats Kristi\u0101ns Diors. Elegantaj\u0101 izdevum\u0101 apkopoti Diora ikonisk\u0101kie mode\u013ci, kas tiek r\u016bp\u012bgi glab\u0101ti pasaules izcil\u0101kajos muzejos. Tie fotograf\u0113ti \u012bpa\u0161i \u0161im br\u012bni\u0161\u0137\u012bgajam izdevumam. Iesp\u0113jams, skaist\u0101k\u0101 gr\u0101mata, kas velt\u012bta Dioram!<\/p>\n","protected":false},"featured_media":5229,"template":"","meta":{"_coblocks_attr":"","_coblocks_dimensions":"","_coblocks_responsive_height":"","_coblocks_accordion_ie_support":"","_crdt_document":"","jetpack_publicize_message":"","jetpack_publicize_feature_enabled":true,"jetpack_social_post_already_shared":true,"jetpack_social_options":{"image_generator_settings":{"template":"highway","default_image_id":0,"font":"","enabled":false},"version":2},"_wpas_customize_per_network":false},"product_brand":[],"product_cat":[1611,1604,1603,1605,2418],"product_tag":[1682],"class_list":{"0":"post-5349","1":"product","2":"type-product","3":"status-publish","4":"has-post-thumbnail","6":"product_cat-gramatas-anglu-valoda","7":"product_cat-gramatas-par-haute-couture","8":"product_cat-gramatas-par-modes-dizaineriem","9":"product_cat-gramatas-par-modes-vesturi","10":"product_cat-gramatas","11":"product_tag-dior-lv","12":"pa_book-author-olivier-saillard-lv","13":"pa_language-anglu","14":"pa_publisher-assouline-lv","16":"first","17":"outofstock","18":"shipping-taxable","19":"purchasable","20":"product-type-simple"},"yoast_head":"<!-- This site is optimized with the Yoast SEO plugin v27.5 - https:\/\/yoast.com\/product\/yoast-seo-wordpress\/ -->\n<title>Dior by Christian Dior - Fashion Museum Riga Online Store<\/title>\n<meta name=\"robots\" content=\"index, follow, max-snippet:-1, max-image-preview:large, max-video-preview:-1\" \/>\n<link rel=\"canonical\" href=\"https:\/\/fashionmuseum.shop\/lv\/prece\/dior-by-christian-dior\/\" \/>\n<meta property=\"og:locale\" content=\"lv_LV\" \/>\n<meta property=\"og:type\" content=\"article\" \/>\n<meta property=\"og:title\" content=\"Dior by Christian Dior - Fashion Museum Riga Online Store\" \/>\n<meta property=\"og:description\" content=\"Olivier Saillard  K\u0101p\u0113c m\u0113s izv\u0113l\u0113j\u0101mies \u0161o gr\u0101matu:  K\u0101 velt\u012bjumu di\u017e\u0101 modes nama 70 gadu jubilejai luksusa klases gr\u0101matu izdev\u0113ji \u201cAssouline\u201d ap\u0146\u0113mu\u0161ies izdot vienu gr\u0101matu par katru dizaineru, kur\u0161 str\u0101d\u0101jis \u201cDior\u201d. Pirmais, protams, ir pats Kristi\u0101ns Diors. Elegantaj\u0101 izdevum\u0101 apkopoti Diora ikonisk\u0101kie mode\u013ci, kas tiek r\u016bp\u012bgi glab\u0101ti pasaules izcil\u0101kajos muzejos. Tie fotograf\u0113ti \u012bpa\u0161i \u0161im br\u012bni\u0161\u0137\u012bgajam izdevumam. Iesp\u0113jams, skaist\u0101k\u0101 gr\u0101mata, kas velt\u012bta Dioram!\" \/>\n<meta property=\"og:url\" content=\"https:\/\/fashionmuseum.shop\/lv\/prece\/dior-by-christian-dior\/\" \/>\n<meta property=\"og:site_name\" content=\"Fashion Museum Riga Online Store\" \/>\n<meta property=\"article:modified_time\" content=\"2021-11-04T05:13:22+00:00\" \/>\n<meta property=\"og:image\" content=\"https:\/\/i2.wp.com\/fashionmuseum.shop\/wp-content\/uploads\/2021\/01\/Screenshot_7.jpg?fit=445%2C445&ssl=1\" \/>\n\t<meta property=\"og:image:width\" content=\"445\" \/>\n\t<meta property=\"og:image:height\" content=\"445\" \/>\n\t<meta property=\"og:image:type\" content=\"image\/jpeg\" \/>\n<meta name=\"twitter:card\" content=\"summary_large_image\" \/>\n<script type=\"application\/ld+json\" class=\"yoast-schema-graph\">{\"@context\":\"https:\\\/\\\/schema.org\",\"@graph\":[{\"@type\":\"WebPage\",\"@id\":\"https:\\\/\\\/fashionmuseum.shop\\\/lv\\\/prece\\\/dior-by-christian-dior\\\/\",\"url\":\"https:\\\/\\\/fashionmuseum.shop\\\/lv\\\/prece\\\/dior-by-christian-dior\\\/\",\"name\":\"Dior by Christian Dior - Fashion Museum Riga Online Store\",\"isPartOf\":{\"@id\":\"https:\\\/\\\/fashionmuseum.shop\\\/lv\\\/#website\"},\"primaryImageOfPage\":{\"@id\":\"https:\\\/\\\/fashionmuseum.shop\\\/lv\\\/prece\\\/dior-by-christian-dior\\\/#primaryimage\"},\"image\":{\"@id\":\"https:\\\/\\\/fashionmuseum.shop\\\/lv\\\/prece\\\/dior-by-christian-dior\\\/#primaryimage\"},\"thumbnailUrl\":\"https:\\\/\\\/i0.wp.com\\\/fashionmuseum.shop\\\/wp-content\\\/uploads\\\/2021\\\/01\\\/Screenshot_7.jpg?fit=445%2C445&ssl=1\",\"datePublished\":\"2021-01-21T11:29:40+00:00\",\"dateModified\":\"2021-11-04T05:13:22+00:00\",\"breadcrumb\":{\"@id\":\"https:\\\/\\\/fashionmuseum.shop\\\/lv\\\/prece\\\/dior-by-christian-dior\\\/#breadcrumb\"},\"inLanguage\":\"lv-LV\",\"potentialAction\":[{\"@type\":\"ReadAction\",\"target\":[\"https:\\\/\\\/fashionmuseum.shop\\\/lv\\\/prece\\\/dior-by-christian-dior\\\/\"]}]},{\"@type\":\"ImageObject\",\"inLanguage\":\"lv-LV\",\"@id\":\"https:\\\/\\\/fashionmuseum.shop\\\/lv\\\/prece\\\/dior-by-christian-dior\\\/#primaryimage\",\"url\":\"https:\\\/\\\/i0.wp.com\\\/fashionmuseum.shop\\\/wp-content\\\/uploads\\\/2021\\\/01\\\/Screenshot_7.jpg?fit=445%2C445&ssl=1\",\"contentUrl\":\"https:\\\/\\\/i0.wp.com\\\/fashionmuseum.shop\\\/wp-content\\\/uploads\\\/2021\\\/01\\\/Screenshot_7.jpg?fit=445%2C445&ssl=1\",\"width\":445,\"height\":445,\"caption\":\"Book cover Dior by Christian Dior\"},{\"@type\":\"BreadcrumbList\",\"@id\":\"https:\\\/\\\/fashionmuseum.shop\\\/lv\\\/prece\\\/dior-by-christian-dior\\\/#breadcrumb\",\"itemListElement\":[{\"@type\":\"ListItem\",\"position\":1,\"name\":\"Home\",\"item\":\"https:\\\/\\\/fashionmuseum.shop\\\/lv\\\/\"},{\"@type\":\"ListItem\",\"position\":2,\"name\":\"Products\",\"item\":\"https:\\\/\\\/fashionmuseum.shop\\\/lv\\\/shop\\\/\"},{\"@type\":\"ListItem\",\"position\":3,\"name\":\"Dior by Christian Dior\"}]},{\"@type\":\"WebSite\",\"@id\":\"https:\\\/\\\/fashionmuseum.shop\\\/lv\\\/#website\",\"url\":\"https:\\\/\\\/fashionmuseum.shop\\\/lv\\\/\",\"name\":\"Fashion Museum Online Store\",\"description\":\"Fashion Museum Riga Online Store provides a wide selection of books about fashion and fashion history.\",\"publisher\":{\"@id\":\"https:\\\/\\\/fashionmuseum.shop\\\/lv\\\/#organization\"},\"potentialAction\":[{\"@type\":\"SearchAction\",\"target\":{\"@type\":\"EntryPoint\",\"urlTemplate\":\"https:\\\/\\\/fashionmuseum.shop\\\/lv\\\/?s={search_term_string}\"},\"query-input\":{\"@type\":\"PropertyValueSpecification\",\"valueRequired\":true,\"valueName\":\"search_term_string\"}}],\"inLanguage\":\"lv-LV\"},{\"@type\":\"Organization\",\"@id\":\"https:\\\/\\\/fashionmuseum.shop\\\/lv\\\/#organization\",\"name\":\"Modes muzejs\",\"url\":\"https:\\\/\\\/fashionmuseum.shop\\\/lv\\\/\",\"logo\":{\"@type\":\"ImageObject\",\"inLanguage\":\"lv-LV\",\"@id\":\"https:\\\/\\\/fashionmuseum.shop\\\/lv\\\/#\\\/schema\\\/logo\\\/image\\\/\",\"url\":\"https:\\\/\\\/i1.wp.com\\\/fashionmuseum.shop\\\/wp-content\\\/uploads\\\/2020\\\/04\\\/apple-touch-icon.png?fit=180%2C180&ssl=1\",\"contentUrl\":\"https:\\\/\\\/i1.wp.com\\\/fashionmuseum.shop\\\/wp-content\\\/uploads\\\/2020\\\/04\\\/apple-touch-icon.png?fit=180%2C180&ssl=1\",\"width\":180,\"height\":180,\"caption\":\"Modes muzejs\"},\"image\":{\"@id\":\"https:\\\/\\\/fashionmuseum.shop\\\/lv\\\/#\\\/schema\\\/logo\\\/image\\\/\"}}]}<\/script>\n<!-- \/ Yoast SEO plugin. -->","yoast_head_json":{"title":"Dior by Christian Dior - Fashion Museum Riga Online Store","robots":{"index":"index","follow":"follow","max-snippet":"max-snippet:-1","max-image-preview":"max-image-preview:large","max-video-preview":"max-video-preview:-1"},"canonical":"https:\/\/fashionmuseum.shop\/lv\/prece\/dior-by-christian-dior\/","og_locale":"lv_LV","og_type":"article","og_title":"Dior by Christian Dior - Fashion Museum Riga Online Store","og_description":"Olivier Saillard  K\u0101p\u0113c m\u0113s izv\u0113l\u0113j\u0101mies \u0161o gr\u0101matu:  K\u0101 velt\u012bjumu di\u017e\u0101 modes nama 70 gadu jubilejai luksusa klases gr\u0101matu izdev\u0113ji \u201cAssouline\u201d ap\u0146\u0113mu\u0161ies izdot vienu gr\u0101matu par katru dizaineru, kur\u0161 str\u0101d\u0101jis \u201cDior\u201d. Pirmais, protams, ir pats Kristi\u0101ns Diors. Elegantaj\u0101 izdevum\u0101 apkopoti Diora ikonisk\u0101kie mode\u013ci, kas tiek r\u016bp\u012bgi glab\u0101ti pasaules izcil\u0101kajos muzejos. Tie fotograf\u0113ti \u012bpa\u0161i \u0161im br\u012bni\u0161\u0137\u012bgajam izdevumam. Iesp\u0113jams, skaist\u0101k\u0101 gr\u0101mata, kas velt\u012bta Dioram!","og_url":"https:\/\/fashionmuseum.shop\/lv\/prece\/dior-by-christian-dior\/","og_site_name":"Fashion Museum Riga Online Store","article_modified_time":"2021-11-04T05:13:22+00:00","og_image":[{"width":445,"height":445,"url":"https:\/\/i2.wp.com\/fashionmuseum.shop\/wp-content\/uploads\/2021\/01\/Screenshot_7.jpg?fit=445%2C445&ssl=1","type":"image\/jpeg"}],"twitter_card":"summary_large_image","schema":{"@context":"https:\/\/schema.org","@graph":[{"@type":"WebPage","@id":"https:\/\/fashionmuseum.shop\/lv\/prece\/dior-by-christian-dior\/","url":"https:\/\/fashionmuseum.shop\/lv\/prece\/dior-by-christian-dior\/","name":"Dior by Christian Dior - Fashion Museum Riga Online Store","isPartOf":{"@id":"https:\/\/fashionmuseum.shop\/lv\/#website"},"primaryImageOfPage":{"@id":"https:\/\/fashionmuseum.shop\/lv\/prece\/dior-by-christian-dior\/#primaryimage"},"image":{"@id":"https:\/\/fashionmuseum.shop\/lv\/prece\/dior-by-christian-dior\/#primaryimage"},"thumbnailUrl":"https:\/\/i0.wp.com\/fashionmuseum.shop\/wp-content\/uploads\/2021\/01\/Screenshot_7.jpg?fit=445%2C445&ssl=1","datePublished":"2021-01-21T11:29:40+00:00","dateModified":"2021-11-04T05:13:22+00:00","breadcrumb":{"@id":"https:\/\/fashionmuseum.shop\/lv\/prece\/dior-by-christian-dior\/#breadcrumb"},"inLanguage":"lv-LV","potentialAction":[{"@type":"ReadAction","target":["https:\/\/fashionmuseum.shop\/lv\/prece\/dior-by-christian-dior\/"]}]},{"@type":"ImageObject","inLanguage":"lv-LV","@id":"https:\/\/fashionmuseum.shop\/lv\/prece\/dior-by-christian-dior\/#primaryimage","url":"https:\/\/i0.wp.com\/fashionmuseum.shop\/wp-content\/uploads\/2021\/01\/Screenshot_7.jpg?fit=445%2C445&ssl=1","contentUrl":"https:\/\/i0.wp.com\/fashionmuseum.shop\/wp-content\/uploads\/2021\/01\/Screenshot_7.jpg?fit=445%2C445&ssl=1","width":445,"height":445,"caption":"Book cover Dior by Christian Dior"},{"@type":"BreadcrumbList","@id":"https:\/\/fashionmuseum.shop\/lv\/prece\/dior-by-christian-dior\/#breadcrumb","itemListElement":[{"@type":"ListItem","position":1,"name":"Home","item":"https:\/\/fashionmuseum.shop\/lv\/"},{"@type":"ListItem","position":2,"name":"Products","item":"https:\/\/fashionmuseum.shop\/lv\/shop\/"},{"@type":"ListItem","position":3,"name":"Dior by Christian Dior"}]},{"@type":"WebSite","@id":"https:\/\/fashionmuseum.shop\/lv\/#website","url":"https:\/\/fashionmuseum.shop\/lv\/","name":"Fashion Museum Online Store","description":"Fashion Museum Riga Online Store provides a wide selection of books about fashion and fashion history.","publisher":{"@id":"https:\/\/fashionmuseum.shop\/lv\/#organization"},"potentialAction":[{"@type":"SearchAction","target":{"@type":"EntryPoint","urlTemplate":"https:\/\/fashionmuseum.shop\/lv\/?s={search_term_string}"},"query-input":{"@type":"PropertyValueSpecification","valueRequired":true,"valueName":"search_term_string"}}],"inLanguage":"lv-LV"},{"@type":"Organization","@id":"https:\/\/fashionmuseum.shop\/lv\/#organization","name":"Modes muzejs","url":"https:\/\/fashionmuseum.shop\/lv\/","logo":{"@type":"ImageObject","inLanguage":"lv-LV","@id":"https:\/\/fashionmuseum.shop\/lv\/#\/schema\/logo\/image\/","url":"https:\/\/i1.wp.com\/fashionmuseum.shop\/wp-content\/uploads\/2020\/04\/apple-touch-icon.png?fit=180%2C180&ssl=1","contentUrl":"https:\/\/i1.wp.com\/fashionmuseum.shop\/wp-content\/uploads\/2020\/04\/apple-touch-icon.png?fit=180%2C180&ssl=1","width":180,"height":180,"caption":"Modes muzejs"},"image":{"@id":"https:\/\/fashionmuseum.shop\/lv\/#\/schema\/logo\/image\/"}}]}},"jetpack_publicize_connections":[],"jetpack_likes_enabled":false,"jetpack_sharing_enabled":true,"amp_enabled":true,"_links":{"self":[{"href":"https:\/\/fashionmuseum.shop\/lv\/wp-json\/wp\/v2\/product\/5349","targetHints":{"allow":["GET"]}}],"collection":[{"href":"https:\/\/fashionmuseum.shop\/lv\/wp-json\/wp\/v2\/product"}],"about":[{"href":"https:\/\/fashionmuseum.shop\/lv\/wp-json\/wp\/v2\/types\/product"}],"wp:featuredmedia":[{"embeddable":true,"href":"https:\/\/fashionmuseum.shop\/lv\/wp-json\/wp\/v2\/media\/5229"}],"wp:attachment":[{"href":"https:\/\/fashionmuseum.shop\/lv\/wp-json\/wp\/v2\/media?parent=5349"}],"wp:term":[{"taxonomy":"product_brand","embeddable":true,"href":"https:\/\/fashionmuseum.shop\/lv\/wp-json\/wp\/v2\/product_brand?post=5349"},{"taxonomy":"product_cat","embeddable":true,"href":"https:\/\/fashionmuseum.shop\/lv\/wp-json\/wp\/v2\/product_cat?post=5349"},{"taxonomy":"product_tag","embeddable":true,"href":"https:\/\/fashionmuseum.shop\/lv\/wp-json\/wp\/v2\/product_tag?post=5349"}],"curies":[{"name":"wp","href":"https:\/\/api.w.org\/{rel}","templated":true}]}}