{"id":5350,"date":"2021-01-21T13:29:40","date_gmt":"2021-01-21T11:29:40","guid":{"rendered":"https:\/\/fashionmuseum.shop\/product\/valentino-at-the-emperors-table\/"},"modified":"2021-01-29T16:09:20","modified_gmt":"2021-01-29T14:09:20","slug":"valentino-at-the-emperors-table","status":"publish","type":"product","link":"https:\/\/fashionmuseum.shop\/lv\/prece\/valentino-at-the-emperors-table\/","title":{"rendered":"Valentino: At the Emperor&#8217;s Table"},"content":{"rendered":"<p><strong>Izdev\u0113ja gr\u0101matas anot\u0101cija:<\/strong><\/p>\n<p class=\"p1\">As fashion editor and friend Andr\u00e9 Leon Talley writes in the introduction, \u201cValentino Garavani designs his luncheons and dinners, in all of his homes, the way he has created crescendos and allegros vivace throughout his forty-plus-year career as one of the greatest haute couture designers and high-fashion leaders in the world.\u201d<\/p>\n<p class=\"p1\">Beauty and entertaining have long been passions of Valentino. \u201cI am in love with beauty,\u201d he admits in the book\u2019s opening. \u201cI have always loved beautiful objects.\u201d Though beyond the tangible objets d\u2019art housed in each of his residences, Valentino\u2019s excellence as a host is defined by the warmth and joy he creates for his guests.<\/p>\n<p class=\"p1\">\u201cWhen you enter his world, you enter the world of luxury; you enter a rare and opulent, yet warm space,\u201d adds Talley. The atmosphere evokes the \u201cjoy of sharing, and the joy of delivering a magnificent dining experience in a setting of wonder and originality; sharing with family, friends and guests; sharing good conversation that is quite often animated; and sharing beautiful flowers, especially from Valentino\u2019s own gardens,\u201d he continues in his introduction.<\/p>\n<p class=\"p1\">Photographed by renowned Italian photographer Oberto Gili, and organized by residence, this book invites the reader to enjoy various table settings and recipes specific to each home. A flan au chevre may be served on Portuguese porcelain at his ski chalet in Gstaad, while a visit to his home in London reveals a \u201cdecorating masterpiece\u201d&#8211;says Talley in his text&#8211;with an orientalist dining room of blue and white china. The New York City pied-a-terre showcases \u201ctable decorations\u2026limitless in their exquisiteness\u201d including Russian dinner-service sets and ruby red Irish glass plates. On T.M. Blue One, guests are served Mediterranean-inspired cuisine atop custom, seafaring-themed dinner service sets. \u201cI love sharing the things in my life with my friends,\u201d Valentino says.<\/p>\n<p class=\"p1\">Among all of these luxurious homes, the crown jewel of Valentino\u2019s residential repertoire is the Chateau de Wideville, a historic chateau outside of Paris that is admittedly Valentino\u2019s favorite. There, meals of Italian inspired home cooking, such as risotto Milanese, are presented amongst his collection of rare Meissen swans. \u201cI love antique china sets, like Meissen, Russian, or from P.K. Selesia, a German company from the 1930s\u201d he states.<\/p>\n<p class=\"p1\">Though regardless of residence or number of guests, Valentino\u2019s commitment to excellence does not waver. \u201cI am very often alone and enjoying my houses,\u201d Valentino says. \u201cEntertaining thirty or one is the same; the food has to be on a beautiful plate. The dream came true.\u201d<\/p>\n<p class=\"p1\">Valentino Garavani, often known simply as Valentino, is a legendary fashion designer and master couturier. He founded his eponymous fashion house in Rome in the late 1950s and has since established an illustrious career designing for the world\u2019s most glamorous women, from royalty to Hollywood icons, including Jackie O, Elizabeth Taylor and modern-day muses like Gwyneth Paltrow and Anne Hathaway.<\/p>\n<p class=\"p1\">From his start designing dresses, Valentino and long-time business partner Giancarlo Giammetti built the Valentino brand into an international empire, now one of the most iconic fashion brands in the world, often associated with his signature color, \u201cValentino Red\u201d. Though Valentino retired from fashion in 2008, he continues to create and follow his passions.<\/p>\n<p>\u0160\u012bs gr\u0101matas izdev\u0113js ir <a href=\"https:\/\/fashionmuseum.shop\/publisher\/assouline\/\"><strong>Assouline<\/strong><\/a>, ISBN 9781614282938<\/p>\n","protected":false},"excerpt":{"rendered":"<p><a href=\"https:\/\/fashionmuseum.shop\/lv\/book-author\/andre-leon-talley-lv\/\" rel=\"tag\">Andr\u00e9 Leon Talley<\/a><\/p>\n<p><strong>K\u0101p\u0113c m\u0113s izv\u0113l\u0113j\u0101mies \u0161o gr\u0101matu:<\/strong><\/p>\n<p>Modes dizaina klasi\u0137is Valentino alla\u017e m\u012bl\u0113jis visu skaisto. \u0160aj\u0101 luksusa klases izdevniec\u012bbas \u201cAssouline\u201d gr\u0101mat\u0101 iem\u016b\u017ein\u0101ta vi\u0146a prasme rad\u012bt sv\u0113tkus. Katr\u0101 no da\u017e\u0101daj\u0101m rezidenc\u0113m \u2013 no \u0145ujorkas l\u012bdz G\u0161t\u0101dei, no Londonas l\u012bdz Valentino iecien\u012btajai chateau net\u0101lu no Par\u012bzes \u2013 ir cita noska\u0146a un interjers, cits galda kl\u0101jums un receptes. Satrieco\u0161i skaists izdevums, kur\u0101 atdz\u012bvojas kara\u013cnamu cien\u012bgu svin\u012bbu trad\u012bcija, v\u0113lme p\u0101rsteigt un saj\u016bsmin\u0101t viesus.<\/p>\n","protected":false},"featured_media":4948,"template":"","meta":{"_coblocks_attr":"","_coblocks_dimensions":"","_coblocks_responsive_height":"","_coblocks_accordion_ie_support":"","_crdt_document":"","jetpack_post_was_ever_published":false,"jetpack_publicize_message":"","jetpack_publicize_feature_enabled":true,"jetpack_social_post_already_shared":true,"jetpack_social_options":{"image_generator_settings":{"template":"highway","default_image_id":0,"font":"","enabled":false},"version":2},"_wpas_customize_per_network":false},"product_brand":[],"product_cat":[1381,1376,2417,2592],"product_tag":[],"class_list":{"0":"post-5350","1":"product","2":"type-product","3":"status-publish","4":"has-post-thumbnail","6":"product_cat-booksaboutfashioninenglish","7":"product_cat-booksaboutfashiondesigners","8":"product_cat-books","9":"product_cat-books-about-cooking-with-style","10":"pa_book-author-andre-leon-talley","11":"pa_language-english","12":"pa_publisher-assouline-lv","14":"first","15":"outofstock","16":"sale","17":"shipping-taxable","18":"purchasable","19":"product-type-simple"},"yoast_head":"<!-- This site is optimized with the Yoast SEO plugin v27.3 - https:\/\/yoast.com\/product\/yoast-seo-wordpress\/ -->\n<title>Valentino: At the Emperor&#039;s Table - Fashion Museum Riga Online Store<\/title>\n<meta name=\"robots\" content=\"index, follow, max-snippet:-1, max-image-preview:large, max-video-preview:-1\" \/>\n<link rel=\"canonical\" href=\"https:\/\/fashionmuseum.shop\/lv\/prece\/valentino-at-the-emperors-table\/\" \/>\n<meta property=\"og:locale\" content=\"lv_LV\" \/>\n<meta property=\"og:type\" content=\"article\" \/>\n<meta property=\"og:title\" content=\"Valentino: At the Emperor&#039;s Table - Fashion Museum Riga Online Store\" \/>\n<meta property=\"og:description\" content=\"Andr\u00e9 Leon Talley  K\u0101p\u0113c m\u0113s izv\u0113l\u0113j\u0101mies \u0161o gr\u0101matu:  Modes dizaina klasi\u0137is Valentino alla\u017e m\u012bl\u0113jis visu skaisto. \u0160aj\u0101 luksusa klases izdevniec\u012bbas \u201cAssouline\u201d gr\u0101mat\u0101 iem\u016b\u017ein\u0101ta vi\u0146a prasme rad\u012bt sv\u0113tkus. Katr\u0101 no da\u017e\u0101daj\u0101m rezidenc\u0113m \u2013 no \u0145ujorkas l\u012bdz G\u0161t\u0101dei, no Londonas l\u012bdz Valentino iecien\u012btajai chateau net\u0101lu no Par\u012bzes \u2013 ir cita noska\u0146a un interjers, cits galda kl\u0101jums un receptes. Satrieco\u0161i skaists izdevums, kur\u0101 atdz\u012bvojas kara\u013cnamu cien\u012bgu svin\u012bbu trad\u012bcija, v\u0113lme p\u0101rsteigt un saj\u016bsmin\u0101t viesus.\" \/>\n<meta property=\"og:url\" content=\"https:\/\/fashionmuseum.shop\/lv\/prece\/valentino-at-the-emperors-table\/\" \/>\n<meta property=\"og:site_name\" content=\"Fashion Museum Riga Online Store\" \/>\n<meta property=\"article:modified_time\" content=\"2021-01-29T14:09:20+00:00\" \/>\n<meta property=\"og:image\" content=\"https:\/\/i1.wp.com\/fashionmuseum.shop\/wp-content\/uploads\/2021\/01\/3D-VALENTINO-AT-THE-EMPEROR_S-TABLE-A_V2_2048x-1.jpg?fit=2048%2C2048&ssl=1\" \/>\n\t<meta property=\"og:image:width\" content=\"2048\" \/>\n\t<meta property=\"og:image:height\" content=\"2048\" \/>\n\t<meta property=\"og:image:type\" content=\"image\/jpeg\" \/>\n<meta name=\"twitter:card\" content=\"summary_large_image\" \/>\n<meta name=\"twitter:label1\" content=\"Est. reading time\" \/>\n\t<meta name=\"twitter:data1\" content=\"3 minutes\" \/>\n<script type=\"application\/ld+json\" class=\"yoast-schema-graph\">{\"@context\":\"https:\\\/\\\/schema.org\",\"@graph\":[{\"@type\":\"WebPage\",\"@id\":\"https:\\\/\\\/fashionmuseum.shop\\\/lv\\\/prece\\\/valentino-at-the-emperors-table\\\/\",\"url\":\"https:\\\/\\\/fashionmuseum.shop\\\/lv\\\/prece\\\/valentino-at-the-emperors-table\\\/\",\"name\":\"Valentino: At the Emperor's Table - Fashion Museum Riga Online Store\",\"isPartOf\":{\"@id\":\"https:\\\/\\\/fashionmuseum.shop\\\/lv\\\/#website\"},\"primaryImageOfPage\":{\"@id\":\"https:\\\/\\\/fashionmuseum.shop\\\/lv\\\/prece\\\/valentino-at-the-emperors-table\\\/#primaryimage\"},\"image\":{\"@id\":\"https:\\\/\\\/fashionmuseum.shop\\\/lv\\\/prece\\\/valentino-at-the-emperors-table\\\/#primaryimage\"},\"thumbnailUrl\":\"https:\\\/\\\/i0.wp.com\\\/fashionmuseum.shop\\\/wp-content\\\/uploads\\\/2021\\\/01\\\/3D-VALENTINO-AT-THE-EMPEROR_S-TABLE-A_V2_2048x-1.jpg?fit=2048%2C2048&ssl=1\",\"datePublished\":\"2021-01-21T11:29:40+00:00\",\"dateModified\":\"2021-01-29T14:09:20+00:00\",\"breadcrumb\":{\"@id\":\"https:\\\/\\\/fashionmuseum.shop\\\/lv\\\/prece\\\/valentino-at-the-emperors-table\\\/#breadcrumb\"},\"inLanguage\":\"lv-LV\",\"potentialAction\":[{\"@type\":\"ReadAction\",\"target\":[\"https:\\\/\\\/fashionmuseum.shop\\\/lv\\\/prece\\\/valentino-at-the-emperors-table\\\/\"]}]},{\"@type\":\"ImageObject\",\"inLanguage\":\"lv-LV\",\"@id\":\"https:\\\/\\\/fashionmuseum.shop\\\/lv\\\/prece\\\/valentino-at-the-emperors-table\\\/#primaryimage\",\"url\":\"https:\\\/\\\/i0.wp.com\\\/fashionmuseum.shop\\\/wp-content\\\/uploads\\\/2021\\\/01\\\/3D-VALENTINO-AT-THE-EMPEROR_S-TABLE-A_V2_2048x-1.jpg?fit=2048%2C2048&ssl=1\",\"contentUrl\":\"https:\\\/\\\/i0.wp.com\\\/fashionmuseum.shop\\\/wp-content\\\/uploads\\\/2021\\\/01\\\/3D-VALENTINO-AT-THE-EMPEROR_S-TABLE-A_V2_2048x-1.jpg?fit=2048%2C2048&ssl=1\",\"width\":2048,\"height\":2048,\"caption\":\"Valentino: At the Emperor's Table\"},{\"@type\":\"BreadcrumbList\",\"@id\":\"https:\\\/\\\/fashionmuseum.shop\\\/lv\\\/prece\\\/valentino-at-the-emperors-table\\\/#breadcrumb\",\"itemListElement\":[{\"@type\":\"ListItem\",\"position\":1,\"name\":\"Home\",\"item\":\"https:\\\/\\\/fashionmuseum.shop\\\/lv\\\/\"},{\"@type\":\"ListItem\",\"position\":2,\"name\":\"Products\",\"item\":\"https:\\\/\\\/fashionmuseum.shop\\\/lv\\\/shop\\\/\"},{\"@type\":\"ListItem\",\"position\":3,\"name\":\"Valentino: At the Emperor&#8217;s Table\"}]},{\"@type\":\"WebSite\",\"@id\":\"https:\\\/\\\/fashionmuseum.shop\\\/lv\\\/#website\",\"url\":\"https:\\\/\\\/fashionmuseum.shop\\\/lv\\\/\",\"name\":\"Fashion Museum Online Store\",\"description\":\"Fashion Museum Riga Online Store provides a wide selection of books about fashion and fashion history.\",\"publisher\":{\"@id\":\"https:\\\/\\\/fashionmuseum.shop\\\/lv\\\/#organization\"},\"potentialAction\":[{\"@type\":\"SearchAction\",\"target\":{\"@type\":\"EntryPoint\",\"urlTemplate\":\"https:\\\/\\\/fashionmuseum.shop\\\/lv\\\/?s={search_term_string}\"},\"query-input\":{\"@type\":\"PropertyValueSpecification\",\"valueRequired\":true,\"valueName\":\"search_term_string\"}}],\"inLanguage\":\"lv-LV\"},{\"@type\":\"Organization\",\"@id\":\"https:\\\/\\\/fashionmuseum.shop\\\/lv\\\/#organization\",\"name\":\"Modes muzejs\",\"url\":\"https:\\\/\\\/fashionmuseum.shop\\\/lv\\\/\",\"logo\":{\"@type\":\"ImageObject\",\"inLanguage\":\"lv-LV\",\"@id\":\"https:\\\/\\\/fashionmuseum.shop\\\/lv\\\/#\\\/schema\\\/logo\\\/image\\\/\",\"url\":\"https:\\\/\\\/i1.wp.com\\\/fashionmuseum.shop\\\/wp-content\\\/uploads\\\/2020\\\/04\\\/apple-touch-icon.png?fit=180%2C180&ssl=1\",\"contentUrl\":\"https:\\\/\\\/i1.wp.com\\\/fashionmuseum.shop\\\/wp-content\\\/uploads\\\/2020\\\/04\\\/apple-touch-icon.png?fit=180%2C180&ssl=1\",\"width\":180,\"height\":180,\"caption\":\"Modes muzejs\"},\"image\":{\"@id\":\"https:\\\/\\\/fashionmuseum.shop\\\/lv\\\/#\\\/schema\\\/logo\\\/image\\\/\"}}]}<\/script>\n<!-- \/ Yoast SEO plugin. -->","yoast_head_json":{"title":"Valentino: At the Emperor's Table - Fashion Museum Riga Online Store","robots":{"index":"index","follow":"follow","max-snippet":"max-snippet:-1","max-image-preview":"max-image-preview:large","max-video-preview":"max-video-preview:-1"},"canonical":"https:\/\/fashionmuseum.shop\/lv\/prece\/valentino-at-the-emperors-table\/","og_locale":"lv_LV","og_type":"article","og_title":"Valentino: At the Emperor's Table - Fashion Museum Riga Online Store","og_description":"Andr\u00e9 Leon Talley  K\u0101p\u0113c m\u0113s izv\u0113l\u0113j\u0101mies \u0161o gr\u0101matu:  Modes dizaina klasi\u0137is Valentino alla\u017e m\u012bl\u0113jis visu skaisto. \u0160aj\u0101 luksusa klases izdevniec\u012bbas \u201cAssouline\u201d gr\u0101mat\u0101 iem\u016b\u017ein\u0101ta vi\u0146a prasme rad\u012bt sv\u0113tkus. Katr\u0101 no da\u017e\u0101daj\u0101m rezidenc\u0113m \u2013 no \u0145ujorkas l\u012bdz G\u0161t\u0101dei, no Londonas l\u012bdz Valentino iecien\u012btajai chateau net\u0101lu no Par\u012bzes \u2013 ir cita noska\u0146a un interjers, cits galda kl\u0101jums un receptes. Satrieco\u0161i skaists izdevums, kur\u0101 atdz\u012bvojas kara\u013cnamu cien\u012bgu svin\u012bbu trad\u012bcija, v\u0113lme p\u0101rsteigt un saj\u016bsmin\u0101t viesus.","og_url":"https:\/\/fashionmuseum.shop\/lv\/prece\/valentino-at-the-emperors-table\/","og_site_name":"Fashion Museum Riga Online Store","article_modified_time":"2021-01-29T14:09:20+00:00","og_image":[{"width":2048,"height":2048,"url":"https:\/\/i1.wp.com\/fashionmuseum.shop\/wp-content\/uploads\/2021\/01\/3D-VALENTINO-AT-THE-EMPEROR_S-TABLE-A_V2_2048x-1.jpg?fit=2048%2C2048&ssl=1","type":"image\/jpeg"}],"twitter_card":"summary_large_image","twitter_misc":{"Est. reading time":"3 minutes"},"schema":{"@context":"https:\/\/schema.org","@graph":[{"@type":"WebPage","@id":"https:\/\/fashionmuseum.shop\/lv\/prece\/valentino-at-the-emperors-table\/","url":"https:\/\/fashionmuseum.shop\/lv\/prece\/valentino-at-the-emperors-table\/","name":"Valentino: At the Emperor's Table - Fashion Museum Riga Online Store","isPartOf":{"@id":"https:\/\/fashionmuseum.shop\/lv\/#website"},"primaryImageOfPage":{"@id":"https:\/\/fashionmuseum.shop\/lv\/prece\/valentino-at-the-emperors-table\/#primaryimage"},"image":{"@id":"https:\/\/fashionmuseum.shop\/lv\/prece\/valentino-at-the-emperors-table\/#primaryimage"},"thumbnailUrl":"https:\/\/i0.wp.com\/fashionmuseum.shop\/wp-content\/uploads\/2021\/01\/3D-VALENTINO-AT-THE-EMPEROR_S-TABLE-A_V2_2048x-1.jpg?fit=2048%2C2048&ssl=1","datePublished":"2021-01-21T11:29:40+00:00","dateModified":"2021-01-29T14:09:20+00:00","breadcrumb":{"@id":"https:\/\/fashionmuseum.shop\/lv\/prece\/valentino-at-the-emperors-table\/#breadcrumb"},"inLanguage":"lv-LV","potentialAction":[{"@type":"ReadAction","target":["https:\/\/fashionmuseum.shop\/lv\/prece\/valentino-at-the-emperors-table\/"]}]},{"@type":"ImageObject","inLanguage":"lv-LV","@id":"https:\/\/fashionmuseum.shop\/lv\/prece\/valentino-at-the-emperors-table\/#primaryimage","url":"https:\/\/i0.wp.com\/fashionmuseum.shop\/wp-content\/uploads\/2021\/01\/3D-VALENTINO-AT-THE-EMPEROR_S-TABLE-A_V2_2048x-1.jpg?fit=2048%2C2048&ssl=1","contentUrl":"https:\/\/i0.wp.com\/fashionmuseum.shop\/wp-content\/uploads\/2021\/01\/3D-VALENTINO-AT-THE-EMPEROR_S-TABLE-A_V2_2048x-1.jpg?fit=2048%2C2048&ssl=1","width":2048,"height":2048,"caption":"Valentino: At the Emperor's Table"},{"@type":"BreadcrumbList","@id":"https:\/\/fashionmuseum.shop\/lv\/prece\/valentino-at-the-emperors-table\/#breadcrumb","itemListElement":[{"@type":"ListItem","position":1,"name":"Home","item":"https:\/\/fashionmuseum.shop\/lv\/"},{"@type":"ListItem","position":2,"name":"Products","item":"https:\/\/fashionmuseum.shop\/lv\/shop\/"},{"@type":"ListItem","position":3,"name":"Valentino: At the Emperor&#8217;s Table"}]},{"@type":"WebSite","@id":"https:\/\/fashionmuseum.shop\/lv\/#website","url":"https:\/\/fashionmuseum.shop\/lv\/","name":"Fashion Museum Online Store","description":"Fashion Museum Riga Online Store provides a wide selection of books about fashion and fashion history.","publisher":{"@id":"https:\/\/fashionmuseum.shop\/lv\/#organization"},"potentialAction":[{"@type":"SearchAction","target":{"@type":"EntryPoint","urlTemplate":"https:\/\/fashionmuseum.shop\/lv\/?s={search_term_string}"},"query-input":{"@type":"PropertyValueSpecification","valueRequired":true,"valueName":"search_term_string"}}],"inLanguage":"lv-LV"},{"@type":"Organization","@id":"https:\/\/fashionmuseum.shop\/lv\/#organization","name":"Modes muzejs","url":"https:\/\/fashionmuseum.shop\/lv\/","logo":{"@type":"ImageObject","inLanguage":"lv-LV","@id":"https:\/\/fashionmuseum.shop\/lv\/#\/schema\/logo\/image\/","url":"https:\/\/i1.wp.com\/fashionmuseum.shop\/wp-content\/uploads\/2020\/04\/apple-touch-icon.png?fit=180%2C180&ssl=1","contentUrl":"https:\/\/i1.wp.com\/fashionmuseum.shop\/wp-content\/uploads\/2020\/04\/apple-touch-icon.png?fit=180%2C180&ssl=1","width":180,"height":180,"caption":"Modes muzejs"},"image":{"@id":"https:\/\/fashionmuseum.shop\/lv\/#\/schema\/logo\/image\/"}}]}},"jetpack_publicize_connections":[],"jetpack_likes_enabled":false,"jetpack_sharing_enabled":true,"amp_enabled":true,"_links":{"self":[{"href":"https:\/\/fashionmuseum.shop\/lv\/wp-json\/wp\/v2\/product\/5350","targetHints":{"allow":["GET"]}}],"collection":[{"href":"https:\/\/fashionmuseum.shop\/lv\/wp-json\/wp\/v2\/product"}],"about":[{"href":"https:\/\/fashionmuseum.shop\/lv\/wp-json\/wp\/v2\/types\/product"}],"wp:featuredmedia":[{"embeddable":true,"href":"https:\/\/fashionmuseum.shop\/lv\/wp-json\/wp\/v2\/media\/4948"}],"wp:attachment":[{"href":"https:\/\/fashionmuseum.shop\/lv\/wp-json\/wp\/v2\/media?parent=5350"}],"wp:term":[{"taxonomy":"product_brand","embeddable":true,"href":"https:\/\/fashionmuseum.shop\/lv\/wp-json\/wp\/v2\/product_brand?post=5350"},{"taxonomy":"product_cat","embeddable":true,"href":"https:\/\/fashionmuseum.shop\/lv\/wp-json\/wp\/v2\/product_cat?post=5350"},{"taxonomy":"product_tag","embeddable":true,"href":"https:\/\/fashionmuseum.shop\/lv\/wp-json\/wp\/v2\/product_tag?post=5350"}],"curies":[{"name":"wp","href":"https:\/\/api.w.org\/{rel}","templated":true}]}}