{"id":5351,"date":"2021-01-21T13:29:40","date_gmt":"2021-01-21T11:29:40","guid":{"rendered":"https:\/\/fashionmuseum.shop\/product\/pierre-cardin\/"},"modified":"2021-01-29T16:10:53","modified_gmt":"2021-01-29T14:10:53","slug":"pierre-cardin","status":"publish","type":"product","link":"https:\/\/fashionmuseum.shop\/lv\/prece\/pierre-cardin\/","title":{"rendered":"Pierre Cardin"},"content":{"rendered":"<p><strong>K\u0101p\u0113c m\u0113s izv\u0113l\u0113j\u0101mies \u0161o gr\u0101matu:<\/strong><\/p>\n<p>Legendary French fashion designer Pierre Cardin celebrates 70 years of creation. A global citizen, he\u00a0remains a vital personality today, with an essential brand established in 110 countries around the world.\u00a0This visionary couturier\u2019s unique and futuristic creations, from the Bubble dress to the Cosmocorps line,\u00a0testify to his fierce appetite for experimentation. The first couturier ever to transform his name into a\u00a0global brand, Pierre Cardin\u2019s varied and ambitious creative universe spills over to many other areas, from\u00a0accessories, jewelry, and fragrance to home decor, fine restaurants, and an annual arts festival.<\/p>\n<p>Filled with fascinating images from the 1950s to today, this comprehensive anthology is the first to\u00a0showcase the complete vision of Pierre Cardin from fashion to interior design, at a time when his\u00a0creations are experiencing a resurgence. More than simply an album of compelling images, this\u00a0impressive volume encapsulates Cardin\u2019s entire oeuvre and portrays his daily life as a still-constant quest\u00a0for new creative expression.<\/p>\n<p>\u0160\u012bs gr\u0101matas izdev\u0113js ir <a href=\"https:\/\/fashionmuseum.shop\/publisher\/assouline\/\"><strong>Assouline<\/strong><\/a>, ISBN 9781614285557<\/p>\n","protected":false},"excerpt":{"rendered":"<p><a href=\"https:\/\/fashionmuseum.shop\/lv\/book-author\/jean-pascal-hesse-lv\/\" rel=\"tag\">Jean-Pascal Hesse<\/a><\/p>\n<p><em><strong>Why we have selected this book:<\/strong><\/em><\/p>\n<p>Luksusa klases izdevniec\u012bbas \u201cAssouline\u201d velt\u012bjums 20. gadsimta modes le\u0123endai \u2013 Pj\u0113ram Kard\u0113nam. Modes dizainers, kur\u0161 alla\u017e eksperiment\u0113ja un raudz\u012bj\u0101s n\u0101kotn\u0113, pamat\u012bgi satricin\u0101ja modes pasauli gan ar saviem skulptur\u0101lajiem t\u0113rpiem un inovat\u012bvajiem materi\u0101liem, gan ar sp\u0113ju p\u0101rv\u0113rst savu v\u0101rdu glob\u0101l\u0101 z\u012bmol\u0101 un iekarot visu pasauli. Izdevum\u0101 iek\u013cauti gan izcil\u0101kie Kard\u0113na t\u0113rpu mode\u013ci s\u0101kot no 20. gs. 50. gadiem, gan vi\u0146a veikums cit\u0101s jom\u0101s, piem\u0113ram, m\u0113be\u013cu dizain\u0101.<\/p>\n","protected":false},"featured_media":5315,"template":"","meta":{"_coblocks_attr":"","_coblocks_dimensions":"","_coblocks_responsive_height":"","_coblocks_accordion_ie_support":"","_crdt_document":"","jetpack_publicize_message":"","jetpack_publicize_feature_enabled":true,"jetpack_social_post_already_shared":true,"jetpack_social_options":{"image_generator_settings":{"template":"highway","default_image_id":0,"font":"","enabled":false},"version":2},"_wpas_customize_per_network":false},"product_brand":[],"product_cat":[1611,1604,1603,1605,2418],"product_tag":[],"class_list":{"0":"post-5351","1":"product","2":"type-product","3":"status-publish","4":"has-post-thumbnail","6":"product_cat-gramatas-anglu-valoda","7":"product_cat-gramatas-par-haute-couture","8":"product_cat-gramatas-par-modes-dizaineriem","9":"product_cat-gramatas-par-modes-vesturi","10":"product_cat-gramatas","11":"pa_book-author-jean-pascal-hesse-lv","12":"pa_language-anglu","13":"pa_publisher-assouline-lv","15":"first","16":"outofstock","17":"shipping-taxable","18":"purchasable","19":"product-type-simple"},"yoast_head":"<!-- This site is optimized with the Yoast SEO plugin v27.5 - https:\/\/yoast.com\/product\/yoast-seo-wordpress\/ -->\n<title>Pierre Cardin - Fashion Museum Riga Online Store<\/title>\n<meta name=\"robots\" content=\"index, follow, max-snippet:-1, max-image-preview:large, max-video-preview:-1\" \/>\n<link rel=\"canonical\" href=\"https:\/\/fashionmuseum.shop\/lv\/prece\/pierre-cardin\/\" \/>\n<meta property=\"og:locale\" content=\"lv_LV\" \/>\n<meta property=\"og:type\" content=\"article\" \/>\n<meta property=\"og:title\" content=\"Pierre Cardin - Fashion Museum Riga Online Store\" \/>\n<meta property=\"og:description\" content=\"Jean-Pascal Hesse  Why we have selected this book:  Luksusa klases izdevniec\u012bbas \u201cAssouline\u201d velt\u012bjums 20. gadsimta modes le\u0123endai \u2013 Pj\u0113ram Kard\u0113nam. Modes dizainers, kur\u0161 alla\u017e eksperiment\u0113ja un raudz\u012bj\u0101s n\u0101kotn\u0113, pamat\u012bgi satricin\u0101ja modes pasauli gan ar saviem skulptur\u0101lajiem t\u0113rpiem un inovat\u012bvajiem materi\u0101liem, gan ar sp\u0113ju p\u0101rv\u0113rst savu v\u0101rdu glob\u0101l\u0101 z\u012bmol\u0101 un iekarot visu pasauli. Izdevum\u0101 iek\u013cauti gan izcil\u0101kie Kard\u0113na t\u0113rpu mode\u013ci s\u0101kot no 20. gs. 50. gadiem, gan vi\u0146a veikums cit\u0101s jom\u0101s, piem\u0113ram, m\u0113be\u013cu dizain\u0101.\" \/>\n<meta property=\"og:url\" content=\"https:\/\/fashionmuseum.shop\/lv\/prece\/pierre-cardin\/\" \/>\n<meta property=\"og:site_name\" content=\"Fashion Museum Riga Online Store\" \/>\n<meta property=\"article:modified_time\" content=\"2021-01-29T14:10:53+00:00\" \/>\n<meta property=\"og:image\" content=\"https:\/\/i0.wp.com\/fashionmuseum.shop\/wp-content\/uploads\/2021\/01\/Screenshot_3-6.jpg?fit=443%2C443&ssl=1\" \/>\n\t<meta property=\"og:image:width\" content=\"443\" \/>\n\t<meta property=\"og:image:height\" content=\"443\" \/>\n\t<meta property=\"og:image:type\" content=\"image\/jpeg\" \/>\n<meta name=\"twitter:card\" content=\"summary_large_image\" \/>\n<meta name=\"twitter:label1\" content=\"Est. reading time\" \/>\n\t<meta name=\"twitter:data1\" content=\"1 minute\" \/>\n<script type=\"application\/ld+json\" class=\"yoast-schema-graph\">{\"@context\":\"https:\\\/\\\/schema.org\",\"@graph\":[{\"@type\":\"WebPage\",\"@id\":\"https:\\\/\\\/fashionmuseum.shop\\\/lv\\\/prece\\\/pierre-cardin\\\/\",\"url\":\"https:\\\/\\\/fashionmuseum.shop\\\/lv\\\/prece\\\/pierre-cardin\\\/\",\"name\":\"Pierre Cardin - Fashion Museum Riga Online Store\",\"isPartOf\":{\"@id\":\"https:\\\/\\\/fashionmuseum.shop\\\/lv\\\/#website\"},\"primaryImageOfPage\":{\"@id\":\"https:\\\/\\\/fashionmuseum.shop\\\/lv\\\/prece\\\/pierre-cardin\\\/#primaryimage\"},\"image\":{\"@id\":\"https:\\\/\\\/fashionmuseum.shop\\\/lv\\\/prece\\\/pierre-cardin\\\/#primaryimage\"},\"thumbnailUrl\":\"https:\\\/\\\/i0.wp.com\\\/fashionmuseum.shop\\\/wp-content\\\/uploads\\\/2021\\\/01\\\/Screenshot_3-6.jpg?fit=443%2C443&ssl=1\",\"datePublished\":\"2021-01-21T11:29:40+00:00\",\"dateModified\":\"2021-01-29T14:10:53+00:00\",\"breadcrumb\":{\"@id\":\"https:\\\/\\\/fashionmuseum.shop\\\/lv\\\/prece\\\/pierre-cardin\\\/#breadcrumb\"},\"inLanguage\":\"lv-LV\",\"potentialAction\":[{\"@type\":\"ReadAction\",\"target\":[\"https:\\\/\\\/fashionmuseum.shop\\\/lv\\\/prece\\\/pierre-cardin\\\/\"]}]},{\"@type\":\"ImageObject\",\"inLanguage\":\"lv-LV\",\"@id\":\"https:\\\/\\\/fashionmuseum.shop\\\/lv\\\/prece\\\/pierre-cardin\\\/#primaryimage\",\"url\":\"https:\\\/\\\/i0.wp.com\\\/fashionmuseum.shop\\\/wp-content\\\/uploads\\\/2021\\\/01\\\/Screenshot_3-6.jpg?fit=443%2C443&ssl=1\",\"contentUrl\":\"https:\\\/\\\/i0.wp.com\\\/fashionmuseum.shop\\\/wp-content\\\/uploads\\\/2021\\\/01\\\/Screenshot_3-6.jpg?fit=443%2C443&ssl=1\",\"width\":443,\"height\":443,\"caption\":\"Book cover Pierre Cardin\"},{\"@type\":\"BreadcrumbList\",\"@id\":\"https:\\\/\\\/fashionmuseum.shop\\\/lv\\\/prece\\\/pierre-cardin\\\/#breadcrumb\",\"itemListElement\":[{\"@type\":\"ListItem\",\"position\":1,\"name\":\"Home\",\"item\":\"https:\\\/\\\/fashionmuseum.shop\\\/lv\\\/\"},{\"@type\":\"ListItem\",\"position\":2,\"name\":\"Products\",\"item\":\"https:\\\/\\\/fashionmuseum.shop\\\/lv\\\/shop\\\/\"},{\"@type\":\"ListItem\",\"position\":3,\"name\":\"Pierre Cardin\"}]},{\"@type\":\"WebSite\",\"@id\":\"https:\\\/\\\/fashionmuseum.shop\\\/lv\\\/#website\",\"url\":\"https:\\\/\\\/fashionmuseum.shop\\\/lv\\\/\",\"name\":\"Fashion Museum Online Store\",\"description\":\"Fashion Museum Riga Online Store provides a wide selection of books about fashion and fashion history.\",\"publisher\":{\"@id\":\"https:\\\/\\\/fashionmuseum.shop\\\/lv\\\/#organization\"},\"potentialAction\":[{\"@type\":\"SearchAction\",\"target\":{\"@type\":\"EntryPoint\",\"urlTemplate\":\"https:\\\/\\\/fashionmuseum.shop\\\/lv\\\/?s={search_term_string}\"},\"query-input\":{\"@type\":\"PropertyValueSpecification\",\"valueRequired\":true,\"valueName\":\"search_term_string\"}}],\"inLanguage\":\"lv-LV\"},{\"@type\":\"Organization\",\"@id\":\"https:\\\/\\\/fashionmuseum.shop\\\/lv\\\/#organization\",\"name\":\"Modes muzejs\",\"url\":\"https:\\\/\\\/fashionmuseum.shop\\\/lv\\\/\",\"logo\":{\"@type\":\"ImageObject\",\"inLanguage\":\"lv-LV\",\"@id\":\"https:\\\/\\\/fashionmuseum.shop\\\/lv\\\/#\\\/schema\\\/logo\\\/image\\\/\",\"url\":\"https:\\\/\\\/i1.wp.com\\\/fashionmuseum.shop\\\/wp-content\\\/uploads\\\/2020\\\/04\\\/apple-touch-icon.png?fit=180%2C180&ssl=1\",\"contentUrl\":\"https:\\\/\\\/i1.wp.com\\\/fashionmuseum.shop\\\/wp-content\\\/uploads\\\/2020\\\/04\\\/apple-touch-icon.png?fit=180%2C180&ssl=1\",\"width\":180,\"height\":180,\"caption\":\"Modes muzejs\"},\"image\":{\"@id\":\"https:\\\/\\\/fashionmuseum.shop\\\/lv\\\/#\\\/schema\\\/logo\\\/image\\\/\"}}]}<\/script>\n<!-- \/ Yoast SEO plugin. -->","yoast_head_json":{"title":"Pierre Cardin - Fashion Museum Riga Online Store","robots":{"index":"index","follow":"follow","max-snippet":"max-snippet:-1","max-image-preview":"max-image-preview:large","max-video-preview":"max-video-preview:-1"},"canonical":"https:\/\/fashionmuseum.shop\/lv\/prece\/pierre-cardin\/","og_locale":"lv_LV","og_type":"article","og_title":"Pierre Cardin - Fashion Museum Riga Online Store","og_description":"Jean-Pascal Hesse  Why we have selected this book:  Luksusa klases izdevniec\u012bbas \u201cAssouline\u201d velt\u012bjums 20. gadsimta modes le\u0123endai \u2013 Pj\u0113ram Kard\u0113nam. Modes dizainers, kur\u0161 alla\u017e eksperiment\u0113ja un raudz\u012bj\u0101s n\u0101kotn\u0113, pamat\u012bgi satricin\u0101ja modes pasauli gan ar saviem skulptur\u0101lajiem t\u0113rpiem un inovat\u012bvajiem materi\u0101liem, gan ar sp\u0113ju p\u0101rv\u0113rst savu v\u0101rdu glob\u0101l\u0101 z\u012bmol\u0101 un iekarot visu pasauli. Izdevum\u0101 iek\u013cauti gan izcil\u0101kie Kard\u0113na t\u0113rpu mode\u013ci s\u0101kot no 20. gs. 50. gadiem, gan vi\u0146a veikums cit\u0101s jom\u0101s, piem\u0113ram, m\u0113be\u013cu dizain\u0101.","og_url":"https:\/\/fashionmuseum.shop\/lv\/prece\/pierre-cardin\/","og_site_name":"Fashion Museum Riga Online Store","article_modified_time":"2021-01-29T14:10:53+00:00","og_image":[{"width":443,"height":443,"url":"https:\/\/i0.wp.com\/fashionmuseum.shop\/wp-content\/uploads\/2021\/01\/Screenshot_3-6.jpg?fit=443%2C443&ssl=1","type":"image\/jpeg"}],"twitter_card":"summary_large_image","twitter_misc":{"Est. reading time":"1 minute"},"schema":{"@context":"https:\/\/schema.org","@graph":[{"@type":"WebPage","@id":"https:\/\/fashionmuseum.shop\/lv\/prece\/pierre-cardin\/","url":"https:\/\/fashionmuseum.shop\/lv\/prece\/pierre-cardin\/","name":"Pierre Cardin - Fashion Museum Riga Online Store","isPartOf":{"@id":"https:\/\/fashionmuseum.shop\/lv\/#website"},"primaryImageOfPage":{"@id":"https:\/\/fashionmuseum.shop\/lv\/prece\/pierre-cardin\/#primaryimage"},"image":{"@id":"https:\/\/fashionmuseum.shop\/lv\/prece\/pierre-cardin\/#primaryimage"},"thumbnailUrl":"https:\/\/i0.wp.com\/fashionmuseum.shop\/wp-content\/uploads\/2021\/01\/Screenshot_3-6.jpg?fit=443%2C443&ssl=1","datePublished":"2021-01-21T11:29:40+00:00","dateModified":"2021-01-29T14:10:53+00:00","breadcrumb":{"@id":"https:\/\/fashionmuseum.shop\/lv\/prece\/pierre-cardin\/#breadcrumb"},"inLanguage":"lv-LV","potentialAction":[{"@type":"ReadAction","target":["https:\/\/fashionmuseum.shop\/lv\/prece\/pierre-cardin\/"]}]},{"@type":"ImageObject","inLanguage":"lv-LV","@id":"https:\/\/fashionmuseum.shop\/lv\/prece\/pierre-cardin\/#primaryimage","url":"https:\/\/i0.wp.com\/fashionmuseum.shop\/wp-content\/uploads\/2021\/01\/Screenshot_3-6.jpg?fit=443%2C443&ssl=1","contentUrl":"https:\/\/i0.wp.com\/fashionmuseum.shop\/wp-content\/uploads\/2021\/01\/Screenshot_3-6.jpg?fit=443%2C443&ssl=1","width":443,"height":443,"caption":"Book cover Pierre Cardin"},{"@type":"BreadcrumbList","@id":"https:\/\/fashionmuseum.shop\/lv\/prece\/pierre-cardin\/#breadcrumb","itemListElement":[{"@type":"ListItem","position":1,"name":"Home","item":"https:\/\/fashionmuseum.shop\/lv\/"},{"@type":"ListItem","position":2,"name":"Products","item":"https:\/\/fashionmuseum.shop\/lv\/shop\/"},{"@type":"ListItem","position":3,"name":"Pierre Cardin"}]},{"@type":"WebSite","@id":"https:\/\/fashionmuseum.shop\/lv\/#website","url":"https:\/\/fashionmuseum.shop\/lv\/","name":"Fashion Museum Online Store","description":"Fashion Museum Riga Online Store provides a wide selection of books about fashion and fashion history.","publisher":{"@id":"https:\/\/fashionmuseum.shop\/lv\/#organization"},"potentialAction":[{"@type":"SearchAction","target":{"@type":"EntryPoint","urlTemplate":"https:\/\/fashionmuseum.shop\/lv\/?s={search_term_string}"},"query-input":{"@type":"PropertyValueSpecification","valueRequired":true,"valueName":"search_term_string"}}],"inLanguage":"lv-LV"},{"@type":"Organization","@id":"https:\/\/fashionmuseum.shop\/lv\/#organization","name":"Modes muzejs","url":"https:\/\/fashionmuseum.shop\/lv\/","logo":{"@type":"ImageObject","inLanguage":"lv-LV","@id":"https:\/\/fashionmuseum.shop\/lv\/#\/schema\/logo\/image\/","url":"https:\/\/i1.wp.com\/fashionmuseum.shop\/wp-content\/uploads\/2020\/04\/apple-touch-icon.png?fit=180%2C180&ssl=1","contentUrl":"https:\/\/i1.wp.com\/fashionmuseum.shop\/wp-content\/uploads\/2020\/04\/apple-touch-icon.png?fit=180%2C180&ssl=1","width":180,"height":180,"caption":"Modes muzejs"},"image":{"@id":"https:\/\/fashionmuseum.shop\/lv\/#\/schema\/logo\/image\/"}}]}},"jetpack_publicize_connections":[],"jetpack_likes_enabled":false,"jetpack_sharing_enabled":true,"amp_enabled":true,"_links":{"self":[{"href":"https:\/\/fashionmuseum.shop\/lv\/wp-json\/wp\/v2\/product\/5351","targetHints":{"allow":["GET"]}}],"collection":[{"href":"https:\/\/fashionmuseum.shop\/lv\/wp-json\/wp\/v2\/product"}],"about":[{"href":"https:\/\/fashionmuseum.shop\/lv\/wp-json\/wp\/v2\/types\/product"}],"wp:featuredmedia":[{"embeddable":true,"href":"https:\/\/fashionmuseum.shop\/lv\/wp-json\/wp\/v2\/media\/5315"}],"wp:attachment":[{"href":"https:\/\/fashionmuseum.shop\/lv\/wp-json\/wp\/v2\/media?parent=5351"}],"wp:term":[{"taxonomy":"product_brand","embeddable":true,"href":"https:\/\/fashionmuseum.shop\/lv\/wp-json\/wp\/v2\/product_brand?post=5351"},{"taxonomy":"product_cat","embeddable":true,"href":"https:\/\/fashionmuseum.shop\/lv\/wp-json\/wp\/v2\/product_cat?post=5351"},{"taxonomy":"product_tag","embeddable":true,"href":"https:\/\/fashionmuseum.shop\/lv\/wp-json\/wp\/v2\/product_tag?post=5351"}],"curies":[{"name":"wp","href":"https:\/\/api.w.org\/{rel}","templated":true}]}}