{"id":5353,"date":"2021-01-21T13:29:40","date_gmt":"2021-01-21T11:29:40","guid":{"rendered":"https:\/\/fashionmuseum.shop\/product\/chanel-set-of-3-2020-fashion-jewelry-watches-perfume-beauty\/"},"modified":"2021-01-21T13:29:40","modified_gmt":"2021-01-21T11:29:40","slug":"chanel-set-of-3-2020-fashion-jewelry-watches-perfume-beauty","status":"publish","type":"product","link":"https:\/\/fashionmuseum.shop\/lv\/prece\/chanel-set-of-3-2020-fashion-jewelry-watches-perfume-beauty\/","title":{"rendered":"Chanel Set of 3 (2020): Fashion, Jewelry &#038; Watches, Perfume &#038; Beauty"},"content":{"rendered":"<p><strong>Izdev\u0113ja gr\u0101matas anot\u0101cija:<\/strong><\/p>\n<p>Assouline and Chanel present a newly updated trilogy celebrating the timeless spirit, signatures, and heritage of the house of Chanel, this slipcase set includes three M\u00e9moire volumes:\u00a0<em>Chanel Fashion, Chanel Jewelry And Watches,\u00a0<\/em>and<em>\u00a0Chanel Fragrance And Beauty<\/em>.<\/p>\n<p><strong><em>Chanel Fashion<\/em> by Anne Berest:\u00a0<\/strong>A visionary self-inventor, Gabrielle \u201cCoco\u201d Chanel shaped her own destiny to become the most influential fashion designer of the 20th century. Rejecting the restrictive styles of the time, she introduced a new silhouette both sophisticated and natural. This spirit of modern luxury and Parisian savoir faire, elaborated over the decades thanks to the myriad innovations of Karl Lagerfeld, continues today with Virginie Viard, the new artistic director.<\/p>\n<p><strong><em>Chanel Jewelry And Watches<\/em> by Fabienne Reybaud: <\/strong>Eternally inspired and visionary, just like Mademoiselle Chanel\u2019s one and only \u201cBijoux de Diamants\u201d High Jewelry collection, the Chanel Jewelry Creation Studio expresses the unique spirit that characterizes Chanel\u2019s High Jewelry, from 1932 to today. Similarly, the Chanel Watchmaking Creation Studio, in more than thirty years only into the watchmaking adventure, it will have touched on every m\u00e9tier contributing to the art of Haute Horlogerie. Watches conceived as objects of pleasure, without any concession to the technical and artisanal expertise required to create precious objects. Watches ready to withstand the test of time.<\/p>\n<p><strong><em>Chanel Fragrance And Beauty<\/em> by Marion Vignal: <\/strong>With the creation of her revolutionary N\u00b05 in 1921, then the launch of her first makeup line in 1924, and soon-after the release of her skincare products in 1927 &#8211; Gabrielle Chanel has always been ahead of her time. Faithful to this unique heritage, Chanel\u2019s fragrances, skincare and makeup lines have always exemplified excellence in creativity, research and technique. Simple and effective, while always remaining elegant, these beauty products are true expressions of the holistic vision of the house of Chanel.<\/p>\n<p>\u0160\u012bs gr\u0101matas izdev\u0113js ir <a href=\"https:\/\/fashionmuseum.shop\/publisher\/assouline\/\"><strong>Assouline<\/strong><\/a>, ISBN 9781614289739<\/p>\n","protected":false},"excerpt":{"rendered":"<p><a href=\"https:\/\/fashionmuseum.shop\/lv\/book-author\/anne-berest-lv\/\" rel=\"tag\">Anne Berest<\/a>,\u00a0<a href=\"https:\/\/fashionmuseum.shop\/lv\/book-author\/fabienne-reybaud-lv\/\" rel=\"tag\">Fabienne Reybaud<\/a>,\u00a0<a href=\"https:\/\/fashionmuseum.shop\/lv\/book-author\/marion-vignal-lv\/\" rel=\"tag\">Marion Vignal<\/a><\/p>\n<p><em><strong>K\u0101p\u0113c m\u0113s\u00a0izv\u0113l\u0113j\u0101mies\u00a0\u0161o gr\u0101matu:<\/strong><\/em><\/p>\n<p>Izcils pied\u0101v\u0101jums: tr\u012bs gr\u0101matas vien\u0101 kast\u012bt\u0113, turkl\u0101t par le\u0123end\u0101ro Koko \u0160aneles izveidoto modes namu \u201cChanel\u201d, turkl\u0101t v\u0113l izdotas Premium klases gr\u0101matu izdevniec\u012bb\u0101 \u201cAssouline\u201d! Gr\u0101matu tr\u012bsvien\u012bba velt\u012bta \u201cChanel\u201d modes dizainam, rotasliet\u0101m un smar\u017e\u0101m. Must have! (Un fantastiska d\u0101vana dizaina klasikas cien\u012bt\u0101jiem.)<\/p>\n","protected":false},"featured_media":5249,"template":"","meta":{"_coblocks_attr":"","_coblocks_dimensions":"","_coblocks_responsive_height":"","_coblocks_accordion_ie_support":"","_crdt_document":"","jetpack_publicize_message":"","jetpack_publicize_feature_enabled":true,"jetpack_social_post_already_shared":true,"jetpack_social_options":{"image_generator_settings":{"template":"highway","default_image_id":0,"font":"","enabled":false},"version":2},"_wpas_customize_per_network":false},"product_brand":[],"product_cat":[1613,1603,1605,2418,2900],"product_tag":[],"class_list":{"0":"post-5353","1":"product","2":"type-product","3":"status-publish","4":"has-post-thumbnail","6":"product_cat-gramatas-krievu-valoda","7":"product_cat-gramatas-par-modes-dizaineriem","8":"product_cat-gramatas-par-modes-vesturi","9":"product_cat-gramatas","10":"product_cat-gramatas-par-parfimiem","11":"pa_book-author-anne-berest-lv","12":"pa_book-author-fabienne-reybaud-lv","13":"pa_book-author-marion-vignal-lv","14":"pa_language-anglu","15":"pa_publisher-assouline-lv","17":"first","18":"instock","19":"featured","20":"shipping-taxable","21":"purchasable","22":"product-type-simple"},"yoast_head":"<!-- This site is optimized with the Yoast SEO plugin v27.4 - https:\/\/yoast.com\/product\/yoast-seo-wordpress\/ -->\n<title>Chanel Set of 3 (2020): Fashion, Jewelry &amp; Watches, Perfume &amp; Beauty - Fashion Museum Riga Online Store<\/title>\n<meta name=\"robots\" content=\"index, follow, max-snippet:-1, max-image-preview:large, max-video-preview:-1\" \/>\n<link rel=\"canonical\" href=\"https:\/\/fashionmuseum.shop\/lv\/prece\/chanel-set-of-3-2020-fashion-jewelry-watches-perfume-beauty\/\" \/>\n<meta property=\"og:locale\" content=\"lv_LV\" \/>\n<meta property=\"og:type\" content=\"article\" \/>\n<meta property=\"og:title\" content=\"Chanel Set of 3 (2020): Fashion, Jewelry &amp; Watches, Perfume &amp; Beauty - Fashion Museum Riga Online Store\" \/>\n<meta property=\"og:description\" content=\"Anne Berest,\u00a0Fabienne Reybaud,\u00a0Marion Vignal  K\u0101p\u0113c m\u0113s\u00a0izv\u0113l\u0113j\u0101mies\u00a0\u0161o gr\u0101matu:  Izcils pied\u0101v\u0101jums: tr\u012bs gr\u0101matas vien\u0101 kast\u012bt\u0113, turkl\u0101t par le\u0123end\u0101ro Koko \u0160aneles izveidoto modes namu \u201cChanel\u201d, turkl\u0101t v\u0113l izdotas Premium klases gr\u0101matu izdevniec\u012bb\u0101 \u201cAssouline\u201d! Gr\u0101matu tr\u012bsvien\u012bba velt\u012bta \u201cChanel\u201d modes dizainam, rotasliet\u0101m un smar\u017e\u0101m. Must have! (Un fantastiska d\u0101vana dizaina klasikas cien\u012bt\u0101jiem.)\" \/>\n<meta property=\"og:url\" content=\"https:\/\/fashionmuseum.shop\/lv\/prece\/chanel-set-of-3-2020-fashion-jewelry-watches-perfume-beauty\/\" \/>\n<meta property=\"og:site_name\" content=\"Fashion Museum Riga Online Store\" \/>\n<meta property=\"og:image\" content=\"https:\/\/i0.wp.com\/fashionmuseum.shop\/wp-content\/uploads\/2021\/01\/Screenshot_3-5.jpg?fit=443%2C443&ssl=1\" \/>\n\t<meta property=\"og:image:width\" content=\"443\" \/>\n\t<meta property=\"og:image:height\" content=\"443\" \/>\n\t<meta property=\"og:image:type\" content=\"image\/jpeg\" \/>\n<meta name=\"twitter:card\" content=\"summary_large_image\" \/>\n<meta name=\"twitter:label1\" content=\"Est. reading time\" \/>\n\t<meta name=\"twitter:data1\" content=\"2 minutes\" \/>\n<script type=\"application\/ld+json\" class=\"yoast-schema-graph\">{\"@context\":\"https:\\\/\\\/schema.org\",\"@graph\":[{\"@type\":\"WebPage\",\"@id\":\"https:\\\/\\\/fashionmuseum.shop\\\/lv\\\/prece\\\/chanel-set-of-3-2020-fashion-jewelry-watches-perfume-beauty\\\/\",\"url\":\"https:\\\/\\\/fashionmuseum.shop\\\/lv\\\/prece\\\/chanel-set-of-3-2020-fashion-jewelry-watches-perfume-beauty\\\/\",\"name\":\"Chanel Set of 3 (2020): Fashion, Jewelry & Watches, Perfume & Beauty - Fashion Museum Riga Online Store\",\"isPartOf\":{\"@id\":\"https:\\\/\\\/fashionmuseum.shop\\\/lv\\\/#website\"},\"primaryImageOfPage\":{\"@id\":\"https:\\\/\\\/fashionmuseum.shop\\\/lv\\\/prece\\\/chanel-set-of-3-2020-fashion-jewelry-watches-perfume-beauty\\\/#primaryimage\"},\"image\":{\"@id\":\"https:\\\/\\\/fashionmuseum.shop\\\/lv\\\/prece\\\/chanel-set-of-3-2020-fashion-jewelry-watches-perfume-beauty\\\/#primaryimage\"},\"thumbnailUrl\":\"https:\\\/\\\/i0.wp.com\\\/fashionmuseum.shop\\\/wp-content\\\/uploads\\\/2021\\\/01\\\/Screenshot_3-5.jpg?fit=443%2C443&ssl=1\",\"datePublished\":\"2021-01-21T11:29:40+00:00\",\"breadcrumb\":{\"@id\":\"https:\\\/\\\/fashionmuseum.shop\\\/lv\\\/prece\\\/chanel-set-of-3-2020-fashion-jewelry-watches-perfume-beauty\\\/#breadcrumb\"},\"inLanguage\":\"lv-LV\",\"potentialAction\":[{\"@type\":\"ReadAction\",\"target\":[\"https:\\\/\\\/fashionmuseum.shop\\\/lv\\\/prece\\\/chanel-set-of-3-2020-fashion-jewelry-watches-perfume-beauty\\\/\"]}]},{\"@type\":\"ImageObject\",\"inLanguage\":\"lv-LV\",\"@id\":\"https:\\\/\\\/fashionmuseum.shop\\\/lv\\\/prece\\\/chanel-set-of-3-2020-fashion-jewelry-watches-perfume-beauty\\\/#primaryimage\",\"url\":\"https:\\\/\\\/i0.wp.com\\\/fashionmuseum.shop\\\/wp-content\\\/uploads\\\/2021\\\/01\\\/Screenshot_3-5.jpg?fit=443%2C443&ssl=1\",\"contentUrl\":\"https:\\\/\\\/i0.wp.com\\\/fashionmuseum.shop\\\/wp-content\\\/uploads\\\/2021\\\/01\\\/Screenshot_3-5.jpg?fit=443%2C443&ssl=1\",\"width\":443,\"height\":443,\"caption\":\"Book cover Chanel 3-Book Slipcase (New Edition)\"},{\"@type\":\"BreadcrumbList\",\"@id\":\"https:\\\/\\\/fashionmuseum.shop\\\/lv\\\/prece\\\/chanel-set-of-3-2020-fashion-jewelry-watches-perfume-beauty\\\/#breadcrumb\",\"itemListElement\":[{\"@type\":\"ListItem\",\"position\":1,\"name\":\"Home\",\"item\":\"https:\\\/\\\/fashionmuseum.shop\\\/lv\\\/\"},{\"@type\":\"ListItem\",\"position\":2,\"name\":\"Products\",\"item\":\"https:\\\/\\\/fashionmuseum.shop\\\/lv\\\/shop\\\/\"},{\"@type\":\"ListItem\",\"position\":3,\"name\":\"Chanel Set of 3 (2020): Fashion, Jewelry &#038; Watches, Perfume &#038; Beauty\"}]},{\"@type\":\"WebSite\",\"@id\":\"https:\\\/\\\/fashionmuseum.shop\\\/lv\\\/#website\",\"url\":\"https:\\\/\\\/fashionmuseum.shop\\\/lv\\\/\",\"name\":\"Fashion Museum Online Store\",\"description\":\"Fashion Museum Riga Online Store provides a wide selection of books about fashion and fashion history.\",\"publisher\":{\"@id\":\"https:\\\/\\\/fashionmuseum.shop\\\/lv\\\/#organization\"},\"potentialAction\":[{\"@type\":\"SearchAction\",\"target\":{\"@type\":\"EntryPoint\",\"urlTemplate\":\"https:\\\/\\\/fashionmuseum.shop\\\/lv\\\/?s={search_term_string}\"},\"query-input\":{\"@type\":\"PropertyValueSpecification\",\"valueRequired\":true,\"valueName\":\"search_term_string\"}}],\"inLanguage\":\"lv-LV\"},{\"@type\":\"Organization\",\"@id\":\"https:\\\/\\\/fashionmuseum.shop\\\/lv\\\/#organization\",\"name\":\"Modes muzejs\",\"url\":\"https:\\\/\\\/fashionmuseum.shop\\\/lv\\\/\",\"logo\":{\"@type\":\"ImageObject\",\"inLanguage\":\"lv-LV\",\"@id\":\"https:\\\/\\\/fashionmuseum.shop\\\/lv\\\/#\\\/schema\\\/logo\\\/image\\\/\",\"url\":\"https:\\\/\\\/i1.wp.com\\\/fashionmuseum.shop\\\/wp-content\\\/uploads\\\/2020\\\/04\\\/apple-touch-icon.png?fit=180%2C180&ssl=1\",\"contentUrl\":\"https:\\\/\\\/i1.wp.com\\\/fashionmuseum.shop\\\/wp-content\\\/uploads\\\/2020\\\/04\\\/apple-touch-icon.png?fit=180%2C180&ssl=1\",\"width\":180,\"height\":180,\"caption\":\"Modes muzejs\"},\"image\":{\"@id\":\"https:\\\/\\\/fashionmuseum.shop\\\/lv\\\/#\\\/schema\\\/logo\\\/image\\\/\"}}]}<\/script>\n<!-- \/ Yoast SEO plugin. -->","yoast_head_json":{"title":"Chanel Set of 3 (2020): Fashion, Jewelry & Watches, Perfume & Beauty - Fashion Museum Riga Online Store","robots":{"index":"index","follow":"follow","max-snippet":"max-snippet:-1","max-image-preview":"max-image-preview:large","max-video-preview":"max-video-preview:-1"},"canonical":"https:\/\/fashionmuseum.shop\/lv\/prece\/chanel-set-of-3-2020-fashion-jewelry-watches-perfume-beauty\/","og_locale":"lv_LV","og_type":"article","og_title":"Chanel Set of 3 (2020): Fashion, Jewelry & Watches, Perfume & Beauty - Fashion Museum Riga Online Store","og_description":"Anne Berest,\u00a0Fabienne Reybaud,\u00a0Marion Vignal  K\u0101p\u0113c m\u0113s\u00a0izv\u0113l\u0113j\u0101mies\u00a0\u0161o gr\u0101matu:  Izcils pied\u0101v\u0101jums: tr\u012bs gr\u0101matas vien\u0101 kast\u012bt\u0113, turkl\u0101t par le\u0123end\u0101ro Koko \u0160aneles izveidoto modes namu \u201cChanel\u201d, turkl\u0101t v\u0113l izdotas Premium klases gr\u0101matu izdevniec\u012bb\u0101 \u201cAssouline\u201d! Gr\u0101matu tr\u012bsvien\u012bba velt\u012bta \u201cChanel\u201d modes dizainam, rotasliet\u0101m un smar\u017e\u0101m. Must have! (Un fantastiska d\u0101vana dizaina klasikas cien\u012bt\u0101jiem.)","og_url":"https:\/\/fashionmuseum.shop\/lv\/prece\/chanel-set-of-3-2020-fashion-jewelry-watches-perfume-beauty\/","og_site_name":"Fashion Museum Riga Online Store","og_image":[{"width":443,"height":443,"url":"https:\/\/i0.wp.com\/fashionmuseum.shop\/wp-content\/uploads\/2021\/01\/Screenshot_3-5.jpg?fit=443%2C443&ssl=1","type":"image\/jpeg"}],"twitter_card":"summary_large_image","twitter_misc":{"Est. reading time":"2 minutes"},"schema":{"@context":"https:\/\/schema.org","@graph":[{"@type":"WebPage","@id":"https:\/\/fashionmuseum.shop\/lv\/prece\/chanel-set-of-3-2020-fashion-jewelry-watches-perfume-beauty\/","url":"https:\/\/fashionmuseum.shop\/lv\/prece\/chanel-set-of-3-2020-fashion-jewelry-watches-perfume-beauty\/","name":"Chanel Set of 3 (2020): Fashion, Jewelry & Watches, Perfume & Beauty - Fashion Museum Riga Online Store","isPartOf":{"@id":"https:\/\/fashionmuseum.shop\/lv\/#website"},"primaryImageOfPage":{"@id":"https:\/\/fashionmuseum.shop\/lv\/prece\/chanel-set-of-3-2020-fashion-jewelry-watches-perfume-beauty\/#primaryimage"},"image":{"@id":"https:\/\/fashionmuseum.shop\/lv\/prece\/chanel-set-of-3-2020-fashion-jewelry-watches-perfume-beauty\/#primaryimage"},"thumbnailUrl":"https:\/\/i0.wp.com\/fashionmuseum.shop\/wp-content\/uploads\/2021\/01\/Screenshot_3-5.jpg?fit=443%2C443&ssl=1","datePublished":"2021-01-21T11:29:40+00:00","breadcrumb":{"@id":"https:\/\/fashionmuseum.shop\/lv\/prece\/chanel-set-of-3-2020-fashion-jewelry-watches-perfume-beauty\/#breadcrumb"},"inLanguage":"lv-LV","potentialAction":[{"@type":"ReadAction","target":["https:\/\/fashionmuseum.shop\/lv\/prece\/chanel-set-of-3-2020-fashion-jewelry-watches-perfume-beauty\/"]}]},{"@type":"ImageObject","inLanguage":"lv-LV","@id":"https:\/\/fashionmuseum.shop\/lv\/prece\/chanel-set-of-3-2020-fashion-jewelry-watches-perfume-beauty\/#primaryimage","url":"https:\/\/i0.wp.com\/fashionmuseum.shop\/wp-content\/uploads\/2021\/01\/Screenshot_3-5.jpg?fit=443%2C443&ssl=1","contentUrl":"https:\/\/i0.wp.com\/fashionmuseum.shop\/wp-content\/uploads\/2021\/01\/Screenshot_3-5.jpg?fit=443%2C443&ssl=1","width":443,"height":443,"caption":"Book cover Chanel 3-Book Slipcase (New Edition)"},{"@type":"BreadcrumbList","@id":"https:\/\/fashionmuseum.shop\/lv\/prece\/chanel-set-of-3-2020-fashion-jewelry-watches-perfume-beauty\/#breadcrumb","itemListElement":[{"@type":"ListItem","position":1,"name":"Home","item":"https:\/\/fashionmuseum.shop\/lv\/"},{"@type":"ListItem","position":2,"name":"Products","item":"https:\/\/fashionmuseum.shop\/lv\/shop\/"},{"@type":"ListItem","position":3,"name":"Chanel Set of 3 (2020): Fashion, Jewelry &#038; Watches, Perfume &#038; Beauty"}]},{"@type":"WebSite","@id":"https:\/\/fashionmuseum.shop\/lv\/#website","url":"https:\/\/fashionmuseum.shop\/lv\/","name":"Fashion Museum Online Store","description":"Fashion Museum Riga Online Store provides a wide selection of books about fashion and fashion history.","publisher":{"@id":"https:\/\/fashionmuseum.shop\/lv\/#organization"},"potentialAction":[{"@type":"SearchAction","target":{"@type":"EntryPoint","urlTemplate":"https:\/\/fashionmuseum.shop\/lv\/?s={search_term_string}"},"query-input":{"@type":"PropertyValueSpecification","valueRequired":true,"valueName":"search_term_string"}}],"inLanguage":"lv-LV"},{"@type":"Organization","@id":"https:\/\/fashionmuseum.shop\/lv\/#organization","name":"Modes muzejs","url":"https:\/\/fashionmuseum.shop\/lv\/","logo":{"@type":"ImageObject","inLanguage":"lv-LV","@id":"https:\/\/fashionmuseum.shop\/lv\/#\/schema\/logo\/image\/","url":"https:\/\/i1.wp.com\/fashionmuseum.shop\/wp-content\/uploads\/2020\/04\/apple-touch-icon.png?fit=180%2C180&ssl=1","contentUrl":"https:\/\/i1.wp.com\/fashionmuseum.shop\/wp-content\/uploads\/2020\/04\/apple-touch-icon.png?fit=180%2C180&ssl=1","width":180,"height":180,"caption":"Modes muzejs"},"image":{"@id":"https:\/\/fashionmuseum.shop\/lv\/#\/schema\/logo\/image\/"}}]}},"jetpack_publicize_connections":[],"jetpack_likes_enabled":false,"jetpack_sharing_enabled":true,"amp_enabled":true,"_links":{"self":[{"href":"https:\/\/fashionmuseum.shop\/lv\/wp-json\/wp\/v2\/product\/5353","targetHints":{"allow":["GET"]}}],"collection":[{"href":"https:\/\/fashionmuseum.shop\/lv\/wp-json\/wp\/v2\/product"}],"about":[{"href":"https:\/\/fashionmuseum.shop\/lv\/wp-json\/wp\/v2\/types\/product"}],"wp:featuredmedia":[{"embeddable":true,"href":"https:\/\/fashionmuseum.shop\/lv\/wp-json\/wp\/v2\/media\/5249"}],"wp:attachment":[{"href":"https:\/\/fashionmuseum.shop\/lv\/wp-json\/wp\/v2\/media?parent=5353"}],"wp:term":[{"taxonomy":"product_brand","embeddable":true,"href":"https:\/\/fashionmuseum.shop\/lv\/wp-json\/wp\/v2\/product_brand?post=5353"},{"taxonomy":"product_cat","embeddable":true,"href":"https:\/\/fashionmuseum.shop\/lv\/wp-json\/wp\/v2\/product_cat?post=5353"},{"taxonomy":"product_tag","embeddable":true,"href":"https:\/\/fashionmuseum.shop\/lv\/wp-json\/wp\/v2\/product_tag?post=5353"}],"curies":[{"name":"wp","href":"https:\/\/api.w.org\/{rel}","templated":true}]}}