{"id":6351,"date":"2021-08-31T12:32:52","date_gmt":"2021-08-31T09:32:52","guid":{"rendered":"https:\/\/fashionmuseum.shop\/product\/%d0%b8%d0%b2-%d1%81%d0%b5%d0%bd-%d0%bb%d0%be%d1%80%d0%b0%d0%bd\/"},"modified":"2021-08-31T12:32:52","modified_gmt":"2021-08-31T09:32:52","slug":"%d0%b8%d0%b2-%d1%81%d0%b5%d0%bd-%d0%bb%d0%be%d1%80%d0%b0%d0%bd","status":"publish","type":"product","link":"https:\/\/fashionmuseum.shop\/lv\/prece\/%d0%b8%d0%b2-%d1%81%d0%b5%d0%bd-%d0%bb%d0%be%d1%80%d0%b0%d0%bd\/","title":{"rendered":"\u0418\u0432 \u0421\u0435\u043d-\u041b\u043e\u0440\u0430\u043d"},"content":{"rendered":"<p>Izdev\u0113ja gr\u0101matas anot\u0101cija:<\/p>\n<p>\u0418\u0432 \u0421\u0435\u043d-\u041b\u043e\u0440\u0430\u043d, \u0440\u0430\u0441\u0446\u0432\u0435\u0442 \u043a\u0430\u0440\u044c\u0435\u0440\u044b \u043a\u043e\u0442\u043e\u0440\u043e\u0433\u043e \u043f\u0440\u0438\u0448\u0435\u043b\u0441\u044f \u043d\u0430 \u0432\u0442\u043e\u0440\u0443\u044e \u043f\u043e\u043b\u043e\u0432\u0438\u043d\u0443 \u0425\u0425 \u0432\u0435\u043a\u0430, \u043f\u0440\u0438\u043d\u0430\u0434\u043b\u0435\u0436\u0438\u0442 \u043a \u043f\u043b\u0435\u044f\u0434\u0435 \u0441\u0430\u043c\u044b\u0445 \u0432\u043b\u0438\u044f\u0442\u0435\u043b\u044c\u043d\u044b\u0445 \u0434\u0438\u0437\u0430\u0439\u043d\u0435\u0440\u043e\u0432 \u043c\u0438\u0440\u0430. \u0415\u0433\u043e \u0441\u043b\u0430\u0432\u0430 \u0431\u044b\u043b\u0430 \u0438\u043d\u0442\u0435\u0440\u043d\u0430\u0446\u0438\u043e\u043d\u0430\u043b\u044c\u043d\u043e\u0439, \u043d\u043e \u0446\u0435\u043d\u0442\u0440\u043e\u043c \u0435\u0433\u043e \u0442\u0432\u043e\u0440\u0447\u0435\u0441\u0442\u0432\u0430 \u0432\u0441\u0435\u0433\u0434\u0430 \u043e\u0441\u0442\u0430\u0432\u0430\u043b\u0438\u0441\u044c \u041f\u0430\u0440\u0438\u0436 \u0438 \u041c\u0430\u0440\u0440\u0430\u043a\u0435\u0448. \u0418\u0434\u0435\u0438 \u0438 \u043f\u0440\u043e\u0438\u0437\u0432\u0435\u0434\u0435\u043d\u0438\u044f \u0421\u0435\u043d-\u041b\u043e\u0440\u0430\u043d\u0430 &#8211; \u044f\u0440\u0447\u0430\u0439\u0448\u0430\u044f \u0432\u0435\u0445\u0430 \u043d\u0430 \u043f\u0443\u0442\u0438 \u044d\u0432\u043e\u043b\u044e\u0446\u0438\u0438 \u0412\u044b\u0441\u043e\u043a\u043e\u0439 \u043c\u043e\u0434\u044b. \u0421\u0442\u043e\u043b\u044c \u0440\u0430\u0437\u0432\u0435\u0440\u043d\u0443\u0442\u0430\u044f \u0431\u0438\u043e\u0433\u0440\u0430\u0444\u0438\u044f \u0432\u044b\u0434\u0430\u044e\u0449\u0435\u0433\u043e\u0441\u044f \u043a\u0443\u0442\u044e\u0440\u044c\u0435 \u043d\u0430 \u0440\u0443\u0441\u0441\u043a\u043e\u043c \u044f\u0437\u044b\u043a\u0435 \u0438\u0437\u0434\u0430\u0435\u0442\u0441\u044f \u0432\u043f\u0435\u0440\u0432\u044b\u0435.<\/p>\n<p><strong>Saturs<\/strong><\/p>\n<p>&#8211; \u041e\u0440\u0430\u043d, \u0433\u043e\u0440\u044c\u043a\u043e-\u0441\u043b\u0430\u0434\u043a\u0438\u0439 \u0433\u043e\u0440\u043e\u0434<br \/>\n&#8211; \u041f\u0430\u0440\u0438\u0436\u0441\u043a\u043e\u0435 \u0432\u043e\u0441\u043f\u0438\u0442\u0430\u043d\u0438\u0435<br \/>\n&#8211; \u041c\u043e\u043b\u043e\u0434\u043e\u0439 \u043a\u043e\u0440\u043e\u043b\u044c \u0432 \u0414\u043e\u043c\u0435 \u043c\u043e\u0434\u044b Dior<br \/>\n&#8211; \u0418\u0437\u0431\u0440\u0430\u043d\u043d\u0438\u043a, \u043f\u0440\u0438\u043d\u0446\u0435\u0441\u0441\u044b \u0438 \u0432\u043e\u0439\u043d\u0430 \u0432 \u0410\u043b\u0436\u0438\u0440\u0435<br \/>\n&#8211; \u041f\u0440\u043e\u043f\u0430\u0432\u0448\u0438\u0439 \u0447\u0435\u043b\u043e\u0432\u0435\u043a<br \/>\n&#8211; \u0420\u0435\u0431\u0435\u043d\u043e\u043a \u0441\u043e \u0441\u0442\u0430\u043b\u044c\u043d\u044b\u043c\u0438 \u043d\u0435\u0440\u0432\u0430\u043c\u0438<br \/>\n&#8211; \u041e\u0434\u0438\u043d \u0438\u0437 &#8220;\u0431\u0438\u0442\u043b\u043e\u0432&#8221; \u0441 \u0443\u043b\u0438\u0446\u044b \u0421\u043f\u043e\u043d\u0442\u0438\u043d\u0438<br \/>\n&#8211; \u0421\u0442\u0438\u043b\u044c Rive Gauche. \u041e\u0442 &#8220;\u0414\u043d\u0435\u0432\u043d\u043e\u0439 \u043a\u0440\u0430\u0441\u0430\u0432\u0438\u0446\u044b&#8221; \u0434\u043e \u0430\u043d\u0434\u0440\u043e\u0433\u0438\u043d\u043e\u0432<br \/>\n&#8211; \u0418\u0432, \u041b\u0443\u043b\u0443 \u0438 \u0437\u043c\u0435\u0438<br \/>\n&#8211; \u0420\u0435\u0442\u0440\u043e\u043f\u0440\u043e\u0432\u043e\u043a\u0430\u0446\u0438\u044f<br \/>\n&#8211; \u0421\u0442\u0440\u0430\u0441\u0442\u044c \u043f\u043e 1930-\u043c \u0433\u043e\u0434\u0430\u043c<br \/>\n&#8211; \u0410\u0432\u0435\u043d\u044e \u041c\u0430\u0440\u0441\u043e, \u0440\u0430\u0439 \u0434\u043b\u044f \u043a\u0443\u0440\u0442\u0438\u0437\u0430\u043d\u043e\u043a<br \/>\n&#8211; \u0427\u0435\u0440\u043d\u044b\u0439 &#8211; \u044d\u0442\u043e \u0442\u043e\u0436\u0435 \u0446\u0432\u0435\u0442<br \/>\n&#8211; \u0413\u043e\u0434\u044b \u043a\u043e\u043b\u043b\u0435\u043a\u0446\u0438\u0438 &#8220;\u041e\u043f\u0438\u0443\u043c&#8221;<br \/>\n&#8211; \u0422\u0432\u043e\u0440\u0447\u0435\u0441\u0442\u0432\u043e \u0432 \u043a\u0440\u0430\u0441\u043d\u043e\u043c \u0446\u0432\u0435\u0442\u0435<br \/>\n&#8211; \u041e\u0434\u0438\u043d\u043e\u0447\u0435\u0441\u0442\u0432\u043e \u0441\u0440\u0435\u0434\u0438 \u043f\u043e\u0447\u0435\u0441\u0442\u0435\u0439<br \/>\n&#8211; \u0418\u043c\u043f\u0435\u0440\u0438\u044f \u0421\u0435\u043d-\u041b\u043e\u0440\u0430\u043d\u0430<br \/>\n&#8211; \u0423\u043b\u0438\u0446\u0430 \u0412\u0430\u0432\u0438\u043b\u043e\u043d, 90-93<br \/>\n&#8211; \u0422\u043e, \u0447\u0442\u043e \u0443\u043c\u043e\u043b\u043a\u0430\u0435\u0442, \u0442\u043e, \u0447\u0442\u043e \u0443\u0445\u043e\u0434\u0438\u0442<br \/>\n&#8211; \u0427\u0430\u0441\u043e\u0432\u043e\u0439 \u0430\u0431\u0441\u043e\u043b\u044e\u0442\u0430, 1993-1998<br \/>\n&#8211; \u041a\u043e\u043d\u0435\u0446 \u043c\u0435\u0447\u0442\u044b, 1999-2002<br \/>\n&#8211; \u041f\u0440\u0435\u0441\u0441-\u043a\u043e\u043d\u0444\u0435\u0440\u0435\u043d\u0446\u0438\u044f \u0418\u0432\u0430 \u0421\u0435\u043d-\u041b\u043e\u0440\u0430\u043d\u0430 7 \u044f\u043d\u0432\u0430\u0440\u044f 2002 \u0433\u043e\u0434\u0430<br \/>\n&#8211; &#8220;\u041c\u043e\u0439 \u0434\u0438\u0430\u043b\u043e\u0433 \u0441 \u0436\u0435\u043d\u0449\u0438\u043d\u0430\u043c\u0438 \u043d\u0435 \u043e\u043a\u043e\u043d\u0447\u0435\u043d&#8221;<\/p>\n<p>\u0425\u0440\u043e\u043d\u043e\u043b\u043e\u0433\u0438\u044f<br \/>\n\u0411\u0438\u0431\u043b\u0438\u043e\u0433\u0440\u0430\u0444\u0438\u044f<br \/>\n\u0411\u043b\u0430\u0433\u043e\u0434\u0430\u0440\u043d\u043e\u0441\u0442\u0438<\/p>\n<p>\u0160\u012bs gr\u0101matas izdev\u0113js ir\u00a0<a href=\"https:\/\/fashionmuseum.shop\/lv\/publisher\/\u044d\u0442\u0435\u0440\u043d\u0430-lv\/\"><strong>\u042d\u0442\u0435\u0440\u043d\u0430<\/strong><\/a>, ISBN 9785480004144<\/p>\n","protected":false},"excerpt":{"rendered":"<p><a href=\"https:\/\/fashionmuseum.shop\/lv\/book-author\/\u043b\u043e\u0440\u0430\u043d\u0441-\u0431\u0435\u043d\u0430\u0438\u043c-lv\/\"><strong>\u041b\u043e\u0440\u0430\u043d\u0441 \u0411\u0435\u043d\u0430\u0438\u043c<\/strong><\/a><\/p>\n<p>K\u0101p\u0113c m\u0113s izv\u0113l\u0113j\u0101mies \u0161o gr\u0101matu:<\/p>\n<p>Sadarb\u012bb\u0101 ar Aleksandru Vasi\u013cjevu tapus\u012b gr\u0101matu s\u0113rija \u201cM\u00e9moires de la mode\u201d \u013cauj uzzin\u0101t vair\u0101k par izciliem un ietekm\u012bgiem modes dizaineriem. \u012ava Senlor\u0101na v\u0101rds modes cien\u012bt\u0101jiem koment\u0101rus neprasa \u2013 vi\u0146\u0161 ir viens no ietekm\u012bg\u0101kajiem un talant\u012bg\u0101kajiem 20. gadsimta dizaineriem. \u0160\u012b apjom\u012bg\u0101 biogr\u0101fija \u013caus iepaz\u012bt ar\u012b izcil\u0101 dizainera dz\u012bvesst\u0101stu un j\u016bt\u012bgo, trauslo raksturu. Gr\u0101mata \u012bpa\u0161i patiks modes v\u0113stures interesentiem, kurus fascin\u0113 spilgtu person\u012bbu dz\u012bvesst\u0101sti.<\/p>\n","protected":false},"featured_media":6284,"template":"","meta":{"_coblocks_attr":"","_coblocks_dimensions":"","_coblocks_responsive_height":"","_coblocks_accordion_ie_support":"","_crdt_document":"","jetpack_publicize_message":"","jetpack_publicize_feature_enabled":true,"jetpack_social_post_already_shared":true,"jetpack_social_options":{"image_generator_settings":{"template":"highway","default_image_id":0,"font":"","enabled":false},"version":2},"_wpas_customize_per_network":false},"product_brand":[],"product_cat":[1613,1603,1605],"product_tag":[],"class_list":{"0":"post-6351","1":"product","2":"type-product","3":"status-publish","4":"has-post-thumbnail","6":"product_cat-gramatas-krievu-valoda","7":"product_cat-gramatas-par-modes-dizaineriem","8":"product_cat-gramatas-par-modes-vesturi","9":"pa_book-author---lv","10":"pa_language-krievu","11":"pa_publisher--lv","13":"first","14":"instock","15":"shipping-taxable","16":"purchasable","17":"product-type-simple"},"yoast_head":"<!-- This site is optimized with the Yoast SEO plugin v27.4 - https:\/\/yoast.com\/product\/yoast-seo-wordpress\/ -->\n<title>\u0418\u0432 \u0421\u0435\u043d-\u041b\u043e\u0440\u0430\u043d - Fashion Museum Riga Online Store<\/title>\n<meta name=\"robots\" content=\"index, follow, max-snippet:-1, max-image-preview:large, max-video-preview:-1\" \/>\n<link rel=\"canonical\" href=\"https:\/\/fashionmuseum.shop\/lv\/prece\/%d0%b8%d0%b2-%d1%81%d0%b5%d0%bd-%d0%bb%d0%be%d1%80%d0%b0%d0%bd\/\" \/>\n<meta property=\"og:locale\" content=\"lv_LV\" \/>\n<meta property=\"og:type\" content=\"article\" \/>\n<meta property=\"og:title\" content=\"\u0418\u0432 \u0421\u0435\u043d-\u041b\u043e\u0440\u0430\u043d - Fashion Museum Riga Online Store\" \/>\n<meta property=\"og:description\" content=\"\u041b\u043e\u0440\u0430\u043d\u0441 \u0411\u0435\u043d\u0430\u0438\u043c  K\u0101p\u0113c m\u0113s izv\u0113l\u0113j\u0101mies \u0161o gr\u0101matu:  Sadarb\u012bb\u0101 ar Aleksandru Vasi\u013cjevu tapus\u012b gr\u0101matu s\u0113rija \u201cM\u00e9moires de la mode\u201d \u013cauj uzzin\u0101t vair\u0101k par izciliem un ietekm\u012bgiem modes dizaineriem. \u012ava Senlor\u0101na v\u0101rds modes cien\u012bt\u0101jiem koment\u0101rus neprasa \u2013 vi\u0146\u0161 ir viens no ietekm\u012bg\u0101kajiem un talant\u012bg\u0101kajiem 20. gadsimta dizaineriem. \u0160\u012b apjom\u012bg\u0101 biogr\u0101fija \u013caus iepaz\u012bt ar\u012b izcil\u0101 dizainera dz\u012bvesst\u0101stu un j\u016bt\u012bgo, trauslo raksturu. Gr\u0101mata \u012bpa\u0161i patiks modes v\u0113stures interesentiem, kurus fascin\u0113 spilgtu person\u012bbu dz\u012bvesst\u0101sti.\" \/>\n<meta property=\"og:url\" content=\"https:\/\/fashionmuseum.shop\/lv\/prece\/%d0%b8%d0%b2-%d1%81%d0%b5%d0%bd-%d0%bb%d0%be%d1%80%d0%b0%d0%bd\/\" \/>\n<meta property=\"og:site_name\" content=\"Fashion Museum Riga Online Store\" \/>\n<meta property=\"og:image\" content=\"https:\/\/fashionmuseum.shop\/wp-content\/uploads\/2021\/08\/Adobe_Post_20210831_1445130.4971559250164368.png\" \/>\n\t<meta property=\"og:image:width\" content=\"2560\" \/>\n\t<meta property=\"og:image:height\" content=\"2560\" \/>\n\t<meta property=\"og:image:type\" content=\"image\/png\" \/>\n<meta name=\"twitter:card\" content=\"summary_large_image\" \/>\n<script type=\"application\/ld+json\" class=\"yoast-schema-graph\">{\"@context\":\"https:\\\/\\\/schema.org\",\"@graph\":[{\"@type\":\"WebPage\",\"@id\":\"https:\\\/\\\/fashionmuseum.shop\\\/lv\\\/prece\\\/%d0%b8%d0%b2-%d1%81%d0%b5%d0%bd-%d0%bb%d0%be%d1%80%d0%b0%d0%bd\\\/\",\"url\":\"https:\\\/\\\/fashionmuseum.shop\\\/lv\\\/prece\\\/%d0%b8%d0%b2-%d1%81%d0%b5%d0%bd-%d0%bb%d0%be%d1%80%d0%b0%d0%bd\\\/\",\"name\":\"\u0418\u0432 \u0421\u0435\u043d-\u041b\u043e\u0440\u0430\u043d - Fashion Museum Riga Online Store\",\"isPartOf\":{\"@id\":\"https:\\\/\\\/fashionmuseum.shop\\\/lv\\\/#website\"},\"primaryImageOfPage\":{\"@id\":\"https:\\\/\\\/fashionmuseum.shop\\\/lv\\\/prece\\\/%d0%b8%d0%b2-%d1%81%d0%b5%d0%bd-%d0%bb%d0%be%d1%80%d0%b0%d0%bd\\\/#primaryimage\"},\"image\":{\"@id\":\"https:\\\/\\\/fashionmuseum.shop\\\/lv\\\/prece\\\/%d0%b8%d0%b2-%d1%81%d0%b5%d0%bd-%d0%bb%d0%be%d1%80%d0%b0%d0%bd\\\/#primaryimage\"},\"thumbnailUrl\":\"https:\\\/\\\/i0.wp.com\\\/fashionmuseum.shop\\\/wp-content\\\/uploads\\\/2021\\\/08\\\/Adobe_Post_20210831_1445130.4971559250164368.png?fit=2560%2C2560&ssl=1\",\"datePublished\":\"2021-08-31T09:32:52+00:00\",\"breadcrumb\":{\"@id\":\"https:\\\/\\\/fashionmuseum.shop\\\/lv\\\/prece\\\/%d0%b8%d0%b2-%d1%81%d0%b5%d0%bd-%d0%bb%d0%be%d1%80%d0%b0%d0%bd\\\/#breadcrumb\"},\"inLanguage\":\"lv-LV\",\"potentialAction\":[{\"@type\":\"ReadAction\",\"target\":[\"https:\\\/\\\/fashionmuseum.shop\\\/lv\\\/prece\\\/%d0%b8%d0%b2-%d1%81%d0%b5%d0%bd-%d0%bb%d0%be%d1%80%d0%b0%d0%bd\\\/\"]}]},{\"@type\":\"ImageObject\",\"inLanguage\":\"lv-LV\",\"@id\":\"https:\\\/\\\/fashionmuseum.shop\\\/lv\\\/prece\\\/%d0%b8%d0%b2-%d1%81%d0%b5%d0%bd-%d0%bb%d0%be%d1%80%d0%b0%d0%bd\\\/#primaryimage\",\"url\":\"https:\\\/\\\/i0.wp.com\\\/fashionmuseum.shop\\\/wp-content\\\/uploads\\\/2021\\\/08\\\/Adobe_Post_20210831_1445130.4971559250164368.png?fit=2560%2C2560&ssl=1\",\"contentUrl\":\"https:\\\/\\\/i0.wp.com\\\/fashionmuseum.shop\\\/wp-content\\\/uploads\\\/2021\\\/08\\\/Adobe_Post_20210831_1445130.4971559250164368.png?fit=2560%2C2560&ssl=1\",\"width\":2560,\"height\":2560,\"caption\":\"\u0418\u0432 \u0421\u0435\u043d-\u041b\u043e\u0440\u0430\u043d\"},{\"@type\":\"BreadcrumbList\",\"@id\":\"https:\\\/\\\/fashionmuseum.shop\\\/lv\\\/prece\\\/%d0%b8%d0%b2-%d1%81%d0%b5%d0%bd-%d0%bb%d0%be%d1%80%d0%b0%d0%bd\\\/#breadcrumb\",\"itemListElement\":[{\"@type\":\"ListItem\",\"position\":1,\"name\":\"Home\",\"item\":\"https:\\\/\\\/fashionmuseum.shop\\\/lv\\\/\"},{\"@type\":\"ListItem\",\"position\":2,\"name\":\"Products\",\"item\":\"https:\\\/\\\/fashionmuseum.shop\\\/lv\\\/shop\\\/\"},{\"@type\":\"ListItem\",\"position\":3,\"name\":\"\u0418\u0432 \u0421\u0435\u043d-\u041b\u043e\u0440\u0430\u043d\"}]},{\"@type\":\"WebSite\",\"@id\":\"https:\\\/\\\/fashionmuseum.shop\\\/lv\\\/#website\",\"url\":\"https:\\\/\\\/fashionmuseum.shop\\\/lv\\\/\",\"name\":\"Fashion Museum Online Store\",\"description\":\"Fashion Museum Riga Online Store provides a wide selection of books about fashion and fashion history.\",\"publisher\":{\"@id\":\"https:\\\/\\\/fashionmuseum.shop\\\/lv\\\/#organization\"},\"potentialAction\":[{\"@type\":\"SearchAction\",\"target\":{\"@type\":\"EntryPoint\",\"urlTemplate\":\"https:\\\/\\\/fashionmuseum.shop\\\/lv\\\/?s={search_term_string}\"},\"query-input\":{\"@type\":\"PropertyValueSpecification\",\"valueRequired\":true,\"valueName\":\"search_term_string\"}}],\"inLanguage\":\"lv-LV\"},{\"@type\":\"Organization\",\"@id\":\"https:\\\/\\\/fashionmuseum.shop\\\/lv\\\/#organization\",\"name\":\"Modes muzejs\",\"url\":\"https:\\\/\\\/fashionmuseum.shop\\\/lv\\\/\",\"logo\":{\"@type\":\"ImageObject\",\"inLanguage\":\"lv-LV\",\"@id\":\"https:\\\/\\\/fashionmuseum.shop\\\/lv\\\/#\\\/schema\\\/logo\\\/image\\\/\",\"url\":\"https:\\\/\\\/i1.wp.com\\\/fashionmuseum.shop\\\/wp-content\\\/uploads\\\/2020\\\/04\\\/apple-touch-icon.png?fit=180%2C180&ssl=1\",\"contentUrl\":\"https:\\\/\\\/i1.wp.com\\\/fashionmuseum.shop\\\/wp-content\\\/uploads\\\/2020\\\/04\\\/apple-touch-icon.png?fit=180%2C180&ssl=1\",\"width\":180,\"height\":180,\"caption\":\"Modes muzejs\"},\"image\":{\"@id\":\"https:\\\/\\\/fashionmuseum.shop\\\/lv\\\/#\\\/schema\\\/logo\\\/image\\\/\"}}]}<\/script>\n<!-- \/ Yoast SEO plugin. -->","yoast_head_json":{"title":"\u0418\u0432 \u0421\u0435\u043d-\u041b\u043e\u0440\u0430\u043d - Fashion Museum Riga Online Store","robots":{"index":"index","follow":"follow","max-snippet":"max-snippet:-1","max-image-preview":"max-image-preview:large","max-video-preview":"max-video-preview:-1"},"canonical":"https:\/\/fashionmuseum.shop\/lv\/prece\/%d0%b8%d0%b2-%d1%81%d0%b5%d0%bd-%d0%bb%d0%be%d1%80%d0%b0%d0%bd\/","og_locale":"lv_LV","og_type":"article","og_title":"\u0418\u0432 \u0421\u0435\u043d-\u041b\u043e\u0440\u0430\u043d - Fashion Museum Riga Online Store","og_description":"\u041b\u043e\u0440\u0430\u043d\u0441 \u0411\u0435\u043d\u0430\u0438\u043c  K\u0101p\u0113c m\u0113s izv\u0113l\u0113j\u0101mies \u0161o gr\u0101matu:  Sadarb\u012bb\u0101 ar Aleksandru Vasi\u013cjevu tapus\u012b gr\u0101matu s\u0113rija \u201cM\u00e9moires de la mode\u201d \u013cauj uzzin\u0101t vair\u0101k par izciliem un ietekm\u012bgiem modes dizaineriem. \u012ava Senlor\u0101na v\u0101rds modes cien\u012bt\u0101jiem koment\u0101rus neprasa \u2013 vi\u0146\u0161 ir viens no ietekm\u012bg\u0101kajiem un talant\u012bg\u0101kajiem 20. gadsimta dizaineriem. \u0160\u012b apjom\u012bg\u0101 biogr\u0101fija \u013caus iepaz\u012bt ar\u012b izcil\u0101 dizainera dz\u012bvesst\u0101stu un j\u016bt\u012bgo, trauslo raksturu. Gr\u0101mata \u012bpa\u0161i patiks modes v\u0113stures interesentiem, kurus fascin\u0113 spilgtu person\u012bbu dz\u012bvesst\u0101sti.","og_url":"https:\/\/fashionmuseum.shop\/lv\/prece\/%d0%b8%d0%b2-%d1%81%d0%b5%d0%bd-%d0%bb%d0%be%d1%80%d0%b0%d0%bd\/","og_site_name":"Fashion Museum Riga Online Store","og_image":[{"width":2560,"height":2560,"url":"https:\/\/fashionmuseum.shop\/wp-content\/uploads\/2021\/08\/Adobe_Post_20210831_1445130.4971559250164368.png","type":"image\/png"}],"twitter_card":"summary_large_image","schema":{"@context":"https:\/\/schema.org","@graph":[{"@type":"WebPage","@id":"https:\/\/fashionmuseum.shop\/lv\/prece\/%d0%b8%d0%b2-%d1%81%d0%b5%d0%bd-%d0%bb%d0%be%d1%80%d0%b0%d0%bd\/","url":"https:\/\/fashionmuseum.shop\/lv\/prece\/%d0%b8%d0%b2-%d1%81%d0%b5%d0%bd-%d0%bb%d0%be%d1%80%d0%b0%d0%bd\/","name":"\u0418\u0432 \u0421\u0435\u043d-\u041b\u043e\u0440\u0430\u043d - Fashion Museum Riga Online Store","isPartOf":{"@id":"https:\/\/fashionmuseum.shop\/lv\/#website"},"primaryImageOfPage":{"@id":"https:\/\/fashionmuseum.shop\/lv\/prece\/%d0%b8%d0%b2-%d1%81%d0%b5%d0%bd-%d0%bb%d0%be%d1%80%d0%b0%d0%bd\/#primaryimage"},"image":{"@id":"https:\/\/fashionmuseum.shop\/lv\/prece\/%d0%b8%d0%b2-%d1%81%d0%b5%d0%bd-%d0%bb%d0%be%d1%80%d0%b0%d0%bd\/#primaryimage"},"thumbnailUrl":"https:\/\/i0.wp.com\/fashionmuseum.shop\/wp-content\/uploads\/2021\/08\/Adobe_Post_20210831_1445130.4971559250164368.png?fit=2560%2C2560&ssl=1","datePublished":"2021-08-31T09:32:52+00:00","breadcrumb":{"@id":"https:\/\/fashionmuseum.shop\/lv\/prece\/%d0%b8%d0%b2-%d1%81%d0%b5%d0%bd-%d0%bb%d0%be%d1%80%d0%b0%d0%bd\/#breadcrumb"},"inLanguage":"lv-LV","potentialAction":[{"@type":"ReadAction","target":["https:\/\/fashionmuseum.shop\/lv\/prece\/%d0%b8%d0%b2-%d1%81%d0%b5%d0%bd-%d0%bb%d0%be%d1%80%d0%b0%d0%bd\/"]}]},{"@type":"ImageObject","inLanguage":"lv-LV","@id":"https:\/\/fashionmuseum.shop\/lv\/prece\/%d0%b8%d0%b2-%d1%81%d0%b5%d0%bd-%d0%bb%d0%be%d1%80%d0%b0%d0%bd\/#primaryimage","url":"https:\/\/i0.wp.com\/fashionmuseum.shop\/wp-content\/uploads\/2021\/08\/Adobe_Post_20210831_1445130.4971559250164368.png?fit=2560%2C2560&ssl=1","contentUrl":"https:\/\/i0.wp.com\/fashionmuseum.shop\/wp-content\/uploads\/2021\/08\/Adobe_Post_20210831_1445130.4971559250164368.png?fit=2560%2C2560&ssl=1","width":2560,"height":2560,"caption":"\u0418\u0432 \u0421\u0435\u043d-\u041b\u043e\u0440\u0430\u043d"},{"@type":"BreadcrumbList","@id":"https:\/\/fashionmuseum.shop\/lv\/prece\/%d0%b8%d0%b2-%d1%81%d0%b5%d0%bd-%d0%bb%d0%be%d1%80%d0%b0%d0%bd\/#breadcrumb","itemListElement":[{"@type":"ListItem","position":1,"name":"Home","item":"https:\/\/fashionmuseum.shop\/lv\/"},{"@type":"ListItem","position":2,"name":"Products","item":"https:\/\/fashionmuseum.shop\/lv\/shop\/"},{"@type":"ListItem","position":3,"name":"\u0418\u0432 \u0421\u0435\u043d-\u041b\u043e\u0440\u0430\u043d"}]},{"@type":"WebSite","@id":"https:\/\/fashionmuseum.shop\/lv\/#website","url":"https:\/\/fashionmuseum.shop\/lv\/","name":"Fashion Museum Online Store","description":"Fashion Museum Riga Online Store provides a wide selection of books about fashion and fashion history.","publisher":{"@id":"https:\/\/fashionmuseum.shop\/lv\/#organization"},"potentialAction":[{"@type":"SearchAction","target":{"@type":"EntryPoint","urlTemplate":"https:\/\/fashionmuseum.shop\/lv\/?s={search_term_string}"},"query-input":{"@type":"PropertyValueSpecification","valueRequired":true,"valueName":"search_term_string"}}],"inLanguage":"lv-LV"},{"@type":"Organization","@id":"https:\/\/fashionmuseum.shop\/lv\/#organization","name":"Modes muzejs","url":"https:\/\/fashionmuseum.shop\/lv\/","logo":{"@type":"ImageObject","inLanguage":"lv-LV","@id":"https:\/\/fashionmuseum.shop\/lv\/#\/schema\/logo\/image\/","url":"https:\/\/i1.wp.com\/fashionmuseum.shop\/wp-content\/uploads\/2020\/04\/apple-touch-icon.png?fit=180%2C180&ssl=1","contentUrl":"https:\/\/i1.wp.com\/fashionmuseum.shop\/wp-content\/uploads\/2020\/04\/apple-touch-icon.png?fit=180%2C180&ssl=1","width":180,"height":180,"caption":"Modes muzejs"},"image":{"@id":"https:\/\/fashionmuseum.shop\/lv\/#\/schema\/logo\/image\/"}}]}},"jetpack_publicize_connections":[],"jetpack_likes_enabled":false,"jetpack_sharing_enabled":true,"amp_enabled":true,"_links":{"self":[{"href":"https:\/\/fashionmuseum.shop\/lv\/wp-json\/wp\/v2\/product\/6351","targetHints":{"allow":["GET"]}}],"collection":[{"href":"https:\/\/fashionmuseum.shop\/lv\/wp-json\/wp\/v2\/product"}],"about":[{"href":"https:\/\/fashionmuseum.shop\/lv\/wp-json\/wp\/v2\/types\/product"}],"wp:featuredmedia":[{"embeddable":true,"href":"https:\/\/fashionmuseum.shop\/lv\/wp-json\/wp\/v2\/media\/6284"}],"wp:attachment":[{"href":"https:\/\/fashionmuseum.shop\/lv\/wp-json\/wp\/v2\/media?parent=6351"}],"wp:term":[{"taxonomy":"product_brand","embeddable":true,"href":"https:\/\/fashionmuseum.shop\/lv\/wp-json\/wp\/v2\/product_brand?post=6351"},{"taxonomy":"product_cat","embeddable":true,"href":"https:\/\/fashionmuseum.shop\/lv\/wp-json\/wp\/v2\/product_cat?post=6351"},{"taxonomy":"product_tag","embeddable":true,"href":"https:\/\/fashionmuseum.shop\/lv\/wp-json\/wp\/v2\/product_tag?post=6351"}],"curies":[{"name":"wp","href":"https:\/\/api.w.org\/{rel}","templated":true}]}}