{"id":6356,"date":"2021-08-31T12:32:51","date_gmt":"2021-08-31T09:32:51","guid":{"rendered":"https:\/\/fashionmuseum.shop\/product\/a-century-of-colour-in-design-250-innovative-objects-and-the-stories-behind-them\/"},"modified":"2021-09-01T18:38:10","modified_gmt":"2021-09-01T15:38:10","slug":"a-century-of-colour-in-design-250-innovative-objects-and-the-stories-behind-them","status":"publish","type":"product","link":"https:\/\/fashionmuseum.shop\/lv\/prece\/a-century-of-colour-in-design-250-innovative-objects-and-the-stories-behind-them\/","title":{"rendered":"A Century of Colour in Design. 250 innovative objects and the stories behind them"},"content":{"rendered":"<p>Izdev\u0113ja gr\u0101matas anot\u0101cija:<\/p>\n<p>In the century since Gerrit Rietveld\u2019s iconic application of primary colours to a wooden chair, the use of colour in home furnishings has developed its own rich history. Departing from the humble finishes of natural timber and neutral metals, the contemporary design marketplace has blossomed in a rainbow of colours. Bright, brash and muted alike, the astute application of colour in design has become a meaningful feature in and of itself.<br \/>\nThis book tracks the trend towards colour chronologically from its intellectual roots in the Bauhaus movement to the current day. Eight standalone profiles showcase designers who have applied colour in inventive ways, and short texts contextualize each of the 250 objects covered. Novel in its approach, A Century of Colour in Design presents an essential short-form history of the increasingly innovative use of colour in contemporary furniture, lighting and decorative objects for all with an interest in design, culture, history and colour.<\/p>\n<p>\u0160\u012bs gr\u0101matas izdev\u0113js ir\u00a0<a href=\"https:\/\/fashionmuseum.shop\/lv\/publisher\/thames-and-hudson\/\"><strong>Thames and Hudson<\/strong><\/a>, ISBN 9781760760533<\/p>\n","protected":false},"excerpt":{"rendered":"<p><a href=\"https:\/\/fashionmuseum.shop\/lv\/book-author\/david-harrison-lv\/\"><strong>David Harrison<\/strong><\/a><\/p>\n<p>K\u0101p\u0113c m\u0113s izv\u0113l\u0113j\u0101mies \u0161o gr\u0101matu:<\/p>\n<p>Pols Gog\u0113ns reiz teicis \u2013 kr\u0101sa ir k\u0101 dzi\u013ca un nosl\u0113pumaina valoda, sap\u0146u valoda. To patiesi nekad neapn\u012bk p\u0113t\u012bt, vai ne? \u0160\u012b ko\u0161\u0101 un \u0101rk\u0101rt\u012bgi eleganti noform\u0113t\u0101 gr\u0101mata velt\u012bta kr\u0101sas lietojumam dizain\u0101. T\u0101 aizved ce\u013cojum\u0101 pa 20. gadsimta da\u017e\u0101dajiem dizaina novirzieniem, akcent\u0113jot 250 da\u017e\u0101dus objektus. Uzzin\u0101sit gan par ietekm\u012bgiem dizaineriem, gan par ikoniskiem dizaina priek\u0161metiem, gan par kr\u0101su modi dizain\u0101. Lieliska gr\u0101mata skaistuma gard\u0113\u017eiem!<\/p>\n","protected":false},"featured_media":6332,"template":"","meta":{"_coblocks_attr":"","_coblocks_dimensions":"","_coblocks_responsive_height":"","_coblocks_accordion_ie_support":"","_crdt_document":"","jetpack_publicize_message":"","jetpack_publicize_feature_enabled":true,"jetpack_social_post_already_shared":true,"jetpack_social_options":{"image_generator_settings":{"template":"highway","default_image_id":0,"font":"","enabled":false},"version":2},"_wpas_customize_per_network":false},"product_brand":[],"product_cat":[1611,2761,2691],"product_tag":[],"class_list":{"0":"post-6356","1":"product","2":"type-product","3":"status-publish","4":"has-post-thumbnail","6":"product_cat-gramatas-anglu-valoda","7":"product_cat-gramatas-par-dizaina-vesturi","8":"product_cat-gramatas-par-krasu-vesturi","9":"pa_book-author-david-harrison-lv","10":"pa_language-anglu","11":"pa_publisher-thames-and-hudson","13":"first","14":"outofstock","15":"shipping-taxable","16":"purchasable","17":"product-type-simple"},"yoast_head":"<!-- This site is optimized with the Yoast SEO plugin v27.5 - https:\/\/yoast.com\/product\/yoast-seo-wordpress\/ -->\n<title>A Century of Colour in Design. 250 innovative objects and the stories behind them - Fashion Museum Riga Online Store<\/title>\n<meta name=\"robots\" content=\"index, follow, max-snippet:-1, max-image-preview:large, max-video-preview:-1\" \/>\n<link rel=\"canonical\" href=\"https:\/\/fashionmuseum.shop\/lv\/prece\/a-century-of-colour-in-design-250-innovative-objects-and-the-stories-behind-them\/\" \/>\n<meta property=\"og:locale\" content=\"lv_LV\" \/>\n<meta property=\"og:type\" content=\"article\" \/>\n<meta property=\"og:title\" content=\"A Century of Colour in Design. 250 innovative objects and the stories behind them - Fashion Museum Riga Online Store\" \/>\n<meta property=\"og:description\" content=\"David Harrison  K\u0101p\u0113c m\u0113s izv\u0113l\u0113j\u0101mies \u0161o gr\u0101matu:  Pols Gog\u0113ns reiz teicis \u2013 kr\u0101sa ir k\u0101 dzi\u013ca un nosl\u0113pumaina valoda, sap\u0146u valoda. To patiesi nekad neapn\u012bk p\u0113t\u012bt, vai ne? \u0160\u012b ko\u0161\u0101 un \u0101rk\u0101rt\u012bgi eleganti noform\u0113t\u0101 gr\u0101mata velt\u012bta kr\u0101sas lietojumam dizain\u0101. T\u0101 aizved ce\u013cojum\u0101 pa 20. gadsimta da\u017e\u0101dajiem dizaina novirzieniem, akcent\u0113jot 250 da\u017e\u0101dus objektus. Uzzin\u0101sit gan par ietekm\u012bgiem dizaineriem, gan par ikoniskiem dizaina priek\u0161metiem, gan par kr\u0101su modi dizain\u0101. Lieliska gr\u0101mata skaistuma gard\u0113\u017eiem!\" \/>\n<meta property=\"og:url\" content=\"https:\/\/fashionmuseum.shop\/lv\/prece\/a-century-of-colour-in-design-250-innovative-objects-and-the-stories-behind-them\/\" \/>\n<meta property=\"og:site_name\" content=\"Fashion Museum Riga Online Store\" \/>\n<meta property=\"article:modified_time\" content=\"2021-09-01T15:38:10+00:00\" \/>\n<meta property=\"og:image\" content=\"https:\/\/i0.wp.com\/fashionmuseum.shop\/wp-content\/uploads\/2021\/08\/Adobe_Post_20210901_1204210.5853624724366805-min.png?fit=2560%2C2560&ssl=1\" \/>\n\t<meta property=\"og:image:width\" content=\"2560\" \/>\n\t<meta property=\"og:image:height\" content=\"2560\" \/>\n\t<meta property=\"og:image:type\" content=\"image\/png\" \/>\n<meta name=\"twitter:card\" content=\"summary_large_image\" \/>\n<meta name=\"twitter:label1\" content=\"Est. reading time\" \/>\n\t<meta name=\"twitter:data1\" content=\"1 minute\" \/>\n<script type=\"application\/ld+json\" class=\"yoast-schema-graph\">{\"@context\":\"https:\\\/\\\/schema.org\",\"@graph\":[{\"@type\":\"WebPage\",\"@id\":\"https:\\\/\\\/fashionmuseum.shop\\\/lv\\\/prece\\\/a-century-of-colour-in-design-250-innovative-objects-and-the-stories-behind-them\\\/\",\"url\":\"https:\\\/\\\/fashionmuseum.shop\\\/lv\\\/prece\\\/a-century-of-colour-in-design-250-innovative-objects-and-the-stories-behind-them\\\/\",\"name\":\"A Century of Colour in Design. 250 innovative objects and the stories behind them - Fashion Museum Riga Online Store\",\"isPartOf\":{\"@id\":\"https:\\\/\\\/fashionmuseum.shop\\\/lv\\\/#website\"},\"primaryImageOfPage\":{\"@id\":\"https:\\\/\\\/fashionmuseum.shop\\\/lv\\\/prece\\\/a-century-of-colour-in-design-250-innovative-objects-and-the-stories-behind-them\\\/#primaryimage\"},\"image\":{\"@id\":\"https:\\\/\\\/fashionmuseum.shop\\\/lv\\\/prece\\\/a-century-of-colour-in-design-250-innovative-objects-and-the-stories-behind-them\\\/#primaryimage\"},\"thumbnailUrl\":\"https:\\\/\\\/i0.wp.com\\\/fashionmuseum.shop\\\/wp-content\\\/uploads\\\/2021\\\/08\\\/Adobe_Post_20210901_1204210.5853624724366805-min.png?fit=2560%2C2560&ssl=1\",\"datePublished\":\"2021-08-31T09:32:51+00:00\",\"dateModified\":\"2021-09-01T15:38:10+00:00\",\"breadcrumb\":{\"@id\":\"https:\\\/\\\/fashionmuseum.shop\\\/lv\\\/prece\\\/a-century-of-colour-in-design-250-innovative-objects-and-the-stories-behind-them\\\/#breadcrumb\"},\"inLanguage\":\"lv-LV\",\"potentialAction\":[{\"@type\":\"ReadAction\",\"target\":[\"https:\\\/\\\/fashionmuseum.shop\\\/lv\\\/prece\\\/a-century-of-colour-in-design-250-innovative-objects-and-the-stories-behind-them\\\/\"]}]},{\"@type\":\"ImageObject\",\"inLanguage\":\"lv-LV\",\"@id\":\"https:\\\/\\\/fashionmuseum.shop\\\/lv\\\/prece\\\/a-century-of-colour-in-design-250-innovative-objects-and-the-stories-behind-them\\\/#primaryimage\",\"url\":\"https:\\\/\\\/i0.wp.com\\\/fashionmuseum.shop\\\/wp-content\\\/uploads\\\/2021\\\/08\\\/Adobe_Post_20210901_1204210.5853624724366805-min.png?fit=2560%2C2560&ssl=1\",\"contentUrl\":\"https:\\\/\\\/i0.wp.com\\\/fashionmuseum.shop\\\/wp-content\\\/uploads\\\/2021\\\/08\\\/Adobe_Post_20210901_1204210.5853624724366805-min.png?fit=2560%2C2560&ssl=1\",\"width\":2560,\"height\":2560,\"caption\":\"A Century of Colour in Design\"},{\"@type\":\"BreadcrumbList\",\"@id\":\"https:\\\/\\\/fashionmuseum.shop\\\/lv\\\/prece\\\/a-century-of-colour-in-design-250-innovative-objects-and-the-stories-behind-them\\\/#breadcrumb\",\"itemListElement\":[{\"@type\":\"ListItem\",\"position\":1,\"name\":\"Home\",\"item\":\"https:\\\/\\\/fashionmuseum.shop\\\/lv\\\/\"},{\"@type\":\"ListItem\",\"position\":2,\"name\":\"Products\",\"item\":\"https:\\\/\\\/fashionmuseum.shop\\\/lv\\\/shop\\\/\"},{\"@type\":\"ListItem\",\"position\":3,\"name\":\"A Century of Colour in Design. 250 innovative objects and the stories behind them\"}]},{\"@type\":\"WebSite\",\"@id\":\"https:\\\/\\\/fashionmuseum.shop\\\/lv\\\/#website\",\"url\":\"https:\\\/\\\/fashionmuseum.shop\\\/lv\\\/\",\"name\":\"Fashion Museum Online Store\",\"description\":\"Fashion Museum Riga Online Store provides a wide selection of books about fashion and fashion history.\",\"publisher\":{\"@id\":\"https:\\\/\\\/fashionmuseum.shop\\\/lv\\\/#organization\"},\"potentialAction\":[{\"@type\":\"SearchAction\",\"target\":{\"@type\":\"EntryPoint\",\"urlTemplate\":\"https:\\\/\\\/fashionmuseum.shop\\\/lv\\\/?s={search_term_string}\"},\"query-input\":{\"@type\":\"PropertyValueSpecification\",\"valueRequired\":true,\"valueName\":\"search_term_string\"}}],\"inLanguage\":\"lv-LV\"},{\"@type\":\"Organization\",\"@id\":\"https:\\\/\\\/fashionmuseum.shop\\\/lv\\\/#organization\",\"name\":\"Modes muzejs\",\"url\":\"https:\\\/\\\/fashionmuseum.shop\\\/lv\\\/\",\"logo\":{\"@type\":\"ImageObject\",\"inLanguage\":\"lv-LV\",\"@id\":\"https:\\\/\\\/fashionmuseum.shop\\\/lv\\\/#\\\/schema\\\/logo\\\/image\\\/\",\"url\":\"https:\\\/\\\/i1.wp.com\\\/fashionmuseum.shop\\\/wp-content\\\/uploads\\\/2020\\\/04\\\/apple-touch-icon.png?fit=180%2C180&ssl=1\",\"contentUrl\":\"https:\\\/\\\/i1.wp.com\\\/fashionmuseum.shop\\\/wp-content\\\/uploads\\\/2020\\\/04\\\/apple-touch-icon.png?fit=180%2C180&ssl=1\",\"width\":180,\"height\":180,\"caption\":\"Modes muzejs\"},\"image\":{\"@id\":\"https:\\\/\\\/fashionmuseum.shop\\\/lv\\\/#\\\/schema\\\/logo\\\/image\\\/\"}}]}<\/script>\n<!-- \/ Yoast SEO plugin. -->","yoast_head_json":{"title":"A Century of Colour in Design. 250 innovative objects and the stories behind them - Fashion Museum Riga Online Store","robots":{"index":"index","follow":"follow","max-snippet":"max-snippet:-1","max-image-preview":"max-image-preview:large","max-video-preview":"max-video-preview:-1"},"canonical":"https:\/\/fashionmuseum.shop\/lv\/prece\/a-century-of-colour-in-design-250-innovative-objects-and-the-stories-behind-them\/","og_locale":"lv_LV","og_type":"article","og_title":"A Century of Colour in Design. 250 innovative objects and the stories behind them - Fashion Museum Riga Online Store","og_description":"David Harrison  K\u0101p\u0113c m\u0113s izv\u0113l\u0113j\u0101mies \u0161o gr\u0101matu:  Pols Gog\u0113ns reiz teicis \u2013 kr\u0101sa ir k\u0101 dzi\u013ca un nosl\u0113pumaina valoda, sap\u0146u valoda. To patiesi nekad neapn\u012bk p\u0113t\u012bt, vai ne? \u0160\u012b ko\u0161\u0101 un \u0101rk\u0101rt\u012bgi eleganti noform\u0113t\u0101 gr\u0101mata velt\u012bta kr\u0101sas lietojumam dizain\u0101. T\u0101 aizved ce\u013cojum\u0101 pa 20. gadsimta da\u017e\u0101dajiem dizaina novirzieniem, akcent\u0113jot 250 da\u017e\u0101dus objektus. Uzzin\u0101sit gan par ietekm\u012bgiem dizaineriem, gan par ikoniskiem dizaina priek\u0161metiem, gan par kr\u0101su modi dizain\u0101. Lieliska gr\u0101mata skaistuma gard\u0113\u017eiem!","og_url":"https:\/\/fashionmuseum.shop\/lv\/prece\/a-century-of-colour-in-design-250-innovative-objects-and-the-stories-behind-them\/","og_site_name":"Fashion Museum Riga Online Store","article_modified_time":"2021-09-01T15:38:10+00:00","og_image":[{"width":2560,"height":2560,"url":"https:\/\/i0.wp.com\/fashionmuseum.shop\/wp-content\/uploads\/2021\/08\/Adobe_Post_20210901_1204210.5853624724366805-min.png?fit=2560%2C2560&ssl=1","type":"image\/png"}],"twitter_card":"summary_large_image","twitter_misc":{"Est. reading time":"1 minute"},"schema":{"@context":"https:\/\/schema.org","@graph":[{"@type":"WebPage","@id":"https:\/\/fashionmuseum.shop\/lv\/prece\/a-century-of-colour-in-design-250-innovative-objects-and-the-stories-behind-them\/","url":"https:\/\/fashionmuseum.shop\/lv\/prece\/a-century-of-colour-in-design-250-innovative-objects-and-the-stories-behind-them\/","name":"A Century of Colour in Design. 250 innovative objects and the stories behind them - Fashion Museum Riga Online Store","isPartOf":{"@id":"https:\/\/fashionmuseum.shop\/lv\/#website"},"primaryImageOfPage":{"@id":"https:\/\/fashionmuseum.shop\/lv\/prece\/a-century-of-colour-in-design-250-innovative-objects-and-the-stories-behind-them\/#primaryimage"},"image":{"@id":"https:\/\/fashionmuseum.shop\/lv\/prece\/a-century-of-colour-in-design-250-innovative-objects-and-the-stories-behind-them\/#primaryimage"},"thumbnailUrl":"https:\/\/i0.wp.com\/fashionmuseum.shop\/wp-content\/uploads\/2021\/08\/Adobe_Post_20210901_1204210.5853624724366805-min.png?fit=2560%2C2560&ssl=1","datePublished":"2021-08-31T09:32:51+00:00","dateModified":"2021-09-01T15:38:10+00:00","breadcrumb":{"@id":"https:\/\/fashionmuseum.shop\/lv\/prece\/a-century-of-colour-in-design-250-innovative-objects-and-the-stories-behind-them\/#breadcrumb"},"inLanguage":"lv-LV","potentialAction":[{"@type":"ReadAction","target":["https:\/\/fashionmuseum.shop\/lv\/prece\/a-century-of-colour-in-design-250-innovative-objects-and-the-stories-behind-them\/"]}]},{"@type":"ImageObject","inLanguage":"lv-LV","@id":"https:\/\/fashionmuseum.shop\/lv\/prece\/a-century-of-colour-in-design-250-innovative-objects-and-the-stories-behind-them\/#primaryimage","url":"https:\/\/i0.wp.com\/fashionmuseum.shop\/wp-content\/uploads\/2021\/08\/Adobe_Post_20210901_1204210.5853624724366805-min.png?fit=2560%2C2560&ssl=1","contentUrl":"https:\/\/i0.wp.com\/fashionmuseum.shop\/wp-content\/uploads\/2021\/08\/Adobe_Post_20210901_1204210.5853624724366805-min.png?fit=2560%2C2560&ssl=1","width":2560,"height":2560,"caption":"A Century of Colour in Design"},{"@type":"BreadcrumbList","@id":"https:\/\/fashionmuseum.shop\/lv\/prece\/a-century-of-colour-in-design-250-innovative-objects-and-the-stories-behind-them\/#breadcrumb","itemListElement":[{"@type":"ListItem","position":1,"name":"Home","item":"https:\/\/fashionmuseum.shop\/lv\/"},{"@type":"ListItem","position":2,"name":"Products","item":"https:\/\/fashionmuseum.shop\/lv\/shop\/"},{"@type":"ListItem","position":3,"name":"A Century of Colour in Design. 250 innovative objects and the stories behind them"}]},{"@type":"WebSite","@id":"https:\/\/fashionmuseum.shop\/lv\/#website","url":"https:\/\/fashionmuseum.shop\/lv\/","name":"Fashion Museum Online Store","description":"Fashion Museum Riga Online Store provides a wide selection of books about fashion and fashion history.","publisher":{"@id":"https:\/\/fashionmuseum.shop\/lv\/#organization"},"potentialAction":[{"@type":"SearchAction","target":{"@type":"EntryPoint","urlTemplate":"https:\/\/fashionmuseum.shop\/lv\/?s={search_term_string}"},"query-input":{"@type":"PropertyValueSpecification","valueRequired":true,"valueName":"search_term_string"}}],"inLanguage":"lv-LV"},{"@type":"Organization","@id":"https:\/\/fashionmuseum.shop\/lv\/#organization","name":"Modes muzejs","url":"https:\/\/fashionmuseum.shop\/lv\/","logo":{"@type":"ImageObject","inLanguage":"lv-LV","@id":"https:\/\/fashionmuseum.shop\/lv\/#\/schema\/logo\/image\/","url":"https:\/\/i1.wp.com\/fashionmuseum.shop\/wp-content\/uploads\/2020\/04\/apple-touch-icon.png?fit=180%2C180&ssl=1","contentUrl":"https:\/\/i1.wp.com\/fashionmuseum.shop\/wp-content\/uploads\/2020\/04\/apple-touch-icon.png?fit=180%2C180&ssl=1","width":180,"height":180,"caption":"Modes muzejs"},"image":{"@id":"https:\/\/fashionmuseum.shop\/lv\/#\/schema\/logo\/image\/"}}]}},"jetpack_publicize_connections":[],"jetpack_likes_enabled":false,"jetpack_sharing_enabled":true,"amp_enabled":true,"_links":{"self":[{"href":"https:\/\/fashionmuseum.shop\/lv\/wp-json\/wp\/v2\/product\/6356","targetHints":{"allow":["GET"]}}],"collection":[{"href":"https:\/\/fashionmuseum.shop\/lv\/wp-json\/wp\/v2\/product"}],"about":[{"href":"https:\/\/fashionmuseum.shop\/lv\/wp-json\/wp\/v2\/types\/product"}],"wp:featuredmedia":[{"embeddable":true,"href":"https:\/\/fashionmuseum.shop\/lv\/wp-json\/wp\/v2\/media\/6332"}],"wp:attachment":[{"href":"https:\/\/fashionmuseum.shop\/lv\/wp-json\/wp\/v2\/media?parent=6356"}],"wp:term":[{"taxonomy":"product_brand","embeddable":true,"href":"https:\/\/fashionmuseum.shop\/lv\/wp-json\/wp\/v2\/product_brand?post=6356"},{"taxonomy":"product_cat","embeddable":true,"href":"https:\/\/fashionmuseum.shop\/lv\/wp-json\/wp\/v2\/product_cat?post=6356"},{"taxonomy":"product_tag","embeddable":true,"href":"https:\/\/fashionmuseum.shop\/lv\/wp-json\/wp\/v2\/product_tag?post=6356"}],"curies":[{"name":"wp","href":"https:\/\/api.w.org\/{rel}","templated":true}]}}