{"id":7720,"date":"2021-11-04T13:45:18","date_gmt":"2021-11-04T11:45:18","guid":{"rendered":"https:\/\/fashionmuseum.shop\/product\/sapphire\/"},"modified":"2021-11-04T13:45:18","modified_gmt":"2021-11-04T11:45:18","slug":"sapphire","status":"publish","type":"product","link":"https:\/\/fashionmuseum.shop\/lv\/prece\/sapphire\/","title":{"rendered":"Sapphire"},"content":{"rendered":"<p><em><strong>Izdev\u0113ja gr\u0101matas anot\u0101cija:<\/strong><\/em><\/p>\n<p>Joanna Hardy traces the sapphire\u2019s history from antiquity to today in captivating stories told in a succinct exhilarating style. Along the way, she celebrates exquisite jewels worn by many notable figures, including Elizabeth Taylor, Queen Elizabeth II and the Duchess of Windsor, as well as pieces by such iconic jewellery houses as Bulgari, Cartier, Chaumet, Tiffany and Van Cleef &amp; Arpels. The book also features a rich selection of work by 21st-century creators at the vanguard of jewellery design, such as Lauren Adriana, Bina Goenka, Hemmerle, Shaun Leane and Mish. An exclusive insight into six major private collections includes many previously unpublished pieces. A feast for the senses, <i>Sapphire<\/i>\u00a0is a beautiful addition to any gem-lover\u2019s library.<\/p>\n<p>\u0160\u012bs gr\u0101matas izdev\u0113js ir <a href=\"https:\/\/fashionmuseum.shop\/publisher\/thamesandhudson\/\"><strong><a href=\"https:\/\/fashionmuseum.shop\/lv\/publisher\/thames-and-hudson\/\">Thames and Hudson<\/a><\/strong><\/a>, ISBN 9780500024775<\/p>\n","protected":false},"excerpt":{"rendered":"<p><a href=\"https:\/\/fashionmuseum.shop\/lv\/book-author\/joanna-hardy-lv\/\"><strong>Joanna Hardy<\/strong><\/a>, <a href=\"https:\/\/fashionmuseum.shop\/lv\/book-author\/robert-violette-lv\/\"><strong>Robert Violette<\/strong><\/a><\/p>\n<p><strong><i><em>K\u0101p\u0113c m\u0113s izv\u0113l\u0113j\u0101mies \u0161o gr\u0101matu<\/em>:<\/i><\/strong><\/p>\n<p>Unik\u0101ls un \u0101rk\u0101rt\u012bgi skaists izdevums \u2013 tik apjom\u012bga gr\u0101mata skaisti zilajam d\u0101rgakmenim saf\u012bram v\u0113l nekad nav tikusi velt\u012bta! Sen\u0101kos laikos valdnieku, m\u016bsdien\u0101s \u2013 Holivudas zvaig\u017e\u0146u akmens, saf\u012brs \u0161ai izdevum\u0101 atkl\u0101jas vis\u0101 sav\u0101 kr\u0101\u0161\u0146um\u0101 \u2013 bag\u0101t\u012bgaj\u0101 att\u0113lu kl\u0101st\u0101 iek\u013cautas gan izcil\u0101k\u0101s saf\u012bra rotas un greznuma priek\u0161meti, tostarp iepriek\u0161 neredz\u0113ti d\u0101rgumi no karaliskaj\u0101m kolekcij\u0101m, gan saf\u012bru atveidojums m\u0101ksl\u0101, rekl\u0101m\u0101s, mod\u0113. \u012apa\u0161i grezna un v\u0113rt\u012bga gr\u0101mata!<\/p>\n","protected":false},"featured_media":7649,"template":"","meta":{"_coblocks_attr":"","_coblocks_dimensions":"","_coblocks_responsive_height":"","_coblocks_accordion_ie_support":"","_crdt_document":"","jetpack_publicize_message":"","jetpack_publicize_feature_enabled":true,"jetpack_social_post_already_shared":true,"jetpack_social_options":{"image_generator_settings":{"template":"highway","default_image_id":0,"font":"","enabled":false},"version":2},"_wpas_customize_per_network":false},"product_brand":[],"product_cat":[1611,1602,1606],"product_tag":[],"class_list":{"0":"post-7720","1":"product","2":"type-product","3":"status-publish","4":"has-post-thumbnail","6":"product_cat-gramatas-anglu-valoda","7":"product_cat-gramatas-par-aksesuariem","8":"product_cat-gramatas-par-rotaslietam","9":"pa_book-author-joanna-hardy-lv","10":"pa_book-author-robert-violette-lv","11":"pa_language-anglu","12":"pa_publisher-thames-and-hudson","14":"first","15":"instock","16":"shipping-taxable","17":"purchasable","18":"product-type-simple"},"yoast_head":"<!-- This site is optimized with the Yoast SEO plugin v27.5 - https:\/\/yoast.com\/product\/yoast-seo-wordpress\/ -->\n<title>Sapphire - Fashion Museum Riga Online Store<\/title>\n<meta name=\"robots\" content=\"index, follow, max-snippet:-1, max-image-preview:large, max-video-preview:-1\" \/>\n<link rel=\"canonical\" href=\"https:\/\/fashionmuseum.shop\/lv\/prece\/sapphire\/\" \/>\n<meta property=\"og:locale\" content=\"lv_LV\" \/>\n<meta property=\"og:type\" content=\"article\" \/>\n<meta property=\"og:title\" content=\"Sapphire - Fashion Museum Riga Online Store\" \/>\n<meta property=\"og:description\" content=\"Joanna Hardy, Robert Violette  K\u0101p\u0113c m\u0113s izv\u0113l\u0113j\u0101mies \u0161o gr\u0101matu:  Unik\u0101ls un \u0101rk\u0101rt\u012bgi skaists izdevums \u2013 tik apjom\u012bga gr\u0101mata skaisti zilajam d\u0101rgakmenim saf\u012bram v\u0113l nekad nav tikusi velt\u012bta! Sen\u0101kos laikos valdnieku, m\u016bsdien\u0101s \u2013 Holivudas zvaig\u017e\u0146u akmens, saf\u012brs \u0161ai izdevum\u0101 atkl\u0101jas vis\u0101 sav\u0101 kr\u0101\u0161\u0146um\u0101 \u2013 bag\u0101t\u012bgaj\u0101 att\u0113lu kl\u0101st\u0101 iek\u013cautas gan izcil\u0101k\u0101s saf\u012bra rotas un greznuma priek\u0161meti, tostarp iepriek\u0161 neredz\u0113ti d\u0101rgumi no karaliskaj\u0101m kolekcij\u0101m, gan saf\u012bru atveidojums m\u0101ksl\u0101, rekl\u0101m\u0101s, mod\u0113. \u012apa\u0161i grezna un v\u0113rt\u012bga gr\u0101mata!\" \/>\n<meta property=\"og:url\" content=\"https:\/\/fashionmuseum.shop\/lv\/prece\/sapphire\/\" \/>\n<meta property=\"og:site_name\" content=\"Fashion Museum Riga Online Store\" \/>\n<meta property=\"og:image\" content=\"https:\/\/fashionmuseum.shop\/wp-content\/uploads\/2021\/11\/Adobe_Post_20211106_1404460.42652438059807773-1024x1024.png\" \/>\n\t<meta property=\"og:image:width\" content=\"1024\" \/>\n\t<meta property=\"og:image:height\" content=\"1024\" \/>\n\t<meta property=\"og:image:type\" content=\"image\/png\" \/>\n<meta name=\"twitter:card\" content=\"summary_large_image\" \/>\n<meta name=\"twitter:label1\" content=\"Est. reading time\" \/>\n\t<meta name=\"twitter:data1\" content=\"1 minute\" \/>\n<script type=\"application\/ld+json\" class=\"yoast-schema-graph\">{\"@context\":\"https:\\\/\\\/schema.org\",\"@graph\":[{\"@type\":\"WebPage\",\"@id\":\"https:\\\/\\\/fashionmuseum.shop\\\/lv\\\/prece\\\/sapphire\\\/\",\"url\":\"https:\\\/\\\/fashionmuseum.shop\\\/lv\\\/prece\\\/sapphire\\\/\",\"name\":\"Sapphire - Fashion Museum Riga Online Store\",\"isPartOf\":{\"@id\":\"https:\\\/\\\/fashionmuseum.shop\\\/lv\\\/#website\"},\"primaryImageOfPage\":{\"@id\":\"https:\\\/\\\/fashionmuseum.shop\\\/lv\\\/prece\\\/sapphire\\\/#primaryimage\"},\"image\":{\"@id\":\"https:\\\/\\\/fashionmuseum.shop\\\/lv\\\/prece\\\/sapphire\\\/#primaryimage\"},\"thumbnailUrl\":\"https:\\\/\\\/i0.wp.com\\\/fashionmuseum.shop\\\/wp-content\\\/uploads\\\/2021\\\/11\\\/Adobe_Post_20211106_1404460.42652438059807773.png?fit=2560%2C2560&ssl=1\",\"datePublished\":\"2021-11-04T11:45:18+00:00\",\"breadcrumb\":{\"@id\":\"https:\\\/\\\/fashionmuseum.shop\\\/lv\\\/prece\\\/sapphire\\\/#breadcrumb\"},\"inLanguage\":\"lv-LV\",\"potentialAction\":[{\"@type\":\"ReadAction\",\"target\":[\"https:\\\/\\\/fashionmuseum.shop\\\/lv\\\/prece\\\/sapphire\\\/\"]}]},{\"@type\":\"ImageObject\",\"inLanguage\":\"lv-LV\",\"@id\":\"https:\\\/\\\/fashionmuseum.shop\\\/lv\\\/prece\\\/sapphire\\\/#primaryimage\",\"url\":\"https:\\\/\\\/i0.wp.com\\\/fashionmuseum.shop\\\/wp-content\\\/uploads\\\/2021\\\/11\\\/Adobe_Post_20211106_1404460.42652438059807773.png?fit=2560%2C2560&ssl=1\",\"contentUrl\":\"https:\\\/\\\/i0.wp.com\\\/fashionmuseum.shop\\\/wp-content\\\/uploads\\\/2021\\\/11\\\/Adobe_Post_20211106_1404460.42652438059807773.png?fit=2560%2C2560&ssl=1\",\"width\":2560,\"height\":2560,\"caption\":\"Sapphire Cover\"},{\"@type\":\"BreadcrumbList\",\"@id\":\"https:\\\/\\\/fashionmuseum.shop\\\/lv\\\/prece\\\/sapphire\\\/#breadcrumb\",\"itemListElement\":[{\"@type\":\"ListItem\",\"position\":1,\"name\":\"Home\",\"item\":\"https:\\\/\\\/fashionmuseum.shop\\\/lv\\\/\"},{\"@type\":\"ListItem\",\"position\":2,\"name\":\"Products\",\"item\":\"https:\\\/\\\/fashionmuseum.shop\\\/lv\\\/shop\\\/\"},{\"@type\":\"ListItem\",\"position\":3,\"name\":\"Sapphire\"}]},{\"@type\":\"WebSite\",\"@id\":\"https:\\\/\\\/fashionmuseum.shop\\\/lv\\\/#website\",\"url\":\"https:\\\/\\\/fashionmuseum.shop\\\/lv\\\/\",\"name\":\"Fashion Museum Online Store\",\"description\":\"Fashion Museum Riga Online Store provides a wide selection of books about fashion and fashion history.\",\"publisher\":{\"@id\":\"https:\\\/\\\/fashionmuseum.shop\\\/lv\\\/#organization\"},\"potentialAction\":[{\"@type\":\"SearchAction\",\"target\":{\"@type\":\"EntryPoint\",\"urlTemplate\":\"https:\\\/\\\/fashionmuseum.shop\\\/lv\\\/?s={search_term_string}\"},\"query-input\":{\"@type\":\"PropertyValueSpecification\",\"valueRequired\":true,\"valueName\":\"search_term_string\"}}],\"inLanguage\":\"lv-LV\"},{\"@type\":\"Organization\",\"@id\":\"https:\\\/\\\/fashionmuseum.shop\\\/lv\\\/#organization\",\"name\":\"Modes muzejs\",\"url\":\"https:\\\/\\\/fashionmuseum.shop\\\/lv\\\/\",\"logo\":{\"@type\":\"ImageObject\",\"inLanguage\":\"lv-LV\",\"@id\":\"https:\\\/\\\/fashionmuseum.shop\\\/lv\\\/#\\\/schema\\\/logo\\\/image\\\/\",\"url\":\"https:\\\/\\\/i1.wp.com\\\/fashionmuseum.shop\\\/wp-content\\\/uploads\\\/2020\\\/04\\\/apple-touch-icon.png?fit=180%2C180&ssl=1\",\"contentUrl\":\"https:\\\/\\\/i1.wp.com\\\/fashionmuseum.shop\\\/wp-content\\\/uploads\\\/2020\\\/04\\\/apple-touch-icon.png?fit=180%2C180&ssl=1\",\"width\":180,\"height\":180,\"caption\":\"Modes muzejs\"},\"image\":{\"@id\":\"https:\\\/\\\/fashionmuseum.shop\\\/lv\\\/#\\\/schema\\\/logo\\\/image\\\/\"}}]}<\/script>\n<!-- \/ Yoast SEO plugin. -->","yoast_head_json":{"title":"Sapphire - Fashion Museum Riga Online Store","robots":{"index":"index","follow":"follow","max-snippet":"max-snippet:-1","max-image-preview":"max-image-preview:large","max-video-preview":"max-video-preview:-1"},"canonical":"https:\/\/fashionmuseum.shop\/lv\/prece\/sapphire\/","og_locale":"lv_LV","og_type":"article","og_title":"Sapphire - Fashion Museum Riga Online Store","og_description":"Joanna Hardy, Robert Violette  K\u0101p\u0113c m\u0113s izv\u0113l\u0113j\u0101mies \u0161o gr\u0101matu:  Unik\u0101ls un \u0101rk\u0101rt\u012bgi skaists izdevums \u2013 tik apjom\u012bga gr\u0101mata skaisti zilajam d\u0101rgakmenim saf\u012bram v\u0113l nekad nav tikusi velt\u012bta! Sen\u0101kos laikos valdnieku, m\u016bsdien\u0101s \u2013 Holivudas zvaig\u017e\u0146u akmens, saf\u012brs \u0161ai izdevum\u0101 atkl\u0101jas vis\u0101 sav\u0101 kr\u0101\u0161\u0146um\u0101 \u2013 bag\u0101t\u012bgaj\u0101 att\u0113lu kl\u0101st\u0101 iek\u013cautas gan izcil\u0101k\u0101s saf\u012bra rotas un greznuma priek\u0161meti, tostarp iepriek\u0161 neredz\u0113ti d\u0101rgumi no karaliskaj\u0101m kolekcij\u0101m, gan saf\u012bru atveidojums m\u0101ksl\u0101, rekl\u0101m\u0101s, mod\u0113. \u012apa\u0161i grezna un v\u0113rt\u012bga gr\u0101mata!","og_url":"https:\/\/fashionmuseum.shop\/lv\/prece\/sapphire\/","og_site_name":"Fashion Museum Riga Online Store","og_image":[{"width":1024,"height":1024,"url":"https:\/\/fashionmuseum.shop\/wp-content\/uploads\/2021\/11\/Adobe_Post_20211106_1404460.42652438059807773-1024x1024.png","type":"image\/png"}],"twitter_card":"summary_large_image","twitter_misc":{"Est. reading time":"1 minute"},"schema":{"@context":"https:\/\/schema.org","@graph":[{"@type":"WebPage","@id":"https:\/\/fashionmuseum.shop\/lv\/prece\/sapphire\/","url":"https:\/\/fashionmuseum.shop\/lv\/prece\/sapphire\/","name":"Sapphire - Fashion Museum Riga Online Store","isPartOf":{"@id":"https:\/\/fashionmuseum.shop\/lv\/#website"},"primaryImageOfPage":{"@id":"https:\/\/fashionmuseum.shop\/lv\/prece\/sapphire\/#primaryimage"},"image":{"@id":"https:\/\/fashionmuseum.shop\/lv\/prece\/sapphire\/#primaryimage"},"thumbnailUrl":"https:\/\/i0.wp.com\/fashionmuseum.shop\/wp-content\/uploads\/2021\/11\/Adobe_Post_20211106_1404460.42652438059807773.png?fit=2560%2C2560&ssl=1","datePublished":"2021-11-04T11:45:18+00:00","breadcrumb":{"@id":"https:\/\/fashionmuseum.shop\/lv\/prece\/sapphire\/#breadcrumb"},"inLanguage":"lv-LV","potentialAction":[{"@type":"ReadAction","target":["https:\/\/fashionmuseum.shop\/lv\/prece\/sapphire\/"]}]},{"@type":"ImageObject","inLanguage":"lv-LV","@id":"https:\/\/fashionmuseum.shop\/lv\/prece\/sapphire\/#primaryimage","url":"https:\/\/i0.wp.com\/fashionmuseum.shop\/wp-content\/uploads\/2021\/11\/Adobe_Post_20211106_1404460.42652438059807773.png?fit=2560%2C2560&ssl=1","contentUrl":"https:\/\/i0.wp.com\/fashionmuseum.shop\/wp-content\/uploads\/2021\/11\/Adobe_Post_20211106_1404460.42652438059807773.png?fit=2560%2C2560&ssl=1","width":2560,"height":2560,"caption":"Sapphire Cover"},{"@type":"BreadcrumbList","@id":"https:\/\/fashionmuseum.shop\/lv\/prece\/sapphire\/#breadcrumb","itemListElement":[{"@type":"ListItem","position":1,"name":"Home","item":"https:\/\/fashionmuseum.shop\/lv\/"},{"@type":"ListItem","position":2,"name":"Products","item":"https:\/\/fashionmuseum.shop\/lv\/shop\/"},{"@type":"ListItem","position":3,"name":"Sapphire"}]},{"@type":"WebSite","@id":"https:\/\/fashionmuseum.shop\/lv\/#website","url":"https:\/\/fashionmuseum.shop\/lv\/","name":"Fashion Museum Online Store","description":"Fashion Museum Riga Online Store provides a wide selection of books about fashion and fashion history.","publisher":{"@id":"https:\/\/fashionmuseum.shop\/lv\/#organization"},"potentialAction":[{"@type":"SearchAction","target":{"@type":"EntryPoint","urlTemplate":"https:\/\/fashionmuseum.shop\/lv\/?s={search_term_string}"},"query-input":{"@type":"PropertyValueSpecification","valueRequired":true,"valueName":"search_term_string"}}],"inLanguage":"lv-LV"},{"@type":"Organization","@id":"https:\/\/fashionmuseum.shop\/lv\/#organization","name":"Modes muzejs","url":"https:\/\/fashionmuseum.shop\/lv\/","logo":{"@type":"ImageObject","inLanguage":"lv-LV","@id":"https:\/\/fashionmuseum.shop\/lv\/#\/schema\/logo\/image\/","url":"https:\/\/i1.wp.com\/fashionmuseum.shop\/wp-content\/uploads\/2020\/04\/apple-touch-icon.png?fit=180%2C180&ssl=1","contentUrl":"https:\/\/i1.wp.com\/fashionmuseum.shop\/wp-content\/uploads\/2020\/04\/apple-touch-icon.png?fit=180%2C180&ssl=1","width":180,"height":180,"caption":"Modes muzejs"},"image":{"@id":"https:\/\/fashionmuseum.shop\/lv\/#\/schema\/logo\/image\/"}}]}},"jetpack_publicize_connections":[],"jetpack_likes_enabled":false,"jetpack_sharing_enabled":true,"amp_enabled":true,"_links":{"self":[{"href":"https:\/\/fashionmuseum.shop\/lv\/wp-json\/wp\/v2\/product\/7720","targetHints":{"allow":["GET"]}}],"collection":[{"href":"https:\/\/fashionmuseum.shop\/lv\/wp-json\/wp\/v2\/product"}],"about":[{"href":"https:\/\/fashionmuseum.shop\/lv\/wp-json\/wp\/v2\/types\/product"}],"wp:featuredmedia":[{"embeddable":true,"href":"https:\/\/fashionmuseum.shop\/lv\/wp-json\/wp\/v2\/media\/7649"}],"wp:attachment":[{"href":"https:\/\/fashionmuseum.shop\/lv\/wp-json\/wp\/v2\/media?parent=7720"}],"wp:term":[{"taxonomy":"product_brand","embeddable":true,"href":"https:\/\/fashionmuseum.shop\/lv\/wp-json\/wp\/v2\/product_brand?post=7720"},{"taxonomy":"product_cat","embeddable":true,"href":"https:\/\/fashionmuseum.shop\/lv\/wp-json\/wp\/v2\/product_cat?post=7720"},{"taxonomy":"product_tag","embeddable":true,"href":"https:\/\/fashionmuseum.shop\/lv\/wp-json\/wp\/v2\/product_tag?post=7720"}],"curies":[{"name":"wp","href":"https:\/\/api.w.org\/{rel}","templated":true}]}}