{"id":7722,"date":"2021-11-04T13:45:17","date_gmt":"2021-11-04T11:45:17","guid":{"rendered":"https:\/\/fashionmuseum.shop\/product\/a-scented-palace\/"},"modified":"2021-11-30T15:06:14","modified_gmt":"2021-11-30T13:06:14","slug":"a-scented-palace","status":"publish","type":"product","link":"https:\/\/fashionmuseum.shop\/lv\/prece\/a-scented-palace\/","title":{"rendered":"A Scented Palace"},"content":{"rendered":"<p><em><strong>Izdev\u0113ja gr\u0101matas anot\u0101cija:<\/strong><\/em><\/p>\n<p>Montpellier, 1748: Jean-Louis Fargeon is born into a family of perfumers and soon becomes apprentice to his father&#8217;s modest perfumery. But he dreams of the glittering court of Versailles and of becoming perfumer to the young queen, Marie Antoinette. His ambition carried him to Paris where his boutique became one of the most elegant and well-patronised in France. Concocting sumptuous perfumes and pomades for most of the French nobility, Fargeon eventually caught the attention of the queen. After meeting Marie Antoinette in the Trianon Palace, he began creating lavish bespoke scents that perfectly reflected her moods and personality.He served as her personal and exclusive perfumer for fourteen years until 1789 when the darkness of Revolution swept across France, its wrath aimed at the extravagance of a now hated queen. Fargeon, a lifelong supporter of the Republican cause but a purveyor to the court, was in a dangerous position. Yet he remained fiercely loyal to Marie Antoinette, beyond her desperate flight to Varennes, her execution and even through his own imprisonment and trial&#8230;<\/p>\n<p><strong>Saturs<\/strong><\/p>\n<p>Introduction by Catherine Wright<br \/>\nPrologue<br \/>\n1. The Main Theme<br \/>\n2. The Touches from the Heart<br \/>\n3. The Basic Tenor<br \/>\nEpilogue<br \/>\nAppendix 1: The Palette of Jean-Louis Fargeon<br \/>\nAppendix 2: Procedures for the Manufacture of Perfumes<br \/>\nNotes<\/p>\n<p>\u0160\u012bs gr\u0101matas izdev\u0113js ir <strong><a href=\"https:\/\/fashionmuseum.shop\/lv\/publisher\/bloomsbury-publishing-lv\/\">Bloomsbury Publishing<\/a><\/strong>, ISBN 9780755647149<\/p>\n","protected":false},"excerpt":{"rendered":"<p><a href=\"https:\/\/fashionmuseum.shop\/lv\/book-author\/elisabeth-de-feydeau-lv\/\"><strong>Elisabeth de Feydeau<\/strong><\/a><\/p>\n<p><strong><i><em>K\u0101p\u0113c m\u0113s izv\u0113l\u0113j\u0101mies \u0161o gr\u0101matu<\/em>:<\/i><\/strong><\/p>\n<p>\u0160\u012b gr\u0101mata velt\u012bta \u017danam Luijam Far\u017eonam, kur\u0161 14 gadus bija Marijas Antuanetes person\u012bgais parfim\u0113rs. Dzimis Monpelj\u0113, parfim\u0113ru \u0123imen\u0113, vi\u0146\u0161 sap\u0146oja par ko vair\u0101k \u2013 par Versa\u013cas galma spo\u017eumu. Aizraujo\u0161s ieskats ne vien 18. gadsimta 2. puses parfim\u0113rijas un galma dz\u012bves aizkulis\u0113s un Marijas Antuanetes dz\u012bv\u0113 un person\u012bb\u0101, bet ar\u012b v\u0113sturiskajos notikumos, kas tolaik satricin\u0101ja Franciju.<\/p>\n","protected":false},"featured_media":7646,"template":"","meta":{"_coblocks_attr":"","_coblocks_dimensions":"","_coblocks_responsive_height":"","_coblocks_accordion_ie_support":"","_crdt_document":"","jetpack_post_was_ever_published":false,"jetpack_publicize_message":"","jetpack_publicize_feature_enabled":true,"jetpack_social_post_already_shared":true,"jetpack_social_options":{"image_generator_settings":{"template":"highway","default_image_id":0,"font":"","enabled":false},"version":2},"_wpas_customize_per_network":false},"product_brand":[],"product_cat":[1611,2900],"product_tag":[],"class_list":{"0":"post-7722","1":"product","2":"type-product","3":"status-publish","4":"has-post-thumbnail","6":"product_cat-gramatas-anglu-valoda","7":"product_cat-gramatas-par-parfimiem","8":"pa_book-author-elisabeth-de-feydeau-lv","9":"pa_language-anglu","10":"pa_publisher-bloomsbury-publishing-lv","12":"first","13":"outofstock","14":"shipping-taxable","15":"purchasable","16":"product-type-simple"},"yoast_head":"<!-- This site is optimized with the Yoast SEO plugin v27.3 - https:\/\/yoast.com\/product\/yoast-seo-wordpress\/ -->\n<title>A Scented Palace - Fashion Museum Riga Online Store<\/title>\n<meta name=\"robots\" content=\"index, follow, max-snippet:-1, max-image-preview:large, max-video-preview:-1\" \/>\n<link rel=\"canonical\" href=\"https:\/\/fashionmuseum.shop\/lv\/prece\/a-scented-palace\/\" \/>\n<meta property=\"og:locale\" content=\"lv_LV\" \/>\n<meta property=\"og:type\" content=\"article\" \/>\n<meta property=\"og:title\" content=\"A Scented Palace - Fashion Museum Riga Online Store\" \/>\n<meta property=\"og:description\" content=\"Elisabeth de Feydeau  K\u0101p\u0113c m\u0113s izv\u0113l\u0113j\u0101mies \u0161o gr\u0101matu:  \u0160\u012b gr\u0101mata velt\u012bta \u017danam Luijam Far\u017eonam, kur\u0161 14 gadus bija Marijas Antuanetes person\u012bgais parfim\u0113rs. Dzimis Monpelj\u0113, parfim\u0113ru \u0123imen\u0113, vi\u0146\u0161 sap\u0146oja par ko vair\u0101k \u2013 par Versa\u013cas galma spo\u017eumu. Aizraujo\u0161s ieskats ne vien 18. gadsimta 2. puses parfim\u0113rijas un galma dz\u012bves aizkulis\u0113s un Marijas Antuanetes dz\u012bv\u0113 un person\u012bb\u0101, bet ar\u012b v\u0113sturiskajos notikumos, kas tolaik satricin\u0101ja Franciju.\" \/>\n<meta property=\"og:url\" content=\"https:\/\/fashionmuseum.shop\/lv\/prece\/a-scented-palace\/\" \/>\n<meta property=\"og:site_name\" content=\"Fashion Museum Riga Online Store\" \/>\n<meta property=\"article:modified_time\" content=\"2021-11-30T13:06:14+00:00\" \/>\n<meta property=\"og:image\" content=\"https:\/\/fashionmuseum.shop\/wp-content\/uploads\/2021\/11\/Adobe_Post_20211105_1125050.9194858935816369-1024x1024.png\" \/>\n\t<meta property=\"og:image:width\" content=\"1024\" \/>\n\t<meta property=\"og:image:height\" content=\"1024\" \/>\n\t<meta property=\"og:image:type\" content=\"image\/png\" \/>\n<meta name=\"twitter:card\" content=\"summary_large_image\" \/>\n<meta name=\"twitter:label1\" content=\"Est. reading time\" \/>\n\t<meta name=\"twitter:data1\" content=\"1 minute\" \/>\n<script type=\"application\/ld+json\" class=\"yoast-schema-graph\">{\"@context\":\"https:\\\/\\\/schema.org\",\"@graph\":[{\"@type\":\"WebPage\",\"@id\":\"https:\\\/\\\/fashionmuseum.shop\\\/lv\\\/prece\\\/a-scented-palace\\\/\",\"url\":\"https:\\\/\\\/fashionmuseum.shop\\\/lv\\\/prece\\\/a-scented-palace\\\/\",\"name\":\"A Scented Palace - Fashion Museum Riga Online Store\",\"isPartOf\":{\"@id\":\"https:\\\/\\\/fashionmuseum.shop\\\/lv\\\/#website\"},\"primaryImageOfPage\":{\"@id\":\"https:\\\/\\\/fashionmuseum.shop\\\/lv\\\/prece\\\/a-scented-palace\\\/#primaryimage\"},\"image\":{\"@id\":\"https:\\\/\\\/fashionmuseum.shop\\\/lv\\\/prece\\\/a-scented-palace\\\/#primaryimage\"},\"thumbnailUrl\":\"https:\\\/\\\/i0.wp.com\\\/fashionmuseum.shop\\\/wp-content\\\/uploads\\\/2021\\\/11\\\/Adobe_Post_20211105_1125050.9194858935816369.png?fit=2560%2C2560&ssl=1\",\"datePublished\":\"2021-11-04T11:45:17+00:00\",\"dateModified\":\"2021-11-30T13:06:14+00:00\",\"breadcrumb\":{\"@id\":\"https:\\\/\\\/fashionmuseum.shop\\\/lv\\\/prece\\\/a-scented-palace\\\/#breadcrumb\"},\"inLanguage\":\"lv-LV\",\"potentialAction\":[{\"@type\":\"ReadAction\",\"target\":[\"https:\\\/\\\/fashionmuseum.shop\\\/lv\\\/prece\\\/a-scented-palace\\\/\"]}]},{\"@type\":\"ImageObject\",\"inLanguage\":\"lv-LV\",\"@id\":\"https:\\\/\\\/fashionmuseum.shop\\\/lv\\\/prece\\\/a-scented-palace\\\/#primaryimage\",\"url\":\"https:\\\/\\\/i0.wp.com\\\/fashionmuseum.shop\\\/wp-content\\\/uploads\\\/2021\\\/11\\\/Adobe_Post_20211105_1125050.9194858935816369.png?fit=2560%2C2560&ssl=1\",\"contentUrl\":\"https:\\\/\\\/i0.wp.com\\\/fashionmuseum.shop\\\/wp-content\\\/uploads\\\/2021\\\/11\\\/Adobe_Post_20211105_1125050.9194858935816369.png?fit=2560%2C2560&ssl=1\",\"width\":2560,\"height\":2560,\"caption\":\"A Scented Palace Cover\"},{\"@type\":\"BreadcrumbList\",\"@id\":\"https:\\\/\\\/fashionmuseum.shop\\\/lv\\\/prece\\\/a-scented-palace\\\/#breadcrumb\",\"itemListElement\":[{\"@type\":\"ListItem\",\"position\":1,\"name\":\"Home\",\"item\":\"https:\\\/\\\/fashionmuseum.shop\\\/lv\\\/\"},{\"@type\":\"ListItem\",\"position\":2,\"name\":\"Products\",\"item\":\"https:\\\/\\\/fashionmuseum.shop\\\/lv\\\/shop\\\/\"},{\"@type\":\"ListItem\",\"position\":3,\"name\":\"A Scented Palace\"}]},{\"@type\":\"WebSite\",\"@id\":\"https:\\\/\\\/fashionmuseum.shop\\\/lv\\\/#website\",\"url\":\"https:\\\/\\\/fashionmuseum.shop\\\/lv\\\/\",\"name\":\"Fashion Museum Online Store\",\"description\":\"Fashion Museum Riga Online Store provides a wide selection of books about fashion and fashion history.\",\"publisher\":{\"@id\":\"https:\\\/\\\/fashionmuseum.shop\\\/lv\\\/#organization\"},\"potentialAction\":[{\"@type\":\"SearchAction\",\"target\":{\"@type\":\"EntryPoint\",\"urlTemplate\":\"https:\\\/\\\/fashionmuseum.shop\\\/lv\\\/?s={search_term_string}\"},\"query-input\":{\"@type\":\"PropertyValueSpecification\",\"valueRequired\":true,\"valueName\":\"search_term_string\"}}],\"inLanguage\":\"lv-LV\"},{\"@type\":\"Organization\",\"@id\":\"https:\\\/\\\/fashionmuseum.shop\\\/lv\\\/#organization\",\"name\":\"Modes muzejs\",\"url\":\"https:\\\/\\\/fashionmuseum.shop\\\/lv\\\/\",\"logo\":{\"@type\":\"ImageObject\",\"inLanguage\":\"lv-LV\",\"@id\":\"https:\\\/\\\/fashionmuseum.shop\\\/lv\\\/#\\\/schema\\\/logo\\\/image\\\/\",\"url\":\"https:\\\/\\\/i1.wp.com\\\/fashionmuseum.shop\\\/wp-content\\\/uploads\\\/2020\\\/04\\\/apple-touch-icon.png?fit=180%2C180&ssl=1\",\"contentUrl\":\"https:\\\/\\\/i1.wp.com\\\/fashionmuseum.shop\\\/wp-content\\\/uploads\\\/2020\\\/04\\\/apple-touch-icon.png?fit=180%2C180&ssl=1\",\"width\":180,\"height\":180,\"caption\":\"Modes muzejs\"},\"image\":{\"@id\":\"https:\\\/\\\/fashionmuseum.shop\\\/lv\\\/#\\\/schema\\\/logo\\\/image\\\/\"}}]}<\/script>\n<!-- \/ Yoast SEO plugin. -->","yoast_head_json":{"title":"A Scented Palace - Fashion Museum Riga Online Store","robots":{"index":"index","follow":"follow","max-snippet":"max-snippet:-1","max-image-preview":"max-image-preview:large","max-video-preview":"max-video-preview:-1"},"canonical":"https:\/\/fashionmuseum.shop\/lv\/prece\/a-scented-palace\/","og_locale":"lv_LV","og_type":"article","og_title":"A Scented Palace - Fashion Museum Riga Online Store","og_description":"Elisabeth de Feydeau  K\u0101p\u0113c m\u0113s izv\u0113l\u0113j\u0101mies \u0161o gr\u0101matu:  \u0160\u012b gr\u0101mata velt\u012bta \u017danam Luijam Far\u017eonam, kur\u0161 14 gadus bija Marijas Antuanetes person\u012bgais parfim\u0113rs. Dzimis Monpelj\u0113, parfim\u0113ru \u0123imen\u0113, vi\u0146\u0161 sap\u0146oja par ko vair\u0101k \u2013 par Versa\u013cas galma spo\u017eumu. Aizraujo\u0161s ieskats ne vien 18. gadsimta 2. puses parfim\u0113rijas un galma dz\u012bves aizkulis\u0113s un Marijas Antuanetes dz\u012bv\u0113 un person\u012bb\u0101, bet ar\u012b v\u0113sturiskajos notikumos, kas tolaik satricin\u0101ja Franciju.","og_url":"https:\/\/fashionmuseum.shop\/lv\/prece\/a-scented-palace\/","og_site_name":"Fashion Museum Riga Online Store","article_modified_time":"2021-11-30T13:06:14+00:00","og_image":[{"width":1024,"height":1024,"url":"https:\/\/fashionmuseum.shop\/wp-content\/uploads\/2021\/11\/Adobe_Post_20211105_1125050.9194858935816369-1024x1024.png","type":"image\/png"}],"twitter_card":"summary_large_image","twitter_misc":{"Est. reading time":"1 minute"},"schema":{"@context":"https:\/\/schema.org","@graph":[{"@type":"WebPage","@id":"https:\/\/fashionmuseum.shop\/lv\/prece\/a-scented-palace\/","url":"https:\/\/fashionmuseum.shop\/lv\/prece\/a-scented-palace\/","name":"A Scented Palace - Fashion Museum Riga Online Store","isPartOf":{"@id":"https:\/\/fashionmuseum.shop\/lv\/#website"},"primaryImageOfPage":{"@id":"https:\/\/fashionmuseum.shop\/lv\/prece\/a-scented-palace\/#primaryimage"},"image":{"@id":"https:\/\/fashionmuseum.shop\/lv\/prece\/a-scented-palace\/#primaryimage"},"thumbnailUrl":"https:\/\/i0.wp.com\/fashionmuseum.shop\/wp-content\/uploads\/2021\/11\/Adobe_Post_20211105_1125050.9194858935816369.png?fit=2560%2C2560&ssl=1","datePublished":"2021-11-04T11:45:17+00:00","dateModified":"2021-11-30T13:06:14+00:00","breadcrumb":{"@id":"https:\/\/fashionmuseum.shop\/lv\/prece\/a-scented-palace\/#breadcrumb"},"inLanguage":"lv-LV","potentialAction":[{"@type":"ReadAction","target":["https:\/\/fashionmuseum.shop\/lv\/prece\/a-scented-palace\/"]}]},{"@type":"ImageObject","inLanguage":"lv-LV","@id":"https:\/\/fashionmuseum.shop\/lv\/prece\/a-scented-palace\/#primaryimage","url":"https:\/\/i0.wp.com\/fashionmuseum.shop\/wp-content\/uploads\/2021\/11\/Adobe_Post_20211105_1125050.9194858935816369.png?fit=2560%2C2560&ssl=1","contentUrl":"https:\/\/i0.wp.com\/fashionmuseum.shop\/wp-content\/uploads\/2021\/11\/Adobe_Post_20211105_1125050.9194858935816369.png?fit=2560%2C2560&ssl=1","width":2560,"height":2560,"caption":"A Scented Palace Cover"},{"@type":"BreadcrumbList","@id":"https:\/\/fashionmuseum.shop\/lv\/prece\/a-scented-palace\/#breadcrumb","itemListElement":[{"@type":"ListItem","position":1,"name":"Home","item":"https:\/\/fashionmuseum.shop\/lv\/"},{"@type":"ListItem","position":2,"name":"Products","item":"https:\/\/fashionmuseum.shop\/lv\/shop\/"},{"@type":"ListItem","position":3,"name":"A Scented Palace"}]},{"@type":"WebSite","@id":"https:\/\/fashionmuseum.shop\/lv\/#website","url":"https:\/\/fashionmuseum.shop\/lv\/","name":"Fashion Museum Online Store","description":"Fashion Museum Riga Online Store provides a wide selection of books about fashion and fashion history.","publisher":{"@id":"https:\/\/fashionmuseum.shop\/lv\/#organization"},"potentialAction":[{"@type":"SearchAction","target":{"@type":"EntryPoint","urlTemplate":"https:\/\/fashionmuseum.shop\/lv\/?s={search_term_string}"},"query-input":{"@type":"PropertyValueSpecification","valueRequired":true,"valueName":"search_term_string"}}],"inLanguage":"lv-LV"},{"@type":"Organization","@id":"https:\/\/fashionmuseum.shop\/lv\/#organization","name":"Modes muzejs","url":"https:\/\/fashionmuseum.shop\/lv\/","logo":{"@type":"ImageObject","inLanguage":"lv-LV","@id":"https:\/\/fashionmuseum.shop\/lv\/#\/schema\/logo\/image\/","url":"https:\/\/i1.wp.com\/fashionmuseum.shop\/wp-content\/uploads\/2020\/04\/apple-touch-icon.png?fit=180%2C180&ssl=1","contentUrl":"https:\/\/i1.wp.com\/fashionmuseum.shop\/wp-content\/uploads\/2020\/04\/apple-touch-icon.png?fit=180%2C180&ssl=1","width":180,"height":180,"caption":"Modes muzejs"},"image":{"@id":"https:\/\/fashionmuseum.shop\/lv\/#\/schema\/logo\/image\/"}}]}},"jetpack_publicize_connections":[],"jetpack_likes_enabled":false,"jetpack_sharing_enabled":true,"amp_enabled":true,"_links":{"self":[{"href":"https:\/\/fashionmuseum.shop\/lv\/wp-json\/wp\/v2\/product\/7722","targetHints":{"allow":["GET"]}}],"collection":[{"href":"https:\/\/fashionmuseum.shop\/lv\/wp-json\/wp\/v2\/product"}],"about":[{"href":"https:\/\/fashionmuseum.shop\/lv\/wp-json\/wp\/v2\/types\/product"}],"wp:featuredmedia":[{"embeddable":true,"href":"https:\/\/fashionmuseum.shop\/lv\/wp-json\/wp\/v2\/media\/7646"}],"wp:attachment":[{"href":"https:\/\/fashionmuseum.shop\/lv\/wp-json\/wp\/v2\/media?parent=7722"}],"wp:term":[{"taxonomy":"product_brand","embeddable":true,"href":"https:\/\/fashionmuseum.shop\/lv\/wp-json\/wp\/v2\/product_brand?post=7722"},{"taxonomy":"product_cat","embeddable":true,"href":"https:\/\/fashionmuseum.shop\/lv\/wp-json\/wp\/v2\/product_cat?post=7722"},{"taxonomy":"product_tag","embeddable":true,"href":"https:\/\/fashionmuseum.shop\/lv\/wp-json\/wp\/v2\/product_tag?post=7722"}],"curies":[{"name":"wp","href":"https:\/\/api.w.org\/{rel}","templated":true}]}}