{"id":7725,"date":"2021-11-04T13:45:18","date_gmt":"2021-11-04T11:45:18","guid":{"rendered":"https:\/\/fashionmuseum.shop\/product\/silk\/"},"modified":"2021-11-04T13:45:18","modified_gmt":"2021-11-04T11:45:18","slug":"silk","status":"publish","type":"product","link":"https:\/\/fashionmuseum.shop\/lv\/prece\/silk\/","title":{"rendered":"Silk"},"content":{"rendered":"<p><em><strong>Izdev\u0113ja gr\u0101matas anot\u0101cija:<\/strong><\/em><\/p>\n<p>Silk has long captured the imagination of peoples round the globe, inspiring creativity in the making of luxurious textiles. This major new survey draws on the exceptional collections of London\u2019s Victoria and Albert Museum and explores tradition and innovation across the history and geography of silk production, celebrating the ingenuity and skill of designers and makers. Structured by technique, from weaving and knitting to dyeing, printing and embroidery, this compendium showcases a rich variety of artworks, furnishings and clothing, including fashions from recent designer catwalk shows in North America, Asia and Europe. Silk will inform every student, connoisseur and admirer of beautiful textiles.<\/p>\n<p><strong>Saturs<\/strong><\/p>\n<p>Introduction<\/p>\n<p>1. Plain and Simple: Plain weave; Satin; Chiffon; Cr\u00eape; Gauze; Stripes and checks; Shot silks. Case Histories<br \/>\n2. Warps and Wefts: Figured gauze; Damasks and satin compounds; Lampas and compound weaves; Brocading; Tapestry weave; Velvet; Carpets with knotted pile; Jacuard woven; Gold and silver threads<br \/>\n3. Twine and Twist, Net, Knot and Knit: Twinning; Twisting and Netting; Knotting; Lace; Knitting and Crochet<br \/>\n4. Paint, Resist and Print: Painting; Freehand paste resist; Resist-dyeing; Tie-dyeing; Resist-dyeing and Batik; Stencilling; Ikat; Block printing; Copper plate printing; Roller printing; Screen printing; Digital printing; Gold and Silver<br \/>\n5. Stitch, Slash, Stamp and Pleat: Embroidery and Appliqu\u00e9; Stamping; Slashing; Punching and Burning; Watering; Pleating and Smocking<\/p>\n<p>\u0160\u012bs gr\u0101matas izdev\u0113js ir <a href=\"https:\/\/fashionmuseum.shop\/lv\/publisher\/thames-and-hudson\/\"><strong>Thames and Hudson<\/strong><\/a>, ISBN 9780500480656<\/p>\n","protected":false},"excerpt":{"rendered":"<p><a href=\"https:\/\/fashionmuseum.shop\/lv\/book-author\/lesley-ellis-miller-lv\/\"><strong>Lesley Ellis Miller<\/strong><\/a>, <a href=\"https:\/\/fashionmuseum.shop\/lv\/book-author\/ana-cabrera-lafuente-lv\/\"><strong>Ana Cabrera Lafuente<\/strong><\/a>, <a href=\"https:\/\/fashionmuseum.shop\/lv\/book-author\/claire-allen-johnstone-lv\/\"><strong>Claire Allen-Johnstone<\/strong><\/a><\/p>\n<p><strong><i><em>K\u0101p\u0113c m\u0113s izv\u0113l\u0113j\u0101mies \u0161o gr\u0101matu<\/em>:<\/i><\/strong><\/p>\n<p>Satrieco\u0161i skaista gr\u0101mata, kas velt\u012bta vienam no sen\u0101kajiem audumiem pasaul\u0113 \u2013 z\u012bdam. Tematisk\u0101s noda\u013c\u0101s, kas velt\u012btas da\u017e\u0101d\u0101m z\u012bda apstr\u0101des un izmanto\u0161anas tehnik\u0101m, sak\u0101rtoti priek\u0161meti no iespaid\u012bg\u0101s Viktorijas un Alberta muzeja tekstila kolekcijas: au\u0161anas, iz\u0161\u016b\u0161anas un kr\u0101so\u0161anas meistardarbi. Gr\u0101matas \u012bpa\u0161\u0101 v\u0113rt\u012bba ir gan iev\u0113rojamais laika nogrieznis, ko t\u0101 aptver \u2013 no sen\u0101s \u0136\u012bnas l\u012bdz pat Aleksandram Makv\u012bnam \u2013, gan pla\u0161\u0101 \u0123eogr\u0101fija: no \u0100zijas l\u012bdz Dienvidamerikai un Eiropai. Must have!<\/p>\n","protected":false},"featured_media":7572,"template":"","meta":{"_coblocks_attr":"","_coblocks_dimensions":"","_coblocks_responsive_height":"","_coblocks_accordion_ie_support":"","_crdt_document":"","jetpack_publicize_message":"","jetpack_publicize_feature_enabled":true,"jetpack_social_post_already_shared":true,"jetpack_social_options":{"image_generator_settings":{"template":"highway","default_image_id":0,"font":"","enabled":false},"version":2},"_wpas_customize_per_network":false},"product_brand":[],"product_cat":[1611,1605],"product_tag":[],"class_list":{"0":"post-7725","1":"product","2":"type-product","3":"status-publish","4":"has-post-thumbnail","6":"product_cat-gramatas-anglu-valoda","7":"product_cat-gramatas-par-modes-vesturi","8":"pa_book-author-ana-cabrera-lafuente-lv","9":"pa_book-author-claire-allen-johnstone-lv","10":"pa_book-author-lesley-ellis-miller-lv","11":"pa_language-anglu","12":"pa_publisher-thames-and-hudson","14":"first","15":"instock","16":"shipping-taxable","17":"purchasable","18":"product-type-simple"},"yoast_head":"<!-- This site is optimized with the Yoast SEO plugin v27.5 - https:\/\/yoast.com\/product\/yoast-seo-wordpress\/ -->\n<title>Silk - Fashion Museum Riga Online Store<\/title>\n<meta name=\"robots\" content=\"index, follow, max-snippet:-1, max-image-preview:large, max-video-preview:-1\" \/>\n<link rel=\"canonical\" href=\"https:\/\/fashionmuseum.shop\/lv\/prece\/silk\/\" \/>\n<meta property=\"og:locale\" content=\"lv_LV\" \/>\n<meta property=\"og:type\" content=\"article\" \/>\n<meta property=\"og:title\" content=\"Silk - Fashion Museum Riga Online Store\" \/>\n<meta property=\"og:description\" content=\"Lesley Ellis Miller, Ana Cabrera Lafuente, Claire Allen-Johnstone  K\u0101p\u0113c m\u0113s izv\u0113l\u0113j\u0101mies \u0161o gr\u0101matu:  Satrieco\u0161i skaista gr\u0101mata, kas velt\u012bta vienam no sen\u0101kajiem audumiem pasaul\u0113 \u2013 z\u012bdam. Tematisk\u0101s noda\u013c\u0101s, kas velt\u012btas da\u017e\u0101d\u0101m z\u012bda apstr\u0101des un izmanto\u0161anas tehnik\u0101m, sak\u0101rtoti priek\u0161meti no iespaid\u012bg\u0101s Viktorijas un Alberta muzeja tekstila kolekcijas: au\u0161anas, iz\u0161\u016b\u0161anas un kr\u0101so\u0161anas meistardarbi. Gr\u0101matas \u012bpa\u0161\u0101 v\u0113rt\u012bba ir gan iev\u0113rojamais laika nogrieznis, ko t\u0101 aptver \u2013 no sen\u0101s \u0136\u012bnas l\u012bdz pat Aleksandram Makv\u012bnam \u2013, gan pla\u0161\u0101 \u0123eogr\u0101fija: no \u0100zijas l\u012bdz Dienvidamerikai un Eiropai. Must have!\" \/>\n<meta property=\"og:url\" content=\"https:\/\/fashionmuseum.shop\/lv\/prece\/silk\/\" \/>\n<meta property=\"og:site_name\" content=\"Fashion Museum Riga Online Store\" \/>\n<meta property=\"og:image\" content=\"https:\/\/fashionmuseum.shop\/wp-content\/uploads\/2021\/11\/Adobe_Post_20211105_1102360.3974131139294661-1024x1024.png\" \/>\n\t<meta property=\"og:image:width\" content=\"1024\" \/>\n\t<meta property=\"og:image:height\" content=\"1024\" \/>\n\t<meta property=\"og:image:type\" content=\"image\/png\" \/>\n<meta name=\"twitter:card\" content=\"summary_large_image\" \/>\n<meta name=\"twitter:label1\" content=\"Est. reading time\" \/>\n\t<meta name=\"twitter:data1\" content=\"1 minute\" \/>\n<script type=\"application\/ld+json\" class=\"yoast-schema-graph\">{\"@context\":\"https:\\\/\\\/schema.org\",\"@graph\":[{\"@type\":\"WebPage\",\"@id\":\"https:\\\/\\\/fashionmuseum.shop\\\/lv\\\/prece\\\/silk\\\/\",\"url\":\"https:\\\/\\\/fashionmuseum.shop\\\/lv\\\/prece\\\/silk\\\/\",\"name\":\"Silk - Fashion Museum Riga Online Store\",\"isPartOf\":{\"@id\":\"https:\\\/\\\/fashionmuseum.shop\\\/lv\\\/#website\"},\"primaryImageOfPage\":{\"@id\":\"https:\\\/\\\/fashionmuseum.shop\\\/lv\\\/prece\\\/silk\\\/#primaryimage\"},\"image\":{\"@id\":\"https:\\\/\\\/fashionmuseum.shop\\\/lv\\\/prece\\\/silk\\\/#primaryimage\"},\"thumbnailUrl\":\"https:\\\/\\\/i0.wp.com\\\/fashionmuseum.shop\\\/wp-content\\\/uploads\\\/2021\\\/11\\\/Adobe_Post_20211105_1102360.3974131139294661.png?fit=2560%2C2560&ssl=1\",\"datePublished\":\"2021-11-04T11:45:18+00:00\",\"breadcrumb\":{\"@id\":\"https:\\\/\\\/fashionmuseum.shop\\\/lv\\\/prece\\\/silk\\\/#breadcrumb\"},\"inLanguage\":\"lv-LV\",\"potentialAction\":[{\"@type\":\"ReadAction\",\"target\":[\"https:\\\/\\\/fashionmuseum.shop\\\/lv\\\/prece\\\/silk\\\/\"]}]},{\"@type\":\"ImageObject\",\"inLanguage\":\"lv-LV\",\"@id\":\"https:\\\/\\\/fashionmuseum.shop\\\/lv\\\/prece\\\/silk\\\/#primaryimage\",\"url\":\"https:\\\/\\\/i0.wp.com\\\/fashionmuseum.shop\\\/wp-content\\\/uploads\\\/2021\\\/11\\\/Adobe_Post_20211105_1102360.3974131139294661.png?fit=2560%2C2560&ssl=1\",\"contentUrl\":\"https:\\\/\\\/i0.wp.com\\\/fashionmuseum.shop\\\/wp-content\\\/uploads\\\/2021\\\/11\\\/Adobe_Post_20211105_1102360.3974131139294661.png?fit=2560%2C2560&ssl=1\",\"width\":2560,\"height\":2560,\"caption\":\"Silk Cover\"},{\"@type\":\"BreadcrumbList\",\"@id\":\"https:\\\/\\\/fashionmuseum.shop\\\/lv\\\/prece\\\/silk\\\/#breadcrumb\",\"itemListElement\":[{\"@type\":\"ListItem\",\"position\":1,\"name\":\"Home\",\"item\":\"https:\\\/\\\/fashionmuseum.shop\\\/lv\\\/\"},{\"@type\":\"ListItem\",\"position\":2,\"name\":\"Products\",\"item\":\"https:\\\/\\\/fashionmuseum.shop\\\/lv\\\/shop\\\/\"},{\"@type\":\"ListItem\",\"position\":3,\"name\":\"Silk\"}]},{\"@type\":\"WebSite\",\"@id\":\"https:\\\/\\\/fashionmuseum.shop\\\/lv\\\/#website\",\"url\":\"https:\\\/\\\/fashionmuseum.shop\\\/lv\\\/\",\"name\":\"Fashion Museum Online Store\",\"description\":\"Fashion Museum Riga Online Store provides a wide selection of books about fashion and fashion history.\",\"publisher\":{\"@id\":\"https:\\\/\\\/fashionmuseum.shop\\\/lv\\\/#organization\"},\"potentialAction\":[{\"@type\":\"SearchAction\",\"target\":{\"@type\":\"EntryPoint\",\"urlTemplate\":\"https:\\\/\\\/fashionmuseum.shop\\\/lv\\\/?s={search_term_string}\"},\"query-input\":{\"@type\":\"PropertyValueSpecification\",\"valueRequired\":true,\"valueName\":\"search_term_string\"}}],\"inLanguage\":\"lv-LV\"},{\"@type\":\"Organization\",\"@id\":\"https:\\\/\\\/fashionmuseum.shop\\\/lv\\\/#organization\",\"name\":\"Modes muzejs\",\"url\":\"https:\\\/\\\/fashionmuseum.shop\\\/lv\\\/\",\"logo\":{\"@type\":\"ImageObject\",\"inLanguage\":\"lv-LV\",\"@id\":\"https:\\\/\\\/fashionmuseum.shop\\\/lv\\\/#\\\/schema\\\/logo\\\/image\\\/\",\"url\":\"https:\\\/\\\/i1.wp.com\\\/fashionmuseum.shop\\\/wp-content\\\/uploads\\\/2020\\\/04\\\/apple-touch-icon.png?fit=180%2C180&ssl=1\",\"contentUrl\":\"https:\\\/\\\/i1.wp.com\\\/fashionmuseum.shop\\\/wp-content\\\/uploads\\\/2020\\\/04\\\/apple-touch-icon.png?fit=180%2C180&ssl=1\",\"width\":180,\"height\":180,\"caption\":\"Modes muzejs\"},\"image\":{\"@id\":\"https:\\\/\\\/fashionmuseum.shop\\\/lv\\\/#\\\/schema\\\/logo\\\/image\\\/\"}}]}<\/script>\n<!-- \/ Yoast SEO plugin. -->","yoast_head_json":{"title":"Silk - Fashion Museum Riga Online Store","robots":{"index":"index","follow":"follow","max-snippet":"max-snippet:-1","max-image-preview":"max-image-preview:large","max-video-preview":"max-video-preview:-1"},"canonical":"https:\/\/fashionmuseum.shop\/lv\/prece\/silk\/","og_locale":"lv_LV","og_type":"article","og_title":"Silk - Fashion Museum Riga Online Store","og_description":"Lesley Ellis Miller, Ana Cabrera Lafuente, Claire Allen-Johnstone  K\u0101p\u0113c m\u0113s izv\u0113l\u0113j\u0101mies \u0161o gr\u0101matu:  Satrieco\u0161i skaista gr\u0101mata, kas velt\u012bta vienam no sen\u0101kajiem audumiem pasaul\u0113 \u2013 z\u012bdam. Tematisk\u0101s noda\u013c\u0101s, kas velt\u012btas da\u017e\u0101d\u0101m z\u012bda apstr\u0101des un izmanto\u0161anas tehnik\u0101m, sak\u0101rtoti priek\u0161meti no iespaid\u012bg\u0101s Viktorijas un Alberta muzeja tekstila kolekcijas: au\u0161anas, iz\u0161\u016b\u0161anas un kr\u0101so\u0161anas meistardarbi. Gr\u0101matas \u012bpa\u0161\u0101 v\u0113rt\u012bba ir gan iev\u0113rojamais laika nogrieznis, ko t\u0101 aptver \u2013 no sen\u0101s \u0136\u012bnas l\u012bdz pat Aleksandram Makv\u012bnam \u2013, gan pla\u0161\u0101 \u0123eogr\u0101fija: no \u0100zijas l\u012bdz Dienvidamerikai un Eiropai. Must have!","og_url":"https:\/\/fashionmuseum.shop\/lv\/prece\/silk\/","og_site_name":"Fashion Museum Riga Online Store","og_image":[{"width":1024,"height":1024,"url":"https:\/\/fashionmuseum.shop\/wp-content\/uploads\/2021\/11\/Adobe_Post_20211105_1102360.3974131139294661-1024x1024.png","type":"image\/png"}],"twitter_card":"summary_large_image","twitter_misc":{"Est. reading time":"1 minute"},"schema":{"@context":"https:\/\/schema.org","@graph":[{"@type":"WebPage","@id":"https:\/\/fashionmuseum.shop\/lv\/prece\/silk\/","url":"https:\/\/fashionmuseum.shop\/lv\/prece\/silk\/","name":"Silk - Fashion Museum Riga Online Store","isPartOf":{"@id":"https:\/\/fashionmuseum.shop\/lv\/#website"},"primaryImageOfPage":{"@id":"https:\/\/fashionmuseum.shop\/lv\/prece\/silk\/#primaryimage"},"image":{"@id":"https:\/\/fashionmuseum.shop\/lv\/prece\/silk\/#primaryimage"},"thumbnailUrl":"https:\/\/i0.wp.com\/fashionmuseum.shop\/wp-content\/uploads\/2021\/11\/Adobe_Post_20211105_1102360.3974131139294661.png?fit=2560%2C2560&ssl=1","datePublished":"2021-11-04T11:45:18+00:00","breadcrumb":{"@id":"https:\/\/fashionmuseum.shop\/lv\/prece\/silk\/#breadcrumb"},"inLanguage":"lv-LV","potentialAction":[{"@type":"ReadAction","target":["https:\/\/fashionmuseum.shop\/lv\/prece\/silk\/"]}]},{"@type":"ImageObject","inLanguage":"lv-LV","@id":"https:\/\/fashionmuseum.shop\/lv\/prece\/silk\/#primaryimage","url":"https:\/\/i0.wp.com\/fashionmuseum.shop\/wp-content\/uploads\/2021\/11\/Adobe_Post_20211105_1102360.3974131139294661.png?fit=2560%2C2560&ssl=1","contentUrl":"https:\/\/i0.wp.com\/fashionmuseum.shop\/wp-content\/uploads\/2021\/11\/Adobe_Post_20211105_1102360.3974131139294661.png?fit=2560%2C2560&ssl=1","width":2560,"height":2560,"caption":"Silk Cover"},{"@type":"BreadcrumbList","@id":"https:\/\/fashionmuseum.shop\/lv\/prece\/silk\/#breadcrumb","itemListElement":[{"@type":"ListItem","position":1,"name":"Home","item":"https:\/\/fashionmuseum.shop\/lv\/"},{"@type":"ListItem","position":2,"name":"Products","item":"https:\/\/fashionmuseum.shop\/lv\/shop\/"},{"@type":"ListItem","position":3,"name":"Silk"}]},{"@type":"WebSite","@id":"https:\/\/fashionmuseum.shop\/lv\/#website","url":"https:\/\/fashionmuseum.shop\/lv\/","name":"Fashion Museum Online Store","description":"Fashion Museum Riga Online Store provides a wide selection of books about fashion and fashion history.","publisher":{"@id":"https:\/\/fashionmuseum.shop\/lv\/#organization"},"potentialAction":[{"@type":"SearchAction","target":{"@type":"EntryPoint","urlTemplate":"https:\/\/fashionmuseum.shop\/lv\/?s={search_term_string}"},"query-input":{"@type":"PropertyValueSpecification","valueRequired":true,"valueName":"search_term_string"}}],"inLanguage":"lv-LV"},{"@type":"Organization","@id":"https:\/\/fashionmuseum.shop\/lv\/#organization","name":"Modes muzejs","url":"https:\/\/fashionmuseum.shop\/lv\/","logo":{"@type":"ImageObject","inLanguage":"lv-LV","@id":"https:\/\/fashionmuseum.shop\/lv\/#\/schema\/logo\/image\/","url":"https:\/\/i1.wp.com\/fashionmuseum.shop\/wp-content\/uploads\/2020\/04\/apple-touch-icon.png?fit=180%2C180&ssl=1","contentUrl":"https:\/\/i1.wp.com\/fashionmuseum.shop\/wp-content\/uploads\/2020\/04\/apple-touch-icon.png?fit=180%2C180&ssl=1","width":180,"height":180,"caption":"Modes muzejs"},"image":{"@id":"https:\/\/fashionmuseum.shop\/lv\/#\/schema\/logo\/image\/"}}]}},"jetpack_publicize_connections":[],"jetpack_likes_enabled":false,"jetpack_sharing_enabled":true,"amp_enabled":true,"_links":{"self":[{"href":"https:\/\/fashionmuseum.shop\/lv\/wp-json\/wp\/v2\/product\/7725","targetHints":{"allow":["GET"]}}],"collection":[{"href":"https:\/\/fashionmuseum.shop\/lv\/wp-json\/wp\/v2\/product"}],"about":[{"href":"https:\/\/fashionmuseum.shop\/lv\/wp-json\/wp\/v2\/types\/product"}],"wp:featuredmedia":[{"embeddable":true,"href":"https:\/\/fashionmuseum.shop\/lv\/wp-json\/wp\/v2\/media\/7572"}],"wp:attachment":[{"href":"https:\/\/fashionmuseum.shop\/lv\/wp-json\/wp\/v2\/media?parent=7725"}],"wp:term":[{"taxonomy":"product_brand","embeddable":true,"href":"https:\/\/fashionmuseum.shop\/lv\/wp-json\/wp\/v2\/product_brand?post=7725"},{"taxonomy":"product_cat","embeddable":true,"href":"https:\/\/fashionmuseum.shop\/lv\/wp-json\/wp\/v2\/product_cat?post=7725"},{"taxonomy":"product_tag","embeddable":true,"href":"https:\/\/fashionmuseum.shop\/lv\/wp-json\/wp\/v2\/product_tag?post=7725"}],"curies":[{"name":"wp","href":"https:\/\/api.w.org\/{rel}","templated":true}]}}