{"id":7727,"date":"2021-11-04T13:45:18","date_gmt":"2021-11-04T11:45:18","guid":{"rendered":"https:\/\/fashionmuseum.shop\/product\/embroidery-a-makers-guide\/"},"modified":"2023-08-10T17:20:48","modified_gmt":"2023-08-10T14:20:48","slug":"embroidery-a-makers-guide","status":"publish","type":"product","link":"https:\/\/fashionmuseum.shop\/lv\/prece\/embroidery-a-makers-guide\/","title":{"rendered":"Embroidery: A maker\u2019s guide"},"content":{"rendered":"<p><em><strong>Izdev\u0113ja gr\u0101matas anot\u0101cija:<\/strong><\/em><\/p>\n<p>A modern maker\u2019s guide to embroidery traditions from around the world, this book is guaranteed to expand your crafting horizons. Embroidery: A Maker\u2019s Guide contains 15 beautiful step-by-step projects for crafters at all levels. Each one takes its cue from a different tradition, including English goldwork, Indian beetle-wing embellishment, bargello and blackwork, as well as contemporary machine embroidery. Designed by teachers and practitioners at the leading edge of today\u2019s craft revival, the projects are both functional and fashionable, and include tips on how to take next steps towards developing your own designs. This inspiring book will give you the skill and confidence to express your passion for pattern through the age-old craft of decorative stitching.<\/p>\n<p><strong>Saturs<\/strong><br \/>\n\u2022 1. Counted Thread Embroidery: Kogin; Berlin woolwork; Bargello; Blackwork; Phulkari \u2022 2. Freestyle Embroidery: Crewelwork; Chinese silk; Goldwork; Art needlework \u2022 3. Whitework: Broderie Anglaise; Mountmellick \u2022 4. Embellishments: Shisha; Beetle wing; Ainu appliqu\u00e9 \u2022 5. Contemporary Embroidery: Drawing with thread<\/p>\n<p>\u0160\u012bs gr\u0101matas izdev\u0113js ir <a href=\"https:\/\/fashionmuseum.shop\/lv\/publisher\/thames-and-hudson\/\"><strong>Thames and Hudson<\/strong><\/a>, ISBN 9780500293270<\/p>\n","protected":false},"excerpt":{"rendered":"<p><strong><i><em>K\u0101p\u0113c m\u0113s izv\u0113l\u0113j\u0101mies \u0161o gr\u0101matu<\/em>:<\/i><\/strong><\/p>\n<p>P\u0113d\u0113jos gados aizvien pieaug interese par da\u017e\u0101da veida rokdarbiem, \u012bpa\u0161i akcent\u0113jot ne vien to praktisko devumu, bet ar\u012b nomierino\u0161o, teju meditat\u012bvo iedarb\u012bbu. \u0160is iz\u0161\u016b\u0161anai velt\u012btais izdevums balst\u012bts Viktorijas un Alberta muzeja bag\u0101t\u012bg\u0101s kolekcijas priek\u0161metos un pied\u0101v\u0101 iesp\u0113ju apg\u016bt 15 da\u017e\u0101das tradicion\u0101las iz\u0161\u016b\u0161anas tehnikas no visas pasaules. R\u016bp\u012bgi izstr\u0101d\u0101t\u0101s instrukcijas \u013caus izveidot br\u012bni\u0161\u0137\u012bgu iz\u0161\u016btu priek\u0161metu \u2013 ir gan vienk\u0101r\u0161\u0101ki, gan sare\u017e\u0123\u012bt\u0101ki, pieredz\u0113ju\u0161iem meistariem piem\u0113rot\u0101ki priek\u0161meti. Iedvesmojo\u0161i!<\/p>\n","protected":false},"featured_media":7527,"template":"","meta":{"_coblocks_attr":"","_coblocks_dimensions":"","_coblocks_responsive_height":"","_coblocks_accordion_ie_support":"","_crdt_document":"","jetpack_publicize_message":"","jetpack_publicize_feature_enabled":true,"jetpack_social_post_already_shared":true,"jetpack_social_options":{"image_generator_settings":{"template":"highway","default_image_id":0,"font":"","enabled":false},"version":2},"_wpas_customize_per_network":false},"product_brand":[],"product_cat":[1611,1610,2418,1609],"product_tag":[],"class_list":{"0":"post-7727","1":"product","2":"type-product","3":"status-publish","4":"has-post-thumbnail","6":"product_cat-gramatas-anglu-valoda","7":"product_cat-gramatas-no-victoria-and-albert-muzeja","8":"product_cat-gramatas","9":"product_cat-gramatas-par-pasaules-modi-un-tradicijam","10":"pa_language-anglu","11":"pa_publisher-thames-and-hudson","12":"pa_publisher-va-publishing-lv","14":"first","15":"instock","16":"shipping-taxable","17":"purchasable","18":"product-type-simple"},"yoast_head":"<!-- This site is optimized with the Yoast SEO plugin v27.4 - https:\/\/yoast.com\/product\/yoast-seo-wordpress\/ -->\n<title>Embroidery: A maker\u2019s guide - Fashion Museum Riga Online Store<\/title>\n<meta name=\"robots\" content=\"index, follow, max-snippet:-1, max-image-preview:large, max-video-preview:-1\" \/>\n<link rel=\"canonical\" href=\"https:\/\/fashionmuseum.shop\/lv\/prece\/embroidery-a-makers-guide\/\" \/>\n<meta property=\"og:locale\" content=\"lv_LV\" \/>\n<meta property=\"og:type\" content=\"article\" \/>\n<meta property=\"og:title\" content=\"Embroidery: A maker\u2019s guide - Fashion Museum Riga Online Store\" \/>\n<meta property=\"og:description\" content=\"K\u0101p\u0113c m\u0113s izv\u0113l\u0113j\u0101mies \u0161o gr\u0101matu:  P\u0113d\u0113jos gados aizvien pieaug interese par da\u017e\u0101da veida rokdarbiem, \u012bpa\u0161i akcent\u0113jot ne vien to praktisko devumu, bet ar\u012b nomierino\u0161o, teju meditat\u012bvo iedarb\u012bbu. \u0160is iz\u0161\u016b\u0161anai velt\u012btais izdevums balst\u012bts Viktorijas un Alberta muzeja bag\u0101t\u012bg\u0101s kolekcijas priek\u0161metos un pied\u0101v\u0101 iesp\u0113ju apg\u016bt 15 da\u017e\u0101das tradicion\u0101las iz\u0161\u016b\u0161anas tehnikas no visas pasaules. R\u016bp\u012bgi izstr\u0101d\u0101t\u0101s instrukcijas \u013caus izveidot br\u012bni\u0161\u0137\u012bgu iz\u0161\u016btu priek\u0161metu \u2013 ir gan vienk\u0101r\u0161\u0101ki, gan sare\u017e\u0123\u012bt\u0101ki, pieredz\u0113ju\u0161iem meistariem piem\u0113rot\u0101ki priek\u0161meti. Iedvesmojo\u0161i!\" \/>\n<meta property=\"og:url\" content=\"https:\/\/fashionmuseum.shop\/lv\/prece\/embroidery-a-makers-guide\/\" \/>\n<meta property=\"og:site_name\" content=\"Fashion Museum Riga Online Store\" \/>\n<meta property=\"article:modified_time\" content=\"2023-08-10T14:20:48+00:00\" \/>\n<meta property=\"og:image\" content=\"https:\/\/fashionmuseum.shop\/wp-content\/uploads\/2021\/11\/Adobe_Post_20211105_1109500.6313368136350389-1024x1024.png\" \/>\n\t<meta property=\"og:image:width\" content=\"1024\" \/>\n\t<meta property=\"og:image:height\" content=\"1024\" \/>\n\t<meta property=\"og:image:type\" content=\"image\/png\" \/>\n<meta name=\"twitter:card\" content=\"summary_large_image\" \/>\n<meta name=\"twitter:label1\" content=\"Est. reading time\" \/>\n\t<meta name=\"twitter:data1\" content=\"1 minute\" \/>\n<script type=\"application\/ld+json\" class=\"yoast-schema-graph\">{\"@context\":\"https:\\\/\\\/schema.org\",\"@graph\":[{\"@type\":\"WebPage\",\"@id\":\"https:\\\/\\\/fashionmuseum.shop\\\/lv\\\/prece\\\/embroidery-a-makers-guide\\\/\",\"url\":\"https:\\\/\\\/fashionmuseum.shop\\\/lv\\\/prece\\\/embroidery-a-makers-guide\\\/\",\"name\":\"Embroidery: A maker\u2019s guide - Fashion Museum Riga Online Store\",\"isPartOf\":{\"@id\":\"https:\\\/\\\/fashionmuseum.shop\\\/lv\\\/#website\"},\"primaryImageOfPage\":{\"@id\":\"https:\\\/\\\/fashionmuseum.shop\\\/lv\\\/prece\\\/embroidery-a-makers-guide\\\/#primaryimage\"},\"image\":{\"@id\":\"https:\\\/\\\/fashionmuseum.shop\\\/lv\\\/prece\\\/embroidery-a-makers-guide\\\/#primaryimage\"},\"thumbnailUrl\":\"https:\\\/\\\/i0.wp.com\\\/fashionmuseum.shop\\\/wp-content\\\/uploads\\\/2021\\\/11\\\/Adobe_Post_20211105_1109500.6313368136350389.png?fit=2560%2C2560&ssl=1\",\"datePublished\":\"2021-11-04T11:45:18+00:00\",\"dateModified\":\"2023-08-10T14:20:48+00:00\",\"breadcrumb\":{\"@id\":\"https:\\\/\\\/fashionmuseum.shop\\\/lv\\\/prece\\\/embroidery-a-makers-guide\\\/#breadcrumb\"},\"inLanguage\":\"lv-LV\",\"potentialAction\":[{\"@type\":\"ReadAction\",\"target\":[\"https:\\\/\\\/fashionmuseum.shop\\\/lv\\\/prece\\\/embroidery-a-makers-guide\\\/\"]}]},{\"@type\":\"ImageObject\",\"inLanguage\":\"lv-LV\",\"@id\":\"https:\\\/\\\/fashionmuseum.shop\\\/lv\\\/prece\\\/embroidery-a-makers-guide\\\/#primaryimage\",\"url\":\"https:\\\/\\\/i0.wp.com\\\/fashionmuseum.shop\\\/wp-content\\\/uploads\\\/2021\\\/11\\\/Adobe_Post_20211105_1109500.6313368136350389.png?fit=2560%2C2560&ssl=1\",\"contentUrl\":\"https:\\\/\\\/i0.wp.com\\\/fashionmuseum.shop\\\/wp-content\\\/uploads\\\/2021\\\/11\\\/Adobe_Post_20211105_1109500.6313368136350389.png?fit=2560%2C2560&ssl=1\",\"width\":2560,\"height\":2560,\"caption\":\"embroidery\"},{\"@type\":\"BreadcrumbList\",\"@id\":\"https:\\\/\\\/fashionmuseum.shop\\\/lv\\\/prece\\\/embroidery-a-makers-guide\\\/#breadcrumb\",\"itemListElement\":[{\"@type\":\"ListItem\",\"position\":1,\"name\":\"Home\",\"item\":\"https:\\\/\\\/fashionmuseum.shop\\\/lv\\\/\"},{\"@type\":\"ListItem\",\"position\":2,\"name\":\"Products\",\"item\":\"https:\\\/\\\/fashionmuseum.shop\\\/lv\\\/shop\\\/\"},{\"@type\":\"ListItem\",\"position\":3,\"name\":\"Embroidery: A maker\u2019s guide\"}]},{\"@type\":\"WebSite\",\"@id\":\"https:\\\/\\\/fashionmuseum.shop\\\/lv\\\/#website\",\"url\":\"https:\\\/\\\/fashionmuseum.shop\\\/lv\\\/\",\"name\":\"Fashion Museum Online Store\",\"description\":\"Fashion Museum Riga Online Store provides a wide selection of books about fashion and fashion history.\",\"publisher\":{\"@id\":\"https:\\\/\\\/fashionmuseum.shop\\\/lv\\\/#organization\"},\"potentialAction\":[{\"@type\":\"SearchAction\",\"target\":{\"@type\":\"EntryPoint\",\"urlTemplate\":\"https:\\\/\\\/fashionmuseum.shop\\\/lv\\\/?s={search_term_string}\"},\"query-input\":{\"@type\":\"PropertyValueSpecification\",\"valueRequired\":true,\"valueName\":\"search_term_string\"}}],\"inLanguage\":\"lv-LV\"},{\"@type\":\"Organization\",\"@id\":\"https:\\\/\\\/fashionmuseum.shop\\\/lv\\\/#organization\",\"name\":\"Modes muzejs\",\"url\":\"https:\\\/\\\/fashionmuseum.shop\\\/lv\\\/\",\"logo\":{\"@type\":\"ImageObject\",\"inLanguage\":\"lv-LV\",\"@id\":\"https:\\\/\\\/fashionmuseum.shop\\\/lv\\\/#\\\/schema\\\/logo\\\/image\\\/\",\"url\":\"https:\\\/\\\/i1.wp.com\\\/fashionmuseum.shop\\\/wp-content\\\/uploads\\\/2020\\\/04\\\/apple-touch-icon.png?fit=180%2C180&ssl=1\",\"contentUrl\":\"https:\\\/\\\/i1.wp.com\\\/fashionmuseum.shop\\\/wp-content\\\/uploads\\\/2020\\\/04\\\/apple-touch-icon.png?fit=180%2C180&ssl=1\",\"width\":180,\"height\":180,\"caption\":\"Modes muzejs\"},\"image\":{\"@id\":\"https:\\\/\\\/fashionmuseum.shop\\\/lv\\\/#\\\/schema\\\/logo\\\/image\\\/\"}}]}<\/script>\n<!-- \/ Yoast SEO plugin. -->","yoast_head_json":{"title":"Embroidery: A maker\u2019s guide - Fashion Museum Riga Online Store","robots":{"index":"index","follow":"follow","max-snippet":"max-snippet:-1","max-image-preview":"max-image-preview:large","max-video-preview":"max-video-preview:-1"},"canonical":"https:\/\/fashionmuseum.shop\/lv\/prece\/embroidery-a-makers-guide\/","og_locale":"lv_LV","og_type":"article","og_title":"Embroidery: A maker\u2019s guide - Fashion Museum Riga Online Store","og_description":"K\u0101p\u0113c m\u0113s izv\u0113l\u0113j\u0101mies \u0161o gr\u0101matu:  P\u0113d\u0113jos gados aizvien pieaug interese par da\u017e\u0101da veida rokdarbiem, \u012bpa\u0161i akcent\u0113jot ne vien to praktisko devumu, bet ar\u012b nomierino\u0161o, teju meditat\u012bvo iedarb\u012bbu. \u0160is iz\u0161\u016b\u0161anai velt\u012btais izdevums balst\u012bts Viktorijas un Alberta muzeja bag\u0101t\u012bg\u0101s kolekcijas priek\u0161metos un pied\u0101v\u0101 iesp\u0113ju apg\u016bt 15 da\u017e\u0101das tradicion\u0101las iz\u0161\u016b\u0161anas tehnikas no visas pasaules. R\u016bp\u012bgi izstr\u0101d\u0101t\u0101s instrukcijas \u013caus izveidot br\u012bni\u0161\u0137\u012bgu iz\u0161\u016btu priek\u0161metu \u2013 ir gan vienk\u0101r\u0161\u0101ki, gan sare\u017e\u0123\u012bt\u0101ki, pieredz\u0113ju\u0161iem meistariem piem\u0113rot\u0101ki priek\u0161meti. Iedvesmojo\u0161i!","og_url":"https:\/\/fashionmuseum.shop\/lv\/prece\/embroidery-a-makers-guide\/","og_site_name":"Fashion Museum Riga Online Store","article_modified_time":"2023-08-10T14:20:48+00:00","og_image":[{"width":1024,"height":1024,"url":"https:\/\/fashionmuseum.shop\/wp-content\/uploads\/2021\/11\/Adobe_Post_20211105_1109500.6313368136350389-1024x1024.png","type":"image\/png"}],"twitter_card":"summary_large_image","twitter_misc":{"Est. reading time":"1 minute"},"schema":{"@context":"https:\/\/schema.org","@graph":[{"@type":"WebPage","@id":"https:\/\/fashionmuseum.shop\/lv\/prece\/embroidery-a-makers-guide\/","url":"https:\/\/fashionmuseum.shop\/lv\/prece\/embroidery-a-makers-guide\/","name":"Embroidery: A maker\u2019s guide - Fashion Museum Riga Online Store","isPartOf":{"@id":"https:\/\/fashionmuseum.shop\/lv\/#website"},"primaryImageOfPage":{"@id":"https:\/\/fashionmuseum.shop\/lv\/prece\/embroidery-a-makers-guide\/#primaryimage"},"image":{"@id":"https:\/\/fashionmuseum.shop\/lv\/prece\/embroidery-a-makers-guide\/#primaryimage"},"thumbnailUrl":"https:\/\/i0.wp.com\/fashionmuseum.shop\/wp-content\/uploads\/2021\/11\/Adobe_Post_20211105_1109500.6313368136350389.png?fit=2560%2C2560&ssl=1","datePublished":"2021-11-04T11:45:18+00:00","dateModified":"2023-08-10T14:20:48+00:00","breadcrumb":{"@id":"https:\/\/fashionmuseum.shop\/lv\/prece\/embroidery-a-makers-guide\/#breadcrumb"},"inLanguage":"lv-LV","potentialAction":[{"@type":"ReadAction","target":["https:\/\/fashionmuseum.shop\/lv\/prece\/embroidery-a-makers-guide\/"]}]},{"@type":"ImageObject","inLanguage":"lv-LV","@id":"https:\/\/fashionmuseum.shop\/lv\/prece\/embroidery-a-makers-guide\/#primaryimage","url":"https:\/\/i0.wp.com\/fashionmuseum.shop\/wp-content\/uploads\/2021\/11\/Adobe_Post_20211105_1109500.6313368136350389.png?fit=2560%2C2560&ssl=1","contentUrl":"https:\/\/i0.wp.com\/fashionmuseum.shop\/wp-content\/uploads\/2021\/11\/Adobe_Post_20211105_1109500.6313368136350389.png?fit=2560%2C2560&ssl=1","width":2560,"height":2560,"caption":"embroidery"},{"@type":"BreadcrumbList","@id":"https:\/\/fashionmuseum.shop\/lv\/prece\/embroidery-a-makers-guide\/#breadcrumb","itemListElement":[{"@type":"ListItem","position":1,"name":"Home","item":"https:\/\/fashionmuseum.shop\/lv\/"},{"@type":"ListItem","position":2,"name":"Products","item":"https:\/\/fashionmuseum.shop\/lv\/shop\/"},{"@type":"ListItem","position":3,"name":"Embroidery: A maker\u2019s guide"}]},{"@type":"WebSite","@id":"https:\/\/fashionmuseum.shop\/lv\/#website","url":"https:\/\/fashionmuseum.shop\/lv\/","name":"Fashion Museum Online Store","description":"Fashion Museum Riga Online Store provides a wide selection of books about fashion and fashion history.","publisher":{"@id":"https:\/\/fashionmuseum.shop\/lv\/#organization"},"potentialAction":[{"@type":"SearchAction","target":{"@type":"EntryPoint","urlTemplate":"https:\/\/fashionmuseum.shop\/lv\/?s={search_term_string}"},"query-input":{"@type":"PropertyValueSpecification","valueRequired":true,"valueName":"search_term_string"}}],"inLanguage":"lv-LV"},{"@type":"Organization","@id":"https:\/\/fashionmuseum.shop\/lv\/#organization","name":"Modes muzejs","url":"https:\/\/fashionmuseum.shop\/lv\/","logo":{"@type":"ImageObject","inLanguage":"lv-LV","@id":"https:\/\/fashionmuseum.shop\/lv\/#\/schema\/logo\/image\/","url":"https:\/\/i1.wp.com\/fashionmuseum.shop\/wp-content\/uploads\/2020\/04\/apple-touch-icon.png?fit=180%2C180&ssl=1","contentUrl":"https:\/\/i1.wp.com\/fashionmuseum.shop\/wp-content\/uploads\/2020\/04\/apple-touch-icon.png?fit=180%2C180&ssl=1","width":180,"height":180,"caption":"Modes muzejs"},"image":{"@id":"https:\/\/fashionmuseum.shop\/lv\/#\/schema\/logo\/image\/"}}]}},"jetpack_publicize_connections":[],"jetpack_likes_enabled":false,"jetpack_sharing_enabled":true,"amp_enabled":true,"_links":{"self":[{"href":"https:\/\/fashionmuseum.shop\/lv\/wp-json\/wp\/v2\/product\/7727","targetHints":{"allow":["GET"]}}],"collection":[{"href":"https:\/\/fashionmuseum.shop\/lv\/wp-json\/wp\/v2\/product"}],"about":[{"href":"https:\/\/fashionmuseum.shop\/lv\/wp-json\/wp\/v2\/types\/product"}],"wp:featuredmedia":[{"embeddable":true,"href":"https:\/\/fashionmuseum.shop\/lv\/wp-json\/wp\/v2\/media\/7527"}],"wp:attachment":[{"href":"https:\/\/fashionmuseum.shop\/lv\/wp-json\/wp\/v2\/media?parent=7727"}],"wp:term":[{"taxonomy":"product_brand","embeddable":true,"href":"https:\/\/fashionmuseum.shop\/lv\/wp-json\/wp\/v2\/product_brand?post=7727"},{"taxonomy":"product_cat","embeddable":true,"href":"https:\/\/fashionmuseum.shop\/lv\/wp-json\/wp\/v2\/product_cat?post=7727"},{"taxonomy":"product_tag","embeddable":true,"href":"https:\/\/fashionmuseum.shop\/lv\/wp-json\/wp\/v2\/product_tag?post=7727"}],"curies":[{"name":"wp","href":"https:\/\/api.w.org\/{rel}","templated":true}]}}