{"id":13398,"date":"2022-11-18T11:25:46","date_gmt":"2022-11-18T09:25:46","guid":{"rendered":"https:\/\/fashionmuseum.shop\/?post_type=product&#038;p=13398"},"modified":"2022-11-18T12:14:18","modified_gmt":"2022-11-18T10:14:18","slug":"apgerba-attistiba-zemgale-19-gadsimta-2016","status":"publish","type":"product","link":"https:\/\/fashionmuseum.shop\/ru\/product\/apgerba-attistiba-zemgale-19-gadsimta-2016\/","title":{"rendered":"Ap\u0123\u0113rba att\u012bst\u012bba Zemgal\u0113 19.gadsimt\u0101, 2016"},"content":{"rendered":"<p><strong>\u0410\u043d\u043d\u043e\u0442\u0430\u0446\u0438\u044f \u0438\u0437\u0434\u0430\u0442\u0435\u043b\u044c\u0441\u0442\u0432\u0430:<\/strong><\/p>\n<p>Latvijas Nacion\u0101lais kult\u016bras centrs izdevis Dr. hist. Aijas Jansones monogr\u0101fiju \u201cAp\u0123\u0113rba att\u012bst\u012bba Zemgal\u0113 19.gadsimt\u0101\u201d. P\u0113t\u012bjums ir \u012bpa\u0161i noz\u012bm\u012bgs, jo Zemgales kult\u016brv\u0113sturiskais novads l\u012bdz \u0161im etnogr\u0101fij\u0101 p\u0113t\u012bts vismaz\u0101k. Izdevuma tap\u0161anu veicin\u0101jusi ar\u012b sabiedr\u012bb\u0101 v\u0113rojam\u0101 interese par sav\u0101m dzimtas sakn\u0113m un novada kult\u016brv\u0113sturi.<\/p>\n<p>P\u0113t\u012bjum\u0101 \u201cAp\u0123\u0113rba att\u012bst\u012bba Zemgal\u0113 19. gadsimt\u0101\u201d, zin\u0101tnisk\u0101 aprit\u0113 ievie\u0161ot jaunus lietiskos, rakst\u012btos un vizu\u0101los avotus, autore Dr. hist. Aija Jansone sniedz m\u016bsdienu redz\u0113jumu par laikmeta ietekmi uz ap\u0123\u0113rba att\u012bst\u012bbu Zemgal\u0113 19.gadsimt\u0101, k\u0101 ar\u012b preciz\u0113 Zemgal\u0113 valk\u0101t\u0101 ap\u0123\u0113rba att\u012bst\u012bbas posmus un tendences, kas liel\u0101 m\u0113r\u0101 bija saist\u012bti ar t\u0101 laika v\u0113rt\u012bb\u0101m un ide\u0101liem.<\/p>\n<p>Izdevum\u0101 galveno ap\u0123\u0113rba tipu noteik\u0161anai un raksturo\u0161anai, balstoties uz pirmavotiem, ir dots bag\u0101t\u012bgs ilustrat\u012bvais materi\u0101ls (fotogr\u0101fijas, z\u012bm\u0113jumi, skices). Tur, kur bija saglab\u0101jies tikai ap\u0123\u0113rba apraksts, p\u0113t\u012bjuma autore veikusi ap\u0123\u0113rba vizu\u0101l\u0101s rekonstrukcijas.<\/p>\n<p>P\u0113t\u012bjum\u0101 izmantotas pirm\u0101s rakst\u012bt\u0101s liec\u012bbas, 19.gadsimta 1.puses ap\u0123\u0113rbu z\u012bm\u0113jumi, k\u0101 ar\u012b speci\u0101l\u0101 literat\u016bra. Par iesp\u0113ju preciz\u0113t 19.gadsimta Zemgal\u0113 valk\u0101t\u0101 ap\u0123\u0113rba att\u012bst\u012bbas posmus un tendences, k\u0101 ar\u012b iedzi\u013cin\u0101ties t\u0101 laika v\u0113rt\u012bb\u0101s un ide\u0101los, autore pateicas Latvijas Nacion\u0101lajam v\u0113stures muzejam, Latvijas Etnogr\u0101fiskam br\u012bvdabas muzejam, Bauskas novadp\u0113tniec\u012bbas un m\u0101kslas muzejam, \u0122.Eliasa Jelgavas v\u0113stures un m\u0101kslas muzejam, Dobeles novadp\u0113tniec\u012bbas muzejam, \u0136ekavas muzejam, Tukuma muzejam un Latvijas Universit\u0101tes Latvijas V\u0113stures instit\u016bta Etnogr\u0101fisko materi\u0101lu kr\u0101tuvei.<\/p>\n<p>Etnogr\u0101fe Dr. hist. Aija Jansone, str\u0101d\u0101jot pie zin\u0101tnisk\u0101s t\u0113mas par Latvijas tekstiliju, rokdarbu un ap\u0123\u0113rba att\u012bst\u012bbu uz Eiropas kult\u016bras v\u0113stures fona, ir sarakst\u012bjusi 10 monogr\u0101fijas.<\/p>\n<p>This book is brought by\u00a0<strong><a href=\"https:\/\/fashionmuseum.shop\/ru\/publisher\/latvijas-nacionalais-kulturas-centrs\/\">Latvijas nacion\u0101lais kult\u016bras centrs<\/a><\/strong>\u00a0 ISBN 9789934528156<\/p>\n","protected":false},"excerpt":{"rendered":"<p>by <a href=\"https:\/\/fashionmuseum.shop\/ru\/book-author\/aija-jansone\/\"><strong>Aija Jansone<\/strong><\/a><\/p>\n<p><em><strong>\u041f\u043e\u0447\u0435\u043c\u0443 \u043c\u044b \u0432\u044b\u0431\u0440\u0430\u043b\u0438 \u044d\u0442\u0443 \u043a\u043d\u0438\u0433\u0443:<\/strong><\/em><\/p>\n<p>XIX \u0432\u0435\u043a \u043e\u0441\u043e\u0431\u0435\u043d\u043d\u043e \u0438\u043d\u0442\u0435\u0440\u0435\u0441\u0435\u043d \u0434\u043b\u044f \u0440\u0430\u0437\u0432\u0438\u0442\u0438\u044f \u0442\u0440\u0430\u0434\u0438\u0446\u0438\u043e\u043d\u043d\u043e\u0439 \u043b\u0430\u0442\u044b\u0448\u0441\u043a\u043e\u0439 \u043e\u0434\u0435\u0436\u0434\u044b \u2013 \u0438\u043c\u0435\u043d\u043d\u043e \u0432 \u044d\u0442\u043e \u0432\u0440\u0435\u043c\u044f \u044d\u043b\u0435\u043c\u0435\u043d\u0442\u044b \u0433\u043e\u0440\u043e\u0434\u0441\u043a\u043e\u0439 \u043c\u043e\u0434\u044b, \u0432\u043a\u043b\u044e\u0447\u0430\u044f \u0442\u043a\u0430\u043d\u0438, \u043b\u0435\u043d\u0442\u044b, \u043a\u0440\u0443\u0436\u0435\u0432\u0430 \u0444\u0430\u0431\u0440\u0438\u0447\u043d\u043e\u0433\u043e \u043f\u0440\u043e\u0438\u0437\u0432\u043e\u0434\u0441\u0442\u0432\u0430 \u0438 \u043d\u043e\u0432\u044b\u0435, \u044f\u0440\u043a\u0438\u0435 \u043a\u0440\u0430\u0441\u0438\u0442\u0435\u043b\u0438, \u0432\u0441\u0435 \u0431\u043e\u043b\u044c\u0448\u0435 \u0432\u0445\u043e\u0434\u0438\u043b\u0438 \u0432 \u043e\u0434\u0435\u0436\u0434\u0443, \u043a\u043e\u0442\u043e\u0440\u0443\u044e \u043d\u043e\u0441\u0438\u043b\u0438 \u0432 \u0434\u0435\u0440\u0435\u0432\u043d\u0435. \u042d\u0442\u0430 \u043e\u0431\u044a\u0435\u043c\u043d\u0430\u044f \u043f\u0443\u0431\u043b\u0438\u043a\u0430\u0446\u0438\u044f \u0440\u0430\u0441\u0441\u043a\u0430\u0437\u044b\u0432\u0430\u0435\u0442 \u043e \u0442\u043e\u043c, \u0447\u0442\u043e \u0443\u0434\u0430\u043b\u043e\u0441\u044c \u0443\u0437\u043d\u0430\u0442\u044c \u0432 \u0440\u0435\u0437\u0443\u043b\u044c\u0442\u0430\u0442\u0435 \u0442\u0449\u0430\u0442\u0435\u043b\u044c\u043d\u044b\u0445 \u0438\u0441\u0441\u043b\u0435\u0434\u043e\u0432\u0430\u043d\u0438\u0439 \u043e \u0436\u0435\u043d\u0441\u043a\u043e\u0439 \u0438 \u043c\u0443\u0436\u0441\u043a\u043e\u0439 \u043e\u0434\u0435\u0436\u0434\u0435, \u0430 \u0442\u0430\u043a\u0436\u0435 \u043e \u0440\u0430\u0437\u043b\u0438\u0447\u043d\u044b\u0445 \u0434\u0435\u0442\u0430\u043b\u044f\u0445 \u043d\u0430\u0440\u044f\u0434\u0430, \u043f\u043e\u0448\u0438\u0432\u0430, \u0442\u043a\u0430\u0447\u0435\u0441\u0442\u0432\u0430 \u0438 \u043a\u0440\u043e\u044f \u043e\u0434\u0435\u0436\u0434\u044b. \u0418\u043d\u0444\u043e\u0440\u043c\u0430\u0446\u0438\u044e \u0441\u043e\u043f\u0440\u043e\u0432\u043e\u0436\u0434\u0430\u0435\u0442 \u0431\u043e\u0433\u0430\u0442\u044b\u0439 \u0432\u0438\u0437\u0443\u0430\u043b\u044c\u043d\u044b\u0439 \u043c\u0430\u0442\u0435\u0440\u0438\u0430\u043b. \u041a\u043d\u0438\u0433\u0430 \u0434\u043b\u044f \u0432\u0441\u0435\u0445, \u043a\u0442\u043e \u0438\u043d\u0442\u0435\u0440\u0435\u0441\u0443\u0435\u0442\u0441\u044f \u0438\u0441\u0442\u043e\u0440\u0438\u0435\u0439 \u043e\u0434\u0435\u0436\u0434\u044b \u0432 \u041b\u0430\u0442\u0432\u0438\u0438!<\/p>\n","protected":false},"featured_media":13402,"template":"","meta":{"_coblocks_attr":"","_coblocks_dimensions":"","_coblocks_responsive_height":"","_coblocks_accordion_ie_support":"","_crdt_document":"","jetpack_publicize_message":"","jetpack_publicize_feature_enabled":true,"jetpack_social_post_already_shared":true,"jetpack_social_options":{"image_generator_settings":{"template":"highway","default_image_id":0,"font":"","enabled":false},"version":2},"_wpas_customize_per_network":false},"product_brand":[],"product_cat":[1624,1621],"product_tag":[1886,3348],"class_list":{"0":"post-13398","1":"product","2":"type-product","3":"status-publish","4":"has-post-thumbnail","6":"product_cat-1624","7":"product_cat-1621","8":"product_tag-19-","9":"product_tag-3348","10":"pa_book-author-aija-jansone-ru","11":"pa_language-2152","12":"pa_publisher-latvijas-nacionalais-kulturas-centrs-ru","14":"first","15":"instock","16":"shipping-taxable","17":"purchasable","18":"product-type-simple"},"yoast_head":"<!-- This site is optimized with the Yoast SEO plugin v27.4 - https:\/\/yoast.com\/product\/yoast-seo-wordpress\/ -->\n<title>Ap\u0123\u0113rba att\u012bst\u012bba Zemgal\u0113 19.gadsimt\u0101, 2016 - Fashion Museum Riga Online Store<\/title>\n<meta name=\"robots\" content=\"index, follow, max-snippet:-1, max-image-preview:large, max-video-preview:-1\" \/>\n<link rel=\"canonical\" href=\"https:\/\/fashionmuseum.shop\/ru\/product\/apgerba-attistiba-zemgale-19-gadsimta-2016\/\" \/>\n<meta property=\"og:locale\" content=\"ru_RU\" \/>\n<meta property=\"og:type\" content=\"article\" \/>\n<meta property=\"og:title\" content=\"Ap\u0123\u0113rba att\u012bst\u012bba Zemgal\u0113 19.gadsimt\u0101, 2016 - Fashion Museum Riga Online Store\" \/>\n<meta property=\"og:description\" content=\"by Aija Jansone  \u041f\u043e\u0447\u0435\u043c\u0443 \u043c\u044b \u0432\u044b\u0431\u0440\u0430\u043b\u0438 \u044d\u0442\u0443 \u043a\u043d\u0438\u0433\u0443:  XIX \u0432\u0435\u043a \u043e\u0441\u043e\u0431\u0435\u043d\u043d\u043e \u0438\u043d\u0442\u0435\u0440\u0435\u0441\u0435\u043d \u0434\u043b\u044f \u0440\u0430\u0437\u0432\u0438\u0442\u0438\u044f \u0442\u0440\u0430\u0434\u0438\u0446\u0438\u043e\u043d\u043d\u043e\u0439 \u043b\u0430\u0442\u044b\u0448\u0441\u043a\u043e\u0439 \u043e\u0434\u0435\u0436\u0434\u044b \u2013 \u0438\u043c\u0435\u043d\u043d\u043e \u0432 \u044d\u0442\u043e \u0432\u0440\u0435\u043c\u044f \u044d\u043b\u0435\u043c\u0435\u043d\u0442\u044b \u0433\u043e\u0440\u043e\u0434\u0441\u043a\u043e\u0439 \u043c\u043e\u0434\u044b, \u0432\u043a\u043b\u044e\u0447\u0430\u044f \u0442\u043a\u0430\u043d\u0438, \u043b\u0435\u043d\u0442\u044b, \u043a\u0440\u0443\u0436\u0435\u0432\u0430 \u0444\u0430\u0431\u0440\u0438\u0447\u043d\u043e\u0433\u043e \u043f\u0440\u043e\u0438\u0437\u0432\u043e\u0434\u0441\u0442\u0432\u0430 \u0438 \u043d\u043e\u0432\u044b\u0435, \u044f\u0440\u043a\u0438\u0435 \u043a\u0440\u0430\u0441\u0438\u0442\u0435\u043b\u0438, \u0432\u0441\u0435 \u0431\u043e\u043b\u044c\u0448\u0435 \u0432\u0445\u043e\u0434\u0438\u043b\u0438 \u0432 \u043e\u0434\u0435\u0436\u0434\u0443, \u043a\u043e\u0442\u043e\u0440\u0443\u044e \u043d\u043e\u0441\u0438\u043b\u0438 \u0432 \u0434\u0435\u0440\u0435\u0432\u043d\u0435. \u042d\u0442\u0430 \u043e\u0431\u044a\u0435\u043c\u043d\u0430\u044f \u043f\u0443\u0431\u043b\u0438\u043a\u0430\u0446\u0438\u044f \u0440\u0430\u0441\u0441\u043a\u0430\u0437\u044b\u0432\u0430\u0435\u0442 \u043e \u0442\u043e\u043c, \u0447\u0442\u043e \u0443\u0434\u0430\u043b\u043e\u0441\u044c \u0443\u0437\u043d\u0430\u0442\u044c \u0432 \u0440\u0435\u0437\u0443\u043b\u044c\u0442\u0430\u0442\u0435 \u0442\u0449\u0430\u0442\u0435\u043b\u044c\u043d\u044b\u0445 \u0438\u0441\u0441\u043b\u0435\u0434\u043e\u0432\u0430\u043d\u0438\u0439 \u043e \u0436\u0435\u043d\u0441\u043a\u043e\u0439 \u0438 \u043c\u0443\u0436\u0441\u043a\u043e\u0439 \u043e\u0434\u0435\u0436\u0434\u0435, \u0430 \u0442\u0430\u043a\u0436\u0435 \u043e \u0440\u0430\u0437\u043b\u0438\u0447\u043d\u044b\u0445 \u0434\u0435\u0442\u0430\u043b\u044f\u0445 \u043d\u0430\u0440\u044f\u0434\u0430, \u043f\u043e\u0448\u0438\u0432\u0430, \u0442\u043a\u0430\u0447\u0435\u0441\u0442\u0432\u0430 \u0438 \u043a\u0440\u043e\u044f \u043e\u0434\u0435\u0436\u0434\u044b. \u0418\u043d\u0444\u043e\u0440\u043c\u0430\u0446\u0438\u044e \u0441\u043e\u043f\u0440\u043e\u0432\u043e\u0436\u0434\u0430\u0435\u0442 \u0431\u043e\u0433\u0430\u0442\u044b\u0439 \u0432\u0438\u0437\u0443\u0430\u043b\u044c\u043d\u044b\u0439 \u043c\u0430\u0442\u0435\u0440\u0438\u0430\u043b. \u041a\u043d\u0438\u0433\u0430 \u0434\u043b\u044f \u0432\u0441\u0435\u0445, \u043a\u0442\u043e \u0438\u043d\u0442\u0435\u0440\u0435\u0441\u0443\u0435\u0442\u0441\u044f \u0438\u0441\u0442\u043e\u0440\u0438\u0435\u0439 \u043e\u0434\u0435\u0436\u0434\u044b \u0432 \u041b\u0430\u0442\u0432\u0438\u0438!\" \/>\n<meta property=\"og:url\" content=\"https:\/\/fashionmuseum.shop\/ru\/product\/apgerba-attistiba-zemgale-19-gadsimta-2016\/\" \/>\n<meta property=\"og:site_name\" content=\"Fashion Museum Riga Online Store\" \/>\n<meta property=\"article:modified_time\" content=\"2022-11-18T10:14:18+00:00\" \/>\n<meta property=\"og:image\" content=\"https:\/\/fashionmuseum.shop\/wp-content\/uploads\/2022\/11\/Zemgale_cover.jpg\" \/>\n\t<meta property=\"og:image:width\" content=\"1800\" \/>\n\t<meta property=\"og:image:height\" content=\"1440\" \/>\n\t<meta property=\"og:image:type\" content=\"image\/jpeg\" \/>\n<meta name=\"twitter:card\" content=\"summary_large_image\" \/>\n<meta name=\"twitter:label1\" content=\"\u041f\u0440\u0438\u043c\u0435\u0440\u043d\u043e\u0435 \u0432\u0440\u0435\u043c\u044f \u0434\u043b\u044f \u0447\u0442\u0435\u043d\u0438\u044f\" \/>\n\t<meta name=\"twitter:data1\" content=\"2 \u043c\u0438\u043d\u0443\u0442\u044b\" \/>\n<script type=\"application\/ld+json\" class=\"yoast-schema-graph\">{\"@context\":\"https:\\\/\\\/schema.org\",\"@graph\":[{\"@type\":\"WebPage\",\"@id\":\"https:\\\/\\\/fashionmuseum.shop\\\/ru\\\/product\\\/apgerba-attistiba-zemgale-19-gadsimta-2016\\\/\",\"url\":\"https:\\\/\\\/fashionmuseum.shop\\\/ru\\\/product\\\/apgerba-attistiba-zemgale-19-gadsimta-2016\\\/\",\"name\":\"Ap\u0123\u0113rba att\u012bst\u012bba Zemgal\u0113 19.gadsimt\u0101, 2016 - Fashion Museum Riga Online Store\",\"isPartOf\":{\"@id\":\"https:\\\/\\\/fashionmuseum.shop\\\/ru\\\/#website\"},\"primaryImageOfPage\":{\"@id\":\"https:\\\/\\\/fashionmuseum.shop\\\/ru\\\/product\\\/apgerba-attistiba-zemgale-19-gadsimta-2016\\\/#primaryimage\"},\"image\":{\"@id\":\"https:\\\/\\\/fashionmuseum.shop\\\/ru\\\/product\\\/apgerba-attistiba-zemgale-19-gadsimta-2016\\\/#primaryimage\"},\"thumbnailUrl\":\"https:\\\/\\\/i0.wp.com\\\/fashionmuseum.shop\\\/wp-content\\\/uploads\\\/2022\\\/11\\\/Zemgale_cover.jpg?fit=1800%2C1440&ssl=1\",\"datePublished\":\"2022-11-18T09:25:46+00:00\",\"dateModified\":\"2022-11-18T10:14:18+00:00\",\"breadcrumb\":{\"@id\":\"https:\\\/\\\/fashionmuseum.shop\\\/ru\\\/product\\\/apgerba-attistiba-zemgale-19-gadsimta-2016\\\/#breadcrumb\"},\"inLanguage\":\"ru-RU\",\"potentialAction\":[{\"@type\":\"ReadAction\",\"target\":[\"https:\\\/\\\/fashionmuseum.shop\\\/ru\\\/product\\\/apgerba-attistiba-zemgale-19-gadsimta-2016\\\/\"]}]},{\"@type\":\"ImageObject\",\"inLanguage\":\"ru-RU\",\"@id\":\"https:\\\/\\\/fashionmuseum.shop\\\/ru\\\/product\\\/apgerba-attistiba-zemgale-19-gadsimta-2016\\\/#primaryimage\",\"url\":\"https:\\\/\\\/i0.wp.com\\\/fashionmuseum.shop\\\/wp-content\\\/uploads\\\/2022\\\/11\\\/Zemgale_cover.jpg?fit=1800%2C1440&ssl=1\",\"contentUrl\":\"https:\\\/\\\/i0.wp.com\\\/fashionmuseum.shop\\\/wp-content\\\/uploads\\\/2022\\\/11\\\/Zemgale_cover.jpg?fit=1800%2C1440&ssl=1\",\"width\":1800,\"height\":1440,\"caption\":\"SONY DSC\"},{\"@type\":\"BreadcrumbList\",\"@id\":\"https:\\\/\\\/fashionmuseum.shop\\\/ru\\\/product\\\/apgerba-attistiba-zemgale-19-gadsimta-2016\\\/#breadcrumb\",\"itemListElement\":[{\"@type\":\"ListItem\",\"position\":1,\"name\":\"Home\",\"item\":\"https:\\\/\\\/fashionmuseum.shop\\\/ru\\\/\"},{\"@type\":\"ListItem\",\"position\":2,\"name\":\"\u0422\u043e\u0432\u0430\u0440\u044b\",\"item\":\"https:\\\/\\\/fashionmuseum.shop\\\/ru\\\/shop\\\/\"},{\"@type\":\"ListItem\",\"position\":3,\"name\":\"Ap\u0123\u0113rba att\u012bst\u012bba Zemgal\u0113 19.gadsimt\u0101, 2016\"}]},{\"@type\":\"WebSite\",\"@id\":\"https:\\\/\\\/fashionmuseum.shop\\\/ru\\\/#website\",\"url\":\"https:\\\/\\\/fashionmuseum.shop\\\/ru\\\/\",\"name\":\"Fashion Museum Online Store\",\"description\":\"Fashion Museum Riga Online Store provides a wide selection of books about fashion and fashion history.\",\"publisher\":{\"@id\":\"https:\\\/\\\/fashionmuseum.shop\\\/ru\\\/#organization\"},\"potentialAction\":[{\"@type\":\"SearchAction\",\"target\":{\"@type\":\"EntryPoint\",\"urlTemplate\":\"https:\\\/\\\/fashionmuseum.shop\\\/ru\\\/?s={search_term_string}\"},\"query-input\":{\"@type\":\"PropertyValueSpecification\",\"valueRequired\":true,\"valueName\":\"search_term_string\"}}],\"inLanguage\":\"ru-RU\"},{\"@type\":\"Organization\",\"@id\":\"https:\\\/\\\/fashionmuseum.shop\\\/ru\\\/#organization\",\"name\":\"Modes muzejs\",\"url\":\"https:\\\/\\\/fashionmuseum.shop\\\/ru\\\/\",\"logo\":{\"@type\":\"ImageObject\",\"inLanguage\":\"ru-RU\",\"@id\":\"https:\\\/\\\/fashionmuseum.shop\\\/ru\\\/#\\\/schema\\\/logo\\\/image\\\/\",\"url\":\"https:\\\/\\\/i1.wp.com\\\/fashionmuseum.shop\\\/wp-content\\\/uploads\\\/2020\\\/04\\\/apple-touch-icon.png?fit=180%2C180&ssl=1\",\"contentUrl\":\"https:\\\/\\\/i1.wp.com\\\/fashionmuseum.shop\\\/wp-content\\\/uploads\\\/2020\\\/04\\\/apple-touch-icon.png?fit=180%2C180&ssl=1\",\"width\":180,\"height\":180,\"caption\":\"Modes muzejs\"},\"image\":{\"@id\":\"https:\\\/\\\/fashionmuseum.shop\\\/ru\\\/#\\\/schema\\\/logo\\\/image\\\/\"}}]}<\/script>\n<!-- \/ Yoast SEO plugin. -->","yoast_head_json":{"title":"Ap\u0123\u0113rba att\u012bst\u012bba Zemgal\u0113 19.gadsimt\u0101, 2016 - Fashion Museum Riga Online Store","robots":{"index":"index","follow":"follow","max-snippet":"max-snippet:-1","max-image-preview":"max-image-preview:large","max-video-preview":"max-video-preview:-1"},"canonical":"https:\/\/fashionmuseum.shop\/ru\/product\/apgerba-attistiba-zemgale-19-gadsimta-2016\/","og_locale":"ru_RU","og_type":"article","og_title":"Ap\u0123\u0113rba att\u012bst\u012bba Zemgal\u0113 19.gadsimt\u0101, 2016 - Fashion Museum Riga Online Store","og_description":"by Aija Jansone  \u041f\u043e\u0447\u0435\u043c\u0443 \u043c\u044b \u0432\u044b\u0431\u0440\u0430\u043b\u0438 \u044d\u0442\u0443 \u043a\u043d\u0438\u0433\u0443:  XIX \u0432\u0435\u043a \u043e\u0441\u043e\u0431\u0435\u043d\u043d\u043e \u0438\u043d\u0442\u0435\u0440\u0435\u0441\u0435\u043d \u0434\u043b\u044f \u0440\u0430\u0437\u0432\u0438\u0442\u0438\u044f \u0442\u0440\u0430\u0434\u0438\u0446\u0438\u043e\u043d\u043d\u043e\u0439 \u043b\u0430\u0442\u044b\u0448\u0441\u043a\u043e\u0439 \u043e\u0434\u0435\u0436\u0434\u044b \u2013 \u0438\u043c\u0435\u043d\u043d\u043e \u0432 \u044d\u0442\u043e \u0432\u0440\u0435\u043c\u044f \u044d\u043b\u0435\u043c\u0435\u043d\u0442\u044b \u0433\u043e\u0440\u043e\u0434\u0441\u043a\u043e\u0439 \u043c\u043e\u0434\u044b, \u0432\u043a\u043b\u044e\u0447\u0430\u044f \u0442\u043a\u0430\u043d\u0438, \u043b\u0435\u043d\u0442\u044b, \u043a\u0440\u0443\u0436\u0435\u0432\u0430 \u0444\u0430\u0431\u0440\u0438\u0447\u043d\u043e\u0433\u043e \u043f\u0440\u043e\u0438\u0437\u0432\u043e\u0434\u0441\u0442\u0432\u0430 \u0438 \u043d\u043e\u0432\u044b\u0435, \u044f\u0440\u043a\u0438\u0435 \u043a\u0440\u0430\u0441\u0438\u0442\u0435\u043b\u0438, \u0432\u0441\u0435 \u0431\u043e\u043b\u044c\u0448\u0435 \u0432\u0445\u043e\u0434\u0438\u043b\u0438 \u0432 \u043e\u0434\u0435\u0436\u0434\u0443, \u043a\u043e\u0442\u043e\u0440\u0443\u044e \u043d\u043e\u0441\u0438\u043b\u0438 \u0432 \u0434\u0435\u0440\u0435\u0432\u043d\u0435. \u042d\u0442\u0430 \u043e\u0431\u044a\u0435\u043c\u043d\u0430\u044f \u043f\u0443\u0431\u043b\u0438\u043a\u0430\u0446\u0438\u044f \u0440\u0430\u0441\u0441\u043a\u0430\u0437\u044b\u0432\u0430\u0435\u0442 \u043e \u0442\u043e\u043c, \u0447\u0442\u043e \u0443\u0434\u0430\u043b\u043e\u0441\u044c \u0443\u0437\u043d\u0430\u0442\u044c \u0432 \u0440\u0435\u0437\u0443\u043b\u044c\u0442\u0430\u0442\u0435 \u0442\u0449\u0430\u0442\u0435\u043b\u044c\u043d\u044b\u0445 \u0438\u0441\u0441\u043b\u0435\u0434\u043e\u0432\u0430\u043d\u0438\u0439 \u043e \u0436\u0435\u043d\u0441\u043a\u043e\u0439 \u0438 \u043c\u0443\u0436\u0441\u043a\u043e\u0439 \u043e\u0434\u0435\u0436\u0434\u0435, \u0430 \u0442\u0430\u043a\u0436\u0435 \u043e \u0440\u0430\u0437\u043b\u0438\u0447\u043d\u044b\u0445 \u0434\u0435\u0442\u0430\u043b\u044f\u0445 \u043d\u0430\u0440\u044f\u0434\u0430, \u043f\u043e\u0448\u0438\u0432\u0430, \u0442\u043a\u0430\u0447\u0435\u0441\u0442\u0432\u0430 \u0438 \u043a\u0440\u043e\u044f \u043e\u0434\u0435\u0436\u0434\u044b. \u0418\u043d\u0444\u043e\u0440\u043c\u0430\u0446\u0438\u044e \u0441\u043e\u043f\u0440\u043e\u0432\u043e\u0436\u0434\u0430\u0435\u0442 \u0431\u043e\u0433\u0430\u0442\u044b\u0439 \u0432\u0438\u0437\u0443\u0430\u043b\u044c\u043d\u044b\u0439 \u043c\u0430\u0442\u0435\u0440\u0438\u0430\u043b. \u041a\u043d\u0438\u0433\u0430 \u0434\u043b\u044f \u0432\u0441\u0435\u0445, \u043a\u0442\u043e \u0438\u043d\u0442\u0435\u0440\u0435\u0441\u0443\u0435\u0442\u0441\u044f \u0438\u0441\u0442\u043e\u0440\u0438\u0435\u0439 \u043e\u0434\u0435\u0436\u0434\u044b \u0432 \u041b\u0430\u0442\u0432\u0438\u0438!","og_url":"https:\/\/fashionmuseum.shop\/ru\/product\/apgerba-attistiba-zemgale-19-gadsimta-2016\/","og_site_name":"Fashion Museum Riga Online Store","article_modified_time":"2022-11-18T10:14:18+00:00","og_image":[{"width":1800,"height":1440,"url":"https:\/\/fashionmuseum.shop\/wp-content\/uploads\/2022\/11\/Zemgale_cover.jpg","type":"image\/jpeg"}],"twitter_card":"summary_large_image","twitter_misc":{"\u041f\u0440\u0438\u043c\u0435\u0440\u043d\u043e\u0435 \u0432\u0440\u0435\u043c\u044f \u0434\u043b\u044f \u0447\u0442\u0435\u043d\u0438\u044f":"2 \u043c\u0438\u043d\u0443\u0442\u044b"},"schema":{"@context":"https:\/\/schema.org","@graph":[{"@type":"WebPage","@id":"https:\/\/fashionmuseum.shop\/ru\/product\/apgerba-attistiba-zemgale-19-gadsimta-2016\/","url":"https:\/\/fashionmuseum.shop\/ru\/product\/apgerba-attistiba-zemgale-19-gadsimta-2016\/","name":"Ap\u0123\u0113rba att\u012bst\u012bba Zemgal\u0113 19.gadsimt\u0101, 2016 - Fashion Museum Riga Online Store","isPartOf":{"@id":"https:\/\/fashionmuseum.shop\/ru\/#website"},"primaryImageOfPage":{"@id":"https:\/\/fashionmuseum.shop\/ru\/product\/apgerba-attistiba-zemgale-19-gadsimta-2016\/#primaryimage"},"image":{"@id":"https:\/\/fashionmuseum.shop\/ru\/product\/apgerba-attistiba-zemgale-19-gadsimta-2016\/#primaryimage"},"thumbnailUrl":"https:\/\/i0.wp.com\/fashionmuseum.shop\/wp-content\/uploads\/2022\/11\/Zemgale_cover.jpg?fit=1800%2C1440&ssl=1","datePublished":"2022-11-18T09:25:46+00:00","dateModified":"2022-11-18T10:14:18+00:00","breadcrumb":{"@id":"https:\/\/fashionmuseum.shop\/ru\/product\/apgerba-attistiba-zemgale-19-gadsimta-2016\/#breadcrumb"},"inLanguage":"ru-RU","potentialAction":[{"@type":"ReadAction","target":["https:\/\/fashionmuseum.shop\/ru\/product\/apgerba-attistiba-zemgale-19-gadsimta-2016\/"]}]},{"@type":"ImageObject","inLanguage":"ru-RU","@id":"https:\/\/fashionmuseum.shop\/ru\/product\/apgerba-attistiba-zemgale-19-gadsimta-2016\/#primaryimage","url":"https:\/\/i0.wp.com\/fashionmuseum.shop\/wp-content\/uploads\/2022\/11\/Zemgale_cover.jpg?fit=1800%2C1440&ssl=1","contentUrl":"https:\/\/i0.wp.com\/fashionmuseum.shop\/wp-content\/uploads\/2022\/11\/Zemgale_cover.jpg?fit=1800%2C1440&ssl=1","width":1800,"height":1440,"caption":"SONY DSC"},{"@type":"BreadcrumbList","@id":"https:\/\/fashionmuseum.shop\/ru\/product\/apgerba-attistiba-zemgale-19-gadsimta-2016\/#breadcrumb","itemListElement":[{"@type":"ListItem","position":1,"name":"Home","item":"https:\/\/fashionmuseum.shop\/ru\/"},{"@type":"ListItem","position":2,"name":"\u0422\u043e\u0432\u0430\u0440\u044b","item":"https:\/\/fashionmuseum.shop\/ru\/shop\/"},{"@type":"ListItem","position":3,"name":"Ap\u0123\u0113rba att\u012bst\u012bba Zemgal\u0113 19.gadsimt\u0101, 2016"}]},{"@type":"WebSite","@id":"https:\/\/fashionmuseum.shop\/ru\/#website","url":"https:\/\/fashionmuseum.shop\/ru\/","name":"Fashion Museum Online Store","description":"Fashion Museum Riga Online Store provides a wide selection of books about fashion and fashion history.","publisher":{"@id":"https:\/\/fashionmuseum.shop\/ru\/#organization"},"potentialAction":[{"@type":"SearchAction","target":{"@type":"EntryPoint","urlTemplate":"https:\/\/fashionmuseum.shop\/ru\/?s={search_term_string}"},"query-input":{"@type":"PropertyValueSpecification","valueRequired":true,"valueName":"search_term_string"}}],"inLanguage":"ru-RU"},{"@type":"Organization","@id":"https:\/\/fashionmuseum.shop\/ru\/#organization","name":"Modes muzejs","url":"https:\/\/fashionmuseum.shop\/ru\/","logo":{"@type":"ImageObject","inLanguage":"ru-RU","@id":"https:\/\/fashionmuseum.shop\/ru\/#\/schema\/logo\/image\/","url":"https:\/\/i1.wp.com\/fashionmuseum.shop\/wp-content\/uploads\/2020\/04\/apple-touch-icon.png?fit=180%2C180&ssl=1","contentUrl":"https:\/\/i1.wp.com\/fashionmuseum.shop\/wp-content\/uploads\/2020\/04\/apple-touch-icon.png?fit=180%2C180&ssl=1","width":180,"height":180,"caption":"Modes muzejs"},"image":{"@id":"https:\/\/fashionmuseum.shop\/ru\/#\/schema\/logo\/image\/"}}]}},"jetpack_publicize_connections":[],"jetpack_likes_enabled":false,"jetpack_sharing_enabled":true,"amp_enabled":true,"_links":{"self":[{"href":"https:\/\/fashionmuseum.shop\/ru\/wp-json\/wp\/v2\/product\/13398","targetHints":{"allow":["GET"]}}],"collection":[{"href":"https:\/\/fashionmuseum.shop\/ru\/wp-json\/wp\/v2\/product"}],"about":[{"href":"https:\/\/fashionmuseum.shop\/ru\/wp-json\/wp\/v2\/types\/product"}],"wp:featuredmedia":[{"embeddable":true,"href":"https:\/\/fashionmuseum.shop\/ru\/wp-json\/wp\/v2\/media\/13402"}],"wp:attachment":[{"href":"https:\/\/fashionmuseum.shop\/ru\/wp-json\/wp\/v2\/media?parent=13398"}],"wp:term":[{"taxonomy":"product_brand","embeddable":true,"href":"https:\/\/fashionmuseum.shop\/ru\/wp-json\/wp\/v2\/product_brand?post=13398"},{"taxonomy":"product_cat","embeddable":true,"href":"https:\/\/fashionmuseum.shop\/ru\/wp-json\/wp\/v2\/product_cat?post=13398"},{"taxonomy":"product_tag","embeddable":true,"href":"https:\/\/fashionmuseum.shop\/ru\/wp-json\/wp\/v2\/product_tag?post=13398"}],"curies":[{"name":"wp","href":"https:\/\/api.w.org\/{rel}","templated":true}]}}